{"id":49861,"date":"2021-06-07T15:32:38","date_gmt":"2021-06-07T13:32:38","guid":{"rendered":"https:\/\/bien-etreiris.ch\/?page_id=49861"},"modified":"2021-06-07T15:44:59","modified_gmt":"2021-06-07T13:44:59","slug":"schwarze-knoblauchpaste","status":"publish","type":"page","link":"https:\/\/bien-etreiris.ch\/de\/produktpraesentation\/gesundes-leben\/gesunde-lebensmittel\/superfoods\/pasten-und-puerees\/schwarze-knoblauchpaste\/","title":{"rendered":"KNOBLAUCHPASTE"},"content":{"rendered":"\n<h2 class=\"page-title\"><span class=\"base\" data-ui-id=\"page-title-wrapper\">Schwarze Knoblauchpaste \/ Fermentiertes Knoblauchp\u00fcree 100g, bio<\/span><\/h2>\n<h2 class=\"page-title\"><span class=\"base\" data-ui-id=\"page-title-wrapper\">&nbsp;<\/span><\/h2>\n<p><a href=\"https:\/\/bien-etreiris.ch\/wp-content\/uploads\/2021\/04\/Pate-Ail-noir-scaled.jpg\"><img loading=\"lazy\" decoding=\"async\" class=\"size-medium wp-image-42957 alignleft\" src=\"https:\/\/bien-etreiris.ch\/wp-content\/uploads\/2021\/04\/Pate-Ail-noir-300x272.jpg\" alt=\"\" width=\"300\" height=\"272\" srcset=\"https:\/\/bien-etreiris.ch\/wp-content\/uploads\/2021\/04\/Pate-Ail-noir-300x272.jpg 300w, https:\/\/bien-etreiris.ch\/wp-content\/uploads\/2021\/04\/Pate-Ail-noir-1024x928.jpg 1024w, https:\/\/bien-etreiris.ch\/wp-content\/uploads\/2021\/04\/Pate-Ail-noir-768x696.jpg 768w, https:\/\/bien-etreiris.ch\/wp-content\/uploads\/2021\/04\/Pate-Ail-noir-1536x1392.jpg 1536w, https:\/\/bien-etreiris.ch\/wp-content\/uploads\/2021\/04\/Pate-Ail-noir-2048x1856.jpg 2048w\" sizes=\"auto, (max-width: 300px) 100vw, 300px\" \/><\/a><\/p>\n<p>&nbsp;<\/p>\n<p>&nbsp;<\/p>\n<ul style=\"list-style-type: disc;\">\n<li>Fermentierter Knoblauch als Paste<\/li>\n<li>Verleiht Ihren Gerichten einen s\u00fcssen und intensiven Geschmack<\/li>\n<li>Ein vielseitiges Gew\u00fcrz f\u00fcr sowohl herzhafte als auch s\u00fcsse Gerichte<\/li>\n<li>100% bio und frei von Zus\u00e4tzen<\/li>\n<li>Sparsam im Verbrauch und sehr lange haltbar<\/li>\n<\/ul>\n<p class=\"page-title\"><span class=\"base\" data-ui-id=\"page-title-wrapper\">100g, bio <strong>CHF 10.50<\/strong><br><\/span><\/p>\n<p>&nbsp;<\/p>\n<p>&nbsp;<\/p>\n<div id=\"tab-label-product.info.description\" class=\"data item title\" tabindex=\"0\" role=\"tab\" aria-labeledby=\"tab-label-product.info.description-title\" data-role=\"collapsible\" data-collapsible=\"true\" aria-selected=\"false\" aria-expanded=\"false\">&nbsp;<\/div>\n<div tabindex=\"0\" role=\"tab\" aria-labeledby=\"tab-label-product.info.description-title\" data-role=\"collapsible\" data-collapsible=\"true\" aria-selected=\"false\" aria-expanded=\"false\">&nbsp;<\/div>\n<div tabindex=\"0\" role=\"tab\" aria-labeledby=\"tab-label-product.info.description-title\" data-role=\"collapsible\" data-collapsible=\"true\" aria-selected=\"false\" aria-expanded=\"false\">&nbsp;<\/div>\n<div id=\"product.info.description\" class=\"data item content\">\n<div class=\"product attribute description\">\n<div class=\"value\">\n<h4 id=\"tab-label-product.info.description\" class=\"data item title\" tabindex=\"0\" role=\"tab\" aria-labeledby=\"tab-label-product.info.description-title\" data-role=\"collapsible\" data-collapsible=\"true\" aria-selected=\"false\" aria-expanded=\"false\">Produktbeschreibung<\/h4>\n<div id=\"product.info.description\" class=\"data item content\">\n<div class=\"product attribute description\">\n<div class=\"value\">\n<h4>Schwarze Knoblauchpaste von Amanprana verleiht Ihren Gerichten einen s\u00fc\u00dfen und intensiven Geschmack.<\/h4>\n<p>Schwarzer Knoblauch ist fermentierter Knoblauch <em>(Allium Sativum)<\/em>, auch aged garlic, aged garlic extract oder black garlic genannt. Schwarzer Knoblauch ist ein besonderes Gew\u00fcrz, die Ihren Gerichten einen s\u00fc\u00dfen und intensiven Geschmack verleiht. Zugleich&nbsp;hat er keinen Knoblauchgeruch mehr und auch nicht mehr den scharfen Geschmack des frischen Knoblauchs.<\/p>\n<h4>Fermentierter Knoblauch ist beinahe doppelt so gesund wie wei\u00dfer Knoblauch.<\/h4>\n<p>Fermentierter Knoblauch wird im Vergleich zu wei\u00dfem Knoblauch leichter vom K\u00f6rper verdaut und aufgenommen. Dies ist auf das wasserl\u00f6sliche Antioxidans S-Allycystein zur\u00fcckzuf\u00fchren. Schwarzer Knoblauch enth\u00e4lt fast doppelt so viele Antioxidantien wie wei\u00dfer Knoblauch: 198 Einheiten pro Gramm in schwarzem Knoblauch und 119 Einheiten pro Gramm in wei\u00dfem Knoblauch.<\/p>\n<h4>Schwarzes Knoblauch-P\u00fcree: eine vielseitige Delikatesse<\/h4>\n<p>Schwarze Knoblauchpaste ist eine fantastische Basis, um z.B. Currys zu w\u00fcrzen. Zudem ist die Paste als Gew\u00fcrz f\u00fcr zahlreiche Gerichte geeignet. Dank seines s\u00fc\u00dfen Geschmacks verleiht er Kuchen, Torten, usw. eine herrliche s\u00fc\u00dfe Note, so dass auch Kinder die Schwarze Knoblauchpaste m\u00f6gen werden!<\/p>\n<\/div>\n<\/div>\n<\/div>\n<\/div>\n<\/div>\n<\/div>\n","protected":false},"excerpt":{"rendered":"<p>Schwarze Knoblauchpaste \/ Fermentiertes Knoblauchp\u00fcree 100g, bio &nbsp; &nbsp; &nbsp; Fermentierter Knoblauch als Paste Verleiht Ihren Gerichten einen s\u00fcssen und intensiven Geschmack Ein vielseitiges Gew\u00fcrz f\u00fcr sowohl herzhafte als auch s\u00fcsse Gerichte 100% bio und frei von Zus\u00e4tzen Sparsam im Verbrauch und sehr lange haltbar 100g, bio CHF 10.50 &nbsp; &nbsp; &nbsp; &nbsp; &nbsp; Produktbeschreibung Schwarze Knoblauchpaste von Amanprana verleiht&nbsp;<a href=\"https:\/\/bien-etreiris.ch\/de\/produktpraesentation\/gesundes-leben\/gesunde-lebensmittel\/superfoods\/pasten-und-puerees\/schwarze-knoblauchpaste\/\" class=\"read-more\">Weiter lesen<\/a><\/p>\n","protected":false},"author":1,"featured_media":49864,"parent":46680,"menu_order":5269,"comment_status":"closed","ping_status":"closed","template":"page-with-child.php","meta":{"_acf_changed":false,"ngg_post_thumbnail":0,"footnotes":""},"class_list":["post-49861","page","type-page","status-publish","has-post-thumbnail","hentry"],"acf":[],"yoast_head":"<!-- This site is optimized with the Yoast SEO plugin v27.5 - https:\/\/yoast.com\/product\/yoast-seo-wordpress\/ -->\n<title>KNOBLAUCHPASTE - WOHLBEFINDEN<\/title>\n<meta name=\"robots\" content=\"index, follow, max-snippet:-1, max-image-preview:large, max-video-preview:-1\" \/>\n<link rel=\"canonical\" href=\"https:\/\/bien-etreiris.ch\/de\/produktpraesentation\/gesundes-leben\/gesunde-lebensmittel\/superfoods\/pasten-und-puerees\/schwarze-knoblauchpaste\/\" \/>\n<meta property=\"og:locale\" content=\"de_DE\" \/>\n<meta property=\"og:type\" content=\"article\" \/>\n<meta property=\"og:title\" content=\"KNOBLAUCHPASTE - WOHLBEFINDEN\" \/>\n<meta property=\"og:description\" content=\"Schwarze Knoblauchpaste \/ Fermentiertes Knoblauchp\u00fcree 100g, bio &nbsp; &nbsp; &nbsp; Fermentierter Knoblauch als Paste Verleiht Ihren Gerichten einen s\u00fcssen und intensiven Geschmack Ein vielseitiges Gew\u00fcrz f\u00fcr sowohl herzhafte als auch s\u00fcsse Gerichte 100% bio und frei von Zus\u00e4tzen Sparsam im Verbrauch und sehr lange haltbar 100g, bio CHF 10.50 &nbsp; &nbsp; &nbsp; &nbsp; &nbsp; Produktbeschreibung Schwarze Knoblauchpaste von Amanprana verleiht&nbsp;Weiter lesen\" \/>\n<meta property=\"og:url\" content=\"https:\/\/bien-etreiris.ch\/de\/produktpraesentation\/gesundes-leben\/gesunde-lebensmittel\/superfoods\/pasten-und-puerees\/schwarze-knoblauchpaste\/\" \/>\n<meta property=\"og:site_name\" content=\"WOHLBEFINDEN\" \/>\n<meta property=\"article:publisher\" content=\"https:\/\/www.facebook.com\/bienetreiris\/\" \/>\n<meta property=\"article:modified_time\" content=\"2021-06-07T13:44:59+00:00\" \/>\n<meta property=\"og:image\" content=\"https:\/\/bien-etreiris.ch\/wp-content\/uploads\/2021\/06\/Nouveaute-ail-noir.jpg\" \/>\n\t<meta property=\"og:image:width\" content=\"500\" \/>\n\t<meta property=\"og:image:height\" content=\"333\" \/>\n\t<meta property=\"og:image:type\" content=\"image\/jpeg\" \/>\n<meta name=\"twitter:label1\" content=\"Gesch\u00e4tzte Lesezeit\" \/>\n\t<meta name=\"twitter:data1\" content=\"2\u00a0Minuten\" \/>\n<script type=\"application\/ld+json\" class=\"yoast-schema-graph\">{\"@context\":\"https:\\\/\\\/schema.org\",\"@graph\":[{\"@type\":\"WebPage\",\"@id\":\"https:\\\/\\\/bien-etreiris.ch\\\/de\\\/produktpraesentation\\\/gesundes-leben\\\/gesunde-lebensmittel\\\/superfoods\\\/pasten-und-puerees\\\/schwarze-knoblauchpaste\\\/\",\"url\":\"https:\\\/\\\/bien-etreiris.ch\\\/de\\\/produktpraesentation\\\/gesundes-leben\\\/gesunde-lebensmittel\\\/superfoods\\\/pasten-und-puerees\\\/schwarze-knoblauchpaste\\\/\",\"name\":\"KNOBLAUCHPASTE - WOHLBEFINDEN\",\"isPartOf\":{\"@id\":\"https:\\\/\\\/bien-etreiris.ch\\\/de\\\/#website\"},\"primaryImageOfPage\":{\"@id\":\"https:\\\/\\\/bien-etreiris.ch\\\/de\\\/produktpraesentation\\\/gesundes-leben\\\/gesunde-lebensmittel\\\/superfoods\\\/pasten-und-puerees\\\/schwarze-knoblauchpaste\\\/#primaryimage\"},\"image\":{\"@id\":\"https:\\\/\\\/bien-etreiris.ch\\\/de\\\/produktpraesentation\\\/gesundes-leben\\\/gesunde-lebensmittel\\\/superfoods\\\/pasten-und-puerees\\\/schwarze-knoblauchpaste\\\/#primaryimage\"},\"thumbnailUrl\":\"https:\\\/\\\/bien-etreiris.ch\\\/wp-content\\\/uploads\\\/2021\\\/06\\\/Nouveaute-ail-noir.jpg\",\"datePublished\":\"2021-06-07T13:32:38+00:00\",\"dateModified\":\"2021-06-07T13:44:59+00:00\",\"breadcrumb\":{\"@id\":\"https:\\\/\\\/bien-etreiris.ch\\\/de\\\/produktpraesentation\\\/gesundes-leben\\\/gesunde-lebensmittel\\\/superfoods\\\/pasten-und-puerees\\\/schwarze-knoblauchpaste\\\/#breadcrumb\"},\"inLanguage\":\"de\",\"potentialAction\":[{\"@type\":\"ReadAction\",\"target\":[\"https:\\\/\\\/bien-etreiris.ch\\\/de\\\/produktpraesentation\\\/gesundes-leben\\\/gesunde-lebensmittel\\\/superfoods\\\/pasten-und-puerees\\\/schwarze-knoblauchpaste\\\/\"]}]},{\"@type\":\"ImageObject\",\"inLanguage\":\"de\",\"@id\":\"https:\\\/\\\/bien-etreiris.ch\\\/de\\\/produktpraesentation\\\/gesundes-leben\\\/gesunde-lebensmittel\\\/superfoods\\\/pasten-und-puerees\\\/schwarze-knoblauchpaste\\\/#primaryimage\",\"url\":\"https:\\\/\\\/bien-etreiris.ch\\\/wp-content\\\/uploads\\\/2021\\\/06\\\/Nouveaute-ail-noir.jpg\",\"contentUrl\":\"https:\\\/\\\/bien-etreiris.ch\\\/wp-content\\\/uploads\\\/2021\\\/06\\\/Nouveaute-ail-noir.jpg\",\"width\":500,\"height\":333},{\"@type\":\"BreadcrumbList\",\"@id\":\"https:\\\/\\\/bien-etreiris.ch\\\/de\\\/produktpraesentation\\\/gesundes-leben\\\/gesunde-lebensmittel\\\/superfoods\\\/pasten-und-puerees\\\/schwarze-knoblauchpaste\\\/#breadcrumb\",\"itemListElement\":[{\"@type\":\"ListItem\",\"position\":1,\"name\":\"Home\",\"item\":\"https:\\\/\\\/bien-etreiris.ch\\\/de\\\/\"},{\"@type\":\"ListItem\",\"position\":2,\"name\":\"PRODUKTPR\u00c4SENTATION\",\"item\":\"https:\\\/\\\/bien-etreiris.ch\\\/de\\\/produktpraesentation\\\/\"},{\"@type\":\"ListItem\",\"position\":3,\"name\":\"GESUNDES LEBEN\",\"item\":\"https:\\\/\\\/bien-etreiris.ch\\\/de\\\/produktpraesentation\\\/gesundes-leben\\\/\"},{\"@type\":\"ListItem\",\"position\":4,\"name\":\"GESUNDE LEBENSMITTEL\",\"item\":\"https:\\\/\\\/bien-etreiris.ch\\\/de\\\/produktpraesentation\\\/gesundes-leben\\\/gesunde-lebensmittel\\\/\"},{\"@type\":\"ListItem\",\"position\":5,\"name\":\"SUPERFOODS\",\"item\":\"https:\\\/\\\/bien-etreiris.ch\\\/de\\\/produktpraesentation\\\/gesundes-leben\\\/gesunde-lebensmittel\\\/superfoods\\\/\"},{\"@type\":\"ListItem\",\"position\":6,\"name\":\"PASTEN &#038; P\u00dcREES\",\"item\":\"https:\\\/\\\/bien-etreiris.ch\\\/de\\\/produktpraesentation\\\/gesundes-leben\\\/gesunde-lebensmittel\\\/superfoods\\\/pasten-und-puerees\\\/\"},{\"@type\":\"ListItem\",\"position\":7,\"name\":\"KNOBLAUCHPASTE\"}]},{\"@type\":\"WebSite\",\"@id\":\"https:\\\/\\\/bien-etreiris.ch\\\/de\\\/#website\",\"url\":\"https:\\\/\\\/bien-etreiris.ch\\\/de\\\/\",\"name\":\"Bien-\u00eatre Iris\",\"description\":\"IHRE Gesundheit ist uns wichtig\",\"potentialAction\":[{\"@type\":\"SearchAction\",\"target\":{\"@type\":\"EntryPoint\",\"urlTemplate\":\"https:\\\/\\\/bien-etreiris.ch\\\/de\\\/?s={search_term_string}\"},\"query-input\":{\"@type\":\"PropertyValueSpecification\",\"valueRequired\":true,\"valueName\":\"search_term_string\"}}],\"inLanguage\":\"de\"}]}<\/script>\n<!-- \/ Yoast SEO plugin. -->","yoast_head_json":{"title":"KNOBLAUCHPASTE - WOHLBEFINDEN","robots":{"index":"index","follow":"follow","max-snippet":"max-snippet:-1","max-image-preview":"max-image-preview:large","max-video-preview":"max-video-preview:-1"},"canonical":"https:\/\/bien-etreiris.ch\/de\/produktpraesentation\/gesundes-leben\/gesunde-lebensmittel\/superfoods\/pasten-und-puerees\/schwarze-knoblauchpaste\/","og_locale":"de_DE","og_type":"article","og_title":"KNOBLAUCHPASTE - WOHLBEFINDEN","og_description":"Schwarze Knoblauchpaste \/ Fermentiertes Knoblauchp\u00fcree 100g, bio &nbsp; &nbsp; &nbsp; Fermentierter Knoblauch als Paste Verleiht Ihren Gerichten einen s\u00fcssen und intensiven Geschmack Ein vielseitiges Gew\u00fcrz f\u00fcr sowohl herzhafte als auch s\u00fcsse Gerichte 100% bio und frei von Zus\u00e4tzen Sparsam im Verbrauch und sehr lange haltbar 100g, bio CHF 10.50 &nbsp; &nbsp; &nbsp; &nbsp; &nbsp; Produktbeschreibung Schwarze Knoblauchpaste von Amanprana verleiht&nbsp;Weiter lesen","og_url":"https:\/\/bien-etreiris.ch\/de\/produktpraesentation\/gesundes-leben\/gesunde-lebensmittel\/superfoods\/pasten-und-puerees\/schwarze-knoblauchpaste\/","og_site_name":"WOHLBEFINDEN","article_publisher":"https:\/\/www.facebook.com\/bienetreiris\/","article_modified_time":"2021-06-07T13:44:59+00:00","og_image":[{"width":500,"height":333,"url":"https:\/\/bien-etreiris.ch\/wp-content\/uploads\/2021\/06\/Nouveaute-ail-noir.jpg","type":"image\/jpeg"}],"twitter_misc":{"Gesch\u00e4tzte Lesezeit":"2\u00a0Minuten"},"schema":{"@context":"https:\/\/schema.org","@graph":[{"@type":"WebPage","@id":"https:\/\/bien-etreiris.ch\/de\/produktpraesentation\/gesundes-leben\/gesunde-lebensmittel\/superfoods\/pasten-und-puerees\/schwarze-knoblauchpaste\/","url":"https:\/\/bien-etreiris.ch\/de\/produktpraesentation\/gesundes-leben\/gesunde-lebensmittel\/superfoods\/pasten-und-puerees\/schwarze-knoblauchpaste\/","name":"KNOBLAUCHPASTE - WOHLBEFINDEN","isPartOf":{"@id":"https:\/\/bien-etreiris.ch\/de\/#website"},"primaryImageOfPage":{"@id":"https:\/\/bien-etreiris.ch\/de\/produktpraesentation\/gesundes-leben\/gesunde-lebensmittel\/superfoods\/pasten-und-puerees\/schwarze-knoblauchpaste\/#primaryimage"},"image":{"@id":"https:\/\/bien-etreiris.ch\/de\/produktpraesentation\/gesundes-leben\/gesunde-lebensmittel\/superfoods\/pasten-und-puerees\/schwarze-knoblauchpaste\/#primaryimage"},"thumbnailUrl":"https:\/\/bien-etreiris.ch\/wp-content\/uploads\/2021\/06\/Nouveaute-ail-noir.jpg","datePublished":"2021-06-07T13:32:38+00:00","dateModified":"2021-06-07T13:44:59+00:00","breadcrumb":{"@id":"https:\/\/bien-etreiris.ch\/de\/produktpraesentation\/gesundes-leben\/gesunde-lebensmittel\/superfoods\/pasten-und-puerees\/schwarze-knoblauchpaste\/#breadcrumb"},"inLanguage":"de","potentialAction":[{"@type":"ReadAction","target":["https:\/\/bien-etreiris.ch\/de\/produktpraesentation\/gesundes-leben\/gesunde-lebensmittel\/superfoods\/pasten-und-puerees\/schwarze-knoblauchpaste\/"]}]},{"@type":"ImageObject","inLanguage":"de","@id":"https:\/\/bien-etreiris.ch\/de\/produktpraesentation\/gesundes-leben\/gesunde-lebensmittel\/superfoods\/pasten-und-puerees\/schwarze-knoblauchpaste\/#primaryimage","url":"https:\/\/bien-etreiris.ch\/wp-content\/uploads\/2021\/06\/Nouveaute-ail-noir.jpg","contentUrl":"https:\/\/bien-etreiris.ch\/wp-content\/uploads\/2021\/06\/Nouveaute-ail-noir.jpg","width":500,"height":333},{"@type":"BreadcrumbList","@id":"https:\/\/bien-etreiris.ch\/de\/produktpraesentation\/gesundes-leben\/gesunde-lebensmittel\/superfoods\/pasten-und-puerees\/schwarze-knoblauchpaste\/#breadcrumb","itemListElement":[{"@type":"ListItem","position":1,"name":"Home","item":"https:\/\/bien-etreiris.ch\/de\/"},{"@type":"ListItem","position":2,"name":"PRODUKTPR\u00c4SENTATION","item":"https:\/\/bien-etreiris.ch\/de\/produktpraesentation\/"},{"@type":"ListItem","position":3,"name":"GESUNDES LEBEN","item":"https:\/\/bien-etreiris.ch\/de\/produktpraesentation\/gesundes-leben\/"},{"@type":"ListItem","position":4,"name":"GESUNDE LEBENSMITTEL","item":"https:\/\/bien-etreiris.ch\/de\/produktpraesentation\/gesundes-leben\/gesunde-lebensmittel\/"},{"@type":"ListItem","position":5,"name":"SUPERFOODS","item":"https:\/\/bien-etreiris.ch\/de\/produktpraesentation\/gesundes-leben\/gesunde-lebensmittel\/superfoods\/"},{"@type":"ListItem","position":6,"name":"PASTEN &#038; P\u00dcREES","item":"https:\/\/bien-etreiris.ch\/de\/produktpraesentation\/gesundes-leben\/gesunde-lebensmittel\/superfoods\/pasten-und-puerees\/"},{"@type":"ListItem","position":7,"name":"KNOBLAUCHPASTE"}]},{"@type":"WebSite","@id":"https:\/\/bien-etreiris.ch\/de\/#website","url":"https:\/\/bien-etreiris.ch\/de\/","name":"Bien-\u00eatre Iris","description":"IHRE Gesundheit ist uns wichtig","potentialAction":[{"@type":"SearchAction","target":{"@type":"EntryPoint","urlTemplate":"https:\/\/bien-etreiris.ch\/de\/?s={search_term_string}"},"query-input":{"@type":"PropertyValueSpecification","valueRequired":true,"valueName":"search_term_string"}}],"inLanguage":"de"}]}},"_links":{"self":[{"href":"https:\/\/bien-etreiris.ch\/de\/wp-json\/wp\/v2\/pages\/49861","targetHints":{"allow":["GET"]}}],"collection":[{"href":"https:\/\/bien-etreiris.ch\/de\/wp-json\/wp\/v2\/pages"}],"about":[{"href":"https:\/\/bien-etreiris.ch\/de\/wp-json\/wp\/v2\/types\/page"}],"author":[{"embeddable":true,"href":"https:\/\/bien-etreiris.ch\/de\/wp-json\/wp\/v2\/users\/1"}],"replies":[{"embeddable":true,"href":"https:\/\/bien-etreiris.ch\/de\/wp-json\/wp\/v2\/comments?post=49861"}],"version-history":[{"count":5,"href":"https:\/\/bien-etreiris.ch\/de\/wp-json\/wp\/v2\/pages\/49861\/revisions"}],"predecessor-version":[{"id":49884,"href":"https:\/\/bien-etreiris.ch\/de\/wp-json\/wp\/v2\/pages\/49861\/revisions\/49884"}],"up":[{"embeddable":true,"href":"https:\/\/bien-etreiris.ch\/de\/wp-json\/wp\/v2\/pages\/46680"}],"wp:featuredmedia":[{"embeddable":true,"href":"https:\/\/bien-etreiris.ch\/de\/wp-json\/wp\/v2\/media\/49864"}],"wp:attachment":[{"href":"https:\/\/bien-etreiris.ch\/de\/wp-json\/wp\/v2\/media?parent=49861"}],"curies":[{"name":"wp","href":"https:\/\/api.w.org\/{rel}","templated":true}]}}