{"id":49806,"date":"2021-06-07T10:47:08","date_gmt":"2021-06-07T08:47:08","guid":{"rendered":"https:\/\/bien-etreiris.ch\/?page_id=49806"},"modified":"2023-06-15T06:57:28","modified_gmt":"2023-06-15T04:57:28","slug":"coussin-dallaitement","status":"publish","type":"page","link":"https:\/\/bien-etreiris.ch\/de\/produktpraesentation\/entspannen\/wohlfuhlkissen\/verschiedene-formen\/coussin-dallaitement\/","title":{"rendered":"COUSSIN D&#8217;ALLAITEMENT"},"content":{"rendered":"<h2>Coussin d'allaitement<\/h2>\n<h4>&nbsp;<\/h4>\n<h4>Coussin pour dormir sur le c\u00f4t\u00e9 en millet bio 30x190 cm<\/h4>\n<p>Caract\u00e9ristiques particuli\u00e8res :<\/p>\n<ul style=\"list-style-type: disc;\">\n<li>Coussin d'allaitement rempli de millet purement biologique<\/li>\n<li>Soutien agr\u00e9able pendant l'allaitement<\/li>\n<li>S'adapte \u00e0 la forme souhait\u00e9e<\/li>\n<li>100% bio<\/li>\n<li>Perm\u00e9able \u00e0 l'air et r\u00e9gule l'humidit\u00e9<\/li>\n<li>Structure fine et fluide<\/li>\n<li>Ne produit aucun bruissement<\/li>\n<li>Convient \u00e0 l'utilisation comme oreiller pour dormir sur le c\u00f4t\u00e9 pendant la grossesse<\/li>\n<li>Densit\u00e9 de remplissage adaptable selon les besoins<\/li>\n<li>Fabriqu\u00e9 en Suisse (Neyruz)<\/li>\n<li>Diff\u00e9rents tissus de rev\u00eatement au choix : tissu bio blanc naturel ; mousseline bio en diff\u00e9rentes couleurs naturelles<\/li>\n<\/ul>\n<p>housse : coton bio (kbA*), avec fermeture \u00e9clair, amovible, lavable en machine \u00e0 40\u00b0C<\/p>\n<p>Remplissage du coussin int\u00e9rieur : Millet bio ( cba*)<\/p>\n<p>Recommand\u00e9 pour : Allaitement, positionnement pour les b\u00e9b\u00e9s, coussin de positionnement pendant la grossesse<\/p>\n<p>Design : coussin allong\u00e9 et arrondi<\/p>\n<p>*cba = culture biologique contr\u00f4l\u00e9e<\/p>\n<p>1 pi\u00e8ce <strong>CHF 150.00<\/strong><\/p>\n<p>&nbsp;<\/p>\n<hr>\n<h4>\nCoussin d'allaitement et nid d'ange en balle d'\u00e9peautre bio, 180 x 30 cm, blanc<\/h4>\n<p>La balle d'\u00e9peautre est tr\u00e8s \u00e9lastique et s'\u00e9coule facilement. Elle s'adapte ainsi \u00e0 chaque mouvement et \u00e0 chaque partie du corps sans contre-pression. Le coussin peut soulager les tensions pendant l'allaitement ou pendant le sommeil du b\u00e9b\u00e9 lorsqu'il est utilis\u00e9 comme nid d'ange.<\/p>\n<p>Gr\u00e2ce \u00e0 leur teneur \u00e9lev\u00e9e en silice (jusqu'\u00e0 90%), les oreillers sont capables d'absorber jusqu'\u00e0 un demi-litre de transpiration pendant la nuit et de la restituer pendant la journ\u00e9e.<\/p>\n<ul>\n<li>Fabriqu\u00e9 en Suisse (Neyruz FR)<\/li>\n<\/ul>\n<p>Utilisation Coussins d'allaitement \u00e0 la balle d'\u00e9peautre bio \/ Nids de b\u00e9b\u00e9<\/p>\n<p>Pour la plupart des personnes allergiques, les coussins de balle d'\u00e9peautre sont bien tol\u00e9r\u00e9s gr\u00e2ce \u00e0 leurs propri\u00e9t\u00e9s positives naturelles.<\/p>\n<h4>Caract\u00e9ristiques techniques du coussin d'allaitement en balle d'\u00e9peautre bio \/ nid de b\u00e9b\u00e9<\/h4>\n<p>Le coussin ne doit pas \u00eatre chauff\u00e9.<br \/>\nCouleur : blanc<br \/>\nPoids : 3.5 kg<br \/>\nTaille : 180 x 30 cm<\/p>\n<p>1 pi\u00e8ce <strong>CHF 140.00<\/strong><\/p>\n","protected":false},"excerpt":{"rendered":"<p>Coussin d'allaitement &nbsp; Coussin pour dormir sur le c\u00f4t\u00e9 en millet bio 30x190 cm Caract\u00e9ristiques particuli\u00e8res : Coussin d'allaitement rempli de millet purement biologique Soutien agr\u00e9able pendant l'allaitement S'adapte \u00e0 la forme souhait\u00e9e 100% bio Perm\u00e9able \u00e0 l'air et r\u00e9gule l'humidit\u00e9 Structure fine et fluide Ne produit aucun bruissement Convient \u00e0 l'utilisation comme oreiller pour dormir sur le c\u00f4t\u00e9 pendant&nbsp;<a href=\"https:\/\/bien-etreiris.ch\/de\/produktpraesentation\/entspannen\/wohlfuhlkissen\/verschiedene-formen\/coussin-dallaitement\/\" class=\"read-more\">Weiter lesen<\/a><\/p>\n","protected":false},"author":1,"featured_media":54357,"parent":16604,"menu_order":5275,"comment_status":"closed","ping_status":"closed","template":"page-with-child.php","meta":{"_acf_changed":false,"ngg_post_thumbnail":0,"footnotes":""},"class_list":["post-49806","page","type-page","status-publish","has-post-thumbnail","hentry"],"acf":[],"yoast_head":"<!-- This site is optimized with the Yoast SEO plugin v27.5 - https:\/\/yoast.com\/product\/yoast-seo-wordpress\/ -->\n<title>COUSSIN D&#039;ALLAITEMENT - WOHLBEFINDEN<\/title>\n<meta name=\"robots\" content=\"index, follow, max-snippet:-1, max-image-preview:large, max-video-preview:-1\" \/>\n<link rel=\"canonical\" href=\"https:\/\/bien-etreiris.ch\/de\/produktpraesentation\/entspannen\/wohlfuhlkissen\/verschiedene-formen\/coussin-dallaitement\/\" \/>\n<meta property=\"og:locale\" content=\"de_DE\" \/>\n<meta property=\"og:type\" content=\"article\" \/>\n<meta property=\"og:title\" content=\"COUSSIN D&#039;ALLAITEMENT - WOHLBEFINDEN\" \/>\n<meta property=\"og:description\" content=\"Coussin d&#039;allaitement &nbsp; Coussin pour dormir sur le c\u00f4t\u00e9 en millet bio 30x190 cm Caract\u00e9ristiques particuli\u00e8res : Coussin d&#039;allaitement rempli de millet purement biologique Soutien agr\u00e9able pendant l&#039;allaitement S&#039;adapte \u00e0 la forme souhait\u00e9e 100% bio Perm\u00e9able \u00e0 l&#039;air et r\u00e9gule l&#039;humidit\u00e9 Structure fine et fluide Ne produit aucun bruissement Convient \u00e0 l&#039;utilisation comme oreiller pour dormir sur le c\u00f4t\u00e9 pendant&nbsp;Weiter lesen\" \/>\n<meta property=\"og:url\" content=\"https:\/\/bien-etreiris.ch\/de\/produktpraesentation\/entspannen\/wohlfuhlkissen\/verschiedene-formen\/coussin-dallaitement\/\" \/>\n<meta property=\"og:site_name\" content=\"WOHLBEFINDEN\" \/>\n<meta property=\"article:publisher\" content=\"https:\/\/www.facebook.com\/bienetreiris\/\" \/>\n<meta property=\"article:modified_time\" content=\"2023-06-15T04:57:28+00:00\" \/>\n<meta property=\"og:image\" content=\"https:\/\/bien-etreiris.ch\/wp-content\/uploads\/2021\/09\/acceuil-divers-formes.jpg\" \/>\n\t<meta property=\"og:image:width\" content=\"500\" \/>\n\t<meta property=\"og:image:height\" content=\"341\" \/>\n\t<meta property=\"og:image:type\" content=\"image\/jpeg\" \/>\n<meta name=\"twitter:label1\" content=\"Gesch\u00e4tzte Lesezeit\" \/>\n\t<meta name=\"twitter:data1\" content=\"2\u00a0Minuten\" \/>\n<script type=\"application\/ld+json\" class=\"yoast-schema-graph\">{\"@context\":\"https:\\\/\\\/schema.org\",\"@graph\":[{\"@type\":\"WebPage\",\"@id\":\"https:\\\/\\\/bien-etreiris.ch\\\/de\\\/produktpraesentation\\\/entspannen\\\/wohlfuhlkissen\\\/verschiedene-formen\\\/coussin-dallaitement\\\/\",\"url\":\"https:\\\/\\\/bien-etreiris.ch\\\/de\\\/produktpraesentation\\\/entspannen\\\/wohlfuhlkissen\\\/verschiedene-formen\\\/coussin-dallaitement\\\/\",\"name\":\"COUSSIN D'ALLAITEMENT - WOHLBEFINDEN\",\"isPartOf\":{\"@id\":\"https:\\\/\\\/bien-etreiris.ch\\\/de\\\/#website\"},\"primaryImageOfPage\":{\"@id\":\"https:\\\/\\\/bien-etreiris.ch\\\/de\\\/produktpraesentation\\\/entspannen\\\/wohlfuhlkissen\\\/verschiedene-formen\\\/coussin-dallaitement\\\/#primaryimage\"},\"image\":{\"@id\":\"https:\\\/\\\/bien-etreiris.ch\\\/de\\\/produktpraesentation\\\/entspannen\\\/wohlfuhlkissen\\\/verschiedene-formen\\\/coussin-dallaitement\\\/#primaryimage\"},\"thumbnailUrl\":\"https:\\\/\\\/bien-etreiris.ch\\\/wp-content\\\/uploads\\\/2021\\\/09\\\/acceuil-divers-formes.jpg\",\"datePublished\":\"2021-06-07T08:47:08+00:00\",\"dateModified\":\"2023-06-15T04:57:28+00:00\",\"breadcrumb\":{\"@id\":\"https:\\\/\\\/bien-etreiris.ch\\\/de\\\/produktpraesentation\\\/entspannen\\\/wohlfuhlkissen\\\/verschiedene-formen\\\/coussin-dallaitement\\\/#breadcrumb\"},\"inLanguage\":\"de\",\"potentialAction\":[{\"@type\":\"ReadAction\",\"target\":[\"https:\\\/\\\/bien-etreiris.ch\\\/de\\\/produktpraesentation\\\/entspannen\\\/wohlfuhlkissen\\\/verschiedene-formen\\\/coussin-dallaitement\\\/\"]}]},{\"@type\":\"ImageObject\",\"inLanguage\":\"de\",\"@id\":\"https:\\\/\\\/bien-etreiris.ch\\\/de\\\/produktpraesentation\\\/entspannen\\\/wohlfuhlkissen\\\/verschiedene-formen\\\/coussin-dallaitement\\\/#primaryimage\",\"url\":\"https:\\\/\\\/bien-etreiris.ch\\\/wp-content\\\/uploads\\\/2021\\\/09\\\/acceuil-divers-formes.jpg\",\"contentUrl\":\"https:\\\/\\\/bien-etreiris.ch\\\/wp-content\\\/uploads\\\/2021\\\/09\\\/acceuil-divers-formes.jpg\",\"width\":500,\"height\":341},{\"@type\":\"BreadcrumbList\",\"@id\":\"https:\\\/\\\/bien-etreiris.ch\\\/de\\\/produktpraesentation\\\/entspannen\\\/wohlfuhlkissen\\\/verschiedene-formen\\\/coussin-dallaitement\\\/#breadcrumb\",\"itemListElement\":[{\"@type\":\"ListItem\",\"position\":1,\"name\":\"Home\",\"item\":\"https:\\\/\\\/bien-etreiris.ch\\\/de\\\/\"},{\"@type\":\"ListItem\",\"position\":2,\"name\":\"PRODUKTPR\u00c4SENTATION\",\"item\":\"https:\\\/\\\/bien-etreiris.ch\\\/de\\\/produktpraesentation\\\/\"},{\"@type\":\"ListItem\",\"position\":3,\"name\":\"ENTSPANNEND\",\"item\":\"https:\\\/\\\/bien-etreiris.ch\\\/de\\\/produktpraesentation\\\/entspannen\\\/\"},{\"@type\":\"ListItem\",\"position\":4,\"name\":\"WOHLF\u00dcHLKISSEN\",\"item\":\"https:\\\/\\\/bien-etreiris.ch\\\/de\\\/produktpraesentation\\\/entspannen\\\/wohlfuhlkissen\\\/\"},{\"@type\":\"ListItem\",\"position\":5,\"name\":\"VERSCHIEDENE FORMEN\",\"item\":\"https:\\\/\\\/bien-etreiris.ch\\\/de\\\/produktpraesentation\\\/entspannen\\\/wohlfuhlkissen\\\/verschiedene-formen\\\/\"},{\"@type\":\"ListItem\",\"position\":6,\"name\":\"COUSSIN D&#8217;ALLAITEMENT\"}]},{\"@type\":\"WebSite\",\"@id\":\"https:\\\/\\\/bien-etreiris.ch\\\/de\\\/#website\",\"url\":\"https:\\\/\\\/bien-etreiris.ch\\\/de\\\/\",\"name\":\"Bien-\u00eatre Iris\",\"description\":\"IHRE Gesundheit ist uns wichtig\",\"potentialAction\":[{\"@type\":\"SearchAction\",\"target\":{\"@type\":\"EntryPoint\",\"urlTemplate\":\"https:\\\/\\\/bien-etreiris.ch\\\/de\\\/?s={search_term_string}\"},\"query-input\":{\"@type\":\"PropertyValueSpecification\",\"valueRequired\":true,\"valueName\":\"search_term_string\"}}],\"inLanguage\":\"de\"}]}<\/script>\n<!-- \/ Yoast SEO plugin. -->","yoast_head_json":{"title":"COUSSIN D'ALLAITEMENT - WOHLBEFINDEN","robots":{"index":"index","follow":"follow","max-snippet":"max-snippet:-1","max-image-preview":"max-image-preview:large","max-video-preview":"max-video-preview:-1"},"canonical":"https:\/\/bien-etreiris.ch\/de\/produktpraesentation\/entspannen\/wohlfuhlkissen\/verschiedene-formen\/coussin-dallaitement\/","og_locale":"de_DE","og_type":"article","og_title":"COUSSIN D'ALLAITEMENT - WOHLBEFINDEN","og_description":"Coussin d'allaitement &nbsp; Coussin pour dormir sur le c\u00f4t\u00e9 en millet bio 30x190 cm Caract\u00e9ristiques particuli\u00e8res : Coussin d'allaitement rempli de millet purement biologique Soutien agr\u00e9able pendant l'allaitement S'adapte \u00e0 la forme souhait\u00e9e 100% bio Perm\u00e9able \u00e0 l'air et r\u00e9gule l'humidit\u00e9 Structure fine et fluide Ne produit aucun bruissement Convient \u00e0 l'utilisation comme oreiller pour dormir sur le c\u00f4t\u00e9 pendant&nbsp;Weiter lesen","og_url":"https:\/\/bien-etreiris.ch\/de\/produktpraesentation\/entspannen\/wohlfuhlkissen\/verschiedene-formen\/coussin-dallaitement\/","og_site_name":"WOHLBEFINDEN","article_publisher":"https:\/\/www.facebook.com\/bienetreiris\/","article_modified_time":"2023-06-15T04:57:28+00:00","og_image":[{"width":500,"height":341,"url":"https:\/\/bien-etreiris.ch\/wp-content\/uploads\/2021\/09\/acceuil-divers-formes.jpg","type":"image\/jpeg"}],"twitter_misc":{"Gesch\u00e4tzte Lesezeit":"2\u00a0Minuten"},"schema":{"@context":"https:\/\/schema.org","@graph":[{"@type":"WebPage","@id":"https:\/\/bien-etreiris.ch\/de\/produktpraesentation\/entspannen\/wohlfuhlkissen\/verschiedene-formen\/coussin-dallaitement\/","url":"https:\/\/bien-etreiris.ch\/de\/produktpraesentation\/entspannen\/wohlfuhlkissen\/verschiedene-formen\/coussin-dallaitement\/","name":"COUSSIN D'ALLAITEMENT - WOHLBEFINDEN","isPartOf":{"@id":"https:\/\/bien-etreiris.ch\/de\/#website"},"primaryImageOfPage":{"@id":"https:\/\/bien-etreiris.ch\/de\/produktpraesentation\/entspannen\/wohlfuhlkissen\/verschiedene-formen\/coussin-dallaitement\/#primaryimage"},"image":{"@id":"https:\/\/bien-etreiris.ch\/de\/produktpraesentation\/entspannen\/wohlfuhlkissen\/verschiedene-formen\/coussin-dallaitement\/#primaryimage"},"thumbnailUrl":"https:\/\/bien-etreiris.ch\/wp-content\/uploads\/2021\/09\/acceuil-divers-formes.jpg","datePublished":"2021-06-07T08:47:08+00:00","dateModified":"2023-06-15T04:57:28+00:00","breadcrumb":{"@id":"https:\/\/bien-etreiris.ch\/de\/produktpraesentation\/entspannen\/wohlfuhlkissen\/verschiedene-formen\/coussin-dallaitement\/#breadcrumb"},"inLanguage":"de","potentialAction":[{"@type":"ReadAction","target":["https:\/\/bien-etreiris.ch\/de\/produktpraesentation\/entspannen\/wohlfuhlkissen\/verschiedene-formen\/coussin-dallaitement\/"]}]},{"@type":"ImageObject","inLanguage":"de","@id":"https:\/\/bien-etreiris.ch\/de\/produktpraesentation\/entspannen\/wohlfuhlkissen\/verschiedene-formen\/coussin-dallaitement\/#primaryimage","url":"https:\/\/bien-etreiris.ch\/wp-content\/uploads\/2021\/09\/acceuil-divers-formes.jpg","contentUrl":"https:\/\/bien-etreiris.ch\/wp-content\/uploads\/2021\/09\/acceuil-divers-formes.jpg","width":500,"height":341},{"@type":"BreadcrumbList","@id":"https:\/\/bien-etreiris.ch\/de\/produktpraesentation\/entspannen\/wohlfuhlkissen\/verschiedene-formen\/coussin-dallaitement\/#breadcrumb","itemListElement":[{"@type":"ListItem","position":1,"name":"Home","item":"https:\/\/bien-etreiris.ch\/de\/"},{"@type":"ListItem","position":2,"name":"PRODUKTPR\u00c4SENTATION","item":"https:\/\/bien-etreiris.ch\/de\/produktpraesentation\/"},{"@type":"ListItem","position":3,"name":"ENTSPANNEND","item":"https:\/\/bien-etreiris.ch\/de\/produktpraesentation\/entspannen\/"},{"@type":"ListItem","position":4,"name":"WOHLF\u00dcHLKISSEN","item":"https:\/\/bien-etreiris.ch\/de\/produktpraesentation\/entspannen\/wohlfuhlkissen\/"},{"@type":"ListItem","position":5,"name":"VERSCHIEDENE FORMEN","item":"https:\/\/bien-etreiris.ch\/de\/produktpraesentation\/entspannen\/wohlfuhlkissen\/verschiedene-formen\/"},{"@type":"ListItem","position":6,"name":"COUSSIN D&#8217;ALLAITEMENT"}]},{"@type":"WebSite","@id":"https:\/\/bien-etreiris.ch\/de\/#website","url":"https:\/\/bien-etreiris.ch\/de\/","name":"Bien-\u00eatre Iris","description":"IHRE Gesundheit ist uns wichtig","potentialAction":[{"@type":"SearchAction","target":{"@type":"EntryPoint","urlTemplate":"https:\/\/bien-etreiris.ch\/de\/?s={search_term_string}"},"query-input":{"@type":"PropertyValueSpecification","valueRequired":true,"valueName":"search_term_string"}}],"inLanguage":"de"}]}},"_links":{"self":[{"href":"https:\/\/bien-etreiris.ch\/de\/wp-json\/wp\/v2\/pages\/49806","targetHints":{"allow":["GET"]}}],"collection":[{"href":"https:\/\/bien-etreiris.ch\/de\/wp-json\/wp\/v2\/pages"}],"about":[{"href":"https:\/\/bien-etreiris.ch\/de\/wp-json\/wp\/v2\/types\/page"}],"author":[{"embeddable":true,"href":"https:\/\/bien-etreiris.ch\/de\/wp-json\/wp\/v2\/users\/1"}],"replies":[{"embeddable":true,"href":"https:\/\/bien-etreiris.ch\/de\/wp-json\/wp\/v2\/comments?post=49806"}],"version-history":[{"count":3,"href":"https:\/\/bien-etreiris.ch\/de\/wp-json\/wp\/v2\/pages\/49806\/revisions"}],"predecessor-version":[{"id":71188,"href":"https:\/\/bien-etreiris.ch\/de\/wp-json\/wp\/v2\/pages\/49806\/revisions\/71188"}],"up":[{"embeddable":true,"href":"https:\/\/bien-etreiris.ch\/de\/wp-json\/wp\/v2\/pages\/16604"}],"wp:featuredmedia":[{"embeddable":true,"href":"https:\/\/bien-etreiris.ch\/de\/wp-json\/wp\/v2\/media\/54357"}],"wp:attachment":[{"href":"https:\/\/bien-etreiris.ch\/de\/wp-json\/wp\/v2\/media?parent=49806"}],"curies":[{"name":"wp","href":"https:\/\/api.w.org\/{rel}","templated":true}]}}