{"id":49609,"date":"2021-06-05T14:54:09","date_gmt":"2021-06-05T12:54:09","guid":{"rendered":"https:\/\/bien-etreiris.ch\/?page_id=49609"},"modified":"2021-06-05T15:06:31","modified_gmt":"2021-06-05T13:06:31","slug":"arve-seife-mit-edelweissextrakt","status":"publish","type":"page","link":"https:\/\/bien-etreiris.ch\/de\/produktpraesentation\/entspannen\/arven-produkte\/arve-seife-mit-edelweissextrakt\/","title":{"rendered":"ARVE SEIFE"},"content":{"rendered":"\n<h2>ARVE Seife mit Edelweissextrakt<\/h2>\n<p><a href=\"https:\/\/bien-etreiris.ch\/wp-content\/uploads\/2021\/06\/arolle.jpg\"><img loading=\"lazy\" decoding=\"async\" class=\"size-medium wp-image-49605 alignleft\" src=\"https:\/\/bien-etreiris.ch\/wp-content\/uploads\/2021\/06\/arolle-300x300.jpg\" alt=\"\" width=\"300\" height=\"300\" srcset=\"https:\/\/bien-etreiris.ch\/wp-content\/uploads\/2021\/06\/arolle-300x300.jpg 300w, https:\/\/bien-etreiris.ch\/wp-content\/uploads\/2021\/06\/arolle-1024x1024.jpg 1024w, https:\/\/bien-etreiris.ch\/wp-content\/uploads\/2021\/06\/arolle-150x150.jpg 150w, https:\/\/bien-etreiris.ch\/wp-content\/uploads\/2021\/06\/arolle-768x768.jpg 768w, https:\/\/bien-etreiris.ch\/wp-content\/uploads\/2021\/06\/arolle.jpg 1067w\" sizes=\"auto, (max-width: 300px) 100vw, 300px\" \/><\/a><\/p>\n<p>&nbsp;<\/p>\n<p>&nbsp;<\/p>\n<p>Savon Arolle \u00e0 l'extrait d'edelweiss<\/p>\n<p>90 g<strong> CHF 9.50<\/strong><\/p>\n<p>&nbsp;<\/p>\n<p>&nbsp;<\/p>\n<p>&nbsp;<\/p>\n<p>&nbsp;<\/p>\n<p>Die D\u00fcfte des Waldes umzingeln die Nase und f\u00fcllen sie mit Erinnerungen und dem puren nat\u00fcrlichen Tannenduft \u2013 mitten in unserer Heimat, in der echten, taufrischen Natur. Eignet sich hervorragend auch als Duschseife. Handgefertigt und Kaltverseifung in einer kleinen Manufaktur in Arosa.<\/p>\n<h4>Anwendung<\/h4>\n<p>Eignet sich hervorragend auch als Hand- und Duschseife.<\/p>\n<p>&nbsp;<\/p>\n<h4>Inhaltsstoffe<\/h4>\n<p>Sodium Cocoate*, Potassium Cocoate*, Helianthus Annus Oil*, Shea Butter*, Cocoa Butter*, Pinus Cembra Oil*, Cedrus Atlantica Oil, Leontopodium Alpinum Extract, Limonene**<br>*aus nat\u00fcrlich und nachhaltigen Inhaltsstoffen<br>**aus 100% nat\u00fcrlichen \u00e4therischen \u00d6len<\/p>\n<h4>Infos\/Allergene<\/h4>\n<p>Enth\u00e4lt Limonene<\/p>\n<p>&nbsp;<\/p>\n<p>&nbsp;<\/p>\n<p>&nbsp;<\/p>\n","protected":false},"excerpt":{"rendered":"<p>ARVE Seife mit Edelweissextrakt &nbsp; &nbsp; Savon Arolle \u00e0 l'extrait d'edelweiss 90 g CHF 9.50 &nbsp; &nbsp; &nbsp; &nbsp; Die D\u00fcfte des Waldes umzingeln die Nase und f\u00fcllen sie mit Erinnerungen und dem puren nat\u00fcrlichen Tannenduft \u2013 mitten in unserer Heimat, in der echten, taufrischen Natur. Eignet sich hervorragend auch als Duschseife. Handgefertigt und Kaltverseifung in einer kleinen Manufaktur in&nbsp;<a href=\"https:\/\/bien-etreiris.ch\/de\/produktpraesentation\/entspannen\/arven-produkte\/arve-seife-mit-edelweissextrakt\/\" class=\"read-more\">Weiter lesen<\/a><\/p>\n","protected":false},"author":1,"featured_media":49604,"parent":13413,"menu_order":5281,"comment_status":"closed","ping_status":"closed","template":"page-with-child.php","meta":{"_acf_changed":false,"ngg_post_thumbnail":0,"footnotes":""},"class_list":["post-49609","page","type-page","status-publish","has-post-thumbnail","hentry"],"acf":[],"yoast_head":"<!-- This site is optimized with the Yoast SEO plugin v27.6 - https:\/\/yoast.com\/product\/yoast-seo-wordpress\/ -->\n<title>ARVE SEIFE - WOHLBEFINDEN<\/title>\n<meta name=\"robots\" content=\"index, follow, max-snippet:-1, max-image-preview:large, max-video-preview:-1\" \/>\n<link rel=\"canonical\" href=\"https:\/\/bien-etreiris.ch\/de\/produktpraesentation\/entspannen\/arven-produkte\/arve-seife-mit-edelweissextrakt\/\" \/>\n<meta property=\"og:locale\" content=\"de_DE\" \/>\n<meta property=\"og:type\" content=\"article\" \/>\n<meta property=\"og:title\" content=\"ARVE SEIFE - WOHLBEFINDEN\" \/>\n<meta property=\"og:description\" content=\"ARVE Seife mit Edelweissextrakt &nbsp; &nbsp; Savon Arolle \u00e0 l&#039;extrait d&#039;edelweiss 90 g CHF 9.50 &nbsp; &nbsp; &nbsp; &nbsp; Die D\u00fcfte des Waldes umzingeln die Nase und f\u00fcllen sie mit Erinnerungen und dem puren nat\u00fcrlichen Tannenduft \u2013 mitten in unserer Heimat, in der echten, taufrischen Natur. Eignet sich hervorragend auch als Duschseife. Handgefertigt und Kaltverseifung in einer kleinen Manufaktur in&nbsp;Weiter lesen\" \/>\n<meta property=\"og:url\" content=\"https:\/\/bien-etreiris.ch\/de\/produktpraesentation\/entspannen\/arven-produkte\/arve-seife-mit-edelweissextrakt\/\" \/>\n<meta property=\"og:site_name\" content=\"WOHLBEFINDEN\" \/>\n<meta property=\"article:publisher\" content=\"https:\/\/www.facebook.com\/bienetreiris\/\" \/>\n<meta property=\"article:modified_time\" content=\"2021-06-05T13:06:31+00:00\" \/>\n<meta property=\"og:image\" content=\"https:\/\/bien-etreiris.ch\/wp-content\/uploads\/2021\/06\/acceuil-savon-arolle.jpg\" \/>\n\t<meta property=\"og:image:width\" content=\"797\" \/>\n\t<meta property=\"og:image:height\" content=\"597\" \/>\n\t<meta property=\"og:image:type\" content=\"image\/jpeg\" \/>\n<meta name=\"twitter:label1\" content=\"Gesch\u00e4tzte Lesezeit\" \/>\n\t<meta name=\"twitter:data1\" content=\"1\u00a0Minute\" \/>\n<script type=\"application\/ld+json\" class=\"yoast-schema-graph\">{\"@context\":\"https:\\\/\\\/schema.org\",\"@graph\":[{\"@type\":\"WebPage\",\"@id\":\"https:\\\/\\\/bien-etreiris.ch\\\/de\\\/produktpraesentation\\\/entspannen\\\/arven-produkte\\\/arve-seife-mit-edelweissextrakt\\\/\",\"url\":\"https:\\\/\\\/bien-etreiris.ch\\\/de\\\/produktpraesentation\\\/entspannen\\\/arven-produkte\\\/arve-seife-mit-edelweissextrakt\\\/\",\"name\":\"ARVE SEIFE - WOHLBEFINDEN\",\"isPartOf\":{\"@id\":\"https:\\\/\\\/bien-etreiris.ch\\\/de\\\/#website\"},\"primaryImageOfPage\":{\"@id\":\"https:\\\/\\\/bien-etreiris.ch\\\/de\\\/produktpraesentation\\\/entspannen\\\/arven-produkte\\\/arve-seife-mit-edelweissextrakt\\\/#primaryimage\"},\"image\":{\"@id\":\"https:\\\/\\\/bien-etreiris.ch\\\/de\\\/produktpraesentation\\\/entspannen\\\/arven-produkte\\\/arve-seife-mit-edelweissextrakt\\\/#primaryimage\"},\"thumbnailUrl\":\"https:\\\/\\\/bien-etreiris.ch\\\/wp-content\\\/uploads\\\/2021\\\/06\\\/acceuil-savon-arolle.jpg\",\"datePublished\":\"2021-06-05T12:54:09+00:00\",\"dateModified\":\"2021-06-05T13:06:31+00:00\",\"breadcrumb\":{\"@id\":\"https:\\\/\\\/bien-etreiris.ch\\\/de\\\/produktpraesentation\\\/entspannen\\\/arven-produkte\\\/arve-seife-mit-edelweissextrakt\\\/#breadcrumb\"},\"inLanguage\":\"de\",\"potentialAction\":[{\"@type\":\"ReadAction\",\"target\":[\"https:\\\/\\\/bien-etreiris.ch\\\/de\\\/produktpraesentation\\\/entspannen\\\/arven-produkte\\\/arve-seife-mit-edelweissextrakt\\\/\"]}]},{\"@type\":\"ImageObject\",\"inLanguage\":\"de\",\"@id\":\"https:\\\/\\\/bien-etreiris.ch\\\/de\\\/produktpraesentation\\\/entspannen\\\/arven-produkte\\\/arve-seife-mit-edelweissextrakt\\\/#primaryimage\",\"url\":\"https:\\\/\\\/bien-etreiris.ch\\\/wp-content\\\/uploads\\\/2021\\\/06\\\/acceuil-savon-arolle.jpg\",\"contentUrl\":\"https:\\\/\\\/bien-etreiris.ch\\\/wp-content\\\/uploads\\\/2021\\\/06\\\/acceuil-savon-arolle.jpg\",\"width\":797,\"height\":597},{\"@type\":\"BreadcrumbList\",\"@id\":\"https:\\\/\\\/bien-etreiris.ch\\\/de\\\/produktpraesentation\\\/entspannen\\\/arven-produkte\\\/arve-seife-mit-edelweissextrakt\\\/#breadcrumb\",\"itemListElement\":[{\"@type\":\"ListItem\",\"position\":1,\"name\":\"Home\",\"item\":\"https:\\\/\\\/bien-etreiris.ch\\\/de\\\/\"},{\"@type\":\"ListItem\",\"position\":2,\"name\":\"PRODUKTPR\u00c4SENTATION\",\"item\":\"https:\\\/\\\/bien-etreiris.ch\\\/de\\\/produktpraesentation\\\/\"},{\"@type\":\"ListItem\",\"position\":3,\"name\":\"ENTSPANNEND\",\"item\":\"https:\\\/\\\/bien-etreiris.ch\\\/de\\\/produktpraesentation\\\/entspannen\\\/\"},{\"@type\":\"ListItem\",\"position\":4,\"name\":\"ARVEN PRODUKTE\",\"item\":\"https:\\\/\\\/bien-etreiris.ch\\\/de\\\/produktpraesentation\\\/entspannen\\\/arven-produkte\\\/\"},{\"@type\":\"ListItem\",\"position\":5,\"name\":\"ARVE SEIFE\"}]},{\"@type\":\"WebSite\",\"@id\":\"https:\\\/\\\/bien-etreiris.ch\\\/de\\\/#website\",\"url\":\"https:\\\/\\\/bien-etreiris.ch\\\/de\\\/\",\"name\":\"Bien-\u00eatre Iris\",\"description\":\"IHRE Gesundheit ist uns wichtig\",\"potentialAction\":[{\"@type\":\"SearchAction\",\"target\":{\"@type\":\"EntryPoint\",\"urlTemplate\":\"https:\\\/\\\/bien-etreiris.ch\\\/de\\\/?s={search_term_string}\"},\"query-input\":{\"@type\":\"PropertyValueSpecification\",\"valueRequired\":true,\"valueName\":\"search_term_string\"}}],\"inLanguage\":\"de\"}]}<\/script>\n<!-- \/ Yoast SEO plugin. -->","yoast_head_json":{"title":"ARVE SEIFE - WOHLBEFINDEN","robots":{"index":"index","follow":"follow","max-snippet":"max-snippet:-1","max-image-preview":"max-image-preview:large","max-video-preview":"max-video-preview:-1"},"canonical":"https:\/\/bien-etreiris.ch\/de\/produktpraesentation\/entspannen\/arven-produkte\/arve-seife-mit-edelweissextrakt\/","og_locale":"de_DE","og_type":"article","og_title":"ARVE SEIFE - WOHLBEFINDEN","og_description":"ARVE Seife mit Edelweissextrakt &nbsp; &nbsp; Savon Arolle \u00e0 l'extrait d'edelweiss 90 g CHF 9.50 &nbsp; &nbsp; &nbsp; &nbsp; Die D\u00fcfte des Waldes umzingeln die Nase und f\u00fcllen sie mit Erinnerungen und dem puren nat\u00fcrlichen Tannenduft \u2013 mitten in unserer Heimat, in der echten, taufrischen Natur. Eignet sich hervorragend auch als Duschseife. Handgefertigt und Kaltverseifung in einer kleinen Manufaktur in&nbsp;Weiter lesen","og_url":"https:\/\/bien-etreiris.ch\/de\/produktpraesentation\/entspannen\/arven-produkte\/arve-seife-mit-edelweissextrakt\/","og_site_name":"WOHLBEFINDEN","article_publisher":"https:\/\/www.facebook.com\/bienetreiris\/","article_modified_time":"2021-06-05T13:06:31+00:00","og_image":[{"width":797,"height":597,"url":"https:\/\/bien-etreiris.ch\/wp-content\/uploads\/2021\/06\/acceuil-savon-arolle.jpg","type":"image\/jpeg"}],"twitter_misc":{"Gesch\u00e4tzte Lesezeit":"1\u00a0Minute"},"schema":{"@context":"https:\/\/schema.org","@graph":[{"@type":"WebPage","@id":"https:\/\/bien-etreiris.ch\/de\/produktpraesentation\/entspannen\/arven-produkte\/arve-seife-mit-edelweissextrakt\/","url":"https:\/\/bien-etreiris.ch\/de\/produktpraesentation\/entspannen\/arven-produkte\/arve-seife-mit-edelweissextrakt\/","name":"ARVE SEIFE - WOHLBEFINDEN","isPartOf":{"@id":"https:\/\/bien-etreiris.ch\/de\/#website"},"primaryImageOfPage":{"@id":"https:\/\/bien-etreiris.ch\/de\/produktpraesentation\/entspannen\/arven-produkte\/arve-seife-mit-edelweissextrakt\/#primaryimage"},"image":{"@id":"https:\/\/bien-etreiris.ch\/de\/produktpraesentation\/entspannen\/arven-produkte\/arve-seife-mit-edelweissextrakt\/#primaryimage"},"thumbnailUrl":"https:\/\/bien-etreiris.ch\/wp-content\/uploads\/2021\/06\/acceuil-savon-arolle.jpg","datePublished":"2021-06-05T12:54:09+00:00","dateModified":"2021-06-05T13:06:31+00:00","breadcrumb":{"@id":"https:\/\/bien-etreiris.ch\/de\/produktpraesentation\/entspannen\/arven-produkte\/arve-seife-mit-edelweissextrakt\/#breadcrumb"},"inLanguage":"de","potentialAction":[{"@type":"ReadAction","target":["https:\/\/bien-etreiris.ch\/de\/produktpraesentation\/entspannen\/arven-produkte\/arve-seife-mit-edelweissextrakt\/"]}]},{"@type":"ImageObject","inLanguage":"de","@id":"https:\/\/bien-etreiris.ch\/de\/produktpraesentation\/entspannen\/arven-produkte\/arve-seife-mit-edelweissextrakt\/#primaryimage","url":"https:\/\/bien-etreiris.ch\/wp-content\/uploads\/2021\/06\/acceuil-savon-arolle.jpg","contentUrl":"https:\/\/bien-etreiris.ch\/wp-content\/uploads\/2021\/06\/acceuil-savon-arolle.jpg","width":797,"height":597},{"@type":"BreadcrumbList","@id":"https:\/\/bien-etreiris.ch\/de\/produktpraesentation\/entspannen\/arven-produkte\/arve-seife-mit-edelweissextrakt\/#breadcrumb","itemListElement":[{"@type":"ListItem","position":1,"name":"Home","item":"https:\/\/bien-etreiris.ch\/de\/"},{"@type":"ListItem","position":2,"name":"PRODUKTPR\u00c4SENTATION","item":"https:\/\/bien-etreiris.ch\/de\/produktpraesentation\/"},{"@type":"ListItem","position":3,"name":"ENTSPANNEND","item":"https:\/\/bien-etreiris.ch\/de\/produktpraesentation\/entspannen\/"},{"@type":"ListItem","position":4,"name":"ARVEN PRODUKTE","item":"https:\/\/bien-etreiris.ch\/de\/produktpraesentation\/entspannen\/arven-produkte\/"},{"@type":"ListItem","position":5,"name":"ARVE SEIFE"}]},{"@type":"WebSite","@id":"https:\/\/bien-etreiris.ch\/de\/#website","url":"https:\/\/bien-etreiris.ch\/de\/","name":"Bien-\u00eatre Iris","description":"IHRE Gesundheit ist uns wichtig","potentialAction":[{"@type":"SearchAction","target":{"@type":"EntryPoint","urlTemplate":"https:\/\/bien-etreiris.ch\/de\/?s={search_term_string}"},"query-input":{"@type":"PropertyValueSpecification","valueRequired":true,"valueName":"search_term_string"}}],"inLanguage":"de"}]}},"_links":{"self":[{"href":"https:\/\/bien-etreiris.ch\/de\/wp-json\/wp\/v2\/pages\/49609","targetHints":{"allow":["GET"]}}],"collection":[{"href":"https:\/\/bien-etreiris.ch\/de\/wp-json\/wp\/v2\/pages"}],"about":[{"href":"https:\/\/bien-etreiris.ch\/de\/wp-json\/wp\/v2\/types\/page"}],"author":[{"embeddable":true,"href":"https:\/\/bien-etreiris.ch\/de\/wp-json\/wp\/v2\/users\/1"}],"replies":[{"embeddable":true,"href":"https:\/\/bien-etreiris.ch\/de\/wp-json\/wp\/v2\/comments?post=49609"}],"version-history":[{"count":6,"href":"https:\/\/bien-etreiris.ch\/de\/wp-json\/wp\/v2\/pages\/49609\/revisions"}],"predecessor-version":[{"id":49619,"href":"https:\/\/bien-etreiris.ch\/de\/wp-json\/wp\/v2\/pages\/49609\/revisions\/49619"}],"up":[{"embeddable":true,"href":"https:\/\/bien-etreiris.ch\/de\/wp-json\/wp\/v2\/pages\/13413"}],"wp:featuredmedia":[{"embeddable":true,"href":"https:\/\/bien-etreiris.ch\/de\/wp-json\/wp\/v2\/media\/49604"}],"wp:attachment":[{"href":"https:\/\/bien-etreiris.ch\/de\/wp-json\/wp\/v2\/media?parent=49609"}],"curies":[{"name":"wp","href":"https:\/\/api.w.org\/{rel}","templated":true}]}}