{"id":49588,"date":"2021-06-05T13:18:23","date_gmt":"2021-06-05T11:18:23","guid":{"rendered":"https:\/\/bien-etreiris.ch\/?page_id=49588"},"modified":"2021-06-05T13:32:32","modified_gmt":"2021-06-05T11:32:32","slug":"anti-schnarchen","status":"publish","type":"page","link":"https:\/\/bien-etreiris.ch\/de\/produktpraesentation\/entspannen\/arven-produkte\/anti-schnarchen\/","title":{"rendered":"ANTI-SCHNARCHEN"},"content":{"rendered":"\n<h2><strong>COUSSIN M<\/strong><strong>\u00dcSTAIR<\/strong><\/h2>\n<h4><br>r\u00e9duire les ronflements<\/h4>\n<p><a href=\"https:\/\/bien-etreiris.ch\/wp-content\/uploads\/2021\/06\/coussin-munster.png\"><img loading=\"lazy\" decoding=\"async\" class=\"wp-image-49580 alignleft\" src=\"https:\/\/bien-etreiris.ch\/wp-content\/uploads\/2021\/06\/coussin-munster.png\" alt=\"\" width=\"450\" height=\"216\"><\/a><\/p>\n<h4><strong>Enveloppe<\/strong><\/h4>\n<ul>\n<li>percale 100% pur coton \u00e0 l'\u00e9tat naturel matelass\u00e9e avec de la fibre de coton et du jersey de coton avec fermeture \u00e0 glissi\u00e8re, lavable 60\u00b0<\/li>\n<\/ul>\n<p>&nbsp;<\/p>\n<h4><strong>Enveloppe int\u00e9rieur<\/strong><\/h4>\n<ul>\n<li>percale de coton \u00e0 l'\u00e9tat naturel 100% coton avec fermeture \u00e0 glissi\u00e8re<\/li>\n<\/ul>\n<p>&nbsp;<\/p>\n<h4><strong>Garnissage<\/strong><\/h4>\n<ul>\n<li>65% de laine des Alpes avec 35 % de copeaux d'arolle<\/li>\n<\/ul>\n<p>&nbsp;<\/p>\n<h4><strong>Divers Dimension <br><\/strong><\/h4>\n<p>40 cm x &nbsp;&nbsp;40 cm = CHF &nbsp;&nbsp;65.00<\/p>\n<p>40 cm x&nbsp; &nbsp;60 cm = CHF&nbsp; &nbsp;85.00<\/p>\n<p>40 cm x &nbsp;&nbsp;80 cm = CHF 110.00<\/p>\n<p>60 cm x &nbsp;&nbsp;60 cm = CHF 120.00<\/p>\n<p>50 cm x &nbsp;&nbsp;70 cm = CHF 120.00<\/p>\n<p>65 cm x&nbsp; &nbsp;65 cm = CHF 135.00<\/p>\n<p>60 cm x &nbsp;&nbsp;90 cm = CHF 175.00<\/p>\n<p>&nbsp;<\/p>\n<p>&nbsp;<\/p>\n<p>&nbsp;<\/p>\n<p>&nbsp;<\/p>\n<p>Des phases de sommeil plus longues gr\u00e2ce aux copeaux d'arolle &nbsp; &nbsp; &nbsp; &nbsp; <br>Les copeaux d'arolle d\u00e9gagent un agr\u00e9able parfum \u00e9th\u00e9rique, qui a un effet tr\u00e8s apaisant. Vous vous endormez donc plus rapidement, le premier cycle de sommeil est plus profond, la tendance au ronflement est diminu\u00e9e et la sensibilit\u00e9 aux conditions m\u00e9t\u00e9orologiques et \u00e0 la lune peut \u00e9galement \u00eatre r\u00e9duite.<\/p>\n<p>L'arolle (Pinus cembra),&nbsp; appel\u00e9 aussi pin cembro, est une v\u00e9g\u00e9tal de la famille des (pinaceae). Elle est originaire des Alpes et des Carpates. Ces conif\u00e8res peuvent atteindre une hauteur de 25 m\u00e8tres&nbsp; et l'\u00e2ge de 1000 ans.<\/p>\n<p>L'odeur des copeaux d'arolle facilite d'endormissement et procure des phases de sommeil plus longues .<\/p>\n","protected":false},"excerpt":{"rendered":"<p>COUSSIN M\u00dcSTAIR r\u00e9duire les ronflements Enveloppe percale 100% pur coton \u00e0 l'\u00e9tat naturel matelass\u00e9e avec de la fibre de coton et du jersey de coton avec fermeture \u00e0 glissi\u00e8re, lavable 60\u00b0 &nbsp; Enveloppe int\u00e9rieur percale de coton \u00e0 l'\u00e9tat naturel 100% coton avec fermeture \u00e0 glissi\u00e8re &nbsp; Garnissage 65% de laine des Alpes avec 35 % de copeaux d'arolle &nbsp;&nbsp;<a href=\"https:\/\/bien-etreiris.ch\/de\/produktpraesentation\/entspannen\/arven-produkte\/anti-schnarchen\/\" class=\"read-more\">Weiter lesen<\/a><\/p>\n","protected":false},"author":1,"featured_media":49577,"parent":13413,"menu_order":5284,"comment_status":"closed","ping_status":"closed","template":"page-with-child.php","meta":{"_acf_changed":false,"ngg_post_thumbnail":0,"footnotes":""},"class_list":["post-49588","page","type-page","status-publish","has-post-thumbnail","hentry"],"acf":[],"yoast_head":"<!-- This site is optimized with the Yoast SEO plugin v27.6 - https:\/\/yoast.com\/product\/yoast-seo-wordpress\/ -->\n<title>ANTI-SCHNARCHEN - WOHLBEFINDEN<\/title>\n<meta name=\"robots\" content=\"index, follow, max-snippet:-1, max-image-preview:large, max-video-preview:-1\" \/>\n<link rel=\"canonical\" href=\"https:\/\/bien-etreiris.ch\/de\/produktpraesentation\/entspannen\/arven-produkte\/anti-schnarchen\/\" \/>\n<meta property=\"og:locale\" content=\"de_DE\" \/>\n<meta property=\"og:type\" content=\"article\" \/>\n<meta property=\"og:title\" content=\"ANTI-SCHNARCHEN - WOHLBEFINDEN\" \/>\n<meta property=\"og:description\" content=\"COUSSIN M\u00dcSTAIR r\u00e9duire les ronflements Enveloppe percale 100% pur coton \u00e0 l&#039;\u00e9tat naturel matelass\u00e9e avec de la fibre de coton et du jersey de coton avec fermeture \u00e0 glissi\u00e8re, lavable 60\u00b0 &nbsp; Enveloppe int\u00e9rieur percale de coton \u00e0 l&#039;\u00e9tat naturel 100% coton avec fermeture \u00e0 glissi\u00e8re &nbsp; Garnissage 65% de laine des Alpes avec 35 % de copeaux d&#039;arolle &nbsp;&nbsp;Weiter lesen\" \/>\n<meta property=\"og:url\" content=\"https:\/\/bien-etreiris.ch\/de\/produktpraesentation\/entspannen\/arven-produkte\/anti-schnarchen\/\" \/>\n<meta property=\"og:site_name\" content=\"WOHLBEFINDEN\" \/>\n<meta property=\"article:publisher\" content=\"https:\/\/www.facebook.com\/bienetreiris\/\" \/>\n<meta property=\"article:modified_time\" content=\"2021-06-05T11:32:32+00:00\" \/>\n<meta property=\"og:image\" content=\"https:\/\/bien-etreiris.ch\/wp-content\/uploads\/2021\/06\/acceuil-coussin-anti-ronflement.png\" \/>\n\t<meta property=\"og:image:width\" content=\"517\" \/>\n\t<meta property=\"og:image:height\" content=\"383\" \/>\n\t<meta property=\"og:image:type\" content=\"image\/png\" \/>\n<meta name=\"twitter:label1\" content=\"Gesch\u00e4tzte Lesezeit\" \/>\n\t<meta name=\"twitter:data1\" content=\"2\u00a0Minuten\" \/>\n<script type=\"application\/ld+json\" class=\"yoast-schema-graph\">{\"@context\":\"https:\\\/\\\/schema.org\",\"@graph\":[{\"@type\":\"WebPage\",\"@id\":\"https:\\\/\\\/bien-etreiris.ch\\\/de\\\/produktpraesentation\\\/entspannen\\\/arven-produkte\\\/anti-schnarchen\\\/\",\"url\":\"https:\\\/\\\/bien-etreiris.ch\\\/de\\\/produktpraesentation\\\/entspannen\\\/arven-produkte\\\/anti-schnarchen\\\/\",\"name\":\"ANTI-SCHNARCHEN - WOHLBEFINDEN\",\"isPartOf\":{\"@id\":\"https:\\\/\\\/bien-etreiris.ch\\\/de\\\/#website\"},\"primaryImageOfPage\":{\"@id\":\"https:\\\/\\\/bien-etreiris.ch\\\/de\\\/produktpraesentation\\\/entspannen\\\/arven-produkte\\\/anti-schnarchen\\\/#primaryimage\"},\"image\":{\"@id\":\"https:\\\/\\\/bien-etreiris.ch\\\/de\\\/produktpraesentation\\\/entspannen\\\/arven-produkte\\\/anti-schnarchen\\\/#primaryimage\"},\"thumbnailUrl\":\"https:\\\/\\\/bien-etreiris.ch\\\/wp-content\\\/uploads\\\/2021\\\/06\\\/acceuil-coussin-anti-ronflement.png\",\"datePublished\":\"2021-06-05T11:18:23+00:00\",\"dateModified\":\"2021-06-05T11:32:32+00:00\",\"breadcrumb\":{\"@id\":\"https:\\\/\\\/bien-etreiris.ch\\\/de\\\/produktpraesentation\\\/entspannen\\\/arven-produkte\\\/anti-schnarchen\\\/#breadcrumb\"},\"inLanguage\":\"de\",\"potentialAction\":[{\"@type\":\"ReadAction\",\"target\":[\"https:\\\/\\\/bien-etreiris.ch\\\/de\\\/produktpraesentation\\\/entspannen\\\/arven-produkte\\\/anti-schnarchen\\\/\"]}]},{\"@type\":\"ImageObject\",\"inLanguage\":\"de\",\"@id\":\"https:\\\/\\\/bien-etreiris.ch\\\/de\\\/produktpraesentation\\\/entspannen\\\/arven-produkte\\\/anti-schnarchen\\\/#primaryimage\",\"url\":\"https:\\\/\\\/bien-etreiris.ch\\\/wp-content\\\/uploads\\\/2021\\\/06\\\/acceuil-coussin-anti-ronflement.png\",\"contentUrl\":\"https:\\\/\\\/bien-etreiris.ch\\\/wp-content\\\/uploads\\\/2021\\\/06\\\/acceuil-coussin-anti-ronflement.png\",\"width\":517,\"height\":383},{\"@type\":\"BreadcrumbList\",\"@id\":\"https:\\\/\\\/bien-etreiris.ch\\\/de\\\/produktpraesentation\\\/entspannen\\\/arven-produkte\\\/anti-schnarchen\\\/#breadcrumb\",\"itemListElement\":[{\"@type\":\"ListItem\",\"position\":1,\"name\":\"Home\",\"item\":\"https:\\\/\\\/bien-etreiris.ch\\\/de\\\/\"},{\"@type\":\"ListItem\",\"position\":2,\"name\":\"PRODUKTPR\u00c4SENTATION\",\"item\":\"https:\\\/\\\/bien-etreiris.ch\\\/de\\\/produktpraesentation\\\/\"},{\"@type\":\"ListItem\",\"position\":3,\"name\":\"ENTSPANNEND\",\"item\":\"https:\\\/\\\/bien-etreiris.ch\\\/de\\\/produktpraesentation\\\/entspannen\\\/\"},{\"@type\":\"ListItem\",\"position\":4,\"name\":\"ARVEN PRODUKTE\",\"item\":\"https:\\\/\\\/bien-etreiris.ch\\\/de\\\/produktpraesentation\\\/entspannen\\\/arven-produkte\\\/\"},{\"@type\":\"ListItem\",\"position\":5,\"name\":\"ANTI-SCHNARCHEN\"}]},{\"@type\":\"WebSite\",\"@id\":\"https:\\\/\\\/bien-etreiris.ch\\\/de\\\/#website\",\"url\":\"https:\\\/\\\/bien-etreiris.ch\\\/de\\\/\",\"name\":\"Bien-\u00eatre Iris\",\"description\":\"IHRE Gesundheit ist uns wichtig\",\"potentialAction\":[{\"@type\":\"SearchAction\",\"target\":{\"@type\":\"EntryPoint\",\"urlTemplate\":\"https:\\\/\\\/bien-etreiris.ch\\\/de\\\/?s={search_term_string}\"},\"query-input\":{\"@type\":\"PropertyValueSpecification\",\"valueRequired\":true,\"valueName\":\"search_term_string\"}}],\"inLanguage\":\"de\"}]}<\/script>\n<!-- \/ Yoast SEO plugin. -->","yoast_head_json":{"title":"ANTI-SCHNARCHEN - WOHLBEFINDEN","robots":{"index":"index","follow":"follow","max-snippet":"max-snippet:-1","max-image-preview":"max-image-preview:large","max-video-preview":"max-video-preview:-1"},"canonical":"https:\/\/bien-etreiris.ch\/de\/produktpraesentation\/entspannen\/arven-produkte\/anti-schnarchen\/","og_locale":"de_DE","og_type":"article","og_title":"ANTI-SCHNARCHEN - WOHLBEFINDEN","og_description":"COUSSIN M\u00dcSTAIR r\u00e9duire les ronflements Enveloppe percale 100% pur coton \u00e0 l'\u00e9tat naturel matelass\u00e9e avec de la fibre de coton et du jersey de coton avec fermeture \u00e0 glissi\u00e8re, lavable 60\u00b0 &nbsp; Enveloppe int\u00e9rieur percale de coton \u00e0 l'\u00e9tat naturel 100% coton avec fermeture \u00e0 glissi\u00e8re &nbsp; Garnissage 65% de laine des Alpes avec 35 % de copeaux d'arolle &nbsp;&nbsp;Weiter lesen","og_url":"https:\/\/bien-etreiris.ch\/de\/produktpraesentation\/entspannen\/arven-produkte\/anti-schnarchen\/","og_site_name":"WOHLBEFINDEN","article_publisher":"https:\/\/www.facebook.com\/bienetreiris\/","article_modified_time":"2021-06-05T11:32:32+00:00","og_image":[{"width":517,"height":383,"url":"https:\/\/bien-etreiris.ch\/wp-content\/uploads\/2021\/06\/acceuil-coussin-anti-ronflement.png","type":"image\/png"}],"twitter_misc":{"Gesch\u00e4tzte Lesezeit":"2\u00a0Minuten"},"schema":{"@context":"https:\/\/schema.org","@graph":[{"@type":"WebPage","@id":"https:\/\/bien-etreiris.ch\/de\/produktpraesentation\/entspannen\/arven-produkte\/anti-schnarchen\/","url":"https:\/\/bien-etreiris.ch\/de\/produktpraesentation\/entspannen\/arven-produkte\/anti-schnarchen\/","name":"ANTI-SCHNARCHEN - WOHLBEFINDEN","isPartOf":{"@id":"https:\/\/bien-etreiris.ch\/de\/#website"},"primaryImageOfPage":{"@id":"https:\/\/bien-etreiris.ch\/de\/produktpraesentation\/entspannen\/arven-produkte\/anti-schnarchen\/#primaryimage"},"image":{"@id":"https:\/\/bien-etreiris.ch\/de\/produktpraesentation\/entspannen\/arven-produkte\/anti-schnarchen\/#primaryimage"},"thumbnailUrl":"https:\/\/bien-etreiris.ch\/wp-content\/uploads\/2021\/06\/acceuil-coussin-anti-ronflement.png","datePublished":"2021-06-05T11:18:23+00:00","dateModified":"2021-06-05T11:32:32+00:00","breadcrumb":{"@id":"https:\/\/bien-etreiris.ch\/de\/produktpraesentation\/entspannen\/arven-produkte\/anti-schnarchen\/#breadcrumb"},"inLanguage":"de","potentialAction":[{"@type":"ReadAction","target":["https:\/\/bien-etreiris.ch\/de\/produktpraesentation\/entspannen\/arven-produkte\/anti-schnarchen\/"]}]},{"@type":"ImageObject","inLanguage":"de","@id":"https:\/\/bien-etreiris.ch\/de\/produktpraesentation\/entspannen\/arven-produkte\/anti-schnarchen\/#primaryimage","url":"https:\/\/bien-etreiris.ch\/wp-content\/uploads\/2021\/06\/acceuil-coussin-anti-ronflement.png","contentUrl":"https:\/\/bien-etreiris.ch\/wp-content\/uploads\/2021\/06\/acceuil-coussin-anti-ronflement.png","width":517,"height":383},{"@type":"BreadcrumbList","@id":"https:\/\/bien-etreiris.ch\/de\/produktpraesentation\/entspannen\/arven-produkte\/anti-schnarchen\/#breadcrumb","itemListElement":[{"@type":"ListItem","position":1,"name":"Home","item":"https:\/\/bien-etreiris.ch\/de\/"},{"@type":"ListItem","position":2,"name":"PRODUKTPR\u00c4SENTATION","item":"https:\/\/bien-etreiris.ch\/de\/produktpraesentation\/"},{"@type":"ListItem","position":3,"name":"ENTSPANNEND","item":"https:\/\/bien-etreiris.ch\/de\/produktpraesentation\/entspannen\/"},{"@type":"ListItem","position":4,"name":"ARVEN PRODUKTE","item":"https:\/\/bien-etreiris.ch\/de\/produktpraesentation\/entspannen\/arven-produkte\/"},{"@type":"ListItem","position":5,"name":"ANTI-SCHNARCHEN"}]},{"@type":"WebSite","@id":"https:\/\/bien-etreiris.ch\/de\/#website","url":"https:\/\/bien-etreiris.ch\/de\/","name":"Bien-\u00eatre Iris","description":"IHRE Gesundheit ist uns wichtig","potentialAction":[{"@type":"SearchAction","target":{"@type":"EntryPoint","urlTemplate":"https:\/\/bien-etreiris.ch\/de\/?s={search_term_string}"},"query-input":{"@type":"PropertyValueSpecification","valueRequired":true,"valueName":"search_term_string"}}],"inLanguage":"de"}]}},"_links":{"self":[{"href":"https:\/\/bien-etreiris.ch\/de\/wp-json\/wp\/v2\/pages\/49588","targetHints":{"allow":["GET"]}}],"collection":[{"href":"https:\/\/bien-etreiris.ch\/de\/wp-json\/wp\/v2\/pages"}],"about":[{"href":"https:\/\/bien-etreiris.ch\/de\/wp-json\/wp\/v2\/types\/page"}],"author":[{"embeddable":true,"href":"https:\/\/bien-etreiris.ch\/de\/wp-json\/wp\/v2\/users\/1"}],"replies":[{"embeddable":true,"href":"https:\/\/bien-etreiris.ch\/de\/wp-json\/wp\/v2\/comments?post=49588"}],"version-history":[{"count":4,"href":"https:\/\/bien-etreiris.ch\/de\/wp-json\/wp\/v2\/pages\/49588\/revisions"}],"predecessor-version":[{"id":49596,"href":"https:\/\/bien-etreiris.ch\/de\/wp-json\/wp\/v2\/pages\/49588\/revisions\/49596"}],"up":[{"embeddable":true,"href":"https:\/\/bien-etreiris.ch\/de\/wp-json\/wp\/v2\/pages\/13413"}],"wp:featuredmedia":[{"embeddable":true,"href":"https:\/\/bien-etreiris.ch\/de\/wp-json\/wp\/v2\/media\/49577"}],"wp:attachment":[{"href":"https:\/\/bien-etreiris.ch\/de\/wp-json\/wp\/v2\/media?parent=49588"}],"curies":[{"name":"wp","href":"https:\/\/api.w.org\/{rel}","templated":true}]}}