{"id":49540,"date":"2021-06-04T19:01:32","date_gmt":"2021-06-04T17:01:32","guid":{"rendered":"https:\/\/bien-etreiris.ch\/produktpraesentation\/entspannen\/arven-produkte\/bain-musculaire\/"},"modified":"2021-06-06T23:12:07","modified_gmt":"2021-06-06T21:12:07","slug":"muskelbad","status":"publish","type":"page","link":"https:\/\/bien-etreiris.ch\/de\/produktpraesentation\/entspannen\/arven-produkte\/muskelbad\/","title":{"rendered":"MUSKELBAD"},"content":{"rendered":"\n<p><strong><a href=\"https:\/\/decoiris.ch\/wp-content\/uploads\/2020\/12\/Bain-d\u00e9contractant-Musculaire.png\"><img loading=\"lazy\" decoding=\"async\" class=\"wp-image-35387 size-medium alignleft\" src=\"https:\/\/decoiris.ch\/wp-content\/uploads\/2020\/12\/Bain-d\u00e9contractant-Musculaire-300x300.png\" alt=\"\" width=\"300\" height=\"300\" srcset=\"https:\/\/bien-etreiris.ch\/wp-content\/uploads\/2020\/12\/Bain-d\u00e9contractant-Musculaire-300x300.png 300w, https:\/\/bien-etreiris.ch\/wp-content\/uploads\/2020\/12\/Bain-d\u00e9contractant-Musculaire-150x150.png 150w, https:\/\/bien-etreiris.ch\/wp-content\/uploads\/2020\/12\/Bain-d\u00e9contractant-Musculaire-768x768.png 768w, https:\/\/bien-etreiris.ch\/wp-content\/uploads\/2020\/12\/Bain-d\u00e9contractant-Musculaire.png 800w\" sizes=\"auto, (max-width: 300px) 100vw, 300px\" \/><\/a> <\/strong><\/p>\n<p>&nbsp;<\/p>\n<p>250 ml CHF 21.50<\/p>\n<p>F\u00fcllung 100 ml CHF 6.00<\/p>\n<h4>Zutaten<\/h4>\n<p>Wasser. Ethanol aus biologischem Anbau, \u00e4therische \u00d6le der Kiefer aus biologischem Anbau, Xanthangummi, Kampfer, Zitronens\u00e4ure, Limonen<\/p>\n<p>&nbsp;<\/p>\n<p>&nbsp;<\/p>\n<p>&nbsp;<\/p>\n<p>&nbsp;<\/p>\n<p>&nbsp;<\/p>\n<h4><br>Allgemein<\/h4>\n<p>Das Arve-Muskelbad gibt neue Kraft und entspannt die Muskeln. Der Duft der \u00e4therischen \u00d6le von Zirbe, sibirischer Fichte und Sandelholz ist fein und edel. Besonders wohltuend bei kaltem und feuchtem Wetter und nach dem Sport. Savognin Edelwei\u00df-Extrakt und weitere hochwertige Inhaltsstoffe pflegen die Haut w\u00e4hrend des Bades. Es ist auch sehr gut f\u00fcr entspannende Fu\u00dfb\u00e4der geeignet. - mit reinen \u00e4therischen \u00d6len aus biologischem Anbau, Schweizer Edelwei\u00df-Extrakt - frei von Paraffin, Mineral- und Silikon\u00f6len, PEG-frei<\/p>\n<p>mit Intensivpflegekomplex, mit abbaubaren Tensiden auf pflanzlicher Basis <br>sehr schonend f\u00fcr die Haut<\/p>\n<h4><br>Anwendung<\/h4>\n<p>Sch\u00fctteln Sie die Flasche gut und geben Sie kurz vor dem vollst\u00e4ndigen Aufsaugen des Badewassers 1 bis 2 Messbecher (25 bis 50 ml) Bademilch in das Wasser.<\/p>\n<h4>Inhaltsstoffe<\/h4>\n<p>Aqua, Caprylic \/ Capric Triglyceride, Glycerin, Pentylene Glycol, Butyrospermum Parkii, Cetearylethylhexanoate, Coconut Alcan, Cococaprylate \/ Caprate, Cetyl Alcohol, Potassium Cetyl Phosphate, Pinus Cembra Oil *, Abies Sibirica Oil *, Leontopodium Tutella Extract, Carrageen, Santalum Austrocaledonicum Oil *, Xanthan Gum, Hydroxyethyl Cellulose, Bisabolol, Citral **, Geraniol **, Linalool **, Limonene **. * aus biologischem Anbau ** auf Basis von 100% nat\u00fcrlichen \u00e4therischen \u00d6len<\/p>\n<h4>Infos \/ Allergene<\/h4>\n<p>Enth\u00e4lt Citral, Geraniol, Linalool, Limonen<\/p>\n<p>&nbsp;<\/p>\n","protected":false},"excerpt":{"rendered":"<p>&nbsp; 250 ml CHF 21.50 F\u00fcllung 100 ml CHF 6.00 Zutaten Wasser. Ethanol aus biologischem Anbau, \u00e4therische \u00d6le der Kiefer aus biologischem Anbau, Xanthangummi, Kampfer, Zitronens\u00e4ure, Limonen &nbsp; &nbsp; &nbsp; &nbsp; &nbsp; Allgemein Das Arve-Muskelbad gibt neue Kraft und entspannt die Muskeln. Der Duft der \u00e4therischen \u00d6le von Zirbe, sibirischer Fichte und Sandelholz ist fein und edel. Besonders wohltuend bei&nbsp;<a href=\"https:\/\/bien-etreiris.ch\/de\/produktpraesentation\/entspannen\/arven-produkte\/muskelbad\/\" class=\"read-more\">Weiter lesen<\/a><\/p>\n","protected":false},"author":1,"featured_media":49511,"parent":13413,"menu_order":5303,"comment_status":"closed","ping_status":"closed","template":"page-with-child.php","meta":{"_acf_changed":false,"ngg_post_thumbnail":0,"footnotes":""},"class_list":["post-49540","page","type-page","status-publish","has-post-thumbnail","hentry"],"acf":[],"yoast_head":"<!-- This site is optimized with the Yoast SEO plugin v27.4 - https:\/\/yoast.com\/product\/yoast-seo-wordpress\/ -->\n<title>MUSKELBAD - WOHLBEFINDEN<\/title>\n<meta name=\"robots\" content=\"index, follow, max-snippet:-1, max-image-preview:large, max-video-preview:-1\" \/>\n<link rel=\"canonical\" href=\"https:\/\/bien-etreiris.ch\/de\/produktpraesentation\/entspannen\/arven-produkte\/muskelbad\/\" \/>\n<meta property=\"og:locale\" content=\"de_DE\" \/>\n<meta property=\"og:type\" content=\"article\" \/>\n<meta property=\"og:title\" content=\"MUSKELBAD - WOHLBEFINDEN\" \/>\n<meta property=\"og:description\" content=\"&nbsp; 250 ml CHF 21.50 F\u00fcllung 100 ml CHF 6.00 Zutaten Wasser. Ethanol aus biologischem Anbau, \u00e4therische \u00d6le der Kiefer aus biologischem Anbau, Xanthangummi, Kampfer, Zitronens\u00e4ure, Limonen &nbsp; &nbsp; &nbsp; &nbsp; &nbsp; Allgemein Das Arve-Muskelbad gibt neue Kraft und entspannt die Muskeln. Der Duft der \u00e4therischen \u00d6le von Zirbe, sibirischer Fichte und Sandelholz ist fein und edel. Besonders wohltuend bei&nbsp;Weiter lesen\" \/>\n<meta property=\"og:url\" content=\"https:\/\/bien-etreiris.ch\/de\/produktpraesentation\/entspannen\/arven-produkte\/muskelbad\/\" \/>\n<meta property=\"og:site_name\" content=\"WOHLBEFINDEN\" \/>\n<meta property=\"article:publisher\" content=\"https:\/\/www.facebook.com\/bienetreiris\/\" \/>\n<meta property=\"article:modified_time\" content=\"2021-06-06T21:12:07+00:00\" \/>\n<meta property=\"og:image\" content=\"https:\/\/bien-etreiris.ch\/wp-content\/uploads\/2021\/06\/acceuil-bain-musculaire-1.jpg\" \/>\n\t<meta property=\"og:image:width\" content=\"500\" \/>\n\t<meta property=\"og:image:height\" content=\"332\" \/>\n\t<meta property=\"og:image:type\" content=\"image\/jpeg\" \/>\n<meta name=\"twitter:label1\" content=\"Gesch\u00e4tzte Lesezeit\" \/>\n\t<meta name=\"twitter:data1\" content=\"2\u00a0Minuten\" \/>\n<script type=\"application\/ld+json\" class=\"yoast-schema-graph\">{\"@context\":\"https:\\\/\\\/schema.org\",\"@graph\":[{\"@type\":\"WebPage\",\"@id\":\"https:\\\/\\\/bien-etreiris.ch\\\/de\\\/produktpraesentation\\\/entspannen\\\/arven-produkte\\\/muskelbad\\\/\",\"url\":\"https:\\\/\\\/bien-etreiris.ch\\\/de\\\/produktpraesentation\\\/entspannen\\\/arven-produkte\\\/muskelbad\\\/\",\"name\":\"MUSKELBAD - WOHLBEFINDEN\",\"isPartOf\":{\"@id\":\"https:\\\/\\\/bien-etreiris.ch\\\/de\\\/#website\"},\"primaryImageOfPage\":{\"@id\":\"https:\\\/\\\/bien-etreiris.ch\\\/de\\\/produktpraesentation\\\/entspannen\\\/arven-produkte\\\/muskelbad\\\/#primaryimage\"},\"image\":{\"@id\":\"https:\\\/\\\/bien-etreiris.ch\\\/de\\\/produktpraesentation\\\/entspannen\\\/arven-produkte\\\/muskelbad\\\/#primaryimage\"},\"thumbnailUrl\":\"https:\\\/\\\/bien-etreiris.ch\\\/wp-content\\\/uploads\\\/2021\\\/06\\\/acceuil-bain-musculaire-1.jpg\",\"datePublished\":\"2021-06-04T17:01:32+00:00\",\"dateModified\":\"2021-06-06T21:12:07+00:00\",\"breadcrumb\":{\"@id\":\"https:\\\/\\\/bien-etreiris.ch\\\/de\\\/produktpraesentation\\\/entspannen\\\/arven-produkte\\\/muskelbad\\\/#breadcrumb\"},\"inLanguage\":\"de\",\"potentialAction\":[{\"@type\":\"ReadAction\",\"target\":[\"https:\\\/\\\/bien-etreiris.ch\\\/de\\\/produktpraesentation\\\/entspannen\\\/arven-produkte\\\/muskelbad\\\/\"]}]},{\"@type\":\"ImageObject\",\"inLanguage\":\"de\",\"@id\":\"https:\\\/\\\/bien-etreiris.ch\\\/de\\\/produktpraesentation\\\/entspannen\\\/arven-produkte\\\/muskelbad\\\/#primaryimage\",\"url\":\"https:\\\/\\\/bien-etreiris.ch\\\/wp-content\\\/uploads\\\/2021\\\/06\\\/acceuil-bain-musculaire-1.jpg\",\"contentUrl\":\"https:\\\/\\\/bien-etreiris.ch\\\/wp-content\\\/uploads\\\/2021\\\/06\\\/acceuil-bain-musculaire-1.jpg\",\"width\":500,\"height\":332},{\"@type\":\"BreadcrumbList\",\"@id\":\"https:\\\/\\\/bien-etreiris.ch\\\/de\\\/produktpraesentation\\\/entspannen\\\/arven-produkte\\\/muskelbad\\\/#breadcrumb\",\"itemListElement\":[{\"@type\":\"ListItem\",\"position\":1,\"name\":\"Home\",\"item\":\"https:\\\/\\\/bien-etreiris.ch\\\/de\\\/\"},{\"@type\":\"ListItem\",\"position\":2,\"name\":\"PRODUKTPR\u00c4SENTATION\",\"item\":\"https:\\\/\\\/bien-etreiris.ch\\\/de\\\/produktpraesentation\\\/\"},{\"@type\":\"ListItem\",\"position\":3,\"name\":\"ENTSPANNEND\",\"item\":\"https:\\\/\\\/bien-etreiris.ch\\\/de\\\/produktpraesentation\\\/entspannen\\\/\"},{\"@type\":\"ListItem\",\"position\":4,\"name\":\"ARVEN PRODUKTE\",\"item\":\"https:\\\/\\\/bien-etreiris.ch\\\/de\\\/produktpraesentation\\\/entspannen\\\/arven-produkte\\\/\"},{\"@type\":\"ListItem\",\"position\":5,\"name\":\"MUSKELBAD\"}]},{\"@type\":\"WebSite\",\"@id\":\"https:\\\/\\\/bien-etreiris.ch\\\/de\\\/#website\",\"url\":\"https:\\\/\\\/bien-etreiris.ch\\\/de\\\/\",\"name\":\"Bien-\u00eatre Iris\",\"description\":\"IHRE Gesundheit ist uns wichtig\",\"potentialAction\":[{\"@type\":\"SearchAction\",\"target\":{\"@type\":\"EntryPoint\",\"urlTemplate\":\"https:\\\/\\\/bien-etreiris.ch\\\/de\\\/?s={search_term_string}\"},\"query-input\":{\"@type\":\"PropertyValueSpecification\",\"valueRequired\":true,\"valueName\":\"search_term_string\"}}],\"inLanguage\":\"de\"}]}<\/script>\n<!-- \/ Yoast SEO plugin. -->","yoast_head_json":{"title":"MUSKELBAD - WOHLBEFINDEN","robots":{"index":"index","follow":"follow","max-snippet":"max-snippet:-1","max-image-preview":"max-image-preview:large","max-video-preview":"max-video-preview:-1"},"canonical":"https:\/\/bien-etreiris.ch\/de\/produktpraesentation\/entspannen\/arven-produkte\/muskelbad\/","og_locale":"de_DE","og_type":"article","og_title":"MUSKELBAD - WOHLBEFINDEN","og_description":"&nbsp; 250 ml CHF 21.50 F\u00fcllung 100 ml CHF 6.00 Zutaten Wasser. Ethanol aus biologischem Anbau, \u00e4therische \u00d6le der Kiefer aus biologischem Anbau, Xanthangummi, Kampfer, Zitronens\u00e4ure, Limonen &nbsp; &nbsp; &nbsp; &nbsp; &nbsp; Allgemein Das Arve-Muskelbad gibt neue Kraft und entspannt die Muskeln. Der Duft der \u00e4therischen \u00d6le von Zirbe, sibirischer Fichte und Sandelholz ist fein und edel. Besonders wohltuend bei&nbsp;Weiter lesen","og_url":"https:\/\/bien-etreiris.ch\/de\/produktpraesentation\/entspannen\/arven-produkte\/muskelbad\/","og_site_name":"WOHLBEFINDEN","article_publisher":"https:\/\/www.facebook.com\/bienetreiris\/","article_modified_time":"2021-06-06T21:12:07+00:00","og_image":[{"width":500,"height":332,"url":"https:\/\/bien-etreiris.ch\/wp-content\/uploads\/2021\/06\/acceuil-bain-musculaire-1.jpg","type":"image\/jpeg"}],"twitter_misc":{"Gesch\u00e4tzte Lesezeit":"2\u00a0Minuten"},"schema":{"@context":"https:\/\/schema.org","@graph":[{"@type":"WebPage","@id":"https:\/\/bien-etreiris.ch\/de\/produktpraesentation\/entspannen\/arven-produkte\/muskelbad\/","url":"https:\/\/bien-etreiris.ch\/de\/produktpraesentation\/entspannen\/arven-produkte\/muskelbad\/","name":"MUSKELBAD - WOHLBEFINDEN","isPartOf":{"@id":"https:\/\/bien-etreiris.ch\/de\/#website"},"primaryImageOfPage":{"@id":"https:\/\/bien-etreiris.ch\/de\/produktpraesentation\/entspannen\/arven-produkte\/muskelbad\/#primaryimage"},"image":{"@id":"https:\/\/bien-etreiris.ch\/de\/produktpraesentation\/entspannen\/arven-produkte\/muskelbad\/#primaryimage"},"thumbnailUrl":"https:\/\/bien-etreiris.ch\/wp-content\/uploads\/2021\/06\/acceuil-bain-musculaire-1.jpg","datePublished":"2021-06-04T17:01:32+00:00","dateModified":"2021-06-06T21:12:07+00:00","breadcrumb":{"@id":"https:\/\/bien-etreiris.ch\/de\/produktpraesentation\/entspannen\/arven-produkte\/muskelbad\/#breadcrumb"},"inLanguage":"de","potentialAction":[{"@type":"ReadAction","target":["https:\/\/bien-etreiris.ch\/de\/produktpraesentation\/entspannen\/arven-produkte\/muskelbad\/"]}]},{"@type":"ImageObject","inLanguage":"de","@id":"https:\/\/bien-etreiris.ch\/de\/produktpraesentation\/entspannen\/arven-produkte\/muskelbad\/#primaryimage","url":"https:\/\/bien-etreiris.ch\/wp-content\/uploads\/2021\/06\/acceuil-bain-musculaire-1.jpg","contentUrl":"https:\/\/bien-etreiris.ch\/wp-content\/uploads\/2021\/06\/acceuil-bain-musculaire-1.jpg","width":500,"height":332},{"@type":"BreadcrumbList","@id":"https:\/\/bien-etreiris.ch\/de\/produktpraesentation\/entspannen\/arven-produkte\/muskelbad\/#breadcrumb","itemListElement":[{"@type":"ListItem","position":1,"name":"Home","item":"https:\/\/bien-etreiris.ch\/de\/"},{"@type":"ListItem","position":2,"name":"PRODUKTPR\u00c4SENTATION","item":"https:\/\/bien-etreiris.ch\/de\/produktpraesentation\/"},{"@type":"ListItem","position":3,"name":"ENTSPANNEND","item":"https:\/\/bien-etreiris.ch\/de\/produktpraesentation\/entspannen\/"},{"@type":"ListItem","position":4,"name":"ARVEN PRODUKTE","item":"https:\/\/bien-etreiris.ch\/de\/produktpraesentation\/entspannen\/arven-produkte\/"},{"@type":"ListItem","position":5,"name":"MUSKELBAD"}]},{"@type":"WebSite","@id":"https:\/\/bien-etreiris.ch\/de\/#website","url":"https:\/\/bien-etreiris.ch\/de\/","name":"Bien-\u00eatre Iris","description":"IHRE Gesundheit ist uns wichtig","potentialAction":[{"@type":"SearchAction","target":{"@type":"EntryPoint","urlTemplate":"https:\/\/bien-etreiris.ch\/de\/?s={search_term_string}"},"query-input":{"@type":"PropertyValueSpecification","valueRequired":true,"valueName":"search_term_string"}}],"inLanguage":"de"}]}},"_links":{"self":[{"href":"https:\/\/bien-etreiris.ch\/de\/wp-json\/wp\/v2\/pages\/49540","targetHints":{"allow":["GET"]}}],"collection":[{"href":"https:\/\/bien-etreiris.ch\/de\/wp-json\/wp\/v2\/pages"}],"about":[{"href":"https:\/\/bien-etreiris.ch\/de\/wp-json\/wp\/v2\/types\/page"}],"author":[{"embeddable":true,"href":"https:\/\/bien-etreiris.ch\/de\/wp-json\/wp\/v2\/users\/1"}],"replies":[{"embeddable":true,"href":"https:\/\/bien-etreiris.ch\/de\/wp-json\/wp\/v2\/comments?post=49540"}],"version-history":[{"count":4,"href":"https:\/\/bien-etreiris.ch\/de\/wp-json\/wp\/v2\/pages\/49540\/revisions"}],"predecessor-version":[{"id":49728,"href":"https:\/\/bien-etreiris.ch\/de\/wp-json\/wp\/v2\/pages\/49540\/revisions\/49728"}],"up":[{"embeddable":true,"href":"https:\/\/bien-etreiris.ch\/de\/wp-json\/wp\/v2\/pages\/13413"}],"wp:featuredmedia":[{"embeddable":true,"href":"https:\/\/bien-etreiris.ch\/de\/wp-json\/wp\/v2\/media\/49511"}],"wp:attachment":[{"href":"https:\/\/bien-etreiris.ch\/de\/wp-json\/wp\/v2\/media?parent=49540"}],"curies":[{"name":"wp","href":"https:\/\/api.w.org\/{rel}","templated":true}]}}