{"id":49536,"date":"2021-06-04T19:12:28","date_gmt":"2021-06-04T17:12:28","guid":{"rendered":"https:\/\/bien-etreiris.ch\/produktpraesentation\/entspannen\/arven-produkte\/coussins-cervicales\/"},"modified":"2021-06-05T11:25:11","modified_gmt":"2021-06-05T09:25:11","slug":"nackenschmerzen","status":"publish","type":"page","link":"https:\/\/bien-etreiris.ch\/de\/produktpraesentation\/entspannen\/arven-produkte\/nackenschmerzen\/","title":{"rendered":"NACKENSCHMERZEN"},"content":{"rendered":"\n<h2><strong>COUSSIN HEADREST<\/strong><\/h2>\n<p><a href=\"https:\/\/bien-etreiris.ch\/wp-content\/uploads\/2021\/06\/coussins-cervicale.png\"><img loading=\"lazy\" decoding=\"async\" class=\"alignleft wp-image-49504\" src=\"https:\/\/bien-etreiris.ch\/wp-content\/uploads\/2021\/06\/coussins-cervicale-300x248.png\" alt=\"\" width=\"400\" height=\"331\" srcset=\"https:\/\/bien-etreiris.ch\/wp-content\/uploads\/2021\/06\/coussins-cervicale-300x248.png 300w, https:\/\/bien-etreiris.ch\/wp-content\/uploads\/2021\/06\/coussins-cervicale.png 500w\" sizes=\"auto, (max-width: 400px) 100vw, 400px\" \/><\/a><\/p>\n<p>&nbsp;<\/p>\n<p>&nbsp;<\/p>\n<p><strong>Enveloppe <br><\/strong><\/p>\n<ul>\n<li>Housse double en coton avec 25 % PES avec fermeture \u00e0 glissi\u00e8re<\/li>\n<\/ul>\n<p><strong>Enveloppe int\u00e9rieur<\/strong><\/p>\n<ul>\n<li>Percale de 100 % coton avec fermeture \u00e0 glissi\u00e8re<\/li>\n<\/ul>\n<p><strong>Garnissage<\/strong><\/p>\n<ul>\n<li>100% balles de millet enrichies de copeaux d'arolle<\/li>\n<\/ul>\n<p><span class=\"\">L'odeur des copeaux d'arolle facilite d'endormissement et procure des phases de sommeil plus longues .<\/span><\/p>\n<p><strong>Dimension <br><\/strong><\/p>\n<p>40 cm x&nbsp; &nbsp;60 cm =&nbsp; <strong>CHF&nbsp;&nbsp; 99.00<\/strong><\/p>\n<p>&nbsp;<\/p>\n<p>&nbsp;<\/p>\n<p>&nbsp;<\/p>\n<p>&nbsp;<\/p>\n<p><strong>Recommand\u00e9s en cas de douleurs des cervicales et pour les ronfleurs<\/strong><\/p>\n<p>Une ergoth\u00e9rapeute souffrant de trois hernies discale confirme:<\/p>\n<p>\"Soulagement \" important et r\u00e9duction des douleurs d\u00e8s la premi\u00e8r nuit.<\/p>\n<p>&nbsp;<\/p>\n<hr>\n<p>&nbsp;<\/p>\n<p>&nbsp;<\/p>\n","protected":false},"excerpt":{"rendered":"<p>COUSSIN HEADREST &nbsp; &nbsp; Enveloppe Housse double en coton avec 25 % PES avec fermeture \u00e0 glissi\u00e8re Enveloppe int\u00e9rieur Percale de 100 % coton avec fermeture \u00e0 glissi\u00e8re Garnissage 100% balles de millet enrichies de copeaux d'arolle L'odeur des copeaux d'arolle facilite d'endormissement et procure des phases de sommeil plus longues . Dimension 40 cm x&nbsp; &nbsp;60 cm =&nbsp; CHF&nbsp;&nbsp;&nbsp;<a href=\"https:\/\/bien-etreiris.ch\/de\/produktpraesentation\/entspannen\/arven-produkte\/nackenschmerzen\/\" class=\"read-more\">Weiter lesen<\/a><\/p>\n","protected":false},"author":1,"featured_media":49502,"parent":13413,"menu_order":5303,"comment_status":"closed","ping_status":"closed","template":"page-with-child.php","meta":{"_acf_changed":false,"ngg_post_thumbnail":0,"footnotes":""},"class_list":["post-49536","page","type-page","status-publish","has-post-thumbnail","hentry"],"acf":[],"yoast_head":"<!-- This site is optimized with the Yoast SEO plugin v27.5 - https:\/\/yoast.com\/product\/yoast-seo-wordpress\/ -->\n<title>NACKENSCHMERZEN - WOHLBEFINDEN<\/title>\n<meta name=\"robots\" content=\"index, follow, max-snippet:-1, max-image-preview:large, max-video-preview:-1\" \/>\n<link rel=\"canonical\" href=\"https:\/\/bien-etreiris.ch\/de\/produktpraesentation\/entspannen\/arven-produkte\/nackenschmerzen\/\" \/>\n<meta property=\"og:locale\" content=\"de_DE\" \/>\n<meta property=\"og:type\" content=\"article\" \/>\n<meta property=\"og:title\" content=\"NACKENSCHMERZEN - WOHLBEFINDEN\" \/>\n<meta property=\"og:description\" content=\"COUSSIN HEADREST &nbsp; &nbsp; Enveloppe Housse double en coton avec 25 % PES avec fermeture \u00e0 glissi\u00e8re Enveloppe int\u00e9rieur Percale de 100 % coton avec fermeture \u00e0 glissi\u00e8re Garnissage 100% balles de millet enrichies de copeaux d&#039;arolle L&#039;odeur des copeaux d&#039;arolle facilite d&#039;endormissement et procure des phases de sommeil plus longues . Dimension 40 cm x&nbsp; &nbsp;60 cm =&nbsp; CHF&nbsp;&nbsp;&nbsp;Weiter lesen\" \/>\n<meta property=\"og:url\" content=\"https:\/\/bien-etreiris.ch\/de\/produktpraesentation\/entspannen\/arven-produkte\/nackenschmerzen\/\" \/>\n<meta property=\"og:site_name\" content=\"WOHLBEFINDEN\" \/>\n<meta property=\"article:publisher\" content=\"https:\/\/www.facebook.com\/bienetreiris\/\" \/>\n<meta property=\"article:modified_time\" content=\"2021-06-05T09:25:11+00:00\" \/>\n<meta property=\"og:image\" content=\"https:\/\/bien-etreiris.ch\/wp-content\/uploads\/2021\/06\/acceuil-coussins-cervicale.png\" \/>\n\t<meta property=\"og:image:width\" content=\"500\" \/>\n\t<meta property=\"og:image:height\" content=\"305\" \/>\n\t<meta property=\"og:image:type\" content=\"image\/png\" \/>\n<meta name=\"twitter:label1\" content=\"Gesch\u00e4tzte Lesezeit\" \/>\n\t<meta name=\"twitter:data1\" content=\"1\u00a0Minute\" \/>\n<script type=\"application\/ld+json\" class=\"yoast-schema-graph\">{\"@context\":\"https:\\\/\\\/schema.org\",\"@graph\":[{\"@type\":\"WebPage\",\"@id\":\"https:\\\/\\\/bien-etreiris.ch\\\/de\\\/produktpraesentation\\\/entspannen\\\/arven-produkte\\\/nackenschmerzen\\\/\",\"url\":\"https:\\\/\\\/bien-etreiris.ch\\\/de\\\/produktpraesentation\\\/entspannen\\\/arven-produkte\\\/nackenschmerzen\\\/\",\"name\":\"NACKENSCHMERZEN - WOHLBEFINDEN\",\"isPartOf\":{\"@id\":\"https:\\\/\\\/bien-etreiris.ch\\\/de\\\/#website\"},\"primaryImageOfPage\":{\"@id\":\"https:\\\/\\\/bien-etreiris.ch\\\/de\\\/produktpraesentation\\\/entspannen\\\/arven-produkte\\\/nackenschmerzen\\\/#primaryimage\"},\"image\":{\"@id\":\"https:\\\/\\\/bien-etreiris.ch\\\/de\\\/produktpraesentation\\\/entspannen\\\/arven-produkte\\\/nackenschmerzen\\\/#primaryimage\"},\"thumbnailUrl\":\"https:\\\/\\\/bien-etreiris.ch\\\/wp-content\\\/uploads\\\/2021\\\/06\\\/acceuil-coussins-cervicale.png\",\"datePublished\":\"2021-06-04T17:12:28+00:00\",\"dateModified\":\"2021-06-05T09:25:11+00:00\",\"breadcrumb\":{\"@id\":\"https:\\\/\\\/bien-etreiris.ch\\\/de\\\/produktpraesentation\\\/entspannen\\\/arven-produkte\\\/nackenschmerzen\\\/#breadcrumb\"},\"inLanguage\":\"de\",\"potentialAction\":[{\"@type\":\"ReadAction\",\"target\":[\"https:\\\/\\\/bien-etreiris.ch\\\/de\\\/produktpraesentation\\\/entspannen\\\/arven-produkte\\\/nackenschmerzen\\\/\"]}]},{\"@type\":\"ImageObject\",\"inLanguage\":\"de\",\"@id\":\"https:\\\/\\\/bien-etreiris.ch\\\/de\\\/produktpraesentation\\\/entspannen\\\/arven-produkte\\\/nackenschmerzen\\\/#primaryimage\",\"url\":\"https:\\\/\\\/bien-etreiris.ch\\\/wp-content\\\/uploads\\\/2021\\\/06\\\/acceuil-coussins-cervicale.png\",\"contentUrl\":\"https:\\\/\\\/bien-etreiris.ch\\\/wp-content\\\/uploads\\\/2021\\\/06\\\/acceuil-coussins-cervicale.png\",\"width\":500,\"height\":305},{\"@type\":\"BreadcrumbList\",\"@id\":\"https:\\\/\\\/bien-etreiris.ch\\\/de\\\/produktpraesentation\\\/entspannen\\\/arven-produkte\\\/nackenschmerzen\\\/#breadcrumb\",\"itemListElement\":[{\"@type\":\"ListItem\",\"position\":1,\"name\":\"Home\",\"item\":\"https:\\\/\\\/bien-etreiris.ch\\\/de\\\/\"},{\"@type\":\"ListItem\",\"position\":2,\"name\":\"PRODUKTPR\u00c4SENTATION\",\"item\":\"https:\\\/\\\/bien-etreiris.ch\\\/de\\\/produktpraesentation\\\/\"},{\"@type\":\"ListItem\",\"position\":3,\"name\":\"ENTSPANNEND\",\"item\":\"https:\\\/\\\/bien-etreiris.ch\\\/de\\\/produktpraesentation\\\/entspannen\\\/\"},{\"@type\":\"ListItem\",\"position\":4,\"name\":\"ARVEN PRODUKTE\",\"item\":\"https:\\\/\\\/bien-etreiris.ch\\\/de\\\/produktpraesentation\\\/entspannen\\\/arven-produkte\\\/\"},{\"@type\":\"ListItem\",\"position\":5,\"name\":\"NACKENSCHMERZEN\"}]},{\"@type\":\"WebSite\",\"@id\":\"https:\\\/\\\/bien-etreiris.ch\\\/de\\\/#website\",\"url\":\"https:\\\/\\\/bien-etreiris.ch\\\/de\\\/\",\"name\":\"Bien-\u00eatre Iris\",\"description\":\"IHRE Gesundheit ist uns wichtig\",\"potentialAction\":[{\"@type\":\"SearchAction\",\"target\":{\"@type\":\"EntryPoint\",\"urlTemplate\":\"https:\\\/\\\/bien-etreiris.ch\\\/de\\\/?s={search_term_string}\"},\"query-input\":{\"@type\":\"PropertyValueSpecification\",\"valueRequired\":true,\"valueName\":\"search_term_string\"}}],\"inLanguage\":\"de\"}]}<\/script>\n<!-- \/ Yoast SEO plugin. -->","yoast_head_json":{"title":"NACKENSCHMERZEN - WOHLBEFINDEN","robots":{"index":"index","follow":"follow","max-snippet":"max-snippet:-1","max-image-preview":"max-image-preview:large","max-video-preview":"max-video-preview:-1"},"canonical":"https:\/\/bien-etreiris.ch\/de\/produktpraesentation\/entspannen\/arven-produkte\/nackenschmerzen\/","og_locale":"de_DE","og_type":"article","og_title":"NACKENSCHMERZEN - WOHLBEFINDEN","og_description":"COUSSIN HEADREST &nbsp; &nbsp; Enveloppe Housse double en coton avec 25 % PES avec fermeture \u00e0 glissi\u00e8re Enveloppe int\u00e9rieur Percale de 100 % coton avec fermeture \u00e0 glissi\u00e8re Garnissage 100% balles de millet enrichies de copeaux d'arolle L'odeur des copeaux d'arolle facilite d'endormissement et procure des phases de sommeil plus longues . Dimension 40 cm x&nbsp; &nbsp;60 cm =&nbsp; CHF&nbsp;&nbsp;&nbsp;Weiter lesen","og_url":"https:\/\/bien-etreiris.ch\/de\/produktpraesentation\/entspannen\/arven-produkte\/nackenschmerzen\/","og_site_name":"WOHLBEFINDEN","article_publisher":"https:\/\/www.facebook.com\/bienetreiris\/","article_modified_time":"2021-06-05T09:25:11+00:00","og_image":[{"width":500,"height":305,"url":"https:\/\/bien-etreiris.ch\/wp-content\/uploads\/2021\/06\/acceuil-coussins-cervicale.png","type":"image\/png"}],"twitter_misc":{"Gesch\u00e4tzte Lesezeit":"1\u00a0Minute"},"schema":{"@context":"https:\/\/schema.org","@graph":[{"@type":"WebPage","@id":"https:\/\/bien-etreiris.ch\/de\/produktpraesentation\/entspannen\/arven-produkte\/nackenschmerzen\/","url":"https:\/\/bien-etreiris.ch\/de\/produktpraesentation\/entspannen\/arven-produkte\/nackenschmerzen\/","name":"NACKENSCHMERZEN - WOHLBEFINDEN","isPartOf":{"@id":"https:\/\/bien-etreiris.ch\/de\/#website"},"primaryImageOfPage":{"@id":"https:\/\/bien-etreiris.ch\/de\/produktpraesentation\/entspannen\/arven-produkte\/nackenschmerzen\/#primaryimage"},"image":{"@id":"https:\/\/bien-etreiris.ch\/de\/produktpraesentation\/entspannen\/arven-produkte\/nackenschmerzen\/#primaryimage"},"thumbnailUrl":"https:\/\/bien-etreiris.ch\/wp-content\/uploads\/2021\/06\/acceuil-coussins-cervicale.png","datePublished":"2021-06-04T17:12:28+00:00","dateModified":"2021-06-05T09:25:11+00:00","breadcrumb":{"@id":"https:\/\/bien-etreiris.ch\/de\/produktpraesentation\/entspannen\/arven-produkte\/nackenschmerzen\/#breadcrumb"},"inLanguage":"de","potentialAction":[{"@type":"ReadAction","target":["https:\/\/bien-etreiris.ch\/de\/produktpraesentation\/entspannen\/arven-produkte\/nackenschmerzen\/"]}]},{"@type":"ImageObject","inLanguage":"de","@id":"https:\/\/bien-etreiris.ch\/de\/produktpraesentation\/entspannen\/arven-produkte\/nackenschmerzen\/#primaryimage","url":"https:\/\/bien-etreiris.ch\/wp-content\/uploads\/2021\/06\/acceuil-coussins-cervicale.png","contentUrl":"https:\/\/bien-etreiris.ch\/wp-content\/uploads\/2021\/06\/acceuil-coussins-cervicale.png","width":500,"height":305},{"@type":"BreadcrumbList","@id":"https:\/\/bien-etreiris.ch\/de\/produktpraesentation\/entspannen\/arven-produkte\/nackenschmerzen\/#breadcrumb","itemListElement":[{"@type":"ListItem","position":1,"name":"Home","item":"https:\/\/bien-etreiris.ch\/de\/"},{"@type":"ListItem","position":2,"name":"PRODUKTPR\u00c4SENTATION","item":"https:\/\/bien-etreiris.ch\/de\/produktpraesentation\/"},{"@type":"ListItem","position":3,"name":"ENTSPANNEND","item":"https:\/\/bien-etreiris.ch\/de\/produktpraesentation\/entspannen\/"},{"@type":"ListItem","position":4,"name":"ARVEN PRODUKTE","item":"https:\/\/bien-etreiris.ch\/de\/produktpraesentation\/entspannen\/arven-produkte\/"},{"@type":"ListItem","position":5,"name":"NACKENSCHMERZEN"}]},{"@type":"WebSite","@id":"https:\/\/bien-etreiris.ch\/de\/#website","url":"https:\/\/bien-etreiris.ch\/de\/","name":"Bien-\u00eatre Iris","description":"IHRE Gesundheit ist uns wichtig","potentialAction":[{"@type":"SearchAction","target":{"@type":"EntryPoint","urlTemplate":"https:\/\/bien-etreiris.ch\/de\/?s={search_term_string}"},"query-input":{"@type":"PropertyValueSpecification","valueRequired":true,"valueName":"search_term_string"}}],"inLanguage":"de"}]}},"_links":{"self":[{"href":"https:\/\/bien-etreiris.ch\/de\/wp-json\/wp\/v2\/pages\/49536","targetHints":{"allow":["GET"]}}],"collection":[{"href":"https:\/\/bien-etreiris.ch\/de\/wp-json\/wp\/v2\/pages"}],"about":[{"href":"https:\/\/bien-etreiris.ch\/de\/wp-json\/wp\/v2\/types\/page"}],"author":[{"embeddable":true,"href":"https:\/\/bien-etreiris.ch\/de\/wp-json\/wp\/v2\/users\/1"}],"replies":[{"embeddable":true,"href":"https:\/\/bien-etreiris.ch\/de\/wp-json\/wp\/v2\/comments?post=49536"}],"version-history":[{"count":3,"href":"https:\/\/bien-etreiris.ch\/de\/wp-json\/wp\/v2\/pages\/49536\/revisions"}],"predecessor-version":[{"id":49555,"href":"https:\/\/bien-etreiris.ch\/de\/wp-json\/wp\/v2\/pages\/49536\/revisions\/49555"}],"up":[{"embeddable":true,"href":"https:\/\/bien-etreiris.ch\/de\/wp-json\/wp\/v2\/pages\/13413"}],"wp:featuredmedia":[{"embeddable":true,"href":"https:\/\/bien-etreiris.ch\/de\/wp-json\/wp\/v2\/media\/49502"}],"wp:attachment":[{"href":"https:\/\/bien-etreiris.ch\/de\/wp-json\/wp\/v2\/media?parent=49536"}],"curies":[{"name":"wp","href":"https:\/\/api.w.org\/{rel}","templated":true}]}}