{"id":49517,"date":"2021-06-05T10:25:09","date_gmt":"2021-06-05T08:25:09","guid":{"rendered":"https:\/\/bien-etreiris.ch\/?page_id=49517"},"modified":"2021-06-05T13:35:04","modified_gmt":"2021-06-05T11:35:04","slug":"duftholz","status":"publish","type":"page","link":"https:\/\/bien-etreiris.ch\/de\/produktpraesentation\/entspannen\/arven-produkte\/duftholz\/","title":{"rendered":"DUFTHOLZ"},"content":{"rendered":"\n<h2>Diffuseurs en bois d'arolle <\/h2>\n\n\n\n<div class=\"row\">\n<div id=\"content\" class=\"span8 right right\" data-motopress-type=\"loop\" data-motopress-loop-file=\"loop\/loop-page.php\">\n<div id=\"post-17884\" class=\"page post-17884 type-page status-publish has-post-thumbnail hentry\">\n<p>Le bois parfum\u00e9 d'arolle \/pins cembra se fond harmonieusement dans chaque pi\u00e8ce<\/p>\n<p><a href=\"https:\/\/decoiris.ch\/wp-content\/uploads\/2020\/01\/avec-copaux-de-pin-le-grande-diffuseur-et-lhuile-essenciel-de-rechang\u00e9-2.png\"><img loading=\"lazy\" decoding=\"async\" class=\"wp-image-30892 size-medium alignleft\" src=\"https:\/\/decoiris.ch\/wp-content\/uploads\/2020\/01\/avec-copaux-de-pin-le-grande-diffuseur-et-lhuile-essenciel-de-rechang\u00e9-2-266x300.png\" sizes=\"auto, (max-width: 266px) 100vw, 266px\" srcset=\"https:\/\/bien-etreiris.ch\/wp-content\/uploads\/2020\/01\/avec-copaux-de-pin-le-grande-diffuseur-et-lhuile-essenciel-de-rechang\u00e9-2-266x300.png 266w, https:\/\/bien-etreiris.ch\/wp-content\/uploads\/2020\/01\/avec-copaux-de-pin-le-grande-diffuseur-et-lhuile-essenciel-de-rechang\u00e9-2.png 335w\" alt=\"\" width=\"266\" height=\"300\"><\/a><\/p>\n<p>&nbsp;<\/p>\n<p><strong><span class=\"tlid-translation translation\" lang=\"fr\"><span class=\"\" title=\"\">Comprenant:<\/span><\/span><\/strong><\/p>\n<p>Diffuseur naturelle en bois d'arolle, <span class=\"tlid-translation translation\" lang=\"fr\"><span class=\"\" title=\"\">huile essentielle d'arolle 10 ml BIO, <\/span><\/span><span class=\"tlid-translation translation\" lang=\"fr\"><span class=\"\" title=\"\">sachet en tissu rempli des copeaux d'arolle<\/span><br><span class=\"\" title=\"\">Mat\u00e9riau: arolle suisse<\/span><br><span class=\"\" title=\"\">Hauteur: 10,5 cm<\/span><br><span class=\"\" title=\"\">Diam\u00e8tre: 8,5 cm<\/span><\/span><\/p>\n<p>CHF 42.00<\/p>\n<p>&nbsp;<\/p>\n<p>&nbsp;<\/p>\n<p>&nbsp;<\/p>\n<p><a href=\"https:\/\/decoiris.ch\/wp-content\/uploads\/2019\/12\/bois-parfum\u00e9-2.png\"><img loading=\"lazy\" decoding=\"async\" class=\"alignnone wp-image-30119 size-medium\" src=\"https:\/\/decoiris.ch\/wp-content\/uploads\/2019\/12\/bois-parfum\u00e9-2-263x300.png\" sizes=\"auto, (max-width: 263px) 100vw, 263px\" srcset=\"https:\/\/bien-etreiris.ch\/wp-content\/uploads\/2019\/12\/bois-parfum\u00e9-2-263x300.png 263w, https:\/\/bien-etreiris.ch\/wp-content\/uploads\/2019\/12\/bois-parfum\u00e9-2.png 395w\" alt=\"\" width=\"263\" height=\"300\"><\/a><\/p>\n<p>Le parfum des huiles essentielles d'arolle production suisses introduit la nature dans la maison, a un effet calmant et relaxant et vous donne force et \u00e9nergie. Il vous donne le sentiment d'\u00eatre en for\u00eat et donc en contact direct avec la nature. Ce parfum naturel et stimulant favorise un sommeil r\u00e9parateur et aide le corps \u00e0 se d\u00e9tendre et \u00e0 r\u00e9cup\u00e9rer.<br>Le pin d'arolle des Alpes a un parfum frais et durable. Ce parfum est une combinaison de note de t\u00eate et de c\u0153ur avec une note fra\u00eeche, claire et bois\u00e9e.<br>L'huile essentielle de pin \/ arolle a un effet positif sur notre corps, notre esprit et notre \u00e2me et neutralise les odeurs de la pi\u00e8ce (odeurs de cuisine, de cigarette, etc.) et contribue \u00e0 une meilleure atmosph\u00e8re.<\/p>\n<p>Application: Placez les fragments des copeaux d'arolle attach\u00e9s dans le bois parfum\u00e9 et ajoutez 5 \u00e0 10 gouttes d\u2019huile essentielle.<\/p>\n<p>&nbsp;<\/p>\n<div class=\"clear\">&nbsp;<\/div>\n<\/div>\n<\/div>\n<div id=\"sidebar\" class=\"span4 sidebar\" data-motopress-type=\"static-sidebar\" data-motopress-sidebar-file=\"sidebar.php\">\n<div class=\"textwidget\">&nbsp;<\/div>\n<\/div>\n<\/div>\n","protected":false},"excerpt":{"rendered":"<p>Diffuseurs en bois d'arolle Le bois parfum\u00e9 d'arolle \/pins cembra se fond harmonieusement dans chaque pi\u00e8ce &nbsp; Comprenant: Diffuseur naturelle en bois d'arolle, huile essentielle d'arolle 10 ml BIO, sachet en tissu rempli des copeaux d'arolleMat\u00e9riau: arolle suisseHauteur: 10,5 cmDiam\u00e8tre: 8,5 cm CHF 42.00 &nbsp; &nbsp; &nbsp; Le parfum des huiles essentielles d'arolle production suisses introduit la nature dans la&nbsp;<a href=\"https:\/\/bien-etreiris.ch\/de\/produktpraesentation\/entspannen\/arven-produkte\/duftholz\/\" class=\"read-more\">Weiter lesen<\/a><\/p>\n","protected":false},"author":1,"featured_media":49515,"parent":13413,"menu_order":5294,"comment_status":"closed","ping_status":"closed","template":"page-with-child.php","meta":{"_acf_changed":false,"ngg_post_thumbnail":0,"footnotes":""},"class_list":["post-49517","page","type-page","status-publish","has-post-thumbnail","hentry"],"acf":[],"yoast_head":"<!-- This site is optimized with the Yoast SEO plugin v27.5 - https:\/\/yoast.com\/product\/yoast-seo-wordpress\/ -->\n<title>DUFTHOLZ - WOHLBEFINDEN<\/title>\n<meta name=\"robots\" content=\"index, follow, max-snippet:-1, max-image-preview:large, max-video-preview:-1\" \/>\n<link rel=\"canonical\" href=\"https:\/\/bien-etreiris.ch\/de\/produktpraesentation\/entspannen\/arven-produkte\/duftholz\/\" \/>\n<meta property=\"og:locale\" content=\"de_DE\" \/>\n<meta property=\"og:type\" content=\"article\" \/>\n<meta property=\"og:title\" content=\"DUFTHOLZ - WOHLBEFINDEN\" \/>\n<meta property=\"og:description\" content=\"Diffuseurs en bois d&#039;arolle Le bois parfum\u00e9 d&#039;arolle \/pins cembra se fond harmonieusement dans chaque pi\u00e8ce &nbsp; Comprenant: Diffuseur naturelle en bois d&#039;arolle, huile essentielle d&#039;arolle 10 ml BIO, sachet en tissu rempli des copeaux d&#039;arolleMat\u00e9riau: arolle suisseHauteur: 10,5 cmDiam\u00e8tre: 8,5 cm CHF 42.00 &nbsp; &nbsp; &nbsp; Le parfum des huiles essentielles d&#039;arolle production suisses introduit la nature dans la&nbsp;Weiter lesen\" \/>\n<meta property=\"og:url\" content=\"https:\/\/bien-etreiris.ch\/de\/produktpraesentation\/entspannen\/arven-produkte\/duftholz\/\" \/>\n<meta property=\"og:site_name\" content=\"WOHLBEFINDEN\" \/>\n<meta property=\"article:publisher\" content=\"https:\/\/www.facebook.com\/bienetreiris\/\" \/>\n<meta property=\"article:modified_time\" content=\"2021-06-05T11:35:04+00:00\" \/>\n<meta property=\"og:image\" content=\"https:\/\/bien-etreiris.ch\/wp-content\/uploads\/2021\/06\/Acceuil-Arolle-Pin-bois.jpg\" \/>\n\t<meta property=\"og:image:width\" content=\"500\" \/>\n\t<meta property=\"og:image:height\" content=\"333\" \/>\n\t<meta property=\"og:image:type\" content=\"image\/jpeg\" \/>\n<meta name=\"twitter:label1\" content=\"Gesch\u00e4tzte Lesezeit\" \/>\n\t<meta name=\"twitter:data1\" content=\"2\u00a0Minuten\" \/>\n<script type=\"application\/ld+json\" class=\"yoast-schema-graph\">{\"@context\":\"https:\\\/\\\/schema.org\",\"@graph\":[{\"@type\":\"WebPage\",\"@id\":\"https:\\\/\\\/bien-etreiris.ch\\\/de\\\/produktpraesentation\\\/entspannen\\\/arven-produkte\\\/duftholz\\\/\",\"url\":\"https:\\\/\\\/bien-etreiris.ch\\\/de\\\/produktpraesentation\\\/entspannen\\\/arven-produkte\\\/duftholz\\\/\",\"name\":\"DUFTHOLZ - WOHLBEFINDEN\",\"isPartOf\":{\"@id\":\"https:\\\/\\\/bien-etreiris.ch\\\/de\\\/#website\"},\"primaryImageOfPage\":{\"@id\":\"https:\\\/\\\/bien-etreiris.ch\\\/de\\\/produktpraesentation\\\/entspannen\\\/arven-produkte\\\/duftholz\\\/#primaryimage\"},\"image\":{\"@id\":\"https:\\\/\\\/bien-etreiris.ch\\\/de\\\/produktpraesentation\\\/entspannen\\\/arven-produkte\\\/duftholz\\\/#primaryimage\"},\"thumbnailUrl\":\"https:\\\/\\\/bien-etreiris.ch\\\/wp-content\\\/uploads\\\/2021\\\/06\\\/Acceuil-Arolle-Pin-bois.jpg\",\"datePublished\":\"2021-06-05T08:25:09+00:00\",\"dateModified\":\"2021-06-05T11:35:04+00:00\",\"breadcrumb\":{\"@id\":\"https:\\\/\\\/bien-etreiris.ch\\\/de\\\/produktpraesentation\\\/entspannen\\\/arven-produkte\\\/duftholz\\\/#breadcrumb\"},\"inLanguage\":\"de\",\"potentialAction\":[{\"@type\":\"ReadAction\",\"target\":[\"https:\\\/\\\/bien-etreiris.ch\\\/de\\\/produktpraesentation\\\/entspannen\\\/arven-produkte\\\/duftholz\\\/\"]}]},{\"@type\":\"ImageObject\",\"inLanguage\":\"de\",\"@id\":\"https:\\\/\\\/bien-etreiris.ch\\\/de\\\/produktpraesentation\\\/entspannen\\\/arven-produkte\\\/duftholz\\\/#primaryimage\",\"url\":\"https:\\\/\\\/bien-etreiris.ch\\\/wp-content\\\/uploads\\\/2021\\\/06\\\/Acceuil-Arolle-Pin-bois.jpg\",\"contentUrl\":\"https:\\\/\\\/bien-etreiris.ch\\\/wp-content\\\/uploads\\\/2021\\\/06\\\/Acceuil-Arolle-Pin-bois.jpg\",\"width\":500,\"height\":333},{\"@type\":\"BreadcrumbList\",\"@id\":\"https:\\\/\\\/bien-etreiris.ch\\\/de\\\/produktpraesentation\\\/entspannen\\\/arven-produkte\\\/duftholz\\\/#breadcrumb\",\"itemListElement\":[{\"@type\":\"ListItem\",\"position\":1,\"name\":\"Home\",\"item\":\"https:\\\/\\\/bien-etreiris.ch\\\/de\\\/\"},{\"@type\":\"ListItem\",\"position\":2,\"name\":\"PRODUKTPR\u00c4SENTATION\",\"item\":\"https:\\\/\\\/bien-etreiris.ch\\\/de\\\/produktpraesentation\\\/\"},{\"@type\":\"ListItem\",\"position\":3,\"name\":\"ENTSPANNEND\",\"item\":\"https:\\\/\\\/bien-etreiris.ch\\\/de\\\/produktpraesentation\\\/entspannen\\\/\"},{\"@type\":\"ListItem\",\"position\":4,\"name\":\"ARVEN PRODUKTE\",\"item\":\"https:\\\/\\\/bien-etreiris.ch\\\/de\\\/produktpraesentation\\\/entspannen\\\/arven-produkte\\\/\"},{\"@type\":\"ListItem\",\"position\":5,\"name\":\"DUFTHOLZ\"}]},{\"@type\":\"WebSite\",\"@id\":\"https:\\\/\\\/bien-etreiris.ch\\\/de\\\/#website\",\"url\":\"https:\\\/\\\/bien-etreiris.ch\\\/de\\\/\",\"name\":\"Bien-\u00eatre Iris\",\"description\":\"IHRE Gesundheit ist uns wichtig\",\"potentialAction\":[{\"@type\":\"SearchAction\",\"target\":{\"@type\":\"EntryPoint\",\"urlTemplate\":\"https:\\\/\\\/bien-etreiris.ch\\\/de\\\/?s={search_term_string}\"},\"query-input\":{\"@type\":\"PropertyValueSpecification\",\"valueRequired\":true,\"valueName\":\"search_term_string\"}}],\"inLanguage\":\"de\"}]}<\/script>\n<!-- \/ Yoast SEO plugin. -->","yoast_head_json":{"title":"DUFTHOLZ - WOHLBEFINDEN","robots":{"index":"index","follow":"follow","max-snippet":"max-snippet:-1","max-image-preview":"max-image-preview:large","max-video-preview":"max-video-preview:-1"},"canonical":"https:\/\/bien-etreiris.ch\/de\/produktpraesentation\/entspannen\/arven-produkte\/duftholz\/","og_locale":"de_DE","og_type":"article","og_title":"DUFTHOLZ - WOHLBEFINDEN","og_description":"Diffuseurs en bois d'arolle Le bois parfum\u00e9 d'arolle \/pins cembra se fond harmonieusement dans chaque pi\u00e8ce &nbsp; Comprenant: Diffuseur naturelle en bois d'arolle, huile essentielle d'arolle 10 ml BIO, sachet en tissu rempli des copeaux d'arolleMat\u00e9riau: arolle suisseHauteur: 10,5 cmDiam\u00e8tre: 8,5 cm CHF 42.00 &nbsp; &nbsp; &nbsp; Le parfum des huiles essentielles d'arolle production suisses introduit la nature dans la&nbsp;Weiter lesen","og_url":"https:\/\/bien-etreiris.ch\/de\/produktpraesentation\/entspannen\/arven-produkte\/duftholz\/","og_site_name":"WOHLBEFINDEN","article_publisher":"https:\/\/www.facebook.com\/bienetreiris\/","article_modified_time":"2021-06-05T11:35:04+00:00","og_image":[{"width":500,"height":333,"url":"https:\/\/bien-etreiris.ch\/wp-content\/uploads\/2021\/06\/Acceuil-Arolle-Pin-bois.jpg","type":"image\/jpeg"}],"twitter_misc":{"Gesch\u00e4tzte Lesezeit":"2\u00a0Minuten"},"schema":{"@context":"https:\/\/schema.org","@graph":[{"@type":"WebPage","@id":"https:\/\/bien-etreiris.ch\/de\/produktpraesentation\/entspannen\/arven-produkte\/duftholz\/","url":"https:\/\/bien-etreiris.ch\/de\/produktpraesentation\/entspannen\/arven-produkte\/duftholz\/","name":"DUFTHOLZ - WOHLBEFINDEN","isPartOf":{"@id":"https:\/\/bien-etreiris.ch\/de\/#website"},"primaryImageOfPage":{"@id":"https:\/\/bien-etreiris.ch\/de\/produktpraesentation\/entspannen\/arven-produkte\/duftholz\/#primaryimage"},"image":{"@id":"https:\/\/bien-etreiris.ch\/de\/produktpraesentation\/entspannen\/arven-produkte\/duftholz\/#primaryimage"},"thumbnailUrl":"https:\/\/bien-etreiris.ch\/wp-content\/uploads\/2021\/06\/Acceuil-Arolle-Pin-bois.jpg","datePublished":"2021-06-05T08:25:09+00:00","dateModified":"2021-06-05T11:35:04+00:00","breadcrumb":{"@id":"https:\/\/bien-etreiris.ch\/de\/produktpraesentation\/entspannen\/arven-produkte\/duftholz\/#breadcrumb"},"inLanguage":"de","potentialAction":[{"@type":"ReadAction","target":["https:\/\/bien-etreiris.ch\/de\/produktpraesentation\/entspannen\/arven-produkte\/duftholz\/"]}]},{"@type":"ImageObject","inLanguage":"de","@id":"https:\/\/bien-etreiris.ch\/de\/produktpraesentation\/entspannen\/arven-produkte\/duftholz\/#primaryimage","url":"https:\/\/bien-etreiris.ch\/wp-content\/uploads\/2021\/06\/Acceuil-Arolle-Pin-bois.jpg","contentUrl":"https:\/\/bien-etreiris.ch\/wp-content\/uploads\/2021\/06\/Acceuil-Arolle-Pin-bois.jpg","width":500,"height":333},{"@type":"BreadcrumbList","@id":"https:\/\/bien-etreiris.ch\/de\/produktpraesentation\/entspannen\/arven-produkte\/duftholz\/#breadcrumb","itemListElement":[{"@type":"ListItem","position":1,"name":"Home","item":"https:\/\/bien-etreiris.ch\/de\/"},{"@type":"ListItem","position":2,"name":"PRODUKTPR\u00c4SENTATION","item":"https:\/\/bien-etreiris.ch\/de\/produktpraesentation\/"},{"@type":"ListItem","position":3,"name":"ENTSPANNEND","item":"https:\/\/bien-etreiris.ch\/de\/produktpraesentation\/entspannen\/"},{"@type":"ListItem","position":4,"name":"ARVEN PRODUKTE","item":"https:\/\/bien-etreiris.ch\/de\/produktpraesentation\/entspannen\/arven-produkte\/"},{"@type":"ListItem","position":5,"name":"DUFTHOLZ"}]},{"@type":"WebSite","@id":"https:\/\/bien-etreiris.ch\/de\/#website","url":"https:\/\/bien-etreiris.ch\/de\/","name":"Bien-\u00eatre Iris","description":"IHRE Gesundheit ist uns wichtig","potentialAction":[{"@type":"SearchAction","target":{"@type":"EntryPoint","urlTemplate":"https:\/\/bien-etreiris.ch\/de\/?s={search_term_string}"},"query-input":{"@type":"PropertyValueSpecification","valueRequired":true,"valueName":"search_term_string"}}],"inLanguage":"de"}]}},"_links":{"self":[{"href":"https:\/\/bien-etreiris.ch\/de\/wp-json\/wp\/v2\/pages\/49517","targetHints":{"allow":["GET"]}}],"collection":[{"href":"https:\/\/bien-etreiris.ch\/de\/wp-json\/wp\/v2\/pages"}],"about":[{"href":"https:\/\/bien-etreiris.ch\/de\/wp-json\/wp\/v2\/types\/page"}],"author":[{"embeddable":true,"href":"https:\/\/bien-etreiris.ch\/de\/wp-json\/wp\/v2\/users\/1"}],"replies":[{"embeddable":true,"href":"https:\/\/bien-etreiris.ch\/de\/wp-json\/wp\/v2\/comments?post=49517"}],"version-history":[{"count":3,"href":"https:\/\/bien-etreiris.ch\/de\/wp-json\/wp\/v2\/pages\/49517\/revisions"}],"predecessor-version":[{"id":49597,"href":"https:\/\/bien-etreiris.ch\/de\/wp-json\/wp\/v2\/pages\/49517\/revisions\/49597"}],"up":[{"embeddable":true,"href":"https:\/\/bien-etreiris.ch\/de\/wp-json\/wp\/v2\/pages\/13413"}],"wp:featuredmedia":[{"embeddable":true,"href":"https:\/\/bien-etreiris.ch\/de\/wp-json\/wp\/v2\/media\/49515"}],"wp:attachment":[{"href":"https:\/\/bien-etreiris.ch\/de\/wp-json\/wp\/v2\/media?parent=49517"}],"curies":[{"name":"wp","href":"https:\/\/api.w.org\/{rel}","templated":true}]}}