{"id":49473,"date":"2021-06-04T19:39:04","date_gmt":"2021-06-04T17:39:04","guid":{"rendered":"https:\/\/bien-etreiris.ch\/?page_id=49473"},"modified":"2021-06-05T09:57:11","modified_gmt":"2021-06-05T07:57:11","slug":"zirbelkieferol","status":"publish","type":"page","link":"https:\/\/bien-etreiris.ch\/de\/produktpraesentation\/entspannen\/arven-produkte\/zirbelkieferol\/","title":{"rendered":"ZIRBELKIEFER\u00d6L"},"content":{"rendered":"\n<h2><strong>Huile de pin cembra d'arolle 100 % Suisse Bio&nbsp;&nbsp;&nbsp;<\/strong><\/h2>\n<p><a href=\"https:\/\/decoiris.ch\/wp-content\/uploads\/2019\/01\/Pin-cembra-dautriche-bio.gif\"><img loading=\"lazy\" decoding=\"async\" class=\"size-medium wp-image-14654 alignleft\" src=\"https:\/\/decoiris.ch\/wp-content\/uploads\/2019\/01\/Pin-cembra-dautriche-bio-300x300.gif\" alt=\"\" width=\"300\" height=\"300\" srcset=\"https:\/\/bien-etreiris.ch\/wp-content\/uploads\/2019\/01\/Pin-cembra-dautriche-bio-300x300.gif 300w, https:\/\/bien-etreiris.ch\/wp-content\/uploads\/2019\/01\/Pin-cembra-dautriche-bio-150x150.gif 150w, https:\/\/bien-etreiris.ch\/wp-content\/uploads\/2019\/01\/Pin-cembra-dautriche-bio-768x768.gif 768w\" sizes=\"auto, (max-width: 300px) 100vw, 300px\" \/><\/a><\/p>\n<p>&nbsp;<\/p>\n<p>&nbsp;<\/p>\n<p>&nbsp;<\/p>\n<p>&nbsp;<\/p>\n<p>5 ml<strong>&nbsp; CHF 12.80<\/strong><\/p>\n<p>&nbsp;<\/p>\n<p>&nbsp;<\/p>\n<p>&nbsp;<\/p>\n<p>&nbsp;<\/p>\n<table>\n<tbody>\n<tr>\n<td><strong>Nom :<\/strong><\/td>\n<td><strong>Pin cembra de suisse bio<\/strong><\/td>\n<\/tr>\n<tr>\n<td><strong>Nom botanique&nbsp;:<\/strong><\/td>\n<td>pinus cembra<\/td>\n<\/tr>\n<tr>\n<td><strong>Famille botanique:<\/strong><\/td>\n<td>Pinac\u00e9es<\/td>\n<\/tr>\n<tr>\n<td><strong>Profil de parfum&nbsp;:<\/strong><\/td>\n<td>chaud, bois\u00e9, \u00e9pic\u00e9<\/td>\n<\/tr>\n<tr>\n<td><strong>Th\u00e8me - \u00e9motionnel:<\/strong><\/td>\n<td>tonifiant, vivifant, encourageant, bon pour les voies respiratoires<\/td>\n<\/tr>\n<tr>\n<td><strong>S'agence bien avec&nbsp;:<\/strong><\/td>\n<td>bergamote, g\u00e9ranium, lavande, marjolaine, rose, sauge scalar\u00e9e<\/td>\n<\/tr>\n<tr>\n<td><strong>Origine&nbsp;:<\/strong><\/td>\n<td>Suisse<\/td>\n<\/tr>\n<tr>\n<td><strong>Qualit\u00e9&nbsp;:<\/strong><\/td>\n<td>certifi\u00e9 biologique&nbsp;<\/td>\n<\/tr>\n<tr>\n<td><strong>Partie de la plante:&nbsp;<\/strong><\/td>\n<td>brancher, aiguilles<\/td>\n<\/tr>\n<tr>\n<td><strong>Extraction:&nbsp;<\/strong><\/td>\n<td>distillation \u00e0 la vapeur<\/td>\n<\/tr>\n<tr>\n<td><strong>Contenu:&nbsp;<\/strong><\/td>\n<td>5 ml<\/td>\n<\/tr>\n<tr>\n<td><strong>Usage interne<\/strong><\/td>\n<td>nous n\u2019avons pas le droit de donner des indications, par cons\u00e9quent nous vous recommandons de voir avec votre m\u00e9decin<\/td>\n<\/tr>\n<\/tbody>\n<\/table>\n<p>&nbsp;<\/p>\n<div class=\"hr\"><\/div><!-- .hr (end) -->\n<div class=\"text-wrap tlid-copy-target\">\n<div class=\"result-shield-container tlid-copy-target\">&nbsp;<\/div>\n<\/div>\n<div>&nbsp;<\/div>\n<p><strong>HUILE DE PIN D'AROLLE BIO<\/strong><br>Huile essentielle 100% pure garantie des Alpes d\u2019Autriche<\/p>\n<p><a href=\"https:\/\/decoiris.ch\/wp-content\/uploads\/2020\/12\/Arole-autriche.png\"><img loading=\"lazy\" decoding=\"async\" class=\"size-medium wp-image-35393 alignleft\" src=\"https:\/\/decoiris.ch\/wp-content\/uploads\/2020\/12\/Arole-autriche-300x300.png\" alt=\"\" width=\"300\" height=\"300\" srcset=\"https:\/\/bien-etreiris.ch\/wp-content\/uploads\/2020\/12\/Arole-autriche-300x300.png 300w, https:\/\/bien-etreiris.ch\/wp-content\/uploads\/2020\/12\/Arole-autriche-150x150.png 150w, https:\/\/bien-etreiris.ch\/wp-content\/uploads\/2020\/12\/Arole-autriche-768x768.png 768w, https:\/\/bien-etreiris.ch\/wp-content\/uploads\/2020\/12\/Arole-autriche.png 800w\" sizes=\"auto, (max-width: 300px) 100vw, 300px\" \/><\/a><\/p>\n<p>10 ml <strong>CHF 15.50<\/strong><\/p>\n<p>Comme toutes les huiles pour aiguilles, le Pin d'arolle a \u00e9galement un effet expectorant, att\u00e9nue la tension et nettoie les voies respiratoires. Il est donc un rem\u00e8de prouv\u00e9 contre la toux, la bronchite et le rhume. Il active \u00e9galement la respiration, vous rend relaxant et confiant. L'huile de Pin est \u00e9galement tr\u00e8s efficace contre les mites et les moustiques (par exemple, diluer quelques gouttes de l'huile de pin dans une lampe \u00e0 parfum).<\/p>\n<ul>\n<li>pour les bains complets: 5-10 gouttes d\u2019huile de Pin bio avec 2-3 cuill\u00e8res \u00e0 soupe de cr\u00e8me m\u00e9lang\u00e9es et mises dans le bain.<\/li>\n<li>pour des massages apaisants: maximum 25 gouttes d\u2019huile de Pin biologique avec 5o ml d\u2019huile v\u00e9g\u00e9tale (par exemple, m\u00e9langer avec de l'huile d'amande pour plus d'informations, consulter nos huiles v\u00e9g\u00e9tales)<\/li>\n<\/ul>\n<p>Extraction: distillation \u00e0 la vapeur des aiguilles de pin de garantie Bio.<\/p>\n","protected":false},"excerpt":{"rendered":"<p>Huile de pin cembra d'arolle 100 % Suisse Bio&nbsp;&nbsp;&nbsp; &nbsp; &nbsp; &nbsp; &nbsp; 5 ml&nbsp; CHF 12.80 &nbsp; &nbsp; &nbsp; &nbsp; Nom : Pin cembra de suisse bio Nom botanique&nbsp;: pinus cembra Famille botanique: Pinac\u00e9es Profil de parfum&nbsp;: chaud, bois\u00e9, \u00e9pic\u00e9 Th\u00e8me - \u00e9motionnel: tonifiant, vivifant, encourageant, bon pour les voies respiratoires S'agence bien avec&nbsp;: bergamote, g\u00e9ranium, lavande, marjolaine, rose,&nbsp;<a href=\"https:\/\/bien-etreiris.ch\/de\/produktpraesentation\/entspannen\/arven-produkte\/zirbelkieferol\/\" class=\"read-more\">Weiter lesen<\/a><\/p>\n","protected":false},"author":1,"featured_media":49489,"parent":13413,"menu_order":5297,"comment_status":"closed","ping_status":"closed","template":"page-with-child.php","meta":{"_acf_changed":false,"ngg_post_thumbnail":0,"footnotes":""},"class_list":["post-49473","page","type-page","status-publish","has-post-thumbnail","hentry"],"acf":[],"yoast_head":"<!-- This site is optimized with the Yoast SEO plugin v27.5 - https:\/\/yoast.com\/product\/yoast-seo-wordpress\/ -->\n<title>ZIRBELKIEFER\u00d6L - WOHLBEFINDEN<\/title>\n<meta name=\"robots\" content=\"index, follow, max-snippet:-1, max-image-preview:large, max-video-preview:-1\" \/>\n<link rel=\"canonical\" href=\"https:\/\/bien-etreiris.ch\/de\/produktpraesentation\/entspannen\/arven-produkte\/zirbelkieferol\/\" \/>\n<meta property=\"og:locale\" content=\"de_DE\" \/>\n<meta property=\"og:type\" content=\"article\" \/>\n<meta property=\"og:title\" content=\"ZIRBELKIEFER\u00d6L - WOHLBEFINDEN\" \/>\n<meta property=\"og:description\" content=\"Huile de pin cembra d&#039;arolle 100 % Suisse Bio&nbsp;&nbsp;&nbsp; &nbsp; &nbsp; &nbsp; &nbsp; 5 ml&nbsp; CHF 12.80 &nbsp; &nbsp; &nbsp; &nbsp; Nom : Pin cembra de suisse bio Nom botanique&nbsp;: pinus cembra Famille botanique: Pinac\u00e9es Profil de parfum&nbsp;: chaud, bois\u00e9, \u00e9pic\u00e9 Th\u00e8me - \u00e9motionnel: tonifiant, vivifant, encourageant, bon pour les voies respiratoires S&#039;agence bien avec&nbsp;: bergamote, g\u00e9ranium, lavande, marjolaine, rose,&nbsp;Weiter lesen\" \/>\n<meta property=\"og:url\" content=\"https:\/\/bien-etreiris.ch\/de\/produktpraesentation\/entspannen\/arven-produkte\/zirbelkieferol\/\" \/>\n<meta property=\"og:site_name\" content=\"WOHLBEFINDEN\" \/>\n<meta property=\"article:publisher\" content=\"https:\/\/www.facebook.com\/bienetreiris\/\" \/>\n<meta property=\"article:modified_time\" content=\"2021-06-05T07:57:11+00:00\" \/>\n<meta property=\"og:image\" content=\"https:\/\/bien-etreiris.ch\/wp-content\/uploads\/2021\/06\/acceuil-huile-pin-cempra-2.jpg\" \/>\n\t<meta property=\"og:image:width\" content=\"500\" \/>\n\t<meta property=\"og:image:height\" content=\"333\" \/>\n\t<meta property=\"og:image:type\" content=\"image\/jpeg\" \/>\n<meta name=\"twitter:label1\" content=\"Gesch\u00e4tzte Lesezeit\" \/>\n\t<meta name=\"twitter:data1\" content=\"2\u00a0Minuten\" \/>\n<script type=\"application\/ld+json\" class=\"yoast-schema-graph\">{\"@context\":\"https:\\\/\\\/schema.org\",\"@graph\":[{\"@type\":\"WebPage\",\"@id\":\"https:\\\/\\\/bien-etreiris.ch\\\/de\\\/produktpraesentation\\\/entspannen\\\/arven-produkte\\\/zirbelkieferol\\\/\",\"url\":\"https:\\\/\\\/bien-etreiris.ch\\\/de\\\/produktpraesentation\\\/entspannen\\\/arven-produkte\\\/zirbelkieferol\\\/\",\"name\":\"ZIRBELKIEFER\u00d6L - WOHLBEFINDEN\",\"isPartOf\":{\"@id\":\"https:\\\/\\\/bien-etreiris.ch\\\/de\\\/#website\"},\"primaryImageOfPage\":{\"@id\":\"https:\\\/\\\/bien-etreiris.ch\\\/de\\\/produktpraesentation\\\/entspannen\\\/arven-produkte\\\/zirbelkieferol\\\/#primaryimage\"},\"image\":{\"@id\":\"https:\\\/\\\/bien-etreiris.ch\\\/de\\\/produktpraesentation\\\/entspannen\\\/arven-produkte\\\/zirbelkieferol\\\/#primaryimage\"},\"thumbnailUrl\":\"https:\\\/\\\/bien-etreiris.ch\\\/wp-content\\\/uploads\\\/2021\\\/06\\\/acceuil-huile-pin-cempra-2.jpg\",\"datePublished\":\"2021-06-04T17:39:04+00:00\",\"dateModified\":\"2021-06-05T07:57:11+00:00\",\"breadcrumb\":{\"@id\":\"https:\\\/\\\/bien-etreiris.ch\\\/de\\\/produktpraesentation\\\/entspannen\\\/arven-produkte\\\/zirbelkieferol\\\/#breadcrumb\"},\"inLanguage\":\"de\",\"potentialAction\":[{\"@type\":\"ReadAction\",\"target\":[\"https:\\\/\\\/bien-etreiris.ch\\\/de\\\/produktpraesentation\\\/entspannen\\\/arven-produkte\\\/zirbelkieferol\\\/\"]}]},{\"@type\":\"ImageObject\",\"inLanguage\":\"de\",\"@id\":\"https:\\\/\\\/bien-etreiris.ch\\\/de\\\/produktpraesentation\\\/entspannen\\\/arven-produkte\\\/zirbelkieferol\\\/#primaryimage\",\"url\":\"https:\\\/\\\/bien-etreiris.ch\\\/wp-content\\\/uploads\\\/2021\\\/06\\\/acceuil-huile-pin-cempra-2.jpg\",\"contentUrl\":\"https:\\\/\\\/bien-etreiris.ch\\\/wp-content\\\/uploads\\\/2021\\\/06\\\/acceuil-huile-pin-cempra-2.jpg\",\"width\":500,\"height\":333},{\"@type\":\"BreadcrumbList\",\"@id\":\"https:\\\/\\\/bien-etreiris.ch\\\/de\\\/produktpraesentation\\\/entspannen\\\/arven-produkte\\\/zirbelkieferol\\\/#breadcrumb\",\"itemListElement\":[{\"@type\":\"ListItem\",\"position\":1,\"name\":\"Home\",\"item\":\"https:\\\/\\\/bien-etreiris.ch\\\/de\\\/\"},{\"@type\":\"ListItem\",\"position\":2,\"name\":\"PRODUKTPR\u00c4SENTATION\",\"item\":\"https:\\\/\\\/bien-etreiris.ch\\\/de\\\/produktpraesentation\\\/\"},{\"@type\":\"ListItem\",\"position\":3,\"name\":\"ENTSPANNEND\",\"item\":\"https:\\\/\\\/bien-etreiris.ch\\\/de\\\/produktpraesentation\\\/entspannen\\\/\"},{\"@type\":\"ListItem\",\"position\":4,\"name\":\"ARVEN PRODUKTE\",\"item\":\"https:\\\/\\\/bien-etreiris.ch\\\/de\\\/produktpraesentation\\\/entspannen\\\/arven-produkte\\\/\"},{\"@type\":\"ListItem\",\"position\":5,\"name\":\"ZIRBELKIEFER\u00d6L\"}]},{\"@type\":\"WebSite\",\"@id\":\"https:\\\/\\\/bien-etreiris.ch\\\/de\\\/#website\",\"url\":\"https:\\\/\\\/bien-etreiris.ch\\\/de\\\/\",\"name\":\"Bien-\u00eatre Iris\",\"description\":\"IHRE Gesundheit ist uns wichtig\",\"potentialAction\":[{\"@type\":\"SearchAction\",\"target\":{\"@type\":\"EntryPoint\",\"urlTemplate\":\"https:\\\/\\\/bien-etreiris.ch\\\/de\\\/?s={search_term_string}\"},\"query-input\":{\"@type\":\"PropertyValueSpecification\",\"valueRequired\":true,\"valueName\":\"search_term_string\"}}],\"inLanguage\":\"de\"}]}<\/script>\n<!-- \/ Yoast SEO plugin. -->","yoast_head_json":{"title":"ZIRBELKIEFER\u00d6L - WOHLBEFINDEN","robots":{"index":"index","follow":"follow","max-snippet":"max-snippet:-1","max-image-preview":"max-image-preview:large","max-video-preview":"max-video-preview:-1"},"canonical":"https:\/\/bien-etreiris.ch\/de\/produktpraesentation\/entspannen\/arven-produkte\/zirbelkieferol\/","og_locale":"de_DE","og_type":"article","og_title":"ZIRBELKIEFER\u00d6L - WOHLBEFINDEN","og_description":"Huile de pin cembra d'arolle 100 % Suisse Bio&nbsp;&nbsp;&nbsp; &nbsp; &nbsp; &nbsp; &nbsp; 5 ml&nbsp; CHF 12.80 &nbsp; &nbsp; &nbsp; &nbsp; Nom : Pin cembra de suisse bio Nom botanique&nbsp;: pinus cembra Famille botanique: Pinac\u00e9es Profil de parfum&nbsp;: chaud, bois\u00e9, \u00e9pic\u00e9 Th\u00e8me - \u00e9motionnel: tonifiant, vivifant, encourageant, bon pour les voies respiratoires S'agence bien avec&nbsp;: bergamote, g\u00e9ranium, lavande, marjolaine, rose,&nbsp;Weiter lesen","og_url":"https:\/\/bien-etreiris.ch\/de\/produktpraesentation\/entspannen\/arven-produkte\/zirbelkieferol\/","og_site_name":"WOHLBEFINDEN","article_publisher":"https:\/\/www.facebook.com\/bienetreiris\/","article_modified_time":"2021-06-05T07:57:11+00:00","og_image":[{"width":500,"height":333,"url":"https:\/\/bien-etreiris.ch\/wp-content\/uploads\/2021\/06\/acceuil-huile-pin-cempra-2.jpg","type":"image\/jpeg"}],"twitter_misc":{"Gesch\u00e4tzte Lesezeit":"2\u00a0Minuten"},"schema":{"@context":"https:\/\/schema.org","@graph":[{"@type":"WebPage","@id":"https:\/\/bien-etreiris.ch\/de\/produktpraesentation\/entspannen\/arven-produkte\/zirbelkieferol\/","url":"https:\/\/bien-etreiris.ch\/de\/produktpraesentation\/entspannen\/arven-produkte\/zirbelkieferol\/","name":"ZIRBELKIEFER\u00d6L - WOHLBEFINDEN","isPartOf":{"@id":"https:\/\/bien-etreiris.ch\/de\/#website"},"primaryImageOfPage":{"@id":"https:\/\/bien-etreiris.ch\/de\/produktpraesentation\/entspannen\/arven-produkte\/zirbelkieferol\/#primaryimage"},"image":{"@id":"https:\/\/bien-etreiris.ch\/de\/produktpraesentation\/entspannen\/arven-produkte\/zirbelkieferol\/#primaryimage"},"thumbnailUrl":"https:\/\/bien-etreiris.ch\/wp-content\/uploads\/2021\/06\/acceuil-huile-pin-cempra-2.jpg","datePublished":"2021-06-04T17:39:04+00:00","dateModified":"2021-06-05T07:57:11+00:00","breadcrumb":{"@id":"https:\/\/bien-etreiris.ch\/de\/produktpraesentation\/entspannen\/arven-produkte\/zirbelkieferol\/#breadcrumb"},"inLanguage":"de","potentialAction":[{"@type":"ReadAction","target":["https:\/\/bien-etreiris.ch\/de\/produktpraesentation\/entspannen\/arven-produkte\/zirbelkieferol\/"]}]},{"@type":"ImageObject","inLanguage":"de","@id":"https:\/\/bien-etreiris.ch\/de\/produktpraesentation\/entspannen\/arven-produkte\/zirbelkieferol\/#primaryimage","url":"https:\/\/bien-etreiris.ch\/wp-content\/uploads\/2021\/06\/acceuil-huile-pin-cempra-2.jpg","contentUrl":"https:\/\/bien-etreiris.ch\/wp-content\/uploads\/2021\/06\/acceuil-huile-pin-cempra-2.jpg","width":500,"height":333},{"@type":"BreadcrumbList","@id":"https:\/\/bien-etreiris.ch\/de\/produktpraesentation\/entspannen\/arven-produkte\/zirbelkieferol\/#breadcrumb","itemListElement":[{"@type":"ListItem","position":1,"name":"Home","item":"https:\/\/bien-etreiris.ch\/de\/"},{"@type":"ListItem","position":2,"name":"PRODUKTPR\u00c4SENTATION","item":"https:\/\/bien-etreiris.ch\/de\/produktpraesentation\/"},{"@type":"ListItem","position":3,"name":"ENTSPANNEND","item":"https:\/\/bien-etreiris.ch\/de\/produktpraesentation\/entspannen\/"},{"@type":"ListItem","position":4,"name":"ARVEN PRODUKTE","item":"https:\/\/bien-etreiris.ch\/de\/produktpraesentation\/entspannen\/arven-produkte\/"},{"@type":"ListItem","position":5,"name":"ZIRBELKIEFER\u00d6L"}]},{"@type":"WebSite","@id":"https:\/\/bien-etreiris.ch\/de\/#website","url":"https:\/\/bien-etreiris.ch\/de\/","name":"Bien-\u00eatre Iris","description":"IHRE Gesundheit ist uns wichtig","potentialAction":[{"@type":"SearchAction","target":{"@type":"EntryPoint","urlTemplate":"https:\/\/bien-etreiris.ch\/de\/?s={search_term_string}"},"query-input":{"@type":"PropertyValueSpecification","valueRequired":true,"valueName":"search_term_string"}}],"inLanguage":"de"}]}},"_links":{"self":[{"href":"https:\/\/bien-etreiris.ch\/de\/wp-json\/wp\/v2\/pages\/49473","targetHints":{"allow":["GET"]}}],"collection":[{"href":"https:\/\/bien-etreiris.ch\/de\/wp-json\/wp\/v2\/pages"}],"about":[{"href":"https:\/\/bien-etreiris.ch\/de\/wp-json\/wp\/v2\/types\/page"}],"author":[{"embeddable":true,"href":"https:\/\/bien-etreiris.ch\/de\/wp-json\/wp\/v2\/users\/1"}],"replies":[{"embeddable":true,"href":"https:\/\/bien-etreiris.ch\/de\/wp-json\/wp\/v2\/comments?post=49473"}],"version-history":[{"count":4,"href":"https:\/\/bien-etreiris.ch\/de\/wp-json\/wp\/v2\/pages\/49473\/revisions"}],"predecessor-version":[{"id":49490,"href":"https:\/\/bien-etreiris.ch\/de\/wp-json\/wp\/v2\/pages\/49473\/revisions\/49490"}],"up":[{"embeddable":true,"href":"https:\/\/bien-etreiris.ch\/de\/wp-json\/wp\/v2\/pages\/13413"}],"wp:featuredmedia":[{"embeddable":true,"href":"https:\/\/bien-etreiris.ch\/de\/wp-json\/wp\/v2\/media\/49489"}],"wp:attachment":[{"href":"https:\/\/bien-etreiris.ch\/de\/wp-json\/wp\/v2\/media?parent=49473"}],"curies":[{"name":"wp","href":"https:\/\/api.w.org\/{rel}","templated":true}]}}