{"id":49443,"date":"2021-06-04T19:05:11","date_gmt":"2021-06-04T17:05:11","guid":{"rendered":"https:\/\/bien-etreiris.ch\/?page_id=49443"},"modified":"2021-06-05T11:07:54","modified_gmt":"2021-06-05T09:07:54","slug":"muskelfluidum","status":"publish","type":"page","link":"https:\/\/bien-etreiris.ch\/de\/produktpraesentation\/entspannen\/arven-produkte\/muskelfluidum\/","title":{"rendered":"MUSKELFLUIDUM"},"content":{"rendered":"\n<h2>Arve Muskelfluidum mit \u00e4therischen \u00d6len<\/h2>\n<h2>&nbsp;<\/h2>\n\n\n\n<p><a href=\"https:\/\/decoiris.ch\/wp-content\/uploads\/2020\/12\/Fluide-d\u00e9contractant-Musculaire.png\"><img loading=\"lazy\" decoding=\"async\" class=\"size-medium wp-image-35396 alignleft\" src=\"https:\/\/decoiris.ch\/wp-content\/uploads\/2020\/12\/Fluide-d\u00e9contractant-Musculaire-300x300.png\" alt=\"\" width=\"300\" height=\"300\" srcset=\"https:\/\/bien-etreiris.ch\/wp-content\/uploads\/2020\/12\/Fluide-d\u00e9contractant-Musculaire-300x300.png 300w, https:\/\/bien-etreiris.ch\/wp-content\/uploads\/2020\/12\/Fluide-d\u00e9contractant-Musculaire-150x150.png 150w, https:\/\/bien-etreiris.ch\/wp-content\/uploads\/2020\/12\/Fluide-d\u00e9contractant-Musculaire-768x768.png 768w, https:\/\/bien-etreiris.ch\/wp-content\/uploads\/2020\/12\/Fluide-d\u00e9contractant-Musculaire.png 800w\" sizes=\"auto, (max-width: 300px) 100vw, 300px\" \/><\/a><\/p>\n<p>&nbsp;<\/p>\n<p><strong>250 ml CHF 23.50 <\/strong><\/p>\n<p>remplissage&nbsp; 100 ml <strong>CHF 8.00<\/strong><\/p>\n<p>&nbsp;<\/p>\n<p>&nbsp;<\/p>\n<p>&nbsp;<\/p>\n<p>&nbsp;<\/p>\n<p>&nbsp;<\/p>\n<h4><span class=\"VIiyi\" lang=\"fr\"><span class=\"JLqJ4b\" data-language-for-alternatives=\"fr\" data-language-to-translate-into=\"de\" data-phrase-index=\"0\">G\u00e9n\u00e9ral <\/span><\/span><\/h4>\n<p><span class=\"VIiyi\" lang=\"fr\"><span class=\"JLqJ4b\" data-language-for-alternatives=\"fr\" data-language-to-translate-into=\"de\" data-phrase-index=\"0\">Le fluide sans graisse \u00e0 l'huile de pin et aux huiles essentielles pures est rapidement absorb\u00e9 par la peau, rafra\u00eechit et ne laisse aucun r\u00e9sidu sur les mains ou les v\u00eatements. Gr\u00e2ce \u00e0 la formulation sp\u00e9ciale, la peau reste respirante. Rafra\u00eechit rapidement et agr\u00e9ablement, puis r\u00e9chauffe et favorise la circulation sanguine dans la peau. Id\u00e9al pour se d\u00e9tendre avant et apr\u00e8s l'effort physique. - sans colorants artificiels, parfums ou ingr\u00e9dients actifs - sans paraffine, huiles min\u00e9rales et silicon\u00e9es, sans PEG <\/span><\/span><\/p>\n<h4><span class=\"VIiyi\" lang=\"fr\"><span class=\"JLqJ4b\" data-language-for-alternatives=\"fr\" data-language-to-translate-into=\"de\" data-phrase-index=\"0\">Application<\/span><\/span><\/h4>\n<p><span class=\"VIiyi\" lang=\"fr\"><span class=\"JLqJ4b\" data-language-for-alternatives=\"fr\" data-language-to-translate-into=\"de\" data-phrase-index=\"0\">Massez les zones souhait\u00e9es plusieurs fois par jour, telles que le cou, les \u00e9paules, le dos, les coudes, les bras, les jambes, les genoux et les pieds. Utilisez uniquement en externe. Ne convient pas aux petits enfants. N'utilisez pas de compresse herm\u00e9tique. \u00c9vitez tout contact avec les yeux et les muqueuses. <\/span><\/span><\/p>\n<h4><span class=\"VIiyi\" lang=\"fr\"><span class=\"JLqJ4b\" data-language-for-alternatives=\"fr\" data-language-to-translate-into=\"de\" data-phrase-index=\"0\">Ingr\u00e9dients<\/span><\/span><\/h4>\n<p><span class=\"VIiyi\" lang=\"fr\"><span class=\"JLqJ4b\" data-language-for-alternatives=\"fr\" data-language-to-translate-into=\"de\" data-phrase-index=\"0\"> Ethanol Nat., Aqua, Menthol Nat., Pinus Cembra Leaf \/ Twig Oil, Hydroyethylcellulose, Gaultheria Procumbens Leaf Oil, Rosmarinus Officinalis Flower \/ Leaf Oil, Lavandula Angustifolia Flower \/ Leaf Oil, Natural Fragrance Composition, Limonene *, Linalool *, Citral * * fabriqu\u00e9 \u00e0 partir d'huiles essentielles 100% naturelles <\/span><\/span><\/p>\n<h4><span class=\"VIiyi\" lang=\"fr\"><span class=\"JLqJ4b\" data-language-for-alternatives=\"fr\" data-language-to-translate-into=\"de\" data-phrase-index=\"0\">Info \/ allerg\u00e8nes <\/span><\/span><\/h4>\n<p><span class=\"VIiyi\" lang=\"fr\"><span class=\"JLqJ4b\" data-language-for-alternatives=\"fr\" data-language-to-translate-into=\"de\" data-phrase-index=\"0\">Contient du limon\u00e8ne, du linalol, du citral<\/span><\/span><\/p>\n","protected":false},"excerpt":{"rendered":"<p>Arve Muskelfluidum mit \u00e4therischen \u00d6len &nbsp; &nbsp; 250 ml CHF 23.50 remplissage&nbsp; 100 ml CHF 8.00 &nbsp; &nbsp; &nbsp; &nbsp; &nbsp; G\u00e9n\u00e9ral Le fluide sans graisse \u00e0 l'huile de pin et aux huiles essentielles pures est rapidement absorb\u00e9 par la peau, rafra\u00eechit et ne laisse aucun r\u00e9sidu sur les mains ou les v\u00eatements. Gr\u00e2ce \u00e0 la formulation sp\u00e9ciale, la peau&nbsp;<a href=\"https:\/\/bien-etreiris.ch\/de\/produktpraesentation\/entspannen\/arven-produkte\/muskelfluidum\/\" class=\"read-more\">Weiter lesen<\/a><\/p>\n","protected":false},"author":1,"featured_media":49462,"parent":13413,"menu_order":5306,"comment_status":"closed","ping_status":"closed","template":"page-with-child.php","meta":{"_acf_changed":false,"ngg_post_thumbnail":0,"footnotes":""},"class_list":["post-49443","page","type-page","status-publish","has-post-thumbnail","hentry"],"acf":[],"yoast_head":"<!-- This site is optimized with the Yoast SEO plugin v27.5 - https:\/\/yoast.com\/product\/yoast-seo-wordpress\/ -->\n<title>MUSKELFLUIDUM - WOHLBEFINDEN<\/title>\n<meta name=\"robots\" content=\"index, follow, max-snippet:-1, max-image-preview:large, max-video-preview:-1\" \/>\n<link rel=\"canonical\" href=\"https:\/\/bien-etreiris.ch\/de\/produktpraesentation\/entspannen\/arven-produkte\/muskelfluidum\/\" \/>\n<meta property=\"og:locale\" content=\"de_DE\" \/>\n<meta property=\"og:type\" content=\"article\" \/>\n<meta property=\"og:title\" content=\"MUSKELFLUIDUM - WOHLBEFINDEN\" \/>\n<meta property=\"og:description\" content=\"Arve Muskelfluidum mit \u00e4therischen \u00d6len &nbsp; &nbsp; 250 ml CHF 23.50 remplissage&nbsp; 100 ml CHF 8.00 &nbsp; &nbsp; &nbsp; &nbsp; &nbsp; G\u00e9n\u00e9ral Le fluide sans graisse \u00e0 l&#039;huile de pin et aux huiles essentielles pures est rapidement absorb\u00e9 par la peau, rafra\u00eechit et ne laisse aucun r\u00e9sidu sur les mains ou les v\u00eatements. Gr\u00e2ce \u00e0 la formulation sp\u00e9ciale, la peau&nbsp;Weiter lesen\" \/>\n<meta property=\"og:url\" content=\"https:\/\/bien-etreiris.ch\/de\/produktpraesentation\/entspannen\/arven-produkte\/muskelfluidum\/\" \/>\n<meta property=\"og:site_name\" content=\"WOHLBEFINDEN\" \/>\n<meta property=\"article:publisher\" content=\"https:\/\/www.facebook.com\/bienetreiris\/\" \/>\n<meta property=\"article:modified_time\" content=\"2021-06-05T09:07:54+00:00\" \/>\n<meta property=\"og:image\" content=\"https:\/\/bien-etreiris.ch\/wp-content\/uploads\/2021\/06\/Fluide-musculaire.jpg\" \/>\n\t<meta property=\"og:image:width\" content=\"500\" \/>\n\t<meta property=\"og:image:height\" content=\"358\" \/>\n\t<meta property=\"og:image:type\" content=\"image\/jpeg\" \/>\n<meta name=\"twitter:label1\" content=\"Gesch\u00e4tzte Lesezeit\" \/>\n\t<meta name=\"twitter:data1\" content=\"2\u00a0Minuten\" \/>\n<script type=\"application\/ld+json\" class=\"yoast-schema-graph\">{\"@context\":\"https:\\\/\\\/schema.org\",\"@graph\":[{\"@type\":\"WebPage\",\"@id\":\"https:\\\/\\\/bien-etreiris.ch\\\/de\\\/produktpraesentation\\\/entspannen\\\/arven-produkte\\\/muskelfluidum\\\/\",\"url\":\"https:\\\/\\\/bien-etreiris.ch\\\/de\\\/produktpraesentation\\\/entspannen\\\/arven-produkte\\\/muskelfluidum\\\/\",\"name\":\"MUSKELFLUIDUM - WOHLBEFINDEN\",\"isPartOf\":{\"@id\":\"https:\\\/\\\/bien-etreiris.ch\\\/de\\\/#website\"},\"primaryImageOfPage\":{\"@id\":\"https:\\\/\\\/bien-etreiris.ch\\\/de\\\/produktpraesentation\\\/entspannen\\\/arven-produkte\\\/muskelfluidum\\\/#primaryimage\"},\"image\":{\"@id\":\"https:\\\/\\\/bien-etreiris.ch\\\/de\\\/produktpraesentation\\\/entspannen\\\/arven-produkte\\\/muskelfluidum\\\/#primaryimage\"},\"thumbnailUrl\":\"https:\\\/\\\/bien-etreiris.ch\\\/wp-content\\\/uploads\\\/2021\\\/06\\\/Fluide-musculaire.jpg\",\"datePublished\":\"2021-06-04T17:05:11+00:00\",\"dateModified\":\"2021-06-05T09:07:54+00:00\",\"breadcrumb\":{\"@id\":\"https:\\\/\\\/bien-etreiris.ch\\\/de\\\/produktpraesentation\\\/entspannen\\\/arven-produkte\\\/muskelfluidum\\\/#breadcrumb\"},\"inLanguage\":\"de\",\"potentialAction\":[{\"@type\":\"ReadAction\",\"target\":[\"https:\\\/\\\/bien-etreiris.ch\\\/de\\\/produktpraesentation\\\/entspannen\\\/arven-produkte\\\/muskelfluidum\\\/\"]}]},{\"@type\":\"ImageObject\",\"inLanguage\":\"de\",\"@id\":\"https:\\\/\\\/bien-etreiris.ch\\\/de\\\/produktpraesentation\\\/entspannen\\\/arven-produkte\\\/muskelfluidum\\\/#primaryimage\",\"url\":\"https:\\\/\\\/bien-etreiris.ch\\\/wp-content\\\/uploads\\\/2021\\\/06\\\/Fluide-musculaire.jpg\",\"contentUrl\":\"https:\\\/\\\/bien-etreiris.ch\\\/wp-content\\\/uploads\\\/2021\\\/06\\\/Fluide-musculaire.jpg\",\"width\":500,\"height\":358},{\"@type\":\"BreadcrumbList\",\"@id\":\"https:\\\/\\\/bien-etreiris.ch\\\/de\\\/produktpraesentation\\\/entspannen\\\/arven-produkte\\\/muskelfluidum\\\/#breadcrumb\",\"itemListElement\":[{\"@type\":\"ListItem\",\"position\":1,\"name\":\"Home\",\"item\":\"https:\\\/\\\/bien-etreiris.ch\\\/de\\\/\"},{\"@type\":\"ListItem\",\"position\":2,\"name\":\"PRODUKTPR\u00c4SENTATION\",\"item\":\"https:\\\/\\\/bien-etreiris.ch\\\/de\\\/produktpraesentation\\\/\"},{\"@type\":\"ListItem\",\"position\":3,\"name\":\"ENTSPANNEND\",\"item\":\"https:\\\/\\\/bien-etreiris.ch\\\/de\\\/produktpraesentation\\\/entspannen\\\/\"},{\"@type\":\"ListItem\",\"position\":4,\"name\":\"ARVEN PRODUKTE\",\"item\":\"https:\\\/\\\/bien-etreiris.ch\\\/de\\\/produktpraesentation\\\/entspannen\\\/arven-produkte\\\/\"},{\"@type\":\"ListItem\",\"position\":5,\"name\":\"MUSKELFLUIDUM\"}]},{\"@type\":\"WebSite\",\"@id\":\"https:\\\/\\\/bien-etreiris.ch\\\/de\\\/#website\",\"url\":\"https:\\\/\\\/bien-etreiris.ch\\\/de\\\/\",\"name\":\"Bien-\u00eatre Iris\",\"description\":\"IHRE Gesundheit ist uns wichtig\",\"potentialAction\":[{\"@type\":\"SearchAction\",\"target\":{\"@type\":\"EntryPoint\",\"urlTemplate\":\"https:\\\/\\\/bien-etreiris.ch\\\/de\\\/?s={search_term_string}\"},\"query-input\":{\"@type\":\"PropertyValueSpecification\",\"valueRequired\":true,\"valueName\":\"search_term_string\"}}],\"inLanguage\":\"de\"}]}<\/script>\n<!-- \/ Yoast SEO plugin. -->","yoast_head_json":{"title":"MUSKELFLUIDUM - WOHLBEFINDEN","robots":{"index":"index","follow":"follow","max-snippet":"max-snippet:-1","max-image-preview":"max-image-preview:large","max-video-preview":"max-video-preview:-1"},"canonical":"https:\/\/bien-etreiris.ch\/de\/produktpraesentation\/entspannen\/arven-produkte\/muskelfluidum\/","og_locale":"de_DE","og_type":"article","og_title":"MUSKELFLUIDUM - WOHLBEFINDEN","og_description":"Arve Muskelfluidum mit \u00e4therischen \u00d6len &nbsp; &nbsp; 250 ml CHF 23.50 remplissage&nbsp; 100 ml CHF 8.00 &nbsp; &nbsp; &nbsp; &nbsp; &nbsp; G\u00e9n\u00e9ral Le fluide sans graisse \u00e0 l'huile de pin et aux huiles essentielles pures est rapidement absorb\u00e9 par la peau, rafra\u00eechit et ne laisse aucun r\u00e9sidu sur les mains ou les v\u00eatements. Gr\u00e2ce \u00e0 la formulation sp\u00e9ciale, la peau&nbsp;Weiter lesen","og_url":"https:\/\/bien-etreiris.ch\/de\/produktpraesentation\/entspannen\/arven-produkte\/muskelfluidum\/","og_site_name":"WOHLBEFINDEN","article_publisher":"https:\/\/www.facebook.com\/bienetreiris\/","article_modified_time":"2021-06-05T09:07:54+00:00","og_image":[{"width":500,"height":358,"url":"https:\/\/bien-etreiris.ch\/wp-content\/uploads\/2021\/06\/Fluide-musculaire.jpg","type":"image\/jpeg"}],"twitter_misc":{"Gesch\u00e4tzte Lesezeit":"2\u00a0Minuten"},"schema":{"@context":"https:\/\/schema.org","@graph":[{"@type":"WebPage","@id":"https:\/\/bien-etreiris.ch\/de\/produktpraesentation\/entspannen\/arven-produkte\/muskelfluidum\/","url":"https:\/\/bien-etreiris.ch\/de\/produktpraesentation\/entspannen\/arven-produkte\/muskelfluidum\/","name":"MUSKELFLUIDUM - WOHLBEFINDEN","isPartOf":{"@id":"https:\/\/bien-etreiris.ch\/de\/#website"},"primaryImageOfPage":{"@id":"https:\/\/bien-etreiris.ch\/de\/produktpraesentation\/entspannen\/arven-produkte\/muskelfluidum\/#primaryimage"},"image":{"@id":"https:\/\/bien-etreiris.ch\/de\/produktpraesentation\/entspannen\/arven-produkte\/muskelfluidum\/#primaryimage"},"thumbnailUrl":"https:\/\/bien-etreiris.ch\/wp-content\/uploads\/2021\/06\/Fluide-musculaire.jpg","datePublished":"2021-06-04T17:05:11+00:00","dateModified":"2021-06-05T09:07:54+00:00","breadcrumb":{"@id":"https:\/\/bien-etreiris.ch\/de\/produktpraesentation\/entspannen\/arven-produkte\/muskelfluidum\/#breadcrumb"},"inLanguage":"de","potentialAction":[{"@type":"ReadAction","target":["https:\/\/bien-etreiris.ch\/de\/produktpraesentation\/entspannen\/arven-produkte\/muskelfluidum\/"]}]},{"@type":"ImageObject","inLanguage":"de","@id":"https:\/\/bien-etreiris.ch\/de\/produktpraesentation\/entspannen\/arven-produkte\/muskelfluidum\/#primaryimage","url":"https:\/\/bien-etreiris.ch\/wp-content\/uploads\/2021\/06\/Fluide-musculaire.jpg","contentUrl":"https:\/\/bien-etreiris.ch\/wp-content\/uploads\/2021\/06\/Fluide-musculaire.jpg","width":500,"height":358},{"@type":"BreadcrumbList","@id":"https:\/\/bien-etreiris.ch\/de\/produktpraesentation\/entspannen\/arven-produkte\/muskelfluidum\/#breadcrumb","itemListElement":[{"@type":"ListItem","position":1,"name":"Home","item":"https:\/\/bien-etreiris.ch\/de\/"},{"@type":"ListItem","position":2,"name":"PRODUKTPR\u00c4SENTATION","item":"https:\/\/bien-etreiris.ch\/de\/produktpraesentation\/"},{"@type":"ListItem","position":3,"name":"ENTSPANNEND","item":"https:\/\/bien-etreiris.ch\/de\/produktpraesentation\/entspannen\/"},{"@type":"ListItem","position":4,"name":"ARVEN PRODUKTE","item":"https:\/\/bien-etreiris.ch\/de\/produktpraesentation\/entspannen\/arven-produkte\/"},{"@type":"ListItem","position":5,"name":"MUSKELFLUIDUM"}]},{"@type":"WebSite","@id":"https:\/\/bien-etreiris.ch\/de\/#website","url":"https:\/\/bien-etreiris.ch\/de\/","name":"Bien-\u00eatre Iris","description":"IHRE Gesundheit ist uns wichtig","potentialAction":[{"@type":"SearchAction","target":{"@type":"EntryPoint","urlTemplate":"https:\/\/bien-etreiris.ch\/de\/?s={search_term_string}"},"query-input":{"@type":"PropertyValueSpecification","valueRequired":true,"valueName":"search_term_string"}}],"inLanguage":"de"}]}},"_links":{"self":[{"href":"https:\/\/bien-etreiris.ch\/de\/wp-json\/wp\/v2\/pages\/49443","targetHints":{"allow":["GET"]}}],"collection":[{"href":"https:\/\/bien-etreiris.ch\/de\/wp-json\/wp\/v2\/pages"}],"about":[{"href":"https:\/\/bien-etreiris.ch\/de\/wp-json\/wp\/v2\/types\/page"}],"author":[{"embeddable":true,"href":"https:\/\/bien-etreiris.ch\/de\/wp-json\/wp\/v2\/users\/1"}],"replies":[{"embeddable":true,"href":"https:\/\/bien-etreiris.ch\/de\/wp-json\/wp\/v2\/comments?post=49443"}],"version-history":[{"count":4,"href":"https:\/\/bien-etreiris.ch\/de\/wp-json\/wp\/v2\/pages\/49443\/revisions"}],"predecessor-version":[{"id":49550,"href":"https:\/\/bien-etreiris.ch\/de\/wp-json\/wp\/v2\/pages\/49443\/revisions\/49550"}],"up":[{"embeddable":true,"href":"https:\/\/bien-etreiris.ch\/de\/wp-json\/wp\/v2\/pages\/13413"}],"wp:featuredmedia":[{"embeddable":true,"href":"https:\/\/bien-etreiris.ch\/de\/wp-json\/wp\/v2\/media\/49462"}],"wp:attachment":[{"href":"https:\/\/bien-etreiris.ch\/de\/wp-json\/wp\/v2\/media?parent=49443"}],"curies":[{"name":"wp","href":"https:\/\/api.w.org\/{rel}","templated":true}]}}