{"id":49416,"date":"2020-11-05T06:24:53","date_gmt":"2020-11-05T06:24:53","guid":{"rendered":"https:\/\/bien-etreiris.ch\/produktpraesentation\/aromatherapie\/raumbeduftung\/duftlampe\/en-cristal-de-sel\/"},"modified":"2022-12-26T20:19:28","modified_gmt":"2022-12-26T18:19:28","slug":"aromatische-salzkristall-lampe","status":"publish","type":"page","link":"https:\/\/bien-etreiris.ch\/de\/produktpraesentation\/aromatherapie\/raumbeduftung\/duftlampen\/aromatische-salzkristall-lampe\/","title":{"rendered":"AUS SALZKRISTALL"},"content":{"rendered":"<h2><strong>Aromatische-Salzkristall-Lampe<\/strong><\/h2>\n<h4>&nbsp;<\/h4>\n<p><a href=\"https:\/\/decoiris.ch\/wp-content\/uploads\/2019\/12\/Lampe-aromatique-en-cristal-de-sel.png\"><img loading=\"lazy\" decoding=\"async\" class=\"size-medium wp-image-30048 alignleft\" src=\"https:\/\/decoiris.ch\/wp-content\/uploads\/2019\/12\/Lampe-aromatique-en-cristal-de-sel-300x300.png\" alt=\"\" width=\"300\" height=\"300\" srcset=\"https:\/\/bien-etreiris.ch\/wp-content\/uploads\/2019\/12\/Lampe-aromatique-en-cristal-de-sel-300x300.png 300w, https:\/\/bien-etreiris.ch\/wp-content\/uploads\/2019\/12\/Lampe-aromatique-en-cristal-de-sel-150x150.png 150w, https:\/\/bien-etreiris.ch\/wp-content\/uploads\/2019\/12\/Lampe-aromatique-en-cristal-de-sel-768x768.png 768w, https:\/\/bien-etreiris.ch\/wp-content\/uploads\/2019\/12\/Lampe-aromatique-en-cristal-de-sel.png 800w\" sizes=\"auto, (max-width: 300px) 100vw, 300px\" \/><\/a><\/p>\n<p>&nbsp;<\/p>\n<p>&nbsp;<\/p>\n<p>Kann als Aromalampe f\u00fcr die Raumbeduftung mit \u00e4therischen \u00d6len verwendet werden. 15 W - CE-gepr\u00fcft,<\/p>\n<p>ca. 1600 gr. &nbsp; &nbsp;<\/p>\n<p>1 St\u00fcck <strong>CHF 29.00<\/strong>&nbsp;<\/p>\n<p>&nbsp;<\/p>\n<p>&nbsp;<\/p>\n<p>&nbsp;<\/p>\n<p>&nbsp;<\/p>\n\n\n<p>Salzlampen sind ein wunderbares Hilfsmittel zur Steigerung des Wohlbefindens. Sie strahlen ein angenehmes, weiches Licht aus, dessen Orangeton beruhigend wirkt. In der Chromotherapie ist die Farbe Orange daf\u00fcr bekannt, die Wiederverbindung zwischen K\u00f6rper und Geist zu f\u00f6rdern, aber auch ein Verb\u00fcndeter gegen M\u00fcdigkeit zu sein. Aus diesem Grund k\u00f6nnen sie bei einer Meditationssitzung sehr hilfreich sein. Man findet sie \u00fcbrigens h\u00e4ufig in Sophrologiepraxen oder an Orten, an denen Yoga praktiziert wird. Auch wenn ihr Nutzen f\u00fcr die Gesundheit nicht wissenschaftlich erwiesen ist, sind sie dennoch ein unbestreitbarer Vorteil, der f\u00fcr ein entspanntes Lebensumfeld sorgt.<\/p>\n","protected":false},"excerpt":{"rendered":"<p>Aromatische-Salzkristall-Lampe &nbsp; &nbsp; &nbsp; Kann als Aromalampe f\u00fcr die Raumbeduftung mit \u00e4therischen \u00d6len verwendet werden. 15 W - CE-gepr\u00fcft, ca. 1600 gr. &nbsp; &nbsp; 1 St\u00fcck CHF 29.00&nbsp; &nbsp; &nbsp; &nbsp; &nbsp; Salzlampen sind ein wunderbares Hilfsmittel zur Steigerung des Wohlbefindens. Sie strahlen ein angenehmes, weiches Licht aus, dessen Orangeton beruhigend wirkt. In der Chromotherapie ist die Farbe Orange daf\u00fcr&nbsp;<a href=\"https:\/\/bien-etreiris.ch\/de\/produktpraesentation\/aromatherapie\/raumbeduftung\/duftlampen\/aromatische-salzkristall-lampe\/\" class=\"read-more\">Weiter lesen<\/a><\/p>\n","protected":false},"author":1,"featured_media":30050,"parent":17777,"menu_order":6850,"comment_status":"closed","ping_status":"closed","template":"page-with-child.php","meta":{"_acf_changed":false,"ngg_post_thumbnail":0,"footnotes":""},"class_list":["post-49416","page","type-page","status-publish","has-post-thumbnail","hentry"],"acf":[],"yoast_head":"<!-- This site is optimized with the Yoast SEO plugin v27.4 - https:\/\/yoast.com\/product\/yoast-seo-wordpress\/ -->\n<title>AUS SALZKRISTALL - WOHLBEFINDEN<\/title>\n<meta name=\"robots\" content=\"index, follow, max-snippet:-1, max-image-preview:large, max-video-preview:-1\" \/>\n<link rel=\"canonical\" href=\"https:\/\/bien-etreiris.ch\/de\/produktpraesentation\/aromatherapie\/raumbeduftung\/duftlampen\/aromatische-salzkristall-lampe\/\" \/>\n<meta property=\"og:locale\" content=\"de_DE\" \/>\n<meta property=\"og:type\" content=\"article\" \/>\n<meta property=\"og:title\" content=\"AUS SALZKRISTALL - WOHLBEFINDEN\" \/>\n<meta property=\"og:description\" content=\"Aromatische-Salzkristall-Lampe &nbsp; &nbsp; &nbsp; Kann als Aromalampe f\u00fcr die Raumbeduftung mit \u00e4therischen \u00d6len verwendet werden. 15 W - CE-gepr\u00fcft, ca. 1600 gr. &nbsp; &nbsp; 1 St\u00fcck CHF 29.00&nbsp; &nbsp; &nbsp; &nbsp; &nbsp; Salzlampen sind ein wunderbares Hilfsmittel zur Steigerung des Wohlbefindens. Sie strahlen ein angenehmes, weiches Licht aus, dessen Orangeton beruhigend wirkt. In der Chromotherapie ist die Farbe Orange daf\u00fcr&nbsp;Weiter lesen\" \/>\n<meta property=\"og:url\" content=\"https:\/\/bien-etreiris.ch\/de\/produktpraesentation\/aromatherapie\/raumbeduftung\/duftlampen\/aromatische-salzkristall-lampe\/\" \/>\n<meta property=\"og:site_name\" content=\"WOHLBEFINDEN\" \/>\n<meta property=\"article:publisher\" content=\"https:\/\/www.facebook.com\/bienetreiris\/\" \/>\n<meta property=\"article:modified_time\" content=\"2022-12-26T18:19:28+00:00\" \/>\n<meta property=\"og:image\" content=\"https:\/\/bien-etreiris.ch\/wp-content\/uploads\/2019\/12\/Lampe-aromatique-en-cristal-de-sel.png\" \/>\n\t<meta property=\"og:image:width\" content=\"800\" \/>\n\t<meta property=\"og:image:height\" content=\"800\" \/>\n\t<meta property=\"og:image:type\" content=\"image\/png\" \/>\n<meta name=\"twitter:label1\" content=\"Gesch\u00e4tzte Lesezeit\" \/>\n\t<meta name=\"twitter:data1\" content=\"1\u00a0Minute\" \/>\n<script type=\"application\/ld+json\" class=\"yoast-schema-graph\">{\"@context\":\"https:\\\/\\\/schema.org\",\"@graph\":[{\"@type\":\"WebPage\",\"@id\":\"https:\\\/\\\/bien-etreiris.ch\\\/de\\\/produktpraesentation\\\/aromatherapie\\\/raumbeduftung\\\/duftlampen\\\/aromatische-salzkristall-lampe\\\/\",\"url\":\"https:\\\/\\\/bien-etreiris.ch\\\/de\\\/produktpraesentation\\\/aromatherapie\\\/raumbeduftung\\\/duftlampen\\\/aromatische-salzkristall-lampe\\\/\",\"name\":\"AUS SALZKRISTALL - WOHLBEFINDEN\",\"isPartOf\":{\"@id\":\"https:\\\/\\\/bien-etreiris.ch\\\/de\\\/#website\"},\"primaryImageOfPage\":{\"@id\":\"https:\\\/\\\/bien-etreiris.ch\\\/de\\\/produktpraesentation\\\/aromatherapie\\\/raumbeduftung\\\/duftlampen\\\/aromatische-salzkristall-lampe\\\/#primaryimage\"},\"image\":{\"@id\":\"https:\\\/\\\/bien-etreiris.ch\\\/de\\\/produktpraesentation\\\/aromatherapie\\\/raumbeduftung\\\/duftlampen\\\/aromatische-salzkristall-lampe\\\/#primaryimage\"},\"thumbnailUrl\":\"https:\\\/\\\/bien-etreiris.ch\\\/wp-content\\\/uploads\\\/2019\\\/12\\\/Lampe-aromatique-en-cristal-de-sel.png\",\"datePublished\":\"2020-11-05T06:24:53+00:00\",\"dateModified\":\"2022-12-26T18:19:28+00:00\",\"breadcrumb\":{\"@id\":\"https:\\\/\\\/bien-etreiris.ch\\\/de\\\/produktpraesentation\\\/aromatherapie\\\/raumbeduftung\\\/duftlampen\\\/aromatische-salzkristall-lampe\\\/#breadcrumb\"},\"inLanguage\":\"de\",\"potentialAction\":[{\"@type\":\"ReadAction\",\"target\":[\"https:\\\/\\\/bien-etreiris.ch\\\/de\\\/produktpraesentation\\\/aromatherapie\\\/raumbeduftung\\\/duftlampen\\\/aromatische-salzkristall-lampe\\\/\"]}]},{\"@type\":\"ImageObject\",\"inLanguage\":\"de\",\"@id\":\"https:\\\/\\\/bien-etreiris.ch\\\/de\\\/produktpraesentation\\\/aromatherapie\\\/raumbeduftung\\\/duftlampen\\\/aromatische-salzkristall-lampe\\\/#primaryimage\",\"url\":\"https:\\\/\\\/bien-etreiris.ch\\\/wp-content\\\/uploads\\\/2019\\\/12\\\/Lampe-aromatique-en-cristal-de-sel.png\",\"contentUrl\":\"https:\\\/\\\/bien-etreiris.ch\\\/wp-content\\\/uploads\\\/2019\\\/12\\\/Lampe-aromatique-en-cristal-de-sel.png\",\"width\":800,\"height\":800},{\"@type\":\"BreadcrumbList\",\"@id\":\"https:\\\/\\\/bien-etreiris.ch\\\/de\\\/produktpraesentation\\\/aromatherapie\\\/raumbeduftung\\\/duftlampen\\\/aromatische-salzkristall-lampe\\\/#breadcrumb\",\"itemListElement\":[{\"@type\":\"ListItem\",\"position\":1,\"name\":\"Home\",\"item\":\"https:\\\/\\\/bien-etreiris.ch\\\/de\\\/\"},{\"@type\":\"ListItem\",\"position\":2,\"name\":\"PRODUKTPR\u00c4SENTATION\",\"item\":\"https:\\\/\\\/bien-etreiris.ch\\\/de\\\/produktpraesentation\\\/\"},{\"@type\":\"ListItem\",\"position\":3,\"name\":\"AROMATHERAPIE\",\"item\":\"https:\\\/\\\/bien-etreiris.ch\\\/de\\\/produktpraesentation\\\/aromatherapie\\\/\"},{\"@type\":\"ListItem\",\"position\":4,\"name\":\"RAUMBEDUFTUNG\",\"item\":\"https:\\\/\\\/bien-etreiris.ch\\\/de\\\/produktpraesentation\\\/aromatherapie\\\/raumbeduftung\\\/\"},{\"@type\":\"ListItem\",\"position\":5,\"name\":\"DUFTLAMPEN\",\"item\":\"https:\\\/\\\/bien-etreiris.ch\\\/de\\\/produktpraesentation\\\/aromatherapie\\\/raumbeduftung\\\/duftlampen\\\/\"},{\"@type\":\"ListItem\",\"position\":6,\"name\":\"AUS SALZKRISTALL\"}]},{\"@type\":\"WebSite\",\"@id\":\"https:\\\/\\\/bien-etreiris.ch\\\/de\\\/#website\",\"url\":\"https:\\\/\\\/bien-etreiris.ch\\\/de\\\/\",\"name\":\"Bien-\u00eatre Iris\",\"description\":\"IHRE Gesundheit ist uns wichtig\",\"potentialAction\":[{\"@type\":\"SearchAction\",\"target\":{\"@type\":\"EntryPoint\",\"urlTemplate\":\"https:\\\/\\\/bien-etreiris.ch\\\/de\\\/?s={search_term_string}\"},\"query-input\":{\"@type\":\"PropertyValueSpecification\",\"valueRequired\":true,\"valueName\":\"search_term_string\"}}],\"inLanguage\":\"de\"}]}<\/script>\n<!-- \/ Yoast SEO plugin. -->","yoast_head_json":{"title":"AUS SALZKRISTALL - WOHLBEFINDEN","robots":{"index":"index","follow":"follow","max-snippet":"max-snippet:-1","max-image-preview":"max-image-preview:large","max-video-preview":"max-video-preview:-1"},"canonical":"https:\/\/bien-etreiris.ch\/de\/produktpraesentation\/aromatherapie\/raumbeduftung\/duftlampen\/aromatische-salzkristall-lampe\/","og_locale":"de_DE","og_type":"article","og_title":"AUS SALZKRISTALL - WOHLBEFINDEN","og_description":"Aromatische-Salzkristall-Lampe &nbsp; &nbsp; &nbsp; Kann als Aromalampe f\u00fcr die Raumbeduftung mit \u00e4therischen \u00d6len verwendet werden. 15 W - CE-gepr\u00fcft, ca. 1600 gr. &nbsp; &nbsp; 1 St\u00fcck CHF 29.00&nbsp; &nbsp; &nbsp; &nbsp; &nbsp; Salzlampen sind ein wunderbares Hilfsmittel zur Steigerung des Wohlbefindens. Sie strahlen ein angenehmes, weiches Licht aus, dessen Orangeton beruhigend wirkt. In der Chromotherapie ist die Farbe Orange daf\u00fcr&nbsp;Weiter lesen","og_url":"https:\/\/bien-etreiris.ch\/de\/produktpraesentation\/aromatherapie\/raumbeduftung\/duftlampen\/aromatische-salzkristall-lampe\/","og_site_name":"WOHLBEFINDEN","article_publisher":"https:\/\/www.facebook.com\/bienetreiris\/","article_modified_time":"2022-12-26T18:19:28+00:00","og_image":[{"width":800,"height":800,"url":"https:\/\/bien-etreiris.ch\/wp-content\/uploads\/2019\/12\/Lampe-aromatique-en-cristal-de-sel.png","type":"image\/png"}],"twitter_misc":{"Gesch\u00e4tzte Lesezeit":"1\u00a0Minute"},"schema":{"@context":"https:\/\/schema.org","@graph":[{"@type":"WebPage","@id":"https:\/\/bien-etreiris.ch\/de\/produktpraesentation\/aromatherapie\/raumbeduftung\/duftlampen\/aromatische-salzkristall-lampe\/","url":"https:\/\/bien-etreiris.ch\/de\/produktpraesentation\/aromatherapie\/raumbeduftung\/duftlampen\/aromatische-salzkristall-lampe\/","name":"AUS SALZKRISTALL - WOHLBEFINDEN","isPartOf":{"@id":"https:\/\/bien-etreiris.ch\/de\/#website"},"primaryImageOfPage":{"@id":"https:\/\/bien-etreiris.ch\/de\/produktpraesentation\/aromatherapie\/raumbeduftung\/duftlampen\/aromatische-salzkristall-lampe\/#primaryimage"},"image":{"@id":"https:\/\/bien-etreiris.ch\/de\/produktpraesentation\/aromatherapie\/raumbeduftung\/duftlampen\/aromatische-salzkristall-lampe\/#primaryimage"},"thumbnailUrl":"https:\/\/bien-etreiris.ch\/wp-content\/uploads\/2019\/12\/Lampe-aromatique-en-cristal-de-sel.png","datePublished":"2020-11-05T06:24:53+00:00","dateModified":"2022-12-26T18:19:28+00:00","breadcrumb":{"@id":"https:\/\/bien-etreiris.ch\/de\/produktpraesentation\/aromatherapie\/raumbeduftung\/duftlampen\/aromatische-salzkristall-lampe\/#breadcrumb"},"inLanguage":"de","potentialAction":[{"@type":"ReadAction","target":["https:\/\/bien-etreiris.ch\/de\/produktpraesentation\/aromatherapie\/raumbeduftung\/duftlampen\/aromatische-salzkristall-lampe\/"]}]},{"@type":"ImageObject","inLanguage":"de","@id":"https:\/\/bien-etreiris.ch\/de\/produktpraesentation\/aromatherapie\/raumbeduftung\/duftlampen\/aromatische-salzkristall-lampe\/#primaryimage","url":"https:\/\/bien-etreiris.ch\/wp-content\/uploads\/2019\/12\/Lampe-aromatique-en-cristal-de-sel.png","contentUrl":"https:\/\/bien-etreiris.ch\/wp-content\/uploads\/2019\/12\/Lampe-aromatique-en-cristal-de-sel.png","width":800,"height":800},{"@type":"BreadcrumbList","@id":"https:\/\/bien-etreiris.ch\/de\/produktpraesentation\/aromatherapie\/raumbeduftung\/duftlampen\/aromatische-salzkristall-lampe\/#breadcrumb","itemListElement":[{"@type":"ListItem","position":1,"name":"Home","item":"https:\/\/bien-etreiris.ch\/de\/"},{"@type":"ListItem","position":2,"name":"PRODUKTPR\u00c4SENTATION","item":"https:\/\/bien-etreiris.ch\/de\/produktpraesentation\/"},{"@type":"ListItem","position":3,"name":"AROMATHERAPIE","item":"https:\/\/bien-etreiris.ch\/de\/produktpraesentation\/aromatherapie\/"},{"@type":"ListItem","position":4,"name":"RAUMBEDUFTUNG","item":"https:\/\/bien-etreiris.ch\/de\/produktpraesentation\/aromatherapie\/raumbeduftung\/"},{"@type":"ListItem","position":5,"name":"DUFTLAMPEN","item":"https:\/\/bien-etreiris.ch\/de\/produktpraesentation\/aromatherapie\/raumbeduftung\/duftlampen\/"},{"@type":"ListItem","position":6,"name":"AUS SALZKRISTALL"}]},{"@type":"WebSite","@id":"https:\/\/bien-etreiris.ch\/de\/#website","url":"https:\/\/bien-etreiris.ch\/de\/","name":"Bien-\u00eatre Iris","description":"IHRE Gesundheit ist uns wichtig","potentialAction":[{"@type":"SearchAction","target":{"@type":"EntryPoint","urlTemplate":"https:\/\/bien-etreiris.ch\/de\/?s={search_term_string}"},"query-input":{"@type":"PropertyValueSpecification","valueRequired":true,"valueName":"search_term_string"}}],"inLanguage":"de"}]}},"_links":{"self":[{"href":"https:\/\/bien-etreiris.ch\/de\/wp-json\/wp\/v2\/pages\/49416","targetHints":{"allow":["GET"]}}],"collection":[{"href":"https:\/\/bien-etreiris.ch\/de\/wp-json\/wp\/v2\/pages"}],"about":[{"href":"https:\/\/bien-etreiris.ch\/de\/wp-json\/wp\/v2\/types\/page"}],"author":[{"embeddable":true,"href":"https:\/\/bien-etreiris.ch\/de\/wp-json\/wp\/v2\/users\/1"}],"replies":[{"embeddable":true,"href":"https:\/\/bien-etreiris.ch\/de\/wp-json\/wp\/v2\/comments?post=49416"}],"version-history":[{"count":3,"href":"https:\/\/bien-etreiris.ch\/de\/wp-json\/wp\/v2\/pages\/49416\/revisions"}],"predecessor-version":[{"id":62947,"href":"https:\/\/bien-etreiris.ch\/de\/wp-json\/wp\/v2\/pages\/49416\/revisions\/62947"}],"up":[{"embeddable":true,"href":"https:\/\/bien-etreiris.ch\/de\/wp-json\/wp\/v2\/pages\/17777"}],"wp:featuredmedia":[{"embeddable":true,"href":"https:\/\/bien-etreiris.ch\/de\/wp-json\/wp\/v2\/media\/30050"}],"wp:attachment":[{"href":"https:\/\/bien-etreiris.ch\/de\/wp-json\/wp\/v2\/media?parent=49416"}],"curies":[{"name":"wp","href":"https:\/\/api.w.org\/{rel}","templated":true}]}}