{"id":49365,"date":"2021-04-21T11:06:34","date_gmt":"2021-04-21T09:06:34","guid":{"rendered":"https:\/\/bien-etreiris.ch\/produktpraesentation\/gesundes-leben\/gesunde-nahrungsmittel\/super-aliments\/trockenfruechte\/getrocknete-aepfel\/"},"modified":"2021-06-03T11:54:34","modified_gmt":"2021-06-03T09:54:34","slug":"getrocknete-aepfel","status":"publish","type":"page","link":"https:\/\/bien-etreiris.ch\/de\/produktpraesentation\/gesundes-leben\/gesunde-lebensmittel\/superfoods\/trockenfruechte\/getrocknete-aepfel\/","title":{"rendered":"\u00c4PFEL"},"content":{"rendered":"\n<h2><a href=\"https:\/\/bien-etreiris.ch\/wp-content\/uploads\/2021\/04\/pommes-en-grand-plan.png\"><img loading=\"lazy\" decoding=\"async\" class=\"size-medium wp-image-42892 aligncenter\" src=\"https:\/\/bien-etreiris.ch\/wp-content\/uploads\/2021\/04\/pommes-en-grand-plan-300x300.png\" alt=\"\" width=\"300\" height=\"300\" srcset=\"https:\/\/bien-etreiris.ch\/wp-content\/uploads\/2021\/04\/pommes-en-grand-plan-300x300.png 300w, https:\/\/bien-etreiris.ch\/wp-content\/uploads\/2021\/04\/pommes-en-grand-plan-150x150.png 150w, https:\/\/bien-etreiris.ch\/wp-content\/uploads\/2021\/04\/pommes-en-grand-plan.png 500w\" sizes=\"auto, (max-width: 300px) 100vw, 300px\" \/><\/a><\/h2>\n<p>Getrocknete \u00c4pfel<\/p>\n<p>Praktisch durch seine Verpackung ist der getrocknete Apfel das ideale Obst, um es \u00fcberall hin mitzunehmen. Es ist unser Gesundheitsverb\u00fcndeter f\u00fcr die Energiezufuhr, f\u00fcr die Gewichtsregulierung, f\u00fcr eine gute Verdauung, f\u00fcr seine kardiovaskul\u00e4re Schutzwirkung oder gegen bestimmte Krebsarten und f\u00fcr seine alkalisierende Wirkung.<\/p>\n<p>&nbsp;<\/p>\n<p>Lebensbaum<\/p>\n<p>&nbsp;<\/p>\n<p>Bio DEMETER-Apfel<\/p>\n<p>in W\u00fcrfel schneiden<\/p>\n<p>Herkunft : Deutschland<\/p>\n<p>verkauft in Bulk 50 g CHF 2.00<\/p>\n<p>&nbsp;<\/p>\n<p>&nbsp;<\/p>\n<p>&nbsp;<\/p>\n<p>&nbsp;<\/p>\n<p>&nbsp;<\/p>\n<p><span class=\"ILfuVd\"><span class=\"hgKElc\">La consommation des <b>pommes s\u00e9ch\u00e9es<\/b> est bon pour la sant\u00e9 et excellent. Ces fruits \u00e9liminent l'exc\u00e8s d'eau et sont de v\u00e9ritables concentr\u00e9s de vitamines. De plus, les fruits secs contiennent jusqu'\u00e0 5 fois plus de min\u00e9raux que les fruits <b>frais<\/b> (potassium, calcium, magn\u00e9sium, fer).<\/span><\/span><\/p>\n<h2>Quelles sont les vertus de la pomme s\u00e9ch\u00e9s&nbsp; ?<\/h2>\n<p>La pomme est tr\u00e8s peu calorique et de plus, c'est un aliment qui att\u00e9nue la sensation de fringale de mani\u00e8re durable<\/p>\n<p>Elles sont&nbsp;<strong>pleines de vitamines<\/strong>&nbsp;B, E et C et sont <strong>extr\u00eamement riches en antioxydants et en fibres.<\/strong><\/p>\n<p>Des \u00e9tudes ont montr\u00e9 que les antioxydants combin\u00e9s aux vertus de la vitamine C, r\u00e9duisent la croissance des cellules canc\u00e9reuses du foie et du colon.<\/p>\n<p>La pomme aurait une action b\u00e9n\u00e9fique sur le syst\u00e8me respiratoire et diminue la probabilit\u00e9 d'apparition du diab\u00e8te de type II.<\/p>\n<p>Manger de mani\u00e8re r\u00e9guli\u00e8re des pommes&nbsp;<strong>r\u00e9duirait le risque de maladies cardiovasculaires, de cancers et d\u2019asthmes.<\/strong>&nbsp;Bien entendu ce ne sont pas des m\u00e9dicaments, ceci fait partie d'un mode de vie !<\/p>\n<p>&nbsp;<\/p>\n<p>La pomme d\u00e9shydrat\u00e9e est une gourmandise \u00e0 manger \u00e0 toute heure, \u00e0 int\u00e9grer dans vos desserts (elle excelle mari\u00e9e \u00e0 la cannelle ou la banane d\u00e9shydrat\u00e9e), la pomme s\u00e9ch\u00e9e sert aussi \u00e0 aromatiser des th\u00e9s et infusions !<\/p>\n","protected":false},"excerpt":{"rendered":"<p>Getrocknete \u00c4pfel Praktisch durch seine Verpackung ist der getrocknete Apfel das ideale Obst, um es \u00fcberall hin mitzunehmen. Es ist unser Gesundheitsverb\u00fcndeter f\u00fcr die Energiezufuhr, f\u00fcr die Gewichtsregulierung, f\u00fcr eine gute Verdauung, f\u00fcr seine kardiovaskul\u00e4re Schutzwirkung oder gegen bestimmte Krebsarten und f\u00fcr seine alkalisierende Wirkung. &nbsp; Lebensbaum &nbsp; Bio DEMETER-Apfel in W\u00fcrfel schneiden Herkunft : Deutschland verkauft in Bulk 50&nbsp;<a href=\"https:\/\/bien-etreiris.ch\/de\/produktpraesentation\/gesundes-leben\/gesunde-lebensmittel\/superfoods\/trockenfruechte\/getrocknete-aepfel\/\" class=\"read-more\">Weiter lesen<\/a><\/p>\n","protected":false},"author":1,"featured_media":42891,"parent":42532,"menu_order":5942,"comment_status":"closed","ping_status":"closed","template":"page-with-child.php","meta":{"_acf_changed":false,"ngg_post_thumbnail":0,"footnotes":""},"class_list":["post-49365","page","type-page","status-publish","has-post-thumbnail","hentry"],"acf":[],"yoast_head":"<!-- This site is optimized with the Yoast SEO plugin v27.5 - https:\/\/yoast.com\/product\/yoast-seo-wordpress\/ -->\n<title>\u00c4PFEL - WOHLBEFINDEN<\/title>\n<meta name=\"robots\" content=\"index, follow, max-snippet:-1, max-image-preview:large, max-video-preview:-1\" \/>\n<link rel=\"canonical\" href=\"https:\/\/bien-etreiris.ch\/de\/produktpraesentation\/gesundes-leben\/gesunde-lebensmittel\/superfoods\/trockenfruechte\/getrocknete-aepfel\/\" \/>\n<meta property=\"og:locale\" content=\"de_DE\" \/>\n<meta property=\"og:type\" content=\"article\" \/>\n<meta property=\"og:title\" content=\"\u00c4PFEL - WOHLBEFINDEN\" \/>\n<meta property=\"og:description\" content=\"Getrocknete \u00c4pfel Praktisch durch seine Verpackung ist der getrocknete Apfel das ideale Obst, um es \u00fcberall hin mitzunehmen. Es ist unser Gesundheitsverb\u00fcndeter f\u00fcr die Energiezufuhr, f\u00fcr die Gewichtsregulierung, f\u00fcr eine gute Verdauung, f\u00fcr seine kardiovaskul\u00e4re Schutzwirkung oder gegen bestimmte Krebsarten und f\u00fcr seine alkalisierende Wirkung. &nbsp; Lebensbaum &nbsp; Bio DEMETER-Apfel in W\u00fcrfel schneiden Herkunft : Deutschland verkauft in Bulk 50&nbsp;Weiter lesen\" \/>\n<meta property=\"og:url\" content=\"https:\/\/bien-etreiris.ch\/de\/produktpraesentation\/gesundes-leben\/gesunde-lebensmittel\/superfoods\/trockenfruechte\/getrocknete-aepfel\/\" \/>\n<meta property=\"og:site_name\" content=\"WOHLBEFINDEN\" \/>\n<meta property=\"article:publisher\" content=\"https:\/\/www.facebook.com\/bienetreiris\/\" \/>\n<meta property=\"article:modified_time\" content=\"2021-06-03T09:54:34+00:00\" \/>\n<meta property=\"og:image\" content=\"https:\/\/bien-etreiris.ch\/wp-content\/uploads\/2021\/04\/acceuil-pommes.png\" \/>\n\t<meta property=\"og:image:width\" content=\"500\" \/>\n\t<meta property=\"og:image:height\" content=\"333\" \/>\n\t<meta property=\"og:image:type\" content=\"image\/png\" \/>\n<meta name=\"twitter:label1\" content=\"Gesch\u00e4tzte Lesezeit\" \/>\n\t<meta name=\"twitter:data1\" content=\"2\u00a0Minuten\" \/>\n<script type=\"application\/ld+json\" class=\"yoast-schema-graph\">{\"@context\":\"https:\\\/\\\/schema.org\",\"@graph\":[{\"@type\":\"WebPage\",\"@id\":\"https:\\\/\\\/bien-etreiris.ch\\\/de\\\/produktpraesentation\\\/gesundes-leben\\\/gesunde-lebensmittel\\\/superfoods\\\/trockenfruechte\\\/getrocknete-aepfel\\\/\",\"url\":\"https:\\\/\\\/bien-etreiris.ch\\\/de\\\/produktpraesentation\\\/gesundes-leben\\\/gesunde-lebensmittel\\\/superfoods\\\/trockenfruechte\\\/getrocknete-aepfel\\\/\",\"name\":\"\u00c4PFEL - WOHLBEFINDEN\",\"isPartOf\":{\"@id\":\"https:\\\/\\\/bien-etreiris.ch\\\/de\\\/#website\"},\"primaryImageOfPage\":{\"@id\":\"https:\\\/\\\/bien-etreiris.ch\\\/de\\\/produktpraesentation\\\/gesundes-leben\\\/gesunde-lebensmittel\\\/superfoods\\\/trockenfruechte\\\/getrocknete-aepfel\\\/#primaryimage\"},\"image\":{\"@id\":\"https:\\\/\\\/bien-etreiris.ch\\\/de\\\/produktpraesentation\\\/gesundes-leben\\\/gesunde-lebensmittel\\\/superfoods\\\/trockenfruechte\\\/getrocknete-aepfel\\\/#primaryimage\"},\"thumbnailUrl\":\"https:\\\/\\\/bien-etreiris.ch\\\/wp-content\\\/uploads\\\/2021\\\/04\\\/acceuil-pommes.png\",\"datePublished\":\"2021-04-21T09:06:34+00:00\",\"dateModified\":\"2021-06-03T09:54:34+00:00\",\"breadcrumb\":{\"@id\":\"https:\\\/\\\/bien-etreiris.ch\\\/de\\\/produktpraesentation\\\/gesundes-leben\\\/gesunde-lebensmittel\\\/superfoods\\\/trockenfruechte\\\/getrocknete-aepfel\\\/#breadcrumb\"},\"inLanguage\":\"de\",\"potentialAction\":[{\"@type\":\"ReadAction\",\"target\":[\"https:\\\/\\\/bien-etreiris.ch\\\/de\\\/produktpraesentation\\\/gesundes-leben\\\/gesunde-lebensmittel\\\/superfoods\\\/trockenfruechte\\\/getrocknete-aepfel\\\/\"]}]},{\"@type\":\"ImageObject\",\"inLanguage\":\"de\",\"@id\":\"https:\\\/\\\/bien-etreiris.ch\\\/de\\\/produktpraesentation\\\/gesundes-leben\\\/gesunde-lebensmittel\\\/superfoods\\\/trockenfruechte\\\/getrocknete-aepfel\\\/#primaryimage\",\"url\":\"https:\\\/\\\/bien-etreiris.ch\\\/wp-content\\\/uploads\\\/2021\\\/04\\\/acceuil-pommes.png\",\"contentUrl\":\"https:\\\/\\\/bien-etreiris.ch\\\/wp-content\\\/uploads\\\/2021\\\/04\\\/acceuil-pommes.png\",\"width\":500,\"height\":333},{\"@type\":\"BreadcrumbList\",\"@id\":\"https:\\\/\\\/bien-etreiris.ch\\\/de\\\/produktpraesentation\\\/gesundes-leben\\\/gesunde-lebensmittel\\\/superfoods\\\/trockenfruechte\\\/getrocknete-aepfel\\\/#breadcrumb\",\"itemListElement\":[{\"@type\":\"ListItem\",\"position\":1,\"name\":\"Home\",\"item\":\"https:\\\/\\\/bien-etreiris.ch\\\/de\\\/\"},{\"@type\":\"ListItem\",\"position\":2,\"name\":\"PRODUKTPR\u00c4SENTATION\",\"item\":\"https:\\\/\\\/bien-etreiris.ch\\\/de\\\/produktpraesentation\\\/\"},{\"@type\":\"ListItem\",\"position\":3,\"name\":\"GESUNDES LEBEN\",\"item\":\"https:\\\/\\\/bien-etreiris.ch\\\/de\\\/produktpraesentation\\\/gesundes-leben\\\/\"},{\"@type\":\"ListItem\",\"position\":4,\"name\":\"GESUNDE LEBENSMITTEL\",\"item\":\"https:\\\/\\\/bien-etreiris.ch\\\/de\\\/produktpraesentation\\\/gesundes-leben\\\/gesunde-lebensmittel\\\/\"},{\"@type\":\"ListItem\",\"position\":5,\"name\":\"SUPERFOODS\",\"item\":\"https:\\\/\\\/bien-etreiris.ch\\\/de\\\/produktpraesentation\\\/gesundes-leben\\\/gesunde-lebensmittel\\\/superfoods\\\/\"},{\"@type\":\"ListItem\",\"position\":6,\"name\":\"TROCKENFR\u00dcCHTE\",\"item\":\"https:\\\/\\\/bien-etreiris.ch\\\/de\\\/produktpraesentation\\\/gesundes-leben\\\/gesunde-lebensmittel\\\/superfoods\\\/trockenfruechte\\\/\"},{\"@type\":\"ListItem\",\"position\":7,\"name\":\"\u00c4PFEL\"}]},{\"@type\":\"WebSite\",\"@id\":\"https:\\\/\\\/bien-etreiris.ch\\\/de\\\/#website\",\"url\":\"https:\\\/\\\/bien-etreiris.ch\\\/de\\\/\",\"name\":\"Bien-\u00eatre Iris\",\"description\":\"IHRE Gesundheit ist uns wichtig\",\"potentialAction\":[{\"@type\":\"SearchAction\",\"target\":{\"@type\":\"EntryPoint\",\"urlTemplate\":\"https:\\\/\\\/bien-etreiris.ch\\\/de\\\/?s={search_term_string}\"},\"query-input\":{\"@type\":\"PropertyValueSpecification\",\"valueRequired\":true,\"valueName\":\"search_term_string\"}}],\"inLanguage\":\"de\"}]}<\/script>\n<!-- \/ Yoast SEO plugin. -->","yoast_head_json":{"title":"\u00c4PFEL - WOHLBEFINDEN","robots":{"index":"index","follow":"follow","max-snippet":"max-snippet:-1","max-image-preview":"max-image-preview:large","max-video-preview":"max-video-preview:-1"},"canonical":"https:\/\/bien-etreiris.ch\/de\/produktpraesentation\/gesundes-leben\/gesunde-lebensmittel\/superfoods\/trockenfruechte\/getrocknete-aepfel\/","og_locale":"de_DE","og_type":"article","og_title":"\u00c4PFEL - WOHLBEFINDEN","og_description":"Getrocknete \u00c4pfel Praktisch durch seine Verpackung ist der getrocknete Apfel das ideale Obst, um es \u00fcberall hin mitzunehmen. Es ist unser Gesundheitsverb\u00fcndeter f\u00fcr die Energiezufuhr, f\u00fcr die Gewichtsregulierung, f\u00fcr eine gute Verdauung, f\u00fcr seine kardiovaskul\u00e4re Schutzwirkung oder gegen bestimmte Krebsarten und f\u00fcr seine alkalisierende Wirkung. &nbsp; Lebensbaum &nbsp; Bio DEMETER-Apfel in W\u00fcrfel schneiden Herkunft : Deutschland verkauft in Bulk 50&nbsp;Weiter lesen","og_url":"https:\/\/bien-etreiris.ch\/de\/produktpraesentation\/gesundes-leben\/gesunde-lebensmittel\/superfoods\/trockenfruechte\/getrocknete-aepfel\/","og_site_name":"WOHLBEFINDEN","article_publisher":"https:\/\/www.facebook.com\/bienetreiris\/","article_modified_time":"2021-06-03T09:54:34+00:00","og_image":[{"width":500,"height":333,"url":"https:\/\/bien-etreiris.ch\/wp-content\/uploads\/2021\/04\/acceuil-pommes.png","type":"image\/png"}],"twitter_misc":{"Gesch\u00e4tzte Lesezeit":"2\u00a0Minuten"},"schema":{"@context":"https:\/\/schema.org","@graph":[{"@type":"WebPage","@id":"https:\/\/bien-etreiris.ch\/de\/produktpraesentation\/gesundes-leben\/gesunde-lebensmittel\/superfoods\/trockenfruechte\/getrocknete-aepfel\/","url":"https:\/\/bien-etreiris.ch\/de\/produktpraesentation\/gesundes-leben\/gesunde-lebensmittel\/superfoods\/trockenfruechte\/getrocknete-aepfel\/","name":"\u00c4PFEL - WOHLBEFINDEN","isPartOf":{"@id":"https:\/\/bien-etreiris.ch\/de\/#website"},"primaryImageOfPage":{"@id":"https:\/\/bien-etreiris.ch\/de\/produktpraesentation\/gesundes-leben\/gesunde-lebensmittel\/superfoods\/trockenfruechte\/getrocknete-aepfel\/#primaryimage"},"image":{"@id":"https:\/\/bien-etreiris.ch\/de\/produktpraesentation\/gesundes-leben\/gesunde-lebensmittel\/superfoods\/trockenfruechte\/getrocknete-aepfel\/#primaryimage"},"thumbnailUrl":"https:\/\/bien-etreiris.ch\/wp-content\/uploads\/2021\/04\/acceuil-pommes.png","datePublished":"2021-04-21T09:06:34+00:00","dateModified":"2021-06-03T09:54:34+00:00","breadcrumb":{"@id":"https:\/\/bien-etreiris.ch\/de\/produktpraesentation\/gesundes-leben\/gesunde-lebensmittel\/superfoods\/trockenfruechte\/getrocknete-aepfel\/#breadcrumb"},"inLanguage":"de","potentialAction":[{"@type":"ReadAction","target":["https:\/\/bien-etreiris.ch\/de\/produktpraesentation\/gesundes-leben\/gesunde-lebensmittel\/superfoods\/trockenfruechte\/getrocknete-aepfel\/"]}]},{"@type":"ImageObject","inLanguage":"de","@id":"https:\/\/bien-etreiris.ch\/de\/produktpraesentation\/gesundes-leben\/gesunde-lebensmittel\/superfoods\/trockenfruechte\/getrocknete-aepfel\/#primaryimage","url":"https:\/\/bien-etreiris.ch\/wp-content\/uploads\/2021\/04\/acceuil-pommes.png","contentUrl":"https:\/\/bien-etreiris.ch\/wp-content\/uploads\/2021\/04\/acceuil-pommes.png","width":500,"height":333},{"@type":"BreadcrumbList","@id":"https:\/\/bien-etreiris.ch\/de\/produktpraesentation\/gesundes-leben\/gesunde-lebensmittel\/superfoods\/trockenfruechte\/getrocknete-aepfel\/#breadcrumb","itemListElement":[{"@type":"ListItem","position":1,"name":"Home","item":"https:\/\/bien-etreiris.ch\/de\/"},{"@type":"ListItem","position":2,"name":"PRODUKTPR\u00c4SENTATION","item":"https:\/\/bien-etreiris.ch\/de\/produktpraesentation\/"},{"@type":"ListItem","position":3,"name":"GESUNDES LEBEN","item":"https:\/\/bien-etreiris.ch\/de\/produktpraesentation\/gesundes-leben\/"},{"@type":"ListItem","position":4,"name":"GESUNDE LEBENSMITTEL","item":"https:\/\/bien-etreiris.ch\/de\/produktpraesentation\/gesundes-leben\/gesunde-lebensmittel\/"},{"@type":"ListItem","position":5,"name":"SUPERFOODS","item":"https:\/\/bien-etreiris.ch\/de\/produktpraesentation\/gesundes-leben\/gesunde-lebensmittel\/superfoods\/"},{"@type":"ListItem","position":6,"name":"TROCKENFR\u00dcCHTE","item":"https:\/\/bien-etreiris.ch\/de\/produktpraesentation\/gesundes-leben\/gesunde-lebensmittel\/superfoods\/trockenfruechte\/"},{"@type":"ListItem","position":7,"name":"\u00c4PFEL"}]},{"@type":"WebSite","@id":"https:\/\/bien-etreiris.ch\/de\/#website","url":"https:\/\/bien-etreiris.ch\/de\/","name":"Bien-\u00eatre Iris","description":"IHRE Gesundheit ist uns wichtig","potentialAction":[{"@type":"SearchAction","target":{"@type":"EntryPoint","urlTemplate":"https:\/\/bien-etreiris.ch\/de\/?s={search_term_string}"},"query-input":{"@type":"PropertyValueSpecification","valueRequired":true,"valueName":"search_term_string"}}],"inLanguage":"de"}]}},"_links":{"self":[{"href":"https:\/\/bien-etreiris.ch\/de\/wp-json\/wp\/v2\/pages\/49365","targetHints":{"allow":["GET"]}}],"collection":[{"href":"https:\/\/bien-etreiris.ch\/de\/wp-json\/wp\/v2\/pages"}],"about":[{"href":"https:\/\/bien-etreiris.ch\/de\/wp-json\/wp\/v2\/types\/page"}],"author":[{"embeddable":true,"href":"https:\/\/bien-etreiris.ch\/de\/wp-json\/wp\/v2\/users\/1"}],"replies":[{"embeddable":true,"href":"https:\/\/bien-etreiris.ch\/de\/wp-json\/wp\/v2\/comments?post=49365"}],"version-history":[{"count":3,"href":"https:\/\/bien-etreiris.ch\/de\/wp-json\/wp\/v2\/pages\/49365\/revisions"}],"predecessor-version":[{"id":49370,"href":"https:\/\/bien-etreiris.ch\/de\/wp-json\/wp\/v2\/pages\/49365\/revisions\/49370"}],"up":[{"embeddable":true,"href":"https:\/\/bien-etreiris.ch\/de\/wp-json\/wp\/v2\/pages\/42532"}],"wp:featuredmedia":[{"embeddable":true,"href":"https:\/\/bien-etreiris.ch\/de\/wp-json\/wp\/v2\/media\/42891"}],"wp:attachment":[{"href":"https:\/\/bien-etreiris.ch\/de\/wp-json\/wp\/v2\/media?parent=49365"}],"curies":[{"name":"wp","href":"https:\/\/api.w.org\/{rel}","templated":true}]}}