{"id":49353,"date":"2021-04-19T12:54:20","date_gmt":"2021-04-19T10:54:20","guid":{"rendered":"https:\/\/bien-etreiris.ch\/produktpraesentation\/gesundes-leben\/gesunde-nahrungsmittel\/super-aliments\/trockenfruechte\/42588-2\/"},"modified":"2021-06-03T11:44:16","modified_gmt":"2021-06-03T09:44:16","slug":"trockene-aprikosen","status":"publish","type":"page","link":"https:\/\/bien-etreiris.ch\/de\/produktpraesentation\/gesundes-leben\/gesunde-lebensmittel\/superfoods\/trockenfruechte\/trockene-aprikosen\/","title":{"rendered":"APRIKOSEN"},"content":{"rendered":"\n<h2><a href=\"https:\/\/bien-etreiris.ch\/wp-content\/uploads\/2021\/04\/acceuil-de-Apricots.png\"><img loading=\"lazy\" decoding=\"async\" class=\"size-medium wp-image-42589 aligncenter\" src=\"https:\/\/bien-etreiris.ch\/wp-content\/uploads\/2021\/04\/acceuil-de-Apricots-300x300.png\" alt=\"\" width=\"300\" height=\"300\" srcset=\"https:\/\/bien-etreiris.ch\/wp-content\/uploads\/2021\/04\/acceuil-de-Apricots-300x300.png 300w, https:\/\/bien-etreiris.ch\/wp-content\/uploads\/2021\/04\/acceuil-de-Apricots-150x150.png 150w, https:\/\/bien-etreiris.ch\/wp-content\/uploads\/2021\/04\/acceuil-de-Apricots.png 500w\" sizes=\"auto, (max-width: 300px) 100vw, 300px\" \/><\/a><\/h2>\n<h2>Trockene Aprikosen<\/h2>\n<p>Aprikosen sind sehr reich an Beta-Carotin (2000 Mikrogramm \/ 100g). Dieser Farbstoff, eine Vorstufe von Vitamin A, verleiht ihnen ihre sch\u00f6ne orange Farbe. Es ist wichtig f\u00fcr das Wachstum und den Schutz von Knochen und Z\u00e4hnen. Au\u00dferdem ist es wohltuend f\u00fcr Haut und Schleimh\u00e4ute.<\/p>\n<p>&nbsp;<\/p>\n<p><a href=\"https:\/\/bien-etreiris.ch\/wp-content\/uploads\/2021\/04\/Abricots.png\"><img loading=\"lazy\" decoding=\"async\" class=\"size-medium wp-image-42592 alignleft\" src=\"https:\/\/bien-etreiris.ch\/wp-content\/uploads\/2021\/04\/Abricots-300x172.png\" alt=\"\" width=\"300\" height=\"172\" srcset=\"https:\/\/bien-etreiris.ch\/wp-content\/uploads\/2021\/04\/Abricots-300x172.png 300w, https:\/\/bien-etreiris.ch\/wp-content\/uploads\/2021\/04\/Abricots.png 350w\" sizes=\"auto, (max-width: 300px) 100vw, 300px\" \/><\/a><\/p>\n<p>Origine Turque qualit\u00e9 BIO <span data-v-39e6ef6c=\"\" data-v-00ece6c5=\"\">aigres bourgeon<\/span><\/p>\n<p>en vrac de 10 g <strong>CHF 0.15<\/strong><\/p>\n<p>&nbsp;<\/p>\n<p>&nbsp;<\/p>\n<p>&nbsp;<\/p>\n<p>Consomm\u00e9 frais, s\u00e9ch\u00e9 ou en jus, l\u2019abricot est riche en fibres, en antioxydants et en vitamine A. S\u00e9ch\u00e9, il est appr\u00e9ci\u00e9 des sportifs pour l\u2019\u00e9nergie qu\u2019il leur apporte et pour sa forte teneur en fer et en cuivre.<\/p>\n<p>&nbsp;<\/p>\n<div>\n<h4 dir=\"ltr\">Parmi les nutriments contenus en bonne quantit\u00e9 dans l\u2019abricot, nous pouvons citer les suivants :<\/h4>\n<\/div>\n<div>\n<ul>\n<li><strong>Vitamine A<\/strong> : l\u2019abricot frais et l\u2019abricot <strong><em>s\u00e9ch\u00e9<\/em> <\/strong>sont d\u2019excellentes sources de vitamine A ;<\/li>\n<li><strong>Fer <\/strong>: l\u2019abricot <strong><em>s\u00e9ch\u00e9<\/em><\/strong> est une bonne source de fer pour l\u2019homme et une source pour la femme. l\u2019abricot frais est une source de fer pour l\u2019homme ;<\/li>\n<li><strong>Cuivre <\/strong>: l\u2019abricot <strong><em>s\u00e9ch\u00e9<\/em> <\/strong>est une bonne source de cuivre. L\u2019abricot frais est une source de cuivre ;<\/li>\n<li><strong>Vitamine B3 (niacine)<\/strong> : l\u2019abricot<strong><em> s\u00e9ch\u00e9<\/em><\/strong> est une source de vitamine B3 ;<\/li>\n<li><strong>Vitamine B5 (acide pantoth\u00e9nique)<\/strong> : l\u2019abricot <strong><em>s\u00e9ch\u00e9<\/em> <\/strong>est une source de vitamine B5 ;<\/li>\n<li><strong>Vitamine C<\/strong> : l\u2019abricot frais est une source de vitamine C ;<\/li>\n<li><strong>Vitamine K<\/strong> : l\u2019abricot <strong><em>s\u00e9ch\u00e9<\/em><\/strong> est une source de vitamine K pour la femme ;<\/li>\n<li><strong>Magn\u00e9sium<\/strong> : l\u2019abricot <strong><em>s\u00e9ch\u00e9<\/em><\/strong> est une source de magn\u00e9sium pour la femme ;<\/li>\n<li><strong>Phosphore<\/strong> : l\u2019abricot <strong><em>s\u00e9ch\u00e9<\/em><\/strong> est une source de phosphore ;<\/li>\n<li><strong>Potassium <\/strong>: l\u2019abricot frais et l\u2019abricot<strong><em> s\u00e9ch\u00e9<\/em><\/strong> sont des sources de potassium.<\/li>\n<\/ul>\n<\/div>\n","protected":false},"excerpt":{"rendered":"<p>Trockene Aprikosen Aprikosen sind sehr reich an Beta-Carotin (2000 Mikrogramm \/ 100g). Dieser Farbstoff, eine Vorstufe von Vitamin A, verleiht ihnen ihre sch\u00f6ne orange Farbe. Es ist wichtig f\u00fcr das Wachstum und den Schutz von Knochen und Z\u00e4hnen. Au\u00dferdem ist es wohltuend f\u00fcr Haut und Schleimh\u00e4ute. &nbsp; Origine Turque qualit\u00e9 BIO aigres bourgeon en vrac de 10 g CHF 0.15&nbsp;<a href=\"https:\/\/bien-etreiris.ch\/de\/produktpraesentation\/gesundes-leben\/gesunde-lebensmittel\/superfoods\/trockenfruechte\/trockene-aprikosen\/\" class=\"read-more\">Weiter lesen<\/a><\/p>\n","protected":false},"author":1,"featured_media":42597,"parent":42532,"menu_order":5975,"comment_status":"closed","ping_status":"closed","template":"page-with-child.php","meta":{"_acf_changed":false,"ngg_post_thumbnail":0,"footnotes":""},"class_list":["post-49353","page","type-page","status-publish","has-post-thumbnail","hentry"],"acf":[],"yoast_head":"<!-- This site is optimized with the Yoast SEO plugin v27.5 - https:\/\/yoast.com\/product\/yoast-seo-wordpress\/ -->\n<title>APRIKOSEN - WOHLBEFINDEN<\/title>\n<meta name=\"robots\" content=\"index, follow, max-snippet:-1, max-image-preview:large, max-video-preview:-1\" \/>\n<link rel=\"canonical\" href=\"https:\/\/bien-etreiris.ch\/de\/produktpraesentation\/gesundes-leben\/gesunde-lebensmittel\/superfoods\/trockenfruechte\/trockene-aprikosen\/\" \/>\n<meta property=\"og:locale\" content=\"de_DE\" \/>\n<meta property=\"og:type\" content=\"article\" \/>\n<meta property=\"og:title\" content=\"APRIKOSEN - WOHLBEFINDEN\" \/>\n<meta property=\"og:description\" content=\"Trockene Aprikosen Aprikosen sind sehr reich an Beta-Carotin (2000 Mikrogramm \/ 100g). Dieser Farbstoff, eine Vorstufe von Vitamin A, verleiht ihnen ihre sch\u00f6ne orange Farbe. Es ist wichtig f\u00fcr das Wachstum und den Schutz von Knochen und Z\u00e4hnen. Au\u00dferdem ist es wohltuend f\u00fcr Haut und Schleimh\u00e4ute. &nbsp; Origine Turque qualit\u00e9 BIO aigres bourgeon en vrac de 10 g CHF 0.15&nbsp;Weiter lesen\" \/>\n<meta property=\"og:url\" content=\"https:\/\/bien-etreiris.ch\/de\/produktpraesentation\/gesundes-leben\/gesunde-lebensmittel\/superfoods\/trockenfruechte\/trockene-aprikosen\/\" \/>\n<meta property=\"og:site_name\" content=\"WOHLBEFINDEN\" \/>\n<meta property=\"article:publisher\" content=\"https:\/\/www.facebook.com\/bienetreiris\/\" \/>\n<meta property=\"article:modified_time\" content=\"2021-06-03T09:44:16+00:00\" \/>\n<meta property=\"og:image\" content=\"https:\/\/bien-etreiris.ch\/wp-content\/uploads\/2021\/04\/acceuil-abricot.png\" \/>\n\t<meta property=\"og:image:width\" content=\"500\" \/>\n\t<meta property=\"og:image:height\" content=\"333\" \/>\n\t<meta property=\"og:image:type\" content=\"image\/png\" \/>\n<meta name=\"twitter:label1\" content=\"Gesch\u00e4tzte Lesezeit\" \/>\n\t<meta name=\"twitter:data1\" content=\"2\u00a0Minuten\" \/>\n<script type=\"application\/ld+json\" class=\"yoast-schema-graph\">{\"@context\":\"https:\\\/\\\/schema.org\",\"@graph\":[{\"@type\":\"WebPage\",\"@id\":\"https:\\\/\\\/bien-etreiris.ch\\\/de\\\/produktpraesentation\\\/gesundes-leben\\\/gesunde-lebensmittel\\\/superfoods\\\/trockenfruechte\\\/trockene-aprikosen\\\/\",\"url\":\"https:\\\/\\\/bien-etreiris.ch\\\/de\\\/produktpraesentation\\\/gesundes-leben\\\/gesunde-lebensmittel\\\/superfoods\\\/trockenfruechte\\\/trockene-aprikosen\\\/\",\"name\":\"APRIKOSEN - WOHLBEFINDEN\",\"isPartOf\":{\"@id\":\"https:\\\/\\\/bien-etreiris.ch\\\/de\\\/#website\"},\"primaryImageOfPage\":{\"@id\":\"https:\\\/\\\/bien-etreiris.ch\\\/de\\\/produktpraesentation\\\/gesundes-leben\\\/gesunde-lebensmittel\\\/superfoods\\\/trockenfruechte\\\/trockene-aprikosen\\\/#primaryimage\"},\"image\":{\"@id\":\"https:\\\/\\\/bien-etreiris.ch\\\/de\\\/produktpraesentation\\\/gesundes-leben\\\/gesunde-lebensmittel\\\/superfoods\\\/trockenfruechte\\\/trockene-aprikosen\\\/#primaryimage\"},\"thumbnailUrl\":\"https:\\\/\\\/bien-etreiris.ch\\\/wp-content\\\/uploads\\\/2021\\\/04\\\/acceuil-abricot.png\",\"datePublished\":\"2021-04-19T10:54:20+00:00\",\"dateModified\":\"2021-06-03T09:44:16+00:00\",\"breadcrumb\":{\"@id\":\"https:\\\/\\\/bien-etreiris.ch\\\/de\\\/produktpraesentation\\\/gesundes-leben\\\/gesunde-lebensmittel\\\/superfoods\\\/trockenfruechte\\\/trockene-aprikosen\\\/#breadcrumb\"},\"inLanguage\":\"de\",\"potentialAction\":[{\"@type\":\"ReadAction\",\"target\":[\"https:\\\/\\\/bien-etreiris.ch\\\/de\\\/produktpraesentation\\\/gesundes-leben\\\/gesunde-lebensmittel\\\/superfoods\\\/trockenfruechte\\\/trockene-aprikosen\\\/\"]}]},{\"@type\":\"ImageObject\",\"inLanguage\":\"de\",\"@id\":\"https:\\\/\\\/bien-etreiris.ch\\\/de\\\/produktpraesentation\\\/gesundes-leben\\\/gesunde-lebensmittel\\\/superfoods\\\/trockenfruechte\\\/trockene-aprikosen\\\/#primaryimage\",\"url\":\"https:\\\/\\\/bien-etreiris.ch\\\/wp-content\\\/uploads\\\/2021\\\/04\\\/acceuil-abricot.png\",\"contentUrl\":\"https:\\\/\\\/bien-etreiris.ch\\\/wp-content\\\/uploads\\\/2021\\\/04\\\/acceuil-abricot.png\",\"width\":500,\"height\":333},{\"@type\":\"BreadcrumbList\",\"@id\":\"https:\\\/\\\/bien-etreiris.ch\\\/de\\\/produktpraesentation\\\/gesundes-leben\\\/gesunde-lebensmittel\\\/superfoods\\\/trockenfruechte\\\/trockene-aprikosen\\\/#breadcrumb\",\"itemListElement\":[{\"@type\":\"ListItem\",\"position\":1,\"name\":\"Home\",\"item\":\"https:\\\/\\\/bien-etreiris.ch\\\/de\\\/\"},{\"@type\":\"ListItem\",\"position\":2,\"name\":\"PRODUKTPR\u00c4SENTATION\",\"item\":\"https:\\\/\\\/bien-etreiris.ch\\\/de\\\/produktpraesentation\\\/\"},{\"@type\":\"ListItem\",\"position\":3,\"name\":\"GESUNDES LEBEN\",\"item\":\"https:\\\/\\\/bien-etreiris.ch\\\/de\\\/produktpraesentation\\\/gesundes-leben\\\/\"},{\"@type\":\"ListItem\",\"position\":4,\"name\":\"GESUNDE LEBENSMITTEL\",\"item\":\"https:\\\/\\\/bien-etreiris.ch\\\/de\\\/produktpraesentation\\\/gesundes-leben\\\/gesunde-lebensmittel\\\/\"},{\"@type\":\"ListItem\",\"position\":5,\"name\":\"SUPERFOODS\",\"item\":\"https:\\\/\\\/bien-etreiris.ch\\\/de\\\/produktpraesentation\\\/gesundes-leben\\\/gesunde-lebensmittel\\\/superfoods\\\/\"},{\"@type\":\"ListItem\",\"position\":6,\"name\":\"TROCKENFR\u00dcCHTE\",\"item\":\"https:\\\/\\\/bien-etreiris.ch\\\/de\\\/produktpraesentation\\\/gesundes-leben\\\/gesunde-lebensmittel\\\/superfoods\\\/trockenfruechte\\\/\"},{\"@type\":\"ListItem\",\"position\":7,\"name\":\"APRIKOSEN\"}]},{\"@type\":\"WebSite\",\"@id\":\"https:\\\/\\\/bien-etreiris.ch\\\/de\\\/#website\",\"url\":\"https:\\\/\\\/bien-etreiris.ch\\\/de\\\/\",\"name\":\"Bien-\u00eatre Iris\",\"description\":\"IHRE Gesundheit ist uns wichtig\",\"potentialAction\":[{\"@type\":\"SearchAction\",\"target\":{\"@type\":\"EntryPoint\",\"urlTemplate\":\"https:\\\/\\\/bien-etreiris.ch\\\/de\\\/?s={search_term_string}\"},\"query-input\":{\"@type\":\"PropertyValueSpecification\",\"valueRequired\":true,\"valueName\":\"search_term_string\"}}],\"inLanguage\":\"de\"}]}<\/script>\n<!-- \/ Yoast SEO plugin. -->","yoast_head_json":{"title":"APRIKOSEN - WOHLBEFINDEN","robots":{"index":"index","follow":"follow","max-snippet":"max-snippet:-1","max-image-preview":"max-image-preview:large","max-video-preview":"max-video-preview:-1"},"canonical":"https:\/\/bien-etreiris.ch\/de\/produktpraesentation\/gesundes-leben\/gesunde-lebensmittel\/superfoods\/trockenfruechte\/trockene-aprikosen\/","og_locale":"de_DE","og_type":"article","og_title":"APRIKOSEN - WOHLBEFINDEN","og_description":"Trockene Aprikosen Aprikosen sind sehr reich an Beta-Carotin (2000 Mikrogramm \/ 100g). Dieser Farbstoff, eine Vorstufe von Vitamin A, verleiht ihnen ihre sch\u00f6ne orange Farbe. Es ist wichtig f\u00fcr das Wachstum und den Schutz von Knochen und Z\u00e4hnen. Au\u00dferdem ist es wohltuend f\u00fcr Haut und Schleimh\u00e4ute. &nbsp; Origine Turque qualit\u00e9 BIO aigres bourgeon en vrac de 10 g CHF 0.15&nbsp;Weiter lesen","og_url":"https:\/\/bien-etreiris.ch\/de\/produktpraesentation\/gesundes-leben\/gesunde-lebensmittel\/superfoods\/trockenfruechte\/trockene-aprikosen\/","og_site_name":"WOHLBEFINDEN","article_publisher":"https:\/\/www.facebook.com\/bienetreiris\/","article_modified_time":"2021-06-03T09:44:16+00:00","og_image":[{"width":500,"height":333,"url":"https:\/\/bien-etreiris.ch\/wp-content\/uploads\/2021\/04\/acceuil-abricot.png","type":"image\/png"}],"twitter_misc":{"Gesch\u00e4tzte Lesezeit":"2\u00a0Minuten"},"schema":{"@context":"https:\/\/schema.org","@graph":[{"@type":"WebPage","@id":"https:\/\/bien-etreiris.ch\/de\/produktpraesentation\/gesundes-leben\/gesunde-lebensmittel\/superfoods\/trockenfruechte\/trockene-aprikosen\/","url":"https:\/\/bien-etreiris.ch\/de\/produktpraesentation\/gesundes-leben\/gesunde-lebensmittel\/superfoods\/trockenfruechte\/trockene-aprikosen\/","name":"APRIKOSEN - WOHLBEFINDEN","isPartOf":{"@id":"https:\/\/bien-etreiris.ch\/de\/#website"},"primaryImageOfPage":{"@id":"https:\/\/bien-etreiris.ch\/de\/produktpraesentation\/gesundes-leben\/gesunde-lebensmittel\/superfoods\/trockenfruechte\/trockene-aprikosen\/#primaryimage"},"image":{"@id":"https:\/\/bien-etreiris.ch\/de\/produktpraesentation\/gesundes-leben\/gesunde-lebensmittel\/superfoods\/trockenfruechte\/trockene-aprikosen\/#primaryimage"},"thumbnailUrl":"https:\/\/bien-etreiris.ch\/wp-content\/uploads\/2021\/04\/acceuil-abricot.png","datePublished":"2021-04-19T10:54:20+00:00","dateModified":"2021-06-03T09:44:16+00:00","breadcrumb":{"@id":"https:\/\/bien-etreiris.ch\/de\/produktpraesentation\/gesundes-leben\/gesunde-lebensmittel\/superfoods\/trockenfruechte\/trockene-aprikosen\/#breadcrumb"},"inLanguage":"de","potentialAction":[{"@type":"ReadAction","target":["https:\/\/bien-etreiris.ch\/de\/produktpraesentation\/gesundes-leben\/gesunde-lebensmittel\/superfoods\/trockenfruechte\/trockene-aprikosen\/"]}]},{"@type":"ImageObject","inLanguage":"de","@id":"https:\/\/bien-etreiris.ch\/de\/produktpraesentation\/gesundes-leben\/gesunde-lebensmittel\/superfoods\/trockenfruechte\/trockene-aprikosen\/#primaryimage","url":"https:\/\/bien-etreiris.ch\/wp-content\/uploads\/2021\/04\/acceuil-abricot.png","contentUrl":"https:\/\/bien-etreiris.ch\/wp-content\/uploads\/2021\/04\/acceuil-abricot.png","width":500,"height":333},{"@type":"BreadcrumbList","@id":"https:\/\/bien-etreiris.ch\/de\/produktpraesentation\/gesundes-leben\/gesunde-lebensmittel\/superfoods\/trockenfruechte\/trockene-aprikosen\/#breadcrumb","itemListElement":[{"@type":"ListItem","position":1,"name":"Home","item":"https:\/\/bien-etreiris.ch\/de\/"},{"@type":"ListItem","position":2,"name":"PRODUKTPR\u00c4SENTATION","item":"https:\/\/bien-etreiris.ch\/de\/produktpraesentation\/"},{"@type":"ListItem","position":3,"name":"GESUNDES LEBEN","item":"https:\/\/bien-etreiris.ch\/de\/produktpraesentation\/gesundes-leben\/"},{"@type":"ListItem","position":4,"name":"GESUNDE LEBENSMITTEL","item":"https:\/\/bien-etreiris.ch\/de\/produktpraesentation\/gesundes-leben\/gesunde-lebensmittel\/"},{"@type":"ListItem","position":5,"name":"SUPERFOODS","item":"https:\/\/bien-etreiris.ch\/de\/produktpraesentation\/gesundes-leben\/gesunde-lebensmittel\/superfoods\/"},{"@type":"ListItem","position":6,"name":"TROCKENFR\u00dcCHTE","item":"https:\/\/bien-etreiris.ch\/de\/produktpraesentation\/gesundes-leben\/gesunde-lebensmittel\/superfoods\/trockenfruechte\/"},{"@type":"ListItem","position":7,"name":"APRIKOSEN"}]},{"@type":"WebSite","@id":"https:\/\/bien-etreiris.ch\/de\/#website","url":"https:\/\/bien-etreiris.ch\/de\/","name":"Bien-\u00eatre Iris","description":"IHRE Gesundheit ist uns wichtig","potentialAction":[{"@type":"SearchAction","target":{"@type":"EntryPoint","urlTemplate":"https:\/\/bien-etreiris.ch\/de\/?s={search_term_string}"},"query-input":{"@type":"PropertyValueSpecification","valueRequired":true,"valueName":"search_term_string"}}],"inLanguage":"de"}]}},"_links":{"self":[{"href":"https:\/\/bien-etreiris.ch\/de\/wp-json\/wp\/v2\/pages\/49353","targetHints":{"allow":["GET"]}}],"collection":[{"href":"https:\/\/bien-etreiris.ch\/de\/wp-json\/wp\/v2\/pages"}],"about":[{"href":"https:\/\/bien-etreiris.ch\/de\/wp-json\/wp\/v2\/types\/page"}],"author":[{"embeddable":true,"href":"https:\/\/bien-etreiris.ch\/de\/wp-json\/wp\/v2\/users\/1"}],"replies":[{"embeddable":true,"href":"https:\/\/bien-etreiris.ch\/de\/wp-json\/wp\/v2\/comments?post=49353"}],"version-history":[{"count":3,"href":"https:\/\/bien-etreiris.ch\/de\/wp-json\/wp\/v2\/pages\/49353\/revisions"}],"predecessor-version":[{"id":49358,"href":"https:\/\/bien-etreiris.ch\/de\/wp-json\/wp\/v2\/pages\/49353\/revisions\/49358"}],"up":[{"embeddable":true,"href":"https:\/\/bien-etreiris.ch\/de\/wp-json\/wp\/v2\/pages\/42532"}],"wp:featuredmedia":[{"embeddable":true,"href":"https:\/\/bien-etreiris.ch\/de\/wp-json\/wp\/v2\/media\/42597"}],"wp:attachment":[{"href":"https:\/\/bien-etreiris.ch\/de\/wp-json\/wp\/v2\/media?parent=49353"}],"curies":[{"name":"wp","href":"https:\/\/api.w.org\/{rel}","templated":true}]}}