{"id":49327,"date":"2020-11-09T05:05:27","date_gmt":"2020-11-09T05:05:27","guid":{"rendered":"https:\/\/bien-etreiris.ch\/produktpraesentation\/gesundes-leben\/gesunde-nahrungsmittel\/super-aliments\/germer\/glaskeimern\/"},"modified":"2021-06-23T08:41:14","modified_gmt":"2021-06-23T06:41:14","slug":"glaskeimer","status":"publish","type":"page","link":"https:\/\/bien-etreiris.ch\/de\/produktpraesentation\/gesundes-leben\/gesunde-lebensmittel\/superfoods\/keimen\/glaskeimer\/","title":{"rendered":"GLASKEIMER"},"content":{"rendered":"\n<h2 class=\"wp-block-heading\">3er-Set Glas-Sprossen und Abtropfschale Wei\u00df<\/h2>\n\n\n\n<p><a href=\"https:\/\/bien-etreiris.ch\/wp-content\/uploads\/2021\/04\/Lot-3-germoirs-en-verre.jpg\"><img loading=\"lazy\" decoding=\"async\" class=\"alignleft wp-image-43200\" src=\"https:\/\/bien-etreiris.ch\/wp-content\/uploads\/2021\/04\/Lot-3-germoirs-en-verre-300x300.jpg\" alt=\"\" width=\"450\" height=\"450\" srcset=\"https:\/\/bien-etreiris.ch\/wp-content\/uploads\/2021\/04\/Lot-3-germoirs-en-verre-300x300.jpg 300w, https:\/\/bien-etreiris.ch\/wp-content\/uploads\/2021\/04\/Lot-3-germoirs-en-verre-150x150.jpg 150w, https:\/\/bien-etreiris.ch\/wp-content\/uploads\/2021\/04\/Lot-3-germoirs-en-verre.jpg 600w\" sizes=\"auto, (max-width: 450px) 100vw, 450px\" \/><\/a><\/p>\n<p>&nbsp;<\/p>\n<p>&nbsp;<\/p>\n<p>&nbsp;<\/p>\n<p>&nbsp;<\/p>\n<p>&nbsp;<\/p>\n<div class=\"ProductTitle\">\n<p>Eschenfelder<\/p>\n<p><br>Ein Satz von 3 Glaskeimer mit ihrem Edelstahltr\u00e4ger und Keramik-Tropfschale. F\u00fcr bessere Drainage und hervorragende Bel\u00fcftung. 3 Gl\u00e4ser \u00e0 750 ml. Farbe der Tropfschale: wei\u00df.<\/p>\n<p>Satz CHF 63,00<\/p>\n<\/div>\n<p>&nbsp;<\/p>\n<p>&nbsp;<\/p>\n<p>&nbsp;<\/p>\n<p>&nbsp;<\/p>\n<p>D\u00e9couvrez le<strong> lot de 3 germoirs en verre avec leur support en acier inoxydable et l'\u00e9gouttoir en c\u00e9ramique Eschenfelder<\/strong> !<\/p>\n<p>Le <strong>germoir en verre Eschenfelder<\/strong> est le syst\u00e8me de germination le plus pratique, efficace, simple et rapide, gr\u00e2ce au couvercle viss\u00e9 avec une grille en acier inoxydable. Fini les probl\u00e8mes de moisissures, de bact\u00e9ries et d'odeurs, fr\u00e9quemment rencontr\u00e9s avec les germoirs \u00e0 plusieurs \u00e9tages en plastiques ou en terre, o\u00f9 l'air circule tr\u00e8s mal. <br><br>Avec le support en <strong>acier inoxydable<\/strong>, vos germoirs b\u00e9n\u00e9ficient d'un excellent drainage et d'une tr\u00e8s bonne a\u00e9ration puisque ce support maintient les germoirs dans une bonne position.<br><br>Gr\u00e2ce \u00e0 l'\u00e9gouttoir en c\u00e9ramique, vous pouvez placer vos germoirs autre part que dans votre \u00e9vier.<\/p>\n<p><strong>Ce lot comprend :<\/strong><\/p>\n<ul style=\"list-style-type: disc;\">\n<li>3 <strong>germoirs <\/strong>en verre Eschenfelder de 750 ml<\/li>\n<li>1 <strong>support <\/strong>en acier inoxydable pour 3 germoirs<\/li>\n<li>1 <strong>\u00e9gouttoir <\/strong>en c\u00e9ramique pour 3 germoirs<\/li>\n<li>Longueur totale : environ 35 cm&nbsp;<\/li>\n<li>Hauteur de l'ensemble: 19cm<\/li>\n<\/ul>\n<p>Ce lot existe aussi avec 2 germoirs (Longueur totale : environ 28 cm)<\/p>\n<p>Simple et pratique, vous pouvez y faire germer presque tous les types de graines : l\u00e9gumineuses, ol\u00e9agineuses, c\u00e9r\u00e9ali\u00e8res... Ne convient pas aux graines \u00e0 mucilage. Pour celles-l\u00e0, pr\u00e9f\u00e9rez la coupelle de germination Eschenfelder.<\/p>\n<div class=\"col-12 px-0\">\n<p>Le <strong>germoir Eschenfelder<\/strong> est d\u00e9sormais dot\u00e9 d'une bague de serrage en inox (et non plus en aluminium<\/p>\n<p><strong>Origine<\/strong>: UE<\/p>\n<\/div>\n<p>&nbsp;<\/p>\n\n\n\n<h2>Verre \u00e0 germer<\/h2>\n\n\n<p><a href=\"https:\/\/decoiris.ch\/wp-content\/uploads\/2020\/11\/verre.jpg\"><img loading=\"lazy\" decoding=\"async\" class=\"size-medium wp-image-34157 alignleft\" src=\"https:\/\/decoiris.ch\/wp-content\/uploads\/2020\/11\/verre-300x300.jpg\" alt=\"\" width=\"300\" height=\"300\" srcset=\"https:\/\/bien-etreiris.ch\/wp-content\/uploads\/2020\/11\/verre-300x300.jpg 300w, https:\/\/bien-etreiris.ch\/wp-content\/uploads\/2020\/11\/verre-150x150.jpg 150w, https:\/\/bien-etreiris.ch\/wp-content\/uploads\/2020\/11\/verre-768x768.jpg 768w, https:\/\/bien-etreiris.ch\/wp-content\/uploads\/2020\/11\/verre.jpg 800w\" sizes=\"auto, (max-width: 300px) 100vw, 300px\" \/><\/a><\/p>\n<p>&nbsp;<\/p>\n<p>&nbsp;<\/p>\n<p><span class=\"tlid-translation translation\" lang=\"fr\"><span class=\"\" title=\"\">750 ml avec tamis \u00e0 mailles fines et anneau viss\u00e9 en acier inoxydable sans nickel.<\/span><\/span><\/p>\n<p>1 pi\u00e8ce CHF<\/p>\n<p>&nbsp;<\/p>\n<p><span class=\"tlid-translation translation\" lang=\"fr\"><span class=\"\" title=\"\">Avec notre pot de germination, vous pouvez r\u00e9colter des pousses fra\u00eeches tous les jours toute l'ann\u00e9e.<\/span> <span class=\"\" title=\"\">La combinaison de verre et de tamis \u00e0 mailles fines, qui assure la circulation d'air n\u00e9cessaire, garantit une culture de germes sans effort et hygi\u00e9niquement propre sans terre.<\/span> <span class=\"\" title=\"\">Les graines sont tremp\u00e9es dans le verre \u00e0 germer, rinc\u00e9es et cultiv\u00e9es jusqu'\u00e0 la r\u00e9colte.<\/span> <span class=\"\" title=\"\">Le pot de germination convient \u00e0 la culture de germes frais \u00e0 base de c\u00e9r\u00e9ales, de l\u00e9gumineuses, de radis, de luzerne, de graines de tournesol et bien plus encore.<\/span><\/span><\/p>\n<h4><span class=\"tlid-translation translation\" lang=\"fr\"><br><strong><span title=\"\">REMARQUE:<\/span><\/strong><\/span><\/h4>\n<p><span class=\"tlid-translation translation\" lang=\"fr\"><span class=\"\" title=\"\"><strong>Attention<\/strong>: Ne convient pas aux graines formant de la boue (ex: cresson, roquette, moutarde, lin), qui n\u00e9cessitent une \"terre de repos\".<\/span> <span title=\"\">Nos tamis \u00e0 cresson conviennent pour cela.<\/span><\/span><\/p>\n\n\n<p><\/p>\n","protected":false},"excerpt":{"rendered":"<p>3er-Set Glas-Sprossen und Abtropfschale Wei\u00df &nbsp; &nbsp; &nbsp; &nbsp; &nbsp; Eschenfelder Ein Satz von 3 Glaskeimer mit ihrem Edelstahltr\u00e4ger und Keramik-Tropfschale. F\u00fcr bessere Drainage und hervorragende Bel\u00fcftung. 3 Gl\u00e4ser \u00e0 750 ml. Farbe der Tropfschale: wei\u00df. Satz CHF 63,00 &nbsp; &nbsp; &nbsp; &nbsp; D\u00e9couvrez le lot de 3 germoirs en verre avec leur support en acier inoxydable et l'\u00e9gouttoir en&nbsp;<a href=\"https:\/\/bien-etreiris.ch\/de\/produktpraesentation\/gesundes-leben\/gesunde-lebensmittel\/superfoods\/keimen\/glaskeimer\/\" class=\"read-more\">Weiter lesen<\/a><\/p>\n","protected":false},"author":1,"featured_media":34166,"parent":33803,"menu_order":6819,"comment_status":"closed","ping_status":"closed","template":"page-with-child.php","meta":{"_acf_changed":false,"ngg_post_thumbnail":0,"footnotes":""},"class_list":["post-49327","page","type-page","status-publish","has-post-thumbnail","hentry"],"acf":[],"yoast_head":"<!-- This site is optimized with the Yoast SEO plugin v27.5 - https:\/\/yoast.com\/product\/yoast-seo-wordpress\/ -->\n<title>GLASKEIMER - WOHLBEFINDEN<\/title>\n<meta name=\"robots\" content=\"index, follow, max-snippet:-1, max-image-preview:large, max-video-preview:-1\" \/>\n<link rel=\"canonical\" href=\"https:\/\/bien-etreiris.ch\/de\/produktpraesentation\/gesundes-leben\/gesunde-lebensmittel\/superfoods\/keimen\/glaskeimer\/\" \/>\n<meta property=\"og:locale\" content=\"de_DE\" \/>\n<meta property=\"og:type\" content=\"article\" \/>\n<meta property=\"og:title\" content=\"GLASKEIMER - WOHLBEFINDEN\" \/>\n<meta property=\"og:description\" content=\"3er-Set Glas-Sprossen und Abtropfschale Wei\u00df &nbsp; &nbsp; &nbsp; &nbsp; &nbsp; Eschenfelder Ein Satz von 3 Glaskeimer mit ihrem Edelstahltr\u00e4ger und Keramik-Tropfschale. F\u00fcr bessere Drainage und hervorragende Bel\u00fcftung. 3 Gl\u00e4ser \u00e0 750 ml. Farbe der Tropfschale: wei\u00df. Satz CHF 63,00 &nbsp; &nbsp; &nbsp; &nbsp; D\u00e9couvrez le lot de 3 germoirs en verre avec leur support en acier inoxydable et l&#039;\u00e9gouttoir en&nbsp;Weiter lesen\" \/>\n<meta property=\"og:url\" content=\"https:\/\/bien-etreiris.ch\/de\/produktpraesentation\/gesundes-leben\/gesunde-lebensmittel\/superfoods\/keimen\/glaskeimer\/\" \/>\n<meta property=\"og:site_name\" content=\"WOHLBEFINDEN\" \/>\n<meta property=\"article:publisher\" content=\"https:\/\/www.facebook.com\/bienetreiris\/\" \/>\n<meta property=\"article:modified_time\" content=\"2021-06-23T06:41:14+00:00\" \/>\n<meta property=\"og:image\" content=\"https:\/\/bien-etreiris.ch\/wp-content\/uploads\/2020\/11\/acceuil-2-1.png\" \/>\n\t<meta property=\"og:image:width\" content=\"500\" \/>\n\t<meta property=\"og:image:height\" content=\"357\" \/>\n\t<meta property=\"og:image:type\" content=\"image\/png\" \/>\n<meta name=\"twitter:label1\" content=\"Gesch\u00e4tzte Lesezeit\" \/>\n\t<meta name=\"twitter:data1\" content=\"3\u00a0Minuten\" \/>\n<script type=\"application\/ld+json\" class=\"yoast-schema-graph\">{\"@context\":\"https:\\\/\\\/schema.org\",\"@graph\":[{\"@type\":\"WebPage\",\"@id\":\"https:\\\/\\\/bien-etreiris.ch\\\/de\\\/produktpraesentation\\\/gesundes-leben\\\/gesunde-lebensmittel\\\/superfoods\\\/keimen\\\/glaskeimer\\\/\",\"url\":\"https:\\\/\\\/bien-etreiris.ch\\\/de\\\/produktpraesentation\\\/gesundes-leben\\\/gesunde-lebensmittel\\\/superfoods\\\/keimen\\\/glaskeimer\\\/\",\"name\":\"GLASKEIMER - WOHLBEFINDEN\",\"isPartOf\":{\"@id\":\"https:\\\/\\\/bien-etreiris.ch\\\/de\\\/#website\"},\"primaryImageOfPage\":{\"@id\":\"https:\\\/\\\/bien-etreiris.ch\\\/de\\\/produktpraesentation\\\/gesundes-leben\\\/gesunde-lebensmittel\\\/superfoods\\\/keimen\\\/glaskeimer\\\/#primaryimage\"},\"image\":{\"@id\":\"https:\\\/\\\/bien-etreiris.ch\\\/de\\\/produktpraesentation\\\/gesundes-leben\\\/gesunde-lebensmittel\\\/superfoods\\\/keimen\\\/glaskeimer\\\/#primaryimage\"},\"thumbnailUrl\":\"https:\\\/\\\/bien-etreiris.ch\\\/wp-content\\\/uploads\\\/2020\\\/11\\\/acceuil-2-1.png\",\"datePublished\":\"2020-11-09T05:05:27+00:00\",\"dateModified\":\"2021-06-23T06:41:14+00:00\",\"breadcrumb\":{\"@id\":\"https:\\\/\\\/bien-etreiris.ch\\\/de\\\/produktpraesentation\\\/gesundes-leben\\\/gesunde-lebensmittel\\\/superfoods\\\/keimen\\\/glaskeimer\\\/#breadcrumb\"},\"inLanguage\":\"de\",\"potentialAction\":[{\"@type\":\"ReadAction\",\"target\":[\"https:\\\/\\\/bien-etreiris.ch\\\/de\\\/produktpraesentation\\\/gesundes-leben\\\/gesunde-lebensmittel\\\/superfoods\\\/keimen\\\/glaskeimer\\\/\"]}]},{\"@type\":\"ImageObject\",\"inLanguage\":\"de\",\"@id\":\"https:\\\/\\\/bien-etreiris.ch\\\/de\\\/produktpraesentation\\\/gesundes-leben\\\/gesunde-lebensmittel\\\/superfoods\\\/keimen\\\/glaskeimer\\\/#primaryimage\",\"url\":\"https:\\\/\\\/bien-etreiris.ch\\\/wp-content\\\/uploads\\\/2020\\\/11\\\/acceuil-2-1.png\",\"contentUrl\":\"https:\\\/\\\/bien-etreiris.ch\\\/wp-content\\\/uploads\\\/2020\\\/11\\\/acceuil-2-1.png\",\"width\":500,\"height\":357},{\"@type\":\"BreadcrumbList\",\"@id\":\"https:\\\/\\\/bien-etreiris.ch\\\/de\\\/produktpraesentation\\\/gesundes-leben\\\/gesunde-lebensmittel\\\/superfoods\\\/keimen\\\/glaskeimer\\\/#breadcrumb\",\"itemListElement\":[{\"@type\":\"ListItem\",\"position\":1,\"name\":\"Home\",\"item\":\"https:\\\/\\\/bien-etreiris.ch\\\/de\\\/\"},{\"@type\":\"ListItem\",\"position\":2,\"name\":\"PRODUKTPR\u00c4SENTATION\",\"item\":\"https:\\\/\\\/bien-etreiris.ch\\\/de\\\/produktpraesentation\\\/\"},{\"@type\":\"ListItem\",\"position\":3,\"name\":\"GESUNDES LEBEN\",\"item\":\"https:\\\/\\\/bien-etreiris.ch\\\/de\\\/produktpraesentation\\\/gesundes-leben\\\/\"},{\"@type\":\"ListItem\",\"position\":4,\"name\":\"GESUNDE LEBENSMITTEL\",\"item\":\"https:\\\/\\\/bien-etreiris.ch\\\/de\\\/produktpraesentation\\\/gesundes-leben\\\/gesunde-lebensmittel\\\/\"},{\"@type\":\"ListItem\",\"position\":5,\"name\":\"SUPERFOODS\",\"item\":\"https:\\\/\\\/bien-etreiris.ch\\\/de\\\/produktpraesentation\\\/gesundes-leben\\\/gesunde-lebensmittel\\\/superfoods\\\/\"},{\"@type\":\"ListItem\",\"position\":6,\"name\":\"KEIMEN\",\"item\":\"https:\\\/\\\/bien-etreiris.ch\\\/de\\\/produktpraesentation\\\/gesundes-leben\\\/gesunde-lebensmittel\\\/superfoods\\\/keimen\\\/\"},{\"@type\":\"ListItem\",\"position\":7,\"name\":\"GLASKEIMER\"}]},{\"@type\":\"WebSite\",\"@id\":\"https:\\\/\\\/bien-etreiris.ch\\\/de\\\/#website\",\"url\":\"https:\\\/\\\/bien-etreiris.ch\\\/de\\\/\",\"name\":\"Bien-\u00eatre Iris\",\"description\":\"IHRE Gesundheit ist uns wichtig\",\"potentialAction\":[{\"@type\":\"SearchAction\",\"target\":{\"@type\":\"EntryPoint\",\"urlTemplate\":\"https:\\\/\\\/bien-etreiris.ch\\\/de\\\/?s={search_term_string}\"},\"query-input\":{\"@type\":\"PropertyValueSpecification\",\"valueRequired\":true,\"valueName\":\"search_term_string\"}}],\"inLanguage\":\"de\"}]}<\/script>\n<!-- \/ Yoast SEO plugin. -->","yoast_head_json":{"title":"GLASKEIMER - WOHLBEFINDEN","robots":{"index":"index","follow":"follow","max-snippet":"max-snippet:-1","max-image-preview":"max-image-preview:large","max-video-preview":"max-video-preview:-1"},"canonical":"https:\/\/bien-etreiris.ch\/de\/produktpraesentation\/gesundes-leben\/gesunde-lebensmittel\/superfoods\/keimen\/glaskeimer\/","og_locale":"de_DE","og_type":"article","og_title":"GLASKEIMER - WOHLBEFINDEN","og_description":"3er-Set Glas-Sprossen und Abtropfschale Wei\u00df &nbsp; &nbsp; &nbsp; &nbsp; &nbsp; Eschenfelder Ein Satz von 3 Glaskeimer mit ihrem Edelstahltr\u00e4ger und Keramik-Tropfschale. F\u00fcr bessere Drainage und hervorragende Bel\u00fcftung. 3 Gl\u00e4ser \u00e0 750 ml. Farbe der Tropfschale: wei\u00df. Satz CHF 63,00 &nbsp; &nbsp; &nbsp; &nbsp; D\u00e9couvrez le lot de 3 germoirs en verre avec leur support en acier inoxydable et l'\u00e9gouttoir en&nbsp;Weiter lesen","og_url":"https:\/\/bien-etreiris.ch\/de\/produktpraesentation\/gesundes-leben\/gesunde-lebensmittel\/superfoods\/keimen\/glaskeimer\/","og_site_name":"WOHLBEFINDEN","article_publisher":"https:\/\/www.facebook.com\/bienetreiris\/","article_modified_time":"2021-06-23T06:41:14+00:00","og_image":[{"width":500,"height":357,"url":"https:\/\/bien-etreiris.ch\/wp-content\/uploads\/2020\/11\/acceuil-2-1.png","type":"image\/png"}],"twitter_misc":{"Gesch\u00e4tzte Lesezeit":"3\u00a0Minuten"},"schema":{"@context":"https:\/\/schema.org","@graph":[{"@type":"WebPage","@id":"https:\/\/bien-etreiris.ch\/de\/produktpraesentation\/gesundes-leben\/gesunde-lebensmittel\/superfoods\/keimen\/glaskeimer\/","url":"https:\/\/bien-etreiris.ch\/de\/produktpraesentation\/gesundes-leben\/gesunde-lebensmittel\/superfoods\/keimen\/glaskeimer\/","name":"GLASKEIMER - WOHLBEFINDEN","isPartOf":{"@id":"https:\/\/bien-etreiris.ch\/de\/#website"},"primaryImageOfPage":{"@id":"https:\/\/bien-etreiris.ch\/de\/produktpraesentation\/gesundes-leben\/gesunde-lebensmittel\/superfoods\/keimen\/glaskeimer\/#primaryimage"},"image":{"@id":"https:\/\/bien-etreiris.ch\/de\/produktpraesentation\/gesundes-leben\/gesunde-lebensmittel\/superfoods\/keimen\/glaskeimer\/#primaryimage"},"thumbnailUrl":"https:\/\/bien-etreiris.ch\/wp-content\/uploads\/2020\/11\/acceuil-2-1.png","datePublished":"2020-11-09T05:05:27+00:00","dateModified":"2021-06-23T06:41:14+00:00","breadcrumb":{"@id":"https:\/\/bien-etreiris.ch\/de\/produktpraesentation\/gesundes-leben\/gesunde-lebensmittel\/superfoods\/keimen\/glaskeimer\/#breadcrumb"},"inLanguage":"de","potentialAction":[{"@type":"ReadAction","target":["https:\/\/bien-etreiris.ch\/de\/produktpraesentation\/gesundes-leben\/gesunde-lebensmittel\/superfoods\/keimen\/glaskeimer\/"]}]},{"@type":"ImageObject","inLanguage":"de","@id":"https:\/\/bien-etreiris.ch\/de\/produktpraesentation\/gesundes-leben\/gesunde-lebensmittel\/superfoods\/keimen\/glaskeimer\/#primaryimage","url":"https:\/\/bien-etreiris.ch\/wp-content\/uploads\/2020\/11\/acceuil-2-1.png","contentUrl":"https:\/\/bien-etreiris.ch\/wp-content\/uploads\/2020\/11\/acceuil-2-1.png","width":500,"height":357},{"@type":"BreadcrumbList","@id":"https:\/\/bien-etreiris.ch\/de\/produktpraesentation\/gesundes-leben\/gesunde-lebensmittel\/superfoods\/keimen\/glaskeimer\/#breadcrumb","itemListElement":[{"@type":"ListItem","position":1,"name":"Home","item":"https:\/\/bien-etreiris.ch\/de\/"},{"@type":"ListItem","position":2,"name":"PRODUKTPR\u00c4SENTATION","item":"https:\/\/bien-etreiris.ch\/de\/produktpraesentation\/"},{"@type":"ListItem","position":3,"name":"GESUNDES LEBEN","item":"https:\/\/bien-etreiris.ch\/de\/produktpraesentation\/gesundes-leben\/"},{"@type":"ListItem","position":4,"name":"GESUNDE LEBENSMITTEL","item":"https:\/\/bien-etreiris.ch\/de\/produktpraesentation\/gesundes-leben\/gesunde-lebensmittel\/"},{"@type":"ListItem","position":5,"name":"SUPERFOODS","item":"https:\/\/bien-etreiris.ch\/de\/produktpraesentation\/gesundes-leben\/gesunde-lebensmittel\/superfoods\/"},{"@type":"ListItem","position":6,"name":"KEIMEN","item":"https:\/\/bien-etreiris.ch\/de\/produktpraesentation\/gesundes-leben\/gesunde-lebensmittel\/superfoods\/keimen\/"},{"@type":"ListItem","position":7,"name":"GLASKEIMER"}]},{"@type":"WebSite","@id":"https:\/\/bien-etreiris.ch\/de\/#website","url":"https:\/\/bien-etreiris.ch\/de\/","name":"Bien-\u00eatre Iris","description":"IHRE Gesundheit ist uns wichtig","potentialAction":[{"@type":"SearchAction","target":{"@type":"EntryPoint","urlTemplate":"https:\/\/bien-etreiris.ch\/de\/?s={search_term_string}"},"query-input":{"@type":"PropertyValueSpecification","valueRequired":true,"valueName":"search_term_string"}}],"inLanguage":"de"}]}},"_links":{"self":[{"href":"https:\/\/bien-etreiris.ch\/de\/wp-json\/wp\/v2\/pages\/49327","targetHints":{"allow":["GET"]}}],"collection":[{"href":"https:\/\/bien-etreiris.ch\/de\/wp-json\/wp\/v2\/pages"}],"about":[{"href":"https:\/\/bien-etreiris.ch\/de\/wp-json\/wp\/v2\/types\/page"}],"author":[{"embeddable":true,"href":"https:\/\/bien-etreiris.ch\/de\/wp-json\/wp\/v2\/users\/1"}],"replies":[{"embeddable":true,"href":"https:\/\/bien-etreiris.ch\/de\/wp-json\/wp\/v2\/comments?post=49327"}],"version-history":[{"count":3,"href":"https:\/\/bien-etreiris.ch\/de\/wp-json\/wp\/v2\/pages\/49327\/revisions"}],"predecessor-version":[{"id":51313,"href":"https:\/\/bien-etreiris.ch\/de\/wp-json\/wp\/v2\/pages\/49327\/revisions\/51313"}],"up":[{"embeddable":true,"href":"https:\/\/bien-etreiris.ch\/de\/wp-json\/wp\/v2\/pages\/33803"}],"wp:featuredmedia":[{"embeddable":true,"href":"https:\/\/bien-etreiris.ch\/de\/wp-json\/wp\/v2\/media\/34166"}],"wp:attachment":[{"href":"https:\/\/bien-etreiris.ch\/de\/wp-json\/wp\/v2\/media?parent=49327"}],"curies":[{"name":"wp","href":"https:\/\/api.w.org\/{rel}","templated":true}]}}