{"id":49100,"date":"2021-06-02T18:01:29","date_gmt":"2021-06-02T16:01:29","guid":{"rendered":"https:\/\/bien-etreiris.ch\/?page_id=49100"},"modified":"2021-06-02T18:01:29","modified_gmt":"2021-06-02T16:01:29","slug":"bio-brush","status":"publish","type":"page","link":"https:\/\/bien-etreiris.ch\/de\/produktpraesentation\/hygiene\/koerperpflege\/mundhygiene\/zahnseide\/bio-brush\/","title":{"rendered":"BIO BRUSH"},"content":{"rendered":"\n<div class=\"wpb_text_column wpb_content_element  vc_custom_1575544155128\">\n<div class=\"wpb_wrapper\">\n<p>Une partie de la dent se situe dans une zone que la brosse \u00e0 dents ne permet pas d\u2019atteindre correctement. La plaque dentaire qui se trouve dans ces zones est \u00e0 l\u2019origine de caries et de parodontose. Outre les fissures et les concavit\u00e9s pr\u00e9sentes sur les surfaces de mastication, l\u2019espace interdentaire est une zone critique qui n\u00e9cessite un nettoyage suppl\u00e9mentaire.<\/p>\n<p>Pour les molaires, cela repr\u00e9sente pr\u00e8s de 40&nbsp;% de la surface de la dent. Mais quelle que soit les dimensions de ces surfaces, il s\u2019agit de zones critiques qui doivent faire l\u2019objet d\u2019un nettoyage suppl\u00e9mentaire. On devrait chaque jour \u00ab d\u00e9placer \u00bb les r\u00e9sidus \u00e0 l\u2019aide d\u2019une brossette interdentaire adapt\u00e9e ou d\u2019un fil dentaire. Or les acides pr\u00e9sents dans la plaque dentaire ont besoin de 24 heures pour agir sur la dent.<br>En y consacrant quelques secondes par jour et en utilisant l\u2019agr\u00e9able fil ou nos brossettes interdentaires, vous faites tout ce qu\u2019il faut pour conserver vos dents naturelles. Votre prochain rendez-vous chez le dentiste ne sera alors qu\u2019une simple formalit\u00e9.<\/p>\n<\/div>\n<\/div>\n<p>&nbsp;<\/p>\n<p>&nbsp;<\/p>\n<p><a href=\"https:\/\/bien-etreiris.ch\/wp-content\/uploads\/2021\/05\/biobrush-berlin.png\"><img loading=\"lazy\" decoding=\"async\" class=\"size-full wp-image-45633 alignleft\" src=\"https:\/\/bien-etreiris.ch\/wp-content\/uploads\/2021\/05\/biobrush-berlin.png\" alt=\"\" width=\"185\" height=\"300\"><\/a><\/p>\n<p>&nbsp;<\/p>\n<p>&nbsp;<\/p>\n<p>&nbsp;<\/p>\n<p>&nbsp;<\/p>\n<p>Extra r\u00e9sistant \u00e0 la d\u00e9chirure - suface lisse - convient aux espaces interdentaires \u00e9troits - faible risque de blessure - bo\u00eete en mat\u00e9riau recycl\u00e9 - r\u00e9duction plastique de 70 %<\/p>\n<p><strong>CHF&nbsp;5.30<\/strong><\/p>\n<p>&nbsp;<\/p>\n<p>&nbsp;<\/p>\n<div class=\"wpb_text_column wpb_content_element  vc_custom_1575544155128\">\n<div class=\"full-desc category-description\">\n<p>D\u00e9tails<\/p>\n<p>Le fil dentaire v\u00e9g\u00e9talien est fabriqu\u00e9 \u00e0 partir d'un ruban PFTE extra r\u00e9sistant \u00e0 la d\u00e9chirure et glisse particuli\u00e8rement facilement sur le point de contact. Le rouleau contient 100m.<\/p>\n<\/div>\n<\/div>\n","protected":false},"excerpt":{"rendered":"<p>Une partie de la dent se situe dans une zone que la brosse \u00e0 dents ne permet pas d\u2019atteindre correctement. La plaque dentaire qui se trouve dans ces zones est \u00e0 l\u2019origine de caries et de parodontose. Outre les fissures et les concavit\u00e9s pr\u00e9sentes sur les surfaces de mastication, l\u2019espace interdentaire est une zone critique qui n\u00e9cessite un nettoyage suppl\u00e9mentaire.&nbsp;<a href=\"https:\/\/bien-etreiris.ch\/de\/produktpraesentation\/hygiene\/koerperpflege\/mundhygiene\/zahnseide\/bio-brush\/\" class=\"read-more\">Weiter lesen<\/a><\/p>\n","protected":false},"author":1,"featured_media":45483,"parent":45625,"menu_order":5325,"comment_status":"closed","ping_status":"closed","template":"page-with-child.php","meta":{"_acf_changed":false,"ngg_post_thumbnail":0,"footnotes":""},"class_list":["post-49100","page","type-page","status-publish","has-post-thumbnail","hentry"],"acf":[],"yoast_head":"<!-- This site is optimized with the Yoast SEO plugin v27.5 - https:\/\/yoast.com\/product\/yoast-seo-wordpress\/ -->\n<title>BIO BRUSH - WOHLBEFINDEN<\/title>\n<meta name=\"robots\" content=\"index, follow, max-snippet:-1, max-image-preview:large, max-video-preview:-1\" \/>\n<link rel=\"canonical\" href=\"https:\/\/bien-etreiris.ch\/de\/produktpraesentation\/hygiene\/koerperpflege\/mundhygiene\/zahnseide\/bio-brush\/\" \/>\n<meta property=\"og:locale\" content=\"de_DE\" \/>\n<meta property=\"og:type\" content=\"article\" \/>\n<meta property=\"og:title\" content=\"BIO BRUSH - WOHLBEFINDEN\" \/>\n<meta property=\"og:description\" content=\"Une partie de la dent se situe dans une zone que la brosse \u00e0 dents ne permet pas d\u2019atteindre correctement. La plaque dentaire qui se trouve dans ces zones est \u00e0 l\u2019origine de caries et de parodontose. Outre les fissures et les concavit\u00e9s pr\u00e9sentes sur les surfaces de mastication, l\u2019espace interdentaire est une zone critique qui n\u00e9cessite un nettoyage suppl\u00e9mentaire.&nbsp;Weiter lesen\" \/>\n<meta property=\"og:url\" content=\"https:\/\/bien-etreiris.ch\/de\/produktpraesentation\/hygiene\/koerperpflege\/mundhygiene\/zahnseide\/bio-brush\/\" \/>\n<meta property=\"og:site_name\" content=\"WOHLBEFINDEN\" \/>\n<meta property=\"article:publisher\" content=\"https:\/\/www.facebook.com\/bienetreiris\/\" \/>\n<meta property=\"og:image\" content=\"https:\/\/bien-etreiris.ch\/wp-content\/uploads\/2021\/05\/Bio-brush.jpg\" \/>\n\t<meta property=\"og:image:width\" content=\"500\" \/>\n\t<meta property=\"og:image:height\" content=\"357\" \/>\n\t<meta property=\"og:image:type\" content=\"image\/jpeg\" \/>\n<meta name=\"twitter:label1\" content=\"Gesch\u00e4tzte Lesezeit\" \/>\n\t<meta name=\"twitter:data1\" content=\"1\u00a0Minute\" \/>\n<script type=\"application\/ld+json\" class=\"yoast-schema-graph\">{\"@context\":\"https:\\\/\\\/schema.org\",\"@graph\":[{\"@type\":\"WebPage\",\"@id\":\"https:\\\/\\\/bien-etreiris.ch\\\/de\\\/produktpraesentation\\\/hygiene\\\/koerperpflege\\\/mundhygiene\\\/zahnseide\\\/bio-brush\\\/\",\"url\":\"https:\\\/\\\/bien-etreiris.ch\\\/de\\\/produktpraesentation\\\/hygiene\\\/koerperpflege\\\/mundhygiene\\\/zahnseide\\\/bio-brush\\\/\",\"name\":\"BIO BRUSH - WOHLBEFINDEN\",\"isPartOf\":{\"@id\":\"https:\\\/\\\/bien-etreiris.ch\\\/de\\\/#website\"},\"primaryImageOfPage\":{\"@id\":\"https:\\\/\\\/bien-etreiris.ch\\\/de\\\/produktpraesentation\\\/hygiene\\\/koerperpflege\\\/mundhygiene\\\/zahnseide\\\/bio-brush\\\/#primaryimage\"},\"image\":{\"@id\":\"https:\\\/\\\/bien-etreiris.ch\\\/de\\\/produktpraesentation\\\/hygiene\\\/koerperpflege\\\/mundhygiene\\\/zahnseide\\\/bio-brush\\\/#primaryimage\"},\"thumbnailUrl\":\"https:\\\/\\\/bien-etreiris.ch\\\/wp-content\\\/uploads\\\/2021\\\/05\\\/Bio-brush.jpg\",\"datePublished\":\"2021-06-02T16:01:29+00:00\",\"breadcrumb\":{\"@id\":\"https:\\\/\\\/bien-etreiris.ch\\\/de\\\/produktpraesentation\\\/hygiene\\\/koerperpflege\\\/mundhygiene\\\/zahnseide\\\/bio-brush\\\/#breadcrumb\"},\"inLanguage\":\"de\",\"potentialAction\":[{\"@type\":\"ReadAction\",\"target\":[\"https:\\\/\\\/bien-etreiris.ch\\\/de\\\/produktpraesentation\\\/hygiene\\\/koerperpflege\\\/mundhygiene\\\/zahnseide\\\/bio-brush\\\/\"]}]},{\"@type\":\"ImageObject\",\"inLanguage\":\"de\",\"@id\":\"https:\\\/\\\/bien-etreiris.ch\\\/de\\\/produktpraesentation\\\/hygiene\\\/koerperpflege\\\/mundhygiene\\\/zahnseide\\\/bio-brush\\\/#primaryimage\",\"url\":\"https:\\\/\\\/bien-etreiris.ch\\\/wp-content\\\/uploads\\\/2021\\\/05\\\/Bio-brush.jpg\",\"contentUrl\":\"https:\\\/\\\/bien-etreiris.ch\\\/wp-content\\\/uploads\\\/2021\\\/05\\\/Bio-brush.jpg\",\"width\":500,\"height\":357},{\"@type\":\"BreadcrumbList\",\"@id\":\"https:\\\/\\\/bien-etreiris.ch\\\/de\\\/produktpraesentation\\\/hygiene\\\/koerperpflege\\\/mundhygiene\\\/zahnseide\\\/bio-brush\\\/#breadcrumb\",\"itemListElement\":[{\"@type\":\"ListItem\",\"position\":1,\"name\":\"Home\",\"item\":\"https:\\\/\\\/bien-etreiris.ch\\\/de\\\/\"},{\"@type\":\"ListItem\",\"position\":2,\"name\":\"PRODUKTPR\u00c4SENTATION\",\"item\":\"https:\\\/\\\/bien-etreiris.ch\\\/de\\\/produktpraesentation\\\/\"},{\"@type\":\"ListItem\",\"position\":3,\"name\":\"HYGIENE\",\"item\":\"https:\\\/\\\/bien-etreiris.ch\\\/de\\\/produktpraesentation\\\/hygiene\\\/\"},{\"@type\":\"ListItem\",\"position\":4,\"name\":\"K\u00d6RPERPFLEGE\",\"item\":\"https:\\\/\\\/bien-etreiris.ch\\\/de\\\/produktpraesentation\\\/hygiene\\\/koerperpflege\\\/\"},{\"@type\":\"ListItem\",\"position\":5,\"name\":\"MUNDHYGIENE\",\"item\":\"https:\\\/\\\/bien-etreiris.ch\\\/de\\\/produktpraesentation\\\/hygiene\\\/koerperpflege\\\/mundhygiene\\\/\"},{\"@type\":\"ListItem\",\"position\":6,\"name\":\"ZAHNSEIDE\",\"item\":\"https:\\\/\\\/bien-etreiris.ch\\\/de\\\/produktpraesentation\\\/hygiene\\\/koerperpflege\\\/mundhygiene\\\/zahnseide\\\/\"},{\"@type\":\"ListItem\",\"position\":7,\"name\":\"BIO BRUSH\"}]},{\"@type\":\"WebSite\",\"@id\":\"https:\\\/\\\/bien-etreiris.ch\\\/de\\\/#website\",\"url\":\"https:\\\/\\\/bien-etreiris.ch\\\/de\\\/\",\"name\":\"Bien-\u00eatre Iris\",\"description\":\"IHRE Gesundheit ist uns wichtig\",\"potentialAction\":[{\"@type\":\"SearchAction\",\"target\":{\"@type\":\"EntryPoint\",\"urlTemplate\":\"https:\\\/\\\/bien-etreiris.ch\\\/de\\\/?s={search_term_string}\"},\"query-input\":{\"@type\":\"PropertyValueSpecification\",\"valueRequired\":true,\"valueName\":\"search_term_string\"}}],\"inLanguage\":\"de\"}]}<\/script>\n<!-- \/ Yoast SEO plugin. -->","yoast_head_json":{"title":"BIO BRUSH - WOHLBEFINDEN","robots":{"index":"index","follow":"follow","max-snippet":"max-snippet:-1","max-image-preview":"max-image-preview:large","max-video-preview":"max-video-preview:-1"},"canonical":"https:\/\/bien-etreiris.ch\/de\/produktpraesentation\/hygiene\/koerperpflege\/mundhygiene\/zahnseide\/bio-brush\/","og_locale":"de_DE","og_type":"article","og_title":"BIO BRUSH - WOHLBEFINDEN","og_description":"Une partie de la dent se situe dans une zone que la brosse \u00e0 dents ne permet pas d\u2019atteindre correctement. La plaque dentaire qui se trouve dans ces zones est \u00e0 l\u2019origine de caries et de parodontose. Outre les fissures et les concavit\u00e9s pr\u00e9sentes sur les surfaces de mastication, l\u2019espace interdentaire est une zone critique qui n\u00e9cessite un nettoyage suppl\u00e9mentaire.&nbsp;Weiter lesen","og_url":"https:\/\/bien-etreiris.ch\/de\/produktpraesentation\/hygiene\/koerperpflege\/mundhygiene\/zahnseide\/bio-brush\/","og_site_name":"WOHLBEFINDEN","article_publisher":"https:\/\/www.facebook.com\/bienetreiris\/","og_image":[{"width":500,"height":357,"url":"https:\/\/bien-etreiris.ch\/wp-content\/uploads\/2021\/05\/Bio-brush.jpg","type":"image\/jpeg"}],"twitter_misc":{"Gesch\u00e4tzte Lesezeit":"1\u00a0Minute"},"schema":{"@context":"https:\/\/schema.org","@graph":[{"@type":"WebPage","@id":"https:\/\/bien-etreiris.ch\/de\/produktpraesentation\/hygiene\/koerperpflege\/mundhygiene\/zahnseide\/bio-brush\/","url":"https:\/\/bien-etreiris.ch\/de\/produktpraesentation\/hygiene\/koerperpflege\/mundhygiene\/zahnseide\/bio-brush\/","name":"BIO BRUSH - WOHLBEFINDEN","isPartOf":{"@id":"https:\/\/bien-etreiris.ch\/de\/#website"},"primaryImageOfPage":{"@id":"https:\/\/bien-etreiris.ch\/de\/produktpraesentation\/hygiene\/koerperpflege\/mundhygiene\/zahnseide\/bio-brush\/#primaryimage"},"image":{"@id":"https:\/\/bien-etreiris.ch\/de\/produktpraesentation\/hygiene\/koerperpflege\/mundhygiene\/zahnseide\/bio-brush\/#primaryimage"},"thumbnailUrl":"https:\/\/bien-etreiris.ch\/wp-content\/uploads\/2021\/05\/Bio-brush.jpg","datePublished":"2021-06-02T16:01:29+00:00","breadcrumb":{"@id":"https:\/\/bien-etreiris.ch\/de\/produktpraesentation\/hygiene\/koerperpflege\/mundhygiene\/zahnseide\/bio-brush\/#breadcrumb"},"inLanguage":"de","potentialAction":[{"@type":"ReadAction","target":["https:\/\/bien-etreiris.ch\/de\/produktpraesentation\/hygiene\/koerperpflege\/mundhygiene\/zahnseide\/bio-brush\/"]}]},{"@type":"ImageObject","inLanguage":"de","@id":"https:\/\/bien-etreiris.ch\/de\/produktpraesentation\/hygiene\/koerperpflege\/mundhygiene\/zahnseide\/bio-brush\/#primaryimage","url":"https:\/\/bien-etreiris.ch\/wp-content\/uploads\/2021\/05\/Bio-brush.jpg","contentUrl":"https:\/\/bien-etreiris.ch\/wp-content\/uploads\/2021\/05\/Bio-brush.jpg","width":500,"height":357},{"@type":"BreadcrumbList","@id":"https:\/\/bien-etreiris.ch\/de\/produktpraesentation\/hygiene\/koerperpflege\/mundhygiene\/zahnseide\/bio-brush\/#breadcrumb","itemListElement":[{"@type":"ListItem","position":1,"name":"Home","item":"https:\/\/bien-etreiris.ch\/de\/"},{"@type":"ListItem","position":2,"name":"PRODUKTPR\u00c4SENTATION","item":"https:\/\/bien-etreiris.ch\/de\/produktpraesentation\/"},{"@type":"ListItem","position":3,"name":"HYGIENE","item":"https:\/\/bien-etreiris.ch\/de\/produktpraesentation\/hygiene\/"},{"@type":"ListItem","position":4,"name":"K\u00d6RPERPFLEGE","item":"https:\/\/bien-etreiris.ch\/de\/produktpraesentation\/hygiene\/koerperpflege\/"},{"@type":"ListItem","position":5,"name":"MUNDHYGIENE","item":"https:\/\/bien-etreiris.ch\/de\/produktpraesentation\/hygiene\/koerperpflege\/mundhygiene\/"},{"@type":"ListItem","position":6,"name":"ZAHNSEIDE","item":"https:\/\/bien-etreiris.ch\/de\/produktpraesentation\/hygiene\/koerperpflege\/mundhygiene\/zahnseide\/"},{"@type":"ListItem","position":7,"name":"BIO BRUSH"}]},{"@type":"WebSite","@id":"https:\/\/bien-etreiris.ch\/de\/#website","url":"https:\/\/bien-etreiris.ch\/de\/","name":"Bien-\u00eatre Iris","description":"IHRE Gesundheit ist uns wichtig","potentialAction":[{"@type":"SearchAction","target":{"@type":"EntryPoint","urlTemplate":"https:\/\/bien-etreiris.ch\/de\/?s={search_term_string}"},"query-input":{"@type":"PropertyValueSpecification","valueRequired":true,"valueName":"search_term_string"}}],"inLanguage":"de"}]}},"_links":{"self":[{"href":"https:\/\/bien-etreiris.ch\/de\/wp-json\/wp\/v2\/pages\/49100","targetHints":{"allow":["GET"]}}],"collection":[{"href":"https:\/\/bien-etreiris.ch\/de\/wp-json\/wp\/v2\/pages"}],"about":[{"href":"https:\/\/bien-etreiris.ch\/de\/wp-json\/wp\/v2\/types\/page"}],"author":[{"embeddable":true,"href":"https:\/\/bien-etreiris.ch\/de\/wp-json\/wp\/v2\/users\/1"}],"replies":[{"embeddable":true,"href":"https:\/\/bien-etreiris.ch\/de\/wp-json\/wp\/v2\/comments?post=49100"}],"version-history":[{"count":1,"href":"https:\/\/bien-etreiris.ch\/de\/wp-json\/wp\/v2\/pages\/49100\/revisions"}],"predecessor-version":[{"id":49103,"href":"https:\/\/bien-etreiris.ch\/de\/wp-json\/wp\/v2\/pages\/49100\/revisions\/49103"}],"up":[{"embeddable":true,"href":"https:\/\/bien-etreiris.ch\/de\/wp-json\/wp\/v2\/pages\/45625"}],"wp:featuredmedia":[{"embeddable":true,"href":"https:\/\/bien-etreiris.ch\/de\/wp-json\/wp\/v2\/media\/45483"}],"wp:attachment":[{"href":"https:\/\/bien-etreiris.ch\/de\/wp-json\/wp\/v2\/media?parent=49100"}],"curies":[{"name":"wp","href":"https:\/\/api.w.org\/{rel}","templated":true}]}}