{"id":49074,"date":"2020-10-08T14:23:28","date_gmt":"2020-10-08T14:23:28","guid":{"rendered":"https:\/\/bien-etreiris.ch\/produktpraesentation\/hygiene\/corporelle\/pflege-accessoires\/buersten\/brosse-a-ongle\/"},"modified":"2021-06-02T17:34:05","modified_gmt":"2021-06-02T15:34:05","slug":"nagelbuerste","status":"publish","type":"page","link":"https:\/\/bien-etreiris.ch\/de\/produktpraesentation\/hygiene\/koerperpflege\/zubehoer-fuer-die-koerperpflege\/buersten\/nagelbuerste\/","title":{"rendered":"NAGELB\u00dcRSTE"},"content":{"rendered":"\n<h3 class=\"wp-block-heading\"><br><\/h3>\n\n\n\n<h2 class=\"wp-block-heading\"> <br>Brosse \u00e0 ongle h\u00eatre et agave FSC <\/h2>\n\n\n<p><a href=\"https:\/\/decoiris.ch\/wp-content\/uploads\/2020\/10\/acceuil-11.png\"><img loading=\"lazy\" decoding=\"async\" class=\"size-medium wp-image-32675 alignleft\" src=\"https:\/\/decoiris.ch\/wp-content\/uploads\/2020\/10\/acceuil-11-300x208.png\" alt=\"\" width=\"300\" height=\"208\" srcset=\"https:\/\/bien-etreiris.ch\/wp-content\/uploads\/2020\/10\/acceuil-11-300x208.png 300w, https:\/\/bien-etreiris.ch\/wp-content\/uploads\/2020\/10\/acceuil-11.png 497w\" sizes=\"auto, (max-width: 300px) 100vw, 300px\" \/><\/a><\/p>\n<p>La brosse \u00e0 ongle, en h\u00eatre et fibres d'agave, est id\u00e9ale pour nettoyer efficacement les ongles tr\u00e8s sales apr\u00e8s le bricolage ou les travaux du jardin. Dimensions : 9 x 3.5 cm.<\/p>\n<p>1 pi\u00e8ce <strong>CHF 2.70<\/strong><\/p>\n\n\n<p>Brosse \u00e0 ongle fabriqu\u00e9e  en h\u00eatre certifi\u00e9 FSC\u00ae. Ce qui signifie que le bois est 100% issu de  for\u00eats bien g\u00e9r\u00e9es de fa\u00e7on durable. Fabrication en Allemagne.<\/p>\n","protected":false},"excerpt":{"rendered":"<p>Brosse \u00e0 ongle h\u00eatre et agave FSC La brosse \u00e0 ongle, en h\u00eatre et fibres d'agave, est id\u00e9ale pour nettoyer efficacement les ongles tr\u00e8s sales apr\u00e8s le bricolage ou les travaux du jardin. Dimensions : 9 x 3.5 cm. 1 pi\u00e8ce CHF 2.70 Brosse \u00e0 ongle fabriqu\u00e9e en h\u00eatre certifi\u00e9 FSC\u00ae. Ce qui signifie que le bois est 100% issu&nbsp;<a href=\"https:\/\/bien-etreiris.ch\/de\/produktpraesentation\/hygiene\/koerperpflege\/zubehoer-fuer-die-koerperpflege\/buersten\/nagelbuerste\/\" class=\"read-more\">Weiter lesen<\/a><\/p>\n","protected":false},"author":1,"featured_media":32677,"parent":14802,"menu_order":6958,"comment_status":"closed","ping_status":"closed","template":"page-with-child.php","meta":{"_acf_changed":false,"ngg_post_thumbnail":0,"footnotes":""},"class_list":["post-49074","page","type-page","status-publish","has-post-thumbnail","hentry"],"acf":[],"yoast_head":"<!-- This site is optimized with the Yoast SEO plugin v27.5 - https:\/\/yoast.com\/product\/yoast-seo-wordpress\/ -->\n<title>NAGELB\u00dcRSTE - WOHLBEFINDEN<\/title>\n<meta name=\"robots\" content=\"index, follow, max-snippet:-1, max-image-preview:large, max-video-preview:-1\" \/>\n<link rel=\"canonical\" href=\"https:\/\/bien-etreiris.ch\/de\/produktpraesentation\/hygiene\/koerperpflege\/zubehoer-fuer-die-koerperpflege\/buersten\/nagelbuerste\/\" \/>\n<meta property=\"og:locale\" content=\"de_DE\" \/>\n<meta property=\"og:type\" content=\"article\" \/>\n<meta property=\"og:title\" content=\"NAGELB\u00dcRSTE - WOHLBEFINDEN\" \/>\n<meta property=\"og:description\" content=\"Brosse \u00e0 ongle h\u00eatre et agave FSC La brosse \u00e0 ongle, en h\u00eatre et fibres d&#039;agave, est id\u00e9ale pour nettoyer efficacement les ongles tr\u00e8s sales apr\u00e8s le bricolage ou les travaux du jardin. Dimensions : 9 x 3.5 cm. 1 pi\u00e8ce CHF 2.70 Brosse \u00e0 ongle fabriqu\u00e9e en h\u00eatre certifi\u00e9 FSC\u00ae. Ce qui signifie que le bois est 100% issu&nbsp;Weiter lesen\" \/>\n<meta property=\"og:url\" content=\"https:\/\/bien-etreiris.ch\/de\/produktpraesentation\/hygiene\/koerperpflege\/zubehoer-fuer-die-koerperpflege\/buersten\/nagelbuerste\/\" \/>\n<meta property=\"og:site_name\" content=\"WOHLBEFINDEN\" \/>\n<meta property=\"article:publisher\" content=\"https:\/\/www.facebook.com\/bienetreiris\/\" \/>\n<meta property=\"article:modified_time\" content=\"2021-06-02T15:34:05+00:00\" \/>\n<meta property=\"og:image\" content=\"https:\/\/bien-etreiris.ch\/wp-content\/uploads\/2020\/10\/acceuil-11.png\" \/>\n\t<meta property=\"og:image:width\" content=\"497\" \/>\n\t<meta property=\"og:image:height\" content=\"344\" \/>\n\t<meta property=\"og:image:type\" content=\"image\/png\" \/>\n<meta name=\"twitter:label1\" content=\"Gesch\u00e4tzte Lesezeit\" \/>\n\t<meta name=\"twitter:data1\" content=\"1\u00a0Minute\" \/>\n<script type=\"application\/ld+json\" class=\"yoast-schema-graph\">{\"@context\":\"https:\\\/\\\/schema.org\",\"@graph\":[{\"@type\":\"WebPage\",\"@id\":\"https:\\\/\\\/bien-etreiris.ch\\\/de\\\/produktpraesentation\\\/hygiene\\\/koerperpflege\\\/zubehoer-fuer-die-koerperpflege\\\/buersten\\\/nagelbuerste\\\/\",\"url\":\"https:\\\/\\\/bien-etreiris.ch\\\/de\\\/produktpraesentation\\\/hygiene\\\/koerperpflege\\\/zubehoer-fuer-die-koerperpflege\\\/buersten\\\/nagelbuerste\\\/\",\"name\":\"NAGELB\u00dcRSTE - WOHLBEFINDEN\",\"isPartOf\":{\"@id\":\"https:\\\/\\\/bien-etreiris.ch\\\/de\\\/#website\"},\"primaryImageOfPage\":{\"@id\":\"https:\\\/\\\/bien-etreiris.ch\\\/de\\\/produktpraesentation\\\/hygiene\\\/koerperpflege\\\/zubehoer-fuer-die-koerperpflege\\\/buersten\\\/nagelbuerste\\\/#primaryimage\"},\"image\":{\"@id\":\"https:\\\/\\\/bien-etreiris.ch\\\/de\\\/produktpraesentation\\\/hygiene\\\/koerperpflege\\\/zubehoer-fuer-die-koerperpflege\\\/buersten\\\/nagelbuerste\\\/#primaryimage\"},\"thumbnailUrl\":\"https:\\\/\\\/bien-etreiris.ch\\\/wp-content\\\/uploads\\\/2020\\\/10\\\/acceuil-11.png\",\"datePublished\":\"2020-10-08T14:23:28+00:00\",\"dateModified\":\"2021-06-02T15:34:05+00:00\",\"breadcrumb\":{\"@id\":\"https:\\\/\\\/bien-etreiris.ch\\\/de\\\/produktpraesentation\\\/hygiene\\\/koerperpflege\\\/zubehoer-fuer-die-koerperpflege\\\/buersten\\\/nagelbuerste\\\/#breadcrumb\"},\"inLanguage\":\"de\",\"potentialAction\":[{\"@type\":\"ReadAction\",\"target\":[\"https:\\\/\\\/bien-etreiris.ch\\\/de\\\/produktpraesentation\\\/hygiene\\\/koerperpflege\\\/zubehoer-fuer-die-koerperpflege\\\/buersten\\\/nagelbuerste\\\/\"]}]},{\"@type\":\"ImageObject\",\"inLanguage\":\"de\",\"@id\":\"https:\\\/\\\/bien-etreiris.ch\\\/de\\\/produktpraesentation\\\/hygiene\\\/koerperpflege\\\/zubehoer-fuer-die-koerperpflege\\\/buersten\\\/nagelbuerste\\\/#primaryimage\",\"url\":\"https:\\\/\\\/bien-etreiris.ch\\\/wp-content\\\/uploads\\\/2020\\\/10\\\/acceuil-11.png\",\"contentUrl\":\"https:\\\/\\\/bien-etreiris.ch\\\/wp-content\\\/uploads\\\/2020\\\/10\\\/acceuil-11.png\",\"width\":497,\"height\":344},{\"@type\":\"BreadcrumbList\",\"@id\":\"https:\\\/\\\/bien-etreiris.ch\\\/de\\\/produktpraesentation\\\/hygiene\\\/koerperpflege\\\/zubehoer-fuer-die-koerperpflege\\\/buersten\\\/nagelbuerste\\\/#breadcrumb\",\"itemListElement\":[{\"@type\":\"ListItem\",\"position\":1,\"name\":\"Home\",\"item\":\"https:\\\/\\\/bien-etreiris.ch\\\/de\\\/\"},{\"@type\":\"ListItem\",\"position\":2,\"name\":\"PRODUKTPR\u00c4SENTATION\",\"item\":\"https:\\\/\\\/bien-etreiris.ch\\\/de\\\/produktpraesentation\\\/\"},{\"@type\":\"ListItem\",\"position\":3,\"name\":\"HYGIENE\",\"item\":\"https:\\\/\\\/bien-etreiris.ch\\\/de\\\/produktpraesentation\\\/hygiene\\\/\"},{\"@type\":\"ListItem\",\"position\":4,\"name\":\"K\u00d6RPERPFLEGE\",\"item\":\"https:\\\/\\\/bien-etreiris.ch\\\/de\\\/produktpraesentation\\\/hygiene\\\/koerperpflege\\\/\"},{\"@type\":\"ListItem\",\"position\":5,\"name\":\"ZUBEH\u00d6R\",\"item\":\"https:\\\/\\\/bien-etreiris.ch\\\/de\\\/produktpraesentation\\\/hygiene\\\/koerperpflege\\\/zubehoer-fuer-die-koerperpflege\\\/\"},{\"@type\":\"ListItem\",\"position\":6,\"name\":\"B\u00dcRSTEN\",\"item\":\"https:\\\/\\\/bien-etreiris.ch\\\/de\\\/produktpraesentation\\\/hygiene\\\/koerperpflege\\\/zubehoer-fuer-die-koerperpflege\\\/buersten\\\/\"},{\"@type\":\"ListItem\",\"position\":7,\"name\":\"NAGELB\u00dcRSTE\"}]},{\"@type\":\"WebSite\",\"@id\":\"https:\\\/\\\/bien-etreiris.ch\\\/de\\\/#website\",\"url\":\"https:\\\/\\\/bien-etreiris.ch\\\/de\\\/\",\"name\":\"Bien-\u00eatre Iris\",\"description\":\"IHRE Gesundheit ist uns wichtig\",\"potentialAction\":[{\"@type\":\"SearchAction\",\"target\":{\"@type\":\"EntryPoint\",\"urlTemplate\":\"https:\\\/\\\/bien-etreiris.ch\\\/de\\\/?s={search_term_string}\"},\"query-input\":{\"@type\":\"PropertyValueSpecification\",\"valueRequired\":true,\"valueName\":\"search_term_string\"}}],\"inLanguage\":\"de\"}]}<\/script>\n<!-- \/ Yoast SEO plugin. -->","yoast_head_json":{"title":"NAGELB\u00dcRSTE - WOHLBEFINDEN","robots":{"index":"index","follow":"follow","max-snippet":"max-snippet:-1","max-image-preview":"max-image-preview:large","max-video-preview":"max-video-preview:-1"},"canonical":"https:\/\/bien-etreiris.ch\/de\/produktpraesentation\/hygiene\/koerperpflege\/zubehoer-fuer-die-koerperpflege\/buersten\/nagelbuerste\/","og_locale":"de_DE","og_type":"article","og_title":"NAGELB\u00dcRSTE - WOHLBEFINDEN","og_description":"Brosse \u00e0 ongle h\u00eatre et agave FSC La brosse \u00e0 ongle, en h\u00eatre et fibres d'agave, est id\u00e9ale pour nettoyer efficacement les ongles tr\u00e8s sales apr\u00e8s le bricolage ou les travaux du jardin. Dimensions : 9 x 3.5 cm. 1 pi\u00e8ce CHF 2.70 Brosse \u00e0 ongle fabriqu\u00e9e en h\u00eatre certifi\u00e9 FSC\u00ae. Ce qui signifie que le bois est 100% issu&nbsp;Weiter lesen","og_url":"https:\/\/bien-etreiris.ch\/de\/produktpraesentation\/hygiene\/koerperpflege\/zubehoer-fuer-die-koerperpflege\/buersten\/nagelbuerste\/","og_site_name":"WOHLBEFINDEN","article_publisher":"https:\/\/www.facebook.com\/bienetreiris\/","article_modified_time":"2021-06-02T15:34:05+00:00","og_image":[{"width":497,"height":344,"url":"https:\/\/bien-etreiris.ch\/wp-content\/uploads\/2020\/10\/acceuil-11.png","type":"image\/png"}],"twitter_misc":{"Gesch\u00e4tzte Lesezeit":"1\u00a0Minute"},"schema":{"@context":"https:\/\/schema.org","@graph":[{"@type":"WebPage","@id":"https:\/\/bien-etreiris.ch\/de\/produktpraesentation\/hygiene\/koerperpflege\/zubehoer-fuer-die-koerperpflege\/buersten\/nagelbuerste\/","url":"https:\/\/bien-etreiris.ch\/de\/produktpraesentation\/hygiene\/koerperpflege\/zubehoer-fuer-die-koerperpflege\/buersten\/nagelbuerste\/","name":"NAGELB\u00dcRSTE - WOHLBEFINDEN","isPartOf":{"@id":"https:\/\/bien-etreiris.ch\/de\/#website"},"primaryImageOfPage":{"@id":"https:\/\/bien-etreiris.ch\/de\/produktpraesentation\/hygiene\/koerperpflege\/zubehoer-fuer-die-koerperpflege\/buersten\/nagelbuerste\/#primaryimage"},"image":{"@id":"https:\/\/bien-etreiris.ch\/de\/produktpraesentation\/hygiene\/koerperpflege\/zubehoer-fuer-die-koerperpflege\/buersten\/nagelbuerste\/#primaryimage"},"thumbnailUrl":"https:\/\/bien-etreiris.ch\/wp-content\/uploads\/2020\/10\/acceuil-11.png","datePublished":"2020-10-08T14:23:28+00:00","dateModified":"2021-06-02T15:34:05+00:00","breadcrumb":{"@id":"https:\/\/bien-etreiris.ch\/de\/produktpraesentation\/hygiene\/koerperpflege\/zubehoer-fuer-die-koerperpflege\/buersten\/nagelbuerste\/#breadcrumb"},"inLanguage":"de","potentialAction":[{"@type":"ReadAction","target":["https:\/\/bien-etreiris.ch\/de\/produktpraesentation\/hygiene\/koerperpflege\/zubehoer-fuer-die-koerperpflege\/buersten\/nagelbuerste\/"]}]},{"@type":"ImageObject","inLanguage":"de","@id":"https:\/\/bien-etreiris.ch\/de\/produktpraesentation\/hygiene\/koerperpflege\/zubehoer-fuer-die-koerperpflege\/buersten\/nagelbuerste\/#primaryimage","url":"https:\/\/bien-etreiris.ch\/wp-content\/uploads\/2020\/10\/acceuil-11.png","contentUrl":"https:\/\/bien-etreiris.ch\/wp-content\/uploads\/2020\/10\/acceuil-11.png","width":497,"height":344},{"@type":"BreadcrumbList","@id":"https:\/\/bien-etreiris.ch\/de\/produktpraesentation\/hygiene\/koerperpflege\/zubehoer-fuer-die-koerperpflege\/buersten\/nagelbuerste\/#breadcrumb","itemListElement":[{"@type":"ListItem","position":1,"name":"Home","item":"https:\/\/bien-etreiris.ch\/de\/"},{"@type":"ListItem","position":2,"name":"PRODUKTPR\u00c4SENTATION","item":"https:\/\/bien-etreiris.ch\/de\/produktpraesentation\/"},{"@type":"ListItem","position":3,"name":"HYGIENE","item":"https:\/\/bien-etreiris.ch\/de\/produktpraesentation\/hygiene\/"},{"@type":"ListItem","position":4,"name":"K\u00d6RPERPFLEGE","item":"https:\/\/bien-etreiris.ch\/de\/produktpraesentation\/hygiene\/koerperpflege\/"},{"@type":"ListItem","position":5,"name":"ZUBEH\u00d6R","item":"https:\/\/bien-etreiris.ch\/de\/produktpraesentation\/hygiene\/koerperpflege\/zubehoer-fuer-die-koerperpflege\/"},{"@type":"ListItem","position":6,"name":"B\u00dcRSTEN","item":"https:\/\/bien-etreiris.ch\/de\/produktpraesentation\/hygiene\/koerperpflege\/zubehoer-fuer-die-koerperpflege\/buersten\/"},{"@type":"ListItem","position":7,"name":"NAGELB\u00dcRSTE"}]},{"@type":"WebSite","@id":"https:\/\/bien-etreiris.ch\/de\/#website","url":"https:\/\/bien-etreiris.ch\/de\/","name":"Bien-\u00eatre Iris","description":"IHRE Gesundheit ist uns wichtig","potentialAction":[{"@type":"SearchAction","target":{"@type":"EntryPoint","urlTemplate":"https:\/\/bien-etreiris.ch\/de\/?s={search_term_string}"},"query-input":{"@type":"PropertyValueSpecification","valueRequired":true,"valueName":"search_term_string"}}],"inLanguage":"de"}]}},"_links":{"self":[{"href":"https:\/\/bien-etreiris.ch\/de\/wp-json\/wp\/v2\/pages\/49074","targetHints":{"allow":["GET"]}}],"collection":[{"href":"https:\/\/bien-etreiris.ch\/de\/wp-json\/wp\/v2\/pages"}],"about":[{"href":"https:\/\/bien-etreiris.ch\/de\/wp-json\/wp\/v2\/types\/page"}],"author":[{"embeddable":true,"href":"https:\/\/bien-etreiris.ch\/de\/wp-json\/wp\/v2\/users\/1"}],"replies":[{"embeddable":true,"href":"https:\/\/bien-etreiris.ch\/de\/wp-json\/wp\/v2\/comments?post=49074"}],"version-history":[{"count":1,"href":"https:\/\/bien-etreiris.ch\/de\/wp-json\/wp\/v2\/pages\/49074\/revisions"}],"predecessor-version":[{"id":49077,"href":"https:\/\/bien-etreiris.ch\/de\/wp-json\/wp\/v2\/pages\/49074\/revisions\/49077"}],"up":[{"embeddable":true,"href":"https:\/\/bien-etreiris.ch\/de\/wp-json\/wp\/v2\/pages\/14802"}],"wp:featuredmedia":[{"embeddable":true,"href":"https:\/\/bien-etreiris.ch\/de\/wp-json\/wp\/v2\/media\/32677"}],"wp:attachment":[{"href":"https:\/\/bien-etreiris.ch\/de\/wp-json\/wp\/v2\/media?parent=49074"}],"curies":[{"name":"wp","href":"https:\/\/api.w.org\/{rel}","templated":true}]}}