{"id":49068,"date":"2020-10-08T11:00:14","date_gmt":"2020-10-08T11:00:14","guid":{"rendered":"https:\/\/bien-etreiris.ch\/produktpraesentation\/hygiene\/corporelle\/pflege-accessoires\/buersten\/brosse-energisante-de-p-jentschura\/"},"modified":"2021-06-02T17:29:43","modified_gmt":"2021-06-02T15:29:43","slug":"energetisierungsburste","status":"publish","type":"page","link":"https:\/\/bien-etreiris.ch\/de\/produktpraesentation\/hygiene\/koerperpflege\/zubehoer-fuer-die-koerperpflege\/buersten\/energetisierungsburste\/","title":{"rendered":"ENERGETISIERUNGSB\u00dcRSTE"},"content":{"rendered":"\n<h2 class=\"wp-block-heading\">La brosse \u00e9nergisante de P. Jentschura<\/h2>\n\n\n\n<div class=\"wp-block-media-text alignwide is-stacked-on-mobile\"><figure class=\"wp-block-media-text__media\"><img loading=\"lazy\" decoding=\"async\" width=\"400\" height=\"377\" src=\"https:\/\/decoiris.ch\/wp-content\/uploads\/2019\/06\/Brosse-\u00e9nergisante.png\" alt=\"\" class=\"wp-image-20461 size-full\" srcset=\"https:\/\/bien-etreiris.ch\/wp-content\/uploads\/2019\/06\/Brosse-\u00e9nergisante.png 400w, https:\/\/bien-etreiris.ch\/wp-content\/uploads\/2019\/06\/Brosse-\u00e9nergisante-300x283.png 300w\" sizes=\"auto, (max-width: 400px) 100vw, 400px\" \/><\/figure><div class=\"wp-block-media-text__content\">\n<ul class=\"wp-block-list\"><li>Poils naturels&nbsp;&nbsp; &nbsp;<\/li><li>Le \u00ab requinquant \u00bb parmi les brossages \u00e0 sec &nbsp;&nbsp; &nbsp;<\/li><li>Les poils fins en bronze provoquent une sensation de picotements sur la peau.&nbsp;&nbsp; &nbsp;<\/li><li>un imp\u00e9ratif pour tous les instituts de beaut\u00e9&nbsp;<\/li><li><strong>1 pi\u00e8ce CHF 60.00&nbsp;<\/strong><\/li><\/ul>\n<\/div><\/div>\n\n\n<p>&nbsp;<\/p>\n<p>&nbsp;<\/p>\n\n\n<p>Le brossage \u00e0 sec avec la brosse \u00e9nergisante de P.&nbsp;Jentschura est un moment fort. Gr\u00e2ce \u00e0 ses poils fins en bronze dans un alliage de cuivre et d\u2019\u00e9tain, cette brosse sp\u00e9ciale provoque sur la peau une sensation de picotements bienfaisante et particuli\u00e8rement agr\u00e9able qui, le matin, nous met en forme. La qualit\u00e9 exceptionnelle des poils fait que quelques coups de brosse quotidiennement suffisent \u00e0 procurer un bien-\u00eatre physique et psychique et exercent une action tonique, relaxante tout en stimulant la circulation sanguine.<\/p>\n\n\n\n<h2 class=\"wp-block-heading\">\nComposition<\/h2>\n\n\n\n<p><strong>Poils :<\/strong> au centre, poils fins en bronze, tout autour, pur crins de cheval noirs\n<strong>Implantation :<\/strong> 9 rang\u00e9es\n<strong>Bois :<\/strong> h\u00eatre d\u2019origine locale (bois massif), poign\u00e9e auto-agrippante noire r\u00e9glable \u00e0 la taille de la main\n<strong>Protection du bois :<\/strong> plong\u00e9 dans un bain de cire<\/p>\n\n\n\n<h2 class=\"wp-block-heading\">\nBon \u00e0 savoir<\/h2>\n\n\n\n<div class=\"wp-block-media-text alignwide is-stacked-on-mobile\"><figure class=\"wp-block-media-text__media\"><img loading=\"lazy\" decoding=\"async\" width=\"359\" height=\"252\" src=\"https:\/\/decoiris.ch\/wp-content\/uploads\/2019\/09\/brossage-jambes.png\" alt=\"\" class=\"wp-image-29007 size-full\" srcset=\"https:\/\/bien-etreiris.ch\/wp-content\/uploads\/2019\/09\/brossage-jambes.png 359w, https:\/\/bien-etreiris.ch\/wp-content\/uploads\/2019\/09\/brossage-jambes-300x211.png 300w\" sizes=\"auto, (max-width: 359px) 100vw, 359px\" \/><\/figure><div class=\"wp-block-media-text__content\">\n<p class=\"has-large-font-size\"><\/p>\n\n\n\n<p>De par la structure des fins poils en bronze, le brossage g\u00e9n\u00e8re directement sur la peau des ions d\u2019oxyg\u00e8ne, importants pour notre bien-\u00eatre physique et \u00e9nerg\u00e9tique, dont l\u2019organisme et le m\u00e9tabolisme profitent imm\u00e9diatement. En plus de cet effet, l\u2019emploi de la brosse \u00e9nergisante exerce une action \u00e9nerg\u00e9tique ressentie comme agr\u00e9able.<\/p>\n\n\n\n<p>Un imp\u00e9ratif pour tous les instituts de beaut\u00e9, pour une pr\u00e9paration optimale de la peau aux traitements corporels alcalins.<\/p>\n<\/div><\/div>\n","protected":false},"excerpt":{"rendered":"<p>La brosse \u00e9nergisante de P. Jentschura Poils naturels&nbsp;&nbsp; &nbsp; Le \u00ab requinquant \u00bb parmi les brossages \u00e0 sec &nbsp;&nbsp; &nbsp; Les poils fins en bronze provoquent une sensation de picotements sur la peau.&nbsp;&nbsp; &nbsp; un imp\u00e9ratif pour tous les instituts de beaut\u00e9&nbsp; 1 pi\u00e8ce CHF 60.00&nbsp; &nbsp; &nbsp; Le brossage \u00e0 sec avec la brosse \u00e9nergisante de P.&nbsp;Jentschura est un&nbsp;<a href=\"https:\/\/bien-etreiris.ch\/de\/produktpraesentation\/hygiene\/koerperpflege\/zubehoer-fuer-die-koerperpflege\/buersten\/energetisierungsburste\/\" class=\"read-more\">Weiter lesen<\/a><\/p>\n","protected":false},"author":1,"featured_media":32688,"parent":14802,"menu_order":6967,"comment_status":"closed","ping_status":"closed","template":"page-with-child.php","meta":{"_acf_changed":false,"ngg_post_thumbnail":0,"footnotes":""},"class_list":["post-49068","page","type-page","status-publish","has-post-thumbnail","hentry"],"acf":[],"yoast_head":"<!-- This site is optimized with the Yoast SEO plugin v27.5 - https:\/\/yoast.com\/product\/yoast-seo-wordpress\/ -->\n<title>ENERGETISIERUNGSB\u00dcRSTE - WOHLBEFINDEN<\/title>\n<meta name=\"robots\" content=\"index, follow, max-snippet:-1, max-image-preview:large, max-video-preview:-1\" \/>\n<link rel=\"canonical\" href=\"https:\/\/bien-etreiris.ch\/de\/produktpraesentation\/hygiene\/koerperpflege\/zubehoer-fuer-die-koerperpflege\/buersten\/energetisierungsburste\/\" \/>\n<meta property=\"og:locale\" content=\"de_DE\" \/>\n<meta property=\"og:type\" content=\"article\" \/>\n<meta property=\"og:title\" content=\"ENERGETISIERUNGSB\u00dcRSTE - WOHLBEFINDEN\" \/>\n<meta property=\"og:description\" content=\"La brosse \u00e9nergisante de P. Jentschura Poils naturels&nbsp;&nbsp; &nbsp; Le \u00ab requinquant \u00bb parmi les brossages \u00e0 sec &nbsp;&nbsp; &nbsp; Les poils fins en bronze provoquent une sensation de picotements sur la peau.&nbsp;&nbsp; &nbsp; un imp\u00e9ratif pour tous les instituts de beaut\u00e9&nbsp; 1 pi\u00e8ce CHF 60.00&nbsp; &nbsp; &nbsp; Le brossage \u00e0 sec avec la brosse \u00e9nergisante de P.&nbsp;Jentschura est un&nbsp;Weiter lesen\" \/>\n<meta property=\"og:url\" content=\"https:\/\/bien-etreiris.ch\/de\/produktpraesentation\/hygiene\/koerperpflege\/zubehoer-fuer-die-koerperpflege\/buersten\/energetisierungsburste\/\" \/>\n<meta property=\"og:site_name\" content=\"WOHLBEFINDEN\" \/>\n<meta property=\"article:publisher\" content=\"https:\/\/www.facebook.com\/bienetreiris\/\" \/>\n<meta property=\"article:modified_time\" content=\"2021-06-02T15:29:43+00:00\" \/>\n<meta property=\"og:image\" content=\"https:\/\/bien-etreiris.ch\/wp-content\/uploads\/2020\/10\/acceuil-12.png\" \/>\n\t<meta property=\"og:image:width\" content=\"400\" \/>\n\t<meta property=\"og:image:height\" content=\"377\" \/>\n\t<meta property=\"og:image:type\" content=\"image\/png\" \/>\n<meta name=\"twitter:label1\" content=\"Gesch\u00e4tzte Lesezeit\" \/>\n\t<meta name=\"twitter:data1\" content=\"2\u00a0Minuten\" \/>\n<script type=\"application\/ld+json\" class=\"yoast-schema-graph\">{\"@context\":\"https:\\\/\\\/schema.org\",\"@graph\":[{\"@type\":\"WebPage\",\"@id\":\"https:\\\/\\\/bien-etreiris.ch\\\/de\\\/produktpraesentation\\\/hygiene\\\/koerperpflege\\\/zubehoer-fuer-die-koerperpflege\\\/buersten\\\/energetisierungsburste\\\/\",\"url\":\"https:\\\/\\\/bien-etreiris.ch\\\/de\\\/produktpraesentation\\\/hygiene\\\/koerperpflege\\\/zubehoer-fuer-die-koerperpflege\\\/buersten\\\/energetisierungsburste\\\/\",\"name\":\"ENERGETISIERUNGSB\u00dcRSTE - WOHLBEFINDEN\",\"isPartOf\":{\"@id\":\"https:\\\/\\\/bien-etreiris.ch\\\/de\\\/#website\"},\"primaryImageOfPage\":{\"@id\":\"https:\\\/\\\/bien-etreiris.ch\\\/de\\\/produktpraesentation\\\/hygiene\\\/koerperpflege\\\/zubehoer-fuer-die-koerperpflege\\\/buersten\\\/energetisierungsburste\\\/#primaryimage\"},\"image\":{\"@id\":\"https:\\\/\\\/bien-etreiris.ch\\\/de\\\/produktpraesentation\\\/hygiene\\\/koerperpflege\\\/zubehoer-fuer-die-koerperpflege\\\/buersten\\\/energetisierungsburste\\\/#primaryimage\"},\"thumbnailUrl\":\"https:\\\/\\\/bien-etreiris.ch\\\/wp-content\\\/uploads\\\/2020\\\/10\\\/acceuil-12.png\",\"datePublished\":\"2020-10-08T11:00:14+00:00\",\"dateModified\":\"2021-06-02T15:29:43+00:00\",\"breadcrumb\":{\"@id\":\"https:\\\/\\\/bien-etreiris.ch\\\/de\\\/produktpraesentation\\\/hygiene\\\/koerperpflege\\\/zubehoer-fuer-die-koerperpflege\\\/buersten\\\/energetisierungsburste\\\/#breadcrumb\"},\"inLanguage\":\"de\",\"potentialAction\":[{\"@type\":\"ReadAction\",\"target\":[\"https:\\\/\\\/bien-etreiris.ch\\\/de\\\/produktpraesentation\\\/hygiene\\\/koerperpflege\\\/zubehoer-fuer-die-koerperpflege\\\/buersten\\\/energetisierungsburste\\\/\"]}]},{\"@type\":\"ImageObject\",\"inLanguage\":\"de\",\"@id\":\"https:\\\/\\\/bien-etreiris.ch\\\/de\\\/produktpraesentation\\\/hygiene\\\/koerperpflege\\\/zubehoer-fuer-die-koerperpflege\\\/buersten\\\/energetisierungsburste\\\/#primaryimage\",\"url\":\"https:\\\/\\\/bien-etreiris.ch\\\/wp-content\\\/uploads\\\/2020\\\/10\\\/acceuil-12.png\",\"contentUrl\":\"https:\\\/\\\/bien-etreiris.ch\\\/wp-content\\\/uploads\\\/2020\\\/10\\\/acceuil-12.png\",\"width\":400,\"height\":377},{\"@type\":\"BreadcrumbList\",\"@id\":\"https:\\\/\\\/bien-etreiris.ch\\\/de\\\/produktpraesentation\\\/hygiene\\\/koerperpflege\\\/zubehoer-fuer-die-koerperpflege\\\/buersten\\\/energetisierungsburste\\\/#breadcrumb\",\"itemListElement\":[{\"@type\":\"ListItem\",\"position\":1,\"name\":\"Home\",\"item\":\"https:\\\/\\\/bien-etreiris.ch\\\/de\\\/\"},{\"@type\":\"ListItem\",\"position\":2,\"name\":\"PRODUKTPR\u00c4SENTATION\",\"item\":\"https:\\\/\\\/bien-etreiris.ch\\\/de\\\/produktpraesentation\\\/\"},{\"@type\":\"ListItem\",\"position\":3,\"name\":\"HYGIENE\",\"item\":\"https:\\\/\\\/bien-etreiris.ch\\\/de\\\/produktpraesentation\\\/hygiene\\\/\"},{\"@type\":\"ListItem\",\"position\":4,\"name\":\"K\u00d6RPERPFLEGE\",\"item\":\"https:\\\/\\\/bien-etreiris.ch\\\/de\\\/produktpraesentation\\\/hygiene\\\/koerperpflege\\\/\"},{\"@type\":\"ListItem\",\"position\":5,\"name\":\"ZUBEH\u00d6R\",\"item\":\"https:\\\/\\\/bien-etreiris.ch\\\/de\\\/produktpraesentation\\\/hygiene\\\/koerperpflege\\\/zubehoer-fuer-die-koerperpflege\\\/\"},{\"@type\":\"ListItem\",\"position\":6,\"name\":\"B\u00dcRSTEN\",\"item\":\"https:\\\/\\\/bien-etreiris.ch\\\/de\\\/produktpraesentation\\\/hygiene\\\/koerperpflege\\\/zubehoer-fuer-die-koerperpflege\\\/buersten\\\/\"},{\"@type\":\"ListItem\",\"position\":7,\"name\":\"ENERGETISIERUNGSB\u00dcRSTE\"}]},{\"@type\":\"WebSite\",\"@id\":\"https:\\\/\\\/bien-etreiris.ch\\\/de\\\/#website\",\"url\":\"https:\\\/\\\/bien-etreiris.ch\\\/de\\\/\",\"name\":\"Bien-\u00eatre Iris\",\"description\":\"IHRE Gesundheit ist uns wichtig\",\"potentialAction\":[{\"@type\":\"SearchAction\",\"target\":{\"@type\":\"EntryPoint\",\"urlTemplate\":\"https:\\\/\\\/bien-etreiris.ch\\\/de\\\/?s={search_term_string}\"},\"query-input\":{\"@type\":\"PropertyValueSpecification\",\"valueRequired\":true,\"valueName\":\"search_term_string\"}}],\"inLanguage\":\"de\"}]}<\/script>\n<!-- \/ Yoast SEO plugin. -->","yoast_head_json":{"title":"ENERGETISIERUNGSB\u00dcRSTE - WOHLBEFINDEN","robots":{"index":"index","follow":"follow","max-snippet":"max-snippet:-1","max-image-preview":"max-image-preview:large","max-video-preview":"max-video-preview:-1"},"canonical":"https:\/\/bien-etreiris.ch\/de\/produktpraesentation\/hygiene\/koerperpflege\/zubehoer-fuer-die-koerperpflege\/buersten\/energetisierungsburste\/","og_locale":"de_DE","og_type":"article","og_title":"ENERGETISIERUNGSB\u00dcRSTE - WOHLBEFINDEN","og_description":"La brosse \u00e9nergisante de P. Jentschura Poils naturels&nbsp;&nbsp; &nbsp; Le \u00ab requinquant \u00bb parmi les brossages \u00e0 sec &nbsp;&nbsp; &nbsp; Les poils fins en bronze provoquent une sensation de picotements sur la peau.&nbsp;&nbsp; &nbsp; un imp\u00e9ratif pour tous les instituts de beaut\u00e9&nbsp; 1 pi\u00e8ce CHF 60.00&nbsp; &nbsp; &nbsp; Le brossage \u00e0 sec avec la brosse \u00e9nergisante de P.&nbsp;Jentschura est un&nbsp;Weiter lesen","og_url":"https:\/\/bien-etreiris.ch\/de\/produktpraesentation\/hygiene\/koerperpflege\/zubehoer-fuer-die-koerperpflege\/buersten\/energetisierungsburste\/","og_site_name":"WOHLBEFINDEN","article_publisher":"https:\/\/www.facebook.com\/bienetreiris\/","article_modified_time":"2021-06-02T15:29:43+00:00","og_image":[{"width":400,"height":377,"url":"https:\/\/bien-etreiris.ch\/wp-content\/uploads\/2020\/10\/acceuil-12.png","type":"image\/png"}],"twitter_misc":{"Gesch\u00e4tzte Lesezeit":"2\u00a0Minuten"},"schema":{"@context":"https:\/\/schema.org","@graph":[{"@type":"WebPage","@id":"https:\/\/bien-etreiris.ch\/de\/produktpraesentation\/hygiene\/koerperpflege\/zubehoer-fuer-die-koerperpflege\/buersten\/energetisierungsburste\/","url":"https:\/\/bien-etreiris.ch\/de\/produktpraesentation\/hygiene\/koerperpflege\/zubehoer-fuer-die-koerperpflege\/buersten\/energetisierungsburste\/","name":"ENERGETISIERUNGSB\u00dcRSTE - WOHLBEFINDEN","isPartOf":{"@id":"https:\/\/bien-etreiris.ch\/de\/#website"},"primaryImageOfPage":{"@id":"https:\/\/bien-etreiris.ch\/de\/produktpraesentation\/hygiene\/koerperpflege\/zubehoer-fuer-die-koerperpflege\/buersten\/energetisierungsburste\/#primaryimage"},"image":{"@id":"https:\/\/bien-etreiris.ch\/de\/produktpraesentation\/hygiene\/koerperpflege\/zubehoer-fuer-die-koerperpflege\/buersten\/energetisierungsburste\/#primaryimage"},"thumbnailUrl":"https:\/\/bien-etreiris.ch\/wp-content\/uploads\/2020\/10\/acceuil-12.png","datePublished":"2020-10-08T11:00:14+00:00","dateModified":"2021-06-02T15:29:43+00:00","breadcrumb":{"@id":"https:\/\/bien-etreiris.ch\/de\/produktpraesentation\/hygiene\/koerperpflege\/zubehoer-fuer-die-koerperpflege\/buersten\/energetisierungsburste\/#breadcrumb"},"inLanguage":"de","potentialAction":[{"@type":"ReadAction","target":["https:\/\/bien-etreiris.ch\/de\/produktpraesentation\/hygiene\/koerperpflege\/zubehoer-fuer-die-koerperpflege\/buersten\/energetisierungsburste\/"]}]},{"@type":"ImageObject","inLanguage":"de","@id":"https:\/\/bien-etreiris.ch\/de\/produktpraesentation\/hygiene\/koerperpflege\/zubehoer-fuer-die-koerperpflege\/buersten\/energetisierungsburste\/#primaryimage","url":"https:\/\/bien-etreiris.ch\/wp-content\/uploads\/2020\/10\/acceuil-12.png","contentUrl":"https:\/\/bien-etreiris.ch\/wp-content\/uploads\/2020\/10\/acceuil-12.png","width":400,"height":377},{"@type":"BreadcrumbList","@id":"https:\/\/bien-etreiris.ch\/de\/produktpraesentation\/hygiene\/koerperpflege\/zubehoer-fuer-die-koerperpflege\/buersten\/energetisierungsburste\/#breadcrumb","itemListElement":[{"@type":"ListItem","position":1,"name":"Home","item":"https:\/\/bien-etreiris.ch\/de\/"},{"@type":"ListItem","position":2,"name":"PRODUKTPR\u00c4SENTATION","item":"https:\/\/bien-etreiris.ch\/de\/produktpraesentation\/"},{"@type":"ListItem","position":3,"name":"HYGIENE","item":"https:\/\/bien-etreiris.ch\/de\/produktpraesentation\/hygiene\/"},{"@type":"ListItem","position":4,"name":"K\u00d6RPERPFLEGE","item":"https:\/\/bien-etreiris.ch\/de\/produktpraesentation\/hygiene\/koerperpflege\/"},{"@type":"ListItem","position":5,"name":"ZUBEH\u00d6R","item":"https:\/\/bien-etreiris.ch\/de\/produktpraesentation\/hygiene\/koerperpflege\/zubehoer-fuer-die-koerperpflege\/"},{"@type":"ListItem","position":6,"name":"B\u00dcRSTEN","item":"https:\/\/bien-etreiris.ch\/de\/produktpraesentation\/hygiene\/koerperpflege\/zubehoer-fuer-die-koerperpflege\/buersten\/"},{"@type":"ListItem","position":7,"name":"ENERGETISIERUNGSB\u00dcRSTE"}]},{"@type":"WebSite","@id":"https:\/\/bien-etreiris.ch\/de\/#website","url":"https:\/\/bien-etreiris.ch\/de\/","name":"Bien-\u00eatre Iris","description":"IHRE Gesundheit ist uns wichtig","potentialAction":[{"@type":"SearchAction","target":{"@type":"EntryPoint","urlTemplate":"https:\/\/bien-etreiris.ch\/de\/?s={search_term_string}"},"query-input":{"@type":"PropertyValueSpecification","valueRequired":true,"valueName":"search_term_string"}}],"inLanguage":"de"}]}},"_links":{"self":[{"href":"https:\/\/bien-etreiris.ch\/de\/wp-json\/wp\/v2\/pages\/49068","targetHints":{"allow":["GET"]}}],"collection":[{"href":"https:\/\/bien-etreiris.ch\/de\/wp-json\/wp\/v2\/pages"}],"about":[{"href":"https:\/\/bien-etreiris.ch\/de\/wp-json\/wp\/v2\/types\/page"}],"author":[{"embeddable":true,"href":"https:\/\/bien-etreiris.ch\/de\/wp-json\/wp\/v2\/users\/1"}],"replies":[{"embeddable":true,"href":"https:\/\/bien-etreiris.ch\/de\/wp-json\/wp\/v2\/comments?post=49068"}],"version-history":[{"count":2,"href":"https:\/\/bien-etreiris.ch\/de\/wp-json\/wp\/v2\/pages\/49068\/revisions"}],"predecessor-version":[{"id":49072,"href":"https:\/\/bien-etreiris.ch\/de\/wp-json\/wp\/v2\/pages\/49068\/revisions\/49072"}],"up":[{"embeddable":true,"href":"https:\/\/bien-etreiris.ch\/de\/wp-json\/wp\/v2\/pages\/14802"}],"wp:featuredmedia":[{"embeddable":true,"href":"https:\/\/bien-etreiris.ch\/de\/wp-json\/wp\/v2\/media\/32688"}],"wp:attachment":[{"href":"https:\/\/bien-etreiris.ch\/de\/wp-json\/wp\/v2\/media?parent=49068"}],"curies":[{"name":"wp","href":"https:\/\/api.w.org\/{rel}","templated":true}]}}