{"id":49053,"date":"2021-06-02T17:10:28","date_gmt":"2021-06-02T15:10:28","guid":{"rendered":"https:\/\/bien-etreiris.ch\/?page_id=49053"},"modified":"2021-06-18T07:10:26","modified_gmt":"2021-06-18T05:10:26","slug":"rassierwasser","status":"publish","type":"page","link":"https:\/\/bien-etreiris.ch\/de\/produktpraesentation\/hygiene\/koerperpflege\/rasieren-oder-bart\/rassierwasser\/","title":{"rendered":"RASIERWASSER"},"content":{"rendered":"\n<h2>Rassierwasser&nbsp; After-Shave<\/h2>\n<p><a href=\"https:\/\/decoiris.ch\/wp-content\/uploads\/2020\/10\/Apr\u00e8s-rasage.png\"><img loading=\"lazy\" decoding=\"async\" class=\"size-medium wp-image-33165 alignleft\" src=\"https:\/\/decoiris.ch\/wp-content\/uploads\/2020\/10\/Apr\u00e8s-rasage-300x300.png\" sizes=\"auto, (max-width: 300px) 100vw, 300px\" srcset=\"https:\/\/bien-etreiris.ch\/wp-content\/uploads\/2020\/10\/Apr\u00e8s-rasage-300x300.png 300w, https:\/\/bien-etreiris.ch\/wp-content\/uploads\/2020\/10\/Apr\u00e8s-rasage-150x150.png 150w, https:\/\/bien-etreiris.ch\/wp-content\/uploads\/2020\/10\/Apr\u00e8s-rasage-768x768.png 768w, https:\/\/bien-etreiris.ch\/wp-content\/uploads\/2020\/10\/Apr\u00e8s-rasage.png 800w\" alt=\"\" width=\"300\" height=\"300\"><\/a><\/p>\n<p>&nbsp;<\/p>\n<p>&nbsp;<\/p>\n<p>&nbsp;<\/p>\n<p>Erleben Sie ein Aftershave, das belebt, erfrischt und sch\u00f6n k\u00fchlt.<\/p>\n<p>Geeignet f\u00fcr alle Hauttypen.<\/p>\n<p>Mit 100% nat\u00fcrlichen australischen \u00e4therischen \u00d6len.<\/p>\n<p>75 ml <strong>CHF 12.00<\/strong><\/p>\n<p>&nbsp;<\/p>\n<p>&nbsp;<\/p>\n<p>&nbsp;<\/p>\n<p>Nach der Rasur ist die Haut empfindlich und muss mit Feuchtigkeit versorgt werden. Unser Aftershave beruhigt und pflegt intensiv. Die 100 % nat\u00fcrlichen australischen \u00e4therischen \u00d6le aus Zitronenmyrte, Eukalyptus, Teebaum, Buddha-Holz, wei\u00dfer Zypresse und anderen beugen Entz\u00fcndungen vor und unterst\u00fctzen die Haut beim Heilungsprozess. Der Duft \u00fcberzeugt mit warmen und frischen Noten.<\/p>\n<p>F\u00fcr eine weiche Haut und einen energetischen Start in den Tag.<\/p>\n","protected":false},"excerpt":{"rendered":"<p>Rassierwasser&nbsp; After-Shave &nbsp; &nbsp; &nbsp; Erleben Sie ein Aftershave, das belebt, erfrischt und sch\u00f6n k\u00fchlt. Geeignet f\u00fcr alle Hauttypen. Mit 100% nat\u00fcrlichen australischen \u00e4therischen \u00d6len. 75 ml CHF 12.00 &nbsp; &nbsp; &nbsp; Nach der Rasur ist die Haut empfindlich und muss mit Feuchtigkeit versorgt werden. Unser Aftershave beruhigt und pflegt intensiv. Die 100 % nat\u00fcrlichen australischen \u00e4therischen \u00d6le aus Zitronenmyrte,&nbsp;<a href=\"https:\/\/bien-etreiris.ch\/de\/produktpraesentation\/hygiene\/koerperpflege\/rasieren-oder-bart\/rassierwasser\/\" class=\"read-more\">Weiter lesen<\/a><\/p>\n","protected":false},"author":1,"featured_media":49056,"parent":42517,"menu_order":5331,"comment_status":"closed","ping_status":"closed","template":"page-with-child.php","meta":{"_acf_changed":false,"ngg_post_thumbnail":0,"footnotes":""},"class_list":["post-49053","page","type-page","status-publish","has-post-thumbnail","hentry"],"acf":[],"yoast_head":"<!-- This site is optimized with the Yoast SEO plugin v27.5 - https:\/\/yoast.com\/product\/yoast-seo-wordpress\/ -->\n<title>RASIERWASSER - WOHLBEFINDEN<\/title>\n<meta name=\"robots\" content=\"index, follow, max-snippet:-1, max-image-preview:large, max-video-preview:-1\" \/>\n<link rel=\"canonical\" href=\"https:\/\/bien-etreiris.ch\/de\/produktpraesentation\/hygiene\/koerperpflege\/rasieren-oder-bart\/rassierwasser\/\" \/>\n<meta property=\"og:locale\" content=\"de_DE\" \/>\n<meta property=\"og:type\" content=\"article\" \/>\n<meta property=\"og:title\" content=\"RASIERWASSER - WOHLBEFINDEN\" \/>\n<meta property=\"og:description\" content=\"Rassierwasser&nbsp; After-Shave &nbsp; &nbsp; &nbsp; Erleben Sie ein Aftershave, das belebt, erfrischt und sch\u00f6n k\u00fchlt. Geeignet f\u00fcr alle Hauttypen. Mit 100% nat\u00fcrlichen australischen \u00e4therischen \u00d6len. 75 ml CHF 12.00 &nbsp; &nbsp; &nbsp; Nach der Rasur ist die Haut empfindlich und muss mit Feuchtigkeit versorgt werden. Unser Aftershave beruhigt und pflegt intensiv. Die 100 % nat\u00fcrlichen australischen \u00e4therischen \u00d6le aus Zitronenmyrte,&nbsp;Weiter lesen\" \/>\n<meta property=\"og:url\" content=\"https:\/\/bien-etreiris.ch\/de\/produktpraesentation\/hygiene\/koerperpflege\/rasieren-oder-bart\/rassierwasser\/\" \/>\n<meta property=\"og:site_name\" content=\"WOHLBEFINDEN\" \/>\n<meta property=\"article:publisher\" content=\"https:\/\/www.facebook.com\/bienetreiris\/\" \/>\n<meta property=\"article:modified_time\" content=\"2021-06-18T05:10:26+00:00\" \/>\n<meta property=\"og:image\" content=\"https:\/\/bien-etreiris.ch\/wp-content\/uploads\/2021\/06\/apres-rassage.jpg\" \/>\n\t<meta property=\"og:image:width\" content=\"500\" \/>\n\t<meta property=\"og:image:height\" content=\"373\" \/>\n\t<meta property=\"og:image:type\" content=\"image\/jpeg\" \/>\n<meta name=\"twitter:label1\" content=\"Gesch\u00e4tzte Lesezeit\" \/>\n\t<meta name=\"twitter:data1\" content=\"1\u00a0Minute\" \/>\n<script type=\"application\/ld+json\" class=\"yoast-schema-graph\">{\"@context\":\"https:\\\/\\\/schema.org\",\"@graph\":[{\"@type\":\"WebPage\",\"@id\":\"https:\\\/\\\/bien-etreiris.ch\\\/de\\\/produktpraesentation\\\/hygiene\\\/koerperpflege\\\/rasieren-oder-bart\\\/rassierwasser\\\/\",\"url\":\"https:\\\/\\\/bien-etreiris.ch\\\/de\\\/produktpraesentation\\\/hygiene\\\/koerperpflege\\\/rasieren-oder-bart\\\/rassierwasser\\\/\",\"name\":\"RASIERWASSER - WOHLBEFINDEN\",\"isPartOf\":{\"@id\":\"https:\\\/\\\/bien-etreiris.ch\\\/de\\\/#website\"},\"primaryImageOfPage\":{\"@id\":\"https:\\\/\\\/bien-etreiris.ch\\\/de\\\/produktpraesentation\\\/hygiene\\\/koerperpflege\\\/rasieren-oder-bart\\\/rassierwasser\\\/#primaryimage\"},\"image\":{\"@id\":\"https:\\\/\\\/bien-etreiris.ch\\\/de\\\/produktpraesentation\\\/hygiene\\\/koerperpflege\\\/rasieren-oder-bart\\\/rassierwasser\\\/#primaryimage\"},\"thumbnailUrl\":\"https:\\\/\\\/bien-etreiris.ch\\\/wp-content\\\/uploads\\\/2021\\\/06\\\/apres-rassage.jpg\",\"datePublished\":\"2021-06-02T15:10:28+00:00\",\"dateModified\":\"2021-06-18T05:10:26+00:00\",\"breadcrumb\":{\"@id\":\"https:\\\/\\\/bien-etreiris.ch\\\/de\\\/produktpraesentation\\\/hygiene\\\/koerperpflege\\\/rasieren-oder-bart\\\/rassierwasser\\\/#breadcrumb\"},\"inLanguage\":\"de\",\"potentialAction\":[{\"@type\":\"ReadAction\",\"target\":[\"https:\\\/\\\/bien-etreiris.ch\\\/de\\\/produktpraesentation\\\/hygiene\\\/koerperpflege\\\/rasieren-oder-bart\\\/rassierwasser\\\/\"]}]},{\"@type\":\"ImageObject\",\"inLanguage\":\"de\",\"@id\":\"https:\\\/\\\/bien-etreiris.ch\\\/de\\\/produktpraesentation\\\/hygiene\\\/koerperpflege\\\/rasieren-oder-bart\\\/rassierwasser\\\/#primaryimage\",\"url\":\"https:\\\/\\\/bien-etreiris.ch\\\/wp-content\\\/uploads\\\/2021\\\/06\\\/apres-rassage.jpg\",\"contentUrl\":\"https:\\\/\\\/bien-etreiris.ch\\\/wp-content\\\/uploads\\\/2021\\\/06\\\/apres-rassage.jpg\",\"width\":500,\"height\":373},{\"@type\":\"BreadcrumbList\",\"@id\":\"https:\\\/\\\/bien-etreiris.ch\\\/de\\\/produktpraesentation\\\/hygiene\\\/koerperpflege\\\/rasieren-oder-bart\\\/rassierwasser\\\/#breadcrumb\",\"itemListElement\":[{\"@type\":\"ListItem\",\"position\":1,\"name\":\"Home\",\"item\":\"https:\\\/\\\/bien-etreiris.ch\\\/de\\\/\"},{\"@type\":\"ListItem\",\"position\":2,\"name\":\"PRODUKTPR\u00c4SENTATION\",\"item\":\"https:\\\/\\\/bien-etreiris.ch\\\/de\\\/produktpraesentation\\\/\"},{\"@type\":\"ListItem\",\"position\":3,\"name\":\"HYGIENE\",\"item\":\"https:\\\/\\\/bien-etreiris.ch\\\/de\\\/produktpraesentation\\\/hygiene\\\/\"},{\"@type\":\"ListItem\",\"position\":4,\"name\":\"K\u00d6RPERPFLEGE\",\"item\":\"https:\\\/\\\/bien-etreiris.ch\\\/de\\\/produktpraesentation\\\/hygiene\\\/koerperpflege\\\/\"},{\"@type\":\"ListItem\",\"position\":5,\"name\":\"RASIEREN ODER BART\",\"item\":\"https:\\\/\\\/bien-etreiris.ch\\\/de\\\/produktpraesentation\\\/hygiene\\\/koerperpflege\\\/rasieren-oder-bart\\\/\"},{\"@type\":\"ListItem\",\"position\":6,\"name\":\"RASIERWASSER\"}]},{\"@type\":\"WebSite\",\"@id\":\"https:\\\/\\\/bien-etreiris.ch\\\/de\\\/#website\",\"url\":\"https:\\\/\\\/bien-etreiris.ch\\\/de\\\/\",\"name\":\"Bien-\u00eatre Iris\",\"description\":\"IHRE Gesundheit ist uns wichtig\",\"potentialAction\":[{\"@type\":\"SearchAction\",\"target\":{\"@type\":\"EntryPoint\",\"urlTemplate\":\"https:\\\/\\\/bien-etreiris.ch\\\/de\\\/?s={search_term_string}\"},\"query-input\":{\"@type\":\"PropertyValueSpecification\",\"valueRequired\":true,\"valueName\":\"search_term_string\"}}],\"inLanguage\":\"de\"}]}<\/script>\n<!-- \/ Yoast SEO plugin. -->","yoast_head_json":{"title":"RASIERWASSER - WOHLBEFINDEN","robots":{"index":"index","follow":"follow","max-snippet":"max-snippet:-1","max-image-preview":"max-image-preview:large","max-video-preview":"max-video-preview:-1"},"canonical":"https:\/\/bien-etreiris.ch\/de\/produktpraesentation\/hygiene\/koerperpflege\/rasieren-oder-bart\/rassierwasser\/","og_locale":"de_DE","og_type":"article","og_title":"RASIERWASSER - WOHLBEFINDEN","og_description":"Rassierwasser&nbsp; After-Shave &nbsp; &nbsp; &nbsp; Erleben Sie ein Aftershave, das belebt, erfrischt und sch\u00f6n k\u00fchlt. Geeignet f\u00fcr alle Hauttypen. Mit 100% nat\u00fcrlichen australischen \u00e4therischen \u00d6len. 75 ml CHF 12.00 &nbsp; &nbsp; &nbsp; Nach der Rasur ist die Haut empfindlich und muss mit Feuchtigkeit versorgt werden. Unser Aftershave beruhigt und pflegt intensiv. Die 100 % nat\u00fcrlichen australischen \u00e4therischen \u00d6le aus Zitronenmyrte,&nbsp;Weiter lesen","og_url":"https:\/\/bien-etreiris.ch\/de\/produktpraesentation\/hygiene\/koerperpflege\/rasieren-oder-bart\/rassierwasser\/","og_site_name":"WOHLBEFINDEN","article_publisher":"https:\/\/www.facebook.com\/bienetreiris\/","article_modified_time":"2021-06-18T05:10:26+00:00","og_image":[{"width":500,"height":373,"url":"https:\/\/bien-etreiris.ch\/wp-content\/uploads\/2021\/06\/apres-rassage.jpg","type":"image\/jpeg"}],"twitter_misc":{"Gesch\u00e4tzte Lesezeit":"1\u00a0Minute"},"schema":{"@context":"https:\/\/schema.org","@graph":[{"@type":"WebPage","@id":"https:\/\/bien-etreiris.ch\/de\/produktpraesentation\/hygiene\/koerperpflege\/rasieren-oder-bart\/rassierwasser\/","url":"https:\/\/bien-etreiris.ch\/de\/produktpraesentation\/hygiene\/koerperpflege\/rasieren-oder-bart\/rassierwasser\/","name":"RASIERWASSER - WOHLBEFINDEN","isPartOf":{"@id":"https:\/\/bien-etreiris.ch\/de\/#website"},"primaryImageOfPage":{"@id":"https:\/\/bien-etreiris.ch\/de\/produktpraesentation\/hygiene\/koerperpflege\/rasieren-oder-bart\/rassierwasser\/#primaryimage"},"image":{"@id":"https:\/\/bien-etreiris.ch\/de\/produktpraesentation\/hygiene\/koerperpflege\/rasieren-oder-bart\/rassierwasser\/#primaryimage"},"thumbnailUrl":"https:\/\/bien-etreiris.ch\/wp-content\/uploads\/2021\/06\/apres-rassage.jpg","datePublished":"2021-06-02T15:10:28+00:00","dateModified":"2021-06-18T05:10:26+00:00","breadcrumb":{"@id":"https:\/\/bien-etreiris.ch\/de\/produktpraesentation\/hygiene\/koerperpflege\/rasieren-oder-bart\/rassierwasser\/#breadcrumb"},"inLanguage":"de","potentialAction":[{"@type":"ReadAction","target":["https:\/\/bien-etreiris.ch\/de\/produktpraesentation\/hygiene\/koerperpflege\/rasieren-oder-bart\/rassierwasser\/"]}]},{"@type":"ImageObject","inLanguage":"de","@id":"https:\/\/bien-etreiris.ch\/de\/produktpraesentation\/hygiene\/koerperpflege\/rasieren-oder-bart\/rassierwasser\/#primaryimage","url":"https:\/\/bien-etreiris.ch\/wp-content\/uploads\/2021\/06\/apres-rassage.jpg","contentUrl":"https:\/\/bien-etreiris.ch\/wp-content\/uploads\/2021\/06\/apres-rassage.jpg","width":500,"height":373},{"@type":"BreadcrumbList","@id":"https:\/\/bien-etreiris.ch\/de\/produktpraesentation\/hygiene\/koerperpflege\/rasieren-oder-bart\/rassierwasser\/#breadcrumb","itemListElement":[{"@type":"ListItem","position":1,"name":"Home","item":"https:\/\/bien-etreiris.ch\/de\/"},{"@type":"ListItem","position":2,"name":"PRODUKTPR\u00c4SENTATION","item":"https:\/\/bien-etreiris.ch\/de\/produktpraesentation\/"},{"@type":"ListItem","position":3,"name":"HYGIENE","item":"https:\/\/bien-etreiris.ch\/de\/produktpraesentation\/hygiene\/"},{"@type":"ListItem","position":4,"name":"K\u00d6RPERPFLEGE","item":"https:\/\/bien-etreiris.ch\/de\/produktpraesentation\/hygiene\/koerperpflege\/"},{"@type":"ListItem","position":5,"name":"RASIEREN ODER BART","item":"https:\/\/bien-etreiris.ch\/de\/produktpraesentation\/hygiene\/koerperpflege\/rasieren-oder-bart\/"},{"@type":"ListItem","position":6,"name":"RASIERWASSER"}]},{"@type":"WebSite","@id":"https:\/\/bien-etreiris.ch\/de\/#website","url":"https:\/\/bien-etreiris.ch\/de\/","name":"Bien-\u00eatre Iris","description":"IHRE Gesundheit ist uns wichtig","potentialAction":[{"@type":"SearchAction","target":{"@type":"EntryPoint","urlTemplate":"https:\/\/bien-etreiris.ch\/de\/?s={search_term_string}"},"query-input":{"@type":"PropertyValueSpecification","valueRequired":true,"valueName":"search_term_string"}}],"inLanguage":"de"}]}},"_links":{"self":[{"href":"https:\/\/bien-etreiris.ch\/de\/wp-json\/wp\/v2\/pages\/49053","targetHints":{"allow":["GET"]}}],"collection":[{"href":"https:\/\/bien-etreiris.ch\/de\/wp-json\/wp\/v2\/pages"}],"about":[{"href":"https:\/\/bien-etreiris.ch\/de\/wp-json\/wp\/v2\/types\/page"}],"author":[{"embeddable":true,"href":"https:\/\/bien-etreiris.ch\/de\/wp-json\/wp\/v2\/users\/1"}],"replies":[{"embeddable":true,"href":"https:\/\/bien-etreiris.ch\/de\/wp-json\/wp\/v2\/comments?post=49053"}],"version-history":[{"count":3,"href":"https:\/\/bien-etreiris.ch\/de\/wp-json\/wp\/v2\/pages\/49053\/revisions"}],"predecessor-version":[{"id":50648,"href":"https:\/\/bien-etreiris.ch\/de\/wp-json\/wp\/v2\/pages\/49053\/revisions\/50648"}],"up":[{"embeddable":true,"href":"https:\/\/bien-etreiris.ch\/de\/wp-json\/wp\/v2\/pages\/42517"}],"wp:featuredmedia":[{"embeddable":true,"href":"https:\/\/bien-etreiris.ch\/de\/wp-json\/wp\/v2\/media\/49056"}],"wp:attachment":[{"href":"https:\/\/bien-etreiris.ch\/de\/wp-json\/wp\/v2\/media?parent=49053"}],"curies":[{"name":"wp","href":"https:\/\/api.w.org\/{rel}","templated":true}]}}