{"id":49039,"date":"2021-06-02T16:59:01","date_gmt":"2021-06-02T14:59:01","guid":{"rendered":"https:\/\/bien-etreiris.ch\/?page_id=49039"},"modified":"2021-08-18T13:58:57","modified_gmt":"2021-08-18T11:58:57","slug":"deodorant-balsame","status":"publish","type":"page","link":"https:\/\/bien-etreiris.ch\/de\/produktpraesentation\/hygiene\/koerperpflege\/natuerliche-deodorants\/deodorant-balsame\/","title":{"rendered":"DEODORANT BALSAME"},"content":{"rendered":"\n<h2 class=\"has-text-align-center\" style=\"text-align: left;\">Deodorant&nbsp; balsame<\/h2>\n<p>&nbsp;<\/p>\n<p>&nbsp;<\/p>\n<h4>DOUCEUR<\/h4>\n<h4><strong>PEAUX ULTRA-SENSIBLES<\/strong><\/h4>\n<p><a href=\"https:\/\/decoiris.ch\/wp-content\/uploads\/2020\/10\/Baume-Deodorant-Douceur.png\"><img loading=\"lazy\" decoding=\"async\" class=\"size-medium wp-image-33211 alignleft\" src=\"https:\/\/decoiris.ch\/wp-content\/uploads\/2020\/10\/Baume-Deodorant-Douceur-300x235.png\" sizes=\"auto, (max-width: 300px) 100vw, 300px\" srcset=\"https:\/\/bien-etreiris.ch\/wp-content\/uploads\/2020\/10\/Baume-Deodorant-Douceur-300x235.png 300w, https:\/\/bien-etreiris.ch\/wp-content\/uploads\/2020\/10\/Baume-Deodorant-Douceur.png 670w\" alt=\"\" width=\"300\" height=\"235\"><\/a><\/p>\n<div class=\"vee_shop_page_excerpt\">\n<p><strong>&nbsp;<\/strong><\/p>\n<ul>\n<li>D\u00c9ODORANT NEUTRE<\/li>\n<li><strong>SANS PARFUM<\/strong><\/li>\n<li>TRES DOUX<\/li>\n<li><strong>SANS BICARBONATE<\/strong><\/li>\n<li>NI GRAS NI COLLANT<\/li>\n<li>HYPOALLERGENIQUE<\/li>\n<li>CONTENANCE 50ML<\/li>\n<li>BOITE EN ALUMINIUM<\/li>\n<li>COSMETIQUE VEGAN<\/li>\n<\/ul>\n<\/div>\n<hr class=\"wp-block-separator\">\n<h4><strong>FRA\u00ceCHEUR<\/strong><\/h4>\n<h4><strong>POUR PEAUX&nbsp;D\u00c9LICATES<\/strong><\/h4>\n<p><a href=\"https:\/\/decoiris.ch\/wp-content\/uploads\/2020\/10\/Baume-Deodorant-Fra\u00eecheur.png\"><img loading=\"lazy\" decoding=\"async\" class=\"size-medium wp-image-33215 alignleft\" src=\"https:\/\/decoiris.ch\/wp-content\/uploads\/2020\/10\/Baume-Deodorant-Fra\u00eecheur-300x235.png\" sizes=\"auto, (max-width: 300px) 100vw, 300px\" srcset=\"https:\/\/bien-etreiris.ch\/wp-content\/uploads\/2020\/10\/Baume-Deodorant-Fra\u00eecheur-300x235.png 300w, https:\/\/bien-etreiris.ch\/wp-content\/uploads\/2020\/10\/Baume-Deodorant-Fra\u00eecheur.png 670w\" alt=\"\" width=\"300\" height=\"235\"><\/a><\/p>\n<ul>\n<li>D\u00c9ODORANT&nbsp;PARFUM\u00c9<\/li>\n<li><strong>MENTHE \/ CITRON<\/strong><\/li>\n<li>TRES DOUX<\/li>\n<li>AU BICARBONATE<\/li>\n<li>NI GRAS NI COLLANT<\/li>\n<li>CONTENANCE 50ML<\/li>\n<li>BOITE EN ALUMINIUM<\/li>\n<li>COSMETIQUE VEGAN<\/li>\n<\/ul>\n<p>&nbsp;<\/p>\n<p>&nbsp;<\/p>\n<hr class=\"wp-block-separator\">\n<h4>TENDRESSE<\/h4>\n<h4><strong>POUR PEAUX&nbsp;D\u00c9LICATES<\/strong><\/h4>\n<p><a href=\"https:\/\/decoiris.ch\/wp-content\/uploads\/2020\/10\/Tendresse-2.png\"><img loading=\"lazy\" decoding=\"async\" class=\"wp-image-33251 size-medium alignleft\" src=\"https:\/\/decoiris.ch\/wp-content\/uploads\/2020\/10\/Tendresse-2-300x235.png\" sizes=\"auto, (max-width: 300px) 100vw, 300px\" srcset=\"https:\/\/bien-etreiris.ch\/wp-content\/uploads\/2020\/10\/Tendresse-2-300x235.png 300w, https:\/\/bien-etreiris.ch\/wp-content\/uploads\/2020\/10\/Tendresse-2.png 670w\" alt=\"\" width=\"300\" height=\"235\"><\/a><\/p>\n<ul>\n<li>D\u00c9ODORANT&nbsp;PARFUM\u00c9<\/li>\n<li><strong>BOIS DE ROSE<\/strong><\/li>\n<li>TRES DOUX<\/li>\n<li>AU BICARBONATE<\/li>\n<li>NI GRAS NI COLLANT<\/li>\n<li>CONTENANCE 50ML<\/li>\n<li>BOITE EN ALUMINIUM<\/li>\n<li>COSMETIQUE VEGAN<\/li>\n<\/ul>\n<h2>&nbsp;<\/h2>\n","protected":false},"excerpt":{"rendered":"<p>Deodorant&nbsp; balsame &nbsp; &nbsp; DOUCEUR PEAUX ULTRA-SENSIBLES &nbsp; D\u00c9ODORANT NEUTRE SANS PARFUM TRES DOUX SANS BICARBONATE NI GRAS NI COLLANT HYPOALLERGENIQUE CONTENANCE 50ML BOITE EN ALUMINIUM COSMETIQUE VEGAN FRA\u00ceCHEUR POUR PEAUX&nbsp;D\u00c9LICATES D\u00c9ODORANT&nbsp;PARFUM\u00c9 MENTHE \/ CITRON TRES DOUX AU BICARBONATE NI GRAS NI COLLANT CONTENANCE 50ML BOITE EN ALUMINIUM COSMETIQUE VEGAN &nbsp; &nbsp; TENDRESSE POUR PEAUX&nbsp;D\u00c9LICATES D\u00c9ODORANT&nbsp;PARFUM\u00c9 BOIS DE ROSE TRES&nbsp;<a href=\"https:\/\/bien-etreiris.ch\/de\/produktpraesentation\/hygiene\/koerperpflege\/natuerliche-deodorants\/deodorant-balsame\/\" class=\"read-more\">Weiter lesen<\/a><\/p>\n","protected":false},"author":1,"featured_media":53542,"parent":33179,"menu_order":5334,"comment_status":"closed","ping_status":"closed","template":"page-with-child.php","meta":{"_acf_changed":false,"ngg_post_thumbnail":0,"footnotes":""},"class_list":["post-49039","page","type-page","status-publish","has-post-thumbnail","hentry"],"acf":[],"yoast_head":"<!-- This site is optimized with the Yoast SEO plugin v27.5 - https:\/\/yoast.com\/product\/yoast-seo-wordpress\/ -->\n<title>DEODORANT BALSAME - WOHLBEFINDEN<\/title>\n<meta name=\"robots\" content=\"index, follow, max-snippet:-1, max-image-preview:large, max-video-preview:-1\" \/>\n<link rel=\"canonical\" href=\"https:\/\/bien-etreiris.ch\/de\/produktpraesentation\/hygiene\/koerperpflege\/natuerliche-deodorants\/deodorant-balsame\/\" \/>\n<meta property=\"og:locale\" content=\"de_DE\" \/>\n<meta property=\"og:type\" content=\"article\" \/>\n<meta property=\"og:title\" content=\"DEODORANT BALSAME - WOHLBEFINDEN\" \/>\n<meta property=\"og:description\" content=\"Deodorant&nbsp; balsame &nbsp; &nbsp; DOUCEUR PEAUX ULTRA-SENSIBLES &nbsp; D\u00c9ODORANT NEUTRE SANS PARFUM TRES DOUX SANS BICARBONATE NI GRAS NI COLLANT HYPOALLERGENIQUE CONTENANCE 50ML BOITE EN ALUMINIUM COSMETIQUE VEGAN FRA\u00ceCHEUR POUR PEAUX&nbsp;D\u00c9LICATES D\u00c9ODORANT&nbsp;PARFUM\u00c9 MENTHE \/ CITRON TRES DOUX AU BICARBONATE NI GRAS NI COLLANT CONTENANCE 50ML BOITE EN ALUMINIUM COSMETIQUE VEGAN &nbsp; &nbsp; TENDRESSE POUR PEAUX&nbsp;D\u00c9LICATES D\u00c9ODORANT&nbsp;PARFUM\u00c9 BOIS DE ROSE TRES&nbsp;Weiter lesen\" \/>\n<meta property=\"og:url\" content=\"https:\/\/bien-etreiris.ch\/de\/produktpraesentation\/hygiene\/koerperpflege\/natuerliche-deodorants\/deodorant-balsame\/\" \/>\n<meta property=\"og:site_name\" content=\"WOHLBEFINDEN\" \/>\n<meta property=\"article:publisher\" content=\"https:\/\/www.facebook.com\/bienetreiris\/\" \/>\n<meta property=\"article:modified_time\" content=\"2021-08-18T11:58:57+00:00\" \/>\n<meta property=\"og:image\" content=\"https:\/\/bien-etreiris.ch\/wp-content\/uploads\/2021\/08\/Acceuil-baumes-deodorant.jpg\" \/>\n\t<meta property=\"og:image:width\" content=\"500\" \/>\n\t<meta property=\"og:image:height\" content=\"333\" \/>\n\t<meta property=\"og:image:type\" content=\"image\/jpeg\" \/>\n<meta name=\"twitter:label1\" content=\"Gesch\u00e4tzte Lesezeit\" \/>\n\t<meta name=\"twitter:data1\" content=\"1\u00a0Minute\" \/>\n<script type=\"application\/ld+json\" class=\"yoast-schema-graph\">{\"@context\":\"https:\\\/\\\/schema.org\",\"@graph\":[{\"@type\":\"WebPage\",\"@id\":\"https:\\\/\\\/bien-etreiris.ch\\\/de\\\/produktpraesentation\\\/hygiene\\\/koerperpflege\\\/natuerliche-deodorants\\\/deodorant-balsame\\\/\",\"url\":\"https:\\\/\\\/bien-etreiris.ch\\\/de\\\/produktpraesentation\\\/hygiene\\\/koerperpflege\\\/natuerliche-deodorants\\\/deodorant-balsame\\\/\",\"name\":\"DEODORANT BALSAME - WOHLBEFINDEN\",\"isPartOf\":{\"@id\":\"https:\\\/\\\/bien-etreiris.ch\\\/de\\\/#website\"},\"primaryImageOfPage\":{\"@id\":\"https:\\\/\\\/bien-etreiris.ch\\\/de\\\/produktpraesentation\\\/hygiene\\\/koerperpflege\\\/natuerliche-deodorants\\\/deodorant-balsame\\\/#primaryimage\"},\"image\":{\"@id\":\"https:\\\/\\\/bien-etreiris.ch\\\/de\\\/produktpraesentation\\\/hygiene\\\/koerperpflege\\\/natuerliche-deodorants\\\/deodorant-balsame\\\/#primaryimage\"},\"thumbnailUrl\":\"https:\\\/\\\/bien-etreiris.ch\\\/wp-content\\\/uploads\\\/2021\\\/08\\\/Acceuil-baumes-deodorant.jpg\",\"datePublished\":\"2021-06-02T14:59:01+00:00\",\"dateModified\":\"2021-08-18T11:58:57+00:00\",\"breadcrumb\":{\"@id\":\"https:\\\/\\\/bien-etreiris.ch\\\/de\\\/produktpraesentation\\\/hygiene\\\/koerperpflege\\\/natuerliche-deodorants\\\/deodorant-balsame\\\/#breadcrumb\"},\"inLanguage\":\"de\",\"potentialAction\":[{\"@type\":\"ReadAction\",\"target\":[\"https:\\\/\\\/bien-etreiris.ch\\\/de\\\/produktpraesentation\\\/hygiene\\\/koerperpflege\\\/natuerliche-deodorants\\\/deodorant-balsame\\\/\"]}]},{\"@type\":\"ImageObject\",\"inLanguage\":\"de\",\"@id\":\"https:\\\/\\\/bien-etreiris.ch\\\/de\\\/produktpraesentation\\\/hygiene\\\/koerperpflege\\\/natuerliche-deodorants\\\/deodorant-balsame\\\/#primaryimage\",\"url\":\"https:\\\/\\\/bien-etreiris.ch\\\/wp-content\\\/uploads\\\/2021\\\/08\\\/Acceuil-baumes-deodorant.jpg\",\"contentUrl\":\"https:\\\/\\\/bien-etreiris.ch\\\/wp-content\\\/uploads\\\/2021\\\/08\\\/Acceuil-baumes-deodorant.jpg\",\"width\":500,\"height\":333},{\"@type\":\"BreadcrumbList\",\"@id\":\"https:\\\/\\\/bien-etreiris.ch\\\/de\\\/produktpraesentation\\\/hygiene\\\/koerperpflege\\\/natuerliche-deodorants\\\/deodorant-balsame\\\/#breadcrumb\",\"itemListElement\":[{\"@type\":\"ListItem\",\"position\":1,\"name\":\"Home\",\"item\":\"https:\\\/\\\/bien-etreiris.ch\\\/de\\\/\"},{\"@type\":\"ListItem\",\"position\":2,\"name\":\"PRODUKTPR\u00c4SENTATION\",\"item\":\"https:\\\/\\\/bien-etreiris.ch\\\/de\\\/produktpraesentation\\\/\"},{\"@type\":\"ListItem\",\"position\":3,\"name\":\"HYGIENE\",\"item\":\"https:\\\/\\\/bien-etreiris.ch\\\/de\\\/produktpraesentation\\\/hygiene\\\/\"},{\"@type\":\"ListItem\",\"position\":4,\"name\":\"K\u00d6RPERPFLEGE\",\"item\":\"https:\\\/\\\/bien-etreiris.ch\\\/de\\\/produktpraesentation\\\/hygiene\\\/koerperpflege\\\/\"},{\"@type\":\"ListItem\",\"position\":5,\"name\":\"NAT\u00dcRLICHE DEODORANTS\",\"item\":\"https:\\\/\\\/bien-etreiris.ch\\\/de\\\/produktpraesentation\\\/hygiene\\\/koerperpflege\\\/natuerliche-deodorants\\\/\"},{\"@type\":\"ListItem\",\"position\":6,\"name\":\"DEODORANT BALSAME\"}]},{\"@type\":\"WebSite\",\"@id\":\"https:\\\/\\\/bien-etreiris.ch\\\/de\\\/#website\",\"url\":\"https:\\\/\\\/bien-etreiris.ch\\\/de\\\/\",\"name\":\"Bien-\u00eatre Iris\",\"description\":\"IHRE Gesundheit ist uns wichtig\",\"potentialAction\":[{\"@type\":\"SearchAction\",\"target\":{\"@type\":\"EntryPoint\",\"urlTemplate\":\"https:\\\/\\\/bien-etreiris.ch\\\/de\\\/?s={search_term_string}\"},\"query-input\":{\"@type\":\"PropertyValueSpecification\",\"valueRequired\":true,\"valueName\":\"search_term_string\"}}],\"inLanguage\":\"de\"}]}<\/script>\n<!-- \/ Yoast SEO plugin. -->","yoast_head_json":{"title":"DEODORANT BALSAME - WOHLBEFINDEN","robots":{"index":"index","follow":"follow","max-snippet":"max-snippet:-1","max-image-preview":"max-image-preview:large","max-video-preview":"max-video-preview:-1"},"canonical":"https:\/\/bien-etreiris.ch\/de\/produktpraesentation\/hygiene\/koerperpflege\/natuerliche-deodorants\/deodorant-balsame\/","og_locale":"de_DE","og_type":"article","og_title":"DEODORANT BALSAME - WOHLBEFINDEN","og_description":"Deodorant&nbsp; balsame &nbsp; &nbsp; DOUCEUR PEAUX ULTRA-SENSIBLES &nbsp; D\u00c9ODORANT NEUTRE SANS PARFUM TRES DOUX SANS BICARBONATE NI GRAS NI COLLANT HYPOALLERGENIQUE CONTENANCE 50ML BOITE EN ALUMINIUM COSMETIQUE VEGAN FRA\u00ceCHEUR POUR PEAUX&nbsp;D\u00c9LICATES D\u00c9ODORANT&nbsp;PARFUM\u00c9 MENTHE \/ CITRON TRES DOUX AU BICARBONATE NI GRAS NI COLLANT CONTENANCE 50ML BOITE EN ALUMINIUM COSMETIQUE VEGAN &nbsp; &nbsp; TENDRESSE POUR PEAUX&nbsp;D\u00c9LICATES D\u00c9ODORANT&nbsp;PARFUM\u00c9 BOIS DE ROSE TRES&nbsp;Weiter lesen","og_url":"https:\/\/bien-etreiris.ch\/de\/produktpraesentation\/hygiene\/koerperpflege\/natuerliche-deodorants\/deodorant-balsame\/","og_site_name":"WOHLBEFINDEN","article_publisher":"https:\/\/www.facebook.com\/bienetreiris\/","article_modified_time":"2021-08-18T11:58:57+00:00","og_image":[{"width":500,"height":333,"url":"https:\/\/bien-etreiris.ch\/wp-content\/uploads\/2021\/08\/Acceuil-baumes-deodorant.jpg","type":"image\/jpeg"}],"twitter_misc":{"Gesch\u00e4tzte Lesezeit":"1\u00a0Minute"},"schema":{"@context":"https:\/\/schema.org","@graph":[{"@type":"WebPage","@id":"https:\/\/bien-etreiris.ch\/de\/produktpraesentation\/hygiene\/koerperpflege\/natuerliche-deodorants\/deodorant-balsame\/","url":"https:\/\/bien-etreiris.ch\/de\/produktpraesentation\/hygiene\/koerperpflege\/natuerliche-deodorants\/deodorant-balsame\/","name":"DEODORANT BALSAME - WOHLBEFINDEN","isPartOf":{"@id":"https:\/\/bien-etreiris.ch\/de\/#website"},"primaryImageOfPage":{"@id":"https:\/\/bien-etreiris.ch\/de\/produktpraesentation\/hygiene\/koerperpflege\/natuerliche-deodorants\/deodorant-balsame\/#primaryimage"},"image":{"@id":"https:\/\/bien-etreiris.ch\/de\/produktpraesentation\/hygiene\/koerperpflege\/natuerliche-deodorants\/deodorant-balsame\/#primaryimage"},"thumbnailUrl":"https:\/\/bien-etreiris.ch\/wp-content\/uploads\/2021\/08\/Acceuil-baumes-deodorant.jpg","datePublished":"2021-06-02T14:59:01+00:00","dateModified":"2021-08-18T11:58:57+00:00","breadcrumb":{"@id":"https:\/\/bien-etreiris.ch\/de\/produktpraesentation\/hygiene\/koerperpflege\/natuerliche-deodorants\/deodorant-balsame\/#breadcrumb"},"inLanguage":"de","potentialAction":[{"@type":"ReadAction","target":["https:\/\/bien-etreiris.ch\/de\/produktpraesentation\/hygiene\/koerperpflege\/natuerliche-deodorants\/deodorant-balsame\/"]}]},{"@type":"ImageObject","inLanguage":"de","@id":"https:\/\/bien-etreiris.ch\/de\/produktpraesentation\/hygiene\/koerperpflege\/natuerliche-deodorants\/deodorant-balsame\/#primaryimage","url":"https:\/\/bien-etreiris.ch\/wp-content\/uploads\/2021\/08\/Acceuil-baumes-deodorant.jpg","contentUrl":"https:\/\/bien-etreiris.ch\/wp-content\/uploads\/2021\/08\/Acceuil-baumes-deodorant.jpg","width":500,"height":333},{"@type":"BreadcrumbList","@id":"https:\/\/bien-etreiris.ch\/de\/produktpraesentation\/hygiene\/koerperpflege\/natuerliche-deodorants\/deodorant-balsame\/#breadcrumb","itemListElement":[{"@type":"ListItem","position":1,"name":"Home","item":"https:\/\/bien-etreiris.ch\/de\/"},{"@type":"ListItem","position":2,"name":"PRODUKTPR\u00c4SENTATION","item":"https:\/\/bien-etreiris.ch\/de\/produktpraesentation\/"},{"@type":"ListItem","position":3,"name":"HYGIENE","item":"https:\/\/bien-etreiris.ch\/de\/produktpraesentation\/hygiene\/"},{"@type":"ListItem","position":4,"name":"K\u00d6RPERPFLEGE","item":"https:\/\/bien-etreiris.ch\/de\/produktpraesentation\/hygiene\/koerperpflege\/"},{"@type":"ListItem","position":5,"name":"NAT\u00dcRLICHE DEODORANTS","item":"https:\/\/bien-etreiris.ch\/de\/produktpraesentation\/hygiene\/koerperpflege\/natuerliche-deodorants\/"},{"@type":"ListItem","position":6,"name":"DEODORANT BALSAME"}]},{"@type":"WebSite","@id":"https:\/\/bien-etreiris.ch\/de\/#website","url":"https:\/\/bien-etreiris.ch\/de\/","name":"Bien-\u00eatre Iris","description":"IHRE Gesundheit ist uns wichtig","potentialAction":[{"@type":"SearchAction","target":{"@type":"EntryPoint","urlTemplate":"https:\/\/bien-etreiris.ch\/de\/?s={search_term_string}"},"query-input":{"@type":"PropertyValueSpecification","valueRequired":true,"valueName":"search_term_string"}}],"inLanguage":"de"}]}},"_links":{"self":[{"href":"https:\/\/bien-etreiris.ch\/de\/wp-json\/wp\/v2\/pages\/49039","targetHints":{"allow":["GET"]}}],"collection":[{"href":"https:\/\/bien-etreiris.ch\/de\/wp-json\/wp\/v2\/pages"}],"about":[{"href":"https:\/\/bien-etreiris.ch\/de\/wp-json\/wp\/v2\/types\/page"}],"author":[{"embeddable":true,"href":"https:\/\/bien-etreiris.ch\/de\/wp-json\/wp\/v2\/users\/1"}],"replies":[{"embeddable":true,"href":"https:\/\/bien-etreiris.ch\/de\/wp-json\/wp\/v2\/comments?post=49039"}],"version-history":[{"count":8,"href":"https:\/\/bien-etreiris.ch\/de\/wp-json\/wp\/v2\/pages\/49039\/revisions"}],"predecessor-version":[{"id":53564,"href":"https:\/\/bien-etreiris.ch\/de\/wp-json\/wp\/v2\/pages\/49039\/revisions\/53564"}],"up":[{"embeddable":true,"href":"https:\/\/bien-etreiris.ch\/de\/wp-json\/wp\/v2\/pages\/33179"}],"wp:featuredmedia":[{"embeddable":true,"href":"https:\/\/bien-etreiris.ch\/de\/wp-json\/wp\/v2\/media\/53542"}],"wp:attachment":[{"href":"https:\/\/bien-etreiris.ch\/de\/wp-json\/wp\/v2\/media?parent=49039"}],"curies":[{"name":"wp","href":"https:\/\/api.w.org\/{rel}","templated":true}]}}