{"id":49032,"date":"2021-06-02T16:56:50","date_gmt":"2021-06-02T14:56:50","guid":{"rendered":"https:\/\/bien-etreiris.ch\/?page_id=49032"},"modified":"2021-08-18T13:56:24","modified_gmt":"2021-08-18T11:56:24","slug":"deoroller","status":"publish","type":"page","link":"https:\/\/bien-etreiris.ch\/de\/produktpraesentation\/hygiene\/koerperpflege\/natuerliche-deodorants\/deoroller\/","title":{"rendered":"DEOROLLER"},"content":{"rendered":"\n<h2>D\u00e9odorant 100% naturel (roll-On) - Jessica Perrin<\/h2>\n<p><a href=\"https:\/\/decoiris.ch\/wp-content\/uploads\/2020\/10\/Jessica-Perrin-3.png\"><img loading=\"lazy\" decoding=\"async\" class=\"alignleft wp-image-33199 size-full\" src=\"https:\/\/decoiris.ch\/wp-content\/uploads\/2020\/10\/Jessica-Perrin-3.png\" sizes=\"auto, (max-width: 224px) 100vw, 224px\" srcset=\"https:\/\/bien-etreiris.ch\/wp-content\/uploads\/2020\/10\/Jessica-Perrin-3.png 224w, https:\/\/bien-etreiris.ch\/wp-content\/uploads\/2020\/10\/Jessica-Perrin-3-205x300.png 205w\" alt=\"\" width=\"224\" height=\"328\"><\/a><\/p>\n<p>&nbsp;<\/p>\n<p>&nbsp;<\/p>\n<p>&nbsp;<\/p>\n<div class=\"rah-static rah-static--height-auto\" aria-hidden=\"false\">\n<div>\n<div class=\"_1yvxJ fggS- cell\">\n<div class=\"WncCi\" data-hook=\"info-section-description\">\n<p>Compos\u00e9 d'ingr\u00e9dients naturels, ce d\u00e9odorant sera votre alli\u00e9 contre les mauvaises odeurs et pour soigner votre peau.&nbsp;<\/p>\n<p>Flacon de 50ml <strong>CHF 12.60<\/strong><\/p>\n<p>remplissage 50 ml <strong>CHF<\/strong><\/p>\n<\/div>\n<\/div>\n<\/div>\n<\/div>\n<p>&nbsp;<\/p>\n<p>&nbsp;<\/p>\n<h4><strong>Descriptif<\/strong><\/h4>\n<p>Compos\u00e9 d\u2019huiles v\u00e9g\u00e9tales BIO d'abricot et de tournesol, ce d\u00e9odorant enti\u00e8rement naturel soigne et prot\u00e8ge la peau. Le bicarbonate de soude r\u00e9duit et absorbe l\u2019humidit\u00e9 tout comme le sel d\u2019aluminium mais sans effet n\u00e9gatif. Laissant un d\u00e9licat parfum, il convient \u00e0 Madame et \u00e0 Monsieur. La synergie d\u2019huiles essentielles offre des vertus antibact\u00e9riennes, anti-stress et anti-tu-pues.<\/p>\n<p>Jessica Perrin c'est une gamme de produits naturels simple et efficace et accessible, m\u00eame aux petits budgets.<\/p>\n<p>* les huiles essentielles qui composent ce d\u00e9odorant n'ont pas de contre indications.<\/p>\n<p>Sans sels d'aluminium, sans colorant. Compos\u00e9 d'ingr\u00e9dients naturels, ce d\u00e9odorant sera votre alli\u00e9 contre les mauvaises odeurs et pour soigner votre peau.<\/p>\n<h4><strong>Composition<\/strong><\/h4>\n<div class=\"rah-static rah-static--height-auto\" aria-hidden=\"false\">\n<div>\n<div class=\"_1yvxJ fggS- cell\">\n<div class=\"WncCi\" data-hook=\"info-section-description\">\n<p>INCI :&nbsp;Prunus armeniaca oil BIO, Helianthus annuus seed oil BIO, Aqua(water), Sodium bicarbonate, Cera alba, Calcium hydroxyde, aroma BIO,&nbsp;Naturellement pr\u00e9sent dans les huiles essentielles : Geraniol, Citronellol, Limonene, Linalol<\/p>\n<\/div>\n<\/div>\n<\/div>\n<\/div>\n","protected":false},"excerpt":{"rendered":"<p>D\u00e9odorant 100% naturel (roll-On) - Jessica Perrin &nbsp; &nbsp; &nbsp; Compos\u00e9 d'ingr\u00e9dients naturels, ce d\u00e9odorant sera votre alli\u00e9 contre les mauvaises odeurs et pour soigner votre peau.&nbsp; Flacon de 50ml CHF 12.60 remplissage 50 ml CHF &nbsp; &nbsp; Descriptif Compos\u00e9 d\u2019huiles v\u00e9g\u00e9tales BIO d'abricot et de tournesol, ce d\u00e9odorant enti\u00e8rement naturel soigne et prot\u00e8ge la peau. Le bicarbonate de soude&nbsp;<a href=\"https:\/\/bien-etreiris.ch\/de\/produktpraesentation\/hygiene\/koerperpflege\/natuerliche-deodorants\/deoroller\/\" class=\"read-more\">Weiter lesen<\/a><\/p>\n","protected":false},"author":1,"featured_media":53535,"parent":33179,"menu_order":5337,"comment_status":"closed","ping_status":"closed","template":"page-with-child.php","meta":{"_acf_changed":false,"ngg_post_thumbnail":0,"footnotes":""},"class_list":["post-49032","page","type-page","status-publish","has-post-thumbnail","hentry"],"acf":[],"yoast_head":"<!-- This site is optimized with the Yoast SEO plugin v27.5 - https:\/\/yoast.com\/product\/yoast-seo-wordpress\/ -->\n<title>DEOROLLER - WOHLBEFINDEN<\/title>\n<meta name=\"robots\" content=\"index, follow, max-snippet:-1, max-image-preview:large, max-video-preview:-1\" \/>\n<link rel=\"canonical\" href=\"https:\/\/bien-etreiris.ch\/de\/produktpraesentation\/hygiene\/koerperpflege\/natuerliche-deodorants\/deoroller\/\" \/>\n<meta property=\"og:locale\" content=\"de_DE\" \/>\n<meta property=\"og:type\" content=\"article\" \/>\n<meta property=\"og:title\" content=\"DEOROLLER - WOHLBEFINDEN\" \/>\n<meta property=\"og:description\" content=\"D\u00e9odorant 100% naturel (roll-On) - Jessica Perrin &nbsp; &nbsp; &nbsp; Compos\u00e9 d&#039;ingr\u00e9dients naturels, ce d\u00e9odorant sera votre alli\u00e9 contre les mauvaises odeurs et pour soigner votre peau.&nbsp; Flacon de 50ml CHF 12.60 remplissage 50 ml CHF &nbsp; &nbsp; Descriptif Compos\u00e9 d\u2019huiles v\u00e9g\u00e9tales BIO d&#039;abricot et de tournesol, ce d\u00e9odorant enti\u00e8rement naturel soigne et prot\u00e8ge la peau. Le bicarbonate de soude&nbsp;Weiter lesen\" \/>\n<meta property=\"og:url\" content=\"https:\/\/bien-etreiris.ch\/de\/produktpraesentation\/hygiene\/koerperpflege\/natuerliche-deodorants\/deoroller\/\" \/>\n<meta property=\"og:site_name\" content=\"WOHLBEFINDEN\" \/>\n<meta property=\"article:publisher\" content=\"https:\/\/www.facebook.com\/bienetreiris\/\" \/>\n<meta property=\"article:modified_time\" content=\"2021-08-18T11:56:24+00:00\" \/>\n<meta property=\"og:image\" content=\"https:\/\/bien-etreiris.ch\/wp-content\/uploads\/2021\/08\/Acceuil-roll-on.png\" \/>\n\t<meta property=\"og:image:width\" content=\"500\" \/>\n\t<meta property=\"og:image:height\" content=\"333\" \/>\n\t<meta property=\"og:image:type\" content=\"image\/png\" \/>\n<meta name=\"twitter:label1\" content=\"Gesch\u00e4tzte Lesezeit\" \/>\n\t<meta name=\"twitter:data1\" content=\"1\u00a0Minute\" \/>\n<script type=\"application\/ld+json\" class=\"yoast-schema-graph\">{\"@context\":\"https:\\\/\\\/schema.org\",\"@graph\":[{\"@type\":\"WebPage\",\"@id\":\"https:\\\/\\\/bien-etreiris.ch\\\/de\\\/produktpraesentation\\\/hygiene\\\/koerperpflege\\\/natuerliche-deodorants\\\/deoroller\\\/\",\"url\":\"https:\\\/\\\/bien-etreiris.ch\\\/de\\\/produktpraesentation\\\/hygiene\\\/koerperpflege\\\/natuerliche-deodorants\\\/deoroller\\\/\",\"name\":\"DEOROLLER - WOHLBEFINDEN\",\"isPartOf\":{\"@id\":\"https:\\\/\\\/bien-etreiris.ch\\\/de\\\/#website\"},\"primaryImageOfPage\":{\"@id\":\"https:\\\/\\\/bien-etreiris.ch\\\/de\\\/produktpraesentation\\\/hygiene\\\/koerperpflege\\\/natuerliche-deodorants\\\/deoroller\\\/#primaryimage\"},\"image\":{\"@id\":\"https:\\\/\\\/bien-etreiris.ch\\\/de\\\/produktpraesentation\\\/hygiene\\\/koerperpflege\\\/natuerliche-deodorants\\\/deoroller\\\/#primaryimage\"},\"thumbnailUrl\":\"https:\\\/\\\/bien-etreiris.ch\\\/wp-content\\\/uploads\\\/2021\\\/08\\\/Acceuil-roll-on.png\",\"datePublished\":\"2021-06-02T14:56:50+00:00\",\"dateModified\":\"2021-08-18T11:56:24+00:00\",\"breadcrumb\":{\"@id\":\"https:\\\/\\\/bien-etreiris.ch\\\/de\\\/produktpraesentation\\\/hygiene\\\/koerperpflege\\\/natuerliche-deodorants\\\/deoroller\\\/#breadcrumb\"},\"inLanguage\":\"de\",\"potentialAction\":[{\"@type\":\"ReadAction\",\"target\":[\"https:\\\/\\\/bien-etreiris.ch\\\/de\\\/produktpraesentation\\\/hygiene\\\/koerperpflege\\\/natuerliche-deodorants\\\/deoroller\\\/\"]}]},{\"@type\":\"ImageObject\",\"inLanguage\":\"de\",\"@id\":\"https:\\\/\\\/bien-etreiris.ch\\\/de\\\/produktpraesentation\\\/hygiene\\\/koerperpflege\\\/natuerliche-deodorants\\\/deoroller\\\/#primaryimage\",\"url\":\"https:\\\/\\\/bien-etreiris.ch\\\/wp-content\\\/uploads\\\/2021\\\/08\\\/Acceuil-roll-on.png\",\"contentUrl\":\"https:\\\/\\\/bien-etreiris.ch\\\/wp-content\\\/uploads\\\/2021\\\/08\\\/Acceuil-roll-on.png\",\"width\":500,\"height\":333},{\"@type\":\"BreadcrumbList\",\"@id\":\"https:\\\/\\\/bien-etreiris.ch\\\/de\\\/produktpraesentation\\\/hygiene\\\/koerperpflege\\\/natuerliche-deodorants\\\/deoroller\\\/#breadcrumb\",\"itemListElement\":[{\"@type\":\"ListItem\",\"position\":1,\"name\":\"Home\",\"item\":\"https:\\\/\\\/bien-etreiris.ch\\\/de\\\/\"},{\"@type\":\"ListItem\",\"position\":2,\"name\":\"PRODUKTPR\u00c4SENTATION\",\"item\":\"https:\\\/\\\/bien-etreiris.ch\\\/de\\\/produktpraesentation\\\/\"},{\"@type\":\"ListItem\",\"position\":3,\"name\":\"HYGIENE\",\"item\":\"https:\\\/\\\/bien-etreiris.ch\\\/de\\\/produktpraesentation\\\/hygiene\\\/\"},{\"@type\":\"ListItem\",\"position\":4,\"name\":\"K\u00d6RPERPFLEGE\",\"item\":\"https:\\\/\\\/bien-etreiris.ch\\\/de\\\/produktpraesentation\\\/hygiene\\\/koerperpflege\\\/\"},{\"@type\":\"ListItem\",\"position\":5,\"name\":\"NAT\u00dcRLICHE DEODORANTS\",\"item\":\"https:\\\/\\\/bien-etreiris.ch\\\/de\\\/produktpraesentation\\\/hygiene\\\/koerperpflege\\\/natuerliche-deodorants\\\/\"},{\"@type\":\"ListItem\",\"position\":6,\"name\":\"DEOROLLER\"}]},{\"@type\":\"WebSite\",\"@id\":\"https:\\\/\\\/bien-etreiris.ch\\\/de\\\/#website\",\"url\":\"https:\\\/\\\/bien-etreiris.ch\\\/de\\\/\",\"name\":\"Bien-\u00eatre Iris\",\"description\":\"IHRE Gesundheit ist uns wichtig\",\"potentialAction\":[{\"@type\":\"SearchAction\",\"target\":{\"@type\":\"EntryPoint\",\"urlTemplate\":\"https:\\\/\\\/bien-etreiris.ch\\\/de\\\/?s={search_term_string}\"},\"query-input\":{\"@type\":\"PropertyValueSpecification\",\"valueRequired\":true,\"valueName\":\"search_term_string\"}}],\"inLanguage\":\"de\"}]}<\/script>\n<!-- \/ Yoast SEO plugin. -->","yoast_head_json":{"title":"DEOROLLER - WOHLBEFINDEN","robots":{"index":"index","follow":"follow","max-snippet":"max-snippet:-1","max-image-preview":"max-image-preview:large","max-video-preview":"max-video-preview:-1"},"canonical":"https:\/\/bien-etreiris.ch\/de\/produktpraesentation\/hygiene\/koerperpflege\/natuerliche-deodorants\/deoroller\/","og_locale":"de_DE","og_type":"article","og_title":"DEOROLLER - WOHLBEFINDEN","og_description":"D\u00e9odorant 100% naturel (roll-On) - Jessica Perrin &nbsp; &nbsp; &nbsp; Compos\u00e9 d'ingr\u00e9dients naturels, ce d\u00e9odorant sera votre alli\u00e9 contre les mauvaises odeurs et pour soigner votre peau.&nbsp; Flacon de 50ml CHF 12.60 remplissage 50 ml CHF &nbsp; &nbsp; Descriptif Compos\u00e9 d\u2019huiles v\u00e9g\u00e9tales BIO d'abricot et de tournesol, ce d\u00e9odorant enti\u00e8rement naturel soigne et prot\u00e8ge la peau. Le bicarbonate de soude&nbsp;Weiter lesen","og_url":"https:\/\/bien-etreiris.ch\/de\/produktpraesentation\/hygiene\/koerperpflege\/natuerliche-deodorants\/deoroller\/","og_site_name":"WOHLBEFINDEN","article_publisher":"https:\/\/www.facebook.com\/bienetreiris\/","article_modified_time":"2021-08-18T11:56:24+00:00","og_image":[{"width":500,"height":333,"url":"https:\/\/bien-etreiris.ch\/wp-content\/uploads\/2021\/08\/Acceuil-roll-on.png","type":"image\/png"}],"twitter_misc":{"Gesch\u00e4tzte Lesezeit":"1\u00a0Minute"},"schema":{"@context":"https:\/\/schema.org","@graph":[{"@type":"WebPage","@id":"https:\/\/bien-etreiris.ch\/de\/produktpraesentation\/hygiene\/koerperpflege\/natuerliche-deodorants\/deoroller\/","url":"https:\/\/bien-etreiris.ch\/de\/produktpraesentation\/hygiene\/koerperpflege\/natuerliche-deodorants\/deoroller\/","name":"DEOROLLER - WOHLBEFINDEN","isPartOf":{"@id":"https:\/\/bien-etreiris.ch\/de\/#website"},"primaryImageOfPage":{"@id":"https:\/\/bien-etreiris.ch\/de\/produktpraesentation\/hygiene\/koerperpflege\/natuerliche-deodorants\/deoroller\/#primaryimage"},"image":{"@id":"https:\/\/bien-etreiris.ch\/de\/produktpraesentation\/hygiene\/koerperpflege\/natuerliche-deodorants\/deoroller\/#primaryimage"},"thumbnailUrl":"https:\/\/bien-etreiris.ch\/wp-content\/uploads\/2021\/08\/Acceuil-roll-on.png","datePublished":"2021-06-02T14:56:50+00:00","dateModified":"2021-08-18T11:56:24+00:00","breadcrumb":{"@id":"https:\/\/bien-etreiris.ch\/de\/produktpraesentation\/hygiene\/koerperpflege\/natuerliche-deodorants\/deoroller\/#breadcrumb"},"inLanguage":"de","potentialAction":[{"@type":"ReadAction","target":["https:\/\/bien-etreiris.ch\/de\/produktpraesentation\/hygiene\/koerperpflege\/natuerliche-deodorants\/deoroller\/"]}]},{"@type":"ImageObject","inLanguage":"de","@id":"https:\/\/bien-etreiris.ch\/de\/produktpraesentation\/hygiene\/koerperpflege\/natuerliche-deodorants\/deoroller\/#primaryimage","url":"https:\/\/bien-etreiris.ch\/wp-content\/uploads\/2021\/08\/Acceuil-roll-on.png","contentUrl":"https:\/\/bien-etreiris.ch\/wp-content\/uploads\/2021\/08\/Acceuil-roll-on.png","width":500,"height":333},{"@type":"BreadcrumbList","@id":"https:\/\/bien-etreiris.ch\/de\/produktpraesentation\/hygiene\/koerperpflege\/natuerliche-deodorants\/deoroller\/#breadcrumb","itemListElement":[{"@type":"ListItem","position":1,"name":"Home","item":"https:\/\/bien-etreiris.ch\/de\/"},{"@type":"ListItem","position":2,"name":"PRODUKTPR\u00c4SENTATION","item":"https:\/\/bien-etreiris.ch\/de\/produktpraesentation\/"},{"@type":"ListItem","position":3,"name":"HYGIENE","item":"https:\/\/bien-etreiris.ch\/de\/produktpraesentation\/hygiene\/"},{"@type":"ListItem","position":4,"name":"K\u00d6RPERPFLEGE","item":"https:\/\/bien-etreiris.ch\/de\/produktpraesentation\/hygiene\/koerperpflege\/"},{"@type":"ListItem","position":5,"name":"NAT\u00dcRLICHE DEODORANTS","item":"https:\/\/bien-etreiris.ch\/de\/produktpraesentation\/hygiene\/koerperpflege\/natuerliche-deodorants\/"},{"@type":"ListItem","position":6,"name":"DEOROLLER"}]},{"@type":"WebSite","@id":"https:\/\/bien-etreiris.ch\/de\/#website","url":"https:\/\/bien-etreiris.ch\/de\/","name":"Bien-\u00eatre Iris","description":"IHRE Gesundheit ist uns wichtig","potentialAction":[{"@type":"SearchAction","target":{"@type":"EntryPoint","urlTemplate":"https:\/\/bien-etreiris.ch\/de\/?s={search_term_string}"},"query-input":{"@type":"PropertyValueSpecification","valueRequired":true,"valueName":"search_term_string"}}],"inLanguage":"de"}]}},"_links":{"self":[{"href":"https:\/\/bien-etreiris.ch\/de\/wp-json\/wp\/v2\/pages\/49032","targetHints":{"allow":["GET"]}}],"collection":[{"href":"https:\/\/bien-etreiris.ch\/de\/wp-json\/wp\/v2\/pages"}],"about":[{"href":"https:\/\/bien-etreiris.ch\/de\/wp-json\/wp\/v2\/types\/page"}],"author":[{"embeddable":true,"href":"https:\/\/bien-etreiris.ch\/de\/wp-json\/wp\/v2\/users\/1"}],"replies":[{"embeddable":true,"href":"https:\/\/bien-etreiris.ch\/de\/wp-json\/wp\/v2\/comments?post=49032"}],"version-history":[{"count":5,"href":"https:\/\/bien-etreiris.ch\/de\/wp-json\/wp\/v2\/pages\/49032\/revisions"}],"predecessor-version":[{"id":53562,"href":"https:\/\/bien-etreiris.ch\/de\/wp-json\/wp\/v2\/pages\/49032\/revisions\/53562"}],"up":[{"embeddable":true,"href":"https:\/\/bien-etreiris.ch\/de\/wp-json\/wp\/v2\/pages\/33179"}],"wp:featuredmedia":[{"embeddable":true,"href":"https:\/\/bien-etreiris.ch\/de\/wp-json\/wp\/v2\/media\/53535"}],"wp:attachment":[{"href":"https:\/\/bien-etreiris.ch\/de\/wp-json\/wp\/v2\/media?parent=49032"}],"curies":[{"name":"wp","href":"https:\/\/api.w.org\/{rel}","templated":true}]}}