{"id":49018,"date":"2020-09-17T21:50:55","date_gmt":"2020-09-17T21:50:55","guid":{"rendered":"https:\/\/bien-etreiris.ch\/produktpraesentation\/hygiene\/corporelle\/mundhygiene\/recettes-de-dentifrice-et-leau\/"},"modified":"2021-06-02T16:47:36","modified_gmt":"2021-06-02T14:47:36","slug":"rezepte","status":"publish","type":"page","link":"https:\/\/bien-etreiris.ch\/de\/produktpraesentation\/hygiene\/koerperpflege\/mundhygiene\/rezepte\/","title":{"rendered":"REZEPTE"},"content":{"rendered":"<p>Les <strong>dentifrices faits maison<\/strong> n'ont que des avantages. Ils sont plus sains que les dentifrices de la grande distribution, qui&nbsp;contiennent g\u00e9n\u00e9ralement des ingr\u00e9dients peu respectueux de l'organisme. Certains contiendraient m\u00eame des perturbateurs endocriniens ! Ainsi, <strong>en r\u00e9alisant son propre dentifrice<\/strong>, on ma\u00eetrise enti\u00e8rement sa composition. En outre, les <strong>dentifrices \u00e0 fabriquer soi-m\u00eame<\/strong>&nbsp;repr\u00e9sentent une r\u00e9elle \u00e9conomie car le plus souvent, ils se r\u00e9alisent avec des produits \u00e0 faible co\u00fbt que vous poss\u00e9dez certainement d\u00e9j\u00e0. En revanche, mieux vaut suivre une recette, car vous pourriez s\u00e9rieusement endommager l'\u00e9mail de vos dents et ab\u00eemer votre gencive avec des recettes trop agressives.<\/p>\n<p>&nbsp;<\/p>\n<p>Attention ! <strong>aux recettes de dentifrice 100% naturel et bio<\/strong>&nbsp; ne convient pas aux enfants de moins de 10 ans ainsi qu'aux femmes enceintes ou allaitantes.<\/p>\n<p>&nbsp;<\/p>\n\n\n<h2 class=\"wp-block-heading\">Recettes de dentifrice maison<\/h2>\n\n\n<p>Dentifrice maison hyper simple \u00e0 pr\u00e9parer et extr\u00eamement efficace:<\/p>\n<ol>\n<li>Dans un petit pot, faire fondre de l\u2019huile de coco bio et fairtrade.<\/li>\n<li>Ajouter quelques gouttes d\u2019huile essentielle de menthe, thym, romarin, sauge, citron ou tea-tree ( 5 gouttes pour 30 ml environ)<\/li>\n<li>Ajouter du bicarbonate de soude, jusqu\u2019\u00e0 former une p\u00e2te dont la consistance vous convient.<\/li>\n<\/ol>\n<p>B\u00e9mol: l\u2019huile de coco peut boucher les canalisations. Vous pouvez crachez le dentifrice dans la poubelle, ou, ce qu\u2019on recommande, utiliser plut\u00f4t la deuxi\u00e8me recette ci-dessous, \u00e0 base d\u2019argile blanc et du bicarbonate de soude<\/p>\n<p>Pour un dentifrice maison, m\u00e9langez 3 cuill\u00e8res \u00e0 soupe d\u2019argile verte en poudre avec un demi-verre d\u2019eau ou d\u2019hydrolats de menthe. Ajoutez une cuill\u00e8re \u00e0 soupe de bicarbonate de soude, le quart d\u2019une cuill\u00e8re \u00e0 caf\u00e9 de sel de table et quelques gouttes d\u2019huile essentielle de menthe ou de citron. D\u00e9posez ensuite un peu de cette pr\u00e9paration sur votre brosse \u00e0 dents pour proc\u00e9der au brossage. D\u00e9couvrez d\u2019autres recettes sur Internet et trouvez la recette qui vous conviendra le mieux en termes de texture, de go\u00fbt et de parfum.<\/p>\n<p>&nbsp;<\/p>\n<h4><strong>Une autre recette:<\/strong><\/h4>\n<p>Difficult\u00e9 : facile<br>Temps de pr\u00e9paration : 15 minutes<br>Conservation : 3 mois<\/p>\n<p>Ingr\u00e9dients :<\/p>\n<ul>\n<li>15 g d'argile blanche<\/li>\n<li>50 g de carbonate de calcium<\/li>\n<li>2 g de bicarbonate de soude<\/li>\n<li>35 ml d'hydrolat de menthe poivr\u00e9e<\/li>\n<li>10 ml de glyc\u00e9rine v\u00e9g\u00e9tale<\/li>\n<li>10 gouttes d'huile essentielle de menthe poivr\u00e9e<\/li>\n<li>18 gouttes Leucidal<\/li>\n<li>0,3 g de gomme xanthane&nbsp;<\/li>\n<\/ul>\n<p>&nbsp;<\/p>\n<h4><strong>Recette pour poudre dentifrice:<\/strong><\/h4>\n<p>Pour un petit pot de poudre dentifrice, type pilulier de pharmacie (plus de 30 grammes) :&nbsp;<\/p>\n<ul>\n<li>M\u00e9langez une cuill\u00e8re \u00e0 soupe d\u2019argile blanche surfine (kaolinite) avec une cuill\u00e8re \u00e0 soupe de carbonate de calcium.<\/li>\n<li>Versez les poudres dans un r\u00e9cipient en Inox ou un petit mortier en c\u00e9ramique. M\u00e9langez-les finement \u00e0 l\u2019aide d\u2019un mini-fouet.<\/li>\n<li>Ajoutez aux poudres 5 gouttes d\u2019huile essentielle de citron (essence du zeste) et 5 gouttes d\u2019huile essentielle de tea-tree. On peut aussi opter pour 10 gouttes de menthe poivr\u00e9e.<\/li>\n<li>A l\u2019aide d\u2019un petit pilon, homog\u00e9n\u00e9isez bien le tout. Il ne doit plus y avoir de grumeaux. Mettez en pot pr\u00e9alablement bien d\u00e9sinfect\u00e9.<\/li>\n<li>Pour l\u2019utilisation, il suffit de \u00ab tremper \u00bb la brosse \u00e0 dents (s\u00e8che !) dans le pot et de tapoter l\u2019exc\u00e9dent. Une mince couche est amplement suffisante. Brossez-vous ensuite les dents comme \u00e0 l\u2019accoutum\u00e9e avec de l\u2019eau.<\/li>\n<\/ul>\n<p>Conservation : Jusqu\u2019\u00e0 6 mois \u00e0 l\u2019abri de la lumi\u00e8re, de la chaleur et de l\u2019humidit\u00e9.<\/p>\n<p>&nbsp;<\/p>","protected":false},"excerpt":{"rendered":"<p>Les dentifrices faits maison n'ont que des avantages. Ils sont plus sains que les dentifrices de la grande distribution, qui&nbsp;contiennent g\u00e9n\u00e9ralement des ingr\u00e9dients peu respectueux de l'organisme. Certains contiendraient m\u00eame des perturbateurs endocriniens ! Ainsi, en r\u00e9alisant son propre dentifrice, on ma\u00eetrise enti\u00e8rement sa composition. En outre, les dentifrices \u00e0 fabriquer soi-m\u00eame&nbsp;repr\u00e9sentent une r\u00e9elle \u00e9conomie car le plus souvent, ils&nbsp;<a href=\"https:\/\/bien-etreiris.ch\/de\/produktpraesentation\/hygiene\/koerperpflege\/mundhygiene\/rezepte\/\" class=\"read-more\">Weiter lesen<\/a><\/p>\n","protected":false},"author":1,"featured_media":32228,"parent":47838,"menu_order":7005,"comment_status":"closed","ping_status":"closed","template":"page-with-child.php","meta":{"_acf_changed":false,"ngg_post_thumbnail":0,"footnotes":""},"class_list":["post-49018","page","type-page","status-publish","has-post-thumbnail","hentry"],"acf":[],"yoast_head":"<!-- This site is optimized with the Yoast SEO plugin v27.5 - https:\/\/yoast.com\/product\/yoast-seo-wordpress\/ -->\n<title>REZEPTE - WOHLBEFINDEN<\/title>\n<meta name=\"robots\" content=\"index, follow, max-snippet:-1, max-image-preview:large, max-video-preview:-1\" \/>\n<link rel=\"canonical\" href=\"https:\/\/bien-etreiris.ch\/de\/produktpraesentation\/hygiene\/koerperpflege\/mundhygiene\/rezepte\/\" \/>\n<meta property=\"og:locale\" content=\"de_DE\" \/>\n<meta property=\"og:type\" content=\"article\" \/>\n<meta property=\"og:title\" content=\"REZEPTE - WOHLBEFINDEN\" \/>\n<meta property=\"og:description\" content=\"Les dentifrices faits maison n&#039;ont que des avantages. Ils sont plus sains que les dentifrices de la grande distribution, qui&nbsp;contiennent g\u00e9n\u00e9ralement des ingr\u00e9dients peu respectueux de l&#039;organisme. Certains contiendraient m\u00eame des perturbateurs endocriniens ! Ainsi, en r\u00e9alisant son propre dentifrice, on ma\u00eetrise enti\u00e8rement sa composition. En outre, les dentifrices \u00e0 fabriquer soi-m\u00eame&nbsp;repr\u00e9sentent une r\u00e9elle \u00e9conomie car le plus souvent, ils&nbsp;Weiter lesen\" \/>\n<meta property=\"og:url\" content=\"https:\/\/bien-etreiris.ch\/de\/produktpraesentation\/hygiene\/koerperpflege\/mundhygiene\/rezepte\/\" \/>\n<meta property=\"og:site_name\" content=\"WOHLBEFINDEN\" \/>\n<meta property=\"article:publisher\" content=\"https:\/\/www.facebook.com\/bienetreiris\/\" \/>\n<meta property=\"article:modified_time\" content=\"2021-06-02T14:47:36+00:00\" \/>\n<meta property=\"og:image\" content=\"https:\/\/bien-etreiris.ch\/wp-content\/uploads\/2020\/09\/acceuil-8.jpg\" \/>\n\t<meta property=\"og:image:width\" content=\"550\" \/>\n\t<meta property=\"og:image:height\" content=\"367\" \/>\n\t<meta property=\"og:image:type\" content=\"image\/jpeg\" \/>\n<meta name=\"twitter:label1\" content=\"Gesch\u00e4tzte Lesezeit\" \/>\n\t<meta name=\"twitter:data1\" content=\"3\u00a0Minuten\" \/>\n<script type=\"application\/ld+json\" class=\"yoast-schema-graph\">{\"@context\":\"https:\\\/\\\/schema.org\",\"@graph\":[{\"@type\":\"WebPage\",\"@id\":\"https:\\\/\\\/bien-etreiris.ch\\\/de\\\/produktpraesentation\\\/hygiene\\\/koerperpflege\\\/mundhygiene\\\/rezepte\\\/\",\"url\":\"https:\\\/\\\/bien-etreiris.ch\\\/de\\\/produktpraesentation\\\/hygiene\\\/koerperpflege\\\/mundhygiene\\\/rezepte\\\/\",\"name\":\"REZEPTE - WOHLBEFINDEN\",\"isPartOf\":{\"@id\":\"https:\\\/\\\/bien-etreiris.ch\\\/de\\\/#website\"},\"primaryImageOfPage\":{\"@id\":\"https:\\\/\\\/bien-etreiris.ch\\\/de\\\/produktpraesentation\\\/hygiene\\\/koerperpflege\\\/mundhygiene\\\/rezepte\\\/#primaryimage\"},\"image\":{\"@id\":\"https:\\\/\\\/bien-etreiris.ch\\\/de\\\/produktpraesentation\\\/hygiene\\\/koerperpflege\\\/mundhygiene\\\/rezepte\\\/#primaryimage\"},\"thumbnailUrl\":\"https:\\\/\\\/bien-etreiris.ch\\\/wp-content\\\/uploads\\\/2020\\\/09\\\/acceuil-8.jpg\",\"datePublished\":\"2020-09-17T21:50:55+00:00\",\"dateModified\":\"2021-06-02T14:47:36+00:00\",\"breadcrumb\":{\"@id\":\"https:\\\/\\\/bien-etreiris.ch\\\/de\\\/produktpraesentation\\\/hygiene\\\/koerperpflege\\\/mundhygiene\\\/rezepte\\\/#breadcrumb\"},\"inLanguage\":\"de\",\"potentialAction\":[{\"@type\":\"ReadAction\",\"target\":[\"https:\\\/\\\/bien-etreiris.ch\\\/de\\\/produktpraesentation\\\/hygiene\\\/koerperpflege\\\/mundhygiene\\\/rezepte\\\/\"]}]},{\"@type\":\"ImageObject\",\"inLanguage\":\"de\",\"@id\":\"https:\\\/\\\/bien-etreiris.ch\\\/de\\\/produktpraesentation\\\/hygiene\\\/koerperpflege\\\/mundhygiene\\\/rezepte\\\/#primaryimage\",\"url\":\"https:\\\/\\\/bien-etreiris.ch\\\/wp-content\\\/uploads\\\/2020\\\/09\\\/acceuil-8.jpg\",\"contentUrl\":\"https:\\\/\\\/bien-etreiris.ch\\\/wp-content\\\/uploads\\\/2020\\\/09\\\/acceuil-8.jpg\",\"width\":550,\"height\":367},{\"@type\":\"BreadcrumbList\",\"@id\":\"https:\\\/\\\/bien-etreiris.ch\\\/de\\\/produktpraesentation\\\/hygiene\\\/koerperpflege\\\/mundhygiene\\\/rezepte\\\/#breadcrumb\",\"itemListElement\":[{\"@type\":\"ListItem\",\"position\":1,\"name\":\"Home\",\"item\":\"https:\\\/\\\/bien-etreiris.ch\\\/de\\\/\"},{\"@type\":\"ListItem\",\"position\":2,\"name\":\"PRODUKTPR\u00c4SENTATION\",\"item\":\"https:\\\/\\\/bien-etreiris.ch\\\/de\\\/produktpraesentation\\\/\"},{\"@type\":\"ListItem\",\"position\":3,\"name\":\"HYGIENE\",\"item\":\"https:\\\/\\\/bien-etreiris.ch\\\/de\\\/produktpraesentation\\\/hygiene\\\/\"},{\"@type\":\"ListItem\",\"position\":4,\"name\":\"K\u00d6RPERPFLEGE\",\"item\":\"https:\\\/\\\/bien-etreiris.ch\\\/de\\\/produktpraesentation\\\/hygiene\\\/koerperpflege\\\/\"},{\"@type\":\"ListItem\",\"position\":5,\"name\":\"MUNDHYGIENE\",\"item\":\"https:\\\/\\\/bien-etreiris.ch\\\/de\\\/produktpraesentation\\\/hygiene\\\/koerperpflege\\\/mundhygiene\\\/\"},{\"@type\":\"ListItem\",\"position\":6,\"name\":\"REZEPTE\"}]},{\"@type\":\"WebSite\",\"@id\":\"https:\\\/\\\/bien-etreiris.ch\\\/de\\\/#website\",\"url\":\"https:\\\/\\\/bien-etreiris.ch\\\/de\\\/\",\"name\":\"Bien-\u00eatre Iris\",\"description\":\"IHRE Gesundheit ist uns wichtig\",\"potentialAction\":[{\"@type\":\"SearchAction\",\"target\":{\"@type\":\"EntryPoint\",\"urlTemplate\":\"https:\\\/\\\/bien-etreiris.ch\\\/de\\\/?s={search_term_string}\"},\"query-input\":{\"@type\":\"PropertyValueSpecification\",\"valueRequired\":true,\"valueName\":\"search_term_string\"}}],\"inLanguage\":\"de\"}]}<\/script>\n<!-- \/ Yoast SEO plugin. -->","yoast_head_json":{"title":"REZEPTE - WOHLBEFINDEN","robots":{"index":"index","follow":"follow","max-snippet":"max-snippet:-1","max-image-preview":"max-image-preview:large","max-video-preview":"max-video-preview:-1"},"canonical":"https:\/\/bien-etreiris.ch\/de\/produktpraesentation\/hygiene\/koerperpflege\/mundhygiene\/rezepte\/","og_locale":"de_DE","og_type":"article","og_title":"REZEPTE - WOHLBEFINDEN","og_description":"Les dentifrices faits maison n'ont que des avantages. Ils sont plus sains que les dentifrices de la grande distribution, qui&nbsp;contiennent g\u00e9n\u00e9ralement des ingr\u00e9dients peu respectueux de l'organisme. Certains contiendraient m\u00eame des perturbateurs endocriniens ! Ainsi, en r\u00e9alisant son propre dentifrice, on ma\u00eetrise enti\u00e8rement sa composition. En outre, les dentifrices \u00e0 fabriquer soi-m\u00eame&nbsp;repr\u00e9sentent une r\u00e9elle \u00e9conomie car le plus souvent, ils&nbsp;Weiter lesen","og_url":"https:\/\/bien-etreiris.ch\/de\/produktpraesentation\/hygiene\/koerperpflege\/mundhygiene\/rezepte\/","og_site_name":"WOHLBEFINDEN","article_publisher":"https:\/\/www.facebook.com\/bienetreiris\/","article_modified_time":"2021-06-02T14:47:36+00:00","og_image":[{"width":550,"height":367,"url":"https:\/\/bien-etreiris.ch\/wp-content\/uploads\/2020\/09\/acceuil-8.jpg","type":"image\/jpeg"}],"twitter_misc":{"Gesch\u00e4tzte Lesezeit":"3\u00a0Minuten"},"schema":{"@context":"https:\/\/schema.org","@graph":[{"@type":"WebPage","@id":"https:\/\/bien-etreiris.ch\/de\/produktpraesentation\/hygiene\/koerperpflege\/mundhygiene\/rezepte\/","url":"https:\/\/bien-etreiris.ch\/de\/produktpraesentation\/hygiene\/koerperpflege\/mundhygiene\/rezepte\/","name":"REZEPTE - WOHLBEFINDEN","isPartOf":{"@id":"https:\/\/bien-etreiris.ch\/de\/#website"},"primaryImageOfPage":{"@id":"https:\/\/bien-etreiris.ch\/de\/produktpraesentation\/hygiene\/koerperpflege\/mundhygiene\/rezepte\/#primaryimage"},"image":{"@id":"https:\/\/bien-etreiris.ch\/de\/produktpraesentation\/hygiene\/koerperpflege\/mundhygiene\/rezepte\/#primaryimage"},"thumbnailUrl":"https:\/\/bien-etreiris.ch\/wp-content\/uploads\/2020\/09\/acceuil-8.jpg","datePublished":"2020-09-17T21:50:55+00:00","dateModified":"2021-06-02T14:47:36+00:00","breadcrumb":{"@id":"https:\/\/bien-etreiris.ch\/de\/produktpraesentation\/hygiene\/koerperpflege\/mundhygiene\/rezepte\/#breadcrumb"},"inLanguage":"de","potentialAction":[{"@type":"ReadAction","target":["https:\/\/bien-etreiris.ch\/de\/produktpraesentation\/hygiene\/koerperpflege\/mundhygiene\/rezepte\/"]}]},{"@type":"ImageObject","inLanguage":"de","@id":"https:\/\/bien-etreiris.ch\/de\/produktpraesentation\/hygiene\/koerperpflege\/mundhygiene\/rezepte\/#primaryimage","url":"https:\/\/bien-etreiris.ch\/wp-content\/uploads\/2020\/09\/acceuil-8.jpg","contentUrl":"https:\/\/bien-etreiris.ch\/wp-content\/uploads\/2020\/09\/acceuil-8.jpg","width":550,"height":367},{"@type":"BreadcrumbList","@id":"https:\/\/bien-etreiris.ch\/de\/produktpraesentation\/hygiene\/koerperpflege\/mundhygiene\/rezepte\/#breadcrumb","itemListElement":[{"@type":"ListItem","position":1,"name":"Home","item":"https:\/\/bien-etreiris.ch\/de\/"},{"@type":"ListItem","position":2,"name":"PRODUKTPR\u00c4SENTATION","item":"https:\/\/bien-etreiris.ch\/de\/produktpraesentation\/"},{"@type":"ListItem","position":3,"name":"HYGIENE","item":"https:\/\/bien-etreiris.ch\/de\/produktpraesentation\/hygiene\/"},{"@type":"ListItem","position":4,"name":"K\u00d6RPERPFLEGE","item":"https:\/\/bien-etreiris.ch\/de\/produktpraesentation\/hygiene\/koerperpflege\/"},{"@type":"ListItem","position":5,"name":"MUNDHYGIENE","item":"https:\/\/bien-etreiris.ch\/de\/produktpraesentation\/hygiene\/koerperpflege\/mundhygiene\/"},{"@type":"ListItem","position":6,"name":"REZEPTE"}]},{"@type":"WebSite","@id":"https:\/\/bien-etreiris.ch\/de\/#website","url":"https:\/\/bien-etreiris.ch\/de\/","name":"Bien-\u00eatre Iris","description":"IHRE Gesundheit ist uns wichtig","potentialAction":[{"@type":"SearchAction","target":{"@type":"EntryPoint","urlTemplate":"https:\/\/bien-etreiris.ch\/de\/?s={search_term_string}"},"query-input":{"@type":"PropertyValueSpecification","valueRequired":true,"valueName":"search_term_string"}}],"inLanguage":"de"}]}},"_links":{"self":[{"href":"https:\/\/bien-etreiris.ch\/de\/wp-json\/wp\/v2\/pages\/49018","targetHints":{"allow":["GET"]}}],"collection":[{"href":"https:\/\/bien-etreiris.ch\/de\/wp-json\/wp\/v2\/pages"}],"about":[{"href":"https:\/\/bien-etreiris.ch\/de\/wp-json\/wp\/v2\/types\/page"}],"author":[{"embeddable":true,"href":"https:\/\/bien-etreiris.ch\/de\/wp-json\/wp\/v2\/users\/1"}],"replies":[{"embeddable":true,"href":"https:\/\/bien-etreiris.ch\/de\/wp-json\/wp\/v2\/comments?post=49018"}],"version-history":[{"count":2,"href":"https:\/\/bien-etreiris.ch\/de\/wp-json\/wp\/v2\/pages\/49018\/revisions"}],"predecessor-version":[{"id":49026,"href":"https:\/\/bien-etreiris.ch\/de\/wp-json\/wp\/v2\/pages\/49018\/revisions\/49026"}],"up":[{"embeddable":true,"href":"https:\/\/bien-etreiris.ch\/de\/wp-json\/wp\/v2\/pages\/47838"}],"wp:featuredmedia":[{"embeddable":true,"href":"https:\/\/bien-etreiris.ch\/de\/wp-json\/wp\/v2\/media\/32228"}],"wp:attachment":[{"href":"https:\/\/bien-etreiris.ch\/de\/wp-json\/wp\/v2\/media?parent=49018"}],"curies":[{"name":"wp","href":"https:\/\/api.w.org\/{rel}","templated":true}]}}