{"id":49010,"date":"2020-11-30T14:47:57","date_gmt":"2020-11-30T14:47:57","guid":{"rendered":"https:\/\/bien-etreiris.ch\/produktpraesentation\/hygiene\/entretien-maison\/reinigungskonzept\/fleckenbehandlung\/terre-de-sommiers\/"},"modified":"2021-06-02T15:57:51","modified_gmt":"2021-06-02T13:57:51","slug":"pfeifenerde","status":"publish","type":"page","link":"https:\/\/bien-etreiris.ch\/de\/produktpraesentation\/hygiene\/haushaltsreinigung\/reinigungskonzept\/fleckenbehandlung\/pfeifenerde\/","title":{"rendered":"PFEIFENERDE"},"content":{"rendered":"<div id=\"content\" class=\"span8 right right\" data-motopress-type=\"loop\" data-motopress-loop-file=\"loop\/loop-page.php\">\n<div id=\"post-22830\" class=\"page post-22830 type-page status-publish has-post-thumbnail hentry\">\n<h2><strong>Qu'est-ce que la terre de Sommi\u00e8res?<\/strong><\/h2>\n<p>C'est de l'argile en poudre. Elle est souvent de couleur ocre, mais on peut \u00e9galement la trouver sous diff\u00e9rentes teintes. D\u00e9tachant naturel \u00e0 sec, la terre de Sommi\u00e8res poss\u00e8de une vertu absorbante. C\u2019est une argile smectique ultra fine qui peut absorber jusqu\u2019\u00e0 80% de son poids en eau.<\/p>\n<p>Cette terre est un formidable d\u00e9tachant \u00e0 sec sans aur\u00e9ole, des taches grasses (huile, beurre, gazole, maquillage, etc..) sur des surfaces fragiles telles que les textiles (m\u00eame la soie), les tissus d\u2019ameublement mais aussi les tapis, les cuirs, les marbres, le granit, l\u2019\u00e9b\u00e9nisterie, les sols (carrelage, pierre, parquet, b\u00e9ton).... Elle absorbe et neutralise \u00e9galement de nombreux autres types de t\u00e2ches : urine sur des coussins, taches de vin sur les nappes, etc...<\/p>\n<figure class=\"wp-block-image is-resized\"><img loading=\"lazy\" decoding=\"async\" class=\"wp-image-22831\" src=\"https:\/\/decoiris.ch\/wp-content\/uploads\/2019\/07\/titel.png\" sizes=\"auto, (max-width: 170px) 100vw, 170px\" srcset=\"https:\/\/decoiris.ch\/wp-content\/uploads\/2019\/07\/titel.png 640w, https:\/\/decoiris.ch\/wp-content\/uploads\/2019\/07\/titel-300x225.png 300w, https:\/\/decoiris.ch\/wp-content\/uploads\/2019\/07\/titel-200x150.png 200w\" alt=\"\" width=\"170\" height=\"128\"><\/figure>\n<h2><strong>Recettes :<\/strong><\/h2>\n<p><strong>Mode d\u2019emploi standard pour d\u00e9tacher \u00e0 sec les taches de graisses.<\/strong><br \/>\nSaupoudrez g\u00e9n\u00e9reusement la surface \u00e0 traiter sans frotter. Laissez agir plusieurs heures, 2-3 heures minimum, plus si la t\u00e2che est ancienne. Ensuite, frottez, tamponnez d\u00e9licatement et enfin aspirez pour \u00e9liminer la poudre, la tache aura disparu.<\/p>\n<p>&nbsp;<\/p>\n<p><strong>Renforcer le pouvoir absorbant<\/strong><br \/>\nVous pouvez activer le pouvoir absorbant de la Terre de Sommi\u00e8res en la faisant chauffer au four au pr\u00e9alable \u00e0 60\u00b0C pendant 15 min. Si votre sachet de Terre de Sommi\u00e8res est ouvert depuis plus de 2 ans, il peut \u00eatre judicieux \u00e9galement de la passer au four, m\u00eame indication pour abaisser son taux d'humidit\u00e9 et maintenir son pouvoir absorbant.<\/p>\n<p><strong>Quand l\u2019utiliser au cas par cas ?<\/strong><\/p>\n<p><strong>Taches de graisse sur v\u00eatements, tissus et textiles, cuir<\/strong><br \/>\nIl y a certains v\u00eatements, tissus et textiles, difficiles \u00e0 laver \u00e0 l\u2019eau, tels que les grandes housses de couettes, de canap\u00e9, tach\u00e9es par du beurre, du maquillage, etc\u2026 La Terre de Sommi\u00e8res est tout \u00e0 fait appropri\u00e9e pour traiter ce type de textiles. Saupoudrez de mani\u00e8re \u00e0 couvrir l\u2019ensemble des t\u00e2ches. Laissez agir quelques heures, suivant l\u2019anciennet\u00e9 de la t\u00e2che, frottez si besoin, puis retirez la poudre \u00e0 l\u2019aide d\u2019un aspirateur. Brossez le v\u00eatement, tissu\u2026 uniquement lorsque la poudre est totalement s\u00e8che. Cette m\u00e9thode fonctionne dans de multiples cas : tache de graisse sur des bottes en cuir, en daim, maquillage sur un sac en cuir, taches sur des v\u00eatements, cravates, \u2026<br \/>\n&nbsp;<\/p>\n<p><strong>Tache d\u2019huile sur du parquet<\/strong><br \/>\nCommencez par \u00e9liminer l\u2019exc\u00e9dent de graisse laiss\u00e9 par l\u2019huile, avec un papier absorbant ou un buvard, ensuite saupoudrez la Terre de Sommi\u00e8res g\u00e9n\u00e9reusement sur la tache, sans frotter, et laissez agir 2 \u00e0 3 heures minimum. Frottez en douceur la poudre quand elle s\u2019est impr\u00e9gn\u00e9e de la tache, puis aspirez. Si la t\u00e2che persiste, renouvelez l'op\u00e9ration.<\/p>\n<p><strong>Tache de cirage sur meuble cir\u00e9<\/strong><br \/>\nPrenez un chiffon propre et doux, imbibez-le avec un peu d\u2019essence de t\u00e9r\u00e9benthine et de Terre de Sommi\u00e8res. Ensuite tamponnez l\u00e9g\u00e8rement la t\u00e2che de cirage sur votre meuble ou parquet. Laissez agir pendant une demi-journ\u00e9e. Aspirez, puis repassez de l\u2019encaustique pour prot\u00e9ger.<\/p>\n<p><strong>Taches de bougie<\/strong><br \/>\nPremi\u00e8rement retirez d\u00e9licatement la cire de bougie avec une lame fine ou une spatule en bois. S\u2019il reste de la bougie posez du papier absorbant\/buvard et passez un fer chaud dessus, (refonte de la cire). Enfin saupoudrez la Terre de Sommi\u00e8res. Attendez une nuit, le lendemain brossez les r\u00e9sidus qui se seront \u00ab d\u00e9coll\u00e9s \u00bb, puis aspirez.<\/p>\n<p><strong>Tache d\u2019huile ou de graisse sur du granit ou du marbre<\/strong><br \/>\nCommencez par saupoudrer la tache de gras avec de la Terre de Sommi\u00e8res. Laissez agir 2 \u00e0 3 heures (voir une demi-journ\u00e9e). \u00d4tez la poudre \u00e0 l\u2019aide d\u2019un aspirateur, ou un balai. Si la t\u00e2che est r\u00e9calcitrante il est possible de faire une p\u00e2te en m\u00e9langeant la Terre de Sommi\u00e8res et de l\u2019essence de t\u00e9r\u00e9benthine. Combinez les 2 ingr\u00e9dients de fa\u00e7on \u00e0 ce que le m\u00e9lange soit p\u00e2teux et puisse impr\u00e9gner les pores de la pierre. Appliquez la p\u00e2te \u00e0 l\u2019aide d\u2019un pinceau, et laissez-la agir entre 12 et 24 heures.<br \/>\n&nbsp;<\/p>\n<p><strong>Taches de peinture<\/strong><br \/>\nPeinture \u00e0 l\u2019huile : Saupoudrez g\u00e9n\u00e9reusement la tache avec de la Terre de Sommi\u00e8res uniquement ! Attendez quelques heures puis retirez la poudre qui aura fait dispara\u00eetre la tache. Si la tache persiste, combinez de la Terre de Sommi\u00e8res avec de l\u2019essence de t\u00e9r\u00e9benthine. Ensuite utilisez le m\u00eame mode op\u00e9ratoire que pr\u00e9c\u00e9demment.<\/p>\n<p><strong>Tache de vin ou de boissons sucr\u00e9es<\/strong><br \/>\nLa Terre de Sommi\u00e8res accomplira des miracles pour enlever une tache de vin rouge d\u2019un tissu (nappe ou v\u00eatement). Saupoudrez g\u00e9n\u00e9reusement de la Terre de Sommi\u00e8res sur la tache de vin, laissez-la agir au moins 3 heures puis enlevez la poudre qui aura absorb\u00e9 la tache de vin.<\/p>\n<p><strong>Tache d\u2019urine sur coussins, tapis, fauteuils<\/strong><br \/>\nOutre ses qualit\u00e9s tr\u00e8s absorbantes, la Terre de Sommi\u00e8res fixe les odeurs. M\u00eame mode op\u00e9ratoire que pr\u00e9c\u00e9demment<br \/>\n&nbsp;<\/p>\n<p><strong>Pour les bricoleurs et m\u00e9caniciens<\/strong><br \/>\nLes mains sales apr\u00e8s la m\u00e9canique auto ou moto ou le bricolage, on conna\u00eet, mais comment s\u2019en d\u00e9barrasser ? Les terres argileuses telle que la Terre de Sommi\u00e8res combin\u00e9es avec de l\u2019eau sont tr\u00e8s efficaces. Ajoutez de l\u2019eau \u00e0 la Terre de Sommi\u00e8res, pour l\u2019obtention d\u2019une p\u00e2te, frottez-vous les mains. Le m\u00e9lange lavera vos mains impeccablement.<\/p>\n<div class=\"clear\">&nbsp;<\/div>\n<\/div>\n<\/div>\n","protected":false},"excerpt":{"rendered":"<p>Qu'est-ce que la terre de Sommi\u00e8res? C'est de l'argile en poudre. Elle est souvent de couleur ocre, mais on peut \u00e9galement la trouver sous diff\u00e9rentes teintes. D\u00e9tachant naturel \u00e0 sec, la terre de Sommi\u00e8res poss\u00e8de une vertu absorbante. C\u2019est une argile smectique ultra fine qui peut absorber jusqu\u2019\u00e0 80% de son poids en eau. Cette terre est un formidable d\u00e9tachant&nbsp;<a href=\"https:\/\/bien-etreiris.ch\/de\/produktpraesentation\/hygiene\/haushaltsreinigung\/reinigungskonzept\/fleckenbehandlung\/pfeifenerde\/\" class=\"read-more\">Weiter lesen<\/a><\/p>\n","protected":false},"author":1,"featured_media":35127,"parent":35107,"menu_order":6718,"comment_status":"closed","ping_status":"closed","template":"page-with-child.php","meta":{"_acf_changed":false,"ngg_post_thumbnail":0,"footnotes":""},"class_list":["post-49010","page","type-page","status-publish","has-post-thumbnail","hentry"],"acf":[],"yoast_head":"<!-- This site is optimized with the Yoast SEO plugin v27.5 - https:\/\/yoast.com\/product\/yoast-seo-wordpress\/ -->\n<title>PFEIFENERDE - WOHLBEFINDEN<\/title>\n<meta name=\"robots\" content=\"index, follow, max-snippet:-1, max-image-preview:large, max-video-preview:-1\" \/>\n<link rel=\"canonical\" href=\"https:\/\/bien-etreiris.ch\/de\/produktpraesentation\/hygiene\/haushaltsreinigung\/reinigungskonzept\/fleckenbehandlung\/pfeifenerde\/\" \/>\n<meta property=\"og:locale\" content=\"de_DE\" \/>\n<meta property=\"og:type\" content=\"article\" \/>\n<meta property=\"og:title\" content=\"PFEIFENERDE - WOHLBEFINDEN\" \/>\n<meta property=\"og:description\" content=\"Qu&#039;est-ce que la terre de Sommi\u00e8res? C&#039;est de l&#039;argile en poudre. Elle est souvent de couleur ocre, mais on peut \u00e9galement la trouver sous diff\u00e9rentes teintes. D\u00e9tachant naturel \u00e0 sec, la terre de Sommi\u00e8res poss\u00e8de une vertu absorbante. C\u2019est une argile smectique ultra fine qui peut absorber jusqu\u2019\u00e0 80% de son poids en eau. Cette terre est un formidable d\u00e9tachant&nbsp;Weiter lesen\" \/>\n<meta property=\"og:url\" content=\"https:\/\/bien-etreiris.ch\/de\/produktpraesentation\/hygiene\/haushaltsreinigung\/reinigungskonzept\/fleckenbehandlung\/pfeifenerde\/\" \/>\n<meta property=\"og:site_name\" content=\"WOHLBEFINDEN\" \/>\n<meta property=\"article:publisher\" content=\"https:\/\/www.facebook.com\/bienetreiris\/\" \/>\n<meta property=\"article:modified_time\" content=\"2021-06-02T13:57:51+00:00\" \/>\n<meta property=\"og:image\" content=\"https:\/\/bien-etreiris.ch\/wp-content\/uploads\/2020\/11\/titel.png\" \/>\n\t<meta property=\"og:image:width\" content=\"640\" \/>\n\t<meta property=\"og:image:height\" content=\"480\" \/>\n\t<meta property=\"og:image:type\" content=\"image\/png\" \/>\n<meta name=\"twitter:label1\" content=\"Gesch\u00e4tzte Lesezeit\" \/>\n\t<meta name=\"twitter:data1\" content=\"4\u00a0Minuten\" \/>\n<script type=\"application\/ld+json\" class=\"yoast-schema-graph\">{\"@context\":\"https:\\\/\\\/schema.org\",\"@graph\":[{\"@type\":\"WebPage\",\"@id\":\"https:\\\/\\\/bien-etreiris.ch\\\/de\\\/produktpraesentation\\\/hygiene\\\/haushaltsreinigung\\\/reinigungskonzept\\\/fleckenbehandlung\\\/pfeifenerde\\\/\",\"url\":\"https:\\\/\\\/bien-etreiris.ch\\\/de\\\/produktpraesentation\\\/hygiene\\\/haushaltsreinigung\\\/reinigungskonzept\\\/fleckenbehandlung\\\/pfeifenerde\\\/\",\"name\":\"PFEIFENERDE - WOHLBEFINDEN\",\"isPartOf\":{\"@id\":\"https:\\\/\\\/bien-etreiris.ch\\\/de\\\/#website\"},\"primaryImageOfPage\":{\"@id\":\"https:\\\/\\\/bien-etreiris.ch\\\/de\\\/produktpraesentation\\\/hygiene\\\/haushaltsreinigung\\\/reinigungskonzept\\\/fleckenbehandlung\\\/pfeifenerde\\\/#primaryimage\"},\"image\":{\"@id\":\"https:\\\/\\\/bien-etreiris.ch\\\/de\\\/produktpraesentation\\\/hygiene\\\/haushaltsreinigung\\\/reinigungskonzept\\\/fleckenbehandlung\\\/pfeifenerde\\\/#primaryimage\"},\"thumbnailUrl\":\"https:\\\/\\\/bien-etreiris.ch\\\/wp-content\\\/uploads\\\/2020\\\/11\\\/titel.png\",\"datePublished\":\"2020-11-30T14:47:57+00:00\",\"dateModified\":\"2021-06-02T13:57:51+00:00\",\"breadcrumb\":{\"@id\":\"https:\\\/\\\/bien-etreiris.ch\\\/de\\\/produktpraesentation\\\/hygiene\\\/haushaltsreinigung\\\/reinigungskonzept\\\/fleckenbehandlung\\\/pfeifenerde\\\/#breadcrumb\"},\"inLanguage\":\"de\",\"potentialAction\":[{\"@type\":\"ReadAction\",\"target\":[\"https:\\\/\\\/bien-etreiris.ch\\\/de\\\/produktpraesentation\\\/hygiene\\\/haushaltsreinigung\\\/reinigungskonzept\\\/fleckenbehandlung\\\/pfeifenerde\\\/\"]}]},{\"@type\":\"ImageObject\",\"inLanguage\":\"de\",\"@id\":\"https:\\\/\\\/bien-etreiris.ch\\\/de\\\/produktpraesentation\\\/hygiene\\\/haushaltsreinigung\\\/reinigungskonzept\\\/fleckenbehandlung\\\/pfeifenerde\\\/#primaryimage\",\"url\":\"https:\\\/\\\/bien-etreiris.ch\\\/wp-content\\\/uploads\\\/2020\\\/11\\\/titel.png\",\"contentUrl\":\"https:\\\/\\\/bien-etreiris.ch\\\/wp-content\\\/uploads\\\/2020\\\/11\\\/titel.png\",\"width\":640,\"height\":480},{\"@type\":\"BreadcrumbList\",\"@id\":\"https:\\\/\\\/bien-etreiris.ch\\\/de\\\/produktpraesentation\\\/hygiene\\\/haushaltsreinigung\\\/reinigungskonzept\\\/fleckenbehandlung\\\/pfeifenerde\\\/#breadcrumb\",\"itemListElement\":[{\"@type\":\"ListItem\",\"position\":1,\"name\":\"Home\",\"item\":\"https:\\\/\\\/bien-etreiris.ch\\\/de\\\/\"},{\"@type\":\"ListItem\",\"position\":2,\"name\":\"PRODUKTPR\u00c4SENTATION\",\"item\":\"https:\\\/\\\/bien-etreiris.ch\\\/de\\\/produktpraesentation\\\/\"},{\"@type\":\"ListItem\",\"position\":3,\"name\":\"HYGIENE\",\"item\":\"https:\\\/\\\/bien-etreiris.ch\\\/de\\\/produktpraesentation\\\/hygiene\\\/\"},{\"@type\":\"ListItem\",\"position\":4,\"name\":\"HAUSHALTSREINIGUNG\",\"item\":\"https:\\\/\\\/bien-etreiris.ch\\\/de\\\/produktpraesentation\\\/hygiene\\\/haushaltsreinigung\\\/\"},{\"@type\":\"ListItem\",\"position\":5,\"name\":\"REINIGUNGSKONZEPT\",\"item\":\"https:\\\/\\\/bien-etreiris.ch\\\/de\\\/produktpraesentation\\\/hygiene\\\/haushaltsreinigung\\\/reinigungskonzept\\\/\"},{\"@type\":\"ListItem\",\"position\":6,\"name\":\"FLECKENBEHANDLUNG\",\"item\":\"https:\\\/\\\/bien-etreiris.ch\\\/de\\\/produktpraesentation\\\/hygiene\\\/haushaltsreinigung\\\/reinigungskonzept\\\/fleckenbehandlung\\\/\"},{\"@type\":\"ListItem\",\"position\":7,\"name\":\"PFEIFENERDE\"}]},{\"@type\":\"WebSite\",\"@id\":\"https:\\\/\\\/bien-etreiris.ch\\\/de\\\/#website\",\"url\":\"https:\\\/\\\/bien-etreiris.ch\\\/de\\\/\",\"name\":\"Bien-\u00eatre Iris\",\"description\":\"IHRE Gesundheit ist uns wichtig\",\"potentialAction\":[{\"@type\":\"SearchAction\",\"target\":{\"@type\":\"EntryPoint\",\"urlTemplate\":\"https:\\\/\\\/bien-etreiris.ch\\\/de\\\/?s={search_term_string}\"},\"query-input\":{\"@type\":\"PropertyValueSpecification\",\"valueRequired\":true,\"valueName\":\"search_term_string\"}}],\"inLanguage\":\"de\"}]}<\/script>\n<!-- \/ Yoast SEO plugin. -->","yoast_head_json":{"title":"PFEIFENERDE - WOHLBEFINDEN","robots":{"index":"index","follow":"follow","max-snippet":"max-snippet:-1","max-image-preview":"max-image-preview:large","max-video-preview":"max-video-preview:-1"},"canonical":"https:\/\/bien-etreiris.ch\/de\/produktpraesentation\/hygiene\/haushaltsreinigung\/reinigungskonzept\/fleckenbehandlung\/pfeifenerde\/","og_locale":"de_DE","og_type":"article","og_title":"PFEIFENERDE - WOHLBEFINDEN","og_description":"Qu'est-ce que la terre de Sommi\u00e8res? C'est de l'argile en poudre. Elle est souvent de couleur ocre, mais on peut \u00e9galement la trouver sous diff\u00e9rentes teintes. D\u00e9tachant naturel \u00e0 sec, la terre de Sommi\u00e8res poss\u00e8de une vertu absorbante. C\u2019est une argile smectique ultra fine qui peut absorber jusqu\u2019\u00e0 80% de son poids en eau. Cette terre est un formidable d\u00e9tachant&nbsp;Weiter lesen","og_url":"https:\/\/bien-etreiris.ch\/de\/produktpraesentation\/hygiene\/haushaltsreinigung\/reinigungskonzept\/fleckenbehandlung\/pfeifenerde\/","og_site_name":"WOHLBEFINDEN","article_publisher":"https:\/\/www.facebook.com\/bienetreiris\/","article_modified_time":"2021-06-02T13:57:51+00:00","og_image":[{"width":640,"height":480,"url":"https:\/\/bien-etreiris.ch\/wp-content\/uploads\/2020\/11\/titel.png","type":"image\/png"}],"twitter_misc":{"Gesch\u00e4tzte Lesezeit":"4\u00a0Minuten"},"schema":{"@context":"https:\/\/schema.org","@graph":[{"@type":"WebPage","@id":"https:\/\/bien-etreiris.ch\/de\/produktpraesentation\/hygiene\/haushaltsreinigung\/reinigungskonzept\/fleckenbehandlung\/pfeifenerde\/","url":"https:\/\/bien-etreiris.ch\/de\/produktpraesentation\/hygiene\/haushaltsreinigung\/reinigungskonzept\/fleckenbehandlung\/pfeifenerde\/","name":"PFEIFENERDE - WOHLBEFINDEN","isPartOf":{"@id":"https:\/\/bien-etreiris.ch\/de\/#website"},"primaryImageOfPage":{"@id":"https:\/\/bien-etreiris.ch\/de\/produktpraesentation\/hygiene\/haushaltsreinigung\/reinigungskonzept\/fleckenbehandlung\/pfeifenerde\/#primaryimage"},"image":{"@id":"https:\/\/bien-etreiris.ch\/de\/produktpraesentation\/hygiene\/haushaltsreinigung\/reinigungskonzept\/fleckenbehandlung\/pfeifenerde\/#primaryimage"},"thumbnailUrl":"https:\/\/bien-etreiris.ch\/wp-content\/uploads\/2020\/11\/titel.png","datePublished":"2020-11-30T14:47:57+00:00","dateModified":"2021-06-02T13:57:51+00:00","breadcrumb":{"@id":"https:\/\/bien-etreiris.ch\/de\/produktpraesentation\/hygiene\/haushaltsreinigung\/reinigungskonzept\/fleckenbehandlung\/pfeifenerde\/#breadcrumb"},"inLanguage":"de","potentialAction":[{"@type":"ReadAction","target":["https:\/\/bien-etreiris.ch\/de\/produktpraesentation\/hygiene\/haushaltsreinigung\/reinigungskonzept\/fleckenbehandlung\/pfeifenerde\/"]}]},{"@type":"ImageObject","inLanguage":"de","@id":"https:\/\/bien-etreiris.ch\/de\/produktpraesentation\/hygiene\/haushaltsreinigung\/reinigungskonzept\/fleckenbehandlung\/pfeifenerde\/#primaryimage","url":"https:\/\/bien-etreiris.ch\/wp-content\/uploads\/2020\/11\/titel.png","contentUrl":"https:\/\/bien-etreiris.ch\/wp-content\/uploads\/2020\/11\/titel.png","width":640,"height":480},{"@type":"BreadcrumbList","@id":"https:\/\/bien-etreiris.ch\/de\/produktpraesentation\/hygiene\/haushaltsreinigung\/reinigungskonzept\/fleckenbehandlung\/pfeifenerde\/#breadcrumb","itemListElement":[{"@type":"ListItem","position":1,"name":"Home","item":"https:\/\/bien-etreiris.ch\/de\/"},{"@type":"ListItem","position":2,"name":"PRODUKTPR\u00c4SENTATION","item":"https:\/\/bien-etreiris.ch\/de\/produktpraesentation\/"},{"@type":"ListItem","position":3,"name":"HYGIENE","item":"https:\/\/bien-etreiris.ch\/de\/produktpraesentation\/hygiene\/"},{"@type":"ListItem","position":4,"name":"HAUSHALTSREINIGUNG","item":"https:\/\/bien-etreiris.ch\/de\/produktpraesentation\/hygiene\/haushaltsreinigung\/"},{"@type":"ListItem","position":5,"name":"REINIGUNGSKONZEPT","item":"https:\/\/bien-etreiris.ch\/de\/produktpraesentation\/hygiene\/haushaltsreinigung\/reinigungskonzept\/"},{"@type":"ListItem","position":6,"name":"FLECKENBEHANDLUNG","item":"https:\/\/bien-etreiris.ch\/de\/produktpraesentation\/hygiene\/haushaltsreinigung\/reinigungskonzept\/fleckenbehandlung\/"},{"@type":"ListItem","position":7,"name":"PFEIFENERDE"}]},{"@type":"WebSite","@id":"https:\/\/bien-etreiris.ch\/de\/#website","url":"https:\/\/bien-etreiris.ch\/de\/","name":"Bien-\u00eatre Iris","description":"IHRE Gesundheit ist uns wichtig","potentialAction":[{"@type":"SearchAction","target":{"@type":"EntryPoint","urlTemplate":"https:\/\/bien-etreiris.ch\/de\/?s={search_term_string}"},"query-input":{"@type":"PropertyValueSpecification","valueRequired":true,"valueName":"search_term_string"}}],"inLanguage":"de"}]}},"_links":{"self":[{"href":"https:\/\/bien-etreiris.ch\/de\/wp-json\/wp\/v2\/pages\/49010","targetHints":{"allow":["GET"]}}],"collection":[{"href":"https:\/\/bien-etreiris.ch\/de\/wp-json\/wp\/v2\/pages"}],"about":[{"href":"https:\/\/bien-etreiris.ch\/de\/wp-json\/wp\/v2\/types\/page"}],"author":[{"embeddable":true,"href":"https:\/\/bien-etreiris.ch\/de\/wp-json\/wp\/v2\/users\/1"}],"replies":[{"embeddable":true,"href":"https:\/\/bien-etreiris.ch\/de\/wp-json\/wp\/v2\/comments?post=49010"}],"version-history":[{"count":2,"href":"https:\/\/bien-etreiris.ch\/de\/wp-json\/wp\/v2\/pages\/49010\/revisions"}],"predecessor-version":[{"id":49013,"href":"https:\/\/bien-etreiris.ch\/de\/wp-json\/wp\/v2\/pages\/49010\/revisions\/49013"}],"up":[{"embeddable":true,"href":"https:\/\/bien-etreiris.ch\/de\/wp-json\/wp\/v2\/pages\/35107"}],"wp:featuredmedia":[{"embeddable":true,"href":"https:\/\/bien-etreiris.ch\/de\/wp-json\/wp\/v2\/media\/35127"}],"wp:attachment":[{"href":"https:\/\/bien-etreiris.ch\/de\/wp-json\/wp\/v2\/media?parent=49010"}],"curies":[{"name":"wp","href":"https:\/\/api.w.org\/{rel}","templated":true}]}}