{"id":48932,"date":"2021-06-02T13:17:27","date_gmt":"2021-06-02T11:17:27","guid":{"rendered":"https:\/\/bien-etreiris.ch\/?page_id=48932"},"modified":"2021-07-12T01:08:38","modified_gmt":"2021-07-11T23:08:38","slug":"alkalische-maske","status":"publish","type":"page","link":"https:\/\/bien-etreiris.ch\/de\/produktpraesentation\/natuerliche-kosmetik\/gesicht-koerper\/gesichtspflege\/masken-und-peelings\/alkalische-maske\/","title":{"rendered":"ALKALISCHE MASKE"},"content":{"rendered":"\n<h2>Alkalische Maske<\/h2>\n\n\n\n<p><a href=\"https:\/\/decoiris.ch\/wp-content\/uploads\/2020\/10\/acceuil-4.jpg\"><img loading=\"lazy\" decoding=\"async\" class=\"wp-image-32492 size-medium alignnone\" src=\"https:\/\/decoiris.ch\/wp-content\/uploads\/2020\/10\/acceuil-4-300x290.jpg\" alt=\"\" width=\"300\" height=\"290\" srcset=\"https:\/\/bien-etreiris.ch\/wp-content\/uploads\/2020\/10\/acceuil-4-300x290.jpg 300w, https:\/\/bien-etreiris.ch\/wp-content\/uploads\/2020\/10\/acceuil-4-768x743.jpg 768w, https:\/\/bien-etreiris.ch\/wp-content\/uploads\/2020\/10\/acceuil-4.jpg 1000w\" sizes=\"auto, (max-width: 300px) 100vw, 300px\" \/><\/a><\/p>\n<p>&nbsp;<\/p>\n<p>Anwendung der <a href=\"https:\/\/bien-etreiris.ch\/de\/produktpraesentation\/hygiene\/koerperpflege\/zubehoer-fuer-die-koerperpflege\/zubehoer-fuer-die-gesichtspflege\/vliesmaske\/\" target=\"_blank\" rel=\"noopener\">alkalischen Vliesmaske<\/a><\/p>\n<p><br>L\u00f6sen Sie eine Messerspitze AlcaBain in 30 bis 40 ml warmem Wasser auf und tr\u00e4nken Sie die Maske in der L\u00f6sung. Wenn die Maske gut getr\u00e4nkt ist, nehmen Sie sie heraus und lassen sie etwas abtropfen. Anschlie\u00dfend tragen Sie die Maske auf das gereinigte Gesicht auf und lassen sie 20 Minuten einwirken. Befeuchten Sie die Maske regelm\u00e4\u00dfig mit der L\u00f6sung, da das Wasser verdunstet und ebenfalls von der Haut aufgenommen wird.<\/p>\n<p>Im basischen Vollbad einfach die Maske in das Badewasser eintauchen und von Zeit zu Zeit befeuchten.<\/p>\n<p>Normalerweise ist nach dem Abnehmen der Maske keine zweite Behandlung notwendig, da die Anwendung der Maske die Talgregulierung der Haut f\u00f6rdert. Wenn die Haut jedoch besondere Pflege ben\u00f6tigt, verwenden Sie eine geeignete Creme.<\/p>\n<p>&nbsp;<\/p>\n<p>&nbsp;<\/p>\n","protected":false},"excerpt":{"rendered":"<p>Alkalische Maske &nbsp; Anwendung der alkalischen Vliesmaske L\u00f6sen Sie eine Messerspitze AlcaBain in 30 bis 40 ml warmem Wasser auf und tr\u00e4nken Sie die Maske in der L\u00f6sung. Wenn die Maske gut getr\u00e4nkt ist, nehmen Sie sie heraus und lassen sie etwas abtropfen. Anschlie\u00dfend tragen Sie die Maske auf das gereinigte Gesicht auf und lassen sie 20 Minuten einwirken. Befeuchten&nbsp;<a href=\"https:\/\/bien-etreiris.ch\/de\/produktpraesentation\/natuerliche-kosmetik\/gesicht-koerper\/gesichtspflege\/masken-und-peelings\/alkalische-maske\/\" class=\"read-more\">Weiter lesen<\/a><\/p>\n","protected":false},"author":1,"featured_media":48930,"parent":44114,"menu_order":5341,"comment_status":"closed","ping_status":"closed","template":"page-with-child.php","meta":{"_acf_changed":false,"ngg_post_thumbnail":0,"footnotes":""},"class_list":["post-48932","page","type-page","status-publish","has-post-thumbnail","hentry"],"acf":[],"yoast_head":"<!-- This site is optimized with the Yoast SEO plugin v27.5 - https:\/\/yoast.com\/product\/yoast-seo-wordpress\/ -->\n<title>ALKALISCHE MASKE - WOHLBEFINDEN<\/title>\n<meta name=\"robots\" content=\"index, follow, max-snippet:-1, max-image-preview:large, max-video-preview:-1\" \/>\n<link rel=\"canonical\" href=\"https:\/\/bien-etreiris.ch\/de\/produktpraesentation\/natuerliche-kosmetik\/gesicht-koerper\/gesichtspflege\/masken-und-peelings\/alkalische-maske\/\" \/>\n<meta property=\"og:locale\" content=\"de_DE\" \/>\n<meta property=\"og:type\" content=\"article\" \/>\n<meta property=\"og:title\" content=\"ALKALISCHE MASKE - WOHLBEFINDEN\" \/>\n<meta property=\"og:description\" content=\"Alkalische Maske &nbsp; Anwendung der alkalischen Vliesmaske L\u00f6sen Sie eine Messerspitze AlcaBain in 30 bis 40 ml warmem Wasser auf und tr\u00e4nken Sie die Maske in der L\u00f6sung. Wenn die Maske gut getr\u00e4nkt ist, nehmen Sie sie heraus und lassen sie etwas abtropfen. Anschlie\u00dfend tragen Sie die Maske auf das gereinigte Gesicht auf und lassen sie 20 Minuten einwirken. Befeuchten&nbsp;Weiter lesen\" \/>\n<meta property=\"og:url\" content=\"https:\/\/bien-etreiris.ch\/de\/produktpraesentation\/natuerliche-kosmetik\/gesicht-koerper\/gesichtspflege\/masken-und-peelings\/alkalische-maske\/\" \/>\n<meta property=\"og:site_name\" content=\"WOHLBEFINDEN\" \/>\n<meta property=\"article:publisher\" content=\"https:\/\/www.facebook.com\/bienetreiris\/\" \/>\n<meta property=\"article:modified_time\" content=\"2021-07-11T23:08:38+00:00\" \/>\n<meta property=\"og:image\" content=\"https:\/\/bien-etreiris.ch\/wp-content\/uploads\/2021\/06\/acceuil-masque.jpg\" \/>\n\t<meta property=\"og:image:width\" content=\"500\" \/>\n\t<meta property=\"og:image:height\" content=\"263\" \/>\n\t<meta property=\"og:image:type\" content=\"image\/jpeg\" \/>\n<meta name=\"twitter:label1\" content=\"Gesch\u00e4tzte Lesezeit\" \/>\n\t<meta name=\"twitter:data1\" content=\"1\u00a0Minute\" \/>\n<script type=\"application\/ld+json\" class=\"yoast-schema-graph\">{\"@context\":\"https:\\\/\\\/schema.org\",\"@graph\":[{\"@type\":\"WebPage\",\"@id\":\"https:\\\/\\\/bien-etreiris.ch\\\/de\\\/produktpraesentation\\\/natuerliche-kosmetik\\\/gesicht-koerper\\\/gesichtspflege\\\/masken-und-peelings\\\/alkalische-maske\\\/\",\"url\":\"https:\\\/\\\/bien-etreiris.ch\\\/de\\\/produktpraesentation\\\/natuerliche-kosmetik\\\/gesicht-koerper\\\/gesichtspflege\\\/masken-und-peelings\\\/alkalische-maske\\\/\",\"name\":\"ALKALISCHE MASKE - WOHLBEFINDEN\",\"isPartOf\":{\"@id\":\"https:\\\/\\\/bien-etreiris.ch\\\/de\\\/#website\"},\"primaryImageOfPage\":{\"@id\":\"https:\\\/\\\/bien-etreiris.ch\\\/de\\\/produktpraesentation\\\/natuerliche-kosmetik\\\/gesicht-koerper\\\/gesichtspflege\\\/masken-und-peelings\\\/alkalische-maske\\\/#primaryimage\"},\"image\":{\"@id\":\"https:\\\/\\\/bien-etreiris.ch\\\/de\\\/produktpraesentation\\\/natuerliche-kosmetik\\\/gesicht-koerper\\\/gesichtspflege\\\/masken-und-peelings\\\/alkalische-maske\\\/#primaryimage\"},\"thumbnailUrl\":\"https:\\\/\\\/bien-etreiris.ch\\\/wp-content\\\/uploads\\\/2021\\\/06\\\/acceuil-masque.jpg\",\"datePublished\":\"2021-06-02T11:17:27+00:00\",\"dateModified\":\"2021-07-11T23:08:38+00:00\",\"breadcrumb\":{\"@id\":\"https:\\\/\\\/bien-etreiris.ch\\\/de\\\/produktpraesentation\\\/natuerliche-kosmetik\\\/gesicht-koerper\\\/gesichtspflege\\\/masken-und-peelings\\\/alkalische-maske\\\/#breadcrumb\"},\"inLanguage\":\"de\",\"potentialAction\":[{\"@type\":\"ReadAction\",\"target\":[\"https:\\\/\\\/bien-etreiris.ch\\\/de\\\/produktpraesentation\\\/natuerliche-kosmetik\\\/gesicht-koerper\\\/gesichtspflege\\\/masken-und-peelings\\\/alkalische-maske\\\/\"]}]},{\"@type\":\"ImageObject\",\"inLanguage\":\"de\",\"@id\":\"https:\\\/\\\/bien-etreiris.ch\\\/de\\\/produktpraesentation\\\/natuerliche-kosmetik\\\/gesicht-koerper\\\/gesichtspflege\\\/masken-und-peelings\\\/alkalische-maske\\\/#primaryimage\",\"url\":\"https:\\\/\\\/bien-etreiris.ch\\\/wp-content\\\/uploads\\\/2021\\\/06\\\/acceuil-masque.jpg\",\"contentUrl\":\"https:\\\/\\\/bien-etreiris.ch\\\/wp-content\\\/uploads\\\/2021\\\/06\\\/acceuil-masque.jpg\",\"width\":500,\"height\":263},{\"@type\":\"BreadcrumbList\",\"@id\":\"https:\\\/\\\/bien-etreiris.ch\\\/de\\\/produktpraesentation\\\/natuerliche-kosmetik\\\/gesicht-koerper\\\/gesichtspflege\\\/masken-und-peelings\\\/alkalische-maske\\\/#breadcrumb\",\"itemListElement\":[{\"@type\":\"ListItem\",\"position\":1,\"name\":\"Home\",\"item\":\"https:\\\/\\\/bien-etreiris.ch\\\/de\\\/\"},{\"@type\":\"ListItem\",\"position\":2,\"name\":\"PRODUKTPR\u00c4SENTATION\",\"item\":\"https:\\\/\\\/bien-etreiris.ch\\\/de\\\/produktpraesentation\\\/\"},{\"@type\":\"ListItem\",\"position\":3,\"name\":\"NAT\u00dcRLICHE KOSMETIK\",\"item\":\"https:\\\/\\\/bien-etreiris.ch\\\/de\\\/produktpraesentation\\\/natuerliche-kosmetik\\\/\"},{\"@type\":\"ListItem\",\"position\":4,\"name\":\"GESICHT &#038; K\u00d6RPER\",\"item\":\"https:\\\/\\\/bien-etreiris.ch\\\/de\\\/produktpraesentation\\\/natuerliche-kosmetik\\\/gesicht-koerper\\\/\"},{\"@type\":\"ListItem\",\"position\":5,\"name\":\"GESICHTSPFLEGE\",\"item\":\"https:\\\/\\\/bien-etreiris.ch\\\/de\\\/produktpraesentation\\\/natuerliche-kosmetik\\\/gesicht-koerper\\\/gesichtspflege\\\/\"},{\"@type\":\"ListItem\",\"position\":6,\"name\":\"MASKEN &#038; PEELINGS\",\"item\":\"https:\\\/\\\/bien-etreiris.ch\\\/de\\\/produktpraesentation\\\/natuerliche-kosmetik\\\/gesicht-koerper\\\/gesichtspflege\\\/masken-und-peelings\\\/\"},{\"@type\":\"ListItem\",\"position\":7,\"name\":\"ALKALISCHE MASKE\"}]},{\"@type\":\"WebSite\",\"@id\":\"https:\\\/\\\/bien-etreiris.ch\\\/de\\\/#website\",\"url\":\"https:\\\/\\\/bien-etreiris.ch\\\/de\\\/\",\"name\":\"Bien-\u00eatre Iris\",\"description\":\"IHRE Gesundheit ist uns wichtig\",\"potentialAction\":[{\"@type\":\"SearchAction\",\"target\":{\"@type\":\"EntryPoint\",\"urlTemplate\":\"https:\\\/\\\/bien-etreiris.ch\\\/de\\\/?s={search_term_string}\"},\"query-input\":{\"@type\":\"PropertyValueSpecification\",\"valueRequired\":true,\"valueName\":\"search_term_string\"}}],\"inLanguage\":\"de\"}]}<\/script>\n<!-- \/ Yoast SEO plugin. -->","yoast_head_json":{"title":"ALKALISCHE MASKE - WOHLBEFINDEN","robots":{"index":"index","follow":"follow","max-snippet":"max-snippet:-1","max-image-preview":"max-image-preview:large","max-video-preview":"max-video-preview:-1"},"canonical":"https:\/\/bien-etreiris.ch\/de\/produktpraesentation\/natuerliche-kosmetik\/gesicht-koerper\/gesichtspflege\/masken-und-peelings\/alkalische-maske\/","og_locale":"de_DE","og_type":"article","og_title":"ALKALISCHE MASKE - WOHLBEFINDEN","og_description":"Alkalische Maske &nbsp; Anwendung der alkalischen Vliesmaske L\u00f6sen Sie eine Messerspitze AlcaBain in 30 bis 40 ml warmem Wasser auf und tr\u00e4nken Sie die Maske in der L\u00f6sung. Wenn die Maske gut getr\u00e4nkt ist, nehmen Sie sie heraus und lassen sie etwas abtropfen. Anschlie\u00dfend tragen Sie die Maske auf das gereinigte Gesicht auf und lassen sie 20 Minuten einwirken. Befeuchten&nbsp;Weiter lesen","og_url":"https:\/\/bien-etreiris.ch\/de\/produktpraesentation\/natuerliche-kosmetik\/gesicht-koerper\/gesichtspflege\/masken-und-peelings\/alkalische-maske\/","og_site_name":"WOHLBEFINDEN","article_publisher":"https:\/\/www.facebook.com\/bienetreiris\/","article_modified_time":"2021-07-11T23:08:38+00:00","og_image":[{"width":500,"height":263,"url":"https:\/\/bien-etreiris.ch\/wp-content\/uploads\/2021\/06\/acceuil-masque.jpg","type":"image\/jpeg"}],"twitter_misc":{"Gesch\u00e4tzte Lesezeit":"1\u00a0Minute"},"schema":{"@context":"https:\/\/schema.org","@graph":[{"@type":"WebPage","@id":"https:\/\/bien-etreiris.ch\/de\/produktpraesentation\/natuerliche-kosmetik\/gesicht-koerper\/gesichtspflege\/masken-und-peelings\/alkalische-maske\/","url":"https:\/\/bien-etreiris.ch\/de\/produktpraesentation\/natuerliche-kosmetik\/gesicht-koerper\/gesichtspflege\/masken-und-peelings\/alkalische-maske\/","name":"ALKALISCHE MASKE - WOHLBEFINDEN","isPartOf":{"@id":"https:\/\/bien-etreiris.ch\/de\/#website"},"primaryImageOfPage":{"@id":"https:\/\/bien-etreiris.ch\/de\/produktpraesentation\/natuerliche-kosmetik\/gesicht-koerper\/gesichtspflege\/masken-und-peelings\/alkalische-maske\/#primaryimage"},"image":{"@id":"https:\/\/bien-etreiris.ch\/de\/produktpraesentation\/natuerliche-kosmetik\/gesicht-koerper\/gesichtspflege\/masken-und-peelings\/alkalische-maske\/#primaryimage"},"thumbnailUrl":"https:\/\/bien-etreiris.ch\/wp-content\/uploads\/2021\/06\/acceuil-masque.jpg","datePublished":"2021-06-02T11:17:27+00:00","dateModified":"2021-07-11T23:08:38+00:00","breadcrumb":{"@id":"https:\/\/bien-etreiris.ch\/de\/produktpraesentation\/natuerliche-kosmetik\/gesicht-koerper\/gesichtspflege\/masken-und-peelings\/alkalische-maske\/#breadcrumb"},"inLanguage":"de","potentialAction":[{"@type":"ReadAction","target":["https:\/\/bien-etreiris.ch\/de\/produktpraesentation\/natuerliche-kosmetik\/gesicht-koerper\/gesichtspflege\/masken-und-peelings\/alkalische-maske\/"]}]},{"@type":"ImageObject","inLanguage":"de","@id":"https:\/\/bien-etreiris.ch\/de\/produktpraesentation\/natuerliche-kosmetik\/gesicht-koerper\/gesichtspflege\/masken-und-peelings\/alkalische-maske\/#primaryimage","url":"https:\/\/bien-etreiris.ch\/wp-content\/uploads\/2021\/06\/acceuil-masque.jpg","contentUrl":"https:\/\/bien-etreiris.ch\/wp-content\/uploads\/2021\/06\/acceuil-masque.jpg","width":500,"height":263},{"@type":"BreadcrumbList","@id":"https:\/\/bien-etreiris.ch\/de\/produktpraesentation\/natuerliche-kosmetik\/gesicht-koerper\/gesichtspflege\/masken-und-peelings\/alkalische-maske\/#breadcrumb","itemListElement":[{"@type":"ListItem","position":1,"name":"Home","item":"https:\/\/bien-etreiris.ch\/de\/"},{"@type":"ListItem","position":2,"name":"PRODUKTPR\u00c4SENTATION","item":"https:\/\/bien-etreiris.ch\/de\/produktpraesentation\/"},{"@type":"ListItem","position":3,"name":"NAT\u00dcRLICHE KOSMETIK","item":"https:\/\/bien-etreiris.ch\/de\/produktpraesentation\/natuerliche-kosmetik\/"},{"@type":"ListItem","position":4,"name":"GESICHT &#038; K\u00d6RPER","item":"https:\/\/bien-etreiris.ch\/de\/produktpraesentation\/natuerliche-kosmetik\/gesicht-koerper\/"},{"@type":"ListItem","position":5,"name":"GESICHTSPFLEGE","item":"https:\/\/bien-etreiris.ch\/de\/produktpraesentation\/natuerliche-kosmetik\/gesicht-koerper\/gesichtspflege\/"},{"@type":"ListItem","position":6,"name":"MASKEN &#038; PEELINGS","item":"https:\/\/bien-etreiris.ch\/de\/produktpraesentation\/natuerliche-kosmetik\/gesicht-koerper\/gesichtspflege\/masken-und-peelings\/"},{"@type":"ListItem","position":7,"name":"ALKALISCHE MASKE"}]},{"@type":"WebSite","@id":"https:\/\/bien-etreiris.ch\/de\/#website","url":"https:\/\/bien-etreiris.ch\/de\/","name":"Bien-\u00eatre Iris","description":"IHRE Gesundheit ist uns wichtig","potentialAction":[{"@type":"SearchAction","target":{"@type":"EntryPoint","urlTemplate":"https:\/\/bien-etreiris.ch\/de\/?s={search_term_string}"},"query-input":{"@type":"PropertyValueSpecification","valueRequired":true,"valueName":"search_term_string"}}],"inLanguage":"de"}]}},"_links":{"self":[{"href":"https:\/\/bien-etreiris.ch\/de\/wp-json\/wp\/v2\/pages\/48932","targetHints":{"allow":["GET"]}}],"collection":[{"href":"https:\/\/bien-etreiris.ch\/de\/wp-json\/wp\/v2\/pages"}],"about":[{"href":"https:\/\/bien-etreiris.ch\/de\/wp-json\/wp\/v2\/types\/page"}],"author":[{"embeddable":true,"href":"https:\/\/bien-etreiris.ch\/de\/wp-json\/wp\/v2\/users\/1"}],"replies":[{"embeddable":true,"href":"https:\/\/bien-etreiris.ch\/de\/wp-json\/wp\/v2\/comments?post=48932"}],"version-history":[{"count":4,"href":"https:\/\/bien-etreiris.ch\/de\/wp-json\/wp\/v2\/pages\/48932\/revisions"}],"predecessor-version":[{"id":51914,"href":"https:\/\/bien-etreiris.ch\/de\/wp-json\/wp\/v2\/pages\/48932\/revisions\/51914"}],"up":[{"embeddable":true,"href":"https:\/\/bien-etreiris.ch\/de\/wp-json\/wp\/v2\/pages\/44114"}],"wp:featuredmedia":[{"embeddable":true,"href":"https:\/\/bien-etreiris.ch\/de\/wp-json\/wp\/v2\/media\/48930"}],"wp:attachment":[{"href":"https:\/\/bien-etreiris.ch\/de\/wp-json\/wp\/v2\/media?parent=48932"}],"curies":[{"name":"wp","href":"https:\/\/api.w.org\/{rel}","templated":true}]}}