{"id":48888,"date":"2021-06-02T12:48:33","date_gmt":"2021-06-02T10:48:33","guid":{"rendered":"https:\/\/bien-etreiris.ch\/?page_id=48888"},"modified":"2022-09-24T04:32:52","modified_gmt":"2022-09-24T02:32:52","slug":"fusspflege","status":"publish","type":"page","link":"https:\/\/bien-etreiris.ch\/de\/produktpraesentation\/natuerliche-kosmetik\/gesicht-koerper\/fusspflege\/","title":{"rendered":"FUSSPFLEGE"},"content":{"rendered":"\n<h2>Fusspflege<\/h2>\n<h2>Kartoffelbalsam f\u00fcr&nbsp; H\u00e4nde &amp; F\u00fcsse<\/h2>\n<div class=\"part BlocText open\">\n<h4 class=\"default-title \"><a href=\"https:\/\/bien-etreiris.ch\/wp-content\/uploads\/2021\/05\/baume-pour-le-main.png\"><img loading=\"lazy\" decoding=\"async\" class=\"alignleft wp-image-45758\" src=\"https:\/\/bien-etreiris.ch\/wp-content\/uploads\/2021\/05\/baume-pour-le-main.png\" alt=\"\" width=\"250\" height=\"382\"><\/a><\/h4>\n<\/div>\n<p>&nbsp;<\/p>\n<p>&nbsp;<\/p>\n<p>&nbsp;<\/p>\n<p>&nbsp;<\/p>\n<p>&nbsp; 30 ml <strong>CHF 7.00<br><\/strong><\/p>\n<p>&nbsp; 50 ml <strong>CHF 11.50<br><\/strong><\/p>\n<p>150 ml <strong>CHF 25.00<br><\/strong><\/p>\n<div class=\"part BlocText open\">\n<h4>&nbsp;<\/h4>\n<h4>&nbsp;<\/h4>\n<h4>&nbsp;<\/h4>\n<h4>&nbsp;<\/h4>\n<p>&nbsp;<\/p>\n<p>Allgemeine Informationen<\/p>\n<p>Kartoffelbalsam beugt harter, rissiger, trockener und rauer Haut vor, macht sie weich und geschmeidig. Die ideale t\u00e4gliche Pflege f\u00fcr H\u00e4nde, F\u00fc\u00dfe und die Haut im Allgemeinen.<\/p>\n<p>Die Vorteile in K\u00fcrze<\/p>\n<ul>\n<li>100% nat\u00fcrlich<\/li>\n<li>keine synthetischen Stoffe, Vaseline, Paraffin<\/li>\n<li>keine synthetischen Duft- und Konservierungsstoffe<\/li>\n<li>einzigartige Kombination aus Aromatherapie, Sch\u00fcssler-Salzen und Hautpflege<\/li>\n<li>&nbsp;sehr ergiebig zieht schnell in die Haut ein<\/li>\n<li>fettet nicht<\/li>\n<li>sehr gut vertr\u00e4glich<\/li>\n<li>keine Reizungen oder Allergien<\/li>\n<li>macht die Haut langfristig geschmeidig und widerstandsf\u00e4hig<\/li>\n<\/ul>\n<p>&nbsp;<\/p>\n<h4><br>Inhaltsstoffe<\/h4>\n<p>Aqua, Solanum Tuberosum Pulp Extract, Cetearyl Alcohol, Dicaprylyl Ether, Glycerin, Glyceryl<br>Stearate, Alcohol, Prunus Amygdalus Dulcis Oil, Simmondsia Chinensis Seed Oil, Xanthan<br>Gum, Kaliumsorbat, Sodium Anisate, Sodium Levulinate, Cetearyl Glucoside,<br>Cymbopogon Martini Oil, Lavandula Angustifolia Oil, Cetyl Palmitate, Cocoglyceride, Sodium<br>Cetearyl Sulfate, Geraniol, Citric Acid, Boswellia Carterii Gum Extract, Lactic Acid, Linalool,<br>Tocopherol, Caprylic\/Capric Triglyceride, Limonene, Ascorbyl Palmitate, Foeniculum Vulgare.<br>Fruit Extract, Farnesol, Ascorbic Acid, Citral, Disodium Phosphate, Potassium Phosphate.<\/p>\n<\/div>\n","protected":false},"excerpt":{"rendered":"<p>Fusspflege Kartoffelbalsam f\u00fcr&nbsp; H\u00e4nde &amp; F\u00fcsse &nbsp; &nbsp; &nbsp; &nbsp; &nbsp; 30 ml CHF 7.00 &nbsp; 50 ml CHF 11.50 150 ml CHF 25.00 &nbsp; &nbsp; &nbsp; &nbsp; &nbsp; Allgemeine Informationen Kartoffelbalsam beugt harter, rissiger, trockener und rauer Haut vor, macht sie weich und geschmeidig. Die ideale t\u00e4gliche Pflege f\u00fcr H\u00e4nde, F\u00fc\u00dfe und die Haut im Allgemeinen. Die Vorteile in&nbsp;<a href=\"https:\/\/bien-etreiris.ch\/de\/produktpraesentation\/natuerliche-kosmetik\/gesicht-koerper\/fusspflege\/\" class=\"read-more\">Weiter lesen<\/a><\/p>\n","protected":false},"author":1,"featured_media":48885,"parent":42505,"menu_order":5348,"comment_status":"closed","ping_status":"closed","template":"page-with-child.php","meta":{"_acf_changed":false,"ngg_post_thumbnail":0,"footnotes":""},"class_list":["post-48888","page","type-page","status-publish","has-post-thumbnail","hentry"],"acf":[],"yoast_head":"<!-- This site is optimized with the Yoast SEO plugin v27.5 - https:\/\/yoast.com\/product\/yoast-seo-wordpress\/ -->\n<title>FUSSPFLEGE - WOHLBEFINDEN<\/title>\n<meta name=\"robots\" content=\"index, follow, max-snippet:-1, max-image-preview:large, max-video-preview:-1\" \/>\n<link rel=\"canonical\" href=\"https:\/\/bien-etreiris.ch\/de\/produktpraesentation\/natuerliche-kosmetik\/gesicht-koerper\/fusspflege\/\" \/>\n<meta property=\"og:locale\" content=\"de_DE\" \/>\n<meta property=\"og:type\" content=\"article\" \/>\n<meta property=\"og:title\" content=\"FUSSPFLEGE - WOHLBEFINDEN\" \/>\n<meta property=\"og:description\" content=\"Fusspflege Kartoffelbalsam f\u00fcr&nbsp; H\u00e4nde &amp; F\u00fcsse &nbsp; &nbsp; &nbsp; &nbsp; &nbsp; 30 ml CHF 7.00 &nbsp; 50 ml CHF 11.50 150 ml CHF 25.00 &nbsp; &nbsp; &nbsp; &nbsp; &nbsp; Allgemeine Informationen Kartoffelbalsam beugt harter, rissiger, trockener und rauer Haut vor, macht sie weich und geschmeidig. Die ideale t\u00e4gliche Pflege f\u00fcr H\u00e4nde, F\u00fc\u00dfe und die Haut im Allgemeinen. Die Vorteile in&nbsp;Weiter lesen\" \/>\n<meta property=\"og:url\" content=\"https:\/\/bien-etreiris.ch\/de\/produktpraesentation\/natuerliche-kosmetik\/gesicht-koerper\/fusspflege\/\" \/>\n<meta property=\"og:site_name\" content=\"WOHLBEFINDEN\" \/>\n<meta property=\"article:publisher\" content=\"https:\/\/www.facebook.com\/bienetreiris\/\" \/>\n<meta property=\"article:modified_time\" content=\"2022-09-24T02:32:52+00:00\" \/>\n<meta property=\"og:image\" content=\"https:\/\/bien-etreiris.ch\/wp-content\/uploads\/2021\/06\/Acceuil-pieds.jpg\" \/>\n\t<meta property=\"og:image:width\" content=\"500\" \/>\n\t<meta property=\"og:image:height\" content=\"333\" \/>\n\t<meta property=\"og:image:type\" content=\"image\/jpeg\" \/>\n<meta name=\"twitter:label1\" content=\"Gesch\u00e4tzte Lesezeit\" \/>\n\t<meta name=\"twitter:data1\" content=\"2\u00a0Minuten\" \/>\n<script type=\"application\/ld+json\" class=\"yoast-schema-graph\">{\"@context\":\"https:\\\/\\\/schema.org\",\"@graph\":[{\"@type\":\"WebPage\",\"@id\":\"https:\\\/\\\/bien-etreiris.ch\\\/de\\\/produktpraesentation\\\/natuerliche-kosmetik\\\/gesicht-koerper\\\/fusspflege\\\/\",\"url\":\"https:\\\/\\\/bien-etreiris.ch\\\/de\\\/produktpraesentation\\\/natuerliche-kosmetik\\\/gesicht-koerper\\\/fusspflege\\\/\",\"name\":\"FUSSPFLEGE - WOHLBEFINDEN\",\"isPartOf\":{\"@id\":\"https:\\\/\\\/bien-etreiris.ch\\\/de\\\/#website\"},\"primaryImageOfPage\":{\"@id\":\"https:\\\/\\\/bien-etreiris.ch\\\/de\\\/produktpraesentation\\\/natuerliche-kosmetik\\\/gesicht-koerper\\\/fusspflege\\\/#primaryimage\"},\"image\":{\"@id\":\"https:\\\/\\\/bien-etreiris.ch\\\/de\\\/produktpraesentation\\\/natuerliche-kosmetik\\\/gesicht-koerper\\\/fusspflege\\\/#primaryimage\"},\"thumbnailUrl\":\"https:\\\/\\\/bien-etreiris.ch\\\/wp-content\\\/uploads\\\/2021\\\/06\\\/Acceuil-pieds.jpg\",\"datePublished\":\"2021-06-02T10:48:33+00:00\",\"dateModified\":\"2022-09-24T02:32:52+00:00\",\"breadcrumb\":{\"@id\":\"https:\\\/\\\/bien-etreiris.ch\\\/de\\\/produktpraesentation\\\/natuerliche-kosmetik\\\/gesicht-koerper\\\/fusspflege\\\/#breadcrumb\"},\"inLanguage\":\"de\",\"potentialAction\":[{\"@type\":\"ReadAction\",\"target\":[\"https:\\\/\\\/bien-etreiris.ch\\\/de\\\/produktpraesentation\\\/natuerliche-kosmetik\\\/gesicht-koerper\\\/fusspflege\\\/\"]}]},{\"@type\":\"ImageObject\",\"inLanguage\":\"de\",\"@id\":\"https:\\\/\\\/bien-etreiris.ch\\\/de\\\/produktpraesentation\\\/natuerliche-kosmetik\\\/gesicht-koerper\\\/fusspflege\\\/#primaryimage\",\"url\":\"https:\\\/\\\/bien-etreiris.ch\\\/wp-content\\\/uploads\\\/2021\\\/06\\\/Acceuil-pieds.jpg\",\"contentUrl\":\"https:\\\/\\\/bien-etreiris.ch\\\/wp-content\\\/uploads\\\/2021\\\/06\\\/Acceuil-pieds.jpg\",\"width\":500,\"height\":333},{\"@type\":\"BreadcrumbList\",\"@id\":\"https:\\\/\\\/bien-etreiris.ch\\\/de\\\/produktpraesentation\\\/natuerliche-kosmetik\\\/gesicht-koerper\\\/fusspflege\\\/#breadcrumb\",\"itemListElement\":[{\"@type\":\"ListItem\",\"position\":1,\"name\":\"Home\",\"item\":\"https:\\\/\\\/bien-etreiris.ch\\\/de\\\/\"},{\"@type\":\"ListItem\",\"position\":2,\"name\":\"PRODUKTPR\u00c4SENTATION\",\"item\":\"https:\\\/\\\/bien-etreiris.ch\\\/de\\\/produktpraesentation\\\/\"},{\"@type\":\"ListItem\",\"position\":3,\"name\":\"NAT\u00dcRLICHE KOSMETIK\",\"item\":\"https:\\\/\\\/bien-etreiris.ch\\\/de\\\/produktpraesentation\\\/natuerliche-kosmetik\\\/\"},{\"@type\":\"ListItem\",\"position\":4,\"name\":\"GESICHT &#038; K\u00d6RPER\",\"item\":\"https:\\\/\\\/bien-etreiris.ch\\\/de\\\/produktpraesentation\\\/natuerliche-kosmetik\\\/gesicht-koerper\\\/\"},{\"@type\":\"ListItem\",\"position\":5,\"name\":\"FUSSPFLEGE\"}]},{\"@type\":\"WebSite\",\"@id\":\"https:\\\/\\\/bien-etreiris.ch\\\/de\\\/#website\",\"url\":\"https:\\\/\\\/bien-etreiris.ch\\\/de\\\/\",\"name\":\"Bien-\u00eatre Iris\",\"description\":\"IHRE Gesundheit ist uns wichtig\",\"potentialAction\":[{\"@type\":\"SearchAction\",\"target\":{\"@type\":\"EntryPoint\",\"urlTemplate\":\"https:\\\/\\\/bien-etreiris.ch\\\/de\\\/?s={search_term_string}\"},\"query-input\":{\"@type\":\"PropertyValueSpecification\",\"valueRequired\":true,\"valueName\":\"search_term_string\"}}],\"inLanguage\":\"de\"}]}<\/script>\n<!-- \/ Yoast SEO plugin. -->","yoast_head_json":{"title":"FUSSPFLEGE - WOHLBEFINDEN","robots":{"index":"index","follow":"follow","max-snippet":"max-snippet:-1","max-image-preview":"max-image-preview:large","max-video-preview":"max-video-preview:-1"},"canonical":"https:\/\/bien-etreiris.ch\/de\/produktpraesentation\/natuerliche-kosmetik\/gesicht-koerper\/fusspflege\/","og_locale":"de_DE","og_type":"article","og_title":"FUSSPFLEGE - WOHLBEFINDEN","og_description":"Fusspflege Kartoffelbalsam f\u00fcr&nbsp; H\u00e4nde &amp; F\u00fcsse &nbsp; &nbsp; &nbsp; &nbsp; &nbsp; 30 ml CHF 7.00 &nbsp; 50 ml CHF 11.50 150 ml CHF 25.00 &nbsp; &nbsp; &nbsp; &nbsp; &nbsp; Allgemeine Informationen Kartoffelbalsam beugt harter, rissiger, trockener und rauer Haut vor, macht sie weich und geschmeidig. Die ideale t\u00e4gliche Pflege f\u00fcr H\u00e4nde, F\u00fc\u00dfe und die Haut im Allgemeinen. Die Vorteile in&nbsp;Weiter lesen","og_url":"https:\/\/bien-etreiris.ch\/de\/produktpraesentation\/natuerliche-kosmetik\/gesicht-koerper\/fusspflege\/","og_site_name":"WOHLBEFINDEN","article_publisher":"https:\/\/www.facebook.com\/bienetreiris\/","article_modified_time":"2022-09-24T02:32:52+00:00","og_image":[{"width":500,"height":333,"url":"https:\/\/bien-etreiris.ch\/wp-content\/uploads\/2021\/06\/Acceuil-pieds.jpg","type":"image\/jpeg"}],"twitter_misc":{"Gesch\u00e4tzte Lesezeit":"2\u00a0Minuten"},"schema":{"@context":"https:\/\/schema.org","@graph":[{"@type":"WebPage","@id":"https:\/\/bien-etreiris.ch\/de\/produktpraesentation\/natuerliche-kosmetik\/gesicht-koerper\/fusspflege\/","url":"https:\/\/bien-etreiris.ch\/de\/produktpraesentation\/natuerliche-kosmetik\/gesicht-koerper\/fusspflege\/","name":"FUSSPFLEGE - WOHLBEFINDEN","isPartOf":{"@id":"https:\/\/bien-etreiris.ch\/de\/#website"},"primaryImageOfPage":{"@id":"https:\/\/bien-etreiris.ch\/de\/produktpraesentation\/natuerliche-kosmetik\/gesicht-koerper\/fusspflege\/#primaryimage"},"image":{"@id":"https:\/\/bien-etreiris.ch\/de\/produktpraesentation\/natuerliche-kosmetik\/gesicht-koerper\/fusspflege\/#primaryimage"},"thumbnailUrl":"https:\/\/bien-etreiris.ch\/wp-content\/uploads\/2021\/06\/Acceuil-pieds.jpg","datePublished":"2021-06-02T10:48:33+00:00","dateModified":"2022-09-24T02:32:52+00:00","breadcrumb":{"@id":"https:\/\/bien-etreiris.ch\/de\/produktpraesentation\/natuerliche-kosmetik\/gesicht-koerper\/fusspflege\/#breadcrumb"},"inLanguage":"de","potentialAction":[{"@type":"ReadAction","target":["https:\/\/bien-etreiris.ch\/de\/produktpraesentation\/natuerliche-kosmetik\/gesicht-koerper\/fusspflege\/"]}]},{"@type":"ImageObject","inLanguage":"de","@id":"https:\/\/bien-etreiris.ch\/de\/produktpraesentation\/natuerliche-kosmetik\/gesicht-koerper\/fusspflege\/#primaryimage","url":"https:\/\/bien-etreiris.ch\/wp-content\/uploads\/2021\/06\/Acceuil-pieds.jpg","contentUrl":"https:\/\/bien-etreiris.ch\/wp-content\/uploads\/2021\/06\/Acceuil-pieds.jpg","width":500,"height":333},{"@type":"BreadcrumbList","@id":"https:\/\/bien-etreiris.ch\/de\/produktpraesentation\/natuerliche-kosmetik\/gesicht-koerper\/fusspflege\/#breadcrumb","itemListElement":[{"@type":"ListItem","position":1,"name":"Home","item":"https:\/\/bien-etreiris.ch\/de\/"},{"@type":"ListItem","position":2,"name":"PRODUKTPR\u00c4SENTATION","item":"https:\/\/bien-etreiris.ch\/de\/produktpraesentation\/"},{"@type":"ListItem","position":3,"name":"NAT\u00dcRLICHE KOSMETIK","item":"https:\/\/bien-etreiris.ch\/de\/produktpraesentation\/natuerliche-kosmetik\/"},{"@type":"ListItem","position":4,"name":"GESICHT &#038; K\u00d6RPER","item":"https:\/\/bien-etreiris.ch\/de\/produktpraesentation\/natuerliche-kosmetik\/gesicht-koerper\/"},{"@type":"ListItem","position":5,"name":"FUSSPFLEGE"}]},{"@type":"WebSite","@id":"https:\/\/bien-etreiris.ch\/de\/#website","url":"https:\/\/bien-etreiris.ch\/de\/","name":"Bien-\u00eatre Iris","description":"IHRE Gesundheit ist uns wichtig","potentialAction":[{"@type":"SearchAction","target":{"@type":"EntryPoint","urlTemplate":"https:\/\/bien-etreiris.ch\/de\/?s={search_term_string}"},"query-input":{"@type":"PropertyValueSpecification","valueRequired":true,"valueName":"search_term_string"}}],"inLanguage":"de"}]}},"_links":{"self":[{"href":"https:\/\/bien-etreiris.ch\/de\/wp-json\/wp\/v2\/pages\/48888","targetHints":{"allow":["GET"]}}],"collection":[{"href":"https:\/\/bien-etreiris.ch\/de\/wp-json\/wp\/v2\/pages"}],"about":[{"href":"https:\/\/bien-etreiris.ch\/de\/wp-json\/wp\/v2\/types\/page"}],"author":[{"embeddable":true,"href":"https:\/\/bien-etreiris.ch\/de\/wp-json\/wp\/v2\/users\/1"}],"replies":[{"embeddable":true,"href":"https:\/\/bien-etreiris.ch\/de\/wp-json\/wp\/v2\/comments?post=48888"}],"version-history":[{"count":4,"href":"https:\/\/bien-etreiris.ch\/de\/wp-json\/wp\/v2\/pages\/48888\/revisions"}],"predecessor-version":[{"id":60315,"href":"https:\/\/bien-etreiris.ch\/de\/wp-json\/wp\/v2\/pages\/48888\/revisions\/60315"}],"up":[{"embeddable":true,"href":"https:\/\/bien-etreiris.ch\/de\/wp-json\/wp\/v2\/pages\/42505"}],"wp:featuredmedia":[{"embeddable":true,"href":"https:\/\/bien-etreiris.ch\/de\/wp-json\/wp\/v2\/media\/48885"}],"wp:attachment":[{"href":"https:\/\/bien-etreiris.ch\/de\/wp-json\/wp\/v2\/media?parent=48888"}],"curies":[{"name":"wp","href":"https:\/\/api.w.org\/{rel}","templated":true}]}}