{"id":48863,"date":"2021-06-02T12:21:33","date_gmt":"2021-06-02T10:21:33","guid":{"rendered":"https:\/\/bien-etreiris.ch\/?page_id=48863"},"modified":"2022-10-09T20:38:22","modified_gmt":"2022-10-09T18:38:22","slug":"inhalator-macholdt","status":"publish","type":"page","link":"https:\/\/bien-etreiris.ch\/de\/produktpraesentation\/aromatherapie\/inhalationssysteme\/inhalator-macholdt\/","title":{"rendered":"INHALATOR MACHOLDT"},"content":{"rendered":"\n<div id=\"block-5083de30-cd60-4cdc-8e5a-3ecf15cac4d9\" class=\"block-editor-block-list__block wp-block\" tabindex=\"0\" role=\"document\" aria-label=\"Block: Klassischer Absatz\" data-block=\"5083de30-cd60-4cdc-8e5a-3ecf15cac4d9\" data-type=\"tadv\/classic-paragraph\" data-title=\"Klassischer Absatz\">\n<div id=\"block-5083de30-cd60-4cdc-8e5a-3ecf15cac4d9\" class=\"block-editor-block-list__block wp-block\" tabindex=\"0\" role=\"document\" aria-label=\"Block: Klassischer Absatz\" data-block=\"5083de30-cd60-4cdc-8e5a-3ecf15cac4d9\" data-type=\"tadv\/classic-paragraph\" data-title=\"Klassischer Absatz\">\n<div id=\"editor-5083de30-cd60-4cdc-8e5a-3ecf15cac4d9\" class=\"wp-block-freeform block-library-rich-text__tinymce tma-classic-paragraph mce-content-body html5-captions mce-edit-focus\" contenteditable=\"true\">\n<h2 id=\"block-8dd03e71-2e52-4923-b6eb-c5d381150a02\" class=\"block-editor-rich-text__editable block-editor-block-list__block wp-block is-selected rich-text\" tabindex=\"0\" role=\"group\" aria-multiline=\"true\" aria-label=\"Block: Heading\" data-block=\"8dd03e71-2e52-4923-b6eb-c5d381150a02\" data-type=\"core\/heading\" data-title=\"Heading\">MACHOLDT Inhalator die einzigartige Methode der direkten Inhalation<\/h2>\n<p><a href=\"https:\/\/decoiris.ch\/wp-content\/uploads\/2021\/03\/Ihalator-Macholdt.png\"><img loading=\"lazy\" decoding=\"async\" class=\"size-medium wp-image-39483 alignleft\" src=\"https:\/\/decoiris.ch\/wp-content\/uploads\/2021\/03\/Ihalator-Macholdt-300x300.png\" sizes=\"auto, (max-width: 300px) 100vw, 300px\" srcset=\"https:\/\/bien-etreiris.ch\/wp-content\/uploads\/2021\/03\/Ihalator-Macholdt-300x300.png 300w, https:\/\/bien-etreiris.ch\/wp-content\/uploads\/2021\/03\/Ihalator-Macholdt-150x150.png 150w, https:\/\/bien-etreiris.ch\/wp-content\/uploads\/2021\/03\/Ihalator-Macholdt-768x768.png 768w, https:\/\/bien-etreiris.ch\/wp-content\/uploads\/2021\/03\/Ihalator-Macholdt.png 800w\" alt=\"\" width=\"300\" height=\"300\"><\/a><\/p>\n<p>&nbsp;<\/p>\n<p>&nbsp;<\/p>\n<p>&nbsp;<\/p>\n<p>In Anlehnung an die traditionelle Kunst des Glasblasens wird jeder alternative Macholdt-Inhalator von Hand gefertigt und individuell hergestellt, sodass jedes Exemplar ein Unikat ist.<\/p>\n<p>1 St\u00fcck <strong>CHF 40.00<\/strong><\/p>\n<p>&nbsp;<\/p>\n<p>&nbsp;<\/p>\n<table>\n<tbody>\n<tr>\n<th class=\"col label\" scope=\"row\">Allgemein<\/th>\n<td class=\"col data\" data-th=\"Inhalt\">Zur Prophylaxe und zur Therapie bei zahlreichen Erkrankungen der oberen Luftwege ist der Macholdt Aktiv-Inhalator bei seinen Anwendern l\u00e4ngst ein unentbehrlicher Helfer. Auch Personen mit hoher stimmlicher Belastung, wie zum Beispiel Redner oder S\u00e4nger, k\u00f6nnen diese Inhalationsmethode vorteilhaft nutzen.&nbsp;Die einzigartige Methode direkter Inhalation mit \u00e4therischen \u00d6len. In Bewahrung traditioneller Glasbl\u00e4serkunst ist jeder Macholdt Alternativ-Inhalator handgearbeitet und individuell gefertigt. Dieser Inhalator darf in keiner Haushaltung fehlen.<\/td>\n<\/tr>\n<tr>\n<th class=\"col label\" scope=\"row\">Anwendung<\/th>\n<td class=\"col data\" data-th=\"Duftprofil\">Der Macholdt Alternativ-Inhalator wird durch die obere trichterf\u00f6rmige \u00d6ffnung so mit Inhalationsfl\u00fcssigkeit gef\u00fcllt, dass das innere Kapillarr\u00f6hrchen in diese Fl\u00fcssigkeit eintaucht, ca.10-15Tropfen. Am Mundst\u00fcck wird nun ein- und durch die Nase wieder ausgeatmet. Durch diesen Vorgang wird die Luft in das Ger\u00e4t eingesaugt, die Fl\u00fcssigkeit verwirbelt, und der Wirkstoff gelangt als Aerosol in die Mundh\u00f6hle und von dort in die Atemwege.<\/td>\n<\/tr>\n<tr>\n<th class=\"col label\" scope=\"row\">Vorteile<\/th>\n<td class=\"col data\" data-th=\"Duftprofil\">\u2022 vernebelt Inhalier-Fl\u00fcssigkeiten ohne D\u00fcsen oder Gebl\u00e4se<br>\u2022 ist individuell anwendbar <br>\u2022 in wenigen Augenblicken gebrauchsfertig <br>\u2022 einfach zu bedienen <br>\u2022 universell einsetzbar<\/td>\n<\/tr>\n<\/tbody>\n<\/table>\n<\/div>\n<\/div>\n<\/div>\n<div id=\"block-7a4917ea-35fc-4963-b6de-19dfc3bd827a\" class=\"block-editor-block-list__block wp-block\" tabindex=\"0\" role=\"document\" aria-label=\"Block: Klassischer Absatz\" data-block=\"7a4917ea-35fc-4963-b6de-19dfc3bd827a\" data-type=\"tadv\/classic-paragraph\" data-title=\"Klassischer Absatz\">\n<div id=\"block-7a4917ea-35fc-4963-b6de-19dfc3bd827a\" class=\"block-editor-block-list__block wp-block\" tabindex=\"0\" role=\"document\" aria-label=\"Block: Klassischer Absatz\" data-block=\"7a4917ea-35fc-4963-b6de-19dfc3bd827a\" data-type=\"tadv\/classic-paragraph\" data-title=\"Klassischer Absatz\">\n<div id=\"toolbar-7a4917ea-35fc-4963-b6de-19dfc3bd827a\" class=\"block-library-classic__toolbar tma-classic-paragraph__toolbar has-advanced-toolbar\" data-placeholder=\"Klassischer Absatz\">\n<div id=\"mceu_228\" class=\"mce-menu-item mce-menu-item-normal mce-stack-layout-item mce-disabled\" tabindex=\"-1\" role=\"menuitem\" aria-disabled=\"true\">\n<div id=\"mceu_228-body\" class=\"mce-container-body mce-abs-layout\">\n<div id=\"mceu_228-absend\" class=\"mce-abs-end\">&nbsp;<\/div>\n<div id=\"mceu_229\" class=\"mce-menu-item mce-menu-item-normal mce-stack-layout-item mce-last mce-disabled\" role=\"menuitem\" aria-disabled=\"true\">\n<div id=\"mceu_229-body\" class=\"mce-container-body mce-flow-layout\">&nbsp;<\/div>\n<\/div>\n<\/div>\n<\/div>\n<\/div>\n<div id=\"editor-7a4917ea-35fc-4963-b6de-19dfc3bd827a\" class=\"wp-block-freeform block-library-rich-text__tinymce tma-classic-paragraph mce-content-body html5-captions\" contenteditable=\"true\">\n<p>&nbsp;<\/p>\n<\/div>\n<\/div>\n<\/div>\n<div class=\"block-list-appender wp-block\" tabindex=\"-1\" data-block=\"true\" contenteditable=\"false\">\n<div class=\"block-editor-default-block-appender\" data-root-client-id=\"\">\n<p class=\"block-editor-default-block-appender__content\" tabindex=\"0\" role=\"button\" aria-label=\"Standard-Block hinzuf\u00fcgen\">&nbsp;<\/p>\n<\/div>\n<\/div>\n\n\n\n<p>&nbsp;<\/p>\n<p>&nbsp;<\/p>\n","protected":false},"excerpt":{"rendered":"<p>MACHOLDT Inhalator die einzigartige Methode der direkten Inhalation &nbsp; &nbsp; &nbsp; In Anlehnung an die traditionelle Kunst des Glasblasens wird jeder alternative Macholdt-Inhalator von Hand gefertigt und individuell hergestellt, sodass jedes Exemplar ein Unikat ist. 1 St\u00fcck CHF 40.00 &nbsp; &nbsp; Allgemein Zur Prophylaxe und zur Therapie bei zahlreichen Erkrankungen der oberen Luftwege ist der Macholdt Aktiv-Inhalator bei seinen Anwendern&nbsp;<a href=\"https:\/\/bien-etreiris.ch\/de\/produktpraesentation\/aromatherapie\/inhalationssysteme\/inhalator-macholdt\/\" class=\"read-more\">Weiter lesen<\/a><\/p>\n","protected":false},"author":1,"featured_media":48861,"parent":39479,"menu_order":5352,"comment_status":"closed","ping_status":"closed","template":"page-with-child.php","meta":{"_acf_changed":false,"ngg_post_thumbnail":0,"footnotes":""},"class_list":["post-48863","page","type-page","status-publish","has-post-thumbnail","hentry"],"acf":[],"yoast_head":"<!-- This site is optimized with the Yoast SEO plugin v27.6 - https:\/\/yoast.com\/product\/yoast-seo-wordpress\/ -->\n<title>INHALATOR MACHOLDT - WOHLBEFINDEN<\/title>\n<meta name=\"robots\" content=\"index, follow, max-snippet:-1, max-image-preview:large, max-video-preview:-1\" \/>\n<link rel=\"canonical\" href=\"https:\/\/bien-etreiris.ch\/de\/produktpraesentation\/aromatherapie\/inhalationssysteme\/inhalator-macholdt\/\" \/>\n<meta property=\"og:locale\" content=\"de_DE\" \/>\n<meta property=\"og:type\" content=\"article\" \/>\n<meta property=\"og:title\" content=\"INHALATOR MACHOLDT - WOHLBEFINDEN\" \/>\n<meta property=\"og:description\" content=\"MACHOLDT Inhalator die einzigartige Methode der direkten Inhalation &nbsp; &nbsp; &nbsp; In Anlehnung an die traditionelle Kunst des Glasblasens wird jeder alternative Macholdt-Inhalator von Hand gefertigt und individuell hergestellt, sodass jedes Exemplar ein Unikat ist. 1 St\u00fcck CHF 40.00 &nbsp; &nbsp; Allgemein Zur Prophylaxe und zur Therapie bei zahlreichen Erkrankungen der oberen Luftwege ist der Macholdt Aktiv-Inhalator bei seinen Anwendern&nbsp;Weiter lesen\" \/>\n<meta property=\"og:url\" content=\"https:\/\/bien-etreiris.ch\/de\/produktpraesentation\/aromatherapie\/inhalationssysteme\/inhalator-macholdt\/\" \/>\n<meta property=\"og:site_name\" content=\"WOHLBEFINDEN\" \/>\n<meta property=\"article:publisher\" content=\"https:\/\/www.facebook.com\/bienetreiris\/\" \/>\n<meta property=\"article:modified_time\" content=\"2022-10-09T18:38:22+00:00\" \/>\n<meta property=\"og:image\" content=\"https:\/\/bien-etreiris.ch\/wp-content\/uploads\/2021\/06\/acceuil-Macholdt.png\" \/>\n\t<meta property=\"og:image:width\" content=\"500\" \/>\n\t<meta property=\"og:image:height\" content=\"302\" \/>\n\t<meta property=\"og:image:type\" content=\"image\/png\" \/>\n<meta name=\"twitter:label1\" content=\"Gesch\u00e4tzte Lesezeit\" \/>\n\t<meta name=\"twitter:data1\" content=\"2\u00a0Minuten\" \/>\n<script type=\"application\/ld+json\" class=\"yoast-schema-graph\">{\"@context\":\"https:\\\/\\\/schema.org\",\"@graph\":[{\"@type\":\"WebPage\",\"@id\":\"https:\\\/\\\/bien-etreiris.ch\\\/de\\\/produktpraesentation\\\/aromatherapie\\\/inhalationssysteme\\\/inhalator-macholdt\\\/\",\"url\":\"https:\\\/\\\/bien-etreiris.ch\\\/de\\\/produktpraesentation\\\/aromatherapie\\\/inhalationssysteme\\\/inhalator-macholdt\\\/\",\"name\":\"INHALATOR MACHOLDT - WOHLBEFINDEN\",\"isPartOf\":{\"@id\":\"https:\\\/\\\/bien-etreiris.ch\\\/de\\\/#website\"},\"primaryImageOfPage\":{\"@id\":\"https:\\\/\\\/bien-etreiris.ch\\\/de\\\/produktpraesentation\\\/aromatherapie\\\/inhalationssysteme\\\/inhalator-macholdt\\\/#primaryimage\"},\"image\":{\"@id\":\"https:\\\/\\\/bien-etreiris.ch\\\/de\\\/produktpraesentation\\\/aromatherapie\\\/inhalationssysteme\\\/inhalator-macholdt\\\/#primaryimage\"},\"thumbnailUrl\":\"https:\\\/\\\/bien-etreiris.ch\\\/wp-content\\\/uploads\\\/2021\\\/06\\\/acceuil-Macholdt.png\",\"datePublished\":\"2021-06-02T10:21:33+00:00\",\"dateModified\":\"2022-10-09T18:38:22+00:00\",\"breadcrumb\":{\"@id\":\"https:\\\/\\\/bien-etreiris.ch\\\/de\\\/produktpraesentation\\\/aromatherapie\\\/inhalationssysteme\\\/inhalator-macholdt\\\/#breadcrumb\"},\"inLanguage\":\"de\",\"potentialAction\":[{\"@type\":\"ReadAction\",\"target\":[\"https:\\\/\\\/bien-etreiris.ch\\\/de\\\/produktpraesentation\\\/aromatherapie\\\/inhalationssysteme\\\/inhalator-macholdt\\\/\"]}]},{\"@type\":\"ImageObject\",\"inLanguage\":\"de\",\"@id\":\"https:\\\/\\\/bien-etreiris.ch\\\/de\\\/produktpraesentation\\\/aromatherapie\\\/inhalationssysteme\\\/inhalator-macholdt\\\/#primaryimage\",\"url\":\"https:\\\/\\\/bien-etreiris.ch\\\/wp-content\\\/uploads\\\/2021\\\/06\\\/acceuil-Macholdt.png\",\"contentUrl\":\"https:\\\/\\\/bien-etreiris.ch\\\/wp-content\\\/uploads\\\/2021\\\/06\\\/acceuil-Macholdt.png\",\"width\":500,\"height\":302},{\"@type\":\"BreadcrumbList\",\"@id\":\"https:\\\/\\\/bien-etreiris.ch\\\/de\\\/produktpraesentation\\\/aromatherapie\\\/inhalationssysteme\\\/inhalator-macholdt\\\/#breadcrumb\",\"itemListElement\":[{\"@type\":\"ListItem\",\"position\":1,\"name\":\"Home\",\"item\":\"https:\\\/\\\/bien-etreiris.ch\\\/de\\\/\"},{\"@type\":\"ListItem\",\"position\":2,\"name\":\"PRODUKTPR\u00c4SENTATION\",\"item\":\"https:\\\/\\\/bien-etreiris.ch\\\/de\\\/produktpraesentation\\\/\"},{\"@type\":\"ListItem\",\"position\":3,\"name\":\"AROMATHERAPIE\",\"item\":\"https:\\\/\\\/bien-etreiris.ch\\\/de\\\/produktpraesentation\\\/aromatherapie\\\/\"},{\"@type\":\"ListItem\",\"position\":4,\"name\":\"INHALATIONSSYSTEME\",\"item\":\"https:\\\/\\\/bien-etreiris.ch\\\/de\\\/produktpraesentation\\\/aromatherapie\\\/inhalationssysteme\\\/\"},{\"@type\":\"ListItem\",\"position\":5,\"name\":\"INHALATOR MACHOLDT\"}]},{\"@type\":\"WebSite\",\"@id\":\"https:\\\/\\\/bien-etreiris.ch\\\/de\\\/#website\",\"url\":\"https:\\\/\\\/bien-etreiris.ch\\\/de\\\/\",\"name\":\"Bien-\u00eatre Iris\",\"description\":\"IHRE Gesundheit ist uns wichtig\",\"potentialAction\":[{\"@type\":\"SearchAction\",\"target\":{\"@type\":\"EntryPoint\",\"urlTemplate\":\"https:\\\/\\\/bien-etreiris.ch\\\/de\\\/?s={search_term_string}\"},\"query-input\":{\"@type\":\"PropertyValueSpecification\",\"valueRequired\":true,\"valueName\":\"search_term_string\"}}],\"inLanguage\":\"de\"}]}<\/script>\n<!-- \/ Yoast SEO plugin. -->","yoast_head_json":{"title":"INHALATOR MACHOLDT - WOHLBEFINDEN","robots":{"index":"index","follow":"follow","max-snippet":"max-snippet:-1","max-image-preview":"max-image-preview:large","max-video-preview":"max-video-preview:-1"},"canonical":"https:\/\/bien-etreiris.ch\/de\/produktpraesentation\/aromatherapie\/inhalationssysteme\/inhalator-macholdt\/","og_locale":"de_DE","og_type":"article","og_title":"INHALATOR MACHOLDT - WOHLBEFINDEN","og_description":"MACHOLDT Inhalator die einzigartige Methode der direkten Inhalation &nbsp; &nbsp; &nbsp; In Anlehnung an die traditionelle Kunst des Glasblasens wird jeder alternative Macholdt-Inhalator von Hand gefertigt und individuell hergestellt, sodass jedes Exemplar ein Unikat ist. 1 St\u00fcck CHF 40.00 &nbsp; &nbsp; Allgemein Zur Prophylaxe und zur Therapie bei zahlreichen Erkrankungen der oberen Luftwege ist der Macholdt Aktiv-Inhalator bei seinen Anwendern&nbsp;Weiter lesen","og_url":"https:\/\/bien-etreiris.ch\/de\/produktpraesentation\/aromatherapie\/inhalationssysteme\/inhalator-macholdt\/","og_site_name":"WOHLBEFINDEN","article_publisher":"https:\/\/www.facebook.com\/bienetreiris\/","article_modified_time":"2022-10-09T18:38:22+00:00","og_image":[{"width":500,"height":302,"url":"https:\/\/bien-etreiris.ch\/wp-content\/uploads\/2021\/06\/acceuil-Macholdt.png","type":"image\/png"}],"twitter_misc":{"Gesch\u00e4tzte Lesezeit":"2\u00a0Minuten"},"schema":{"@context":"https:\/\/schema.org","@graph":[{"@type":"WebPage","@id":"https:\/\/bien-etreiris.ch\/de\/produktpraesentation\/aromatherapie\/inhalationssysteme\/inhalator-macholdt\/","url":"https:\/\/bien-etreiris.ch\/de\/produktpraesentation\/aromatherapie\/inhalationssysteme\/inhalator-macholdt\/","name":"INHALATOR MACHOLDT - WOHLBEFINDEN","isPartOf":{"@id":"https:\/\/bien-etreiris.ch\/de\/#website"},"primaryImageOfPage":{"@id":"https:\/\/bien-etreiris.ch\/de\/produktpraesentation\/aromatherapie\/inhalationssysteme\/inhalator-macholdt\/#primaryimage"},"image":{"@id":"https:\/\/bien-etreiris.ch\/de\/produktpraesentation\/aromatherapie\/inhalationssysteme\/inhalator-macholdt\/#primaryimage"},"thumbnailUrl":"https:\/\/bien-etreiris.ch\/wp-content\/uploads\/2021\/06\/acceuil-Macholdt.png","datePublished":"2021-06-02T10:21:33+00:00","dateModified":"2022-10-09T18:38:22+00:00","breadcrumb":{"@id":"https:\/\/bien-etreiris.ch\/de\/produktpraesentation\/aromatherapie\/inhalationssysteme\/inhalator-macholdt\/#breadcrumb"},"inLanguage":"de","potentialAction":[{"@type":"ReadAction","target":["https:\/\/bien-etreiris.ch\/de\/produktpraesentation\/aromatherapie\/inhalationssysteme\/inhalator-macholdt\/"]}]},{"@type":"ImageObject","inLanguage":"de","@id":"https:\/\/bien-etreiris.ch\/de\/produktpraesentation\/aromatherapie\/inhalationssysteme\/inhalator-macholdt\/#primaryimage","url":"https:\/\/bien-etreiris.ch\/wp-content\/uploads\/2021\/06\/acceuil-Macholdt.png","contentUrl":"https:\/\/bien-etreiris.ch\/wp-content\/uploads\/2021\/06\/acceuil-Macholdt.png","width":500,"height":302},{"@type":"BreadcrumbList","@id":"https:\/\/bien-etreiris.ch\/de\/produktpraesentation\/aromatherapie\/inhalationssysteme\/inhalator-macholdt\/#breadcrumb","itemListElement":[{"@type":"ListItem","position":1,"name":"Home","item":"https:\/\/bien-etreiris.ch\/de\/"},{"@type":"ListItem","position":2,"name":"PRODUKTPR\u00c4SENTATION","item":"https:\/\/bien-etreiris.ch\/de\/produktpraesentation\/"},{"@type":"ListItem","position":3,"name":"AROMATHERAPIE","item":"https:\/\/bien-etreiris.ch\/de\/produktpraesentation\/aromatherapie\/"},{"@type":"ListItem","position":4,"name":"INHALATIONSSYSTEME","item":"https:\/\/bien-etreiris.ch\/de\/produktpraesentation\/aromatherapie\/inhalationssysteme\/"},{"@type":"ListItem","position":5,"name":"INHALATOR MACHOLDT"}]},{"@type":"WebSite","@id":"https:\/\/bien-etreiris.ch\/de\/#website","url":"https:\/\/bien-etreiris.ch\/de\/","name":"Bien-\u00eatre Iris","description":"IHRE Gesundheit ist uns wichtig","potentialAction":[{"@type":"SearchAction","target":{"@type":"EntryPoint","urlTemplate":"https:\/\/bien-etreiris.ch\/de\/?s={search_term_string}"},"query-input":{"@type":"PropertyValueSpecification","valueRequired":true,"valueName":"search_term_string"}}],"inLanguage":"de"}]}},"_links":{"self":[{"href":"https:\/\/bien-etreiris.ch\/de\/wp-json\/wp\/v2\/pages\/48863","targetHints":{"allow":["GET"]}}],"collection":[{"href":"https:\/\/bien-etreiris.ch\/de\/wp-json\/wp\/v2\/pages"}],"about":[{"href":"https:\/\/bien-etreiris.ch\/de\/wp-json\/wp\/v2\/types\/page"}],"author":[{"embeddable":true,"href":"https:\/\/bien-etreiris.ch\/de\/wp-json\/wp\/v2\/users\/1"}],"replies":[{"embeddable":true,"href":"https:\/\/bien-etreiris.ch\/de\/wp-json\/wp\/v2\/comments?post=48863"}],"version-history":[{"count":8,"href":"https:\/\/bien-etreiris.ch\/de\/wp-json\/wp\/v2\/pages\/48863\/revisions"}],"predecessor-version":[{"id":61035,"href":"https:\/\/bien-etreiris.ch\/de\/wp-json\/wp\/v2\/pages\/48863\/revisions\/61035"}],"up":[{"embeddable":true,"href":"https:\/\/bien-etreiris.ch\/de\/wp-json\/wp\/v2\/pages\/39479"}],"wp:featuredmedia":[{"embeddable":true,"href":"https:\/\/bien-etreiris.ch\/de\/wp-json\/wp\/v2\/media\/48861"}],"wp:attachment":[{"href":"https:\/\/bien-etreiris.ch\/de\/wp-json\/wp\/v2\/media?parent=48863"}],"curies":[{"name":"wp","href":"https:\/\/api.w.org\/{rel}","templated":true}]}}