{"id":48661,"date":"2020-09-17T05:20:04","date_gmt":"2020-09-17T05:20:04","guid":{"rendered":"https:\/\/bien-etreiris.ch\/produktpraesentation\/hygiene\/corporelle\/seifen\/savon-d-alep\/premium-bio\/"},"modified":"2021-06-01T08:46:53","modified_gmt":"2021-06-01T06:46:53","slug":"premium-bio","status":"publish","type":"page","link":"https:\/\/bien-etreiris.ch\/de\/produktpraesentation\/hygiene\/koerperpflege\/seifen\/aleppo-sefen\/fabrique-en-france\/premium-bio\/","title":{"rendered":"PREMIUM BIO"},"content":{"rendered":"<h2>Aleppo-Seife Premium 16% Lorbeer BIO<\/h2>\n<p><a href=\"https:\/\/bien-etreiris.ch\/wp-content\/uploads\/2021\/06\/Premium-BIO-16-laurier.png\"><img loading=\"lazy\" decoding=\"async\" class=\"size-medium wp-image-48686 alignleft\" src=\"https:\/\/bien-etreiris.ch\/wp-content\/uploads\/2021\/06\/Premium-BIO-16-laurier-300x221.png\" alt=\"\" width=\"300\" height=\"221\" srcset=\"https:\/\/bien-etreiris.ch\/wp-content\/uploads\/2021\/06\/Premium-BIO-16-laurier-300x221.png 300w, https:\/\/bien-etreiris.ch\/wp-content\/uploads\/2021\/06\/Premium-BIO-16-laurier.png 400w\" sizes=\"auto, (max-width: 300px) 100vw, 300px\" \/><\/a><\/p>\n<p>Diese Premium-Seifen k\u00f6nnen als Gesichtsmaske verwendet werden: 2 Minuten sind ausreichend.<\/p>\n<p>Yuka Bewertung: AUSGEZEICHNET<\/p>\n<p>1 St\u00fcck CHF 11.10 Gewicht : ca. 125g<\/p>\n<p>&nbsp;<\/p>\n<p>&nbsp;<\/p>\n<p>&nbsp;<\/p>\n<p>Sie wird von unserem Aleppo-Seifenmeister in einem Kessel gekocht. Die Premium-Reihe ist die Spitze der Aleppo-Reihe. Es wird mit Bio-Oliven\u00f6l und Lorbeer hergestellt, was ihm eine gro\u00dfe S\u00fc\u00dfe verleiht.<\/p>\n<h4>Eigenschaften<\/h4>\n<p>Es wird zum Waschen und Pflegen der Haut, insbesondere des Gesichts, und der Haare empfohlen.<\/p>\n<p>Zutaten: Natrium Olivate, Natrium Laurus Nobilate, Aqua (Wasser), Natriumhydroxid<\/p>\n<p>Alepia, die Tugenden einer angestammten Seife.<\/p>\n<p>Fassungsverm\u00f6gen: ca. 125 g (handgeschnitten)<\/p>\n<p>Hergestellt in Frankreich, von einem Seifenmacher-Meister aus Aleppo, Syrien.<\/p>\n<p>Es wird nach der Technik der Kaltverseifung entwickelt<\/p>\n\n\n<hr class=\"wp-block-separator\"\/>\n\n\n<p><\/p>\n\n\n<h2 class=\"wp-block-heading\">Aleppo Premium Bio-Seife mit Schlamm aus dem Toten Meer<\/h2>\n\n\n<p><a href=\"https:\/\/bien-etreiris.ch\/wp-content\/uploads\/2021\/06\/Premium-BIO-a-la-boue-de-la-mer-Morte.png\"><img loading=\"lazy\" decoding=\"async\" class=\"size-medium wp-image-48683 alignleft\" src=\"https:\/\/bien-etreiris.ch\/wp-content\/uploads\/2021\/06\/Premium-BIO-a-la-boue-de-la-mer-Morte-300x214.png\" alt=\"\" width=\"300\" height=\"214\" srcset=\"https:\/\/bien-etreiris.ch\/wp-content\/uploads\/2021\/06\/Premium-BIO-a-la-boue-de-la-mer-Morte-300x214.png 300w, https:\/\/bien-etreiris.ch\/wp-content\/uploads\/2021\/06\/Premium-BIO-a-la-boue-de-la-mer-Morte.png 399w\" sizes=\"auto, (max-width: 300px) 100vw, 300px\" \/><\/a><\/p>\n<p>Aleppo-Seife Premium-Schlamm aus dem Toten Meer<\/p>\n<p>Alle Tugenden einer Seife von Aleppo \u00fcberlegene Qualit\u00e4t und Schlamm aus dem Toten Meer<\/p>\n<p>Dies ist eine exklusive Alepia<\/p>\n<p>Yuka Bewertung: Ausgezeichnet<\/p>\n<p>1 St\u00fcck CHF 7.80<\/p>\n<p>Gewicht: ca. 125g<\/p>\n<p>&nbsp;<\/p>\n<p>&nbsp;<\/p>\n<p><strong>Eigenschaften<\/strong><\/p>\n<p>Es ist speziell f\u00fcr die Pflege empfindlicher Haut und insbesondere des Gesichts formuliert.<\/p>\n<p>Die Premium-Reihe ist die Spitze der Aleppo-Reihe. Es wird mit nativem Oliven\u00f6l und Bio-Lorbeer hergestellt.<\/p>\n<p>Diese Premium-Seifen k\u00f6nnen als Gesichtsmaske verwendet werden: 2 Minuten Auflegen reichen aus.<\/p>\n<p>Hergestellt in Frankreich, von einem Meisterseifenmacher aus Aleppo, Syrien.<\/p>\n<p>Zutaten: Natrium Olivate, Aqua (Wasser), Natrium Laurus Nobilate, Maris Limus, Natriumhydroxid<\/p>\n<p>&nbsp;<\/p>\n\n\n<hr class=\"wp-block-separator\"\/>\n\n\n<p>&nbsp;<\/p>\n<p><a href=\"https:\/\/decoiris.ch\/wp-content\/uploads\/2020\/09\/Premium-Bio-au-cafe.png\"><img loading=\"lazy\" decoding=\"async\" class=\"size-medium wp-image-32057 alignleft\" src=\"https:\/\/decoiris.ch\/wp-content\/uploads\/2020\/09\/Premium-Bio-au-cafe-300x203.png\" alt=\"\" width=\"300\" height=\"203\" srcset=\"https:\/\/bien-etreiris.ch\/wp-content\/uploads\/2020\/09\/Premium-Bio-au-cafe-300x203.png 300w, https:\/\/bien-etreiris.ch\/wp-content\/uploads\/2020\/09\/Premium-Bio-au-cafe.png 400w\" sizes=\"auto, (max-width: 300px) 100vw, 300px\" \/><\/a><\/p>\n<p>Mit dieser Seife reich an Kaffee, geniessen Sie seine Weichheit und seine Tugenden.<\/p>\n<p>Gesicht und K\u00f6rper<\/p>\n<p>Yuka Bewertung: Ausgezeichnet<\/p>\n<p>1 St\u00fcck CHF 11.10<\/p>\n<p>Gewicht: ca. 125g<\/p>\n<p>Anwendung: Die Aleppo-Kaffeeseife wird am besten mit dem Luffa verwendet, der f\u00fcr eine effektive Massage des Oberschenkel-\/Beinbereichs sorgt.<br>T\u00e4glich, am besten unter der Dusche, den Luffa gro\u00dfz\u00fcgig mit Aleppo-Seife bestreichen, Ges\u00e4\u00df und Oberschenkel massieren. Anschlie\u00dfend die Seife direkt auftragen und erneut verreiben. Lassen Sie es mindestens eine Minute einwirken und sp\u00fclen Sie es ab.<\/p>\n<p><br>Verw\u00f6hnen Sie sich und tun Sie Ihrem K\u00f6rper Gutes mit der Seife von Aleppo Premium Kaffee.<\/p>\n<p><br>Die Premium-Serie ist das Spitzenmodell Aleppo. Es wird mit nativem Oliven\u00f6l und Bio-Lorbeer hergestellt.<br>Diese Premium-Seifen k\u00f6nnen als Gesichtsmaske verwendet werden: 2 Minuten Auflegen reichen aus.<br>Ohne Farbstoff, Parf\u00fcm oder Konservierungsmittel.<br>Die Farbe und der Duft dieser Seife stammen ausschliesslich aus nat\u00fcrlichen Rohstoffen.<br>Hergestellt in Frankreich von einem Meisterseifenmacher aus Aleppo, Syrien.<\/p>\n<p>Zusammensetzung: Natrium Olivate, Aqua (Wasser), Natrium Laurus Nobilate, Coffea Robusta Seed Powder, Natrium<\/p>\n<p>Hydroxide<\/p>\n\n\n<\/p>\n<hr class=\"wp-block-separator\">\n<p>\n\n\n\n<h2 class=\"wp-block-heading\">Aleppo-Seife Premium BIO Ziegenmilch<\/h2>\n\n\n<p>&nbsp;<\/p>\n<p><a href=\"https:\/\/decoiris.ch\/wp-content\/uploads\/2020\/09\/Premium-BIO-au-lait-de-ch\u00e8vre.png\"><img loading=\"lazy\" decoding=\"async\" class=\"size-medium wp-image-32062 alignleft\" src=\"https:\/\/decoiris.ch\/wp-content\/uploads\/2020\/09\/Premium-BIO-au-lait-de-ch\u00e8vre-300x229.png\" alt=\"\" width=\"300\" height=\"229\" srcset=\"https:\/\/bien-etreiris.ch\/wp-content\/uploads\/2020\/09\/Premium-BIO-au-lait-de-ch\u00e8vre-300x229.png 300w, https:\/\/bien-etreiris.ch\/wp-content\/uploads\/2020\/09\/Premium-BIO-au-lait-de-ch\u00e8vre.png 399w\" sizes=\"auto, (max-width: 300px) 100vw, 300px\" \/><\/a><\/p>\n<p>Aleppo-Seife Premium 16% Lorbeer BIO<\/p>\n<p>Diese Premium-Seifen k\u00f6nnen als Gesichtsmaske verwendet werden: 2 Minuten sind ausreichend.<\/p>\n<p>Yuka Bewertung: AUSGEZEICHNET<\/p>\n<p>1 St\u00fcck CHF 11.10 Gewicht : ca. 125g<\/p>\n<p>Sie wird von unserem Aleppo-Seifenmeister in einem Kessel gekocht. Die Premium-Reihe ist die Spitze der Aleppo-Reihe. Es wird mit Bio-Oliven\u00f6l und Lorbeer hergestellt, was ihm eine grosse S\u00fcsse verleiht.<\/p>\n<p>Eigenschaften<\/p>\n<p>Es wird zum Waschen und Pflegen der Haut, insbesondere des Gesichts, und der Haare empfohlen.<\/p>\n<p>Zutaten: Natrium Olivate, Natrium Laurus Nobilate, Aqua (Wasser), Natriumhydroxid<\/p>\n<p>Alepia, die Tugenden einer angestammten Seife.<\/p>\n<p>Fassungsverm\u00f6gen: ca. 125 g (handgeschnitten)<\/p>\n<p>Hergestellt in Frankreich, von einem Seifenmacher-Meister aus Aleppo, Syrien.<\/p>\n<p>Es wird nach der Technik der Kaltverseifung entwickelt<\/p>\n<p>&nbsp;<\/p>\n<p>Anti-Aging-Wirkung: Dank der Antioxidantien in der Ziegenmilch wird das Gewebe sichtbar dichter<\/p>\n<p>Dank seiner feuchtigkeitsspendenden Eigenschaften, seiner Mineralien und Vitamine reinigt es Ihre Haut tiefgreifend und st\u00e4rkt die Hydrolipidbarriere Ihrer Haut, die schon bei der ersten Anwendung weicher wird.<\/p>\n<p>Eine Behandlung f\u00fcr Problemhaut: Endlich eine nat\u00fcrliche und effektive L\u00f6sung, um kleine Pickel, Mitesser und andere loszuwerden.<br>Auch atopische oder gereizte Haut wird damit sanft behandelt:<\/p>\n<p>In der Tat ist es reich an Caprons\u00e4ure, Caprins\u00e4ure und Capryls\u00e4ure.<br>Diese kurzkettigen Triglyceride sind klein und werden daher leicht von der Haut aufgenommen und bieten ihr ihren wohltuenden Schutz.<br>Die Haut ist besser gewappnet und gegen Aggressionen gesch\u00fctzt.<br>Sie wird sogar f\u00fcr Haut empfohlen, die keine Seife vertr\u00e4gt.<br>Es ist auch ideal f\u00fcr die Reinigung von Babys.<\/p>\n<p>Eine echte Sch\u00f6nheitskur: F\u00fcr einen strahlend sch\u00f6nen Teint. Ist Ihre Haut trocken, fettig, gereizt oder stumpf?<br>Sie profitiert von dem nat\u00fcrlichen Beitrag an Vitaminen, Eisen, Zink und Spurenelementen und gewinnt schnell wieder an Strahlkraft!<\/p>\n<p>So verwenden Sie<\/p>\n<ul style=\"list-style-type: disc;\">\n<li>Zur t\u00e4glichen Reinigung f\u00fcr die ganze Familie.<\/li>\n<li>Es kann auch zur nat\u00fcrlichen Entfernung von Make-up verwendet werden.<\/li>\n<li>Als Gesichtsmaske pflegt sie die junge, gemischte oder problematische Haut.<br>3 Minuten Anwendung reichen aus, dann absp\u00fclen.<br>Ziegenmilch ist bei Frauen seit Jahrhunderten f\u00fcr ihre Anti-Aging-Wirkung bekannt.<\/li>\n<\/ul>\n<p>Das Nettogewicht jeder Seife ist variabel, ca. 100g<br>(Handschnitt)<\/p>\n<p>Zusammensetzung: Bio-Oliven\u00f6l, wildes Lorbeer\u00f6l, frische Ziegenmilch, Wasser, Spuren von Soda.<\/p>\n<p>Hergestellt in Frankreich, von einem Seifenmacher-Meister aus Aleppo, Syrien.<\/p>\n<p>&nbsp;<\/p>\n\n","protected":false},"excerpt":{"rendered":"<p>Aleppo-Seife Premium 16% Lorbeer BIO Diese Premium-Seifen k\u00f6nnen als Gesichtsmaske verwendet werden: 2 Minuten sind ausreichend. Yuka Bewertung: AUSGEZEICHNET 1 St\u00fcck CHF 11.10 Gewicht : ca. 125g &nbsp; &nbsp; &nbsp; Sie wird von unserem Aleppo-Seifenmeister in einem Kessel gekocht. Die Premium-Reihe ist die Spitze der Aleppo-Reihe. Es wird mit Bio-Oliven\u00f6l und Lorbeer hergestellt, was ihm eine gro\u00dfe S\u00fc\u00dfe verleiht. Eigenschaften&nbsp;<a href=\"https:\/\/bien-etreiris.ch\/de\/produktpraesentation\/hygiene\/koerperpflege\/seifen\/aleppo-sefen\/fabrique-en-france\/premium-bio\/\" class=\"read-more\">Weiter lesen<\/a><\/p>\n","protected":false},"author":1,"featured_media":48570,"parent":90115,"menu_order":7048,"comment_status":"closed","ping_status":"closed","template":"page-with-child.php","meta":{"_acf_changed":false,"ngg_post_thumbnail":0,"footnotes":""},"class_list":["post-48661","page","type-page","status-publish","has-post-thumbnail","hentry"],"acf":[],"yoast_head":"<!-- This site is optimized with the Yoast SEO plugin v27.5 - https:\/\/yoast.com\/product\/yoast-seo-wordpress\/ -->\n<title>PREMIUM BIO - WOHLBEFINDEN<\/title>\n<meta name=\"robots\" content=\"index, follow, max-snippet:-1, max-image-preview:large, max-video-preview:-1\" \/>\n<link rel=\"canonical\" href=\"https:\/\/bien-etreiris.ch\/de\/produktpraesentation\/hygiene\/koerperpflege\/seifen\/aleppo-sefen\/premium-bio\/\" \/>\n<meta property=\"og:locale\" content=\"de_DE\" \/>\n<meta property=\"og:type\" content=\"article\" \/>\n<meta property=\"og:title\" content=\"PREMIUM BIO - WOHLBEFINDEN\" \/>\n<meta property=\"og:description\" content=\"Aleppo-Seife Premium 16% Lorbeer BIO Diese Premium-Seifen k\u00f6nnen als Gesichtsmaske verwendet werden: 2 Minuten sind ausreichend. Yuka Bewertung: AUSGEZEICHNET 1 St\u00fcck CHF 11.10 Gewicht : ca. 125g &nbsp; &nbsp; &nbsp; Sie wird von unserem Aleppo-Seifenmeister in einem Kessel gekocht. Die Premium-Reihe ist die Spitze der Aleppo-Reihe. Es wird mit Bio-Oliven\u00f6l und Lorbeer hergestellt, was ihm eine gro\u00dfe S\u00fc\u00dfe verleiht. Eigenschaften&nbsp;Weiter lesen\" \/>\n<meta property=\"og:url\" content=\"https:\/\/bien-etreiris.ch\/de\/produktpraesentation\/hygiene\/koerperpflege\/seifen\/aleppo-sefen\/premium-bio\/\" \/>\n<meta property=\"og:site_name\" content=\"WOHLBEFINDEN\" \/>\n<meta property=\"article:publisher\" content=\"https:\/\/www.facebook.com\/bienetreiris\/\" \/>\n<meta property=\"article:modified_time\" content=\"2021-06-01T06:46:53+00:00\" \/>\n<meta property=\"og:image\" content=\"https:\/\/bien-etreiris.ch\/wp-content\/uploads\/2021\/05\/Savon-dalep-premium.jpg\" \/>\n\t<meta property=\"og:image:width\" content=\"515\" \/>\n\t<meta property=\"og:image:height\" content=\"409\" \/>\n\t<meta property=\"og:image:type\" content=\"image\/jpeg\" \/>\n<meta name=\"twitter:label1\" content=\"Gesch\u00e4tzte Lesezeit\" \/>\n\t<meta name=\"twitter:data1\" content=\"4\u00a0Minuten\" \/>\n<script type=\"application\/ld+json\" class=\"yoast-schema-graph\">{\"@context\":\"https:\\\/\\\/schema.org\",\"@graph\":[{\"@type\":\"WebPage\",\"@id\":\"https:\\\/\\\/bien-etreiris.ch\\\/de\\\/produktpraesentation\\\/hygiene\\\/koerperpflege\\\/seifen\\\/aleppo-sefen\\\/premium-bio\\\/\",\"url\":\"https:\\\/\\\/bien-etreiris.ch\\\/de\\\/produktpraesentation\\\/hygiene\\\/koerperpflege\\\/seifen\\\/aleppo-sefen\\\/premium-bio\\\/\",\"name\":\"PREMIUM BIO - WOHLBEFINDEN\",\"isPartOf\":{\"@id\":\"https:\\\/\\\/bien-etreiris.ch\\\/de\\\/#website\"},\"primaryImageOfPage\":{\"@id\":\"https:\\\/\\\/bien-etreiris.ch\\\/de\\\/produktpraesentation\\\/hygiene\\\/koerperpflege\\\/seifen\\\/aleppo-sefen\\\/premium-bio\\\/#primaryimage\"},\"image\":{\"@id\":\"https:\\\/\\\/bien-etreiris.ch\\\/de\\\/produktpraesentation\\\/hygiene\\\/koerperpflege\\\/seifen\\\/aleppo-sefen\\\/premium-bio\\\/#primaryimage\"},\"thumbnailUrl\":\"https:\\\/\\\/bien-etreiris.ch\\\/wp-content\\\/uploads\\\/2021\\\/05\\\/Savon-dalep-premium.jpg\",\"datePublished\":\"2020-09-17T05:20:04+00:00\",\"dateModified\":\"2021-06-01T06:46:53+00:00\",\"breadcrumb\":{\"@id\":\"https:\\\/\\\/bien-etreiris.ch\\\/de\\\/produktpraesentation\\\/hygiene\\\/koerperpflege\\\/seifen\\\/aleppo-sefen\\\/premium-bio\\\/#breadcrumb\"},\"inLanguage\":\"de\",\"potentialAction\":[{\"@type\":\"ReadAction\",\"target\":[\"https:\\\/\\\/bien-etreiris.ch\\\/de\\\/produktpraesentation\\\/hygiene\\\/koerperpflege\\\/seifen\\\/aleppo-sefen\\\/premium-bio\\\/\"]}]},{\"@type\":\"ImageObject\",\"inLanguage\":\"de\",\"@id\":\"https:\\\/\\\/bien-etreiris.ch\\\/de\\\/produktpraesentation\\\/hygiene\\\/koerperpflege\\\/seifen\\\/aleppo-sefen\\\/premium-bio\\\/#primaryimage\",\"url\":\"https:\\\/\\\/bien-etreiris.ch\\\/wp-content\\\/uploads\\\/2021\\\/05\\\/Savon-dalep-premium.jpg\",\"contentUrl\":\"https:\\\/\\\/bien-etreiris.ch\\\/wp-content\\\/uploads\\\/2021\\\/05\\\/Savon-dalep-premium.jpg\",\"width\":515,\"height\":409},{\"@type\":\"BreadcrumbList\",\"@id\":\"https:\\\/\\\/bien-etreiris.ch\\\/de\\\/produktpraesentation\\\/hygiene\\\/koerperpflege\\\/seifen\\\/aleppo-sefen\\\/premium-bio\\\/#breadcrumb\",\"itemListElement\":[{\"@type\":\"ListItem\",\"position\":1,\"name\":\"Home\",\"item\":\"https:\\\/\\\/bien-etreiris.ch\\\/de\\\/\"},{\"@type\":\"ListItem\",\"position\":2,\"name\":\"PRODUKTPR\u00c4SENTATION\",\"item\":\"https:\\\/\\\/bien-etreiris.ch\\\/de\\\/produktpraesentation\\\/\"},{\"@type\":\"ListItem\",\"position\":3,\"name\":\"HYGIENE\",\"item\":\"https:\\\/\\\/bien-etreiris.ch\\\/de\\\/produktpraesentation\\\/hygiene\\\/\"},{\"@type\":\"ListItem\",\"position\":4,\"name\":\"K\u00d6RPERPFLEGE\",\"item\":\"https:\\\/\\\/bien-etreiris.ch\\\/de\\\/produktpraesentation\\\/hygiene\\\/koerperpflege\\\/\"},{\"@type\":\"ListItem\",\"position\":5,\"name\":\"SEIFEN\",\"item\":\"https:\\\/\\\/bien-etreiris.ch\\\/de\\\/produktpraesentation\\\/hygiene\\\/koerperpflege\\\/seifen\\\/\"},{\"@type\":\"ListItem\",\"position\":6,\"name\":\"ALEPPO SEIFEN\",\"item\":\"https:\\\/\\\/bien-etreiris.ch\\\/de\\\/produktpraesentation\\\/hygiene\\\/koerperpflege\\\/seifen\\\/aleppo-sefen\\\/\"},{\"@type\":\"ListItem\",\"position\":7,\"name\":\"PREMIUM BIO\"}]},{\"@type\":\"WebSite\",\"@id\":\"https:\\\/\\\/bien-etreiris.ch\\\/de\\\/#website\",\"url\":\"https:\\\/\\\/bien-etreiris.ch\\\/de\\\/\",\"name\":\"Bien-\u00eatre Iris\",\"description\":\"IHRE Gesundheit ist uns wichtig\",\"potentialAction\":[{\"@type\":\"SearchAction\",\"target\":{\"@type\":\"EntryPoint\",\"urlTemplate\":\"https:\\\/\\\/bien-etreiris.ch\\\/de\\\/?s={search_term_string}\"},\"query-input\":{\"@type\":\"PropertyValueSpecification\",\"valueRequired\":true,\"valueName\":\"search_term_string\"}}],\"inLanguage\":\"de\"}]}<\/script>\n<!-- \/ Yoast SEO plugin. -->","yoast_head_json":{"title":"PREMIUM BIO - WOHLBEFINDEN","robots":{"index":"index","follow":"follow","max-snippet":"max-snippet:-1","max-image-preview":"max-image-preview:large","max-video-preview":"max-video-preview:-1"},"canonical":"https:\/\/bien-etreiris.ch\/de\/produktpraesentation\/hygiene\/koerperpflege\/seifen\/aleppo-sefen\/premium-bio\/","og_locale":"de_DE","og_type":"article","og_title":"PREMIUM BIO - WOHLBEFINDEN","og_description":"Aleppo-Seife Premium 16% Lorbeer BIO Diese Premium-Seifen k\u00f6nnen als Gesichtsmaske verwendet werden: 2 Minuten sind ausreichend. Yuka Bewertung: AUSGEZEICHNET 1 St\u00fcck CHF 11.10 Gewicht : ca. 125g &nbsp; &nbsp; &nbsp; Sie wird von unserem Aleppo-Seifenmeister in einem Kessel gekocht. Die Premium-Reihe ist die Spitze der Aleppo-Reihe. Es wird mit Bio-Oliven\u00f6l und Lorbeer hergestellt, was ihm eine gro\u00dfe S\u00fc\u00dfe verleiht. Eigenschaften&nbsp;Weiter lesen","og_url":"https:\/\/bien-etreiris.ch\/de\/produktpraesentation\/hygiene\/koerperpflege\/seifen\/aleppo-sefen\/premium-bio\/","og_site_name":"WOHLBEFINDEN","article_publisher":"https:\/\/www.facebook.com\/bienetreiris\/","article_modified_time":"2021-06-01T06:46:53+00:00","og_image":[{"width":515,"height":409,"url":"https:\/\/bien-etreiris.ch\/wp-content\/uploads\/2021\/05\/Savon-dalep-premium.jpg","type":"image\/jpeg"}],"twitter_misc":{"Gesch\u00e4tzte Lesezeit":"4\u00a0Minuten"},"schema":{"@context":"https:\/\/schema.org","@graph":[{"@type":"WebPage","@id":"https:\/\/bien-etreiris.ch\/de\/produktpraesentation\/hygiene\/koerperpflege\/seifen\/aleppo-sefen\/premium-bio\/","url":"https:\/\/bien-etreiris.ch\/de\/produktpraesentation\/hygiene\/koerperpflege\/seifen\/aleppo-sefen\/premium-bio\/","name":"PREMIUM BIO - WOHLBEFINDEN","isPartOf":{"@id":"https:\/\/bien-etreiris.ch\/de\/#website"},"primaryImageOfPage":{"@id":"https:\/\/bien-etreiris.ch\/de\/produktpraesentation\/hygiene\/koerperpflege\/seifen\/aleppo-sefen\/premium-bio\/#primaryimage"},"image":{"@id":"https:\/\/bien-etreiris.ch\/de\/produktpraesentation\/hygiene\/koerperpflege\/seifen\/aleppo-sefen\/premium-bio\/#primaryimage"},"thumbnailUrl":"https:\/\/bien-etreiris.ch\/wp-content\/uploads\/2021\/05\/Savon-dalep-premium.jpg","datePublished":"2020-09-17T05:20:04+00:00","dateModified":"2021-06-01T06:46:53+00:00","breadcrumb":{"@id":"https:\/\/bien-etreiris.ch\/de\/produktpraesentation\/hygiene\/koerperpflege\/seifen\/aleppo-sefen\/premium-bio\/#breadcrumb"},"inLanguage":"de","potentialAction":[{"@type":"ReadAction","target":["https:\/\/bien-etreiris.ch\/de\/produktpraesentation\/hygiene\/koerperpflege\/seifen\/aleppo-sefen\/premium-bio\/"]}]},{"@type":"ImageObject","inLanguage":"de","@id":"https:\/\/bien-etreiris.ch\/de\/produktpraesentation\/hygiene\/koerperpflege\/seifen\/aleppo-sefen\/premium-bio\/#primaryimage","url":"https:\/\/bien-etreiris.ch\/wp-content\/uploads\/2021\/05\/Savon-dalep-premium.jpg","contentUrl":"https:\/\/bien-etreiris.ch\/wp-content\/uploads\/2021\/05\/Savon-dalep-premium.jpg","width":515,"height":409},{"@type":"BreadcrumbList","@id":"https:\/\/bien-etreiris.ch\/de\/produktpraesentation\/hygiene\/koerperpflege\/seifen\/aleppo-sefen\/premium-bio\/#breadcrumb","itemListElement":[{"@type":"ListItem","position":1,"name":"Home","item":"https:\/\/bien-etreiris.ch\/de\/"},{"@type":"ListItem","position":2,"name":"PRODUKTPR\u00c4SENTATION","item":"https:\/\/bien-etreiris.ch\/de\/produktpraesentation\/"},{"@type":"ListItem","position":3,"name":"HYGIENE","item":"https:\/\/bien-etreiris.ch\/de\/produktpraesentation\/hygiene\/"},{"@type":"ListItem","position":4,"name":"K\u00d6RPERPFLEGE","item":"https:\/\/bien-etreiris.ch\/de\/produktpraesentation\/hygiene\/koerperpflege\/"},{"@type":"ListItem","position":5,"name":"SEIFEN","item":"https:\/\/bien-etreiris.ch\/de\/produktpraesentation\/hygiene\/koerperpflege\/seifen\/"},{"@type":"ListItem","position":6,"name":"ALEPPO SEIFEN","item":"https:\/\/bien-etreiris.ch\/de\/produktpraesentation\/hygiene\/koerperpflege\/seifen\/aleppo-sefen\/"},{"@type":"ListItem","position":7,"name":"PREMIUM BIO"}]},{"@type":"WebSite","@id":"https:\/\/bien-etreiris.ch\/de\/#website","url":"https:\/\/bien-etreiris.ch\/de\/","name":"Bien-\u00eatre Iris","description":"IHRE Gesundheit ist uns wichtig","potentialAction":[{"@type":"SearchAction","target":{"@type":"EntryPoint","urlTemplate":"https:\/\/bien-etreiris.ch\/de\/?s={search_term_string}"},"query-input":{"@type":"PropertyValueSpecification","valueRequired":true,"valueName":"search_term_string"}}],"inLanguage":"de"}]}},"_links":{"self":[{"href":"https:\/\/bien-etreiris.ch\/de\/wp-json\/wp\/v2\/pages\/48661","targetHints":{"allow":["GET"]}}],"collection":[{"href":"https:\/\/bien-etreiris.ch\/de\/wp-json\/wp\/v2\/pages"}],"about":[{"href":"https:\/\/bien-etreiris.ch\/de\/wp-json\/wp\/v2\/types\/page"}],"author":[{"embeddable":true,"href":"https:\/\/bien-etreiris.ch\/de\/wp-json\/wp\/v2\/users\/1"}],"replies":[{"embeddable":true,"href":"https:\/\/bien-etreiris.ch\/de\/wp-json\/wp\/v2\/comments?post=48661"}],"version-history":[{"count":2,"href":"https:\/\/bien-etreiris.ch\/de\/wp-json\/wp\/v2\/pages\/48661\/revisions"}],"predecessor-version":[{"id":48689,"href":"https:\/\/bien-etreiris.ch\/de\/wp-json\/wp\/v2\/pages\/48661\/revisions\/48689"}],"up":[{"embeddable":true,"href":"https:\/\/bien-etreiris.ch\/de\/wp-json\/wp\/v2\/pages\/90115"}],"wp:featuredmedia":[{"embeddable":true,"href":"https:\/\/bien-etreiris.ch\/de\/wp-json\/wp\/v2\/media\/48570"}],"wp:attachment":[{"href":"https:\/\/bien-etreiris.ch\/de\/wp-json\/wp\/v2\/media?parent=48661"}],"curies":[{"name":"wp","href":"https:\/\/api.w.org\/{rel}","templated":true}]}}