{"id":48657,"date":"2020-09-17T05:31:04","date_gmt":"2020-09-17T05:31:04","guid":{"rendered":"https:\/\/bien-etreiris.ch\/produktpraesentation\/hygiene\/corporelle\/seifen\/savon-d-alep\/savon-dalep-barbe\/"},"modified":"2021-06-01T04:48:59","modified_gmt":"2021-06-01T02:48:59","slug":"aleppo-bartseife","status":"publish","type":"page","link":"https:\/\/bien-etreiris.ch\/de\/produktpraesentation\/hygiene\/koerperpflege\/seifen\/aleppo-sefen\/fabriques-a-alep\/aleppo-bartseife\/","title":{"rendered":"ALEPPO BARTSEIFE"},"content":{"rendered":"\n<h2 class=\"wp-block-heading\">Aleppo-Bartseife f\u00fcr die mechanische Rasur. <\/h2>\n\n\n<p><a href=\"https:\/\/decoiris.ch\/wp-content\/uploads\/2020\/10\/barbe.png\"><img loading=\"lazy\" decoding=\"async\" class=\"size-medium wp-image-32698 alignleft\" src=\"https:\/\/decoiris.ch\/wp-content\/uploads\/2020\/10\/barbe-300x261.png\" alt=\"\" width=\"300\" height=\"261\" srcset=\"https:\/\/bien-etreiris.ch\/wp-content\/uploads\/2020\/10\/barbe-300x261.png 300w, https:\/\/bien-etreiris.ch\/wp-content\/uploads\/2020\/10\/barbe.png 400w\" sizes=\"auto, (max-width: 300px) 100vw, 300px\" \/><\/a><\/p>\n<p>&nbsp;<\/p>\n<p>Es ist das Herz der traditionellen Aleppo-Seife, das f\u00fcr diese spezielle Seife verwendet wird.<\/p>\n<p>Yuka Bewertung: Ausgezeichnet<\/p>\n<p>1 St\u00fcck 60 Gramm<strong> CHF 6.60<\/strong><\/p>\n<p>Was k\u00f6nnte ges\u00fcnder und nat\u00fcrlicher sein als die Rasur mit Aleppo-Seife!<\/p>\n<p>&nbsp;<\/p>\n<p>&nbsp;<\/p>\n<p>&nbsp;<\/p>\n<p>&nbsp;<\/p>\n<p>&nbsp;<\/p>\n<h4>Anwendungstipps<\/h4>\n<h4>Die Kunst der mechanischen Rasur<\/h4>\n<h4>1.) Vorbereitung der Haut<\/h4>\n<p>Am besten beginnen Sie mit einer guten Dusche.<\/p>\n<p>Unter der Dusche und der Einwirkung des Dampfes werden die Haare weicher, die Poren \u00f6ffnen sich und entspannen ihren Griff. Nutzen Sie die Dusche, um Ihre Haut mit einer Fl\u00fcssigseife von Aleppo, vorzugsweise Aleppo-Seife mit 40% Lorbeer\u00f6l, zu reinigen und zu entschlacken.<\/p>\n<p>Dann geben Sie das Nigella-Haut\u00f6l auf die noch mit warmem Wasser angefeuchtete Gesichtshaut: Geben Sie zun\u00e4chst einen Tropfen des schwarzen \u00d6ls in die Hand und erw\u00e4rmen Sie das \u00d6l, indem Sie Ihre H\u00e4nde von Hand zu Handfl\u00e4che reiben. Massieren Sie dann die gesamte zu rasierende Fl\u00e4che. Nicht aussp\u00fclen.<\/p>\n<p>Tragen Sie die Rasierseife mit Ihrem Rasierpinsel Best Badger Special Aleppo Soap \u00fcber der d\u00fcnnen Schicht Nigella-\u00d6l auf.<\/p>\n<p>Sie k\u00f6nnen sich jetzt \u00fcberraschend einfach rasieren.<\/p>\n<p>Sie werden kein fettiges Gef\u00fchl auf Ihrer Haut sp\u00fcren.<\/p>\n<h4>2.) Rasieren<\/h4>\n<p>Befeuchten Sie die Haare des Rasierpinsels mit hei\u00dfem Wasser, stellen Sie den Schaum der Bartseife von Aleppo her und verteilen Sie ihn in kreisenden Bewegungen auf dem Bart.<\/p>\n<p>Rasieren Sie dann in Haarrichtung und reinigen Sie die Klinge h\u00e4ufig unter einem d\u00fcnnen Strahl hei\u00dfen Wassers.<\/p>\n<h4>3.) Nach der Rasur<\/h4>\n<p><br>Sp\u00fclen Sie das Gesicht gr\u00fcndlich mit kaltem Wasser ab, um die Poren zu schlie\u00dfen.<\/p>\n<p>Befeuchten Sie den Alaunstein und f\u00fchren Sie ihn langsam \u00fcber die Haut.<\/p>\n<p>Zutaten: Natrium Olivate, Aqua (Wasser), Natrium Laurus Nobilate, Natriumhydroxid<\/p>\n<p>&nbsp;<\/p>","protected":false},"excerpt":{"rendered":"<p>Aleppo-Bartseife f\u00fcr die mechanische Rasur. &nbsp; Es ist das Herz der traditionellen Aleppo-Seife, das f\u00fcr diese spezielle Seife verwendet wird. Yuka Bewertung: Ausgezeichnet 1 St\u00fcck 60 Gramm CHF 6.60 Was k\u00f6nnte ges\u00fcnder und nat\u00fcrlicher sein als die Rasur mit Aleppo-Seife! &nbsp; &nbsp; &nbsp; &nbsp; &nbsp; Anwendungstipps Die Kunst der mechanischen Rasur 1.) Vorbereitung der Haut Am besten beginnen Sie mit&nbsp;<a href=\"https:\/\/bien-etreiris.ch\/de\/produktpraesentation\/hygiene\/koerperpflege\/seifen\/aleppo-sefen\/fabriques-a-alep\/aleppo-bartseife\/\" class=\"read-more\">Weiter lesen<\/a><\/p>\n","protected":false},"author":1,"featured_media":32700,"parent":90102,"menu_order":7039,"comment_status":"closed","ping_status":"closed","template":"page-with-child.php","meta":{"_acf_changed":false,"ngg_post_thumbnail":0,"footnotes":""},"class_list":["post-48657","page","type-page","status-publish","has-post-thumbnail","hentry"],"acf":[],"yoast_head":"<!-- This site is optimized with the Yoast SEO plugin v27.5 - https:\/\/yoast.com\/product\/yoast-seo-wordpress\/ -->\n<title>ALEPPO BARTSEIFE - WOHLBEFINDEN<\/title>\n<meta name=\"robots\" content=\"index, follow, max-snippet:-1, max-image-preview:large, max-video-preview:-1\" \/>\n<link rel=\"canonical\" href=\"https:\/\/bien-etreiris.ch\/de\/produktpraesentation\/hygiene\/koerperpflege\/seifen\/aleppo-sefen\/aleppo-bartseife\/\" \/>\n<meta property=\"og:locale\" content=\"de_DE\" \/>\n<meta property=\"og:type\" content=\"article\" \/>\n<meta property=\"og:title\" content=\"ALEPPO BARTSEIFE - WOHLBEFINDEN\" \/>\n<meta property=\"og:description\" content=\"Aleppo-Bartseife f\u00fcr die mechanische Rasur. &nbsp; Es ist das Herz der traditionellen Aleppo-Seife, das f\u00fcr diese spezielle Seife verwendet wird. Yuka Bewertung: Ausgezeichnet 1 St\u00fcck 60 Gramm CHF 6.60 Was k\u00f6nnte ges\u00fcnder und nat\u00fcrlicher sein als die Rasur mit Aleppo-Seife! &nbsp; &nbsp; &nbsp; &nbsp; &nbsp; Anwendungstipps Die Kunst der mechanischen Rasur 1.) Vorbereitung der Haut Am besten beginnen Sie mit&nbsp;Weiter lesen\" \/>\n<meta property=\"og:url\" content=\"https:\/\/bien-etreiris.ch\/de\/produktpraesentation\/hygiene\/koerperpflege\/seifen\/aleppo-sefen\/aleppo-bartseife\/\" \/>\n<meta property=\"og:site_name\" content=\"WOHLBEFINDEN\" \/>\n<meta property=\"article:publisher\" content=\"https:\/\/www.facebook.com\/bienetreiris\/\" \/>\n<meta property=\"article:modified_time\" content=\"2021-06-01T02:48:59+00:00\" \/>\n<meta property=\"og:image\" content=\"https:\/\/bien-etreiris.ch\/wp-content\/uploads\/2020\/10\/barbe.png\" \/>\n\t<meta property=\"og:image:width\" content=\"400\" \/>\n\t<meta property=\"og:image:height\" content=\"348\" \/>\n\t<meta property=\"og:image:type\" content=\"image\/png\" \/>\n<meta name=\"twitter:label1\" content=\"Gesch\u00e4tzte Lesezeit\" \/>\n\t<meta name=\"twitter:data1\" content=\"2\u00a0Minuten\" \/>\n<script type=\"application\/ld+json\" class=\"yoast-schema-graph\">{\"@context\":\"https:\\\/\\\/schema.org\",\"@graph\":[{\"@type\":\"WebPage\",\"@id\":\"https:\\\/\\\/bien-etreiris.ch\\\/de\\\/produktpraesentation\\\/hygiene\\\/koerperpflege\\\/seifen\\\/aleppo-sefen\\\/aleppo-bartseife\\\/\",\"url\":\"https:\\\/\\\/bien-etreiris.ch\\\/de\\\/produktpraesentation\\\/hygiene\\\/koerperpflege\\\/seifen\\\/aleppo-sefen\\\/aleppo-bartseife\\\/\",\"name\":\"ALEPPO BARTSEIFE - WOHLBEFINDEN\",\"isPartOf\":{\"@id\":\"https:\\\/\\\/bien-etreiris.ch\\\/de\\\/#website\"},\"primaryImageOfPage\":{\"@id\":\"https:\\\/\\\/bien-etreiris.ch\\\/de\\\/produktpraesentation\\\/hygiene\\\/koerperpflege\\\/seifen\\\/aleppo-sefen\\\/aleppo-bartseife\\\/#primaryimage\"},\"image\":{\"@id\":\"https:\\\/\\\/bien-etreiris.ch\\\/de\\\/produktpraesentation\\\/hygiene\\\/koerperpflege\\\/seifen\\\/aleppo-sefen\\\/aleppo-bartseife\\\/#primaryimage\"},\"thumbnailUrl\":\"https:\\\/\\\/bien-etreiris.ch\\\/wp-content\\\/uploads\\\/2020\\\/10\\\/barbe.png\",\"datePublished\":\"2020-09-17T05:31:04+00:00\",\"dateModified\":\"2021-06-01T02:48:59+00:00\",\"breadcrumb\":{\"@id\":\"https:\\\/\\\/bien-etreiris.ch\\\/de\\\/produktpraesentation\\\/hygiene\\\/koerperpflege\\\/seifen\\\/aleppo-sefen\\\/aleppo-bartseife\\\/#breadcrumb\"},\"inLanguage\":\"de\",\"potentialAction\":[{\"@type\":\"ReadAction\",\"target\":[\"https:\\\/\\\/bien-etreiris.ch\\\/de\\\/produktpraesentation\\\/hygiene\\\/koerperpflege\\\/seifen\\\/aleppo-sefen\\\/aleppo-bartseife\\\/\"]}]},{\"@type\":\"ImageObject\",\"inLanguage\":\"de\",\"@id\":\"https:\\\/\\\/bien-etreiris.ch\\\/de\\\/produktpraesentation\\\/hygiene\\\/koerperpflege\\\/seifen\\\/aleppo-sefen\\\/aleppo-bartseife\\\/#primaryimage\",\"url\":\"https:\\\/\\\/bien-etreiris.ch\\\/wp-content\\\/uploads\\\/2020\\\/10\\\/barbe.png\",\"contentUrl\":\"https:\\\/\\\/bien-etreiris.ch\\\/wp-content\\\/uploads\\\/2020\\\/10\\\/barbe.png\",\"width\":400,\"height\":348},{\"@type\":\"BreadcrumbList\",\"@id\":\"https:\\\/\\\/bien-etreiris.ch\\\/de\\\/produktpraesentation\\\/hygiene\\\/koerperpflege\\\/seifen\\\/aleppo-sefen\\\/aleppo-bartseife\\\/#breadcrumb\",\"itemListElement\":[{\"@type\":\"ListItem\",\"position\":1,\"name\":\"Home\",\"item\":\"https:\\\/\\\/bien-etreiris.ch\\\/de\\\/\"},{\"@type\":\"ListItem\",\"position\":2,\"name\":\"PRODUKTPR\u00c4SENTATION\",\"item\":\"https:\\\/\\\/bien-etreiris.ch\\\/de\\\/produktpraesentation\\\/\"},{\"@type\":\"ListItem\",\"position\":3,\"name\":\"HYGIENE\",\"item\":\"https:\\\/\\\/bien-etreiris.ch\\\/de\\\/produktpraesentation\\\/hygiene\\\/\"},{\"@type\":\"ListItem\",\"position\":4,\"name\":\"K\u00d6RPERPFLEGE\",\"item\":\"https:\\\/\\\/bien-etreiris.ch\\\/de\\\/produktpraesentation\\\/hygiene\\\/koerperpflege\\\/\"},{\"@type\":\"ListItem\",\"position\":5,\"name\":\"SEIFEN\",\"item\":\"https:\\\/\\\/bien-etreiris.ch\\\/de\\\/produktpraesentation\\\/hygiene\\\/koerperpflege\\\/seifen\\\/\"},{\"@type\":\"ListItem\",\"position\":6,\"name\":\"ALEPPO SEIFEN\",\"item\":\"https:\\\/\\\/bien-etreiris.ch\\\/de\\\/produktpraesentation\\\/hygiene\\\/koerperpflege\\\/seifen\\\/aleppo-sefen\\\/\"},{\"@type\":\"ListItem\",\"position\":7,\"name\":\"ALEPPO BARTSEIFE\"}]},{\"@type\":\"WebSite\",\"@id\":\"https:\\\/\\\/bien-etreiris.ch\\\/de\\\/#website\",\"url\":\"https:\\\/\\\/bien-etreiris.ch\\\/de\\\/\",\"name\":\"Bien-\u00eatre Iris\",\"description\":\"IHRE Gesundheit ist uns wichtig\",\"potentialAction\":[{\"@type\":\"SearchAction\",\"target\":{\"@type\":\"EntryPoint\",\"urlTemplate\":\"https:\\\/\\\/bien-etreiris.ch\\\/de\\\/?s={search_term_string}\"},\"query-input\":{\"@type\":\"PropertyValueSpecification\",\"valueRequired\":true,\"valueName\":\"search_term_string\"}}],\"inLanguage\":\"de\"}]}<\/script>\n<!-- \/ Yoast SEO plugin. -->","yoast_head_json":{"title":"ALEPPO BARTSEIFE - WOHLBEFINDEN","robots":{"index":"index","follow":"follow","max-snippet":"max-snippet:-1","max-image-preview":"max-image-preview:large","max-video-preview":"max-video-preview:-1"},"canonical":"https:\/\/bien-etreiris.ch\/de\/produktpraesentation\/hygiene\/koerperpflege\/seifen\/aleppo-sefen\/aleppo-bartseife\/","og_locale":"de_DE","og_type":"article","og_title":"ALEPPO BARTSEIFE - WOHLBEFINDEN","og_description":"Aleppo-Bartseife f\u00fcr die mechanische Rasur. &nbsp; Es ist das Herz der traditionellen Aleppo-Seife, das f\u00fcr diese spezielle Seife verwendet wird. Yuka Bewertung: Ausgezeichnet 1 St\u00fcck 60 Gramm CHF 6.60 Was k\u00f6nnte ges\u00fcnder und nat\u00fcrlicher sein als die Rasur mit Aleppo-Seife! &nbsp; &nbsp; &nbsp; &nbsp; &nbsp; Anwendungstipps Die Kunst der mechanischen Rasur 1.) Vorbereitung der Haut Am besten beginnen Sie mit&nbsp;Weiter lesen","og_url":"https:\/\/bien-etreiris.ch\/de\/produktpraesentation\/hygiene\/koerperpflege\/seifen\/aleppo-sefen\/aleppo-bartseife\/","og_site_name":"WOHLBEFINDEN","article_publisher":"https:\/\/www.facebook.com\/bienetreiris\/","article_modified_time":"2021-06-01T02:48:59+00:00","og_image":[{"width":400,"height":348,"url":"https:\/\/bien-etreiris.ch\/wp-content\/uploads\/2020\/10\/barbe.png","type":"image\/png"}],"twitter_misc":{"Gesch\u00e4tzte Lesezeit":"2\u00a0Minuten"},"schema":{"@context":"https:\/\/schema.org","@graph":[{"@type":"WebPage","@id":"https:\/\/bien-etreiris.ch\/de\/produktpraesentation\/hygiene\/koerperpflege\/seifen\/aleppo-sefen\/aleppo-bartseife\/","url":"https:\/\/bien-etreiris.ch\/de\/produktpraesentation\/hygiene\/koerperpflege\/seifen\/aleppo-sefen\/aleppo-bartseife\/","name":"ALEPPO BARTSEIFE - WOHLBEFINDEN","isPartOf":{"@id":"https:\/\/bien-etreiris.ch\/de\/#website"},"primaryImageOfPage":{"@id":"https:\/\/bien-etreiris.ch\/de\/produktpraesentation\/hygiene\/koerperpflege\/seifen\/aleppo-sefen\/aleppo-bartseife\/#primaryimage"},"image":{"@id":"https:\/\/bien-etreiris.ch\/de\/produktpraesentation\/hygiene\/koerperpflege\/seifen\/aleppo-sefen\/aleppo-bartseife\/#primaryimage"},"thumbnailUrl":"https:\/\/bien-etreiris.ch\/wp-content\/uploads\/2020\/10\/barbe.png","datePublished":"2020-09-17T05:31:04+00:00","dateModified":"2021-06-01T02:48:59+00:00","breadcrumb":{"@id":"https:\/\/bien-etreiris.ch\/de\/produktpraesentation\/hygiene\/koerperpflege\/seifen\/aleppo-sefen\/aleppo-bartseife\/#breadcrumb"},"inLanguage":"de","potentialAction":[{"@type":"ReadAction","target":["https:\/\/bien-etreiris.ch\/de\/produktpraesentation\/hygiene\/koerperpflege\/seifen\/aleppo-sefen\/aleppo-bartseife\/"]}]},{"@type":"ImageObject","inLanguage":"de","@id":"https:\/\/bien-etreiris.ch\/de\/produktpraesentation\/hygiene\/koerperpflege\/seifen\/aleppo-sefen\/aleppo-bartseife\/#primaryimage","url":"https:\/\/bien-etreiris.ch\/wp-content\/uploads\/2020\/10\/barbe.png","contentUrl":"https:\/\/bien-etreiris.ch\/wp-content\/uploads\/2020\/10\/barbe.png","width":400,"height":348},{"@type":"BreadcrumbList","@id":"https:\/\/bien-etreiris.ch\/de\/produktpraesentation\/hygiene\/koerperpflege\/seifen\/aleppo-sefen\/aleppo-bartseife\/#breadcrumb","itemListElement":[{"@type":"ListItem","position":1,"name":"Home","item":"https:\/\/bien-etreiris.ch\/de\/"},{"@type":"ListItem","position":2,"name":"PRODUKTPR\u00c4SENTATION","item":"https:\/\/bien-etreiris.ch\/de\/produktpraesentation\/"},{"@type":"ListItem","position":3,"name":"HYGIENE","item":"https:\/\/bien-etreiris.ch\/de\/produktpraesentation\/hygiene\/"},{"@type":"ListItem","position":4,"name":"K\u00d6RPERPFLEGE","item":"https:\/\/bien-etreiris.ch\/de\/produktpraesentation\/hygiene\/koerperpflege\/"},{"@type":"ListItem","position":5,"name":"SEIFEN","item":"https:\/\/bien-etreiris.ch\/de\/produktpraesentation\/hygiene\/koerperpflege\/seifen\/"},{"@type":"ListItem","position":6,"name":"ALEPPO SEIFEN","item":"https:\/\/bien-etreiris.ch\/de\/produktpraesentation\/hygiene\/koerperpflege\/seifen\/aleppo-sefen\/"},{"@type":"ListItem","position":7,"name":"ALEPPO BARTSEIFE"}]},{"@type":"WebSite","@id":"https:\/\/bien-etreiris.ch\/de\/#website","url":"https:\/\/bien-etreiris.ch\/de\/","name":"Bien-\u00eatre Iris","description":"IHRE Gesundheit ist uns wichtig","potentialAction":[{"@type":"SearchAction","target":{"@type":"EntryPoint","urlTemplate":"https:\/\/bien-etreiris.ch\/de\/?s={search_term_string}"},"query-input":{"@type":"PropertyValueSpecification","valueRequired":true,"valueName":"search_term_string"}}],"inLanguage":"de"}]}},"_links":{"self":[{"href":"https:\/\/bien-etreiris.ch\/de\/wp-json\/wp\/v2\/pages\/48657","targetHints":{"allow":["GET"]}}],"collection":[{"href":"https:\/\/bien-etreiris.ch\/de\/wp-json\/wp\/v2\/pages"}],"about":[{"href":"https:\/\/bien-etreiris.ch\/de\/wp-json\/wp\/v2\/types\/page"}],"author":[{"embeddable":true,"href":"https:\/\/bien-etreiris.ch\/de\/wp-json\/wp\/v2\/users\/1"}],"replies":[{"embeddable":true,"href":"https:\/\/bien-etreiris.ch\/de\/wp-json\/wp\/v2\/comments?post=48657"}],"version-history":[{"count":2,"href":"https:\/\/bien-etreiris.ch\/de\/wp-json\/wp\/v2\/pages\/48657\/revisions"}],"predecessor-version":[{"id":48673,"href":"https:\/\/bien-etreiris.ch\/de\/wp-json\/wp\/v2\/pages\/48657\/revisions\/48673"}],"up":[{"embeddable":true,"href":"https:\/\/bien-etreiris.ch\/de\/wp-json\/wp\/v2\/pages\/90102"}],"wp:featuredmedia":[{"embeddable":true,"href":"https:\/\/bien-etreiris.ch\/de\/wp-json\/wp\/v2\/media\/32700"}],"wp:attachment":[{"href":"https:\/\/bien-etreiris.ch\/de\/wp-json\/wp\/v2\/media?parent=48657"}],"curies":[{"name":"wp","href":"https:\/\/api.w.org\/{rel}","templated":true}]}}