{"id":48653,"date":"2020-09-17T05:26:18","date_gmt":"2020-09-17T05:26:18","guid":{"rendered":"https:\/\/bien-etreiris.ch\/produktpraesentation\/hygiene\/corporelle\/seifen\/savon-d-alep\/authentique\/"},"modified":"2024-09-30T06:59:58","modified_gmt":"2024-09-30T04:59:58","slug":"authentische-seife","status":"publish","type":"page","link":"https:\/\/bien-etreiris.ch\/de\/produktpraesentation\/hygiene\/koerperpflege\/seifen\/aleppo-sefen\/fabriques-a-alep\/authentische-seife\/","title":{"rendered":"AUTHENTISCHE"},"content":{"rendered":"\n<h2>Authentische Seife aus Aleppo<\/h2>\n<p>Das 2004 gegr\u00fcndete Unternehmen <a href=\"https:\/\/bien-etreiris.ch\/de\/unsere-marken\/alepia\/\">Alepia <\/a>bietet eine breite Palette an Alepposeifen und Naturkosmetik, die Tradition, Authentizit\u00e4t und Wirksamkeit miteinander verbinden. Mit m\u00f6glichst wenigen Inhaltsstoffen formuliert, sind unsere Produkte gesund und zertifiziert biologisch und nat\u00fcrlich.<\/p>\n<p>.<\/p>\n<p>&nbsp;<\/p>\n<h2 class=\"h1\">1.) Savon d'Alep Tradition Supr\u00eame<\/h2>\n<p><a href=\"https:\/\/bien-etreiris.ch\/de\/produktpraesentation\/hygiene\/koerperpflege\/seifen\/savon-d-alep\/authentique\/supreme-2\/\" rel=\"attachment wp-att-90020\"><img loading=\"lazy\" decoding=\"async\" class=\"wp-image-90020 alignleft\" src=\"https:\/\/bien-etreiris.ch\/wp-content\/uploads\/2024\/09\/Supreme.jpg\" alt=\"\" width=\"374\" height=\"260\" srcset=\"https:\/\/bien-etreiris.ch\/wp-content\/uploads\/2024\/09\/Supreme.jpg 721w, https:\/\/bien-etreiris.ch\/wp-content\/uploads\/2024\/09\/Supreme-300x208.jpg 300w\" sizes=\"auto, (max-width: 374px) 100vw, 374px\" \/><\/a><\/p>\n<p>&nbsp;<\/p>\n<p><strong><span style=\"color: #99cc00;\"><a style=\"color: #99cc00;\" href=\"https:\/\/bien-etreiris.ch\/de\/unsere-marken\/alepia\/\" target=\"_blank\" rel=\"noopener\">ALEPIA<\/a><\/span><br><\/strong><\/p>\n<p>Poids net : 200g<strong> CHF 7.50<\/strong><\/p>\n<p>Fabriqu\u00e9 \u00e0 Alep (Syrie).<\/p>\n<p>Le Savon d\u2019Alep Tradition Supr\u00eame est destin\u00e9 \u00e0 la toilette quotidienne de toute la famille.<br>C\u2019est un savon d\u2019Alep qui a pour particularit\u00e9 une cuisson tr\u00e8s lente, ce qui le rend particuli\u00e8rement doux pour la peau.<\/p>\n<p>Il s\u2019utilise \u00e9galement en masque du visage pour une peau \u00e9clatante et nette.<\/p>\n<p>Il contient 99% d'huile d'olive et 1% d'huile de baie de laurier.<br>Son fort pourcentage en huile d'Olive lui conf\u00e8re une douceur sans \u00e9gal.<\/p>\n<p>Recommand\u00e9 pour les peaux normales et sensibles.<\/p>\n<h4><strong>Utilisation :<\/strong><\/h4>\n<p>En nettoyant : appliquer sur peau humide, masser et rincer.<\/p>\n<p>En masque visage : laisser poser 2 min et rincer. Renouveler 1 fois par semaine.<\/p>\n<p>&nbsp;<\/p>\n<h4><strong>Ingr\u00e9dients :<\/strong><\/h4>\n<p>Sodium Olivate, Aqua, Sodium Laurus Nobilate, Sodium Hydroxide<\/p>\n<p>&nbsp;<\/p>\n<hr>\n<h2 class=\"product-title text-left\">2.) Savon d'Alep Authentique Tradition 1% Laurier<\/h2>\n<p><a href=\"https:\/\/bien-etreiris.ch\/presentations-des-produits\/hygiene\/corporelle\/savons\/savon-d-alep\/authentique\/attachment\/1\/\" rel=\"attachment wp-att-90017\"><img loading=\"lazy\" decoding=\"async\" class=\"wp-image-90017 alignleft\" src=\"https:\/\/bien-etreiris.ch\/wp-content\/uploads\/2024\/09\/1-.jpg\" alt=\"\" width=\"322\" height=\"392\" srcset=\"https:\/\/bien-etreiris.ch\/wp-content\/uploads\/2024\/09\/1-.jpg 602w, https:\/\/bien-etreiris.ch\/wp-content\/uploads\/2024\/09\/1--246x300.jpg 246w\" sizes=\"auto, (max-width: 322px) 100vw, 322px\" \/><\/a><\/p>\n<p>&nbsp;<\/p>\n<p><strong><span style=\"color: #99cc00;\"><a style=\"color: #99cc00;\" href=\"https:\/\/bien-etreiris.ch\/de\/unsere-marken\/alepia\/\" target=\"_blank\" rel=\"noopener\">ALEPIA<\/a><\/span><br><\/strong><\/p>\n<p>Poids net : 200g<strong> CHF 5.80<\/strong><\/p>\n<p>Fabriqu\u00e9 \u00e0 Alep (Syrie).<\/p>\n<p>\u00c9labor\u00e9 \u00e0 partir d'huiles d'Olive et de baie de Laurier, le savon d\u2019Alep Tradition 1% d'huile de baie de Laurier est destin\u00e9 \u00e0 la toilette quotidienne de toute la famille. Il s\u2019utilise \u00e9galement en masque visage pour une peau \u00e9clatante et nette.<\/p>\n<p>Recommand\u00e9 pour tout type de peau.<\/p>\n<h4><strong>Utilisation :<\/strong><\/h4>\n<p>En nettoyant : appliquer sur la peau humide, masser et rincer.<\/p>\n<p>En masque du visage : laisser poser 2 min puis rincer. Renouveler 1 fois par semaine.<\/p>\n<h4><strong>Ingr\u00e9dients :<\/strong><\/h4>\n<p>Sodium Olivate, Aqua, Sodium Laurus Nobilate, Sodium Hydroxide<\/p>\n<p>&nbsp;<\/p>\n<hr>\n<h2 class=\"h1\">3.) Savon d'Alep Authentique 5% Laurier<\/h2>\n<p><a href=\"https:\/\/bien-etreiris.ch\/presentations-des-produits\/hygiene\/corporelle\/savons\/savon-d-alep\/authentique\/attachment\/5\/\" rel=\"attachment wp-att-90011\"><img loading=\"lazy\" decoding=\"async\" class=\"wp-image-90011 alignleft\" src=\"https:\/\/bien-etreiris.ch\/wp-content\/uploads\/2024\/09\/5-.jpg\" alt=\"\" width=\"310\" height=\"373\" srcset=\"https:\/\/bien-etreiris.ch\/wp-content\/uploads\/2024\/09\/5-.jpg 621w, https:\/\/bien-etreiris.ch\/wp-content\/uploads\/2024\/09\/5--249x300.jpg 249w\" sizes=\"auto, (max-width: 310px) 100vw, 310px\" \/><\/a><\/p>\n<p><span style=\"color: #99cc00;\"><strong><span style=\"color: #99cc00;\"><a style=\"color: #99cc00;\" href=\"https:\/\/bien-etreiris.ch\/de\/unsere-marken\/alepia\/\" target=\"_blank\" rel=\"noopener\">ALEPIA<\/a><\/span><br><\/strong><\/span><\/p>\n<p>Poids net : 200g<strong> CHF 6.80<\/strong><\/p>\n<p>Fabriqu\u00e9 \u00e0 Alep (Syrie).<\/p>\n<p>Elabor\u00e9 \u00e0 partir d'huiles d'Olive et de baie de Laurier, le savon d\u2019Alep 5% d'huile de baie de Laurier est destin\u00e9 \u00e0 la toilette quotidienne de toute la famille. Il s\u2019utilise \u00e9galement en masque visage pour une peau \u00e9clatante et nette.<\/p>\n<p>Recommand\u00e9 pour les peaux normales, sensibles et fragilis\u00e9es.<\/p>\n<h4><strong>Utilisation :<\/strong><\/h4>\n<p>En nettoyant : appliquer sur peau humide, masser puis rincer.<\/p>\n<p>En masque du visage : laisser poser 2min et rincer. Renouveler une fois par semaine.<\/p>\n<h4>Ingr\u00e9dients :<\/h4>\n<p>Sodium Olivate, Aqua, Sodium Laurus Nobilate, Sodium Hydroxide<\/p>\n<p>&nbsp;<\/p>\n<hr>\n<h2 class=\"h1\">4.) Savon d'Alep Authentique 25% Laurier<\/h2>\n<p><a href=\"https:\/\/bien-etreiris.ch\/presentations-des-produits\/hygiene\/corporelle\/savons\/savon-d-alep\/authentique\/attachment\/25\/\" rel=\"attachment wp-att-89992\"><img loading=\"lazy\" decoding=\"async\" class=\"wp-image-89992 alignleft\" src=\"https:\/\/bien-etreiris.ch\/wp-content\/uploads\/2024\/09\/25-.jpg\" alt=\"\" width=\"321\" height=\"388\" srcset=\"https:\/\/bien-etreiris.ch\/wp-content\/uploads\/2024\/09\/25-.jpg 621w, https:\/\/bien-etreiris.ch\/wp-content\/uploads\/2024\/09\/25--248x300.jpg 248w\" sizes=\"auto, (max-width: 321px) 100vw, 321px\" \/><\/a><\/p>\n<p><a href=\"https:\/\/bien-etreiris.ch\/de\/unsere-marken\/alepia\/\" target=\"_blank\" rel=\"noopener\"><span style=\"color: #008000;\"><strong>ALEPIA<\/strong><\/span><\/a><\/p>\n<p>Poids net : 200g<strong> CHF 9.90<\/strong><\/p>\n<p>Fabriqu\u00e9 \u00e0 Alep (Syrie).<\/p>\n\n\n<p>Elabor\u00e9 \u00e0 partir d'huiles d'Olive et de baie de Laurier, le savon d\u2019Alep 25% d'huile de baie de Laurier r\u00e9\u00e9quilibre les peaux mixtes sujettes aux agressions. Il s\u2019utilise \u00e9galement en masque visage pour une peau \u00e9clatante et nette.<\/p>\n<p>Recommand\u00e9 pour les peaux mixtes<\/p>\n<h4><strong>Utilisation :<\/strong><\/h4>\n<p>En nettoyant : appliquer sur peau humide, masser puis rincer.<\/p>\n<p>En masque du visage : laisser poser 2min et rincer. Renouveler une fois par semaine.<\/p>\n<h4><strong>Ingr\u00e9dients :<\/strong><\/h4>\n<p>Sodium Olivate, Sodium Laurus Nobilate, Aqua, Sodium Hydroxide<\/p>\n<p>&nbsp;<\/p>\n<hr>\n<h2 class=\"h1\">5.) Savon d'Alep Authentique 40% Laurier<\/h2>\n<p><a href=\"https:\/\/bien-etreiris.ch\/de\/produktpraesentation\/hygiene\/koerperpflege\/seifen\/savon-d-alep\/authentique\/40-savon-dalep-2\/\" rel=\"attachment wp-att-89989\"><img loading=\"lazy\" decoding=\"async\" class=\"wp-image-89989 alignleft\" src=\"https:\/\/bien-etreiris.ch\/wp-content\/uploads\/2024\/09\/40-Savon-dAlep.jpg\" alt=\"\" width=\"325\" height=\"402\" srcset=\"https:\/\/bien-etreiris.ch\/wp-content\/uploads\/2024\/09\/40-Savon-dAlep.jpg 640w, https:\/\/bien-etreiris.ch\/wp-content\/uploads\/2024\/09\/40-Savon-dAlep-242x300.jpg 242w\" sizes=\"auto, (max-width: 325px) 100vw, 325px\" \/><\/a><\/p>\n<p>&nbsp;<\/p>\n<p><a href=\"https:\/\/bien-etreiris.ch\/de\/unsere-marken\/alepia\/\" target=\"_blank\" rel=\"noopener\"><strong><span style=\"color: #008000;\">ALEPIA<\/span><\/strong><\/a><\/p>\n<p>Poids net : 200g<strong> CHF 9.90<\/strong><\/p>\n<p>Fabriqu\u00e9 \u00e0 Alep (Syrie).<\/p>\n<div class=\"elementor-element elementor-element-7cf5330 elementor-widget elementor-widget-pkproductdescription\" data-id=\"7cf5330\" data-element_type=\"widget\" data-widget_type=\"pkproductdescription.default\">\n<div class=\"elementor-widget-container\">\n<div class=\"short-desc\">\n<p>Elabor\u00e9 \u00e0 partir d'huiles d'Olive et de baie de Laurier, le savon d\u2019Alep 40% d'huile de baie de Laurier est destin\u00e9 \u00e0 la toilette quotidienne de toute la famille. Il s\u2019utilise \u00e9galement en masque visage pour une peau \u00e9clatante et nette.<\/p>\n<p>Recommand\u00e9 pour les peaux \u00e0 probl\u00e8mes.<\/p>\n<h4>Utilisation :<\/h4>\n<p>En nettoyant : appliquer sur peau humide, masser puis rincer.<\/p>\n<p>En masque du visage : laisser poser 2min et rincer. Renouveler une fois par semaine.<\/p>\n<h4>Ingr\u00e9dients :<\/h4>\n<p>Sodium Olivate, Sodium Laurus Nobilate, Aqua, Sodium Hydroxide<\/p>\n<hr><\/div>\n<\/div>\n<\/div>\n<h2 class=\"h1\">6.) Savon d'Alep Surgras<\/h2>\n<p><a href=\"https:\/\/bien-etreiris.ch\/de\/produktpraesentation\/hygiene\/koerperpflege\/seifen\/savon-d-alep\/authentique\/surgras-2\/\" rel=\"attachment wp-att-90023\"><img loading=\"lazy\" decoding=\"async\" class=\"wp-image-90023 alignleft\" src=\"https:\/\/bien-etreiris.ch\/wp-content\/uploads\/2024\/09\/Surgras.jpg\" alt=\"\" width=\"303\" height=\"447\" srcset=\"https:\/\/bien-etreiris.ch\/wp-content\/uploads\/2024\/09\/Surgras.jpg 643w, https:\/\/bien-etreiris.ch\/wp-content\/uploads\/2024\/09\/Surgras-203x300.jpg 203w\" sizes=\"auto, (max-width: 303px) 100vw, 303px\" \/><\/a><\/p>\n<p>&nbsp;<\/p>\n<p>&nbsp;<\/p>\n<p><a href=\"https:\/\/bien-etreiris.ch\/de\/unsere-marken\/alepia\/\" target=\"_blank\" rel=\"noopener\"><strong><span style=\"color: #99cc00;\">ALEPIA<\/span><\/strong><\/a><\/p>\n<p>Poids net : 200g<strong> CHF 9.50<\/strong><\/p>\n<p>Fabriqu\u00e9 \u00e0 Alep (Syrie).<\/p>\n<p>Le Savon d\u2019Alep Surgras est particuli\u00e8rement destin\u00e9 aux peaux s\u00e8ches, matures ou d\u00e9licates.<\/p>\n<h4><strong>Utilisation :<\/strong><\/h4>\n<p>En nettoyant : appliquer sur peau humide, masser et rincer.<\/p>\n<p>En masque visage : laisser poser 2 min et rincer. Renouveler 1 fois par semaine.<\/p>\n<h4><strong>Ingr\u00e9dients :<\/strong><\/h4>\n<p>Sodium Olivate, Aqua, Sodium Laurus Nobilate, Sodium Hydroxide<\/p>\n<p>&nbsp;<\/p>\n<hr>\n<h2 class=\"h1\">7.) Savon d'Alep Authentique&nbsp; en Vrac 35% Laurier<\/h2>\n<p>&nbsp;<\/p>\n<p>Poids net : 200g<strong> CHF 8.50<\/strong><\/p>\n<p>Fabriqu\u00e9 \u00e0 Alep (Syrie).<\/p>","protected":false},"excerpt":{"rendered":"<p>Authentische Seife aus Aleppo Das 2004 gegr\u00fcndete Unternehmen Alepia bietet eine breite Palette an Alepposeifen und Naturkosmetik, die Tradition, Authentizit\u00e4t und Wirksamkeit miteinander verbinden. Mit m\u00f6glichst wenigen Inhaltsstoffen formuliert, sind unsere Produkte gesund und zertifiziert biologisch und nat\u00fcrlich. . &nbsp; 1.) Savon d'Alep Tradition Supr\u00eame &nbsp; ALEPIA Poids net : 200g CHF 7.50 Fabriqu\u00e9 \u00e0 Alep (Syrie). Le Savon d\u2019Alep&nbsp;<a href=\"https:\/\/bien-etreiris.ch\/de\/produktpraesentation\/hygiene\/koerperpflege\/seifen\/aleppo-sefen\/fabriques-a-alep\/authentische-seife\/\" class=\"read-more\">Weiter lesen<\/a><\/p>\n","protected":false},"author":1,"featured_media":48553,"parent":90102,"menu_order":7045,"comment_status":"closed","ping_status":"closed","template":"page-with-child.php","meta":{"_acf_changed":false,"ngg_post_thumbnail":0,"footnotes":""},"class_list":["post-48653","page","type-page","status-publish","has-post-thumbnail","hentry"],"acf":[],"yoast_head":"<!-- This site is optimized with the Yoast SEO plugin v27.5 - https:\/\/yoast.com\/product\/yoast-seo-wordpress\/ -->\n<title>AUTHENTISCHE - WOHLBEFINDEN<\/title>\n<meta name=\"robots\" content=\"index, follow, max-snippet:-1, max-image-preview:large, max-video-preview:-1\" \/>\n<link rel=\"canonical\" href=\"https:\/\/bien-etreiris.ch\/de\/produktpraesentation\/hygiene\/koerperpflege\/seifen\/aleppo-sefen\/authentische-seife\/\" \/>\n<meta property=\"og:locale\" content=\"de_DE\" \/>\n<meta property=\"og:type\" content=\"article\" \/>\n<meta property=\"og:title\" content=\"AUTHENTISCHE - WOHLBEFINDEN\" \/>\n<meta property=\"og:description\" content=\"Authentische Seife aus Aleppo Das 2004 gegr\u00fcndete Unternehmen Alepia bietet eine breite Palette an Alepposeifen und Naturkosmetik, die Tradition, Authentizit\u00e4t und Wirksamkeit miteinander verbinden. Mit m\u00f6glichst wenigen Inhaltsstoffen formuliert, sind unsere Produkte gesund und zertifiziert biologisch und nat\u00fcrlich. . &nbsp; 1.) Savon d&#039;Alep Tradition Supr\u00eame &nbsp; ALEPIA Poids net : 200g CHF 7.50 Fabriqu\u00e9 \u00e0 Alep (Syrie). Le Savon d\u2019Alep&nbsp;Weiter lesen\" \/>\n<meta property=\"og:url\" content=\"https:\/\/bien-etreiris.ch\/de\/produktpraesentation\/hygiene\/koerperpflege\/seifen\/aleppo-sefen\/authentische-seife\/\" \/>\n<meta property=\"og:site_name\" content=\"WOHLBEFINDEN\" \/>\n<meta property=\"article:publisher\" content=\"https:\/\/www.facebook.com\/bienetreiris\/\" \/>\n<meta property=\"article:modified_time\" content=\"2024-09-30T04:59:58+00:00\" \/>\n<meta property=\"og:image\" content=\"https:\/\/bien-etreiris.ch\/wp-content\/uploads\/2021\/05\/Savon-authentique-25.jpg\" \/>\n\t<meta property=\"og:image:width\" content=\"500\" \/>\n\t<meta property=\"og:image:height\" content=\"321\" \/>\n\t<meta property=\"og:image:type\" content=\"image\/jpeg\" \/>\n<meta name=\"twitter:label1\" content=\"Gesch\u00e4tzte Lesezeit\" \/>\n\t<meta name=\"twitter:data1\" content=\"5\u00a0Minuten\" \/>\n<script type=\"application\/ld+json\" class=\"yoast-schema-graph\">{\"@context\":\"https:\\\/\\\/schema.org\",\"@graph\":[{\"@type\":\"WebPage\",\"@id\":\"https:\\\/\\\/bien-etreiris.ch\\\/de\\\/produktpraesentation\\\/hygiene\\\/koerperpflege\\\/seifen\\\/aleppo-sefen\\\/authentische-seife\\\/\",\"url\":\"https:\\\/\\\/bien-etreiris.ch\\\/de\\\/produktpraesentation\\\/hygiene\\\/koerperpflege\\\/seifen\\\/aleppo-sefen\\\/authentische-seife\\\/\",\"name\":\"AUTHENTISCHE - WOHLBEFINDEN\",\"isPartOf\":{\"@id\":\"https:\\\/\\\/bien-etreiris.ch\\\/de\\\/#website\"},\"primaryImageOfPage\":{\"@id\":\"https:\\\/\\\/bien-etreiris.ch\\\/de\\\/produktpraesentation\\\/hygiene\\\/koerperpflege\\\/seifen\\\/aleppo-sefen\\\/authentische-seife\\\/#primaryimage\"},\"image\":{\"@id\":\"https:\\\/\\\/bien-etreiris.ch\\\/de\\\/produktpraesentation\\\/hygiene\\\/koerperpflege\\\/seifen\\\/aleppo-sefen\\\/authentische-seife\\\/#primaryimage\"},\"thumbnailUrl\":\"https:\\\/\\\/bien-etreiris.ch\\\/wp-content\\\/uploads\\\/2021\\\/05\\\/Savon-authentique-25.jpg\",\"datePublished\":\"2020-09-17T05:26:18+00:00\",\"dateModified\":\"2024-09-30T04:59:58+00:00\",\"breadcrumb\":{\"@id\":\"https:\\\/\\\/bien-etreiris.ch\\\/de\\\/produktpraesentation\\\/hygiene\\\/koerperpflege\\\/seifen\\\/aleppo-sefen\\\/authentische-seife\\\/#breadcrumb\"},\"inLanguage\":\"de\",\"potentialAction\":[{\"@type\":\"ReadAction\",\"target\":[\"https:\\\/\\\/bien-etreiris.ch\\\/de\\\/produktpraesentation\\\/hygiene\\\/koerperpflege\\\/seifen\\\/aleppo-sefen\\\/authentische-seife\\\/\"]}]},{\"@type\":\"ImageObject\",\"inLanguage\":\"de\",\"@id\":\"https:\\\/\\\/bien-etreiris.ch\\\/de\\\/produktpraesentation\\\/hygiene\\\/koerperpflege\\\/seifen\\\/aleppo-sefen\\\/authentische-seife\\\/#primaryimage\",\"url\":\"https:\\\/\\\/bien-etreiris.ch\\\/wp-content\\\/uploads\\\/2021\\\/05\\\/Savon-authentique-25.jpg\",\"contentUrl\":\"https:\\\/\\\/bien-etreiris.ch\\\/wp-content\\\/uploads\\\/2021\\\/05\\\/Savon-authentique-25.jpg\",\"width\":500,\"height\":321},{\"@type\":\"BreadcrumbList\",\"@id\":\"https:\\\/\\\/bien-etreiris.ch\\\/de\\\/produktpraesentation\\\/hygiene\\\/koerperpflege\\\/seifen\\\/aleppo-sefen\\\/authentische-seife\\\/#breadcrumb\",\"itemListElement\":[{\"@type\":\"ListItem\",\"position\":1,\"name\":\"Home\",\"item\":\"https:\\\/\\\/bien-etreiris.ch\\\/de\\\/\"},{\"@type\":\"ListItem\",\"position\":2,\"name\":\"PRODUKTPR\u00c4SENTATION\",\"item\":\"https:\\\/\\\/bien-etreiris.ch\\\/de\\\/produktpraesentation\\\/\"},{\"@type\":\"ListItem\",\"position\":3,\"name\":\"HYGIENE\",\"item\":\"https:\\\/\\\/bien-etreiris.ch\\\/de\\\/produktpraesentation\\\/hygiene\\\/\"},{\"@type\":\"ListItem\",\"position\":4,\"name\":\"K\u00d6RPERPFLEGE\",\"item\":\"https:\\\/\\\/bien-etreiris.ch\\\/de\\\/produktpraesentation\\\/hygiene\\\/koerperpflege\\\/\"},{\"@type\":\"ListItem\",\"position\":5,\"name\":\"SEIFEN\",\"item\":\"https:\\\/\\\/bien-etreiris.ch\\\/de\\\/produktpraesentation\\\/hygiene\\\/koerperpflege\\\/seifen\\\/\"},{\"@type\":\"ListItem\",\"position\":6,\"name\":\"ALEPPO SEIFEN\",\"item\":\"https:\\\/\\\/bien-etreiris.ch\\\/de\\\/produktpraesentation\\\/hygiene\\\/koerperpflege\\\/seifen\\\/aleppo-sefen\\\/\"},{\"@type\":\"ListItem\",\"position\":7,\"name\":\"AUTHENTISCHE\"}]},{\"@type\":\"WebSite\",\"@id\":\"https:\\\/\\\/bien-etreiris.ch\\\/de\\\/#website\",\"url\":\"https:\\\/\\\/bien-etreiris.ch\\\/de\\\/\",\"name\":\"Bien-\u00eatre Iris\",\"description\":\"IHRE Gesundheit ist uns wichtig\",\"potentialAction\":[{\"@type\":\"SearchAction\",\"target\":{\"@type\":\"EntryPoint\",\"urlTemplate\":\"https:\\\/\\\/bien-etreiris.ch\\\/de\\\/?s={search_term_string}\"},\"query-input\":{\"@type\":\"PropertyValueSpecification\",\"valueRequired\":true,\"valueName\":\"search_term_string\"}}],\"inLanguage\":\"de\"}]}<\/script>\n<!-- \/ Yoast SEO plugin. -->","yoast_head_json":{"title":"AUTHENTISCHE - WOHLBEFINDEN","robots":{"index":"index","follow":"follow","max-snippet":"max-snippet:-1","max-image-preview":"max-image-preview:large","max-video-preview":"max-video-preview:-1"},"canonical":"https:\/\/bien-etreiris.ch\/de\/produktpraesentation\/hygiene\/koerperpflege\/seifen\/aleppo-sefen\/authentische-seife\/","og_locale":"de_DE","og_type":"article","og_title":"AUTHENTISCHE - WOHLBEFINDEN","og_description":"Authentische Seife aus Aleppo Das 2004 gegr\u00fcndete Unternehmen Alepia bietet eine breite Palette an Alepposeifen und Naturkosmetik, die Tradition, Authentizit\u00e4t und Wirksamkeit miteinander verbinden. Mit m\u00f6glichst wenigen Inhaltsstoffen formuliert, sind unsere Produkte gesund und zertifiziert biologisch und nat\u00fcrlich. . &nbsp; 1.) Savon d'Alep Tradition Supr\u00eame &nbsp; ALEPIA Poids net : 200g CHF 7.50 Fabriqu\u00e9 \u00e0 Alep (Syrie). Le Savon d\u2019Alep&nbsp;Weiter lesen","og_url":"https:\/\/bien-etreiris.ch\/de\/produktpraesentation\/hygiene\/koerperpflege\/seifen\/aleppo-sefen\/authentische-seife\/","og_site_name":"WOHLBEFINDEN","article_publisher":"https:\/\/www.facebook.com\/bienetreiris\/","article_modified_time":"2024-09-30T04:59:58+00:00","og_image":[{"width":500,"height":321,"url":"https:\/\/bien-etreiris.ch\/wp-content\/uploads\/2021\/05\/Savon-authentique-25.jpg","type":"image\/jpeg"}],"twitter_misc":{"Gesch\u00e4tzte Lesezeit":"5\u00a0Minuten"},"schema":{"@context":"https:\/\/schema.org","@graph":[{"@type":"WebPage","@id":"https:\/\/bien-etreiris.ch\/de\/produktpraesentation\/hygiene\/koerperpflege\/seifen\/aleppo-sefen\/authentische-seife\/","url":"https:\/\/bien-etreiris.ch\/de\/produktpraesentation\/hygiene\/koerperpflege\/seifen\/aleppo-sefen\/authentische-seife\/","name":"AUTHENTISCHE - WOHLBEFINDEN","isPartOf":{"@id":"https:\/\/bien-etreiris.ch\/de\/#website"},"primaryImageOfPage":{"@id":"https:\/\/bien-etreiris.ch\/de\/produktpraesentation\/hygiene\/koerperpflege\/seifen\/aleppo-sefen\/authentische-seife\/#primaryimage"},"image":{"@id":"https:\/\/bien-etreiris.ch\/de\/produktpraesentation\/hygiene\/koerperpflege\/seifen\/aleppo-sefen\/authentische-seife\/#primaryimage"},"thumbnailUrl":"https:\/\/bien-etreiris.ch\/wp-content\/uploads\/2021\/05\/Savon-authentique-25.jpg","datePublished":"2020-09-17T05:26:18+00:00","dateModified":"2024-09-30T04:59:58+00:00","breadcrumb":{"@id":"https:\/\/bien-etreiris.ch\/de\/produktpraesentation\/hygiene\/koerperpflege\/seifen\/aleppo-sefen\/authentische-seife\/#breadcrumb"},"inLanguage":"de","potentialAction":[{"@type":"ReadAction","target":["https:\/\/bien-etreiris.ch\/de\/produktpraesentation\/hygiene\/koerperpflege\/seifen\/aleppo-sefen\/authentische-seife\/"]}]},{"@type":"ImageObject","inLanguage":"de","@id":"https:\/\/bien-etreiris.ch\/de\/produktpraesentation\/hygiene\/koerperpflege\/seifen\/aleppo-sefen\/authentische-seife\/#primaryimage","url":"https:\/\/bien-etreiris.ch\/wp-content\/uploads\/2021\/05\/Savon-authentique-25.jpg","contentUrl":"https:\/\/bien-etreiris.ch\/wp-content\/uploads\/2021\/05\/Savon-authentique-25.jpg","width":500,"height":321},{"@type":"BreadcrumbList","@id":"https:\/\/bien-etreiris.ch\/de\/produktpraesentation\/hygiene\/koerperpflege\/seifen\/aleppo-sefen\/authentische-seife\/#breadcrumb","itemListElement":[{"@type":"ListItem","position":1,"name":"Home","item":"https:\/\/bien-etreiris.ch\/de\/"},{"@type":"ListItem","position":2,"name":"PRODUKTPR\u00c4SENTATION","item":"https:\/\/bien-etreiris.ch\/de\/produktpraesentation\/"},{"@type":"ListItem","position":3,"name":"HYGIENE","item":"https:\/\/bien-etreiris.ch\/de\/produktpraesentation\/hygiene\/"},{"@type":"ListItem","position":4,"name":"K\u00d6RPERPFLEGE","item":"https:\/\/bien-etreiris.ch\/de\/produktpraesentation\/hygiene\/koerperpflege\/"},{"@type":"ListItem","position":5,"name":"SEIFEN","item":"https:\/\/bien-etreiris.ch\/de\/produktpraesentation\/hygiene\/koerperpflege\/seifen\/"},{"@type":"ListItem","position":6,"name":"ALEPPO SEIFEN","item":"https:\/\/bien-etreiris.ch\/de\/produktpraesentation\/hygiene\/koerperpflege\/seifen\/aleppo-sefen\/"},{"@type":"ListItem","position":7,"name":"AUTHENTISCHE"}]},{"@type":"WebSite","@id":"https:\/\/bien-etreiris.ch\/de\/#website","url":"https:\/\/bien-etreiris.ch\/de\/","name":"Bien-\u00eatre Iris","description":"IHRE Gesundheit ist uns wichtig","potentialAction":[{"@type":"SearchAction","target":{"@type":"EntryPoint","urlTemplate":"https:\/\/bien-etreiris.ch\/de\/?s={search_term_string}"},"query-input":{"@type":"PropertyValueSpecification","valueRequired":true,"valueName":"search_term_string"}}],"inLanguage":"de"}]}},"_links":{"self":[{"href":"https:\/\/bien-etreiris.ch\/de\/wp-json\/wp\/v2\/pages\/48653","targetHints":{"allow":["GET"]}}],"collection":[{"href":"https:\/\/bien-etreiris.ch\/de\/wp-json\/wp\/v2\/pages"}],"about":[{"href":"https:\/\/bien-etreiris.ch\/de\/wp-json\/wp\/v2\/types\/page"}],"author":[{"embeddable":true,"href":"https:\/\/bien-etreiris.ch\/de\/wp-json\/wp\/v2\/users\/1"}],"replies":[{"embeddable":true,"href":"https:\/\/bien-etreiris.ch\/de\/wp-json\/wp\/v2\/comments?post=48653"}],"version-history":[{"count":9,"href":"https:\/\/bien-etreiris.ch\/de\/wp-json\/wp\/v2\/pages\/48653\/revisions"}],"predecessor-version":[{"id":90060,"href":"https:\/\/bien-etreiris.ch\/de\/wp-json\/wp\/v2\/pages\/48653\/revisions\/90060"}],"up":[{"embeddable":true,"href":"https:\/\/bien-etreiris.ch\/de\/wp-json\/wp\/v2\/pages\/90102"}],"wp:featuredmedia":[{"embeddable":true,"href":"https:\/\/bien-etreiris.ch\/de\/wp-json\/wp\/v2\/media\/48553"}],"wp:attachment":[{"href":"https:\/\/bien-etreiris.ch\/de\/wp-json\/wp\/v2\/media?parent=48653"}],"curies":[{"name":"wp","href":"https:\/\/api.w.org\/{rel}","templated":true}]}}