{"id":48630,"date":"2021-06-01T03:24:31","date_gmt":"2021-06-01T01:24:31","guid":{"rendered":"https:\/\/bien-etreiris.ch\/?page_id=48630"},"modified":"2021-07-18T10:46:21","modified_gmt":"2021-07-18T08:46:21","slug":"geschichte-der-aleppo-seife","status":"publish","type":"page","link":"https:\/\/bien-etreiris.ch\/de\/ratgeber-klarheit-beratung\/mehr-erfahren\/seifen\/geschichte-der-aleppo-seife\/","title":{"rendered":"GESCHICHTE DER ALEPPO-SEIFE"},"content":{"rendered":"\n<h2>Geschichte der Aleppo-Seife<\/h2>\n<p>Nach den Ereignissen, die das syrische Volk betroffen haben, haben wir auf dem Plateau Briard eine handwerkliche Aleppo-Seifenfabrik gebaut, die von unserem syrischen Seifenmeister geleitet wird.<br>Wir sind stolz darauf, die uralte Tradition dieser tausend Jahre alten Seife fortzuf\u00fchren. Deshalb bieten wir die syrische Aleppo-Seife und die franz\u00f6sische Aleppo-Seife an, wobei wir die gleichen Zutaten und den gleichen Herstellungsprozess verwenden.<br>Ist die Aleppo-Seife aus unserer Fabrik in Frankreich genauso gut wie ihr syrisches Pendant?<br>Ja, nat\u00fcrlich, denn es verbindet syrisches Know-how mit franz\u00f6sischen Qualit\u00e4tsstandards, den anspruchsvollsten der Welt.<br>Au\u00dferdem ist es eine Alepia-Seife: wir w\u00e4hlen die besten nativen \u00d6le, was unserer Seife einen unbestreitbaren Mehrwert verleiht.<br>Schlie\u00dflich sind wir, da wir es selbst herstellen, dem Anteil des \u00d6l-Lorbeers verpflichtet. So ist auf unseren Aleppo-Seifen mit jeweils 5%, 25% und 40% Lorbeer\u00f6l der Prozentsatz des Lorbeers eingraviert.<br>Die Aleppo-Seife, die wir in Frankreich mit unserem Seifensiedermeister herstellen, ist derzeit die beste f\u00fcr ihre hohe Qualit\u00e4t, und ihr Anteil an Lorbeer ist garantiert.<\/p>\n<p>Aleppo ist eine Stadt in Syrien. Sie ist die \u00e4lteste noch bewohnte Stadt der Welt:<br>Diese Bilder von Aleppo wurden im Jahr 2005 aufgenommen. Leider hat der Krieg diese Stadt verw\u00fcstet, deren Bev\u00f6lkerung sehr gelitten hat<\/p>\n<p>Hier sind einige Bilder, um diese tausendj\u00e4hrige Stadt zu pr\u00e4sentieren. Seine Gr\u00fcndung geht auf 4500 Jahre vor Chr. zur\u00fcck.<\/p>\n<h4>DIE URSPR\u00dcNGE<\/h4>\n<p>Die ersten Seifen der Welt wurden in Aleppo hergestellt. Diese aus Aleppo stammenden Seifen wurden wahrscheinlich von den Kreuzrittern in Europa eingef\u00fchrt.<\/p>\n<p>Im zw\u00f6lften Jahrhundert entstehen dann die ersten Seifenfabriken in Europa, in Spanien und in Marseille.<\/p>\n<p>Aber die echte Seife von Aleppo wird immer noch in Aleppo hergestellt, wo sie erfunden wurde, nach dem ber\u00fchmten handwerklichen Verfahren im Kessel, das seit Anbeginn der Zeit identisch geblieben ist und dessen Geheimnis eifers\u00fcchtig vom Vater auf den Sohn weitergegeben wird.<\/p>\n<p>Diese reine Jahrtausende alte Tradition wird bis heute von Generation zu Generation von den ber\u00fchmten Seifenmachermeistern von Aleppo weitergef\u00fchrt.<\/p>\n<h4>DIE FERTIGUNG<\/h4>\n<p>Jedes Jahr im Dezember und Januar, nach der Olivenernte und der Gewinnung des \u00d6ls, wiederholt sich das gleiche Ritual in den Seifenfabriken von Aleppo.<\/p>\n<p>Das edle Oliven\u00f6l wird mit Wasser und Soda ganz langsam in einem gro\u00dfen Kessel gekocht, ganz nach der Tradition des alten Verseifungsprozesses.<\/p>\n<p>Am Ende des Kochens, wenn sich das Oliven\u00f6l in eine Seifenpaste verwandelt hat, wird Lorbeer\u00f6l hinzugef\u00fcgt, um es zu bereichern und zu parf\u00fcmieren. Der Preis der Aleppo-Seife h\u00e4ngt weitgehend von der Menge dieses kostbaren Lorbeer\u00f6ls in ihrer Zusammensetzung ab.<\/p>\n<p><br>Am Ende des Kochens wird die Paste auf dem Boden verteilt und dann von Hand geschnitten.<\/p>\n<p>Die noch gr\u00fcnen Seifenst\u00fccke werden in versetzten Reihen gestapelt, um lange Zeit unter freiem Himmel zu reifen. Aleppo-Seife trocknet zehn Monate lang.<\/p>\n<p>Die Aleppo-Seife verliert dann allm\u00e4hlich ihre urspr\u00fcngliche gr\u00fcne Farbe zugunsten eines goldenen Farbtons, der durch die Einwirkung von Luft und Licht auf das Chlorophyll des Oliven\u00f6ls entsteht.<\/p>\n","protected":false},"excerpt":{"rendered":"<p>Geschichte der Aleppo-Seife Nach den Ereignissen, die das syrische Volk betroffen haben, haben wir auf dem Plateau Briard eine handwerkliche Aleppo-Seifenfabrik gebaut, die von unserem syrischen Seifenmeister geleitet wird.Wir sind stolz darauf, die uralte Tradition dieser tausend Jahre alten Seife fortzuf\u00fchren. Deshalb bieten wir die syrische Aleppo-Seife und die franz\u00f6sische Aleppo-Seife an, wobei wir die gleichen Zutaten und den gleichen&nbsp;<a href=\"https:\/\/bien-etreiris.ch\/de\/ratgeber-klarheit-beratung\/mehr-erfahren\/seifen\/geschichte-der-aleppo-seife\/\" class=\"read-more\">Weiter lesen<\/a><\/p>\n","protected":false},"author":1,"featured_media":50925,"parent":50918,"menu_order":5353,"comment_status":"closed","ping_status":"closed","template":"page-with-child.php","meta":{"_acf_changed":false,"ngg_post_thumbnail":0,"footnotes":""},"class_list":["post-48630","page","type-page","status-publish","has-post-thumbnail","hentry"],"acf":[],"yoast_head":"<!-- This site is optimized with the Yoast SEO plugin v27.3 - https:\/\/yoast.com\/product\/yoast-seo-wordpress\/ -->\n<title>GESCHICHTE DER ALEPPO-SEIFE - WOHLBEFINDEN<\/title>\n<meta name=\"robots\" content=\"index, follow, max-snippet:-1, max-image-preview:large, max-video-preview:-1\" \/>\n<link rel=\"canonical\" href=\"https:\/\/bien-etreiris.ch\/de\/ratgeber-klarheit-beratung\/mehr-erfahren\/seifen\/geschichte-der-aleppo-seife\/\" \/>\n<meta property=\"og:locale\" content=\"de_DE\" \/>\n<meta property=\"og:type\" content=\"article\" \/>\n<meta property=\"og:title\" content=\"GESCHICHTE DER ALEPPO-SEIFE - WOHLBEFINDEN\" \/>\n<meta property=\"og:description\" content=\"Geschichte der Aleppo-Seife Nach den Ereignissen, die das syrische Volk betroffen haben, haben wir auf dem Plateau Briard eine handwerkliche Aleppo-Seifenfabrik gebaut, die von unserem syrischen Seifenmeister geleitet wird.Wir sind stolz darauf, die uralte Tradition dieser tausend Jahre alten Seife fortzuf\u00fchren. Deshalb bieten wir die syrische Aleppo-Seife und die franz\u00f6sische Aleppo-Seife an, wobei wir die gleichen Zutaten und den gleichen&nbsp;Weiter lesen\" \/>\n<meta property=\"og:url\" content=\"https:\/\/bien-etreiris.ch\/de\/ratgeber-klarheit-beratung\/mehr-erfahren\/seifen\/geschichte-der-aleppo-seife\/\" \/>\n<meta property=\"og:site_name\" content=\"WOHLBEFINDEN\" \/>\n<meta property=\"article:publisher\" content=\"https:\/\/www.facebook.com\/bienetreiris\/\" \/>\n<meta property=\"article:modified_time\" content=\"2021-07-18T08:46:21+00:00\" \/>\n<meta property=\"og:image\" content=\"https:\/\/bien-etreiris.ch\/wp-content\/uploads\/2021\/06\/Acceuil-5.jpg\" \/>\n\t<meta property=\"og:image:width\" content=\"500\" \/>\n\t<meta property=\"og:image:height\" content=\"350\" \/>\n\t<meta property=\"og:image:type\" content=\"image\/jpeg\" \/>\n<meta name=\"twitter:label1\" content=\"Gesch\u00e4tzte Lesezeit\" \/>\n\t<meta name=\"twitter:data1\" content=\"3\u00a0Minuten\" \/>\n<script type=\"application\/ld+json\" class=\"yoast-schema-graph\">{\"@context\":\"https:\\\/\\\/schema.org\",\"@graph\":[{\"@type\":\"WebPage\",\"@id\":\"https:\\\/\\\/bien-etreiris.ch\\\/de\\\/ratgeber-klarheit-beratung\\\/mehr-erfahren\\\/seifen\\\/geschichte-der-aleppo-seife\\\/\",\"url\":\"https:\\\/\\\/bien-etreiris.ch\\\/de\\\/ratgeber-klarheit-beratung\\\/mehr-erfahren\\\/seifen\\\/geschichte-der-aleppo-seife\\\/\",\"name\":\"GESCHICHTE DER ALEPPO-SEIFE - WOHLBEFINDEN\",\"isPartOf\":{\"@id\":\"https:\\\/\\\/bien-etreiris.ch\\\/de\\\/#website\"},\"primaryImageOfPage\":{\"@id\":\"https:\\\/\\\/bien-etreiris.ch\\\/de\\\/ratgeber-klarheit-beratung\\\/mehr-erfahren\\\/seifen\\\/geschichte-der-aleppo-seife\\\/#primaryimage\"},\"image\":{\"@id\":\"https:\\\/\\\/bien-etreiris.ch\\\/de\\\/ratgeber-klarheit-beratung\\\/mehr-erfahren\\\/seifen\\\/geschichte-der-aleppo-seife\\\/#primaryimage\"},\"thumbnailUrl\":\"https:\\\/\\\/bien-etreiris.ch\\\/wp-content\\\/uploads\\\/2021\\\/06\\\/Acceuil-5.jpg\",\"datePublished\":\"2021-06-01T01:24:31+00:00\",\"dateModified\":\"2021-07-18T08:46:21+00:00\",\"breadcrumb\":{\"@id\":\"https:\\\/\\\/bien-etreiris.ch\\\/de\\\/ratgeber-klarheit-beratung\\\/mehr-erfahren\\\/seifen\\\/geschichte-der-aleppo-seife\\\/#breadcrumb\"},\"inLanguage\":\"de\",\"potentialAction\":[{\"@type\":\"ReadAction\",\"target\":[\"https:\\\/\\\/bien-etreiris.ch\\\/de\\\/ratgeber-klarheit-beratung\\\/mehr-erfahren\\\/seifen\\\/geschichte-der-aleppo-seife\\\/\"]}]},{\"@type\":\"ImageObject\",\"inLanguage\":\"de\",\"@id\":\"https:\\\/\\\/bien-etreiris.ch\\\/de\\\/ratgeber-klarheit-beratung\\\/mehr-erfahren\\\/seifen\\\/geschichte-der-aleppo-seife\\\/#primaryimage\",\"url\":\"https:\\\/\\\/bien-etreiris.ch\\\/wp-content\\\/uploads\\\/2021\\\/06\\\/Acceuil-5.jpg\",\"contentUrl\":\"https:\\\/\\\/bien-etreiris.ch\\\/wp-content\\\/uploads\\\/2021\\\/06\\\/Acceuil-5.jpg\",\"width\":500,\"height\":350},{\"@type\":\"BreadcrumbList\",\"@id\":\"https:\\\/\\\/bien-etreiris.ch\\\/de\\\/ratgeber-klarheit-beratung\\\/mehr-erfahren\\\/seifen\\\/geschichte-der-aleppo-seife\\\/#breadcrumb\",\"itemListElement\":[{\"@type\":\"ListItem\",\"position\":1,\"name\":\"Home\",\"item\":\"https:\\\/\\\/bien-etreiris.ch\\\/de\\\/\"},{\"@type\":\"ListItem\",\"position\":2,\"name\":\"RATGEBER &#038; KLARHEIT\",\"item\":\"https:\\\/\\\/bien-etreiris.ch\\\/de\\\/ratgeber-klarheit-beratung\\\/\"},{\"@type\":\"ListItem\",\"position\":3,\"name\":\"MEHR ERFAHREN\",\"item\":\"https:\\\/\\\/bien-etreiris.ch\\\/de\\\/ratgeber-klarheit-beratung\\\/mehr-erfahren\\\/\"},{\"@type\":\"ListItem\",\"position\":4,\"name\":\"SEIFEN\",\"item\":\"https:\\\/\\\/bien-etreiris.ch\\\/de\\\/ratgeber-klarheit-beratung\\\/mehr-erfahren\\\/seifen\\\/\"},{\"@type\":\"ListItem\",\"position\":5,\"name\":\"GESCHICHTE DER ALEPPO-SEIFE\"}]},{\"@type\":\"WebSite\",\"@id\":\"https:\\\/\\\/bien-etreiris.ch\\\/de\\\/#website\",\"url\":\"https:\\\/\\\/bien-etreiris.ch\\\/de\\\/\",\"name\":\"Bien-\u00eatre Iris\",\"description\":\"IHRE Gesundheit ist uns wichtig\",\"potentialAction\":[{\"@type\":\"SearchAction\",\"target\":{\"@type\":\"EntryPoint\",\"urlTemplate\":\"https:\\\/\\\/bien-etreiris.ch\\\/de\\\/?s={search_term_string}\"},\"query-input\":{\"@type\":\"PropertyValueSpecification\",\"valueRequired\":true,\"valueName\":\"search_term_string\"}}],\"inLanguage\":\"de\"}]}<\/script>\n<!-- \/ Yoast SEO plugin. -->","yoast_head_json":{"title":"GESCHICHTE DER ALEPPO-SEIFE - WOHLBEFINDEN","robots":{"index":"index","follow":"follow","max-snippet":"max-snippet:-1","max-image-preview":"max-image-preview:large","max-video-preview":"max-video-preview:-1"},"canonical":"https:\/\/bien-etreiris.ch\/de\/ratgeber-klarheit-beratung\/mehr-erfahren\/seifen\/geschichte-der-aleppo-seife\/","og_locale":"de_DE","og_type":"article","og_title":"GESCHICHTE DER ALEPPO-SEIFE - WOHLBEFINDEN","og_description":"Geschichte der Aleppo-Seife Nach den Ereignissen, die das syrische Volk betroffen haben, haben wir auf dem Plateau Briard eine handwerkliche Aleppo-Seifenfabrik gebaut, die von unserem syrischen Seifenmeister geleitet wird.Wir sind stolz darauf, die uralte Tradition dieser tausend Jahre alten Seife fortzuf\u00fchren. Deshalb bieten wir die syrische Aleppo-Seife und die franz\u00f6sische Aleppo-Seife an, wobei wir die gleichen Zutaten und den gleichen&nbsp;Weiter lesen","og_url":"https:\/\/bien-etreiris.ch\/de\/ratgeber-klarheit-beratung\/mehr-erfahren\/seifen\/geschichte-der-aleppo-seife\/","og_site_name":"WOHLBEFINDEN","article_publisher":"https:\/\/www.facebook.com\/bienetreiris\/","article_modified_time":"2021-07-18T08:46:21+00:00","og_image":[{"width":500,"height":350,"url":"https:\/\/bien-etreiris.ch\/wp-content\/uploads\/2021\/06\/Acceuil-5.jpg","type":"image\/jpeg"}],"twitter_misc":{"Gesch\u00e4tzte Lesezeit":"3\u00a0Minuten"},"schema":{"@context":"https:\/\/schema.org","@graph":[{"@type":"WebPage","@id":"https:\/\/bien-etreiris.ch\/de\/ratgeber-klarheit-beratung\/mehr-erfahren\/seifen\/geschichte-der-aleppo-seife\/","url":"https:\/\/bien-etreiris.ch\/de\/ratgeber-klarheit-beratung\/mehr-erfahren\/seifen\/geschichte-der-aleppo-seife\/","name":"GESCHICHTE DER ALEPPO-SEIFE - WOHLBEFINDEN","isPartOf":{"@id":"https:\/\/bien-etreiris.ch\/de\/#website"},"primaryImageOfPage":{"@id":"https:\/\/bien-etreiris.ch\/de\/ratgeber-klarheit-beratung\/mehr-erfahren\/seifen\/geschichte-der-aleppo-seife\/#primaryimage"},"image":{"@id":"https:\/\/bien-etreiris.ch\/de\/ratgeber-klarheit-beratung\/mehr-erfahren\/seifen\/geschichte-der-aleppo-seife\/#primaryimage"},"thumbnailUrl":"https:\/\/bien-etreiris.ch\/wp-content\/uploads\/2021\/06\/Acceuil-5.jpg","datePublished":"2021-06-01T01:24:31+00:00","dateModified":"2021-07-18T08:46:21+00:00","breadcrumb":{"@id":"https:\/\/bien-etreiris.ch\/de\/ratgeber-klarheit-beratung\/mehr-erfahren\/seifen\/geschichte-der-aleppo-seife\/#breadcrumb"},"inLanguage":"de","potentialAction":[{"@type":"ReadAction","target":["https:\/\/bien-etreiris.ch\/de\/ratgeber-klarheit-beratung\/mehr-erfahren\/seifen\/geschichte-der-aleppo-seife\/"]}]},{"@type":"ImageObject","inLanguage":"de","@id":"https:\/\/bien-etreiris.ch\/de\/ratgeber-klarheit-beratung\/mehr-erfahren\/seifen\/geschichte-der-aleppo-seife\/#primaryimage","url":"https:\/\/bien-etreiris.ch\/wp-content\/uploads\/2021\/06\/Acceuil-5.jpg","contentUrl":"https:\/\/bien-etreiris.ch\/wp-content\/uploads\/2021\/06\/Acceuil-5.jpg","width":500,"height":350},{"@type":"BreadcrumbList","@id":"https:\/\/bien-etreiris.ch\/de\/ratgeber-klarheit-beratung\/mehr-erfahren\/seifen\/geschichte-der-aleppo-seife\/#breadcrumb","itemListElement":[{"@type":"ListItem","position":1,"name":"Home","item":"https:\/\/bien-etreiris.ch\/de\/"},{"@type":"ListItem","position":2,"name":"RATGEBER &#038; KLARHEIT","item":"https:\/\/bien-etreiris.ch\/de\/ratgeber-klarheit-beratung\/"},{"@type":"ListItem","position":3,"name":"MEHR ERFAHREN","item":"https:\/\/bien-etreiris.ch\/de\/ratgeber-klarheit-beratung\/mehr-erfahren\/"},{"@type":"ListItem","position":4,"name":"SEIFEN","item":"https:\/\/bien-etreiris.ch\/de\/ratgeber-klarheit-beratung\/mehr-erfahren\/seifen\/"},{"@type":"ListItem","position":5,"name":"GESCHICHTE DER ALEPPO-SEIFE"}]},{"@type":"WebSite","@id":"https:\/\/bien-etreiris.ch\/de\/#website","url":"https:\/\/bien-etreiris.ch\/de\/","name":"Bien-\u00eatre Iris","description":"IHRE Gesundheit ist uns wichtig","potentialAction":[{"@type":"SearchAction","target":{"@type":"EntryPoint","urlTemplate":"https:\/\/bien-etreiris.ch\/de\/?s={search_term_string}"},"query-input":{"@type":"PropertyValueSpecification","valueRequired":true,"valueName":"search_term_string"}}],"inLanguage":"de"}]}},"_links":{"self":[{"href":"https:\/\/bien-etreiris.ch\/de\/wp-json\/wp\/v2\/pages\/48630","targetHints":{"allow":["GET"]}}],"collection":[{"href":"https:\/\/bien-etreiris.ch\/de\/wp-json\/wp\/v2\/pages"}],"about":[{"href":"https:\/\/bien-etreiris.ch\/de\/wp-json\/wp\/v2\/types\/page"}],"author":[{"embeddable":true,"href":"https:\/\/bien-etreiris.ch\/de\/wp-json\/wp\/v2\/users\/1"}],"replies":[{"embeddable":true,"href":"https:\/\/bien-etreiris.ch\/de\/wp-json\/wp\/v2\/comments?post=48630"}],"version-history":[{"count":4,"href":"https:\/\/bien-etreiris.ch\/de\/wp-json\/wp\/v2\/pages\/48630\/revisions"}],"predecessor-version":[{"id":52466,"href":"https:\/\/bien-etreiris.ch\/de\/wp-json\/wp\/v2\/pages\/48630\/revisions\/52466"}],"up":[{"embeddable":true,"href":"https:\/\/bien-etreiris.ch\/de\/wp-json\/wp\/v2\/pages\/50918"}],"wp:featuredmedia":[{"embeddable":true,"href":"https:\/\/bien-etreiris.ch\/de\/wp-json\/wp\/v2\/media\/50925"}],"wp:attachment":[{"href":"https:\/\/bien-etreiris.ch\/de\/wp-json\/wp\/v2\/media?parent=48630"}],"curies":[{"name":"wp","href":"https:\/\/api.w.org\/{rel}","templated":true}]}}