{"id":48599,"date":"2020-09-17T05:42:24","date_gmt":"2020-09-17T05:42:24","guid":{"rendered":"https:\/\/bien-etreiris.ch\/produktpraesentation\/hygiene\/corporelle\/seifen\/seife-alepia\/savon-noir\/"},"modified":"2021-06-01T08:58:56","modified_gmt":"2021-06-01T06:58:56","slug":"schmierseife-fuer-den-koerper","status":"publish","type":"page","link":"https:\/\/bien-etreiris.ch\/de\/produktpraesentation\/hygiene\/koerperpflege\/seifen\/schmierseife-fuer-den-koerper\/","title":{"rendered":"SCHMIERSEIFE"},"content":{"rendered":"\n<h2>Schmierseife<\/h2>\n<p>Ob Super aus Marokko oder Premium Aleppo, die schwarze Seife von Alepia wird mit edlen Zutaten f\u00fcr Ihre Zufriedenheit hergestellt. Da die Seife aus einem uralten Herstellungsverfahren auf Basis von 100 % nat\u00fcrlichen \u00d6len stammt, ist sie frei von Duft- und Farbstoffen. Nat\u00fcrlich und umweltfreundlich, kann es die Haut gr\u00fcndlich reinigen und ...<\/p>\n<p><a href=\"https:\/\/bien-etreiris.ch\/wp-content\/uploads\/2021\/06\/Savon-noir-lhuile-essentielle-deucalyptus-supreme.png\"><img loading=\"lazy\" decoding=\"async\" class=\"alignnone size-medium wp-image-48640\" src=\"https:\/\/bien-etreiris.ch\/wp-content\/uploads\/2021\/06\/Savon-noir-lhuile-essentielle-deucalyptus-supreme-300x257.png\" alt=\"\" width=\"300\" height=\"257\" srcset=\"https:\/\/bien-etreiris.ch\/wp-content\/uploads\/2021\/06\/Savon-noir-lhuile-essentielle-deucalyptus-supreme-300x257.png 300w, https:\/\/bien-etreiris.ch\/wp-content\/uploads\/2021\/06\/Savon-noir-lhuile-essentielle-deucalyptus-supreme.png 460w\" sizes=\"auto, (max-width: 300px) 100vw, 300px\" \/><\/a><\/p>\n<p>&nbsp;<\/p>\n<p>Zutaten: Aqua (Wasser), Kalium Olivate, Glycerin*, Eucalyptus Globulus Leaf Oil, Limonene**, Kaliumhydroxid<\/p>\n<p>* Glycerin aus der Verseifung von Oliven\u00f6l<\/p>\n<p>** nat\u00fcrlich im \u00e4therischen Eukalyptus\u00f6l enthalten<\/p>\n<h4>Gebrauchsanweisung<\/h4>\n<p><br>Um ein gutes Peeling zu machen, m\u00fcssen Sie sich Zeit nehmen. Bevorzugen Sie zum Beispiel den Sonntag. In jedem Fall ist es nicht sinnvoll, dies mehr als einmal pro Woche zu tun.<br>Zuerst m\u00fcssen Sie das Bad zu heizen, tauchen Sie Ihren K\u00f6rper in sehr hei\u00dfem Wasser (aber nicht hei\u00df!), so dass die Haut ist gut hydratisiert f\u00fcr mehrere lange Minuten.<br>Anschlie\u00dfend schwarze Seife auftragen. 5 Minuten einwirken lassen und dann mit hei\u00dfem Wasser absp\u00fclen: Die Haut ist nun bereit f\u00fcr das Peeling.<br>Reiben Sie den K\u00f6rper fest mit der Kessa ein, das Gesicht mit einem Meeresschwamm. Die abgestorbene Haut wird durch Ablagerungen mit verschiedenem Schmutz und anderen Giftstoffen beseitigt, ein bisschen wie ein Kaugummi, den wir auf Papier reiben w\u00fcrden.<br>Sp\u00fclen Sie mit warmem Wasser (dieses Mal nicht hei\u00df, um Markierungen zu vermeiden).<\/p>\n<p>&nbsp;<\/p>\n<p>&nbsp;<\/p>\n<p>&nbsp;<\/p>\n<p>&nbsp;<\/p>\n<hr>\n<p>&nbsp;<\/p>\n\n\n\n<p>Es wird mit nativem Bio-Oliven\u00f6l hergestellt und hat eine helle, pastellgr\u00fcne Farbe, die f\u00fcr natives Oliven\u00f6l charakteristisch ist. Diese schwarze Bio-Seife hat eine grosse feuchtigkeitsspendende Kraft. Es ist sehr sanft f\u00fcr alle Hauttypen, selbst f\u00fcr die empfindlichsten. Es befreit die Haut von Unreinheiten, abgestorbener Haut und Giftstoffen. Zur Verwendung mit einem Kessa-Schrubbhandschuh<\/p>\n<p><a href=\"https:\/\/bien-etreiris.ch\/wp-content\/uploads\/2021\/06\/Savon-noir-lhuile-essentielle-deucalyptus-BIO.jpg\"><img loading=\"lazy\" decoding=\"async\" class=\"size-medium wp-image-48643 alignleft\" src=\"https:\/\/bien-etreiris.ch\/wp-content\/uploads\/2021\/06\/Savon-noir-lhuile-essentielle-deucalyptus-BIO-300x300.jpg\" alt=\"\" width=\"300\" height=\"300\" srcset=\"https:\/\/bien-etreiris.ch\/wp-content\/uploads\/2021\/06\/Savon-noir-lhuile-essentielle-deucalyptus-BIO-300x300.jpg 300w, https:\/\/bien-etreiris.ch\/wp-content\/uploads\/2021\/06\/Savon-noir-lhuile-essentielle-deucalyptus-BIO-150x150.jpg 150w, https:\/\/bien-etreiris.ch\/wp-content\/uploads\/2021\/06\/Savon-noir-lhuile-essentielle-deucalyptus-BIO-768x768.jpg 768w, https:\/\/bien-etreiris.ch\/wp-content\/uploads\/2021\/06\/Savon-noir-lhuile-essentielle-deucalyptus-BIO.jpg 800w\" sizes=\"auto, (max-width: 300px) 100vw, 300px\" \/><\/a><\/p>\n<p>&nbsp;<\/p>\n<p>&nbsp;<\/p>\n<p>&nbsp;<\/p>\n<p><br>Seine h\u00fcbsche hellgr\u00fcn-pastellfarbene Farbe ist die des nativen Bio-Oliven\u00f6ls erster Wahl.<\/p>\n<p>Beh\u00e4lter: ab 200 Gramm CHF<\/p>\n<p>&nbsp;<\/p>\n<p>&nbsp;<\/p>\n<p>&nbsp;<\/p>\n<p>&nbsp;<\/p>\n<p><br>Zutaten: Aqua (Wasser), Potassium Olivate, Glycerin, Eucalyptus Globulus Leaf Oil, Limonene, Potassium Hydroxide<\/p>\n<p>&nbsp;<\/p>\n<p><br>Gebrauchsanweisung:<\/p>\n<p>Um ein gutes Peeling zu machen, m\u00fcssen Sie sich Zeit nehmen. Bevorzugen Sie zum Beispiel den Sonntag. In jedem Fall ist es nicht sinnvoll, dies mehr als einmal pro Woche zu tun.<br>Zuerst m\u00fcssen Sie das Bad zu heizen, tauchen Sie Ihren K\u00f6rper in sehr hei\u00dfem Wasser (aber nicht hei\u00df!), so dass die Haut ist gut hydratisiert f\u00fcr mehrere lange Minuten.<br>Anschlie\u00dfend schwarze Seife auftragen. 5 Minuten einwirken lassen und dann mit hei\u00dfem Wasser absp\u00fclen: Die Haut ist nun bereit f\u00fcr das Peeling.<br>Reiben Sie den K\u00f6rper fest mit der Kessa ein, das Gesicht mit einem Meeresschwamm. Die abgestorbene Haut wird durch Ablagerungen mit verschiedenem Schmutz und anderen Giftstoffen beseitigt, ein bisschen wie ein Kaugummi, den wir auf Papier reiben w\u00fcrden.<br>Sp\u00fclen Sie mit warmem Wasser (dieses Mal nicht hei\u00df, um Markierungen zu vermeiden).<\/p>\n","protected":false},"excerpt":{"rendered":"<p>Schmierseife Ob Super aus Marokko oder Premium Aleppo, die schwarze Seife von Alepia wird mit edlen Zutaten f\u00fcr Ihre Zufriedenheit hergestellt. Da die Seife aus einem uralten Herstellungsverfahren auf Basis von 100 % nat\u00fcrlichen \u00d6len stammt, ist sie frei von Duft- und Farbstoffen. Nat\u00fcrlich und umweltfreundlich, kann es die Haut gr\u00fcndlich reinigen und ... &nbsp; Zutaten: Aqua (Wasser), Kalium Olivate,&nbsp;<a href=\"https:\/\/bien-etreiris.ch\/de\/produktpraesentation\/hygiene\/koerperpflege\/seifen\/schmierseife-fuer-den-koerper\/\" class=\"read-more\">Weiter lesen<\/a><\/p>\n","protected":false},"author":1,"featured_media":48597,"parent":42493,"menu_order":7033,"comment_status":"closed","ping_status":"closed","template":"page-with-child.php","meta":{"_acf_changed":false,"ngg_post_thumbnail":0,"footnotes":""},"class_list":["post-48599","page","type-page","status-publish","has-post-thumbnail","hentry"],"acf":[],"yoast_head":"<!-- This site is optimized with the Yoast SEO plugin v27.5 - https:\/\/yoast.com\/product\/yoast-seo-wordpress\/ -->\n<title>SCHMIERSEIFE - WOHLBEFINDEN<\/title>\n<meta name=\"robots\" content=\"index, follow, max-snippet:-1, max-image-preview:large, max-video-preview:-1\" \/>\n<link rel=\"canonical\" href=\"https:\/\/bien-etreiris.ch\/de\/produktpraesentation\/hygiene\/koerperpflege\/seifen\/aleppo-sefen\/schmierseife-fuer-den-koerper\/\" \/>\n<meta property=\"og:locale\" content=\"de_DE\" \/>\n<meta property=\"og:type\" content=\"article\" \/>\n<meta property=\"og:title\" content=\"SCHMIERSEIFE - WOHLBEFINDEN\" \/>\n<meta property=\"og:description\" content=\"Schmierseife Ob Super aus Marokko oder Premium Aleppo, die schwarze Seife von Alepia wird mit edlen Zutaten f\u00fcr Ihre Zufriedenheit hergestellt. Da die Seife aus einem uralten Herstellungsverfahren auf Basis von 100 % nat\u00fcrlichen \u00d6len stammt, ist sie frei von Duft- und Farbstoffen. Nat\u00fcrlich und umweltfreundlich, kann es die Haut gr\u00fcndlich reinigen und ... &nbsp; Zutaten: Aqua (Wasser), Kalium Olivate,&nbsp;Weiter lesen\" \/>\n<meta property=\"og:url\" content=\"https:\/\/bien-etreiris.ch\/de\/produktpraesentation\/hygiene\/koerperpflege\/seifen\/aleppo-sefen\/schmierseife-fuer-den-koerper\/\" \/>\n<meta property=\"og:site_name\" content=\"WOHLBEFINDEN\" \/>\n<meta property=\"article:publisher\" content=\"https:\/\/www.facebook.com\/bienetreiris\/\" \/>\n<meta property=\"article:modified_time\" content=\"2021-06-01T06:58:56+00:00\" \/>\n<meta property=\"og:image\" content=\"https:\/\/bien-etreiris.ch\/wp-content\/uploads\/2021\/05\/Savon-noir.jpg\" \/>\n\t<meta property=\"og:image:width\" content=\"500\" \/>\n\t<meta property=\"og:image:height\" content=\"337\" \/>\n\t<meta property=\"og:image:type\" content=\"image\/jpeg\" \/>\n<meta name=\"twitter:label1\" content=\"Gesch\u00e4tzte Lesezeit\" \/>\n\t<meta name=\"twitter:data1\" content=\"3\u00a0Minuten\" \/>\n<script type=\"application\/ld+json\" class=\"yoast-schema-graph\">{\"@context\":\"https:\\\/\\\/schema.org\",\"@graph\":[{\"@type\":\"WebPage\",\"@id\":\"https:\\\/\\\/bien-etreiris.ch\\\/de\\\/produktpraesentation\\\/hygiene\\\/koerperpflege\\\/seifen\\\/aleppo-sefen\\\/schmierseife-fuer-den-koerper\\\/\",\"url\":\"https:\\\/\\\/bien-etreiris.ch\\\/de\\\/produktpraesentation\\\/hygiene\\\/koerperpflege\\\/seifen\\\/aleppo-sefen\\\/schmierseife-fuer-den-koerper\\\/\",\"name\":\"SCHMIERSEIFE - WOHLBEFINDEN\",\"isPartOf\":{\"@id\":\"https:\\\/\\\/bien-etreiris.ch\\\/de\\\/#website\"},\"primaryImageOfPage\":{\"@id\":\"https:\\\/\\\/bien-etreiris.ch\\\/de\\\/produktpraesentation\\\/hygiene\\\/koerperpflege\\\/seifen\\\/aleppo-sefen\\\/schmierseife-fuer-den-koerper\\\/#primaryimage\"},\"image\":{\"@id\":\"https:\\\/\\\/bien-etreiris.ch\\\/de\\\/produktpraesentation\\\/hygiene\\\/koerperpflege\\\/seifen\\\/aleppo-sefen\\\/schmierseife-fuer-den-koerper\\\/#primaryimage\"},\"thumbnailUrl\":\"https:\\\/\\\/bien-etreiris.ch\\\/wp-content\\\/uploads\\\/2021\\\/05\\\/Savon-noir.jpg\",\"datePublished\":\"2020-09-17T05:42:24+00:00\",\"dateModified\":\"2021-06-01T06:58:56+00:00\",\"breadcrumb\":{\"@id\":\"https:\\\/\\\/bien-etreiris.ch\\\/de\\\/produktpraesentation\\\/hygiene\\\/koerperpflege\\\/seifen\\\/aleppo-sefen\\\/schmierseife-fuer-den-koerper\\\/#breadcrumb\"},\"inLanguage\":\"de\",\"potentialAction\":[{\"@type\":\"ReadAction\",\"target\":[\"https:\\\/\\\/bien-etreiris.ch\\\/de\\\/produktpraesentation\\\/hygiene\\\/koerperpflege\\\/seifen\\\/aleppo-sefen\\\/schmierseife-fuer-den-koerper\\\/\"]}]},{\"@type\":\"ImageObject\",\"inLanguage\":\"de\",\"@id\":\"https:\\\/\\\/bien-etreiris.ch\\\/de\\\/produktpraesentation\\\/hygiene\\\/koerperpflege\\\/seifen\\\/aleppo-sefen\\\/schmierseife-fuer-den-koerper\\\/#primaryimage\",\"url\":\"https:\\\/\\\/bien-etreiris.ch\\\/wp-content\\\/uploads\\\/2021\\\/05\\\/Savon-noir.jpg\",\"contentUrl\":\"https:\\\/\\\/bien-etreiris.ch\\\/wp-content\\\/uploads\\\/2021\\\/05\\\/Savon-noir.jpg\",\"width\":500,\"height\":337},{\"@type\":\"BreadcrumbList\",\"@id\":\"https:\\\/\\\/bien-etreiris.ch\\\/de\\\/produktpraesentation\\\/hygiene\\\/koerperpflege\\\/seifen\\\/aleppo-sefen\\\/schmierseife-fuer-den-koerper\\\/#breadcrumb\",\"itemListElement\":[{\"@type\":\"ListItem\",\"position\":1,\"name\":\"Home\",\"item\":\"https:\\\/\\\/bien-etreiris.ch\\\/de\\\/\"},{\"@type\":\"ListItem\",\"position\":2,\"name\":\"PRODUKTPR\u00c4SENTATION\",\"item\":\"https:\\\/\\\/bien-etreiris.ch\\\/de\\\/produktpraesentation\\\/\"},{\"@type\":\"ListItem\",\"position\":3,\"name\":\"HYGIENE\",\"item\":\"https:\\\/\\\/bien-etreiris.ch\\\/de\\\/produktpraesentation\\\/hygiene\\\/\"},{\"@type\":\"ListItem\",\"position\":4,\"name\":\"K\u00d6RPERPFLEGE\",\"item\":\"https:\\\/\\\/bien-etreiris.ch\\\/de\\\/produktpraesentation\\\/hygiene\\\/koerperpflege\\\/\"},{\"@type\":\"ListItem\",\"position\":5,\"name\":\"SEIFEN\",\"item\":\"https:\\\/\\\/bien-etreiris.ch\\\/de\\\/produktpraesentation\\\/hygiene\\\/koerperpflege\\\/seifen\\\/\"},{\"@type\":\"ListItem\",\"position\":6,\"name\":\"ALEPPO SEIFEN\",\"item\":\"https:\\\/\\\/bien-etreiris.ch\\\/de\\\/produktpraesentation\\\/hygiene\\\/koerperpflege\\\/seifen\\\/aleppo-sefen\\\/\"},{\"@type\":\"ListItem\",\"position\":7,\"name\":\"SCHMIERSEIFE\"}]},{\"@type\":\"WebSite\",\"@id\":\"https:\\\/\\\/bien-etreiris.ch\\\/de\\\/#website\",\"url\":\"https:\\\/\\\/bien-etreiris.ch\\\/de\\\/\",\"name\":\"Bien-\u00eatre Iris\",\"description\":\"IHRE Gesundheit ist uns wichtig\",\"potentialAction\":[{\"@type\":\"SearchAction\",\"target\":{\"@type\":\"EntryPoint\",\"urlTemplate\":\"https:\\\/\\\/bien-etreiris.ch\\\/de\\\/?s={search_term_string}\"},\"query-input\":{\"@type\":\"PropertyValueSpecification\",\"valueRequired\":true,\"valueName\":\"search_term_string\"}}],\"inLanguage\":\"de\"}]}<\/script>\n<!-- \/ Yoast SEO plugin. -->","yoast_head_json":{"title":"SCHMIERSEIFE - WOHLBEFINDEN","robots":{"index":"index","follow":"follow","max-snippet":"max-snippet:-1","max-image-preview":"max-image-preview:large","max-video-preview":"max-video-preview:-1"},"canonical":"https:\/\/bien-etreiris.ch\/de\/produktpraesentation\/hygiene\/koerperpflege\/seifen\/aleppo-sefen\/schmierseife-fuer-den-koerper\/","og_locale":"de_DE","og_type":"article","og_title":"SCHMIERSEIFE - WOHLBEFINDEN","og_description":"Schmierseife Ob Super aus Marokko oder Premium Aleppo, die schwarze Seife von Alepia wird mit edlen Zutaten f\u00fcr Ihre Zufriedenheit hergestellt. Da die Seife aus einem uralten Herstellungsverfahren auf Basis von 100 % nat\u00fcrlichen \u00d6len stammt, ist sie frei von Duft- und Farbstoffen. Nat\u00fcrlich und umweltfreundlich, kann es die Haut gr\u00fcndlich reinigen und ... &nbsp; Zutaten: Aqua (Wasser), Kalium Olivate,&nbsp;Weiter lesen","og_url":"https:\/\/bien-etreiris.ch\/de\/produktpraesentation\/hygiene\/koerperpflege\/seifen\/aleppo-sefen\/schmierseife-fuer-den-koerper\/","og_site_name":"WOHLBEFINDEN","article_publisher":"https:\/\/www.facebook.com\/bienetreiris\/","article_modified_time":"2021-06-01T06:58:56+00:00","og_image":[{"width":500,"height":337,"url":"https:\/\/bien-etreiris.ch\/wp-content\/uploads\/2021\/05\/Savon-noir.jpg","type":"image\/jpeg"}],"twitter_misc":{"Gesch\u00e4tzte Lesezeit":"3\u00a0Minuten"},"schema":{"@context":"https:\/\/schema.org","@graph":[{"@type":"WebPage","@id":"https:\/\/bien-etreiris.ch\/de\/produktpraesentation\/hygiene\/koerperpflege\/seifen\/aleppo-sefen\/schmierseife-fuer-den-koerper\/","url":"https:\/\/bien-etreiris.ch\/de\/produktpraesentation\/hygiene\/koerperpflege\/seifen\/aleppo-sefen\/schmierseife-fuer-den-koerper\/","name":"SCHMIERSEIFE - WOHLBEFINDEN","isPartOf":{"@id":"https:\/\/bien-etreiris.ch\/de\/#website"},"primaryImageOfPage":{"@id":"https:\/\/bien-etreiris.ch\/de\/produktpraesentation\/hygiene\/koerperpflege\/seifen\/aleppo-sefen\/schmierseife-fuer-den-koerper\/#primaryimage"},"image":{"@id":"https:\/\/bien-etreiris.ch\/de\/produktpraesentation\/hygiene\/koerperpflege\/seifen\/aleppo-sefen\/schmierseife-fuer-den-koerper\/#primaryimage"},"thumbnailUrl":"https:\/\/bien-etreiris.ch\/wp-content\/uploads\/2021\/05\/Savon-noir.jpg","datePublished":"2020-09-17T05:42:24+00:00","dateModified":"2021-06-01T06:58:56+00:00","breadcrumb":{"@id":"https:\/\/bien-etreiris.ch\/de\/produktpraesentation\/hygiene\/koerperpflege\/seifen\/aleppo-sefen\/schmierseife-fuer-den-koerper\/#breadcrumb"},"inLanguage":"de","potentialAction":[{"@type":"ReadAction","target":["https:\/\/bien-etreiris.ch\/de\/produktpraesentation\/hygiene\/koerperpflege\/seifen\/aleppo-sefen\/schmierseife-fuer-den-koerper\/"]}]},{"@type":"ImageObject","inLanguage":"de","@id":"https:\/\/bien-etreiris.ch\/de\/produktpraesentation\/hygiene\/koerperpflege\/seifen\/aleppo-sefen\/schmierseife-fuer-den-koerper\/#primaryimage","url":"https:\/\/bien-etreiris.ch\/wp-content\/uploads\/2021\/05\/Savon-noir.jpg","contentUrl":"https:\/\/bien-etreiris.ch\/wp-content\/uploads\/2021\/05\/Savon-noir.jpg","width":500,"height":337},{"@type":"BreadcrumbList","@id":"https:\/\/bien-etreiris.ch\/de\/produktpraesentation\/hygiene\/koerperpflege\/seifen\/aleppo-sefen\/schmierseife-fuer-den-koerper\/#breadcrumb","itemListElement":[{"@type":"ListItem","position":1,"name":"Home","item":"https:\/\/bien-etreiris.ch\/de\/"},{"@type":"ListItem","position":2,"name":"PRODUKTPR\u00c4SENTATION","item":"https:\/\/bien-etreiris.ch\/de\/produktpraesentation\/"},{"@type":"ListItem","position":3,"name":"HYGIENE","item":"https:\/\/bien-etreiris.ch\/de\/produktpraesentation\/hygiene\/"},{"@type":"ListItem","position":4,"name":"K\u00d6RPERPFLEGE","item":"https:\/\/bien-etreiris.ch\/de\/produktpraesentation\/hygiene\/koerperpflege\/"},{"@type":"ListItem","position":5,"name":"SEIFEN","item":"https:\/\/bien-etreiris.ch\/de\/produktpraesentation\/hygiene\/koerperpflege\/seifen\/"},{"@type":"ListItem","position":6,"name":"ALEPPO SEIFEN","item":"https:\/\/bien-etreiris.ch\/de\/produktpraesentation\/hygiene\/koerperpflege\/seifen\/aleppo-sefen\/"},{"@type":"ListItem","position":7,"name":"SCHMIERSEIFE"}]},{"@type":"WebSite","@id":"https:\/\/bien-etreiris.ch\/de\/#website","url":"https:\/\/bien-etreiris.ch\/de\/","name":"Bien-\u00eatre Iris","description":"IHRE Gesundheit ist uns wichtig","potentialAction":[{"@type":"SearchAction","target":{"@type":"EntryPoint","urlTemplate":"https:\/\/bien-etreiris.ch\/de\/?s={search_term_string}"},"query-input":{"@type":"PropertyValueSpecification","valueRequired":true,"valueName":"search_term_string"}}],"inLanguage":"de"}]}},"_links":{"self":[{"href":"https:\/\/bien-etreiris.ch\/de\/wp-json\/wp\/v2\/pages\/48599","targetHints":{"allow":["GET"]}}],"collection":[{"href":"https:\/\/bien-etreiris.ch\/de\/wp-json\/wp\/v2\/pages"}],"about":[{"href":"https:\/\/bien-etreiris.ch\/de\/wp-json\/wp\/v2\/types\/page"}],"author":[{"embeddable":true,"href":"https:\/\/bien-etreiris.ch\/de\/wp-json\/wp\/v2\/users\/1"}],"replies":[{"embeddable":true,"href":"https:\/\/bien-etreiris.ch\/de\/wp-json\/wp\/v2\/comments?post=48599"}],"version-history":[{"count":6,"href":"https:\/\/bien-etreiris.ch\/de\/wp-json\/wp\/v2\/pages\/48599\/revisions"}],"predecessor-version":[{"id":48694,"href":"https:\/\/bien-etreiris.ch\/de\/wp-json\/wp\/v2\/pages\/48599\/revisions\/48694"}],"up":[{"embeddable":true,"href":"https:\/\/bien-etreiris.ch\/de\/wp-json\/wp\/v2\/pages\/42493"}],"wp:featuredmedia":[{"embeddable":true,"href":"https:\/\/bien-etreiris.ch\/de\/wp-json\/wp\/v2\/media\/48597"}],"wp:attachment":[{"href":"https:\/\/bien-etreiris.ch\/de\/wp-json\/wp\/v2\/media?parent=48599"}],"curies":[{"name":"wp","href":"https:\/\/api.w.org\/{rel}","templated":true}]}}