{"id":48437,"date":"2020-08-31T16:41:49","date_gmt":"2020-08-31T16:41:49","guid":{"rendered":"https:\/\/bien-etreiris.ch\/produktpraesentation\/aromatherapie\/selbst-herstellen\/rohstoffe\/emulgatoren\/solubol\/"},"modified":"2021-05-30T20:09:54","modified_gmt":"2021-05-30T18:09:54","slug":"solubol","status":"publish","type":"page","link":"https:\/\/bien-etreiris.ch\/de\/produktpraesentation\/aromatherapie\/selbst-herstellen\/rohstoffe\/emulgatoren\/solubol\/","title":{"rendered":"SOLUBOL"},"content":{"rendered":"\n<h4>100% NAT\u00dcRLICHES SOLUBOL<\/h4>\n\n\n<p><a href=\"https:\/\/decoiris.ch\/wp-content\/uploads\/2020\/08\/acceuil-1-2.jpg\"><img loading=\"lazy\" decoding=\"async\" class=\"size-medium wp-image-31796 alignleft\" src=\"https:\/\/decoiris.ch\/wp-content\/uploads\/2020\/08\/acceuil-1-2-155x300.jpg\" alt=\"\" width=\"155\" height=\"300\" srcset=\"https:\/\/bien-etreiris.ch\/wp-content\/uploads\/2020\/08\/acceuil-1-2-155x300.jpg 155w, https:\/\/bien-etreiris.ch\/wp-content\/uploads\/2020\/08\/acceuil-1-2.jpg 186w\" sizes=\"auto, (max-width: 155px) 100vw, 155px\" \/><\/a><\/p>\n<div id=\"more_info_sheets\" class=\"sheets align_justify\">\n<div id=\"idTab1\" class=\"rte\">\n<p><strong>Solubol NV ( fludol )<\/strong><\/p>\n<p>&nbsp;&nbsp;&nbsp; 50 ml CHF 10.00<\/p>\n<\/div>\n<\/div>\n<p>&nbsp; 100 ml CHF 20.00<\/p>\n<p>&nbsp; 500 ml CHF 100.00<\/p>\n<p>1000 ml CHF 180.00<\/p>\n<p>ou en vrac 100ml CHF 18.00<\/p>\n<p>&nbsp;<\/p>\n<p>&nbsp;<\/p>\n<p>&nbsp;<\/p>\n<p>Excipient pour huile essentielle, \u00e9mulsifiant 100% naturel sans alcool.<\/p>\n<div class=\"page\" title=\"Page 1\">\n<div class=\"layoutArea\">\n<div class=\"column\">\n<p>Produit concentr\u00e9 \u00e0 consommer apr\u00e8s une dilution minimale de 20 fois.&nbsp;<\/p>\n<\/div>\n<\/div>\n<\/div>\n<div class=\"page\" title=\"Page 1\">\n<div class=\"layoutArea\">\n<div class=\"column\">\n<p>SOLUBOL NV permet l\u2019incorporation de 0 \u00e0 20 % d\u2019une huile essentielle ou d\u2019un complexe d\u2019huiles essentielles. La proportion de Solubol&nbsp;est de 80% pour 20% d'huiles essentielles.<\/p>\n<p>Exemple pour un flacon de 10 ml:<\/p>\n<p>8 ml de Solubol et 2 ml d'huiles essentielle.<\/p>\n<p>Diluer x gouttes (max 45 par jour) de ce m\u00e9lange dans de l'eau.&nbsp;<\/p>\n<\/div>\n<\/div>\n<\/div>\n<p>Composition: Glyc\u00e9rol v\u00e9g\u00e9tal, Extrait de coprah, L\u00e9cithine de soja, Vitamine E, Vitamine C, Extrait de romarin.&nbsp;<\/p>","protected":false},"excerpt":{"rendered":"<p>100% NAT\u00dcRLICHES SOLUBOL Solubol NV ( fludol ) &nbsp;&nbsp;&nbsp; 50 ml CHF 10.00 &nbsp; 100 ml CHF 20.00 &nbsp; 500 ml CHF 100.00 1000 ml CHF 180.00 ou en vrac 100ml CHF 18.00 &nbsp; &nbsp; &nbsp; Excipient pour huile essentielle, \u00e9mulsifiant 100% naturel sans alcool. Produit concentr\u00e9 \u00e0 consommer apr\u00e8s une dilution minimale de 20 fois.&nbsp; SOLUBOL NV permet l\u2019incorporation&nbsp;<a href=\"https:\/\/bien-etreiris.ch\/de\/produktpraesentation\/aromatherapie\/selbst-herstellen\/rohstoffe\/emulgatoren\/solubol\/\" class=\"read-more\">Weiter lesen<\/a><\/p>\n","protected":false},"author":1,"featured_media":31801,"parent":17951,"menu_order":7070,"comment_status":"closed","ping_status":"closed","template":"page-with-child.php","meta":{"_acf_changed":false,"ngg_post_thumbnail":0,"footnotes":""},"class_list":["post-48437","page","type-page","status-publish","has-post-thumbnail","hentry"],"acf":[],"yoast_head":"<!-- This site is optimized with the Yoast SEO plugin v27.6 - https:\/\/yoast.com\/product\/yoast-seo-wordpress\/ -->\n<title>SOLUBOL - WOHLBEFINDEN<\/title>\n<meta name=\"robots\" content=\"index, follow, max-snippet:-1, max-image-preview:large, max-video-preview:-1\" \/>\n<link rel=\"canonical\" href=\"https:\/\/bien-etreiris.ch\/de\/produktpraesentation\/aromatherapie\/selbst-herstellen\/rohstoffe\/emulgatoren\/solubol\/\" \/>\n<meta property=\"og:locale\" content=\"de_DE\" \/>\n<meta property=\"og:type\" content=\"article\" \/>\n<meta property=\"og:title\" content=\"SOLUBOL - WOHLBEFINDEN\" \/>\n<meta property=\"og:description\" content=\"100% NAT\u00dcRLICHES SOLUBOL Solubol NV ( fludol ) &nbsp;&nbsp;&nbsp; 50 ml CHF 10.00 &nbsp; 100 ml CHF 20.00 &nbsp; 500 ml CHF 100.00 1000 ml CHF 180.00 ou en vrac 100ml CHF 18.00 &nbsp; &nbsp; &nbsp; Excipient pour huile essentielle, \u00e9mulsifiant 100% naturel sans alcool. Produit concentr\u00e9 \u00e0 consommer apr\u00e8s une dilution minimale de 20 fois.&nbsp; SOLUBOL NV permet l\u2019incorporation&nbsp;Weiter lesen\" \/>\n<meta property=\"og:url\" content=\"https:\/\/bien-etreiris.ch\/de\/produktpraesentation\/aromatherapie\/selbst-herstellen\/rohstoffe\/emulgatoren\/solubol\/\" \/>\n<meta property=\"og:site_name\" content=\"WOHLBEFINDEN\" \/>\n<meta property=\"article:publisher\" content=\"https:\/\/www.facebook.com\/bienetreiris\/\" \/>\n<meta property=\"article:modified_time\" content=\"2021-05-30T18:09:54+00:00\" \/>\n<meta property=\"og:image\" content=\"https:\/\/bien-etreiris.ch\/wp-content\/uploads\/2020\/08\/acceuil-5.jpg\" \/>\n\t<meta property=\"og:image:width\" content=\"500\" \/>\n\t<meta property=\"og:image:height\" content=\"375\" \/>\n\t<meta property=\"og:image:type\" content=\"image\/jpeg\" \/>\n<meta name=\"twitter:label1\" content=\"Gesch\u00e4tzte Lesezeit\" \/>\n\t<meta name=\"twitter:data1\" content=\"1\u00a0Minute\" \/>\n<script type=\"application\/ld+json\" class=\"yoast-schema-graph\">{\"@context\":\"https:\\\/\\\/schema.org\",\"@graph\":[{\"@type\":\"WebPage\",\"@id\":\"https:\\\/\\\/bien-etreiris.ch\\\/de\\\/produktpraesentation\\\/aromatherapie\\\/selbst-herstellen\\\/rohstoffe\\\/emulgatoren\\\/solubol\\\/\",\"url\":\"https:\\\/\\\/bien-etreiris.ch\\\/de\\\/produktpraesentation\\\/aromatherapie\\\/selbst-herstellen\\\/rohstoffe\\\/emulgatoren\\\/solubol\\\/\",\"name\":\"SOLUBOL - WOHLBEFINDEN\",\"isPartOf\":{\"@id\":\"https:\\\/\\\/bien-etreiris.ch\\\/de\\\/#website\"},\"primaryImageOfPage\":{\"@id\":\"https:\\\/\\\/bien-etreiris.ch\\\/de\\\/produktpraesentation\\\/aromatherapie\\\/selbst-herstellen\\\/rohstoffe\\\/emulgatoren\\\/solubol\\\/#primaryimage\"},\"image\":{\"@id\":\"https:\\\/\\\/bien-etreiris.ch\\\/de\\\/produktpraesentation\\\/aromatherapie\\\/selbst-herstellen\\\/rohstoffe\\\/emulgatoren\\\/solubol\\\/#primaryimage\"},\"thumbnailUrl\":\"https:\\\/\\\/bien-etreiris.ch\\\/wp-content\\\/uploads\\\/2020\\\/08\\\/acceuil-5.jpg\",\"datePublished\":\"2020-08-31T16:41:49+00:00\",\"dateModified\":\"2021-05-30T18:09:54+00:00\",\"breadcrumb\":{\"@id\":\"https:\\\/\\\/bien-etreiris.ch\\\/de\\\/produktpraesentation\\\/aromatherapie\\\/selbst-herstellen\\\/rohstoffe\\\/emulgatoren\\\/solubol\\\/#breadcrumb\"},\"inLanguage\":\"de\",\"potentialAction\":[{\"@type\":\"ReadAction\",\"target\":[\"https:\\\/\\\/bien-etreiris.ch\\\/de\\\/produktpraesentation\\\/aromatherapie\\\/selbst-herstellen\\\/rohstoffe\\\/emulgatoren\\\/solubol\\\/\"]}]},{\"@type\":\"ImageObject\",\"inLanguage\":\"de\",\"@id\":\"https:\\\/\\\/bien-etreiris.ch\\\/de\\\/produktpraesentation\\\/aromatherapie\\\/selbst-herstellen\\\/rohstoffe\\\/emulgatoren\\\/solubol\\\/#primaryimage\",\"url\":\"https:\\\/\\\/bien-etreiris.ch\\\/wp-content\\\/uploads\\\/2020\\\/08\\\/acceuil-5.jpg\",\"contentUrl\":\"https:\\\/\\\/bien-etreiris.ch\\\/wp-content\\\/uploads\\\/2020\\\/08\\\/acceuil-5.jpg\",\"width\":500,\"height\":375},{\"@type\":\"BreadcrumbList\",\"@id\":\"https:\\\/\\\/bien-etreiris.ch\\\/de\\\/produktpraesentation\\\/aromatherapie\\\/selbst-herstellen\\\/rohstoffe\\\/emulgatoren\\\/solubol\\\/#breadcrumb\",\"itemListElement\":[{\"@type\":\"ListItem\",\"position\":1,\"name\":\"Home\",\"item\":\"https:\\\/\\\/bien-etreiris.ch\\\/de\\\/\"},{\"@type\":\"ListItem\",\"position\":2,\"name\":\"PRODUKTPR\u00c4SENTATION\",\"item\":\"https:\\\/\\\/bien-etreiris.ch\\\/de\\\/produktpraesentation\\\/\"},{\"@type\":\"ListItem\",\"position\":3,\"name\":\"AROMATHERAPIE\",\"item\":\"https:\\\/\\\/bien-etreiris.ch\\\/de\\\/produktpraesentation\\\/aromatherapie\\\/\"},{\"@type\":\"ListItem\",\"position\":4,\"name\":\"SELBST HERSTELLEN&#8230;\",\"item\":\"https:\\\/\\\/bien-etreiris.ch\\\/de\\\/produktpraesentation\\\/aromatherapie\\\/selbst-herstellen\\\/\"},{\"@type\":\"ListItem\",\"position\":5,\"name\":\"ROHSTOFFE\",\"item\":\"https:\\\/\\\/bien-etreiris.ch\\\/de\\\/produktpraesentation\\\/aromatherapie\\\/selbst-herstellen\\\/rohstoffe\\\/\"},{\"@type\":\"ListItem\",\"position\":6,\"name\":\"EMULGATOREN\",\"item\":\"https:\\\/\\\/bien-etreiris.ch\\\/de\\\/produktpraesentation\\\/aromatherapie\\\/selbst-herstellen\\\/rohstoffe\\\/emulgatoren\\\/\"},{\"@type\":\"ListItem\",\"position\":7,\"name\":\"SOLUBOL\"}]},{\"@type\":\"WebSite\",\"@id\":\"https:\\\/\\\/bien-etreiris.ch\\\/de\\\/#website\",\"url\":\"https:\\\/\\\/bien-etreiris.ch\\\/de\\\/\",\"name\":\"Bien-\u00eatre Iris\",\"description\":\"IHRE Gesundheit ist uns wichtig\",\"potentialAction\":[{\"@type\":\"SearchAction\",\"target\":{\"@type\":\"EntryPoint\",\"urlTemplate\":\"https:\\\/\\\/bien-etreiris.ch\\\/de\\\/?s={search_term_string}\"},\"query-input\":{\"@type\":\"PropertyValueSpecification\",\"valueRequired\":true,\"valueName\":\"search_term_string\"}}],\"inLanguage\":\"de\"}]}<\/script>\n<!-- \/ Yoast SEO plugin. -->","yoast_head_json":{"title":"SOLUBOL - WOHLBEFINDEN","robots":{"index":"index","follow":"follow","max-snippet":"max-snippet:-1","max-image-preview":"max-image-preview:large","max-video-preview":"max-video-preview:-1"},"canonical":"https:\/\/bien-etreiris.ch\/de\/produktpraesentation\/aromatherapie\/selbst-herstellen\/rohstoffe\/emulgatoren\/solubol\/","og_locale":"de_DE","og_type":"article","og_title":"SOLUBOL - WOHLBEFINDEN","og_description":"100% NAT\u00dcRLICHES SOLUBOL Solubol NV ( fludol ) &nbsp;&nbsp;&nbsp; 50 ml CHF 10.00 &nbsp; 100 ml CHF 20.00 &nbsp; 500 ml CHF 100.00 1000 ml CHF 180.00 ou en vrac 100ml CHF 18.00 &nbsp; &nbsp; &nbsp; Excipient pour huile essentielle, \u00e9mulsifiant 100% naturel sans alcool. Produit concentr\u00e9 \u00e0 consommer apr\u00e8s une dilution minimale de 20 fois.&nbsp; SOLUBOL NV permet l\u2019incorporation&nbsp;Weiter lesen","og_url":"https:\/\/bien-etreiris.ch\/de\/produktpraesentation\/aromatherapie\/selbst-herstellen\/rohstoffe\/emulgatoren\/solubol\/","og_site_name":"WOHLBEFINDEN","article_publisher":"https:\/\/www.facebook.com\/bienetreiris\/","article_modified_time":"2021-05-30T18:09:54+00:00","og_image":[{"width":500,"height":375,"url":"https:\/\/bien-etreiris.ch\/wp-content\/uploads\/2020\/08\/acceuil-5.jpg","type":"image\/jpeg"}],"twitter_misc":{"Gesch\u00e4tzte Lesezeit":"1\u00a0Minute"},"schema":{"@context":"https:\/\/schema.org","@graph":[{"@type":"WebPage","@id":"https:\/\/bien-etreiris.ch\/de\/produktpraesentation\/aromatherapie\/selbst-herstellen\/rohstoffe\/emulgatoren\/solubol\/","url":"https:\/\/bien-etreiris.ch\/de\/produktpraesentation\/aromatherapie\/selbst-herstellen\/rohstoffe\/emulgatoren\/solubol\/","name":"SOLUBOL - WOHLBEFINDEN","isPartOf":{"@id":"https:\/\/bien-etreiris.ch\/de\/#website"},"primaryImageOfPage":{"@id":"https:\/\/bien-etreiris.ch\/de\/produktpraesentation\/aromatherapie\/selbst-herstellen\/rohstoffe\/emulgatoren\/solubol\/#primaryimage"},"image":{"@id":"https:\/\/bien-etreiris.ch\/de\/produktpraesentation\/aromatherapie\/selbst-herstellen\/rohstoffe\/emulgatoren\/solubol\/#primaryimage"},"thumbnailUrl":"https:\/\/bien-etreiris.ch\/wp-content\/uploads\/2020\/08\/acceuil-5.jpg","datePublished":"2020-08-31T16:41:49+00:00","dateModified":"2021-05-30T18:09:54+00:00","breadcrumb":{"@id":"https:\/\/bien-etreiris.ch\/de\/produktpraesentation\/aromatherapie\/selbst-herstellen\/rohstoffe\/emulgatoren\/solubol\/#breadcrumb"},"inLanguage":"de","potentialAction":[{"@type":"ReadAction","target":["https:\/\/bien-etreiris.ch\/de\/produktpraesentation\/aromatherapie\/selbst-herstellen\/rohstoffe\/emulgatoren\/solubol\/"]}]},{"@type":"ImageObject","inLanguage":"de","@id":"https:\/\/bien-etreiris.ch\/de\/produktpraesentation\/aromatherapie\/selbst-herstellen\/rohstoffe\/emulgatoren\/solubol\/#primaryimage","url":"https:\/\/bien-etreiris.ch\/wp-content\/uploads\/2020\/08\/acceuil-5.jpg","contentUrl":"https:\/\/bien-etreiris.ch\/wp-content\/uploads\/2020\/08\/acceuil-5.jpg","width":500,"height":375},{"@type":"BreadcrumbList","@id":"https:\/\/bien-etreiris.ch\/de\/produktpraesentation\/aromatherapie\/selbst-herstellen\/rohstoffe\/emulgatoren\/solubol\/#breadcrumb","itemListElement":[{"@type":"ListItem","position":1,"name":"Home","item":"https:\/\/bien-etreiris.ch\/de\/"},{"@type":"ListItem","position":2,"name":"PRODUKTPR\u00c4SENTATION","item":"https:\/\/bien-etreiris.ch\/de\/produktpraesentation\/"},{"@type":"ListItem","position":3,"name":"AROMATHERAPIE","item":"https:\/\/bien-etreiris.ch\/de\/produktpraesentation\/aromatherapie\/"},{"@type":"ListItem","position":4,"name":"SELBST HERSTELLEN&#8230;","item":"https:\/\/bien-etreiris.ch\/de\/produktpraesentation\/aromatherapie\/selbst-herstellen\/"},{"@type":"ListItem","position":5,"name":"ROHSTOFFE","item":"https:\/\/bien-etreiris.ch\/de\/produktpraesentation\/aromatherapie\/selbst-herstellen\/rohstoffe\/"},{"@type":"ListItem","position":6,"name":"EMULGATOREN","item":"https:\/\/bien-etreiris.ch\/de\/produktpraesentation\/aromatherapie\/selbst-herstellen\/rohstoffe\/emulgatoren\/"},{"@type":"ListItem","position":7,"name":"SOLUBOL"}]},{"@type":"WebSite","@id":"https:\/\/bien-etreiris.ch\/de\/#website","url":"https:\/\/bien-etreiris.ch\/de\/","name":"Bien-\u00eatre Iris","description":"IHRE Gesundheit ist uns wichtig","potentialAction":[{"@type":"SearchAction","target":{"@type":"EntryPoint","urlTemplate":"https:\/\/bien-etreiris.ch\/de\/?s={search_term_string}"},"query-input":{"@type":"PropertyValueSpecification","valueRequired":true,"valueName":"search_term_string"}}],"inLanguage":"de"}]}},"_links":{"self":[{"href":"https:\/\/bien-etreiris.ch\/de\/wp-json\/wp\/v2\/pages\/48437","targetHints":{"allow":["GET"]}}],"collection":[{"href":"https:\/\/bien-etreiris.ch\/de\/wp-json\/wp\/v2\/pages"}],"about":[{"href":"https:\/\/bien-etreiris.ch\/de\/wp-json\/wp\/v2\/types\/page"}],"author":[{"embeddable":true,"href":"https:\/\/bien-etreiris.ch\/de\/wp-json\/wp\/v2\/users\/1"}],"replies":[{"embeddable":true,"href":"https:\/\/bien-etreiris.ch\/de\/wp-json\/wp\/v2\/comments?post=48437"}],"version-history":[{"count":1,"href":"https:\/\/bien-etreiris.ch\/de\/wp-json\/wp\/v2\/pages\/48437\/revisions"}],"predecessor-version":[{"id":48440,"href":"https:\/\/bien-etreiris.ch\/de\/wp-json\/wp\/v2\/pages\/48437\/revisions\/48440"}],"up":[{"embeddable":true,"href":"https:\/\/bien-etreiris.ch\/de\/wp-json\/wp\/v2\/pages\/17951"}],"wp:featuredmedia":[{"embeddable":true,"href":"https:\/\/bien-etreiris.ch\/de\/wp-json\/wp\/v2\/media\/31801"}],"wp:attachment":[{"href":"https:\/\/bien-etreiris.ch\/de\/wp-json\/wp\/v2\/media?parent=48437"}],"curies":[{"name":"wp","href":"https:\/\/api.w.org\/{rel}","templated":true}]}}