{"id":48404,"date":"2020-10-28T04:39:16","date_gmt":"2020-10-28T04:39:16","guid":{"rendered":"https:\/\/bien-etreiris.ch\/produktpraesentation\/aromatherapie\/selbst-herstellen\/rohstoffe\/chimie\/carbonate-de-calcium\/"},"modified":"2021-05-30T20:21:56","modified_gmt":"2021-05-30T18:21:56","slug":"calciumcarbonat","status":"publish","type":"page","link":"https:\/\/bien-etreiris.ch\/de\/produktpraesentation\/aromatherapie\/selbst-herstellen\/rohstoffe\/chemie\/calciumcarbonat\/","title":{"rendered":"CALCIUMCARBONAT"},"content":{"rendered":"<h2>Calciumcarbonat<\/h2>\n<p>wird haupts\u00e4chlich in Zahnpasten als Verdickungsmittel und mildes Schleifmittel eingesetzt. Interessant ist es auch wegen seiner opakisierenden Wirkung, insbesondere als wei\u00dfer Tr\u00e4ger in Make-up-Produkten. Es wird auch in der Haushaltsreinigung verwendet, um unter dem Namen \"blanc de Meudon\" empfindliche Oberfl\u00e4chen zu reinigen und zu polieren.<\/p>\n<p>&nbsp;<\/p>\n<p><a href=\"https:\/\/bien-etreiris.ch\/wp-content\/uploads\/2021\/05\/Calcium-Carbonat.png\"><img loading=\"lazy\" decoding=\"async\" class=\"size-medium wp-image-45951 alignleft\" src=\"https:\/\/bien-etreiris.ch\/wp-content\/uploads\/2021\/05\/Calcium-Carbonat-300x300.png\" alt=\"\" width=\"300\" height=\"300\" srcset=\"https:\/\/bien-etreiris.ch\/wp-content\/uploads\/2021\/05\/Calcium-Carbonat.png 300w, https:\/\/bien-etreiris.ch\/wp-content\/uploads\/2021\/05\/Calcium-Carbonat-150x150.png 150w\" sizes=\"auto, (max-width: 300px) 100vw, 300px\" \/><\/a><\/p>\n<p>&nbsp;<\/p>\n<p>&nbsp;<\/p>\n<p>&nbsp;<\/p>\n<p>&nbsp;<\/p>\n<p>&nbsp;<\/p>\n<p>150 g <strong>CHF 3.50<\/strong><\/p>\n<p>&nbsp;<\/p>\n<p>&nbsp;<\/p>\n<p>&nbsp;<\/p>\n<p>&nbsp;<\/p>\n<p>Pr\u00e4sentation<br \/>\nWei\u00dfes, feines Pulver<\/p>\n<p>&nbsp;<\/p>\n<p>Einige Ideen<br \/>\nFensterfarbe (Weihnachtsdekoration): Mischen Sie ca. 1 Teil Calciumcarbonat mit 1\/2 Teil Wasser, um eine glatte Paste zu erhalten. Diese Paste wird mit einem Pinsel oder einem Schwamm auf die Fenster aufgetragen (z. B. durch Zeichnen von Formen mit Schablonen). Diese Farbe l\u00e4sst sich leicht durch Reiben mit einem feuchten Schwamm entfernen. Die gleiche Technik wird z. B. h\u00e4ufig zum Verdunkeln von Fenstern w\u00e4hrend der Bauphase verwendet.<\/p>\n<p>&nbsp;<\/p>\n<p>Rezept:<\/p>\n<p>F\u00fcr ein kleines Glas Zahnpastapulver ein 30-Gramm-Glas oder eine Dose:<\/p>\n<p>Mischen Sie einen Essl\u00f6ffel wei\u00dfe Tonerde (Kaolinit) mit einem Essl\u00f6ffel Calciumcarbonat.<br \/>\nF\u00fcllen Sie das Pulver in einen Edelstahlbeh\u00e4lter oder einen kleinen Keramikm\u00f6rser. Mischen Sie sie mit einem Minibesen fein.<br \/>\nGeben Sie zu den Pulvern 5 Tropfen \u00e4therisches Zitronen\u00f6l (Schalenessenz) und 5 Tropfen \u00e4therisches Teebaum\u00f6l. Sie k\u00f6nnen sich auch f\u00fcr 10 Tropfen Pfefferminze entscheiden (dann ist die Zahnpasta aber nicht f\u00fcr Kinder unter 5 Jahren oder Schwangere geeignet).<br \/>\nHomogenisieren Sie alles mit einem kleinen St\u00f6\u00dfel gut. Es sollten keine Klumpen mehr vorhanden sein. In ein gut desinfiziertes Gef\u00e4\u00df geben.<br \/>\nZur Anwendung einfach die (trockene!) Zahnb\u00fcrste in das Gef\u00e4\u00df \"tauchen\" und den \u00dcberschuss abklopfen. Eine d\u00fcnne Schicht ist mehr als genug. Anschlie\u00dfend putzen Sie Ihre Z\u00e4hne wie gewohnt mit Wasser.<\/p>\n<p>Lagerung: Bis zu 6 Monate an einem dunklen, warmen und feuchten Ort.<\/p>\n<p>Rezept vorgeschlagen von http:\/\/www.lessentieldejulien.com<\/p>\n<p>&nbsp;<\/p>\n","protected":false},"excerpt":{"rendered":"<p>Calciumcarbonat wird haupts\u00e4chlich in Zahnpasten als Verdickungsmittel und mildes Schleifmittel eingesetzt. Interessant ist es auch wegen seiner opakisierenden Wirkung, insbesondere als wei\u00dfer Tr\u00e4ger in Make-up-Produkten. Es wird auch in der Haushaltsreinigung verwendet, um unter dem Namen \"blanc de Meudon\" empfindliche Oberfl\u00e4chen zu reinigen und zu polieren. &nbsp; &nbsp; &nbsp; &nbsp; &nbsp; &nbsp; 150 g CHF 3.50 &nbsp; &nbsp; &nbsp; &nbsp;&nbsp;<a href=\"https:\/\/bien-etreiris.ch\/de\/produktpraesentation\/aromatherapie\/selbst-herstellen\/rohstoffe\/chemie\/calciumcarbonat\/\" class=\"read-more\">Weiter lesen<\/a><\/p>\n","protected":false},"author":1,"featured_media":33270,"parent":22602,"menu_order":6893,"comment_status":"closed","ping_status":"closed","template":"page-with-child.php","meta":{"_acf_changed":false,"ngg_post_thumbnail":0,"footnotes":""},"class_list":["post-48404","page","type-page","status-publish","has-post-thumbnail","hentry"],"acf":[],"yoast_head":"<!-- This site is optimized with the Yoast SEO plugin v27.6 - https:\/\/yoast.com\/product\/yoast-seo-wordpress\/ -->\n<title>CALCIUMCARBONAT - WOHLBEFINDEN<\/title>\n<meta name=\"robots\" content=\"index, follow, max-snippet:-1, max-image-preview:large, max-video-preview:-1\" \/>\n<link rel=\"canonical\" href=\"https:\/\/bien-etreiris.ch\/de\/produktpraesentation\/aromatherapie\/selbst-herstellen\/rohstoffe\/chemie\/calciumcarbonat\/\" \/>\n<meta property=\"og:locale\" content=\"de_DE\" \/>\n<meta property=\"og:type\" content=\"article\" \/>\n<meta property=\"og:title\" content=\"CALCIUMCARBONAT - WOHLBEFINDEN\" \/>\n<meta property=\"og:description\" content=\"Calciumcarbonat wird haupts\u00e4chlich in Zahnpasten als Verdickungsmittel und mildes Schleifmittel eingesetzt. Interessant ist es auch wegen seiner opakisierenden Wirkung, insbesondere als wei\u00dfer Tr\u00e4ger in Make-up-Produkten. Es wird auch in der Haushaltsreinigung verwendet, um unter dem Namen &quot;blanc de Meudon&quot; empfindliche Oberfl\u00e4chen zu reinigen und zu polieren. &nbsp; &nbsp; &nbsp; &nbsp; &nbsp; &nbsp; 150 g CHF 3.50 &nbsp; &nbsp; &nbsp; &nbsp;&nbsp;Weiter lesen\" \/>\n<meta property=\"og:url\" content=\"https:\/\/bien-etreiris.ch\/de\/produktpraesentation\/aromatherapie\/selbst-herstellen\/rohstoffe\/chemie\/calciumcarbonat\/\" \/>\n<meta property=\"og:site_name\" content=\"WOHLBEFINDEN\" \/>\n<meta property=\"article:publisher\" content=\"https:\/\/www.facebook.com\/bienetreiris\/\" \/>\n<meta property=\"article:modified_time\" content=\"2021-05-30T18:21:56+00:00\" \/>\n<meta property=\"og:image\" content=\"https:\/\/bien-etreiris.ch\/wp-content\/uploads\/2020\/10\/Carbonate-de-Calcium.png\" \/>\n\t<meta property=\"og:image:width\" content=\"500\" \/>\n\t<meta property=\"og:image:height\" content=\"343\" \/>\n\t<meta property=\"og:image:type\" content=\"image\/png\" \/>\n<meta name=\"twitter:label1\" content=\"Gesch\u00e4tzte Lesezeit\" \/>\n\t<meta name=\"twitter:data1\" content=\"2\u00a0Minuten\" \/>\n<script type=\"application\/ld+json\" class=\"yoast-schema-graph\">{\"@context\":\"https:\\\/\\\/schema.org\",\"@graph\":[{\"@type\":\"WebPage\",\"@id\":\"https:\\\/\\\/bien-etreiris.ch\\\/de\\\/produktpraesentation\\\/aromatherapie\\\/selbst-herstellen\\\/rohstoffe\\\/chemie\\\/calciumcarbonat\\\/\",\"url\":\"https:\\\/\\\/bien-etreiris.ch\\\/de\\\/produktpraesentation\\\/aromatherapie\\\/selbst-herstellen\\\/rohstoffe\\\/chemie\\\/calciumcarbonat\\\/\",\"name\":\"CALCIUMCARBONAT - WOHLBEFINDEN\",\"isPartOf\":{\"@id\":\"https:\\\/\\\/bien-etreiris.ch\\\/de\\\/#website\"},\"primaryImageOfPage\":{\"@id\":\"https:\\\/\\\/bien-etreiris.ch\\\/de\\\/produktpraesentation\\\/aromatherapie\\\/selbst-herstellen\\\/rohstoffe\\\/chemie\\\/calciumcarbonat\\\/#primaryimage\"},\"image\":{\"@id\":\"https:\\\/\\\/bien-etreiris.ch\\\/de\\\/produktpraesentation\\\/aromatherapie\\\/selbst-herstellen\\\/rohstoffe\\\/chemie\\\/calciumcarbonat\\\/#primaryimage\"},\"thumbnailUrl\":\"https:\\\/\\\/bien-etreiris.ch\\\/wp-content\\\/uploads\\\/2020\\\/10\\\/Carbonate-de-Calcium.png\",\"datePublished\":\"2020-10-28T04:39:16+00:00\",\"dateModified\":\"2021-05-30T18:21:56+00:00\",\"breadcrumb\":{\"@id\":\"https:\\\/\\\/bien-etreiris.ch\\\/de\\\/produktpraesentation\\\/aromatherapie\\\/selbst-herstellen\\\/rohstoffe\\\/chemie\\\/calciumcarbonat\\\/#breadcrumb\"},\"inLanguage\":\"de\",\"potentialAction\":[{\"@type\":\"ReadAction\",\"target\":[\"https:\\\/\\\/bien-etreiris.ch\\\/de\\\/produktpraesentation\\\/aromatherapie\\\/selbst-herstellen\\\/rohstoffe\\\/chemie\\\/calciumcarbonat\\\/\"]}]},{\"@type\":\"ImageObject\",\"inLanguage\":\"de\",\"@id\":\"https:\\\/\\\/bien-etreiris.ch\\\/de\\\/produktpraesentation\\\/aromatherapie\\\/selbst-herstellen\\\/rohstoffe\\\/chemie\\\/calciumcarbonat\\\/#primaryimage\",\"url\":\"https:\\\/\\\/bien-etreiris.ch\\\/wp-content\\\/uploads\\\/2020\\\/10\\\/Carbonate-de-Calcium.png\",\"contentUrl\":\"https:\\\/\\\/bien-etreiris.ch\\\/wp-content\\\/uploads\\\/2020\\\/10\\\/Carbonate-de-Calcium.png\",\"width\":500,\"height\":343},{\"@type\":\"BreadcrumbList\",\"@id\":\"https:\\\/\\\/bien-etreiris.ch\\\/de\\\/produktpraesentation\\\/aromatherapie\\\/selbst-herstellen\\\/rohstoffe\\\/chemie\\\/calciumcarbonat\\\/#breadcrumb\",\"itemListElement\":[{\"@type\":\"ListItem\",\"position\":1,\"name\":\"Home\",\"item\":\"https:\\\/\\\/bien-etreiris.ch\\\/de\\\/\"},{\"@type\":\"ListItem\",\"position\":2,\"name\":\"PRODUKTPR\u00c4SENTATION\",\"item\":\"https:\\\/\\\/bien-etreiris.ch\\\/de\\\/produktpraesentation\\\/\"},{\"@type\":\"ListItem\",\"position\":3,\"name\":\"AROMATHERAPIE\",\"item\":\"https:\\\/\\\/bien-etreiris.ch\\\/de\\\/produktpraesentation\\\/aromatherapie\\\/\"},{\"@type\":\"ListItem\",\"position\":4,\"name\":\"SELBST HERSTELLEN&#8230;\",\"item\":\"https:\\\/\\\/bien-etreiris.ch\\\/de\\\/produktpraesentation\\\/aromatherapie\\\/selbst-herstellen\\\/\"},{\"@type\":\"ListItem\",\"position\":5,\"name\":\"ROHSTOFFE\",\"item\":\"https:\\\/\\\/bien-etreiris.ch\\\/de\\\/produktpraesentation\\\/aromatherapie\\\/selbst-herstellen\\\/rohstoffe\\\/\"},{\"@type\":\"ListItem\",\"position\":6,\"name\":\"CHEMIE\",\"item\":\"https:\\\/\\\/bien-etreiris.ch\\\/de\\\/produktpraesentation\\\/aromatherapie\\\/selbst-herstellen\\\/rohstoffe\\\/chemie\\\/\"},{\"@type\":\"ListItem\",\"position\":7,\"name\":\"CALCIUMCARBONAT\"}]},{\"@type\":\"WebSite\",\"@id\":\"https:\\\/\\\/bien-etreiris.ch\\\/de\\\/#website\",\"url\":\"https:\\\/\\\/bien-etreiris.ch\\\/de\\\/\",\"name\":\"Bien-\u00eatre Iris\",\"description\":\"IHRE Gesundheit ist uns wichtig\",\"potentialAction\":[{\"@type\":\"SearchAction\",\"target\":{\"@type\":\"EntryPoint\",\"urlTemplate\":\"https:\\\/\\\/bien-etreiris.ch\\\/de\\\/?s={search_term_string}\"},\"query-input\":{\"@type\":\"PropertyValueSpecification\",\"valueRequired\":true,\"valueName\":\"search_term_string\"}}],\"inLanguage\":\"de\"}]}<\/script>\n<!-- \/ Yoast SEO plugin. -->","yoast_head_json":{"title":"CALCIUMCARBONAT - WOHLBEFINDEN","robots":{"index":"index","follow":"follow","max-snippet":"max-snippet:-1","max-image-preview":"max-image-preview:large","max-video-preview":"max-video-preview:-1"},"canonical":"https:\/\/bien-etreiris.ch\/de\/produktpraesentation\/aromatherapie\/selbst-herstellen\/rohstoffe\/chemie\/calciumcarbonat\/","og_locale":"de_DE","og_type":"article","og_title":"CALCIUMCARBONAT - WOHLBEFINDEN","og_description":"Calciumcarbonat wird haupts\u00e4chlich in Zahnpasten als Verdickungsmittel und mildes Schleifmittel eingesetzt. Interessant ist es auch wegen seiner opakisierenden Wirkung, insbesondere als wei\u00dfer Tr\u00e4ger in Make-up-Produkten. Es wird auch in der Haushaltsreinigung verwendet, um unter dem Namen \"blanc de Meudon\" empfindliche Oberfl\u00e4chen zu reinigen und zu polieren. &nbsp; &nbsp; &nbsp; &nbsp; &nbsp; &nbsp; 150 g CHF 3.50 &nbsp; &nbsp; &nbsp; &nbsp;&nbsp;Weiter lesen","og_url":"https:\/\/bien-etreiris.ch\/de\/produktpraesentation\/aromatherapie\/selbst-herstellen\/rohstoffe\/chemie\/calciumcarbonat\/","og_site_name":"WOHLBEFINDEN","article_publisher":"https:\/\/www.facebook.com\/bienetreiris\/","article_modified_time":"2021-05-30T18:21:56+00:00","og_image":[{"width":500,"height":343,"url":"https:\/\/bien-etreiris.ch\/wp-content\/uploads\/2020\/10\/Carbonate-de-Calcium.png","type":"image\/png"}],"twitter_misc":{"Gesch\u00e4tzte Lesezeit":"2\u00a0Minuten"},"schema":{"@context":"https:\/\/schema.org","@graph":[{"@type":"WebPage","@id":"https:\/\/bien-etreiris.ch\/de\/produktpraesentation\/aromatherapie\/selbst-herstellen\/rohstoffe\/chemie\/calciumcarbonat\/","url":"https:\/\/bien-etreiris.ch\/de\/produktpraesentation\/aromatherapie\/selbst-herstellen\/rohstoffe\/chemie\/calciumcarbonat\/","name":"CALCIUMCARBONAT - WOHLBEFINDEN","isPartOf":{"@id":"https:\/\/bien-etreiris.ch\/de\/#website"},"primaryImageOfPage":{"@id":"https:\/\/bien-etreiris.ch\/de\/produktpraesentation\/aromatherapie\/selbst-herstellen\/rohstoffe\/chemie\/calciumcarbonat\/#primaryimage"},"image":{"@id":"https:\/\/bien-etreiris.ch\/de\/produktpraesentation\/aromatherapie\/selbst-herstellen\/rohstoffe\/chemie\/calciumcarbonat\/#primaryimage"},"thumbnailUrl":"https:\/\/bien-etreiris.ch\/wp-content\/uploads\/2020\/10\/Carbonate-de-Calcium.png","datePublished":"2020-10-28T04:39:16+00:00","dateModified":"2021-05-30T18:21:56+00:00","breadcrumb":{"@id":"https:\/\/bien-etreiris.ch\/de\/produktpraesentation\/aromatherapie\/selbst-herstellen\/rohstoffe\/chemie\/calciumcarbonat\/#breadcrumb"},"inLanguage":"de","potentialAction":[{"@type":"ReadAction","target":["https:\/\/bien-etreiris.ch\/de\/produktpraesentation\/aromatherapie\/selbst-herstellen\/rohstoffe\/chemie\/calciumcarbonat\/"]}]},{"@type":"ImageObject","inLanguage":"de","@id":"https:\/\/bien-etreiris.ch\/de\/produktpraesentation\/aromatherapie\/selbst-herstellen\/rohstoffe\/chemie\/calciumcarbonat\/#primaryimage","url":"https:\/\/bien-etreiris.ch\/wp-content\/uploads\/2020\/10\/Carbonate-de-Calcium.png","contentUrl":"https:\/\/bien-etreiris.ch\/wp-content\/uploads\/2020\/10\/Carbonate-de-Calcium.png","width":500,"height":343},{"@type":"BreadcrumbList","@id":"https:\/\/bien-etreiris.ch\/de\/produktpraesentation\/aromatherapie\/selbst-herstellen\/rohstoffe\/chemie\/calciumcarbonat\/#breadcrumb","itemListElement":[{"@type":"ListItem","position":1,"name":"Home","item":"https:\/\/bien-etreiris.ch\/de\/"},{"@type":"ListItem","position":2,"name":"PRODUKTPR\u00c4SENTATION","item":"https:\/\/bien-etreiris.ch\/de\/produktpraesentation\/"},{"@type":"ListItem","position":3,"name":"AROMATHERAPIE","item":"https:\/\/bien-etreiris.ch\/de\/produktpraesentation\/aromatherapie\/"},{"@type":"ListItem","position":4,"name":"SELBST HERSTELLEN&#8230;","item":"https:\/\/bien-etreiris.ch\/de\/produktpraesentation\/aromatherapie\/selbst-herstellen\/"},{"@type":"ListItem","position":5,"name":"ROHSTOFFE","item":"https:\/\/bien-etreiris.ch\/de\/produktpraesentation\/aromatherapie\/selbst-herstellen\/rohstoffe\/"},{"@type":"ListItem","position":6,"name":"CHEMIE","item":"https:\/\/bien-etreiris.ch\/de\/produktpraesentation\/aromatherapie\/selbst-herstellen\/rohstoffe\/chemie\/"},{"@type":"ListItem","position":7,"name":"CALCIUMCARBONAT"}]},{"@type":"WebSite","@id":"https:\/\/bien-etreiris.ch\/de\/#website","url":"https:\/\/bien-etreiris.ch\/de\/","name":"Bien-\u00eatre Iris","description":"IHRE Gesundheit ist uns wichtig","potentialAction":[{"@type":"SearchAction","target":{"@type":"EntryPoint","urlTemplate":"https:\/\/bien-etreiris.ch\/de\/?s={search_term_string}"},"query-input":{"@type":"PropertyValueSpecification","valueRequired":true,"valueName":"search_term_string"}}],"inLanguage":"de"}]}},"_links":{"self":[{"href":"https:\/\/bien-etreiris.ch\/de\/wp-json\/wp\/v2\/pages\/48404","targetHints":{"allow":["GET"]}}],"collection":[{"href":"https:\/\/bien-etreiris.ch\/de\/wp-json\/wp\/v2\/pages"}],"about":[{"href":"https:\/\/bien-etreiris.ch\/de\/wp-json\/wp\/v2\/types\/page"}],"author":[{"embeddable":true,"href":"https:\/\/bien-etreiris.ch\/de\/wp-json\/wp\/v2\/users\/1"}],"replies":[{"embeddable":true,"href":"https:\/\/bien-etreiris.ch\/de\/wp-json\/wp\/v2\/comments?post=48404"}],"version-history":[{"count":3,"href":"https:\/\/bien-etreiris.ch\/de\/wp-json\/wp\/v2\/pages\/48404\/revisions"}],"predecessor-version":[{"id":48445,"href":"https:\/\/bien-etreiris.ch\/de\/wp-json\/wp\/v2\/pages\/48404\/revisions\/48445"}],"up":[{"embeddable":true,"href":"https:\/\/bien-etreiris.ch\/de\/wp-json\/wp\/v2\/pages\/22602"}],"wp:featuredmedia":[{"embeddable":true,"href":"https:\/\/bien-etreiris.ch\/de\/wp-json\/wp\/v2\/media\/33270"}],"wp:attachment":[{"href":"https:\/\/bien-etreiris.ch\/de\/wp-json\/wp\/v2\/media?parent=48404"}],"curies":[{"name":"wp","href":"https:\/\/api.w.org\/{rel}","templated":true}]}}