{"id":48254,"date":"2020-05-31T19:08:36","date_gmt":"2020-05-31T19:08:36","guid":{"rendered":"https:\/\/bien-etreiris.ch\/produkt-prasentationen\/naturliche-kosmetik\/benecos-schminken\/benecos-vernis-a-ongles\/"},"modified":"2022-09-30T08:59:42","modified_gmt":"2022-09-30T06:59:42","slug":"nagellack","status":"publish","type":"page","link":"https:\/\/bien-etreiris.ch\/de\/produktpraesentation\/natuerliche-kosmetik\/schminken\/nagellack\/","title":{"rendered":"NAGELLACK"},"content":{"rendered":"\n<h2 class=\"wp-block-heading\"> <br> <\/h2>\n\n\n<h1 class=\"title\"><strong><span style=\"color: #33cccc;\">HAPPY NAILS<\/span><\/strong><\/h1>\n<p>Die BENECOS Happy N\u00e4gel Sch\u00f6nheits- &amp; Pflege-Nagellacke \u00fcberzeugen durch ihre gute Trocknungsdauer, den brillanten Glanz und die einfachen Anwendungseigenschaften. Die neue Halal-Nagellack-Textur enth\u00e4lt einen einzigartigen Sauerstoff-Harz-Komplex in Kombination mit fortschrittlicher Sauerstoff-Technologie. Diese Formel bildet einen nicht-okklusiven Film, der luft- und wasserdurchl\u00e4ssig ist und dennoch extrem gut am Nagel haftet. Das i-T\u00fcpfelchen ist, dass die Lacke mit pflegendem Avocado\u00f6l und Biotin (Vitamin H) f\u00fcr sch\u00f6ne N\u00e4gel angereichert sind. Die Benutzerfreundlichkeit und die Lackeigenschaften sind mit jedem anderen Nagellack vergleichbar.<br>Die 8-FREE-Formulierung<\/p>\n<p>Die Nagellacke sind \"8-FREE\", das hei\u00dft, sie sind frei von Triphenylphosphaten, Toluol, Kolophonium, Kampfer, Phthalaten, Parabenen, Silikonen und halogenorganischen Verbindungen. Wir k\u00f6nnten dieser Liste noch viele andere bedenkliche Stoffe hinzuf\u00fcgen. Nat\u00fcrlich ist kein Triphenylphosphat (TPHP) in der Formulierung enthalten. Nagellacke sind keine zertifizierte Naturkosmetik. Sicher, aber vegan. 1 St\u00fcck CHF 3.80<\/p>\n<p>&nbsp;<\/p>\n<p><a href=\"https:\/\/decoiris.ch\/wp-content\/uploads\/2020\/05\/crystal-bubble-gum-mystery.png\"><img loading=\"lazy\" decoding=\"async\" class=\"wp-image-31216 size-medium alignnone\" src=\"https:\/\/decoiris.ch\/wp-content\/uploads\/2020\/05\/crystal-bubble-gum-mystery-85x300.png\" alt=\"\" width=\"85\" height=\"300\" srcset=\"https:\/\/bien-etreiris.ch\/wp-content\/uploads\/2020\/05\/crystal-bubble-gum-mystery-85x300.png 85w, https:\/\/bien-etreiris.ch\/wp-content\/uploads\/2020\/05\/crystal-bubble-gum-mystery-290x1024.png 290w, https:\/\/bien-etreiris.ch\/wp-content\/uploads\/2020\/05\/crystal-bubble-gum-mystery.png 310w\" sizes=\"auto, (max-width: 85px) 100vw, 85px\" \/><\/a><\/p>\n<p><a href=\"https:\/\/decoiris.ch\/wp-content\/uploads\/2020\/05\/he-my-baby-sharp-rose-you-nique-rock-galaxy.png\"><img loading=\"lazy\" decoding=\"async\" class=\"alignnone wp-image-31220\" src=\"https:\/\/decoiris.ch\/wp-content\/uploads\/2020\/05\/he-my-baby-sharp-rose-you-nique-rock-galaxy-53x300.png\" alt=\"\" width=\"85\" height=\"484\" srcset=\"https:\/\/bien-etreiris.ch\/wp-content\/uploads\/2020\/05\/he-my-baby-sharp-rose-you-nique-rock-galaxy-180x1024.png 180w, https:\/\/bien-etreiris.ch\/wp-content\/uploads\/2020\/05\/he-my-baby-sharp-rose-you-nique-rock-galaxy.png 312w\" sizes=\"auto, (max-width: 85px) 100vw, 85px\" \/><\/a><\/p>\n<p>&nbsp;<\/p>\n<p><a href=\"https:\/\/decoiris.ch\/wp-content\/uploads\/2020\/05\/nordic-blue-licorice-peach-sorbet-flamingo-hot-summervintage-red-cherry-red-vamp-1.png\"><img loading=\"lazy\" decoding=\"async\" class=\"alignnone wp-image-31246\" src=\"https:\/\/decoiris.ch\/wp-content\/uploads\/2020\/05\/nordic-blue-licorice-peach-sorbet-flamingo-hot-summervintage-red-cherry-red-vamp-1-31x300.png\" alt=\"\" width=\"85\" height=\"817\"><\/a><\/p>\n<p>&nbsp;<\/p>\n<p><a href=\"https:\/\/decoiris.ch\/wp-content\/uploads\/2020\/05\/desire-wild-orchid-my-secret-oh-lala.png\"><img loading=\"lazy\" decoding=\"async\" class=\"alignnone wp-image-31231\" src=\"https:\/\/decoiris.ch\/wp-content\/uploads\/2020\/05\/desire-wild-orchid-my-secret-oh-lala-67x300.png\" alt=\"\" width=\"85\" height=\"378\" srcset=\"https:\/\/bien-etreiris.ch\/wp-content\/uploads\/2020\/05\/desire-wild-orchid-my-secret-oh-lala-230x1024.png 230w, https:\/\/bien-etreiris.ch\/wp-content\/uploads\/2020\/05\/desire-wild-orchid-my-secret-oh-lala.png 337w\" sizes=\"auto, (max-width: 85px) 100vw, 85px\" \/><\/a><\/p>\n<p><a href=\"https:\/\/decoiris.ch\/wp-content\/uploads\/2020\/06\/Christal.png\"><img loading=\"lazy\" decoding=\"async\" class=\"size-medium wp-image-31486 alignleft\" src=\"https:\/\/decoiris.ch\/wp-content\/uploads\/2020\/06\/Christal-113x300.png\" alt=\"\" width=\"113\" height=\"300\" srcset=\"https:\/\/bien-etreiris.ch\/wp-content\/uploads\/2020\/06\/Christal-113x300.png 113w, https:\/\/bien-etreiris.ch\/wp-content\/uploads\/2020\/06\/Christal.png 151w\" sizes=\"auto, (max-width: 113px) 100vw, 113px\" \/><\/a><\/p>\n<p>&nbsp;<\/p>\n<p>&nbsp;<\/p>\n<p>&nbsp;<\/p>\n<p><strong>CHF 3.80<\/strong><\/p>","protected":false},"excerpt":{"rendered":"<p>HAPPY NAILS Die BENECOS Happy N\u00e4gel Sch\u00f6nheits- &amp; Pflege-Nagellacke \u00fcberzeugen durch ihre gute Trocknungsdauer, den brillanten Glanz und die einfachen Anwendungseigenschaften. Die neue Halal-Nagellack-Textur enth\u00e4lt einen einzigartigen Sauerstoff-Harz-Komplex in Kombination mit fortschrittlicher Sauerstoff-Technologie. Diese Formel bildet einen nicht-okklusiven Film, der luft- und wasserdurchl\u00e4ssig ist und dennoch extrem gut am Nagel haftet. Das i-T\u00fcpfelchen ist, dass die Lacke mit pflegendem Avocado\u00f6l&nbsp;<a href=\"https:\/\/bien-etreiris.ch\/de\/produktpraesentation\/natuerliche-kosmetik\/schminken\/nagellack\/\" class=\"read-more\">Weiter lesen<\/a><\/p>\n","protected":false},"author":1,"featured_media":60651,"parent":43279,"menu_order":7097,"comment_status":"closed","ping_status":"closed","template":"page-with-child.php","meta":{"_acf_changed":false,"ngg_post_thumbnail":0,"footnotes":""},"class_list":["post-48254","page","type-page","status-publish","has-post-thumbnail","hentry"],"acf":[],"yoast_head":"<!-- This site is optimized with the Yoast SEO plugin v27.5 - https:\/\/yoast.com\/product\/yoast-seo-wordpress\/ -->\n<title>NAGELLACK - WOHLBEFINDEN<\/title>\n<meta name=\"robots\" content=\"index, follow, max-snippet:-1, max-image-preview:large, max-video-preview:-1\" \/>\n<link rel=\"canonical\" href=\"https:\/\/bien-etreiris.ch\/de\/produktpraesentation\/natuerliche-kosmetik\/schminken\/nagellack\/\" \/>\n<meta property=\"og:locale\" content=\"de_DE\" \/>\n<meta property=\"og:type\" content=\"article\" \/>\n<meta property=\"og:title\" content=\"NAGELLACK - WOHLBEFINDEN\" \/>\n<meta property=\"og:description\" content=\"HAPPY NAILS Die BENECOS Happy N\u00e4gel Sch\u00f6nheits- &amp; Pflege-Nagellacke \u00fcberzeugen durch ihre gute Trocknungsdauer, den brillanten Glanz und die einfachen Anwendungseigenschaften. Die neue Halal-Nagellack-Textur enth\u00e4lt einen einzigartigen Sauerstoff-Harz-Komplex in Kombination mit fortschrittlicher Sauerstoff-Technologie. Diese Formel bildet einen nicht-okklusiven Film, der luft- und wasserdurchl\u00e4ssig ist und dennoch extrem gut am Nagel haftet. Das i-T\u00fcpfelchen ist, dass die Lacke mit pflegendem Avocado\u00f6l&nbsp;Weiter lesen\" \/>\n<meta property=\"og:url\" content=\"https:\/\/bien-etreiris.ch\/de\/produktpraesentation\/natuerliche-kosmetik\/schminken\/nagellack\/\" \/>\n<meta property=\"og:site_name\" content=\"WOHLBEFINDEN\" \/>\n<meta property=\"article:publisher\" content=\"https:\/\/www.facebook.com\/bienetreiris\/\" \/>\n<meta property=\"article:modified_time\" content=\"2022-09-30T06:59:42+00:00\" \/>\n<meta property=\"og:image\" content=\"https:\/\/bien-etreiris.ch\/wp-content\/uploads\/2022\/09\/acceuil-ongles.jpg\" \/>\n\t<meta property=\"og:image:width\" content=\"500\" \/>\n\t<meta property=\"og:image:height\" content=\"305\" \/>\n\t<meta property=\"og:image:type\" content=\"image\/jpeg\" \/>\n<meta name=\"twitter:label1\" content=\"Gesch\u00e4tzte Lesezeit\" \/>\n\t<meta name=\"twitter:data1\" content=\"2\u00a0Minuten\" \/>\n<script type=\"application\/ld+json\" class=\"yoast-schema-graph\">{\"@context\":\"https:\\\/\\\/schema.org\",\"@graph\":[{\"@type\":\"WebPage\",\"@id\":\"https:\\\/\\\/bien-etreiris.ch\\\/de\\\/produktpraesentation\\\/natuerliche-kosmetik\\\/schminken\\\/nagellack\\\/\",\"url\":\"https:\\\/\\\/bien-etreiris.ch\\\/de\\\/produktpraesentation\\\/natuerliche-kosmetik\\\/schminken\\\/nagellack\\\/\",\"name\":\"NAGELLACK - WOHLBEFINDEN\",\"isPartOf\":{\"@id\":\"https:\\\/\\\/bien-etreiris.ch\\\/de\\\/#website\"},\"primaryImageOfPage\":{\"@id\":\"https:\\\/\\\/bien-etreiris.ch\\\/de\\\/produktpraesentation\\\/natuerliche-kosmetik\\\/schminken\\\/nagellack\\\/#primaryimage\"},\"image\":{\"@id\":\"https:\\\/\\\/bien-etreiris.ch\\\/de\\\/produktpraesentation\\\/natuerliche-kosmetik\\\/schminken\\\/nagellack\\\/#primaryimage\"},\"thumbnailUrl\":\"https:\\\/\\\/bien-etreiris.ch\\\/wp-content\\\/uploads\\\/2022\\\/09\\\/acceuil-ongles.jpg\",\"datePublished\":\"2020-05-31T19:08:36+00:00\",\"dateModified\":\"2022-09-30T06:59:42+00:00\",\"breadcrumb\":{\"@id\":\"https:\\\/\\\/bien-etreiris.ch\\\/de\\\/produktpraesentation\\\/natuerliche-kosmetik\\\/schminken\\\/nagellack\\\/#breadcrumb\"},\"inLanguage\":\"de\",\"potentialAction\":[{\"@type\":\"ReadAction\",\"target\":[\"https:\\\/\\\/bien-etreiris.ch\\\/de\\\/produktpraesentation\\\/natuerliche-kosmetik\\\/schminken\\\/nagellack\\\/\"]}]},{\"@type\":\"ImageObject\",\"inLanguage\":\"de\",\"@id\":\"https:\\\/\\\/bien-etreiris.ch\\\/de\\\/produktpraesentation\\\/natuerliche-kosmetik\\\/schminken\\\/nagellack\\\/#primaryimage\",\"url\":\"https:\\\/\\\/bien-etreiris.ch\\\/wp-content\\\/uploads\\\/2022\\\/09\\\/acceuil-ongles.jpg\",\"contentUrl\":\"https:\\\/\\\/bien-etreiris.ch\\\/wp-content\\\/uploads\\\/2022\\\/09\\\/acceuil-ongles.jpg\",\"width\":500,\"height\":305},{\"@type\":\"BreadcrumbList\",\"@id\":\"https:\\\/\\\/bien-etreiris.ch\\\/de\\\/produktpraesentation\\\/natuerliche-kosmetik\\\/schminken\\\/nagellack\\\/#breadcrumb\",\"itemListElement\":[{\"@type\":\"ListItem\",\"position\":1,\"name\":\"Home\",\"item\":\"https:\\\/\\\/bien-etreiris.ch\\\/de\\\/\"},{\"@type\":\"ListItem\",\"position\":2,\"name\":\"PRODUKTPR\u00c4SENTATION\",\"item\":\"https:\\\/\\\/bien-etreiris.ch\\\/de\\\/produktpraesentation\\\/\"},{\"@type\":\"ListItem\",\"position\":3,\"name\":\"NAT\u00dcRLICHE KOSMETIK\",\"item\":\"https:\\\/\\\/bien-etreiris.ch\\\/de\\\/produktpraesentation\\\/natuerliche-kosmetik\\\/\"},{\"@type\":\"ListItem\",\"position\":4,\"name\":\"SCHMINKEN\",\"item\":\"https:\\\/\\\/bien-etreiris.ch\\\/de\\\/produktpraesentation\\\/natuerliche-kosmetik\\\/schminken\\\/\"},{\"@type\":\"ListItem\",\"position\":5,\"name\":\"NAGELLACK\"}]},{\"@type\":\"WebSite\",\"@id\":\"https:\\\/\\\/bien-etreiris.ch\\\/de\\\/#website\",\"url\":\"https:\\\/\\\/bien-etreiris.ch\\\/de\\\/\",\"name\":\"Bien-\u00eatre Iris\",\"description\":\"IHRE Gesundheit ist uns wichtig\",\"potentialAction\":[{\"@type\":\"SearchAction\",\"target\":{\"@type\":\"EntryPoint\",\"urlTemplate\":\"https:\\\/\\\/bien-etreiris.ch\\\/de\\\/?s={search_term_string}\"},\"query-input\":{\"@type\":\"PropertyValueSpecification\",\"valueRequired\":true,\"valueName\":\"search_term_string\"}}],\"inLanguage\":\"de\"}]}<\/script>\n<!-- \/ Yoast SEO plugin. -->","yoast_head_json":{"title":"NAGELLACK - WOHLBEFINDEN","robots":{"index":"index","follow":"follow","max-snippet":"max-snippet:-1","max-image-preview":"max-image-preview:large","max-video-preview":"max-video-preview:-1"},"canonical":"https:\/\/bien-etreiris.ch\/de\/produktpraesentation\/natuerliche-kosmetik\/schminken\/nagellack\/","og_locale":"de_DE","og_type":"article","og_title":"NAGELLACK - WOHLBEFINDEN","og_description":"HAPPY NAILS Die BENECOS Happy N\u00e4gel Sch\u00f6nheits- &amp; Pflege-Nagellacke \u00fcberzeugen durch ihre gute Trocknungsdauer, den brillanten Glanz und die einfachen Anwendungseigenschaften. Die neue Halal-Nagellack-Textur enth\u00e4lt einen einzigartigen Sauerstoff-Harz-Komplex in Kombination mit fortschrittlicher Sauerstoff-Technologie. Diese Formel bildet einen nicht-okklusiven Film, der luft- und wasserdurchl\u00e4ssig ist und dennoch extrem gut am Nagel haftet. Das i-T\u00fcpfelchen ist, dass die Lacke mit pflegendem Avocado\u00f6l&nbsp;Weiter lesen","og_url":"https:\/\/bien-etreiris.ch\/de\/produktpraesentation\/natuerliche-kosmetik\/schminken\/nagellack\/","og_site_name":"WOHLBEFINDEN","article_publisher":"https:\/\/www.facebook.com\/bienetreiris\/","article_modified_time":"2022-09-30T06:59:42+00:00","og_image":[{"width":500,"height":305,"url":"https:\/\/bien-etreiris.ch\/wp-content\/uploads\/2022\/09\/acceuil-ongles.jpg","type":"image\/jpeg"}],"twitter_misc":{"Gesch\u00e4tzte Lesezeit":"2\u00a0Minuten"},"schema":{"@context":"https:\/\/schema.org","@graph":[{"@type":"WebPage","@id":"https:\/\/bien-etreiris.ch\/de\/produktpraesentation\/natuerliche-kosmetik\/schminken\/nagellack\/","url":"https:\/\/bien-etreiris.ch\/de\/produktpraesentation\/natuerliche-kosmetik\/schminken\/nagellack\/","name":"NAGELLACK - WOHLBEFINDEN","isPartOf":{"@id":"https:\/\/bien-etreiris.ch\/de\/#website"},"primaryImageOfPage":{"@id":"https:\/\/bien-etreiris.ch\/de\/produktpraesentation\/natuerliche-kosmetik\/schminken\/nagellack\/#primaryimage"},"image":{"@id":"https:\/\/bien-etreiris.ch\/de\/produktpraesentation\/natuerliche-kosmetik\/schminken\/nagellack\/#primaryimage"},"thumbnailUrl":"https:\/\/bien-etreiris.ch\/wp-content\/uploads\/2022\/09\/acceuil-ongles.jpg","datePublished":"2020-05-31T19:08:36+00:00","dateModified":"2022-09-30T06:59:42+00:00","breadcrumb":{"@id":"https:\/\/bien-etreiris.ch\/de\/produktpraesentation\/natuerliche-kosmetik\/schminken\/nagellack\/#breadcrumb"},"inLanguage":"de","potentialAction":[{"@type":"ReadAction","target":["https:\/\/bien-etreiris.ch\/de\/produktpraesentation\/natuerliche-kosmetik\/schminken\/nagellack\/"]}]},{"@type":"ImageObject","inLanguage":"de","@id":"https:\/\/bien-etreiris.ch\/de\/produktpraesentation\/natuerliche-kosmetik\/schminken\/nagellack\/#primaryimage","url":"https:\/\/bien-etreiris.ch\/wp-content\/uploads\/2022\/09\/acceuil-ongles.jpg","contentUrl":"https:\/\/bien-etreiris.ch\/wp-content\/uploads\/2022\/09\/acceuil-ongles.jpg","width":500,"height":305},{"@type":"BreadcrumbList","@id":"https:\/\/bien-etreiris.ch\/de\/produktpraesentation\/natuerliche-kosmetik\/schminken\/nagellack\/#breadcrumb","itemListElement":[{"@type":"ListItem","position":1,"name":"Home","item":"https:\/\/bien-etreiris.ch\/de\/"},{"@type":"ListItem","position":2,"name":"PRODUKTPR\u00c4SENTATION","item":"https:\/\/bien-etreiris.ch\/de\/produktpraesentation\/"},{"@type":"ListItem","position":3,"name":"NAT\u00dcRLICHE KOSMETIK","item":"https:\/\/bien-etreiris.ch\/de\/produktpraesentation\/natuerliche-kosmetik\/"},{"@type":"ListItem","position":4,"name":"SCHMINKEN","item":"https:\/\/bien-etreiris.ch\/de\/produktpraesentation\/natuerliche-kosmetik\/schminken\/"},{"@type":"ListItem","position":5,"name":"NAGELLACK"}]},{"@type":"WebSite","@id":"https:\/\/bien-etreiris.ch\/de\/#website","url":"https:\/\/bien-etreiris.ch\/de\/","name":"Bien-\u00eatre Iris","description":"IHRE Gesundheit ist uns wichtig","potentialAction":[{"@type":"SearchAction","target":{"@type":"EntryPoint","urlTemplate":"https:\/\/bien-etreiris.ch\/de\/?s={search_term_string}"},"query-input":{"@type":"PropertyValueSpecification","valueRequired":true,"valueName":"search_term_string"}}],"inLanguage":"de"}]}},"_links":{"self":[{"href":"https:\/\/bien-etreiris.ch\/de\/wp-json\/wp\/v2\/pages\/48254","targetHints":{"allow":["GET"]}}],"collection":[{"href":"https:\/\/bien-etreiris.ch\/de\/wp-json\/wp\/v2\/pages"}],"about":[{"href":"https:\/\/bien-etreiris.ch\/de\/wp-json\/wp\/v2\/types\/page"}],"author":[{"embeddable":true,"href":"https:\/\/bien-etreiris.ch\/de\/wp-json\/wp\/v2\/users\/1"}],"replies":[{"embeddable":true,"href":"https:\/\/bien-etreiris.ch\/de\/wp-json\/wp\/v2\/comments?post=48254"}],"version-history":[{"count":3,"href":"https:\/\/bien-etreiris.ch\/de\/wp-json\/wp\/v2\/pages\/48254\/revisions"}],"predecessor-version":[{"id":48269,"href":"https:\/\/bien-etreiris.ch\/de\/wp-json\/wp\/v2\/pages\/48254\/revisions\/48269"}],"up":[{"embeddable":true,"href":"https:\/\/bien-etreiris.ch\/de\/wp-json\/wp\/v2\/pages\/43279"}],"wp:featuredmedia":[{"embeddable":true,"href":"https:\/\/bien-etreiris.ch\/de\/wp-json\/wp\/v2\/media\/60651"}],"wp:attachment":[{"href":"https:\/\/bien-etreiris.ch\/de\/wp-json\/wp\/v2\/media?parent=48254"}],"curies":[{"name":"wp","href":"https:\/\/api.w.org\/{rel}","templated":true}]}}