{"id":48242,"date":"2020-05-30T14:24:53","date_gmt":"2020-05-30T14:24:53","guid":{"rendered":"https:\/\/bien-etreiris.ch\/produkt-prasentationen\/naturliche-kosmetik\/benecos-schminken\/benecos-fond-de-teint\/"},"modified":"2021-05-30T00:07:06","modified_gmt":"2021-05-29T22:07:06","slug":"grundierung","status":"publish","type":"page","link":"https:\/\/bien-etreiris.ch\/de\/produktpraesentation\/natuerliche-kosmetik\/schminken\/grundierung\/","title":{"rendered":"GRUNDIERUNG"},"content":{"rendered":"<p><a href=\"https:\/\/decoiris.ch\/wp-content\/uploads\/2020\/05\/acceuil-2-1.jpg\"><img loading=\"lazy\" decoding=\"async\" class=\"alignnone wp-image-31165 size-full\" src=\"https:\/\/decoiris.ch\/wp-content\/uploads\/2020\/05\/acceuil-2-1.jpg\" alt=\"\" width=\"1149\" height=\"347\" srcset=\"https:\/\/bien-etreiris.ch\/wp-content\/uploads\/2020\/05\/acceuil-2-1.jpg 1149w, https:\/\/bien-etreiris.ch\/wp-content\/uploads\/2020\/05\/acceuil-2-1-300x91.jpg 300w, https:\/\/bien-etreiris.ch\/wp-content\/uploads\/2020\/05\/acceuil-2-1-768x232.jpg 768w, https:\/\/bien-etreiris.ch\/wp-content\/uploads\/2020\/05\/acceuil-2-1-1024x309.jpg 1024w\" sizes=\"auto, (max-width: 1149px) 100vw, 1149px\" \/><\/a><\/p>\n<p>&nbsp;<\/p>\n<p><span class=\"tlid-translation translation\" lang=\"fr\"><span class=\"\" title=\"\">Beim Make-up ist es wichtig, den Farbton zu verwenden, der zum eigenen Hautton passt, um einen unsch\u00f6nen Maskeneffekt zu vermeiden. Alle BENECOS Fl\u00fcssig-Make-ups und nat\u00fcrlich auch die BB Creams k\u00f6nnen f\u00fcr ein optimales Ergebnis gemischt werden.<br \/>\n<\/span><\/span><\/p>\n<p>&nbsp;<\/p>\n<p><strong><a href=\"https:\/\/decoiris.ch\/wp-content\/uploads\/2020\/06\/POUDRE-MIN\u00c9RALE-NATURELLE.png\"><img loading=\"lazy\" decoding=\"async\" class=\"alignleft wp-image-31376\" src=\"https:\/\/decoiris.ch\/wp-content\/uploads\/2020\/06\/POUDRE-MIN\u00c9RALE-NATURELLE-300x263.png\" alt=\"\" width=\"304\" height=\"266\" srcset=\"https:\/\/bien-etreiris.ch\/wp-content\/uploads\/2020\/06\/POUDRE-MIN\u00c9RALE-NATURELLE-300x263.png 300w, https:\/\/bien-etreiris.ch\/wp-content\/uploads\/2020\/06\/POUDRE-MIN\u00c9RALE-NATURELLE.png 755w\" sizes=\"auto, (max-width: 304px) 100vw, 304px\" \/><\/a><\/strong><\/p>\n<p>&nbsp;<\/p>\n<h4>BENECOS - NAT\u00dcRLICHES MINERALPULVER<\/h4>\n<p>Feinstes nat\u00fcrliches Mineralpulver. Mattiert und gleicht Ungleichm\u00e4ssigkeiten aus. F\u00fcr einen nat\u00fcrlich sch\u00f6nen Teint! Jetzt mit einer verbesserten Formel mit Argan- und Sonnenblumen\u00f6l aus biologischem Anbau und Kamillenbl\u00fctenextrakt. Vegan. BDIH-zertifiziert.<\/p>\n<p>&nbsp;<\/p>\n<div tabindex=\"0\">&nbsp;<\/div>\n<div tabindex=\"0\">&nbsp;<\/div>\n<div tabindex=\"0\">&nbsp;<\/div>\n<div tabindex=\"0\">&nbsp;<\/div>\n<div tabindex=\"0\">&nbsp;<\/div>\n<div tabindex=\"0\">&nbsp;<\/div>\n<div tabindex=\"0\">&nbsp;<\/div>\n<div tabindex=\"0\">&nbsp;<\/div>\n<div tabindex=\"0\">&nbsp;<\/div>\n<div tabindex=\"0\"><a href=\"https:\/\/decoiris.ch\/wp-content\/uploads\/2020\/06\/POUDRE-COMPACTE.png\"><img loading=\"lazy\" decoding=\"async\" class=\"wp-image-31338 size-full alignleft\" src=\"https:\/\/decoiris.ch\/wp-content\/uploads\/2020\/06\/POUDRE-COMPACTE.png\" alt=\"\" width=\"304\" height=\"347\" srcset=\"https:\/\/bien-etreiris.ch\/wp-content\/uploads\/2020\/06\/POUDRE-COMPACTE.png 304w, https:\/\/bien-etreiris.ch\/wp-content\/uploads\/2020\/06\/POUDRE-COMPACTE-263x300.png 263w\" sizes=\"auto, (max-width: 304px) 100vw, 304px\" \/><\/a><\/div>\n<div tabindex=\"0\">&nbsp;<\/div>\n<div tabindex=\"0\">&nbsp;<\/div>\n<div tabindex=\"0\">&nbsp;<\/div>\n<div tabindex=\"0\">&nbsp;<\/div>\n<div tabindex=\"0\"><span class=\"tlid-translation translation\" lang=\"fr\"><span class=\"\" title=\"\">GEPR\u00dcFTES PULVER<br \/>\nEin ausgeglichener, mattierter Teint - nicht nur in Bewegung. BENECOS NATURAL COMPACT POWDER ist auch eine praktische Alternative f\u00fcr die Morgenstunden, wenn es schnell gehen muss. Ein Komplex aus wertvollem Macadamia-, Rizinus- und Sonnenblumen\u00f6l sorgt f\u00fcr glatte, weiche Haut.<\/span><\/span><\/div>\n<div tabindex=\"0\">&nbsp;<\/div>\n<div tabindex=\"0\">&nbsp;<\/div>\n<div tabindex=\"0\">&nbsp;<\/div>\n<div tabindex=\"0\">&nbsp;<\/div>\n<div tabindex=\"0\">&nbsp;<\/div>\n<div tabindex=\"0\">&nbsp;<\/div>\n<div tabindex=\"0\">&nbsp;<\/div>\n<div tabindex=\"0\">&nbsp;<\/div>\n<div tabindex=\"0\">&nbsp;<\/div>\n<div tabindex=\"0\">&nbsp;<\/div>\n<div tabindex=\"0\">&nbsp;<\/div>\n<div tabindex=\"0\"><a href=\"https:\/\/decoiris.ch\/wp-content\/uploads\/2020\/06\/Powder-Blush-2.png\"><img loading=\"lazy\" decoding=\"async\" class=\"wp-image-31351 size-medium alignleft\" src=\"https:\/\/decoiris.ch\/wp-content\/uploads\/2020\/06\/Powder-Blush-2-300x300.png\" alt=\"\" width=\"300\" height=\"300\" srcset=\"https:\/\/bien-etreiris.ch\/wp-content\/uploads\/2020\/06\/Powder-Blush-2-300x300.png 300w, https:\/\/bien-etreiris.ch\/wp-content\/uploads\/2020\/06\/Powder-Blush-2-150x150.png 150w, https:\/\/bien-etreiris.ch\/wp-content\/uploads\/2020\/06\/Powder-Blush-2.png 304w\" sizes=\"auto, (max-width: 300px) 100vw, 300px\" \/><\/a><\/div>\n<div tabindex=\"0\">&nbsp;<\/div>\n<div tabindex=\"0\">&nbsp;<\/div>\n<div tabindex=\"0\">&nbsp;<\/div>\n<div tabindex=\"0\">ROT<br \/>\nBENECOS Nat\u00fcrliches Puder-Rot<br \/>\ngibt Ihren Wangen einen Schub! Seidig-feine Konsistenz, mit einem zarten Schimmer verschiedener Farben. BDIH zertifiziert.<\/div>\n<div>&nbsp;<\/div>\n<div>&nbsp;<\/div>\n<div>&nbsp;<\/div>\n<div>&nbsp;<\/div>\n<div>&nbsp;<\/div>\n<div>&nbsp;<\/div>\n<div>&nbsp;<\/div>\n<div>&nbsp;<\/div>\n<div>&nbsp;<\/div>\n<div>&nbsp;<\/div>\n<div>&nbsp;<\/div>\n<div><a href=\"https:\/\/decoiris.ch\/wp-content\/uploads\/2020\/06\/make-up.png\"><img loading=\"lazy\" decoding=\"async\" class=\"wp-image-31356 size-full alignleft\" src=\"https:\/\/decoiris.ch\/wp-content\/uploads\/2020\/06\/make-up.png\" alt=\"\" width=\"304\" height=\"304\" srcset=\"https:\/\/bien-etreiris.ch\/wp-content\/uploads\/2020\/06\/make-up.png 304w, https:\/\/bien-etreiris.ch\/wp-content\/uploads\/2020\/06\/make-up-150x150.png 150w, https:\/\/bien-etreiris.ch\/wp-content\/uploads\/2020\/06\/make-up-300x300.png 300w\" sizes=\"auto, (max-width: 304px) 100vw, 304px\" \/><\/a><\/div>\n<div>&nbsp;<\/div>\n<div>&nbsp;<\/div>\n<p>Die Haut ist sofort samtartig und erinnert an BENECOS NATURAL CREAM MAKE-UP.<br \/>\nDie pflegende Grundierung zieht im Handumdrehen in die Haut ein - f\u00fcr ein gleichm\u00e4ssiges, mattes Aussehen den ganzen Tag lang.<br \/>\nDurch die hohe Pigmentierung wird eine gute Pigmentierung erreicht.<br \/>\nErh\u00e4ltlich in 3 Farben.<br \/>\nLesen Sie mehr \u00fcber dieses Produkt...<\/p>\n<div>&nbsp;<\/div>\n<div>&nbsp;<\/div>\n<div>&nbsp;<\/div>\n<div>&nbsp;<\/div>\n<div>&nbsp;<\/div>\n<div>&nbsp;<\/div>\n<div>&nbsp;<\/div>\n<div>&nbsp;<\/div>\n<div>&nbsp;<\/div>\n<div><a href=\"https:\/\/decoiris.ch\/wp-content\/uploads\/2020\/06\/Natural-BB-Cream-8-in-1-1.png\"><img loading=\"lazy\" decoding=\"async\" class=\"wp-image-31367 size-medium alignleft\" src=\"https:\/\/decoiris.ch\/wp-content\/uploads\/2020\/06\/Natural-BB-Cream-8-in-1-1-88x300.png\" alt=\"\" width=\"88\" height=\"300\"><\/a><\/div>\n<div>&nbsp;<\/div>\n<div>&nbsp;<\/div>\n<div>&nbsp;<\/div>\n<div>&nbsp;<\/div>\n<div>&nbsp;<\/div>\n<div><span class=\"tlid-translation translation\" lang=\"fr\"><span class=\"\" title=\"\">Die BB Cream 8 in 1 naturrein ist ein get\u00f6nter Pflegebalsam, der Ihren Teint leicht ger\u00f6tet erscheinen l\u00e4sst. Eine Kombination aus Make-up und einer leichten Tagescreme vereint 8 Vorteile f\u00fcr Ihre Haut:<br \/>\n<\/span><\/span><\/div>\n<div>&nbsp;<\/div>\n<div>&nbsp;<\/div>\n<div>&nbsp;<\/div>\n<div>&nbsp;<\/div>\n<div>&nbsp;<\/div>\n<div>&nbsp;<\/div>\n<div>&nbsp;<\/div>\n<div>&nbsp;<\/div>\n<div>&nbsp;<\/div>\n<div>&nbsp;<\/div>\n<div>&nbsp;<\/div>\n<div>&nbsp;<\/div>\n<div>&nbsp;<\/div>\n<div>&nbsp;<\/div>\n<div>&nbsp;<\/div>\n<div>&nbsp;<\/div>\n<div>&nbsp;<\/div>\n<div><a href=\"https:\/\/decoiris.ch\/wp-content\/uploads\/2020\/06\/Light-Fluid.jpg\"><img loading=\"lazy\" decoding=\"async\" class=\"wp-image-31363 alignleft\" src=\"https:\/\/decoiris.ch\/wp-content\/uploads\/2020\/06\/Light-Fluid-179x300.jpg\" alt=\"\" width=\"304\" height=\"509\" srcset=\"https:\/\/bien-etreiris.ch\/wp-content\/uploads\/2020\/06\/Light-Fluid-179x300.jpg 179w, https:\/\/bien-etreiris.ch\/wp-content\/uploads\/2020\/06\/Light-Fluid.jpg 597w\" sizes=\"auto, (max-width: 304px) 100vw, 304px\" \/><\/a><\/div>\n<div>&nbsp;<\/div>\n<div>&nbsp;<\/div>\n<div>&nbsp;<\/div>\n<div>&nbsp;<\/div>\n<p>BENECOS NATURAL LIGHT FLUID GRUNDIERUNG<br \/>\nEine leichte Grundierung, die mit ihrer cremigen Textur und zarter Deckkraft dank mineralischer Pigmente den Teint ausgleicht und sanft auf der Haut haftet.<br \/>\nZertifiziert durch BDIH.<br \/>\nErh\u00e4ltlich in 3 Farben.<\/p>\n<div>&nbsp;<\/div>\n<div>&nbsp;<\/div>\n<div>&nbsp;<\/div>\n<div>&nbsp;<\/div>\n<div>&nbsp;<\/div>\n<div>&nbsp;<\/div>\n<div>&nbsp;<\/div>\n<div>&nbsp;<\/div>\n<div>&nbsp;<\/div>\n<div>&nbsp;<\/div>\n<div>&nbsp;<\/div>\n<div>&nbsp;<\/div>\n<div>&nbsp;<\/div>\n<div>&nbsp;<\/div>\n<div>&nbsp;<\/div>\n<div>&nbsp;<\/div>\n<div>&nbsp;<\/div>\n<div>&nbsp;<\/div>\n<div tabindex=\"0\">&nbsp;<\/div>\n<p><a href=\"https:\/\/decoiris.ch\/wp-content\/uploads\/2020\/06\/CC-Concealer.jpg\"><img loading=\"lazy\" decoding=\"async\" class=\"alignleft wp-image-31332\" src=\"https:\/\/decoiris.ch\/wp-content\/uploads\/2020\/06\/CC-Concealer-260x300.jpg\" alt=\"\" width=\"304\" height=\"351\" srcset=\"https:\/\/bien-etreiris.ch\/wp-content\/uploads\/2020\/06\/CC-Concealer-260x300.jpg 260w, https:\/\/bien-etreiris.ch\/wp-content\/uploads\/2020\/06\/CC-Concealer-768x887.jpg 768w, https:\/\/bien-etreiris.ch\/wp-content\/uploads\/2020\/06\/CC-Concealer-886x1024.jpg 886w, https:\/\/bien-etreiris.ch\/wp-content\/uploads\/2020\/06\/CC-Concealer.jpg 959w\" sizes=\"auto, (max-width: 304px) 100vw, 304px\" \/><\/a><\/p>\n<p>&nbsp;<\/p>\n<p>&nbsp;<\/p>\n<div class=\"desc_wrapper\">\n<div class=\"desc\">\n<div class=\"text-wrap tlid-copy-target\">\n<div class=\"result-shield-container tlid-copy-target\" tabindex=\"0\"><span class=\"tlid-translation translation\" lang=\"fr\"><span class=\"\" title=\"\">CC Korrektor<br \/>\nDie BENECOS NATURAL CC Abdeckpalette bietet 4 Farbt\u00f6ne zum Kaschieren von Hautton-Unregelm\u00e4ssigkeiten. Beige korrigiert dunkle Augenringe. Rosa reduziert dunkle Flecken. Violett harmonisiert den Teint. Gr\u00fcn gleicht R\u00f6tungen aus. Die Farben k\u00f6nnen auch untereinander gemischt werden. Zertifizierte Naturkosmetik (BDIH). Vegan.<br \/>\n<\/span><\/span><\/div>\n<\/div>\n<div class=\"tlid-result-transliteration-container result-transliteration-container transliteration-container\">\n<div class=\"tlid-transliteration-content transliteration-content full\">&nbsp;<\/div>\n<\/div>\n<p>.<\/p>\n<\/div>\n<\/div>\n","protected":false},"excerpt":{"rendered":"<p>&nbsp; Beim Make-up ist es wichtig, den Farbton zu verwenden, der zum eigenen Hautton passt, um einen unsch\u00f6nen Maskeneffekt zu vermeiden. Alle BENECOS Fl\u00fcssig-Make-ups und nat\u00fcrlich auch die BB Creams k\u00f6nnen f\u00fcr ein optimales Ergebnis gemischt werden. &nbsp; &nbsp; BENECOS - NAT\u00dcRLICHES MINERALPULVER Feinstes nat\u00fcrliches Mineralpulver. Mattiert und gleicht Ungleichm\u00e4ssigkeiten aus. F\u00fcr einen nat\u00fcrlich sch\u00f6nen Teint! Jetzt mit einer verbesserten&nbsp;<a href=\"https:\/\/bien-etreiris.ch\/de\/produktpraesentation\/natuerliche-kosmetik\/schminken\/grundierung\/\" class=\"read-more\">Weiter lesen<\/a><\/p>\n","protected":false},"author":1,"featured_media":60650,"parent":43279,"menu_order":7112,"comment_status":"closed","ping_status":"closed","template":"page-with-child.php","meta":{"_acf_changed":false,"ngg_post_thumbnail":0,"footnotes":""},"class_list":["post-48242","page","type-page","status-publish","has-post-thumbnail","hentry"],"acf":[],"yoast_head":"<!-- This site is optimized with the Yoast SEO plugin v27.5 - https:\/\/yoast.com\/product\/yoast-seo-wordpress\/ -->\n<title>GRUNDIERUNG - WOHLBEFINDEN<\/title>\n<meta name=\"robots\" content=\"index, follow, max-snippet:-1, max-image-preview:large, max-video-preview:-1\" \/>\n<link rel=\"canonical\" href=\"https:\/\/bien-etreiris.ch\/de\/produktpraesentation\/natuerliche-kosmetik\/schminken\/grundierung\/\" \/>\n<meta property=\"og:locale\" content=\"de_DE\" \/>\n<meta property=\"og:type\" content=\"article\" \/>\n<meta property=\"og:title\" content=\"GRUNDIERUNG - WOHLBEFINDEN\" \/>\n<meta property=\"og:description\" content=\"&nbsp; Beim Make-up ist es wichtig, den Farbton zu verwenden, der zum eigenen Hautton passt, um einen unsch\u00f6nen Maskeneffekt zu vermeiden. Alle BENECOS Fl\u00fcssig-Make-ups und nat\u00fcrlich auch die BB Creams k\u00f6nnen f\u00fcr ein optimales Ergebnis gemischt werden. &nbsp; &nbsp; BENECOS - NAT\u00dcRLICHES MINERALPULVER Feinstes nat\u00fcrliches Mineralpulver. Mattiert und gleicht Ungleichm\u00e4ssigkeiten aus. F\u00fcr einen nat\u00fcrlich sch\u00f6nen Teint! Jetzt mit einer verbesserten&nbsp;Weiter lesen\" \/>\n<meta property=\"og:url\" content=\"https:\/\/bien-etreiris.ch\/de\/produktpraesentation\/natuerliche-kosmetik\/schminken\/grundierung\/\" \/>\n<meta property=\"og:site_name\" content=\"WOHLBEFINDEN\" \/>\n<meta property=\"article:publisher\" content=\"https:\/\/www.facebook.com\/bienetreiris\/\" \/>\n<meta property=\"article:modified_time\" content=\"2021-05-29T22:07:06+00:00\" \/>\n<meta property=\"og:image\" content=\"https:\/\/bien-etreiris.ch\/wp-content\/uploads\/2020\/05\/acceuil-1.png\" \/>\n\t<meta property=\"og:image:width\" content=\"754\" \/>\n\t<meta property=\"og:image:height\" content=\"757\" \/>\n\t<meta property=\"og:image:type\" content=\"image\/png\" \/>\n<meta name=\"twitter:label1\" content=\"Gesch\u00e4tzte Lesezeit\" \/>\n\t<meta name=\"twitter:data1\" content=\"4\u00a0Minuten\" \/>\n<script type=\"application\/ld+json\" class=\"yoast-schema-graph\">{\"@context\":\"https:\\\/\\\/schema.org\",\"@graph\":[{\"@type\":\"WebPage\",\"@id\":\"https:\\\/\\\/bien-etreiris.ch\\\/de\\\/produktpraesentation\\\/natuerliche-kosmetik\\\/schminken\\\/grundierung\\\/\",\"url\":\"https:\\\/\\\/bien-etreiris.ch\\\/de\\\/produktpraesentation\\\/natuerliche-kosmetik\\\/schminken\\\/grundierung\\\/\",\"name\":\"GRUNDIERUNG - WOHLBEFINDEN\",\"isPartOf\":{\"@id\":\"https:\\\/\\\/bien-etreiris.ch\\\/de\\\/#website\"},\"primaryImageOfPage\":{\"@id\":\"https:\\\/\\\/bien-etreiris.ch\\\/de\\\/produktpraesentation\\\/natuerliche-kosmetik\\\/schminken\\\/grundierung\\\/#primaryimage\"},\"image\":{\"@id\":\"https:\\\/\\\/bien-etreiris.ch\\\/de\\\/produktpraesentation\\\/natuerliche-kosmetik\\\/schminken\\\/grundierung\\\/#primaryimage\"},\"thumbnailUrl\":\"https:\\\/\\\/bien-etreiris.ch\\\/wp-content\\\/uploads\\\/2022\\\/09\\\/acceuil-teint.jpg\",\"datePublished\":\"2020-05-30T14:24:53+00:00\",\"dateModified\":\"2021-05-29T22:07:06+00:00\",\"breadcrumb\":{\"@id\":\"https:\\\/\\\/bien-etreiris.ch\\\/de\\\/produktpraesentation\\\/natuerliche-kosmetik\\\/schminken\\\/grundierung\\\/#breadcrumb\"},\"inLanguage\":\"de\",\"potentialAction\":[{\"@type\":\"ReadAction\",\"target\":[\"https:\\\/\\\/bien-etreiris.ch\\\/de\\\/produktpraesentation\\\/natuerliche-kosmetik\\\/schminken\\\/grundierung\\\/\"]}]},{\"@type\":\"ImageObject\",\"inLanguage\":\"de\",\"@id\":\"https:\\\/\\\/bien-etreiris.ch\\\/de\\\/produktpraesentation\\\/natuerliche-kosmetik\\\/schminken\\\/grundierung\\\/#primaryimage\",\"url\":\"https:\\\/\\\/bien-etreiris.ch\\\/wp-content\\\/uploads\\\/2022\\\/09\\\/acceuil-teint.jpg\",\"contentUrl\":\"https:\\\/\\\/bien-etreiris.ch\\\/wp-content\\\/uploads\\\/2022\\\/09\\\/acceuil-teint.jpg\",\"width\":500,\"height\":307},{\"@type\":\"BreadcrumbList\",\"@id\":\"https:\\\/\\\/bien-etreiris.ch\\\/de\\\/produktpraesentation\\\/natuerliche-kosmetik\\\/schminken\\\/grundierung\\\/#breadcrumb\",\"itemListElement\":[{\"@type\":\"ListItem\",\"position\":1,\"name\":\"Home\",\"item\":\"https:\\\/\\\/bien-etreiris.ch\\\/de\\\/\"},{\"@type\":\"ListItem\",\"position\":2,\"name\":\"PRODUKTPR\u00c4SENTATION\",\"item\":\"https:\\\/\\\/bien-etreiris.ch\\\/de\\\/produktpraesentation\\\/\"},{\"@type\":\"ListItem\",\"position\":3,\"name\":\"NAT\u00dcRLICHE KOSMETIK\",\"item\":\"https:\\\/\\\/bien-etreiris.ch\\\/de\\\/produktpraesentation\\\/natuerliche-kosmetik\\\/\"},{\"@type\":\"ListItem\",\"position\":4,\"name\":\"SCHMINKEN\",\"item\":\"https:\\\/\\\/bien-etreiris.ch\\\/de\\\/produktpraesentation\\\/natuerliche-kosmetik\\\/schminken\\\/\"},{\"@type\":\"ListItem\",\"position\":5,\"name\":\"GRUNDIERUNG\"}]},{\"@type\":\"WebSite\",\"@id\":\"https:\\\/\\\/bien-etreiris.ch\\\/de\\\/#website\",\"url\":\"https:\\\/\\\/bien-etreiris.ch\\\/de\\\/\",\"name\":\"Bien-\u00eatre Iris\",\"description\":\"IHRE Gesundheit ist uns wichtig\",\"potentialAction\":[{\"@type\":\"SearchAction\",\"target\":{\"@type\":\"EntryPoint\",\"urlTemplate\":\"https:\\\/\\\/bien-etreiris.ch\\\/de\\\/?s={search_term_string}\"},\"query-input\":{\"@type\":\"PropertyValueSpecification\",\"valueRequired\":true,\"valueName\":\"search_term_string\"}}],\"inLanguage\":\"de\"}]}<\/script>\n<!-- \/ Yoast SEO plugin. -->","yoast_head_json":{"title":"GRUNDIERUNG - WOHLBEFINDEN","robots":{"index":"index","follow":"follow","max-snippet":"max-snippet:-1","max-image-preview":"max-image-preview:large","max-video-preview":"max-video-preview:-1"},"canonical":"https:\/\/bien-etreiris.ch\/de\/produktpraesentation\/natuerliche-kosmetik\/schminken\/grundierung\/","og_locale":"de_DE","og_type":"article","og_title":"GRUNDIERUNG - WOHLBEFINDEN","og_description":"&nbsp; Beim Make-up ist es wichtig, den Farbton zu verwenden, der zum eigenen Hautton passt, um einen unsch\u00f6nen Maskeneffekt zu vermeiden. Alle BENECOS Fl\u00fcssig-Make-ups und nat\u00fcrlich auch die BB Creams k\u00f6nnen f\u00fcr ein optimales Ergebnis gemischt werden. &nbsp; &nbsp; BENECOS - NAT\u00dcRLICHES MINERALPULVER Feinstes nat\u00fcrliches Mineralpulver. Mattiert und gleicht Ungleichm\u00e4ssigkeiten aus. F\u00fcr einen nat\u00fcrlich sch\u00f6nen Teint! Jetzt mit einer verbesserten&nbsp;Weiter lesen","og_url":"https:\/\/bien-etreiris.ch\/de\/produktpraesentation\/natuerliche-kosmetik\/schminken\/grundierung\/","og_site_name":"WOHLBEFINDEN","article_publisher":"https:\/\/www.facebook.com\/bienetreiris\/","article_modified_time":"2021-05-29T22:07:06+00:00","og_image":[{"width":754,"height":757,"url":"https:\/\/bien-etreiris.ch\/wp-content\/uploads\/2020\/05\/acceuil-1.png","type":"image\/png"}],"twitter_misc":{"Gesch\u00e4tzte Lesezeit":"4\u00a0Minuten"},"schema":{"@context":"https:\/\/schema.org","@graph":[{"@type":"WebPage","@id":"https:\/\/bien-etreiris.ch\/de\/produktpraesentation\/natuerliche-kosmetik\/schminken\/grundierung\/","url":"https:\/\/bien-etreiris.ch\/de\/produktpraesentation\/natuerliche-kosmetik\/schminken\/grundierung\/","name":"GRUNDIERUNG - WOHLBEFINDEN","isPartOf":{"@id":"https:\/\/bien-etreiris.ch\/de\/#website"},"primaryImageOfPage":{"@id":"https:\/\/bien-etreiris.ch\/de\/produktpraesentation\/natuerliche-kosmetik\/schminken\/grundierung\/#primaryimage"},"image":{"@id":"https:\/\/bien-etreiris.ch\/de\/produktpraesentation\/natuerliche-kosmetik\/schminken\/grundierung\/#primaryimage"},"thumbnailUrl":"https:\/\/bien-etreiris.ch\/wp-content\/uploads\/2022\/09\/acceuil-teint.jpg","datePublished":"2020-05-30T14:24:53+00:00","dateModified":"2021-05-29T22:07:06+00:00","breadcrumb":{"@id":"https:\/\/bien-etreiris.ch\/de\/produktpraesentation\/natuerliche-kosmetik\/schminken\/grundierung\/#breadcrumb"},"inLanguage":"de","potentialAction":[{"@type":"ReadAction","target":["https:\/\/bien-etreiris.ch\/de\/produktpraesentation\/natuerliche-kosmetik\/schminken\/grundierung\/"]}]},{"@type":"ImageObject","inLanguage":"de","@id":"https:\/\/bien-etreiris.ch\/de\/produktpraesentation\/natuerliche-kosmetik\/schminken\/grundierung\/#primaryimage","url":"https:\/\/bien-etreiris.ch\/wp-content\/uploads\/2022\/09\/acceuil-teint.jpg","contentUrl":"https:\/\/bien-etreiris.ch\/wp-content\/uploads\/2022\/09\/acceuil-teint.jpg","width":500,"height":307},{"@type":"BreadcrumbList","@id":"https:\/\/bien-etreiris.ch\/de\/produktpraesentation\/natuerliche-kosmetik\/schminken\/grundierung\/#breadcrumb","itemListElement":[{"@type":"ListItem","position":1,"name":"Home","item":"https:\/\/bien-etreiris.ch\/de\/"},{"@type":"ListItem","position":2,"name":"PRODUKTPR\u00c4SENTATION","item":"https:\/\/bien-etreiris.ch\/de\/produktpraesentation\/"},{"@type":"ListItem","position":3,"name":"NAT\u00dcRLICHE KOSMETIK","item":"https:\/\/bien-etreiris.ch\/de\/produktpraesentation\/natuerliche-kosmetik\/"},{"@type":"ListItem","position":4,"name":"SCHMINKEN","item":"https:\/\/bien-etreiris.ch\/de\/produktpraesentation\/natuerliche-kosmetik\/schminken\/"},{"@type":"ListItem","position":5,"name":"GRUNDIERUNG"}]},{"@type":"WebSite","@id":"https:\/\/bien-etreiris.ch\/de\/#website","url":"https:\/\/bien-etreiris.ch\/de\/","name":"Bien-\u00eatre Iris","description":"IHRE Gesundheit ist uns wichtig","potentialAction":[{"@type":"SearchAction","target":{"@type":"EntryPoint","urlTemplate":"https:\/\/bien-etreiris.ch\/de\/?s={search_term_string}"},"query-input":{"@type":"PropertyValueSpecification","valueRequired":true,"valueName":"search_term_string"}}],"inLanguage":"de"}]}},"_links":{"self":[{"href":"https:\/\/bien-etreiris.ch\/de\/wp-json\/wp\/v2\/pages\/48242","targetHints":{"allow":["GET"]}}],"collection":[{"href":"https:\/\/bien-etreiris.ch\/de\/wp-json\/wp\/v2\/pages"}],"about":[{"href":"https:\/\/bien-etreiris.ch\/de\/wp-json\/wp\/v2\/types\/page"}],"author":[{"embeddable":true,"href":"https:\/\/bien-etreiris.ch\/de\/wp-json\/wp\/v2\/users\/1"}],"replies":[{"embeddable":true,"href":"https:\/\/bien-etreiris.ch\/de\/wp-json\/wp\/v2\/comments?post=48242"}],"version-history":[{"count":2,"href":"https:\/\/bien-etreiris.ch\/de\/wp-json\/wp\/v2\/pages\/48242\/revisions"}],"predecessor-version":[{"id":48262,"href":"https:\/\/bien-etreiris.ch\/de\/wp-json\/wp\/v2\/pages\/48242\/revisions\/48262"}],"up":[{"embeddable":true,"href":"https:\/\/bien-etreiris.ch\/de\/wp-json\/wp\/v2\/pages\/43279"}],"wp:featuredmedia":[{"embeddable":true,"href":"https:\/\/bien-etreiris.ch\/de\/wp-json\/wp\/v2\/media\/60650"}],"wp:attachment":[{"href":"https:\/\/bien-etreiris.ch\/de\/wp-json\/wp\/v2\/media?parent=48242"}],"curies":[{"name":"wp","href":"https:\/\/api.w.org\/{rel}","templated":true}]}}