{"id":48192,"date":"2021-05-29T17:59:41","date_gmt":"2021-05-29T15:59:41","guid":{"rendered":"https:\/\/bien-etreiris.ch\/?page_id=48192"},"modified":"2021-06-08T12:10:03","modified_gmt":"2021-06-08T10:10:03","slug":"marius-fabre","status":"publish","type":"page","link":"https:\/\/bien-etreiris.ch\/de\/produktpraesentation\/hygiene\/koerperpflege\/seifen\/savons-marseille\/marius-fabre\/","title":{"rendered":"MARIUS FABRE"},"content":{"rendered":"\n<h2>Marius Fabre<\/h2>\n<p><a href=\"https:\/\/bien-etreiris.ch\/wp-content\/uploads\/2021\/05\/Savon-Marius-Fabre-1.jpg\"><img loading=\"lazy\" decoding=\"async\" class=\"wp-image-48196 size-full alignleft\" src=\"https:\/\/bien-etreiris.ch\/wp-content\/uploads\/2021\/05\/Savon-Marius-Fabre-1.jpg\" alt=\"\" width=\"481\" height=\"392\" srcset=\"https:\/\/bien-etreiris.ch\/wp-content\/uploads\/2021\/05\/Savon-Marius-Fabre-1.jpg 481w, https:\/\/bien-etreiris.ch\/wp-content\/uploads\/2021\/05\/Savon-Marius-Fabre-1-300x244.jpg 300w\" sizes=\"auto, (max-width: 481px) 100vw, 481px\" \/><\/a><\/p>\n<p>&nbsp;<\/p>\n<p>&nbsp;<\/p>\n<p>&nbsp;<\/p>\n<p>&nbsp;<\/p>\n<h4>Wandmontierte Drehseife 290 gr<\/h4>\n<p>1 St\u00fcck CHF 39.00<\/p>\n<p>Seifengewicht (Nettogewicht im verpackten Zustand): 290 g<\/p>\n<p>Nachf\u00fcllen 2 St\u00fcck CHF 18.00<\/p>\n<p>&nbsp;<\/p>\n<p>&nbsp;<\/p>\n<p>&nbsp;<\/p>\n<p>&nbsp;<\/p>\n<div id=\"short_description_block\">\n<div id=\"short_description_content\" class=\"rte align_justify\">\n<p>Depuis 1900 et quatre g\u00e9n\u00e9rations familiales, \u00e0 Salon-de-Provence, nous perp\u00e9tuons la&nbsp;<strong>fabrication traditionnelle du savon de Marseille<\/strong>, cuit en chaudron.<\/p>\n<p>A base d\u2019huiles v\u00e9g\u00e9tales, sans colorant, sans parfum et sans produit de synth\u00e8se, le savon de Marseille rotatif Marius Fabre est particuli\u00e8rement&nbsp;<strong>doux pour la peau<\/strong>&nbsp;et contribue au&nbsp;<strong>respect de l\u2019environnement<\/strong>.<\/p>\n<p>C'est \u00e9galement&nbsp;un objet pratique et d\u00e9coratif, qui vous fera replonger dans vos souvenirs d'\u00e9cole.<\/p>\n<p>Il peut s\u2019installer facilement dans une salle de bain, une cuisine, dans les toilettes, le jardin, le garage ou dans votre atelier !<\/p>\n<p>Il se fixe directement au mur gr\u00e2ce \u00e0 son support en laiton brut. Vendu avec un savon, visserie fournie.<\/p>\n<\/div>\n<\/div>\n<p>&nbsp;<\/p>\n<section id=\"more_desc\" class=\"page-product-box\">\n<h4 id=\"prodtab0\" class=\"page-product-heading\" data-axseo-oldtag=\"h3\"><strong><em>Description<\/em><\/strong><\/h4>\n<p><strong>Un produit naturel<\/strong><\/p>\n<p>Depuis plus de 120 ans et quatre g\u00e9n\u00e9rations familiales, nous fabriquons notre savon de Marseille \u00e0 partir d\u2019huiles v\u00e9g\u00e9tales exclusivement, rigoureusement s\u00e9lectionn\u00e9es. Il ne contient ni colorant, ni adjuvant de synth\u00e8se. Il n\u2019est pas issu de d\u00e9riv\u00e9s du p\u00e9trole ou de graisses animales comme la majorit\u00e9 des savons et gels douche du commerce.<\/p>\n<p><strong>Doux pour la peau, naturel et efficace<\/strong><\/p>\n<p>Le proc\u00e9d\u00e9 de fabrication \u00ab&nbsp;\u00e0 la marseillaise&nbsp;\u00bb garantit un savon \u00ab&nbsp;Extra pur&nbsp;\u00bb, d\u00e9barrass\u00e9 de toute impuret\u00e9. Il prend soin de toutes les peaux, en particulier des plus sensibles (b\u00e9b\u00e9s, peaux allergiques\u2026). L\u2019huile d\u2019olive apporte ses vertus nourrissantes&nbsp;: le savon de Marseille Marius Fabre \u00e0 l\u2019huile d\u2019olive contribue \u00e0 diminuer le dess\u00e8chement de la peau*.<\/p>\n<p><em>* Etude dermatologique SVHO\/99,&nbsp;CHU&nbsp;de Montpellier, Service Dermatologie<\/em><\/p>\n<p><strong>Respectueux de l\u2019environnement et \u00e9conomique<\/strong><\/p>\n<p>Pur v\u00e9g\u00e9tal, biod\u00e9gradable, sans phosphates ni produits de synth\u00e8se, il ne pollue pas les rivi\u00e8res et contribue \u00e0 la pr\u00e9servation de l\u2019environnement. De plus, il ne n\u00e9cessite que tr\u00e8s peu d\u2019emballage. Il dure tr\u00e8s longtemps, d\u2019autant plus lorsqu\u2019on le fait s\u00e9cher. Sa long\u00e9vit\u00e9 en fait un produit particuli\u00e8rement \u00e9conomique.<\/p>\n<p>&nbsp;<\/p>\n<p><em><strong>Exigez le logo d\u00e9pos\u00e9 par l'Union des Professionnels du Savon de Marseille !<\/strong><\/em>&nbsp;Ce logo vous&nbsp;<strong>garantit un authentique savon de Marseille,<\/strong>&nbsp;fabriqu\u00e9 selon trois crit\u00e8res essentiels :<\/p>\n<p><strong>1. Une composition :&nbsp;<\/strong>huiles v\u00e9g\u00e9tales exclusivement, sans parfum, sans colorant, sans conservateur.<\/p>\n<p><strong>2. Un proc\u00e9d\u00e9 de fabrication :&nbsp;<\/strong>cuisson en chaudron, selon un proc\u00e9d\u00e9 de saponification sp\u00e9cifique, appel\u00e9 \u00ab&nbsp;proc\u00e9d\u00e9 marseillais&nbsp;\u00bb, comprenant 5 \u00e9tapes. La fabrication en chaudron dure d'une semaine \u00e0 10 jours.<\/p>\n<p><strong>3. Une origine g\u00e9ographique :&nbsp;<\/strong>fabriqu\u00e9 dans le bassin historique de fabrication du savon de Marseille : la&nbsp;r\u00e9gion marseillaise, correspondant aujourd\u2019hui au d\u00e9partement des Bouches-du-Rh\u00f4ne (13).<\/p>\n<p><em>La savonnerie Marius Fabre est l\u2019un des quatre membres fondateurs de l\u2019\u00ab&nbsp;Union des Professionnels du Savon de Marseille&nbsp;\u00bb, association cr\u00e9\u00e9e en 2011 pour d\u00e9fendre et promouvoir le savon de Marseille authentique.<\/em><\/p>\n<p>Poids net du savon \u00e0 l'emballage : 290g<\/p>\n<p>Dimensions totale du support : 16 cm<\/p>\n<h4 id=\"prodtab1\" class=\"page-product-heading\" data-axseo-oldtag=\"h3\">Composition<\/h4>\n<ul>\n<li>Huile d\u2019olive<\/li>\n<li>Huile de coprah<\/li>\n<li><em>Sans colorant, sans parfum, sans conservateur<\/em><\/li>\n<li><em>Sans additif chimique<\/em><\/li>\n<li><em>Garanti sans huile de palme<\/em><\/li>\n<\/ul>\n<p>Savon 30% et plus (Sodium Olivate, Sodium Cocoate)<\/p>\n<p>Contient aussi&nbsp;: Aqua, Glycerin, Sodium chloride, Sodium hydroxide<\/p>\n<p>&nbsp;La glyc\u00e9rine contenue dans nos savons de Marseille n\u2019est pas de la glyc\u00e9rine rajout\u00e9e au contraire des savons dits \u00ab&nbsp;glyc\u00e9rin\u00e9s&nbsp;\u00bb. Il s\u2019agit en effet de la glyc\u00e9rine contenue naturellement dans l\u2019huile v\u00e9g\u00e9tale. A l\u2019issue des 10 jours de cuisson et des nombreux rin\u00e7ages, il n\u2019en reste qu\u2019une infime partie. L'ingr\u00e9dient \"glycerin\" est n\u00e9anmoins mentionn\u00e9 dans la liste des ingr\u00e9dients de nos savons, car il en reste des traces. La nouvelle r\u00e9glementation cosm\u00e9tique impose que tout ingr\u00e9dient, m\u00eame \u00e0 l'\u00e9tat de trace, soit indiqu\u00e9 dans la liste des ingr\u00e9dients.<\/p>\n<\/section>\n","protected":false},"excerpt":{"rendered":"<p>Marius Fabre &nbsp; &nbsp; &nbsp; &nbsp; Wandmontierte Drehseife 290 gr 1 St\u00fcck CHF 39.00 Seifengewicht (Nettogewicht im verpackten Zustand): 290 g Nachf\u00fcllen 2 St\u00fcck CHF 18.00 &nbsp; &nbsp; &nbsp; &nbsp; Depuis 1900 et quatre g\u00e9n\u00e9rations familiales, \u00e0 Salon-de-Provence, nous perp\u00e9tuons la&nbsp;fabrication traditionnelle du savon de Marseille, cuit en chaudron. A base d\u2019huiles v\u00e9g\u00e9tales, sans colorant, sans parfum et sans produit&nbsp;<a href=\"https:\/\/bien-etreiris.ch\/de\/produktpraesentation\/hygiene\/koerperpflege\/seifen\/savons-marseille\/marius-fabre\/\" class=\"read-more\">Weiter lesen<\/a><\/p>\n","protected":false},"author":1,"featured_media":48189,"parent":90040,"menu_order":5366,"comment_status":"closed","ping_status":"closed","template":"page-with-child.php","meta":{"_acf_changed":false,"ngg_post_thumbnail":0,"footnotes":""},"class_list":["post-48192","page","type-page","status-publish","has-post-thumbnail","hentry"],"acf":[],"yoast_head":"<!-- This site is optimized with the Yoast SEO plugin v27.5 - https:\/\/yoast.com\/product\/yoast-seo-wordpress\/ -->\n<title>MARIUS FABRE - WOHLBEFINDEN<\/title>\n<meta name=\"robots\" content=\"index, follow, max-snippet:-1, max-image-preview:large, max-video-preview:-1\" \/>\n<link rel=\"canonical\" href=\"https:\/\/bien-etreiris.ch\/de\/produktpraesentation\/hygiene\/koerperpflege\/seifen\/marius-fabre\/\" \/>\n<meta property=\"og:locale\" content=\"de_DE\" \/>\n<meta property=\"og:type\" content=\"article\" \/>\n<meta property=\"og:title\" content=\"MARIUS FABRE - WOHLBEFINDEN\" \/>\n<meta property=\"og:description\" content=\"Marius Fabre &nbsp; &nbsp; &nbsp; &nbsp; Wandmontierte Drehseife 290 gr 1 St\u00fcck CHF 39.00 Seifengewicht (Nettogewicht im verpackten Zustand): 290 g Nachf\u00fcllen 2 St\u00fcck CHF 18.00 &nbsp; &nbsp; &nbsp; &nbsp; Depuis 1900 et quatre g\u00e9n\u00e9rations familiales, \u00e0 Salon-de-Provence, nous perp\u00e9tuons la&nbsp;fabrication traditionnelle du savon de Marseille, cuit en chaudron. A base d\u2019huiles v\u00e9g\u00e9tales, sans colorant, sans parfum et sans produit&nbsp;Weiter lesen\" \/>\n<meta property=\"og:url\" content=\"https:\/\/bien-etreiris.ch\/de\/produktpraesentation\/hygiene\/koerperpflege\/seifen\/marius-fabre\/\" \/>\n<meta property=\"og:site_name\" content=\"WOHLBEFINDEN\" \/>\n<meta property=\"article:publisher\" content=\"https:\/\/www.facebook.com\/bienetreiris\/\" \/>\n<meta property=\"article:modified_time\" content=\"2021-06-08T10:10:03+00:00\" \/>\n<meta property=\"og:image\" content=\"https:\/\/bien-etreiris.ch\/wp-content\/uploads\/2021\/05\/acceuil-marius-Fabre.jpg\" \/>\n\t<meta property=\"og:image:width\" content=\"500\" \/>\n\t<meta property=\"og:image:height\" content=\"299\" \/>\n\t<meta property=\"og:image:type\" content=\"image\/jpeg\" \/>\n<meta name=\"twitter:label1\" content=\"Gesch\u00e4tzte Lesezeit\" \/>\n\t<meta name=\"twitter:data1\" content=\"3\u00a0Minuten\" \/>\n<script type=\"application\/ld+json\" class=\"yoast-schema-graph\">{\"@context\":\"https:\\\/\\\/schema.org\",\"@graph\":[{\"@type\":\"WebPage\",\"@id\":\"https:\\\/\\\/bien-etreiris.ch\\\/de\\\/produktpraesentation\\\/hygiene\\\/koerperpflege\\\/seifen\\\/marius-fabre\\\/\",\"url\":\"https:\\\/\\\/bien-etreiris.ch\\\/de\\\/produktpraesentation\\\/hygiene\\\/koerperpflege\\\/seifen\\\/marius-fabre\\\/\",\"name\":\"MARIUS FABRE - WOHLBEFINDEN\",\"isPartOf\":{\"@id\":\"https:\\\/\\\/bien-etreiris.ch\\\/de\\\/#website\"},\"primaryImageOfPage\":{\"@id\":\"https:\\\/\\\/bien-etreiris.ch\\\/de\\\/produktpraesentation\\\/hygiene\\\/koerperpflege\\\/seifen\\\/marius-fabre\\\/#primaryimage\"},\"image\":{\"@id\":\"https:\\\/\\\/bien-etreiris.ch\\\/de\\\/produktpraesentation\\\/hygiene\\\/koerperpflege\\\/seifen\\\/marius-fabre\\\/#primaryimage\"},\"thumbnailUrl\":\"https:\\\/\\\/bien-etreiris.ch\\\/wp-content\\\/uploads\\\/2021\\\/05\\\/acceuil-marius-Fabre.jpg\",\"datePublished\":\"2021-05-29T15:59:41+00:00\",\"dateModified\":\"2021-06-08T10:10:03+00:00\",\"breadcrumb\":{\"@id\":\"https:\\\/\\\/bien-etreiris.ch\\\/de\\\/produktpraesentation\\\/hygiene\\\/koerperpflege\\\/seifen\\\/marius-fabre\\\/#breadcrumb\"},\"inLanguage\":\"de\",\"potentialAction\":[{\"@type\":\"ReadAction\",\"target\":[\"https:\\\/\\\/bien-etreiris.ch\\\/de\\\/produktpraesentation\\\/hygiene\\\/koerperpflege\\\/seifen\\\/marius-fabre\\\/\"]}]},{\"@type\":\"ImageObject\",\"inLanguage\":\"de\",\"@id\":\"https:\\\/\\\/bien-etreiris.ch\\\/de\\\/produktpraesentation\\\/hygiene\\\/koerperpflege\\\/seifen\\\/marius-fabre\\\/#primaryimage\",\"url\":\"https:\\\/\\\/bien-etreiris.ch\\\/wp-content\\\/uploads\\\/2021\\\/05\\\/acceuil-marius-Fabre.jpg\",\"contentUrl\":\"https:\\\/\\\/bien-etreiris.ch\\\/wp-content\\\/uploads\\\/2021\\\/05\\\/acceuil-marius-Fabre.jpg\",\"width\":500,\"height\":299},{\"@type\":\"BreadcrumbList\",\"@id\":\"https:\\\/\\\/bien-etreiris.ch\\\/de\\\/produktpraesentation\\\/hygiene\\\/koerperpflege\\\/seifen\\\/marius-fabre\\\/#breadcrumb\",\"itemListElement\":[{\"@type\":\"ListItem\",\"position\":1,\"name\":\"Home\",\"item\":\"https:\\\/\\\/bien-etreiris.ch\\\/de\\\/\"},{\"@type\":\"ListItem\",\"position\":2,\"name\":\"PRODUKTPR\u00c4SENTATION\",\"item\":\"https:\\\/\\\/bien-etreiris.ch\\\/de\\\/produktpraesentation\\\/\"},{\"@type\":\"ListItem\",\"position\":3,\"name\":\"HYGIENE\",\"item\":\"https:\\\/\\\/bien-etreiris.ch\\\/de\\\/produktpraesentation\\\/hygiene\\\/\"},{\"@type\":\"ListItem\",\"position\":4,\"name\":\"K\u00d6RPERPFLEGE\",\"item\":\"https:\\\/\\\/bien-etreiris.ch\\\/de\\\/produktpraesentation\\\/hygiene\\\/koerperpflege\\\/\"},{\"@type\":\"ListItem\",\"position\":5,\"name\":\"SEIFEN\",\"item\":\"https:\\\/\\\/bien-etreiris.ch\\\/de\\\/produktpraesentation\\\/hygiene\\\/koerperpflege\\\/seifen\\\/\"},{\"@type\":\"ListItem\",\"position\":6,\"name\":\"MARIUS FABRE\"}]},{\"@type\":\"WebSite\",\"@id\":\"https:\\\/\\\/bien-etreiris.ch\\\/de\\\/#website\",\"url\":\"https:\\\/\\\/bien-etreiris.ch\\\/de\\\/\",\"name\":\"Bien-\u00eatre Iris\",\"description\":\"IHRE Gesundheit ist uns wichtig\",\"potentialAction\":[{\"@type\":\"SearchAction\",\"target\":{\"@type\":\"EntryPoint\",\"urlTemplate\":\"https:\\\/\\\/bien-etreiris.ch\\\/de\\\/?s={search_term_string}\"},\"query-input\":{\"@type\":\"PropertyValueSpecification\",\"valueRequired\":true,\"valueName\":\"search_term_string\"}}],\"inLanguage\":\"de\"}]}<\/script>\n<!-- \/ Yoast SEO plugin. -->","yoast_head_json":{"title":"MARIUS FABRE - WOHLBEFINDEN","robots":{"index":"index","follow":"follow","max-snippet":"max-snippet:-1","max-image-preview":"max-image-preview:large","max-video-preview":"max-video-preview:-1"},"canonical":"https:\/\/bien-etreiris.ch\/de\/produktpraesentation\/hygiene\/koerperpflege\/seifen\/marius-fabre\/","og_locale":"de_DE","og_type":"article","og_title":"MARIUS FABRE - WOHLBEFINDEN","og_description":"Marius Fabre &nbsp; &nbsp; &nbsp; &nbsp; Wandmontierte Drehseife 290 gr 1 St\u00fcck CHF 39.00 Seifengewicht (Nettogewicht im verpackten Zustand): 290 g Nachf\u00fcllen 2 St\u00fcck CHF 18.00 &nbsp; &nbsp; &nbsp; &nbsp; Depuis 1900 et quatre g\u00e9n\u00e9rations familiales, \u00e0 Salon-de-Provence, nous perp\u00e9tuons la&nbsp;fabrication traditionnelle du savon de Marseille, cuit en chaudron. A base d\u2019huiles v\u00e9g\u00e9tales, sans colorant, sans parfum et sans produit&nbsp;Weiter lesen","og_url":"https:\/\/bien-etreiris.ch\/de\/produktpraesentation\/hygiene\/koerperpflege\/seifen\/marius-fabre\/","og_site_name":"WOHLBEFINDEN","article_publisher":"https:\/\/www.facebook.com\/bienetreiris\/","article_modified_time":"2021-06-08T10:10:03+00:00","og_image":[{"width":500,"height":299,"url":"https:\/\/bien-etreiris.ch\/wp-content\/uploads\/2021\/05\/acceuil-marius-Fabre.jpg","type":"image\/jpeg"}],"twitter_misc":{"Gesch\u00e4tzte Lesezeit":"3\u00a0Minuten"},"schema":{"@context":"https:\/\/schema.org","@graph":[{"@type":"WebPage","@id":"https:\/\/bien-etreiris.ch\/de\/produktpraesentation\/hygiene\/koerperpflege\/seifen\/marius-fabre\/","url":"https:\/\/bien-etreiris.ch\/de\/produktpraesentation\/hygiene\/koerperpflege\/seifen\/marius-fabre\/","name":"MARIUS FABRE - WOHLBEFINDEN","isPartOf":{"@id":"https:\/\/bien-etreiris.ch\/de\/#website"},"primaryImageOfPage":{"@id":"https:\/\/bien-etreiris.ch\/de\/produktpraesentation\/hygiene\/koerperpflege\/seifen\/marius-fabre\/#primaryimage"},"image":{"@id":"https:\/\/bien-etreiris.ch\/de\/produktpraesentation\/hygiene\/koerperpflege\/seifen\/marius-fabre\/#primaryimage"},"thumbnailUrl":"https:\/\/bien-etreiris.ch\/wp-content\/uploads\/2021\/05\/acceuil-marius-Fabre.jpg","datePublished":"2021-05-29T15:59:41+00:00","dateModified":"2021-06-08T10:10:03+00:00","breadcrumb":{"@id":"https:\/\/bien-etreiris.ch\/de\/produktpraesentation\/hygiene\/koerperpflege\/seifen\/marius-fabre\/#breadcrumb"},"inLanguage":"de","potentialAction":[{"@type":"ReadAction","target":["https:\/\/bien-etreiris.ch\/de\/produktpraesentation\/hygiene\/koerperpflege\/seifen\/marius-fabre\/"]}]},{"@type":"ImageObject","inLanguage":"de","@id":"https:\/\/bien-etreiris.ch\/de\/produktpraesentation\/hygiene\/koerperpflege\/seifen\/marius-fabre\/#primaryimage","url":"https:\/\/bien-etreiris.ch\/wp-content\/uploads\/2021\/05\/acceuil-marius-Fabre.jpg","contentUrl":"https:\/\/bien-etreiris.ch\/wp-content\/uploads\/2021\/05\/acceuil-marius-Fabre.jpg","width":500,"height":299},{"@type":"BreadcrumbList","@id":"https:\/\/bien-etreiris.ch\/de\/produktpraesentation\/hygiene\/koerperpflege\/seifen\/marius-fabre\/#breadcrumb","itemListElement":[{"@type":"ListItem","position":1,"name":"Home","item":"https:\/\/bien-etreiris.ch\/de\/"},{"@type":"ListItem","position":2,"name":"PRODUKTPR\u00c4SENTATION","item":"https:\/\/bien-etreiris.ch\/de\/produktpraesentation\/"},{"@type":"ListItem","position":3,"name":"HYGIENE","item":"https:\/\/bien-etreiris.ch\/de\/produktpraesentation\/hygiene\/"},{"@type":"ListItem","position":4,"name":"K\u00d6RPERPFLEGE","item":"https:\/\/bien-etreiris.ch\/de\/produktpraesentation\/hygiene\/koerperpflege\/"},{"@type":"ListItem","position":5,"name":"SEIFEN","item":"https:\/\/bien-etreiris.ch\/de\/produktpraesentation\/hygiene\/koerperpflege\/seifen\/"},{"@type":"ListItem","position":6,"name":"MARIUS FABRE"}]},{"@type":"WebSite","@id":"https:\/\/bien-etreiris.ch\/de\/#website","url":"https:\/\/bien-etreiris.ch\/de\/","name":"Bien-\u00eatre Iris","description":"IHRE Gesundheit ist uns wichtig","potentialAction":[{"@type":"SearchAction","target":{"@type":"EntryPoint","urlTemplate":"https:\/\/bien-etreiris.ch\/de\/?s={search_term_string}"},"query-input":{"@type":"PropertyValueSpecification","valueRequired":true,"valueName":"search_term_string"}}],"inLanguage":"de"}]}},"_links":{"self":[{"href":"https:\/\/bien-etreiris.ch\/de\/wp-json\/wp\/v2\/pages\/48192","targetHints":{"allow":["GET"]}}],"collection":[{"href":"https:\/\/bien-etreiris.ch\/de\/wp-json\/wp\/v2\/pages"}],"about":[{"href":"https:\/\/bien-etreiris.ch\/de\/wp-json\/wp\/v2\/types\/page"}],"author":[{"embeddable":true,"href":"https:\/\/bien-etreiris.ch\/de\/wp-json\/wp\/v2\/users\/1"}],"replies":[{"embeddable":true,"href":"https:\/\/bien-etreiris.ch\/de\/wp-json\/wp\/v2\/comments?post=48192"}],"version-history":[{"count":3,"href":"https:\/\/bien-etreiris.ch\/de\/wp-json\/wp\/v2\/pages\/48192\/revisions"}],"predecessor-version":[{"id":50051,"href":"https:\/\/bien-etreiris.ch\/de\/wp-json\/wp\/v2\/pages\/48192\/revisions\/50051"}],"up":[{"embeddable":true,"href":"https:\/\/bien-etreiris.ch\/de\/wp-json\/wp\/v2\/pages\/90040"}],"wp:featuredmedia":[{"embeddable":true,"href":"https:\/\/bien-etreiris.ch\/de\/wp-json\/wp\/v2\/media\/48189"}],"wp:attachment":[{"href":"https:\/\/bien-etreiris.ch\/de\/wp-json\/wp\/v2\/media?parent=48192"}],"curies":[{"name":"wp","href":"https:\/\/api.w.org\/{rel}","templated":true}]}}