{"id":48074,"date":"2021-05-29T11:35:37","date_gmt":"2021-05-29T09:35:37","guid":{"rendered":"https:\/\/bien-etreiris.ch\/?page_id=48074"},"modified":"2021-05-29T12:41:30","modified_gmt":"2021-05-29T10:41:30","slug":"tonikum","status":"publish","type":"page","link":"https:\/\/bien-etreiris.ch\/de\/produktpraesentation\/hygiene\/koerperpflege\/natuerliche-haar-und-kopfhautpflege\/maske-serum-tonikum\/tonikum\/","title":{"rendered":"TONIKUM"},"content":{"rendered":"\n<h2>Tonikum f\u00fcr die Kopfhaut<\/h2>\n<p>&nbsp;<\/p>\n<p><a href=\"https:\/\/decoiris.ch\/wp-content\/uploads\/2020\/09\/Tonique-pour-le-cuir-chevelu-1.png\"><img loading=\"lazy\" decoding=\"async\" class=\"wp-image-32283 alignleft\" src=\"https:\/\/decoiris.ch\/wp-content\/uploads\/2020\/09\/Tonique-pour-le-cuir-chevelu-1-101x300.png\" alt=\"\" width=\"200\" height=\"594\" srcset=\"https:\/\/bien-etreiris.ch\/wp-content\/uploads\/2020\/09\/Tonique-pour-le-cuir-chevelu-1-101x300.png 101w, https:\/\/bien-etreiris.ch\/wp-content\/uploads\/2020\/09\/Tonique-pour-le-cuir-chevelu-1-345x1024.png 345w, https:\/\/bien-etreiris.ch\/wp-content\/uploads\/2020\/09\/Tonique-pour-le-cuir-chevelu-1.png 400w\" sizes=\"auto, (max-width: 200px) 100vw, 200px\" \/><\/a><\/p>\n<p>&nbsp;<\/p>\n<p>&nbsp;<\/p>\n<p>&nbsp;<\/p>\n<p>&nbsp;<\/p>\n<p>&nbsp;<\/p>\n<p>&nbsp;<\/p>\n<p>&nbsp;<\/p>\n<p>&nbsp;<\/p>\n<p>&nbsp;<\/p>\n<p>&nbsp;<\/p>\n<ul style=\"list-style-type: disc;\">\n<li>Lotion speziell f\u00fcr die besonderen Bed\u00fcrfnisse von Kopfhaut und Haar entwickelt<\/li>\n<li>wirkt erfrischend und belebend<\/li>\n<li>Inklusive Pipette f\u00fcr pr\u00e4zise und sparsame Dosierung<\/li>\n<li>Kann in Kombination mit SkalPuro verwendet werden<\/li>\n<\/ul>\n<p>100 ml <strong>CHF 53.00<\/strong><\/p>\n<p>&nbsp;<\/p>\n<p>&nbsp;<\/p>\n<p>&nbsp;<\/p>\n<p>Haare sind der Spiegel der Seele und der Ausdruck unserer Pers\u00f6nlichkeit. Sie ist der offensichtlichste Ausdruck unserer inneren Gef\u00fchle. Wenn es uns gut geht, ist es in einem guten Zustand und stellt keine Probleme dar. Auf der anderen Seite, wenn wir unten sind, h\u00e4ngen sie leblos und unlebendig. Kein anderer Teil des K\u00f6rpers zeigt unsere Emotionen und unseren Gem\u00fctszustand so deutlich.<\/p>\n<p>In alten Kulturen oder bei indigenen V\u00f6lkern ging man davon aus, dass Haare eine Art Bindeglied zwischen dem Kosmos und dem Menschen sind. Das 3x3 Tonic gibt unserer Kopfhaut die Aufmerksamkeit und Pflege, die sie braucht, um zu faszinieren.<\/p>\n<p>Die Kopfhaut versorgt unser Haar t\u00e4glich mit einer Vielzahl von wichtigen N\u00e4hrstoffen! Das sauerstoffbasierte 3x3 Tonic unterst\u00fctzt diesen Prozess mit seinen hochwertigen Inhaltsstoffen und seiner belebenden Wirkung - f\u00fcr gesundes, kr\u00e4ftiges Haar. Zur Verst\u00e4rkung der Wirkung empfehlen wir die zus\u00e4tzliche Zugabe von AlcaVie, der Nahrung der hundert Pflanzen.<\/p>\n<h4>Inhaltsstoffe<\/h4>\n<p>Wasser (demineralisiertes Wasser), Alkohol (Ethanol), Wasserstoffperoxid (&lt; 0,1 %), Latschenkiefern\u00f6l, Salbei\u00f6l, Geranien\u00f6l, Rosenholz\u00f6l, Sternanis\u00f6l, Lemongras\u00f6l, Kiefernnadel\u00f6l, Teebaum\u00f6l, Bergamotte\u00f6l, Nelkenbl\u00fcten\u00f6l, Orangenschalen\u00f6l, Zedern\u00f6l, Ylang-Ylang-\u00d6l, Rosmarin\u00f6l, Thymian\u00f6l, K\u00fcmmel\u00f6l, Zypressen\u00f6l, Zitronenschalen\u00f6l, Sandelholz\u00f6l, Lavendel\u00f6l, Wacholder\u00f6l, Polyglyceryl-10 Laurat (Dermofeel G 10 LW), Citronellol, Eugenol, Geraniol, Linalool, Limonen<\/p>\n<p>&nbsp;<\/p>\n<p>&nbsp;<\/p>\n<p>&nbsp;<\/p>\n","protected":false},"excerpt":{"rendered":"<p>Tonikum f\u00fcr die Kopfhaut &nbsp; &nbsp; &nbsp; &nbsp; &nbsp; &nbsp; &nbsp; &nbsp; &nbsp; &nbsp; &nbsp; Lotion speziell f\u00fcr die besonderen Bed\u00fcrfnisse von Kopfhaut und Haar entwickelt wirkt erfrischend und belebend Inklusive Pipette f\u00fcr pr\u00e4zise und sparsame Dosierung Kann in Kombination mit SkalPuro verwendet werden 100 ml CHF 53.00 &nbsp; &nbsp; &nbsp; Haare sind der Spiegel der Seele und der Ausdruck&nbsp;<a href=\"https:\/\/bien-etreiris.ch\/de\/produktpraesentation\/hygiene\/koerperpflege\/natuerliche-haar-und-kopfhautpflege\/maske-serum-tonikum\/tonikum\/\" class=\"read-more\">Weiter lesen<\/a><\/p>\n","protected":false},"author":1,"featured_media":48069,"parent":48056,"menu_order":5371,"comment_status":"closed","ping_status":"closed","template":"page-with-child.php","meta":{"_acf_changed":false,"ngg_post_thumbnail":0,"footnotes":""},"class_list":["post-48074","page","type-page","status-publish","has-post-thumbnail","hentry"],"acf":[],"yoast_head":"<!-- This site is optimized with the Yoast SEO plugin v27.5 - https:\/\/yoast.com\/product\/yoast-seo-wordpress\/ -->\n<title>TONIKUM - WOHLBEFINDEN<\/title>\n<meta name=\"robots\" content=\"index, follow, max-snippet:-1, max-image-preview:large, max-video-preview:-1\" \/>\n<link rel=\"canonical\" href=\"https:\/\/bien-etreiris.ch\/de\/produktpraesentation\/hygiene\/koerperpflege\/natuerliche-haar-und-kopfhautpflege\/maske-serum-tonikum\/tonikum\/\" \/>\n<meta property=\"og:locale\" content=\"de_DE\" \/>\n<meta property=\"og:type\" content=\"article\" \/>\n<meta property=\"og:title\" content=\"TONIKUM - WOHLBEFINDEN\" \/>\n<meta property=\"og:description\" content=\"Tonikum f\u00fcr die Kopfhaut &nbsp; &nbsp; &nbsp; &nbsp; &nbsp; &nbsp; &nbsp; &nbsp; &nbsp; &nbsp; &nbsp; Lotion speziell f\u00fcr die besonderen Bed\u00fcrfnisse von Kopfhaut und Haar entwickelt wirkt erfrischend und belebend Inklusive Pipette f\u00fcr pr\u00e4zise und sparsame Dosierung Kann in Kombination mit SkalPuro verwendet werden 100 ml CHF 53.00 &nbsp; &nbsp; &nbsp; Haare sind der Spiegel der Seele und der Ausdruck&nbsp;Weiter lesen\" \/>\n<meta property=\"og:url\" content=\"https:\/\/bien-etreiris.ch\/de\/produktpraesentation\/hygiene\/koerperpflege\/natuerliche-haar-und-kopfhautpflege\/maske-serum-tonikum\/tonikum\/\" \/>\n<meta property=\"og:site_name\" content=\"WOHLBEFINDEN\" \/>\n<meta property=\"article:publisher\" content=\"https:\/\/www.facebook.com\/bienetreiris\/\" \/>\n<meta property=\"article:modified_time\" content=\"2021-05-29T10:41:30+00:00\" \/>\n<meta property=\"og:image\" content=\"https:\/\/bien-etreiris.ch\/wp-content\/uploads\/2021\/05\/acceuil-tonique-et-gel-alcalin-P.Jentschura.jpg\" \/>\n\t<meta property=\"og:image:width\" content=\"959\" \/>\n\t<meta property=\"og:image:height\" content=\"679\" \/>\n\t<meta property=\"og:image:type\" content=\"image\/jpeg\" \/>\n<meta name=\"twitter:label1\" content=\"Gesch\u00e4tzte Lesezeit\" \/>\n\t<meta name=\"twitter:data1\" content=\"2\u00a0Minuten\" \/>\n<script type=\"application\/ld+json\" class=\"yoast-schema-graph\">{\"@context\":\"https:\\\/\\\/schema.org\",\"@graph\":[{\"@type\":\"WebPage\",\"@id\":\"https:\\\/\\\/bien-etreiris.ch\\\/de\\\/produktpraesentation\\\/hygiene\\\/koerperpflege\\\/natuerliche-haar-und-kopfhautpflege\\\/maske-serum-tonikum\\\/tonikum\\\/\",\"url\":\"https:\\\/\\\/bien-etreiris.ch\\\/de\\\/produktpraesentation\\\/hygiene\\\/koerperpflege\\\/natuerliche-haar-und-kopfhautpflege\\\/maske-serum-tonikum\\\/tonikum\\\/\",\"name\":\"TONIKUM - WOHLBEFINDEN\",\"isPartOf\":{\"@id\":\"https:\\\/\\\/bien-etreiris.ch\\\/de\\\/#website\"},\"primaryImageOfPage\":{\"@id\":\"https:\\\/\\\/bien-etreiris.ch\\\/de\\\/produktpraesentation\\\/hygiene\\\/koerperpflege\\\/natuerliche-haar-und-kopfhautpflege\\\/maske-serum-tonikum\\\/tonikum\\\/#primaryimage\"},\"image\":{\"@id\":\"https:\\\/\\\/bien-etreiris.ch\\\/de\\\/produktpraesentation\\\/hygiene\\\/koerperpflege\\\/natuerliche-haar-und-kopfhautpflege\\\/maske-serum-tonikum\\\/tonikum\\\/#primaryimage\"},\"thumbnailUrl\":\"https:\\\/\\\/bien-etreiris.ch\\\/wp-content\\\/uploads\\\/2021\\\/05\\\/acceuil-tonique-et-gel-alcalin-P.Jentschura.jpg\",\"datePublished\":\"2021-05-29T09:35:37+00:00\",\"dateModified\":\"2021-05-29T10:41:30+00:00\",\"breadcrumb\":{\"@id\":\"https:\\\/\\\/bien-etreiris.ch\\\/de\\\/produktpraesentation\\\/hygiene\\\/koerperpflege\\\/natuerliche-haar-und-kopfhautpflege\\\/maske-serum-tonikum\\\/tonikum\\\/#breadcrumb\"},\"inLanguage\":\"de\",\"potentialAction\":[{\"@type\":\"ReadAction\",\"target\":[\"https:\\\/\\\/bien-etreiris.ch\\\/de\\\/produktpraesentation\\\/hygiene\\\/koerperpflege\\\/natuerliche-haar-und-kopfhautpflege\\\/maske-serum-tonikum\\\/tonikum\\\/\"]}]},{\"@type\":\"ImageObject\",\"inLanguage\":\"de\",\"@id\":\"https:\\\/\\\/bien-etreiris.ch\\\/de\\\/produktpraesentation\\\/hygiene\\\/koerperpflege\\\/natuerliche-haar-und-kopfhautpflege\\\/maske-serum-tonikum\\\/tonikum\\\/#primaryimage\",\"url\":\"https:\\\/\\\/bien-etreiris.ch\\\/wp-content\\\/uploads\\\/2021\\\/05\\\/acceuil-tonique-et-gel-alcalin-P.Jentschura.jpg\",\"contentUrl\":\"https:\\\/\\\/bien-etreiris.ch\\\/wp-content\\\/uploads\\\/2021\\\/05\\\/acceuil-tonique-et-gel-alcalin-P.Jentschura.jpg\",\"width\":959,\"height\":679},{\"@type\":\"BreadcrumbList\",\"@id\":\"https:\\\/\\\/bien-etreiris.ch\\\/de\\\/produktpraesentation\\\/hygiene\\\/koerperpflege\\\/natuerliche-haar-und-kopfhautpflege\\\/maske-serum-tonikum\\\/tonikum\\\/#breadcrumb\",\"itemListElement\":[{\"@type\":\"ListItem\",\"position\":1,\"name\":\"Home\",\"item\":\"https:\\\/\\\/bien-etreiris.ch\\\/de\\\/\"},{\"@type\":\"ListItem\",\"position\":2,\"name\":\"PRODUKTPR\u00c4SENTATION\",\"item\":\"https:\\\/\\\/bien-etreiris.ch\\\/de\\\/produktpraesentation\\\/\"},{\"@type\":\"ListItem\",\"position\":3,\"name\":\"HYGIENE\",\"item\":\"https:\\\/\\\/bien-etreiris.ch\\\/de\\\/produktpraesentation\\\/hygiene\\\/\"},{\"@type\":\"ListItem\",\"position\":4,\"name\":\"K\u00d6RPERPFLEGE\",\"item\":\"https:\\\/\\\/bien-etreiris.ch\\\/de\\\/produktpraesentation\\\/hygiene\\\/koerperpflege\\\/\"},{\"@type\":\"ListItem\",\"position\":5,\"name\":\"HAAR UND KOPFHAUT\",\"item\":\"https:\\\/\\\/bien-etreiris.ch\\\/de\\\/produktpraesentation\\\/hygiene\\\/koerperpflege\\\/natuerliche-haar-und-kopfhautpflege\\\/\"},{\"@type\":\"ListItem\",\"position\":6,\"name\":\"MASKE-SERUM-TONIKUM\",\"item\":\"https:\\\/\\\/bien-etreiris.ch\\\/de\\\/produktpraesentation\\\/hygiene\\\/koerperpflege\\\/natuerliche-haar-und-kopfhautpflege\\\/maske-serum-tonikum\\\/\"},{\"@type\":\"ListItem\",\"position\":7,\"name\":\"TONIKUM\"}]},{\"@type\":\"WebSite\",\"@id\":\"https:\\\/\\\/bien-etreiris.ch\\\/de\\\/#website\",\"url\":\"https:\\\/\\\/bien-etreiris.ch\\\/de\\\/\",\"name\":\"Bien-\u00eatre Iris\",\"description\":\"IHRE Gesundheit ist uns wichtig\",\"potentialAction\":[{\"@type\":\"SearchAction\",\"target\":{\"@type\":\"EntryPoint\",\"urlTemplate\":\"https:\\\/\\\/bien-etreiris.ch\\\/de\\\/?s={search_term_string}\"},\"query-input\":{\"@type\":\"PropertyValueSpecification\",\"valueRequired\":true,\"valueName\":\"search_term_string\"}}],\"inLanguage\":\"de\"}]}<\/script>\n<!-- \/ Yoast SEO plugin. -->","yoast_head_json":{"title":"TONIKUM - WOHLBEFINDEN","robots":{"index":"index","follow":"follow","max-snippet":"max-snippet:-1","max-image-preview":"max-image-preview:large","max-video-preview":"max-video-preview:-1"},"canonical":"https:\/\/bien-etreiris.ch\/de\/produktpraesentation\/hygiene\/koerperpflege\/natuerliche-haar-und-kopfhautpflege\/maske-serum-tonikum\/tonikum\/","og_locale":"de_DE","og_type":"article","og_title":"TONIKUM - WOHLBEFINDEN","og_description":"Tonikum f\u00fcr die Kopfhaut &nbsp; &nbsp; &nbsp; &nbsp; &nbsp; &nbsp; &nbsp; &nbsp; &nbsp; &nbsp; &nbsp; Lotion speziell f\u00fcr die besonderen Bed\u00fcrfnisse von Kopfhaut und Haar entwickelt wirkt erfrischend und belebend Inklusive Pipette f\u00fcr pr\u00e4zise und sparsame Dosierung Kann in Kombination mit SkalPuro verwendet werden 100 ml CHF 53.00 &nbsp; &nbsp; &nbsp; Haare sind der Spiegel der Seele und der Ausdruck&nbsp;Weiter lesen","og_url":"https:\/\/bien-etreiris.ch\/de\/produktpraesentation\/hygiene\/koerperpflege\/natuerliche-haar-und-kopfhautpflege\/maske-serum-tonikum\/tonikum\/","og_site_name":"WOHLBEFINDEN","article_publisher":"https:\/\/www.facebook.com\/bienetreiris\/","article_modified_time":"2021-05-29T10:41:30+00:00","og_image":[{"width":959,"height":679,"url":"https:\/\/bien-etreiris.ch\/wp-content\/uploads\/2021\/05\/acceuil-tonique-et-gel-alcalin-P.Jentschura.jpg","type":"image\/jpeg"}],"twitter_misc":{"Gesch\u00e4tzte Lesezeit":"2\u00a0Minuten"},"schema":{"@context":"https:\/\/schema.org","@graph":[{"@type":"WebPage","@id":"https:\/\/bien-etreiris.ch\/de\/produktpraesentation\/hygiene\/koerperpflege\/natuerliche-haar-und-kopfhautpflege\/maske-serum-tonikum\/tonikum\/","url":"https:\/\/bien-etreiris.ch\/de\/produktpraesentation\/hygiene\/koerperpflege\/natuerliche-haar-und-kopfhautpflege\/maske-serum-tonikum\/tonikum\/","name":"TONIKUM - WOHLBEFINDEN","isPartOf":{"@id":"https:\/\/bien-etreiris.ch\/de\/#website"},"primaryImageOfPage":{"@id":"https:\/\/bien-etreiris.ch\/de\/produktpraesentation\/hygiene\/koerperpflege\/natuerliche-haar-und-kopfhautpflege\/maske-serum-tonikum\/tonikum\/#primaryimage"},"image":{"@id":"https:\/\/bien-etreiris.ch\/de\/produktpraesentation\/hygiene\/koerperpflege\/natuerliche-haar-und-kopfhautpflege\/maske-serum-tonikum\/tonikum\/#primaryimage"},"thumbnailUrl":"https:\/\/bien-etreiris.ch\/wp-content\/uploads\/2021\/05\/acceuil-tonique-et-gel-alcalin-P.Jentschura.jpg","datePublished":"2021-05-29T09:35:37+00:00","dateModified":"2021-05-29T10:41:30+00:00","breadcrumb":{"@id":"https:\/\/bien-etreiris.ch\/de\/produktpraesentation\/hygiene\/koerperpflege\/natuerliche-haar-und-kopfhautpflege\/maske-serum-tonikum\/tonikum\/#breadcrumb"},"inLanguage":"de","potentialAction":[{"@type":"ReadAction","target":["https:\/\/bien-etreiris.ch\/de\/produktpraesentation\/hygiene\/koerperpflege\/natuerliche-haar-und-kopfhautpflege\/maske-serum-tonikum\/tonikum\/"]}]},{"@type":"ImageObject","inLanguage":"de","@id":"https:\/\/bien-etreiris.ch\/de\/produktpraesentation\/hygiene\/koerperpflege\/natuerliche-haar-und-kopfhautpflege\/maske-serum-tonikum\/tonikum\/#primaryimage","url":"https:\/\/bien-etreiris.ch\/wp-content\/uploads\/2021\/05\/acceuil-tonique-et-gel-alcalin-P.Jentschura.jpg","contentUrl":"https:\/\/bien-etreiris.ch\/wp-content\/uploads\/2021\/05\/acceuil-tonique-et-gel-alcalin-P.Jentschura.jpg","width":959,"height":679},{"@type":"BreadcrumbList","@id":"https:\/\/bien-etreiris.ch\/de\/produktpraesentation\/hygiene\/koerperpflege\/natuerliche-haar-und-kopfhautpflege\/maske-serum-tonikum\/tonikum\/#breadcrumb","itemListElement":[{"@type":"ListItem","position":1,"name":"Home","item":"https:\/\/bien-etreiris.ch\/de\/"},{"@type":"ListItem","position":2,"name":"PRODUKTPR\u00c4SENTATION","item":"https:\/\/bien-etreiris.ch\/de\/produktpraesentation\/"},{"@type":"ListItem","position":3,"name":"HYGIENE","item":"https:\/\/bien-etreiris.ch\/de\/produktpraesentation\/hygiene\/"},{"@type":"ListItem","position":4,"name":"K\u00d6RPERPFLEGE","item":"https:\/\/bien-etreiris.ch\/de\/produktpraesentation\/hygiene\/koerperpflege\/"},{"@type":"ListItem","position":5,"name":"HAAR UND KOPFHAUT","item":"https:\/\/bien-etreiris.ch\/de\/produktpraesentation\/hygiene\/koerperpflege\/natuerliche-haar-und-kopfhautpflege\/"},{"@type":"ListItem","position":6,"name":"MASKE-SERUM-TONIKUM","item":"https:\/\/bien-etreiris.ch\/de\/produktpraesentation\/hygiene\/koerperpflege\/natuerliche-haar-und-kopfhautpflege\/maske-serum-tonikum\/"},{"@type":"ListItem","position":7,"name":"TONIKUM"}]},{"@type":"WebSite","@id":"https:\/\/bien-etreiris.ch\/de\/#website","url":"https:\/\/bien-etreiris.ch\/de\/","name":"Bien-\u00eatre Iris","description":"IHRE Gesundheit ist uns wichtig","potentialAction":[{"@type":"SearchAction","target":{"@type":"EntryPoint","urlTemplate":"https:\/\/bien-etreiris.ch\/de\/?s={search_term_string}"},"query-input":{"@type":"PropertyValueSpecification","valueRequired":true,"valueName":"search_term_string"}}],"inLanguage":"de"}]}},"_links":{"self":[{"href":"https:\/\/bien-etreiris.ch\/de\/wp-json\/wp\/v2\/pages\/48074","targetHints":{"allow":["GET"]}}],"collection":[{"href":"https:\/\/bien-etreiris.ch\/de\/wp-json\/wp\/v2\/pages"}],"about":[{"href":"https:\/\/bien-etreiris.ch\/de\/wp-json\/wp\/v2\/types\/page"}],"author":[{"embeddable":true,"href":"https:\/\/bien-etreiris.ch\/de\/wp-json\/wp\/v2\/users\/1"}],"replies":[{"embeddable":true,"href":"https:\/\/bien-etreiris.ch\/de\/wp-json\/wp\/v2\/comments?post=48074"}],"version-history":[{"count":4,"href":"https:\/\/bien-etreiris.ch\/de\/wp-json\/wp\/v2\/pages\/48074\/revisions"}],"predecessor-version":[{"id":48121,"href":"https:\/\/bien-etreiris.ch\/de\/wp-json\/wp\/v2\/pages\/48074\/revisions\/48121"}],"up":[{"embeddable":true,"href":"https:\/\/bien-etreiris.ch\/de\/wp-json\/wp\/v2\/pages\/48056"}],"wp:featuredmedia":[{"embeddable":true,"href":"https:\/\/bien-etreiris.ch\/de\/wp-json\/wp\/v2\/media\/48069"}],"wp:attachment":[{"href":"https:\/\/bien-etreiris.ch\/de\/wp-json\/wp\/v2\/media?parent=48074"}],"curies":[{"name":"wp","href":"https:\/\/api.w.org\/{rel}","templated":true}]}}