{"id":47994,"date":"2021-05-28T16:50:50","date_gmt":"2021-05-28T14:50:50","guid":{"rendered":"https:\/\/bien-etreiris.ch\/?page_id=47994"},"modified":"2021-07-30T08:26:08","modified_gmt":"2021-07-30T06:26:08","slug":"eliah-sahil-shampoing-en-poudre","status":"publish","type":"page","link":"https:\/\/bien-etreiris.ch\/de\/produktpraesentation\/hygiene\/koerperpflege\/natuerliche-haar-und-kopfhautpflege\/pulvershampoo\/eliah-sahil-shampoing-en-poudre\/","title":{"rendered":"ELIAH SAHIL"},"content":{"rendered":"\n<h2>BIO Pulver Shampoo&nbsp; von&nbsp; Eliah Sahil<\/h2>\n<p>&nbsp;<\/p>\n\n\n\n<p><a href=\"https:\/\/bien-etreiris.ch\/wp-content\/uploads\/2021\/07\/Eliah-Sahil-amla.jpg\"><img loading=\"lazy\" decoding=\"async\" class=\"size-medium wp-image-52671 alignleft\" src=\"https:\/\/bien-etreiris.ch\/wp-content\/uploads\/2021\/07\/Eliah-Sahil-amla-300x300.jpg\" alt=\"\" width=\"300\" height=\"300\" srcset=\"https:\/\/bien-etreiris.ch\/wp-content\/uploads\/2021\/07\/Eliah-Sahil-amla-300x300.jpg 300w, https:\/\/bien-etreiris.ch\/wp-content\/uploads\/2021\/07\/Eliah-Sahil-amla-150x150.jpg 150w, https:\/\/bien-etreiris.ch\/wp-content\/uploads\/2021\/07\/Eliah-Sahil-amla-768x768.jpg 768w, https:\/\/bien-etreiris.ch\/wp-content\/uploads\/2021\/07\/Eliah-Sahil-amla.jpg 1000w\" sizes=\"auto, (max-width: 300px) 100vw, 300px\" \/><\/a><\/p>\n<p>&nbsp;<\/p>\n<div class=\"product_summary_middle\">\n<p class=\"product_title entry-title\"><strong>Bio Pulver Shampoo Amla<\/strong><\/p>\n<\/div>\n<p class=\"price\"><span class=\"b2b-single-price\"><span class=\"woocommerce-Price-amount amount\">Streudose 100 ml&nbsp; CHF 14.70<\/span><\/span><\/p>\n<p>Nachf\u00fcllbeutel 250 g CHF<\/p>\n<div class=\"woocommerce-product-details__short-description\">\n<p><strong>GLANZ &amp; F\u00dcLLE<\/strong> | f\u00fcr normales Haar<\/p>\n<\/div>\n<p>&nbsp;<\/p>\n<p>&nbsp;<\/p>\n<p>&nbsp;<\/p>\n<div class=\"woocommerce-product-details__short-description\">\n<p>Die reine Kraft der Sonne steckt in den Pflanzenessenzen dieses bio-zertifizierten Pulver-Shampoos f\u00fcr die nasse Haarw\u00e4sche. Dieses Shampoo reinigt die Haare auf einzigartige Weise ohne reizende Tenside und beruhigt dadurch die Kopfhaut. Die Haare erhalten einen natu\u0308rlichen Glanz und werden angenehm weich. Durch den Verzicht auf Chemie, Tenside und Konservierungsstoffe ist es mild zu Haar und Kopfhaut. Ideal fu\u0308r normales, nicht zu stark bescha\u0308digtes Haar.<\/p>\n<ul>\n<li>Natu\u0308rlich, Bio-zertifiziert, Vegan<\/li>\n<li>Plastikfreie Dose aus Aluminium mit Streueinsatz<\/li>\n<li>Nachf\u00fcllbeutel &amp; Travel Size kompostierbar<\/li>\n<\/ul>\n<\/div>\n","protected":false},"excerpt":{"rendered":"<p>BIO Pulver Shampoo&nbsp; von&nbsp; Eliah Sahil &nbsp; &nbsp; Bio Pulver Shampoo Amla Streudose 100 ml&nbsp; CHF 14.70 Nachf\u00fcllbeutel 250 g CHF GLANZ &amp; F\u00dcLLE | f\u00fcr normales Haar &nbsp; &nbsp; &nbsp; Die reine Kraft der Sonne steckt in den Pflanzenessenzen dieses bio-zertifizierten Pulver-Shampoos f\u00fcr die nasse Haarw\u00e4sche. Dieses Shampoo reinigt die Haare auf einzigartige Weise ohne reizende Tenside und beruhigt&nbsp;<a href=\"https:\/\/bien-etreiris.ch\/de\/produktpraesentation\/hygiene\/koerperpflege\/natuerliche-haar-und-kopfhautpflege\/pulvershampoo\/eliah-sahil-shampoing-en-poudre\/\" class=\"read-more\">Weiter lesen<\/a><\/p>\n","protected":false},"author":1,"featured_media":47992,"parent":47985,"menu_order":5377,"comment_status":"closed","ping_status":"closed","template":"page-with-child.php","meta":{"_acf_changed":false,"ngg_post_thumbnail":0,"footnotes":""},"class_list":["post-47994","page","type-page","status-publish","has-post-thumbnail","hentry"],"acf":[],"yoast_head":"<!-- This site is optimized with the Yoast SEO plugin v27.5 - https:\/\/yoast.com\/product\/yoast-seo-wordpress\/ -->\n<title>ELIAH SAHIL - WOHLBEFINDEN<\/title>\n<meta name=\"robots\" content=\"index, follow, max-snippet:-1, max-image-preview:large, max-video-preview:-1\" \/>\n<link rel=\"canonical\" href=\"https:\/\/bien-etreiris.ch\/de\/produktpraesentation\/hygiene\/koerperpflege\/natuerliche-haar-und-kopfhautpflege\/pulvershampoo\/eliah-sahil-shampoing-en-poudre\/\" \/>\n<meta property=\"og:locale\" content=\"de_DE\" \/>\n<meta property=\"og:type\" content=\"article\" \/>\n<meta property=\"og:title\" content=\"ELIAH SAHIL - WOHLBEFINDEN\" \/>\n<meta property=\"og:description\" content=\"BIO Pulver Shampoo&nbsp; von&nbsp; Eliah Sahil &nbsp; &nbsp; Bio Pulver Shampoo Amla Streudose 100 ml&nbsp; CHF 14.70 Nachf\u00fcllbeutel 250 g CHF GLANZ &amp; F\u00dcLLE | f\u00fcr normales Haar &nbsp; &nbsp; &nbsp; Die reine Kraft der Sonne steckt in den Pflanzenessenzen dieses bio-zertifizierten Pulver-Shampoos f\u00fcr die nasse Haarw\u00e4sche. Dieses Shampoo reinigt die Haare auf einzigartige Weise ohne reizende Tenside und beruhigt&nbsp;Weiter lesen\" \/>\n<meta property=\"og:url\" content=\"https:\/\/bien-etreiris.ch\/de\/produktpraesentation\/hygiene\/koerperpflege\/natuerliche-haar-und-kopfhautpflege\/pulvershampoo\/eliah-sahil-shampoing-en-poudre\/\" \/>\n<meta property=\"og:site_name\" content=\"WOHLBEFINDEN\" \/>\n<meta property=\"article:publisher\" content=\"https:\/\/www.facebook.com\/bienetreiris\/\" \/>\n<meta property=\"article:modified_time\" content=\"2021-07-30T06:26:08+00:00\" \/>\n<meta property=\"og:image\" content=\"https:\/\/bien-etreiris.ch\/wp-content\/uploads\/2021\/05\/Eliah-Sahil-2.jpg\" \/>\n\t<meta property=\"og:image:width\" content=\"500\" \/>\n\t<meta property=\"og:image:height\" content=\"333\" \/>\n\t<meta property=\"og:image:type\" content=\"image\/jpeg\" \/>\n<meta name=\"twitter:label1\" content=\"Gesch\u00e4tzte Lesezeit\" \/>\n\t<meta name=\"twitter:data1\" content=\"1\u00a0Minute\" \/>\n<script type=\"application\/ld+json\" class=\"yoast-schema-graph\">{\"@context\":\"https:\\\/\\\/schema.org\",\"@graph\":[{\"@type\":\"WebPage\",\"@id\":\"https:\\\/\\\/bien-etreiris.ch\\\/de\\\/produktpraesentation\\\/hygiene\\\/koerperpflege\\\/natuerliche-haar-und-kopfhautpflege\\\/pulvershampoo\\\/eliah-sahil-shampoing-en-poudre\\\/\",\"url\":\"https:\\\/\\\/bien-etreiris.ch\\\/de\\\/produktpraesentation\\\/hygiene\\\/koerperpflege\\\/natuerliche-haar-und-kopfhautpflege\\\/pulvershampoo\\\/eliah-sahil-shampoing-en-poudre\\\/\",\"name\":\"ELIAH SAHIL - WOHLBEFINDEN\",\"isPartOf\":{\"@id\":\"https:\\\/\\\/bien-etreiris.ch\\\/de\\\/#website\"},\"primaryImageOfPage\":{\"@id\":\"https:\\\/\\\/bien-etreiris.ch\\\/de\\\/produktpraesentation\\\/hygiene\\\/koerperpflege\\\/natuerliche-haar-und-kopfhautpflege\\\/pulvershampoo\\\/eliah-sahil-shampoing-en-poudre\\\/#primaryimage\"},\"image\":{\"@id\":\"https:\\\/\\\/bien-etreiris.ch\\\/de\\\/produktpraesentation\\\/hygiene\\\/koerperpflege\\\/natuerliche-haar-und-kopfhautpflege\\\/pulvershampoo\\\/eliah-sahil-shampoing-en-poudre\\\/#primaryimage\"},\"thumbnailUrl\":\"https:\\\/\\\/bien-etreiris.ch\\\/wp-content\\\/uploads\\\/2021\\\/05\\\/Eliah-Sahil-2.jpg\",\"datePublished\":\"2021-05-28T14:50:50+00:00\",\"dateModified\":\"2021-07-30T06:26:08+00:00\",\"breadcrumb\":{\"@id\":\"https:\\\/\\\/bien-etreiris.ch\\\/de\\\/produktpraesentation\\\/hygiene\\\/koerperpflege\\\/natuerliche-haar-und-kopfhautpflege\\\/pulvershampoo\\\/eliah-sahil-shampoing-en-poudre\\\/#breadcrumb\"},\"inLanguage\":\"de\",\"potentialAction\":[{\"@type\":\"ReadAction\",\"target\":[\"https:\\\/\\\/bien-etreiris.ch\\\/de\\\/produktpraesentation\\\/hygiene\\\/koerperpflege\\\/natuerliche-haar-und-kopfhautpflege\\\/pulvershampoo\\\/eliah-sahil-shampoing-en-poudre\\\/\"]}]},{\"@type\":\"ImageObject\",\"inLanguage\":\"de\",\"@id\":\"https:\\\/\\\/bien-etreiris.ch\\\/de\\\/produktpraesentation\\\/hygiene\\\/koerperpflege\\\/natuerliche-haar-und-kopfhautpflege\\\/pulvershampoo\\\/eliah-sahil-shampoing-en-poudre\\\/#primaryimage\",\"url\":\"https:\\\/\\\/bien-etreiris.ch\\\/wp-content\\\/uploads\\\/2021\\\/05\\\/Eliah-Sahil-2.jpg\",\"contentUrl\":\"https:\\\/\\\/bien-etreiris.ch\\\/wp-content\\\/uploads\\\/2021\\\/05\\\/Eliah-Sahil-2.jpg\",\"width\":500,\"height\":333},{\"@type\":\"BreadcrumbList\",\"@id\":\"https:\\\/\\\/bien-etreiris.ch\\\/de\\\/produktpraesentation\\\/hygiene\\\/koerperpflege\\\/natuerliche-haar-und-kopfhautpflege\\\/pulvershampoo\\\/eliah-sahil-shampoing-en-poudre\\\/#breadcrumb\",\"itemListElement\":[{\"@type\":\"ListItem\",\"position\":1,\"name\":\"Home\",\"item\":\"https:\\\/\\\/bien-etreiris.ch\\\/de\\\/\"},{\"@type\":\"ListItem\",\"position\":2,\"name\":\"PRODUKTPR\u00c4SENTATION\",\"item\":\"https:\\\/\\\/bien-etreiris.ch\\\/de\\\/produktpraesentation\\\/\"},{\"@type\":\"ListItem\",\"position\":3,\"name\":\"HYGIENE\",\"item\":\"https:\\\/\\\/bien-etreiris.ch\\\/de\\\/produktpraesentation\\\/hygiene\\\/\"},{\"@type\":\"ListItem\",\"position\":4,\"name\":\"K\u00d6RPERPFLEGE\",\"item\":\"https:\\\/\\\/bien-etreiris.ch\\\/de\\\/produktpraesentation\\\/hygiene\\\/koerperpflege\\\/\"},{\"@type\":\"ListItem\",\"position\":5,\"name\":\"HAAR UND KOPFHAUT\",\"item\":\"https:\\\/\\\/bien-etreiris.ch\\\/de\\\/produktpraesentation\\\/hygiene\\\/koerperpflege\\\/natuerliche-haar-und-kopfhautpflege\\\/\"},{\"@type\":\"ListItem\",\"position\":6,\"name\":\"PULVERSHAMPOO\",\"item\":\"https:\\\/\\\/bien-etreiris.ch\\\/de\\\/produktpraesentation\\\/hygiene\\\/koerperpflege\\\/natuerliche-haar-und-kopfhautpflege\\\/pulvershampoo\\\/\"},{\"@type\":\"ListItem\",\"position\":7,\"name\":\"ELIAH SAHIL\"}]},{\"@type\":\"WebSite\",\"@id\":\"https:\\\/\\\/bien-etreiris.ch\\\/de\\\/#website\",\"url\":\"https:\\\/\\\/bien-etreiris.ch\\\/de\\\/\",\"name\":\"Bien-\u00eatre Iris\",\"description\":\"IHRE Gesundheit ist uns wichtig\",\"potentialAction\":[{\"@type\":\"SearchAction\",\"target\":{\"@type\":\"EntryPoint\",\"urlTemplate\":\"https:\\\/\\\/bien-etreiris.ch\\\/de\\\/?s={search_term_string}\"},\"query-input\":{\"@type\":\"PropertyValueSpecification\",\"valueRequired\":true,\"valueName\":\"search_term_string\"}}],\"inLanguage\":\"de\"}]}<\/script>\n<!-- \/ Yoast SEO plugin. -->","yoast_head_json":{"title":"ELIAH SAHIL - WOHLBEFINDEN","robots":{"index":"index","follow":"follow","max-snippet":"max-snippet:-1","max-image-preview":"max-image-preview:large","max-video-preview":"max-video-preview:-1"},"canonical":"https:\/\/bien-etreiris.ch\/de\/produktpraesentation\/hygiene\/koerperpflege\/natuerliche-haar-und-kopfhautpflege\/pulvershampoo\/eliah-sahil-shampoing-en-poudre\/","og_locale":"de_DE","og_type":"article","og_title":"ELIAH SAHIL - WOHLBEFINDEN","og_description":"BIO Pulver Shampoo&nbsp; von&nbsp; Eliah Sahil &nbsp; &nbsp; Bio Pulver Shampoo Amla Streudose 100 ml&nbsp; CHF 14.70 Nachf\u00fcllbeutel 250 g CHF GLANZ &amp; F\u00dcLLE | f\u00fcr normales Haar &nbsp; &nbsp; &nbsp; Die reine Kraft der Sonne steckt in den Pflanzenessenzen dieses bio-zertifizierten Pulver-Shampoos f\u00fcr die nasse Haarw\u00e4sche. Dieses Shampoo reinigt die Haare auf einzigartige Weise ohne reizende Tenside und beruhigt&nbsp;Weiter lesen","og_url":"https:\/\/bien-etreiris.ch\/de\/produktpraesentation\/hygiene\/koerperpflege\/natuerliche-haar-und-kopfhautpflege\/pulvershampoo\/eliah-sahil-shampoing-en-poudre\/","og_site_name":"WOHLBEFINDEN","article_publisher":"https:\/\/www.facebook.com\/bienetreiris\/","article_modified_time":"2021-07-30T06:26:08+00:00","og_image":[{"width":500,"height":333,"url":"https:\/\/bien-etreiris.ch\/wp-content\/uploads\/2021\/05\/Eliah-Sahil-2.jpg","type":"image\/jpeg"}],"twitter_misc":{"Gesch\u00e4tzte Lesezeit":"1\u00a0Minute"},"schema":{"@context":"https:\/\/schema.org","@graph":[{"@type":"WebPage","@id":"https:\/\/bien-etreiris.ch\/de\/produktpraesentation\/hygiene\/koerperpflege\/natuerliche-haar-und-kopfhautpflege\/pulvershampoo\/eliah-sahil-shampoing-en-poudre\/","url":"https:\/\/bien-etreiris.ch\/de\/produktpraesentation\/hygiene\/koerperpflege\/natuerliche-haar-und-kopfhautpflege\/pulvershampoo\/eliah-sahil-shampoing-en-poudre\/","name":"ELIAH SAHIL - WOHLBEFINDEN","isPartOf":{"@id":"https:\/\/bien-etreiris.ch\/de\/#website"},"primaryImageOfPage":{"@id":"https:\/\/bien-etreiris.ch\/de\/produktpraesentation\/hygiene\/koerperpflege\/natuerliche-haar-und-kopfhautpflege\/pulvershampoo\/eliah-sahil-shampoing-en-poudre\/#primaryimage"},"image":{"@id":"https:\/\/bien-etreiris.ch\/de\/produktpraesentation\/hygiene\/koerperpflege\/natuerliche-haar-und-kopfhautpflege\/pulvershampoo\/eliah-sahil-shampoing-en-poudre\/#primaryimage"},"thumbnailUrl":"https:\/\/bien-etreiris.ch\/wp-content\/uploads\/2021\/05\/Eliah-Sahil-2.jpg","datePublished":"2021-05-28T14:50:50+00:00","dateModified":"2021-07-30T06:26:08+00:00","breadcrumb":{"@id":"https:\/\/bien-etreiris.ch\/de\/produktpraesentation\/hygiene\/koerperpflege\/natuerliche-haar-und-kopfhautpflege\/pulvershampoo\/eliah-sahil-shampoing-en-poudre\/#breadcrumb"},"inLanguage":"de","potentialAction":[{"@type":"ReadAction","target":["https:\/\/bien-etreiris.ch\/de\/produktpraesentation\/hygiene\/koerperpflege\/natuerliche-haar-und-kopfhautpflege\/pulvershampoo\/eliah-sahil-shampoing-en-poudre\/"]}]},{"@type":"ImageObject","inLanguage":"de","@id":"https:\/\/bien-etreiris.ch\/de\/produktpraesentation\/hygiene\/koerperpflege\/natuerliche-haar-und-kopfhautpflege\/pulvershampoo\/eliah-sahil-shampoing-en-poudre\/#primaryimage","url":"https:\/\/bien-etreiris.ch\/wp-content\/uploads\/2021\/05\/Eliah-Sahil-2.jpg","contentUrl":"https:\/\/bien-etreiris.ch\/wp-content\/uploads\/2021\/05\/Eliah-Sahil-2.jpg","width":500,"height":333},{"@type":"BreadcrumbList","@id":"https:\/\/bien-etreiris.ch\/de\/produktpraesentation\/hygiene\/koerperpflege\/natuerliche-haar-und-kopfhautpflege\/pulvershampoo\/eliah-sahil-shampoing-en-poudre\/#breadcrumb","itemListElement":[{"@type":"ListItem","position":1,"name":"Home","item":"https:\/\/bien-etreiris.ch\/de\/"},{"@type":"ListItem","position":2,"name":"PRODUKTPR\u00c4SENTATION","item":"https:\/\/bien-etreiris.ch\/de\/produktpraesentation\/"},{"@type":"ListItem","position":3,"name":"HYGIENE","item":"https:\/\/bien-etreiris.ch\/de\/produktpraesentation\/hygiene\/"},{"@type":"ListItem","position":4,"name":"K\u00d6RPERPFLEGE","item":"https:\/\/bien-etreiris.ch\/de\/produktpraesentation\/hygiene\/koerperpflege\/"},{"@type":"ListItem","position":5,"name":"HAAR UND KOPFHAUT","item":"https:\/\/bien-etreiris.ch\/de\/produktpraesentation\/hygiene\/koerperpflege\/natuerliche-haar-und-kopfhautpflege\/"},{"@type":"ListItem","position":6,"name":"PULVERSHAMPOO","item":"https:\/\/bien-etreiris.ch\/de\/produktpraesentation\/hygiene\/koerperpflege\/natuerliche-haar-und-kopfhautpflege\/pulvershampoo\/"},{"@type":"ListItem","position":7,"name":"ELIAH SAHIL"}]},{"@type":"WebSite","@id":"https:\/\/bien-etreiris.ch\/de\/#website","url":"https:\/\/bien-etreiris.ch\/de\/","name":"Bien-\u00eatre Iris","description":"IHRE Gesundheit ist uns wichtig","potentialAction":[{"@type":"SearchAction","target":{"@type":"EntryPoint","urlTemplate":"https:\/\/bien-etreiris.ch\/de\/?s={search_term_string}"},"query-input":{"@type":"PropertyValueSpecification","valueRequired":true,"valueName":"search_term_string"}}],"inLanguage":"de"}]}},"_links":{"self":[{"href":"https:\/\/bien-etreiris.ch\/de\/wp-json\/wp\/v2\/pages\/47994","targetHints":{"allow":["GET"]}}],"collection":[{"href":"https:\/\/bien-etreiris.ch\/de\/wp-json\/wp\/v2\/pages"}],"about":[{"href":"https:\/\/bien-etreiris.ch\/de\/wp-json\/wp\/v2\/types\/page"}],"author":[{"embeddable":true,"href":"https:\/\/bien-etreiris.ch\/de\/wp-json\/wp\/v2\/users\/1"}],"replies":[{"embeddable":true,"href":"https:\/\/bien-etreiris.ch\/de\/wp-json\/wp\/v2\/comments?post=47994"}],"version-history":[{"count":4,"href":"https:\/\/bien-etreiris.ch\/de\/wp-json\/wp\/v2\/pages\/47994\/revisions"}],"predecessor-version":[{"id":52678,"href":"https:\/\/bien-etreiris.ch\/de\/wp-json\/wp\/v2\/pages\/47994\/revisions\/52678"}],"up":[{"embeddable":true,"href":"https:\/\/bien-etreiris.ch\/de\/wp-json\/wp\/v2\/pages\/47985"}],"wp:featuredmedia":[{"embeddable":true,"href":"https:\/\/bien-etreiris.ch\/de\/wp-json\/wp\/v2\/media\/47992"}],"wp:attachment":[{"href":"https:\/\/bien-etreiris.ch\/de\/wp-json\/wp\/v2\/media?parent=47994"}],"curies":[{"name":"wp","href":"https:\/\/api.w.org\/{rel}","templated":true}]}}