{"id":47944,"date":"2020-09-17T07:07:28","date_gmt":"2020-09-17T07:07:28","guid":{"rendered":"https:\/\/bien-etreiris.ch\/produkt-prasentationen\/hygiene\/corporelle\/natuerliche-haar-und-kopfhautpflege\/farfalla\/shampooing\/"},"modified":"2021-06-07T14:50:51","modified_gmt":"2021-06-07T12:50:51","slug":"farfalla-shampoo","status":"publish","type":"page","link":"https:\/\/bien-etreiris.ch\/de\/produktpraesentation\/hygiene\/koerperpflege\/natuerliche-haar-und-kopfhautpflege\/shampoo\/farfalla-shampoo\/","title":{"rendered":"FARFALLA"},"content":{"rendered":"<p>Entdecken Sie die Wirksamkeit der nat\u00fcrlichen Haarpflege - mit dem neuen und verbesserten Sortiment an nat\u00fcrlichen Shampoos, Pflege- und Stylingprodukten. Das aromalab-Label unterstreicht, dass die neuen 100% nat\u00fcrlichen Haarpflegeprodukte mit der Kraft der Aromapflanze entwickelt worden sind<\/p>\n<p>Nachhaltig: Verpackung aus 100 % recyceltem Kunststoff<br>Vegan: konstante Pflanzenkraft, mit Waschsubstanzen aus nachwachsenden Rohstoffen, pflegenden Pflanzenextrakten und \u00e4therischen \u00d6len. Frei von synthetischen Stoffen, PEG und Silikonen.<br>Im professionellen Einsatz: Selbst die Stylisten der Helsinki Fashion Week setzen auf farfalla Haarpflegeprodukte und beweisen: 100% Natur und eine attraktive Frisur passen nicht nur gut zusammen - sie sehen auch sensationell zusammen aus.<\/p>\n\n\n<p><\/p>\n\n\n<p>&nbsp;<\/p>\n<p>&nbsp;<\/p>\n\n\n<h4 class=\"wp-block-heading\">Kardamone<\/h4>\n\n\n<p><a class=\"wp-image-31418 size-medium alignleft\" href=\"https:\/\/decoiris.ch\/wp-content\/uploads\/2020\/06\/cardamon.png\"><img loading=\"lazy\" decoding=\"async\" class=\"wp-image-31418 size-medium alignleft\" src=\"https:\/\/decoiris.ch\/wp-content\/uploads\/2020\/06\/cardamon-205x300.png\" alt=\"\" width=\"205\" height=\"300\" srcset=\"https:\/\/bien-etreiris.ch\/wp-content\/uploads\/2020\/06\/cardamon-205x300.png 205w, https:\/\/bien-etreiris.ch\/wp-content\/uploads\/2020\/06\/cardamon.png 356w\" sizes=\"auto, (max-width: 205px) 100vw, 205px\" \/><\/a><\/p>\n<p>Anti-Schuppen-Shampoo<\/p>\n<p>Das \u00e4therische \u00d6l des erhabenen Kardamoms hat eine belebende und regulierende Wirkung auf die Haut. Es ist wertvoll bei empfindlicher und schuppiger Kopfhaut. Neem-Extrakt und die sanften, aber effektiven Wirkstoffe der Joazeiro-Rinde beruhigen die Kopfhaut und sorgen f\u00fcr nachhaltige Linderung von Schuppen und anderen Stresssymptomen. F\u00fcr gesundes, schuppenfreies Haar.<\/p>\n<p>&nbsp;<\/p>\n<div class=\"product-info\">\n<p><strong>200 ml CHF 16.90<\/strong><\/p>\n<p><a href=\"https:\/\/decoiris.ch\/wp-content\/uploads\/2020\/06\/cardamon-1-lt.png\"><img loading=\"lazy\" decoding=\"async\" class=\"wp-image-31421 alignleft\" src=\"https:\/\/decoiris.ch\/wp-content\/uploads\/2020\/06\/cardamon-1-lt-181x300.png\" alt=\"\" width=\"80\" height=\"132\" srcset=\"https:\/\/bien-etreiris.ch\/wp-content\/uploads\/2020\/06\/cardamon-1-lt-181x300.png 181w, https:\/\/bien-etreiris.ch\/wp-content\/uploads\/2020\/06\/cardamon-1-lt.png 314w\" sizes=\"auto, (max-width: 80px) 100vw, 80px\" \/><\/a><\/p>\n<\/div>\n<p>&nbsp;<\/p>\n<p><strong>Nachf\u00fcllung 100 ml CHF 5.90<\/strong><\/p>\n<p>&nbsp;<\/p>\n<p>&nbsp;<\/p>\n<p>&nbsp;<\/p>\n<p>&nbsp;<\/p>\n\n\n<hr class=\"wp-block-separator\"\/>\n\n\n\n<p><\/p>\n\n\n\n<h4 class=\"wp-block-heading\">Wachholder<\/h4>\n\n\n<p><a href=\"https:\/\/decoiris.ch\/wp-content\/uploads\/2020\/06\/gen\u00e9vrier.png\"><img loading=\"lazy\" decoding=\"async\" class=\"size-medium wp-image-31398 alignleft\" src=\"https:\/\/decoiris.ch\/wp-content\/uploads\/2020\/06\/gen\u00e9vrier-205x300.png\" alt=\"\" width=\"205\" height=\"300\" srcset=\"https:\/\/bien-etreiris.ch\/wp-content\/uploads\/2020\/06\/gen\u00e9vrier-205x300.png 205w, https:\/\/bien-etreiris.ch\/wp-content\/uploads\/2020\/06\/gen\u00e9vrier.png 356w\" sizes=\"auto, (max-width: 205px) 100vw, 205px\" \/><\/a><\/p>\n<div class=\"product-details\">\n<div class=\"product-info\">\n<p>Regenerierendes Shampoo<\/p>\n<p>Das \u00e4therische \u00d6l des Virginia Balsam Wacholders hat eine lange Tradition in der Haarpflege. Es pflegt, regeneriert und reinigt die trockene und strapazierte Kopfhaut. Walnussextrakt gl\u00e4ttet die gesch\u00e4digte Haarstruktur. Raues und strapaziertes Haar sieht gepflegt und geschmeidig aus. Gesch\u00fctztes, coloriertes Haar beh\u00e4lt die Brillanz seiner Farbe.<\/p>\n<p><\/p>\n<p><strong>200 ml&nbsp; CHF 16.90<\/strong><\/p>\n<p><a href=\"https:\/\/decoiris.ch\/wp-content\/uploads\/2020\/06\/gen\u00e9vrier-1-lt.png\"><img loading=\"lazy\" decoding=\"async\" class=\"wp-image-31401 alignleft\" src=\"https:\/\/decoiris.ch\/wp-content\/uploads\/2020\/06\/gen\u00e9vrier-1-lt-181x300.png\" alt=\"\" width=\"80\" height=\"133\" srcset=\"https:\/\/bien-etreiris.ch\/wp-content\/uploads\/2020\/06\/gen\u00e9vrier-1-lt-181x300.png 181w, https:\/\/bien-etreiris.ch\/wp-content\/uploads\/2020\/06\/gen\u00e9vrier-1-lt.png 314w\" sizes=\"auto, (max-width: 80px) 100vw, 80px\" \/><\/a><\/p>\n<p>&nbsp;<\/p>\n<p><strong>Nachf\u00fcllung 100 ml CHF 5.90<\/strong><\/p>\n<\/div>\n<\/div>\n<p>&nbsp;<\/p>\n<p>&nbsp;<\/p>\n<p>&nbsp;<\/p>\n<p>&nbsp;<\/p>\n\n\n<hr class=\"wp-block-separator\"\/>\n\n\n\n<h4 class=\"wp-block-heading\"> <strong>Rosengeranie<\/strong><\/h4>\n\n\n<p><a href=\"https:\/\/decoiris.ch\/wp-content\/uploads\/2020\/06\/g\u00e9ranium-rosat.png\"><img loading=\"lazy\" decoding=\"async\" class=\"size-medium wp-image-31409 alignleft\" src=\"https:\/\/decoiris.ch\/wp-content\/uploads\/2020\/06\/g\u00e9ranium-rosat-205x300.png\" alt=\"\" width=\"205\" height=\"300\" srcset=\"https:\/\/bien-etreiris.ch\/wp-content\/uploads\/2020\/06\/g\u00e9ranium-rosat-205x300.png 205w, https:\/\/bien-etreiris.ch\/wp-content\/uploads\/2020\/06\/g\u00e9ranium-rosat.png 356w\" sizes=\"auto, (max-width: 205px) 100vw, 205px\" \/><\/a><\/p>\n<p>Sanftes Shampoo<\/p>\n<p>Das \u00e4therische \u00d6l der zarten Rosengeranie ist \u00e4u\u00dferst sanft zur Haut und eignet sich hervorragend f\u00fcr die h\u00e4ufige Haarw\u00e4sche. Ein Shampoo f\u00fcr die ganze Familie - auch f\u00fcr die empfindliche Kopfhaut von Kindern.<\/p>\n<p>&nbsp;<\/p>\n<p>&nbsp;<\/p>\n<p><strong>200 ml CHF 15.90<\/strong><\/p>\n<p><a href=\"https:\/\/decoiris.ch\/wp-content\/uploads\/2020\/06\/g\u00e9ranium-rosat-1-lt.png\"><img loading=\"lazy\" decoding=\"async\" class=\"wp-image-31415 alignleft\" src=\"https:\/\/decoiris.ch\/wp-content\/uploads\/2020\/06\/g\u00e9ranium-rosat-1-lt-181x300.png\" alt=\"\" width=\"80\" height=\"132\" srcset=\"https:\/\/bien-etreiris.ch\/wp-content\/uploads\/2020\/06\/g\u00e9ranium-rosat-1-lt-181x300.png 181w, https:\/\/bien-etreiris.ch\/wp-content\/uploads\/2020\/06\/g\u00e9ranium-rosat-1-lt.png 314w\" sizes=\"auto, (max-width: 80px) 100vw, 80px\" \/><\/a><\/p>\n<p>&nbsp;<\/p>\n<p><strong>Nachf\u00fcllung&nbsp; 100 ml CHF 5.40<\/strong><\/p>\n<p>&nbsp;<\/p>\n<p>&nbsp;<\/p>\n<p>&nbsp;<\/p>\n<p>&nbsp;<\/p>\n\n\n<hr class=\"wp-block-separator\"\/>\n\n\n\n<h4 class=\"wp-block-heading\">Ingwer<\/h4>\n\n\n<p><a href=\"https:\/\/decoiris.ch\/wp-content\/uploads\/2020\/06\/gingembre.png\"><img loading=\"lazy\" decoding=\"async\" class=\"size-medium wp-image-31428 alignleft\" src=\"https:\/\/decoiris.ch\/wp-content\/uploads\/2020\/06\/gingembre-205x300.png\" alt=\"\" width=\"205\" height=\"300\" srcset=\"https:\/\/bien-etreiris.ch\/wp-content\/uploads\/2020\/06\/gingembre-205x300.png 205w, https:\/\/bien-etreiris.ch\/wp-content\/uploads\/2020\/06\/gingembre.png 356w\" sizes=\"auto, (max-width: 205px) 100vw, 205px\" \/><\/a><\/p>\n<p>Volumen-Shampoo<\/p>\n<p>Das \u00e4therische \u00d6l der Ingwerwurzel hat einen w\u00fcrzig-frischen Duft und belebt die Kopfhaut. Es st\u00e4rkt die Wurzeln und sorgt f\u00fcr gesundes und kr\u00e4ftiges Haar. Weizenprotein verleiht feinem Haar Volumen und Kraft, ohne es zu beschweren. F\u00fcr einen vollen und gl\u00e4nzenden Haarschopf.<\/p>\n<p>&nbsp;<\/p>\n<p>&nbsp;<\/p>\n<p><strong>200 ml CHF 16.90<\/strong><\/p>\n<p><a href=\"https:\/\/decoiris.ch\/wp-content\/uploads\/2020\/06\/gingembre-1-lt.png\"><img loading=\"lazy\" decoding=\"async\" class=\"wp-image-31432 alignleft\" src=\"https:\/\/decoiris.ch\/wp-content\/uploads\/2020\/06\/gingembre-1-lt-181x300.png\" alt=\"\" width=\"80\" height=\"132\" srcset=\"https:\/\/bien-etreiris.ch\/wp-content\/uploads\/2020\/06\/gingembre-1-lt-181x300.png 181w, https:\/\/bien-etreiris.ch\/wp-content\/uploads\/2020\/06\/gingembre-1-lt.png 314w\" sizes=\"auto, (max-width: 80px) 100vw, 80px\" \/><\/a><\/p>\n<p>&nbsp;<\/p>\n<p><strong>Nachf\u00fcllung 100 ml CHF 5.90<\/strong><\/p>\n<p>&nbsp;<\/p>\n<p>&nbsp;<\/p>\n<p>&nbsp;<\/p>\n<p>&nbsp;<\/p>","protected":false},"excerpt":{"rendered":"<p>Entdecken Sie die Wirksamkeit der nat\u00fcrlichen Haarpflege - mit dem neuen und verbesserten Sortiment an nat\u00fcrlichen Shampoos, Pflege- und Stylingprodukten. Das aromalab-Label unterstreicht, dass die neuen 100% nat\u00fcrlichen Haarpflegeprodukte mit der Kraft der Aromapflanze entwickelt worden sind Nachhaltig: Verpackung aus 100 % recyceltem KunststoffVegan: konstante Pflanzenkraft, mit Waschsubstanzen aus nachwachsenden Rohstoffen, pflegenden Pflanzenextrakten und \u00e4therischen \u00d6len. Frei von synthetischen Stoffen,&nbsp;<a href=\"https:\/\/bien-etreiris.ch\/de\/produktpraesentation\/hygiene\/koerperpflege\/natuerliche-haar-und-kopfhautpflege\/shampoo\/farfalla-shampoo\/\" class=\"read-more\">Weiter lesen<\/a><\/p>\n","protected":false},"author":1,"featured_media":32900,"parent":47938,"menu_order":7026,"comment_status":"closed","ping_status":"closed","template":"page-with-child.php","meta":{"_acf_changed":false,"ngg_post_thumbnail":0,"footnotes":""},"class_list":["post-47944","page","type-page","status-publish","has-post-thumbnail","hentry"],"acf":[],"yoast_head":"<!-- This site is optimized with the Yoast SEO plugin v27.5 - https:\/\/yoast.com\/product\/yoast-seo-wordpress\/ -->\n<title>FARFALLA - WOHLBEFINDEN<\/title>\n<meta name=\"robots\" content=\"index, follow, max-snippet:-1, max-image-preview:large, max-video-preview:-1\" \/>\n<link rel=\"canonical\" href=\"https:\/\/bien-etreiris.ch\/de\/produktpraesentation\/hygiene\/koerperpflege\/natuerliche-haar-und-kopfhautpflege\/shampoo\/farfalla-shampoo\/\" \/>\n<meta property=\"og:locale\" content=\"de_DE\" \/>\n<meta property=\"og:type\" content=\"article\" \/>\n<meta property=\"og:title\" content=\"FARFALLA - WOHLBEFINDEN\" \/>\n<meta property=\"og:description\" content=\"Entdecken Sie die Wirksamkeit der nat\u00fcrlichen Haarpflege - mit dem neuen und verbesserten Sortiment an nat\u00fcrlichen Shampoos, Pflege- und Stylingprodukten. Das aromalab-Label unterstreicht, dass die neuen 100% nat\u00fcrlichen Haarpflegeprodukte mit der Kraft der Aromapflanze entwickelt worden sind Nachhaltig: Verpackung aus 100 % recyceltem KunststoffVegan: konstante Pflanzenkraft, mit Waschsubstanzen aus nachwachsenden Rohstoffen, pflegenden Pflanzenextrakten und \u00e4therischen \u00d6len. Frei von synthetischen Stoffen,&nbsp;Weiter lesen\" \/>\n<meta property=\"og:url\" content=\"https:\/\/bien-etreiris.ch\/de\/produktpraesentation\/hygiene\/koerperpflege\/natuerliche-haar-und-kopfhautpflege\/shampoo\/farfalla-shampoo\/\" \/>\n<meta property=\"og:site_name\" content=\"WOHLBEFINDEN\" \/>\n<meta property=\"article:publisher\" content=\"https:\/\/www.facebook.com\/bienetreiris\/\" \/>\n<meta property=\"article:modified_time\" content=\"2021-06-07T12:50:51+00:00\" \/>\n<meta property=\"og:image\" content=\"https:\/\/bien-etreiris.ch\/wp-content\/uploads\/2020\/10\/acceuil-17.jpg\" \/>\n\t<meta property=\"og:image:width\" content=\"400\" \/>\n\t<meta property=\"og:image:height\" content=\"275\" \/>\n\t<meta property=\"og:image:type\" content=\"image\/jpeg\" \/>\n<meta name=\"twitter:label1\" content=\"Gesch\u00e4tzte Lesezeit\" \/>\n\t<meta name=\"twitter:data1\" content=\"4\u00a0Minuten\" \/>\n<script type=\"application\/ld+json\" class=\"yoast-schema-graph\">{\"@context\":\"https:\\\/\\\/schema.org\",\"@graph\":[{\"@type\":\"WebPage\",\"@id\":\"https:\\\/\\\/bien-etreiris.ch\\\/de\\\/produktpraesentation\\\/hygiene\\\/koerperpflege\\\/natuerliche-haar-und-kopfhautpflege\\\/shampoo\\\/farfalla-shampoo\\\/\",\"url\":\"https:\\\/\\\/bien-etreiris.ch\\\/de\\\/produktpraesentation\\\/hygiene\\\/koerperpflege\\\/natuerliche-haar-und-kopfhautpflege\\\/shampoo\\\/farfalla-shampoo\\\/\",\"name\":\"FARFALLA - WOHLBEFINDEN\",\"isPartOf\":{\"@id\":\"https:\\\/\\\/bien-etreiris.ch\\\/de\\\/#website\"},\"primaryImageOfPage\":{\"@id\":\"https:\\\/\\\/bien-etreiris.ch\\\/de\\\/produktpraesentation\\\/hygiene\\\/koerperpflege\\\/natuerliche-haar-und-kopfhautpflege\\\/shampoo\\\/farfalla-shampoo\\\/#primaryimage\"},\"image\":{\"@id\":\"https:\\\/\\\/bien-etreiris.ch\\\/de\\\/produktpraesentation\\\/hygiene\\\/koerperpflege\\\/natuerliche-haar-und-kopfhautpflege\\\/shampoo\\\/farfalla-shampoo\\\/#primaryimage\"},\"thumbnailUrl\":\"https:\\\/\\\/bien-etreiris.ch\\\/wp-content\\\/uploads\\\/2020\\\/10\\\/acceuil-17.jpg\",\"datePublished\":\"2020-09-17T07:07:28+00:00\",\"dateModified\":\"2021-06-07T12:50:51+00:00\",\"breadcrumb\":{\"@id\":\"https:\\\/\\\/bien-etreiris.ch\\\/de\\\/produktpraesentation\\\/hygiene\\\/koerperpflege\\\/natuerliche-haar-und-kopfhautpflege\\\/shampoo\\\/farfalla-shampoo\\\/#breadcrumb\"},\"inLanguage\":\"de\",\"potentialAction\":[{\"@type\":\"ReadAction\",\"target\":[\"https:\\\/\\\/bien-etreiris.ch\\\/de\\\/produktpraesentation\\\/hygiene\\\/koerperpflege\\\/natuerliche-haar-und-kopfhautpflege\\\/shampoo\\\/farfalla-shampoo\\\/\"]}]},{\"@type\":\"ImageObject\",\"inLanguage\":\"de\",\"@id\":\"https:\\\/\\\/bien-etreiris.ch\\\/de\\\/produktpraesentation\\\/hygiene\\\/koerperpflege\\\/natuerliche-haar-und-kopfhautpflege\\\/shampoo\\\/farfalla-shampoo\\\/#primaryimage\",\"url\":\"https:\\\/\\\/bien-etreiris.ch\\\/wp-content\\\/uploads\\\/2020\\\/10\\\/acceuil-17.jpg\",\"contentUrl\":\"https:\\\/\\\/bien-etreiris.ch\\\/wp-content\\\/uploads\\\/2020\\\/10\\\/acceuil-17.jpg\",\"width\":400,\"height\":275},{\"@type\":\"BreadcrumbList\",\"@id\":\"https:\\\/\\\/bien-etreiris.ch\\\/de\\\/produktpraesentation\\\/hygiene\\\/koerperpflege\\\/natuerliche-haar-und-kopfhautpflege\\\/shampoo\\\/farfalla-shampoo\\\/#breadcrumb\",\"itemListElement\":[{\"@type\":\"ListItem\",\"position\":1,\"name\":\"Home\",\"item\":\"https:\\\/\\\/bien-etreiris.ch\\\/de\\\/\"},{\"@type\":\"ListItem\",\"position\":2,\"name\":\"PRODUKTPR\u00c4SENTATION\",\"item\":\"https:\\\/\\\/bien-etreiris.ch\\\/de\\\/produktpraesentation\\\/\"},{\"@type\":\"ListItem\",\"position\":3,\"name\":\"HYGIENE\",\"item\":\"https:\\\/\\\/bien-etreiris.ch\\\/de\\\/produktpraesentation\\\/hygiene\\\/\"},{\"@type\":\"ListItem\",\"position\":4,\"name\":\"K\u00d6RPERPFLEGE\",\"item\":\"https:\\\/\\\/bien-etreiris.ch\\\/de\\\/produktpraesentation\\\/hygiene\\\/koerperpflege\\\/\"},{\"@type\":\"ListItem\",\"position\":5,\"name\":\"HAAR UND KOPFHAUT\",\"item\":\"https:\\\/\\\/bien-etreiris.ch\\\/de\\\/produktpraesentation\\\/hygiene\\\/koerperpflege\\\/natuerliche-haar-und-kopfhautpflege\\\/\"},{\"@type\":\"ListItem\",\"position\":6,\"name\":\"SHAMPOO\",\"item\":\"https:\\\/\\\/bien-etreiris.ch\\\/de\\\/produktpraesentation\\\/hygiene\\\/koerperpflege\\\/natuerliche-haar-und-kopfhautpflege\\\/shampoo\\\/\"},{\"@type\":\"ListItem\",\"position\":7,\"name\":\"FARFALLA\"}]},{\"@type\":\"WebSite\",\"@id\":\"https:\\\/\\\/bien-etreiris.ch\\\/de\\\/#website\",\"url\":\"https:\\\/\\\/bien-etreiris.ch\\\/de\\\/\",\"name\":\"Bien-\u00eatre Iris\",\"description\":\"IHRE Gesundheit ist uns wichtig\",\"potentialAction\":[{\"@type\":\"SearchAction\",\"target\":{\"@type\":\"EntryPoint\",\"urlTemplate\":\"https:\\\/\\\/bien-etreiris.ch\\\/de\\\/?s={search_term_string}\"},\"query-input\":{\"@type\":\"PropertyValueSpecification\",\"valueRequired\":true,\"valueName\":\"search_term_string\"}}],\"inLanguage\":\"de\"}]}<\/script>\n<!-- \/ Yoast SEO plugin. -->","yoast_head_json":{"title":"FARFALLA - WOHLBEFINDEN","robots":{"index":"index","follow":"follow","max-snippet":"max-snippet:-1","max-image-preview":"max-image-preview:large","max-video-preview":"max-video-preview:-1"},"canonical":"https:\/\/bien-etreiris.ch\/de\/produktpraesentation\/hygiene\/koerperpflege\/natuerliche-haar-und-kopfhautpflege\/shampoo\/farfalla-shampoo\/","og_locale":"de_DE","og_type":"article","og_title":"FARFALLA - WOHLBEFINDEN","og_description":"Entdecken Sie die Wirksamkeit der nat\u00fcrlichen Haarpflege - mit dem neuen und verbesserten Sortiment an nat\u00fcrlichen Shampoos, Pflege- und Stylingprodukten. Das aromalab-Label unterstreicht, dass die neuen 100% nat\u00fcrlichen Haarpflegeprodukte mit der Kraft der Aromapflanze entwickelt worden sind Nachhaltig: Verpackung aus 100 % recyceltem KunststoffVegan: konstante Pflanzenkraft, mit Waschsubstanzen aus nachwachsenden Rohstoffen, pflegenden Pflanzenextrakten und \u00e4therischen \u00d6len. Frei von synthetischen Stoffen,&nbsp;Weiter lesen","og_url":"https:\/\/bien-etreiris.ch\/de\/produktpraesentation\/hygiene\/koerperpflege\/natuerliche-haar-und-kopfhautpflege\/shampoo\/farfalla-shampoo\/","og_site_name":"WOHLBEFINDEN","article_publisher":"https:\/\/www.facebook.com\/bienetreiris\/","article_modified_time":"2021-06-07T12:50:51+00:00","og_image":[{"width":400,"height":275,"url":"https:\/\/bien-etreiris.ch\/wp-content\/uploads\/2020\/10\/acceuil-17.jpg","type":"image\/jpeg"}],"twitter_misc":{"Gesch\u00e4tzte Lesezeit":"4\u00a0Minuten"},"schema":{"@context":"https:\/\/schema.org","@graph":[{"@type":"WebPage","@id":"https:\/\/bien-etreiris.ch\/de\/produktpraesentation\/hygiene\/koerperpflege\/natuerliche-haar-und-kopfhautpflege\/shampoo\/farfalla-shampoo\/","url":"https:\/\/bien-etreiris.ch\/de\/produktpraesentation\/hygiene\/koerperpflege\/natuerliche-haar-und-kopfhautpflege\/shampoo\/farfalla-shampoo\/","name":"FARFALLA - WOHLBEFINDEN","isPartOf":{"@id":"https:\/\/bien-etreiris.ch\/de\/#website"},"primaryImageOfPage":{"@id":"https:\/\/bien-etreiris.ch\/de\/produktpraesentation\/hygiene\/koerperpflege\/natuerliche-haar-und-kopfhautpflege\/shampoo\/farfalla-shampoo\/#primaryimage"},"image":{"@id":"https:\/\/bien-etreiris.ch\/de\/produktpraesentation\/hygiene\/koerperpflege\/natuerliche-haar-und-kopfhautpflege\/shampoo\/farfalla-shampoo\/#primaryimage"},"thumbnailUrl":"https:\/\/bien-etreiris.ch\/wp-content\/uploads\/2020\/10\/acceuil-17.jpg","datePublished":"2020-09-17T07:07:28+00:00","dateModified":"2021-06-07T12:50:51+00:00","breadcrumb":{"@id":"https:\/\/bien-etreiris.ch\/de\/produktpraesentation\/hygiene\/koerperpflege\/natuerliche-haar-und-kopfhautpflege\/shampoo\/farfalla-shampoo\/#breadcrumb"},"inLanguage":"de","potentialAction":[{"@type":"ReadAction","target":["https:\/\/bien-etreiris.ch\/de\/produktpraesentation\/hygiene\/koerperpflege\/natuerliche-haar-und-kopfhautpflege\/shampoo\/farfalla-shampoo\/"]}]},{"@type":"ImageObject","inLanguage":"de","@id":"https:\/\/bien-etreiris.ch\/de\/produktpraesentation\/hygiene\/koerperpflege\/natuerliche-haar-und-kopfhautpflege\/shampoo\/farfalla-shampoo\/#primaryimage","url":"https:\/\/bien-etreiris.ch\/wp-content\/uploads\/2020\/10\/acceuil-17.jpg","contentUrl":"https:\/\/bien-etreiris.ch\/wp-content\/uploads\/2020\/10\/acceuil-17.jpg","width":400,"height":275},{"@type":"BreadcrumbList","@id":"https:\/\/bien-etreiris.ch\/de\/produktpraesentation\/hygiene\/koerperpflege\/natuerliche-haar-und-kopfhautpflege\/shampoo\/farfalla-shampoo\/#breadcrumb","itemListElement":[{"@type":"ListItem","position":1,"name":"Home","item":"https:\/\/bien-etreiris.ch\/de\/"},{"@type":"ListItem","position":2,"name":"PRODUKTPR\u00c4SENTATION","item":"https:\/\/bien-etreiris.ch\/de\/produktpraesentation\/"},{"@type":"ListItem","position":3,"name":"HYGIENE","item":"https:\/\/bien-etreiris.ch\/de\/produktpraesentation\/hygiene\/"},{"@type":"ListItem","position":4,"name":"K\u00d6RPERPFLEGE","item":"https:\/\/bien-etreiris.ch\/de\/produktpraesentation\/hygiene\/koerperpflege\/"},{"@type":"ListItem","position":5,"name":"HAAR UND KOPFHAUT","item":"https:\/\/bien-etreiris.ch\/de\/produktpraesentation\/hygiene\/koerperpflege\/natuerliche-haar-und-kopfhautpflege\/"},{"@type":"ListItem","position":6,"name":"SHAMPOO","item":"https:\/\/bien-etreiris.ch\/de\/produktpraesentation\/hygiene\/koerperpflege\/natuerliche-haar-und-kopfhautpflege\/shampoo\/"},{"@type":"ListItem","position":7,"name":"FARFALLA"}]},{"@type":"WebSite","@id":"https:\/\/bien-etreiris.ch\/de\/#website","url":"https:\/\/bien-etreiris.ch\/de\/","name":"Bien-\u00eatre Iris","description":"IHRE Gesundheit ist uns wichtig","potentialAction":[{"@type":"SearchAction","target":{"@type":"EntryPoint","urlTemplate":"https:\/\/bien-etreiris.ch\/de\/?s={search_term_string}"},"query-input":{"@type":"PropertyValueSpecification","valueRequired":true,"valueName":"search_term_string"}}],"inLanguage":"de"}]}},"_links":{"self":[{"href":"https:\/\/bien-etreiris.ch\/de\/wp-json\/wp\/v2\/pages\/47944","targetHints":{"allow":["GET"]}}],"collection":[{"href":"https:\/\/bien-etreiris.ch\/de\/wp-json\/wp\/v2\/pages"}],"about":[{"href":"https:\/\/bien-etreiris.ch\/de\/wp-json\/wp\/v2\/types\/page"}],"author":[{"embeddable":true,"href":"https:\/\/bien-etreiris.ch\/de\/wp-json\/wp\/v2\/users\/1"}],"replies":[{"embeddable":true,"href":"https:\/\/bien-etreiris.ch\/de\/wp-json\/wp\/v2\/comments?post=47944"}],"version-history":[{"count":4,"href":"https:\/\/bien-etreiris.ch\/de\/wp-json\/wp\/v2\/pages\/47944\/revisions"}],"predecessor-version":[{"id":48037,"href":"https:\/\/bien-etreiris.ch\/de\/wp-json\/wp\/v2\/pages\/47944\/revisions\/48037"}],"up":[{"embeddable":true,"href":"https:\/\/bien-etreiris.ch\/de\/wp-json\/wp\/v2\/pages\/47938"}],"wp:featuredmedia":[{"embeddable":true,"href":"https:\/\/bien-etreiris.ch\/de\/wp-json\/wp\/v2\/media\/32900"}],"wp:attachment":[{"href":"https:\/\/bien-etreiris.ch\/de\/wp-json\/wp\/v2\/media?parent=47944"}],"curies":[{"name":"wp","href":"https:\/\/api.w.org\/{rel}","templated":true}]}}