{"id":47912,"date":"2020-09-19T08:19:40","date_gmt":"2020-09-19T08:19:40","guid":{"rendered":"https:\/\/bien-etreiris.ch\/produkt-prasentationen\/hygiene\/corporelle\/natuerliche-haar-und-kopfhautpflege\/tonique-et-gel-skalpuro-ou-3x3\/"},"modified":"2021-05-29T12:38:00","modified_gmt":"2021-05-29T10:38:00","slug":"serum","status":"publish","type":"page","link":"https:\/\/bien-etreiris.ch\/de\/produktpraesentation\/hygiene\/koerperpflege\/natuerliche-haar-und-kopfhautpflege\/maske-serum-tonikum\/serum\/","title":{"rendered":"SERUM"},"content":{"rendered":"\n<h2 class=\"wp-block-heading\"><\/h2>\n\n\n<h4>Serum - gel alcalin<\/h4>\n<h4>&nbsp;<\/h4>\n<h4>Basisch reinigendes Gel zur Tiefen-pflege der Kopfhaut<\/h4>\n<p>&nbsp;<\/p>\n<p><a href=\"https:\/\/decoiris.ch\/wp-content\/uploads\/2020\/09\/Skal-Puro-2.png\"><img loading=\"lazy\" decoding=\"async\" class=\"alignleft wp-image-32279\" src=\"https:\/\/decoiris.ch\/wp-content\/uploads\/2020\/09\/Skal-Puro-2-441x1024.png\" alt=\"\" width=\"250\" height=\"581\" srcset=\"https:\/\/bien-etreiris.ch\/wp-content\/uploads\/2020\/09\/Skal-Puro-2-441x1024.png 441w, https:\/\/bien-etreiris.ch\/wp-content\/uploads\/2020\/09\/Skal-Puro-2-129x300.png 129w, https:\/\/bien-etreiris.ch\/wp-content\/uploads\/2020\/09\/Skal-Puro-2.png 760w\" sizes=\"auto, (max-width: 250px) 100vw, 250px\" \/><\/a><\/p>\n<p>&nbsp;<\/p>\n<p>&nbsp;<\/p>\n<p>auf Basis von Mineralien, aromatischen Pflanzenextrakten und \u00e4therischen \u00d6len<br>zertifizierte Naturkosmetik<br>erfrischt die Kopfhaut<br>f\u00fcr eine optimale Versorgung mit N\u00e4hrstoffen<br>gegen Juckreiz, Schuppen und trockene Kopfhaut<\/p>\n<p>SkalPuro bietet eine optimale Tiefenreinigung der Kopfhaut mit einem basischen pH-Wert von 8 bis 8,5.<\/p>\n<p>Das Kopfhautgel ist ideal bei Juckreiz, Schuppenbildung und Haarausfall. Es verleiht dem Haar mehr Vitalit\u00e4t und Energie. Die ausgew\u00e4hlten Pflanzenextrakte, darunter Brennnessel- und Birkenrindenextrakte, f\u00f6rdern die Durchblutung der Kopfhaut, erm\u00f6glichen den Abtransport von gel\u00f6sten Stoffen, straffen das Haar effektiv und verleihen ihm mehr Volumen.<\/p>\n<p>Die durch Ablagerungen blockierten und splitterfreien Haarwurzeln werden gereinigt und revitalisiert. Dadurch wird die Kopfhaut besser mit N\u00e4hrstoffen versorgt. F\u00fcr eine kr\u00e4ftige und regenerierte Kopfhaut.<\/p>\n<p>250 ml CHF 33.00<\/p>\n<p>1000 ml CHF 130.00<\/p>\n<p>250 ml Nachf\u00fcllpackung CHF 30.00<\/p>\n<p>&nbsp;<\/p>\n<p>&nbsp;<\/p>\n<p>&nbsp;<\/p>\n<p>&nbsp;<\/p>\n<p>&nbsp;<\/p>\n<h4>Warnung<\/h4>\n<p>SkalPuro ist kein Ersatz f\u00fcr eine regelm\u00e4ssige Haarpflege. Tragen Sie die SkalPuro-Behandlung ein- bis zweimal pro Woche auf. Die AlcaDouche kann f\u00fcr die t\u00e4gliche Reinigung verwendet werden. Bei Bedarf k\u00f6nnen Sie vor und\/oder nach der Behandlung einen Conditioner f\u00fcr die Haarl\u00e4ngen verwenden. Das liegt daran, dass das Haar im Gegensatz zur Kopfhaut S\u00e4ure bevorzugt.<\/p>\n<p>250 ml ca. 8 bis 12 Wochen*<br>1000 ml ca. 8 bis 12 Monate*<br>* f\u00fcr eine Anwendung pro Woche<\/p>\n<p>&nbsp;<\/p>\n<p>&nbsp;<\/p>\n<p><iframe loading=\"lazy\" title=\"SkalPuro\u00ae f\u00fcr kraftvolles Haar \u2013 Das neue basische Gel zur Tiefenreinigung der Kopfhaut (4K Movie)\" width=\"604\" height=\"340\" src=\"https:\/\/www.youtube.com\/embed\/GtrWh_ZlotQ?feature=oembed\" frameborder=\"0\" allow=\"accelerometer; autoplay; clipboard-write; encrypted-media; gyroscope; picture-in-picture; web-share\" referrerpolicy=\"strict-origin-when-cross-origin\" allowfullscreen><\/iframe><\/p>\n<h4>Inhaltsstoffe<\/h4>\n<p>Wasser (entmineralisiertes Wasser), Kokosglucosid, Pentylenglykol, Glycerin*, Ethylalkohol, nat\u00fcrliche Mineralien, Bentonit (Tonmineral), Kiefernrindenextrakt*, Brennesselextrakt*, Rotkleebl\u00fctenextrakt*, Klettenwurzelextrakt*, Brunnenkresse-Extrakt*, Duft ** (Latschenkiefern\u00f6l, Salbei\u00f6l, Geranium\u00f6l, Rosenholz\u00f6l, Sternanis\u00f6l, Citronella\u00f6l, Kiefernnadel\u00f6l, Teebaum\u00f6l, Bergamotte-\u00d6l, Kleeblatt-\u00d6l, Orangenschalen-\u00d6l, Zedernholz-\u00d6l, Ylang-Ylang-\u00d6l, Rosmarin-\u00d6l, Thymian-\u00d6l, K\u00fcmmel-\u00d6l, Zypressen-\u00d6l, Zitronenschalen-\u00d6l, Sandelholz-\u00d6l, Lavendel\u00f6l, Wacholderbeeren\u00f6l), Schafgarben\u00f6l**, Limetten\u00f6l**, Kampfer, Xanthengummi, Benzylalkohol, Achat, Karneol, Citrin, Chrysopras, Chalzedon, Saphir, Quarz, Onyx, Zitronens\u00e4ure, Limonen**, Linalool**<\/p>\n<p>* hergestellt mit Rohstoffen aus kontrolliert biologischem Anbau<br>** aus \u00e4therischen \u00d6len<\/p>\n<p>&nbsp;<\/p>\n<p>99,6 % nat\u00fcrlicher Ursprung im gesamten Produkt<\/p>\n<p>&nbsp;<\/p>\n<p>&nbsp;<\/p>\n<p>Die Kopfhautbehandlung nach P. Jentschura in 4 Schritten<\/p>\n<p>&nbsp;<\/p>\n<p>Schritt 1<\/p>\n<p>B\u00fcrsten Sie die Kopfhaut mit der professionellen Haarb\u00fcrste wie folgt:<\/p>\n<p>Streichen Sie vom Nacken ausgehend in Richtung Stirn.<br>Dann b\u00fcrsten Sie auf jeder Seite bis zum Ohr und zur Schl\u00e4fe und bis zum Mittelscheitel.<br>Zum Schluss b\u00fcrsten Sie die halbe Kopfhaut von hinten nach vorne; dann streichen Sie mit der Hand oder den Fingern bis zu den Ohren, abwechselnd vor und hinter den Ohren in Richtung Nacken, um den lymphatischen Abfluss der Giftstoffe zu aktivieren.<br>Schritt 2<\/p>\n<p>Anschlie\u00dfend SkalPuro mit dem Applikator auf die trockene\/ungewaschene Kopfhaut auftragen, kurz einmassieren und mindestens 5 Minuten einwirken lassen.<\/p>\n<p>Schritt 3<\/p>\n<p>Anschlie\u00dfend mit reichlich Wasser aufsch\u00e4umen und gr\u00fcndlich aussp\u00fclen. Falls erforderlich, kann das Haar mit einem Vor- oder Nachshampoo behandelt werden.<\/p>\n<p>Schritt 4<\/p>\n<p>Zum Schluss 3x3 Scalp Tonic auftragen und einmassieren.<\/p>\n<p>&nbsp;<\/p>\n\n\n<hr class=\"wp-block-separator\"\/>\n\n\n\n<h2 class=\"wp-block-heading\">Tonic f\u00fcr die Kopfhaut<\/h2>\n\n\n<p>Lotion speziell f\u00fcr die besonderen Bed\u00fcrfnisse von Kopfhaut und Haar entwickelt<br>wirkt erfrischend und belebend<br>Inklusive einer Pipette f\u00fcr eine pr\u00e4zise und sparsame Dosierung<br>Kann in Kombination mit SkalPuro verwendet werden<\/p>\n<p>&nbsp;<\/p>\n<p>100 ml <strong>CHF 53.00<\/strong><\/p>\n<p>&nbsp;<\/p>\n<div class=\"product-body\">\n<p>Les cheveux sont le miroir de l\u2019\u00e2me et l\u2019expression de notre personnalit\u00e9. Ils sont l\u2019expression la plus \u00e9vidente de nos sentiments int\u00e9rieurs. Si nous allons bien, ils ont la forme et ne posent aucun probl\u00e8me. Par contre, si nous sommes abattus, ils pendent sans vie et sans \u00e9clat. Aucune autre partie du corps ne montre de fa\u00e7on aussi \u00e9vidente nos \u00e9motions et notre \u00e9tat d\u2019\u00e2me.<\/p>\n<p>Dans les anciennes cultures ou chez les peuples autochtones, on supposait d\u2019ailleurs que les cheveux \u00e9tait une sorte de lien entre le cosmos et les \u00eatres humains. La lotion 3x3 Tonique procure \u00e0 notre cuir chevelu l\u2019attention et le soin dont il a besoin pour fasciner.<\/p>\n<p>Le cuir chevelu fournit \u00e0 nos cheveux une multitude de substances nutritives importantes, et cela quotidiennement ! La lotion 3x3 Tonique, produit \u00e0 base d\u2019oxyg\u00e8ne, favorise ce processus gr\u00e2ce \u00e0 ses ingr\u00e9dients de qualit\u00e9 et \u00e0 son action vivifiante \u2013 pour une chevelure saine et vigoureuse. Pour renforcer son action, nous conseillons l\u2019apport suppl\u00e9mentaire d\u2019AlcaVie, l\u2019aliment aux cent plantes.<\/p>\n<\/div>\n<h2>Ingr\u00e9dients<\/h2>\n<p>eau (eau d\u00e9min\u00e9ralis\u00e9e), alcool (\u00e9thanol), peroxyde d'hydrog\u00e8ne (&lt; 0,1 %), huile de pin nain des montagnes, huile de sauge, huile de g\u00e9ranium, huile de bois de rose, huile d\u2019anis \u00e9toil\u00e9, huile de citronnelle, huile d\u2019aiguille de pin sylvestre, huile de l\u2019arbre \u00e0 th\u00e9, huile de bergamote, huile de fleur de girofle, huile d\u00b4\u00e9corce, d\u2019orange, huile de c\u00e8dre, huile d\u2019ylang-ylang, huile de romarin, huile de thym, huile de cumin, huile de cypr\u00e8s, huile d\u2019\u00e9corce de citron, huile de bois de santal, huile de lavande, huile de gen\u00e9vrier, polyglyceryl-10 Laurate (Dermofeel G 10 LW), citronellol, eug\u00e9nol, g\u00e9raniol, linalool, limon\u00e8n<\/p>","protected":false},"excerpt":{"rendered":"<p>Serum - gel alcalin &nbsp; Basisch reinigendes Gel zur Tiefen-pflege der Kopfhaut &nbsp; &nbsp; &nbsp; auf Basis von Mineralien, aromatischen Pflanzenextrakten und \u00e4therischen \u00d6lenzertifizierte Naturkosmetikerfrischt die Kopfhautf\u00fcr eine optimale Versorgung mit N\u00e4hrstoffengegen Juckreiz, Schuppen und trockene Kopfhaut SkalPuro bietet eine optimale Tiefenreinigung der Kopfhaut mit einem basischen pH-Wert von 8 bis 8,5. Das Kopfhautgel ist ideal bei Juckreiz, Schuppenbildung und&nbsp;<a href=\"https:\/\/bien-etreiris.ch\/de\/produktpraesentation\/hygiene\/koerperpflege\/natuerliche-haar-und-kopfhautpflege\/maske-serum-tonikum\/serum\/\" class=\"read-more\">Weiter lesen<\/a><\/p>\n","protected":false},"author":1,"featured_media":48069,"parent":48056,"menu_order":7002,"comment_status":"closed","ping_status":"closed","template":"page-with-child.php","meta":{"_acf_changed":false,"ngg_post_thumbnail":0,"footnotes":""},"class_list":["post-47912","page","type-page","status-publish","has-post-thumbnail","hentry"],"acf":[],"yoast_head":"<!-- This site is optimized with the Yoast SEO plugin v27.5 - https:\/\/yoast.com\/product\/yoast-seo-wordpress\/ -->\n<title>SERUM - WOHLBEFINDEN<\/title>\n<meta name=\"robots\" content=\"index, follow, max-snippet:-1, max-image-preview:large, max-video-preview:-1\" \/>\n<link rel=\"canonical\" href=\"https:\/\/bien-etreiris.ch\/de\/produktpraesentation\/hygiene\/koerperpflege\/natuerliche-haar-und-kopfhautpflege\/maske-serum-tonikum\/serum\/\" \/>\n<meta property=\"og:locale\" content=\"de_DE\" \/>\n<meta property=\"og:type\" content=\"article\" \/>\n<meta property=\"og:title\" content=\"SERUM - WOHLBEFINDEN\" \/>\n<meta property=\"og:description\" content=\"Serum - gel alcalin &nbsp; Basisch reinigendes Gel zur Tiefen-pflege der Kopfhaut &nbsp; &nbsp; &nbsp; auf Basis von Mineralien, aromatischen Pflanzenextrakten und \u00e4therischen \u00d6lenzertifizierte Naturkosmetikerfrischt die Kopfhautf\u00fcr eine optimale Versorgung mit N\u00e4hrstoffengegen Juckreiz, Schuppen und trockene Kopfhaut SkalPuro bietet eine optimale Tiefenreinigung der Kopfhaut mit einem basischen pH-Wert von 8 bis 8,5. Das Kopfhautgel ist ideal bei Juckreiz, Schuppenbildung und&nbsp;Weiter lesen\" \/>\n<meta property=\"og:url\" content=\"https:\/\/bien-etreiris.ch\/de\/produktpraesentation\/hygiene\/koerperpflege\/natuerliche-haar-und-kopfhautpflege\/maske-serum-tonikum\/serum\/\" \/>\n<meta property=\"og:site_name\" content=\"WOHLBEFINDEN\" \/>\n<meta property=\"article:publisher\" content=\"https:\/\/www.facebook.com\/bienetreiris\/\" \/>\n<meta property=\"article:modified_time\" content=\"2021-05-29T10:38:00+00:00\" \/>\n<meta property=\"og:image\" content=\"https:\/\/bien-etreiris.ch\/wp-content\/uploads\/2021\/05\/acceuil-tonique-et-gel-alcalin-P.Jentschura.jpg\" \/>\n\t<meta property=\"og:image:width\" content=\"959\" \/>\n\t<meta property=\"og:image:height\" content=\"679\" \/>\n\t<meta property=\"og:image:type\" content=\"image\/jpeg\" \/>\n<meta name=\"twitter:label1\" content=\"Gesch\u00e4tzte Lesezeit\" \/>\n\t<meta name=\"twitter:data1\" content=\"4\u00a0Minuten\" \/>\n<script type=\"application\/ld+json\" class=\"yoast-schema-graph\">{\"@context\":\"https:\\\/\\\/schema.org\",\"@graph\":[{\"@type\":\"WebPage\",\"@id\":\"https:\\\/\\\/bien-etreiris.ch\\\/de\\\/produktpraesentation\\\/hygiene\\\/koerperpflege\\\/natuerliche-haar-und-kopfhautpflege\\\/maske-serum-tonikum\\\/serum\\\/\",\"url\":\"https:\\\/\\\/bien-etreiris.ch\\\/de\\\/produktpraesentation\\\/hygiene\\\/koerperpflege\\\/natuerliche-haar-und-kopfhautpflege\\\/maske-serum-tonikum\\\/serum\\\/\",\"name\":\"SERUM - WOHLBEFINDEN\",\"isPartOf\":{\"@id\":\"https:\\\/\\\/bien-etreiris.ch\\\/de\\\/#website\"},\"primaryImageOfPage\":{\"@id\":\"https:\\\/\\\/bien-etreiris.ch\\\/de\\\/produktpraesentation\\\/hygiene\\\/koerperpflege\\\/natuerliche-haar-und-kopfhautpflege\\\/maske-serum-tonikum\\\/serum\\\/#primaryimage\"},\"image\":{\"@id\":\"https:\\\/\\\/bien-etreiris.ch\\\/de\\\/produktpraesentation\\\/hygiene\\\/koerperpflege\\\/natuerliche-haar-und-kopfhautpflege\\\/maske-serum-tonikum\\\/serum\\\/#primaryimage\"},\"thumbnailUrl\":\"https:\\\/\\\/bien-etreiris.ch\\\/wp-content\\\/uploads\\\/2021\\\/05\\\/acceuil-tonique-et-gel-alcalin-P.Jentschura.jpg\",\"datePublished\":\"2020-09-19T08:19:40+00:00\",\"dateModified\":\"2021-05-29T10:38:00+00:00\",\"breadcrumb\":{\"@id\":\"https:\\\/\\\/bien-etreiris.ch\\\/de\\\/produktpraesentation\\\/hygiene\\\/koerperpflege\\\/natuerliche-haar-und-kopfhautpflege\\\/maske-serum-tonikum\\\/serum\\\/#breadcrumb\"},\"inLanguage\":\"de\",\"potentialAction\":[{\"@type\":\"ReadAction\",\"target\":[\"https:\\\/\\\/bien-etreiris.ch\\\/de\\\/produktpraesentation\\\/hygiene\\\/koerperpflege\\\/natuerliche-haar-und-kopfhautpflege\\\/maske-serum-tonikum\\\/serum\\\/\"]}]},{\"@type\":\"ImageObject\",\"inLanguage\":\"de\",\"@id\":\"https:\\\/\\\/bien-etreiris.ch\\\/de\\\/produktpraesentation\\\/hygiene\\\/koerperpflege\\\/natuerliche-haar-und-kopfhautpflege\\\/maske-serum-tonikum\\\/serum\\\/#primaryimage\",\"url\":\"https:\\\/\\\/bien-etreiris.ch\\\/wp-content\\\/uploads\\\/2021\\\/05\\\/acceuil-tonique-et-gel-alcalin-P.Jentschura.jpg\",\"contentUrl\":\"https:\\\/\\\/bien-etreiris.ch\\\/wp-content\\\/uploads\\\/2021\\\/05\\\/acceuil-tonique-et-gel-alcalin-P.Jentschura.jpg\",\"width\":959,\"height\":679},{\"@type\":\"BreadcrumbList\",\"@id\":\"https:\\\/\\\/bien-etreiris.ch\\\/de\\\/produktpraesentation\\\/hygiene\\\/koerperpflege\\\/natuerliche-haar-und-kopfhautpflege\\\/maske-serum-tonikum\\\/serum\\\/#breadcrumb\",\"itemListElement\":[{\"@type\":\"ListItem\",\"position\":1,\"name\":\"Home\",\"item\":\"https:\\\/\\\/bien-etreiris.ch\\\/de\\\/\"},{\"@type\":\"ListItem\",\"position\":2,\"name\":\"PRODUKTPR\u00c4SENTATION\",\"item\":\"https:\\\/\\\/bien-etreiris.ch\\\/de\\\/produktpraesentation\\\/\"},{\"@type\":\"ListItem\",\"position\":3,\"name\":\"HYGIENE\",\"item\":\"https:\\\/\\\/bien-etreiris.ch\\\/de\\\/produktpraesentation\\\/hygiene\\\/\"},{\"@type\":\"ListItem\",\"position\":4,\"name\":\"K\u00d6RPERPFLEGE\",\"item\":\"https:\\\/\\\/bien-etreiris.ch\\\/de\\\/produktpraesentation\\\/hygiene\\\/koerperpflege\\\/\"},{\"@type\":\"ListItem\",\"position\":5,\"name\":\"HAAR UND KOPFHAUT\",\"item\":\"https:\\\/\\\/bien-etreiris.ch\\\/de\\\/produktpraesentation\\\/hygiene\\\/koerperpflege\\\/natuerliche-haar-und-kopfhautpflege\\\/\"},{\"@type\":\"ListItem\",\"position\":6,\"name\":\"MASKE-SERUM-TONIKUM\",\"item\":\"https:\\\/\\\/bien-etreiris.ch\\\/de\\\/produktpraesentation\\\/hygiene\\\/koerperpflege\\\/natuerliche-haar-und-kopfhautpflege\\\/maske-serum-tonikum\\\/\"},{\"@type\":\"ListItem\",\"position\":7,\"name\":\"SERUM\"}]},{\"@type\":\"WebSite\",\"@id\":\"https:\\\/\\\/bien-etreiris.ch\\\/de\\\/#website\",\"url\":\"https:\\\/\\\/bien-etreiris.ch\\\/de\\\/\",\"name\":\"Bien-\u00eatre Iris\",\"description\":\"IHRE Gesundheit ist uns wichtig\",\"potentialAction\":[{\"@type\":\"SearchAction\",\"target\":{\"@type\":\"EntryPoint\",\"urlTemplate\":\"https:\\\/\\\/bien-etreiris.ch\\\/de\\\/?s={search_term_string}\"},\"query-input\":{\"@type\":\"PropertyValueSpecification\",\"valueRequired\":true,\"valueName\":\"search_term_string\"}}],\"inLanguage\":\"de\"}]}<\/script>\n<!-- \/ Yoast SEO plugin. -->","yoast_head_json":{"title":"SERUM - WOHLBEFINDEN","robots":{"index":"index","follow":"follow","max-snippet":"max-snippet:-1","max-image-preview":"max-image-preview:large","max-video-preview":"max-video-preview:-1"},"canonical":"https:\/\/bien-etreiris.ch\/de\/produktpraesentation\/hygiene\/koerperpflege\/natuerliche-haar-und-kopfhautpflege\/maske-serum-tonikum\/serum\/","og_locale":"de_DE","og_type":"article","og_title":"SERUM - WOHLBEFINDEN","og_description":"Serum - gel alcalin &nbsp; Basisch reinigendes Gel zur Tiefen-pflege der Kopfhaut &nbsp; &nbsp; &nbsp; auf Basis von Mineralien, aromatischen Pflanzenextrakten und \u00e4therischen \u00d6lenzertifizierte Naturkosmetikerfrischt die Kopfhautf\u00fcr eine optimale Versorgung mit N\u00e4hrstoffengegen Juckreiz, Schuppen und trockene Kopfhaut SkalPuro bietet eine optimale Tiefenreinigung der Kopfhaut mit einem basischen pH-Wert von 8 bis 8,5. Das Kopfhautgel ist ideal bei Juckreiz, Schuppenbildung und&nbsp;Weiter lesen","og_url":"https:\/\/bien-etreiris.ch\/de\/produktpraesentation\/hygiene\/koerperpflege\/natuerliche-haar-und-kopfhautpflege\/maske-serum-tonikum\/serum\/","og_site_name":"WOHLBEFINDEN","article_publisher":"https:\/\/www.facebook.com\/bienetreiris\/","article_modified_time":"2021-05-29T10:38:00+00:00","og_image":[{"width":959,"height":679,"url":"https:\/\/bien-etreiris.ch\/wp-content\/uploads\/2021\/05\/acceuil-tonique-et-gel-alcalin-P.Jentschura.jpg","type":"image\/jpeg"}],"twitter_misc":{"Gesch\u00e4tzte Lesezeit":"4\u00a0Minuten"},"schema":{"@context":"https:\/\/schema.org","@graph":[{"@type":"WebPage","@id":"https:\/\/bien-etreiris.ch\/de\/produktpraesentation\/hygiene\/koerperpflege\/natuerliche-haar-und-kopfhautpflege\/maske-serum-tonikum\/serum\/","url":"https:\/\/bien-etreiris.ch\/de\/produktpraesentation\/hygiene\/koerperpflege\/natuerliche-haar-und-kopfhautpflege\/maske-serum-tonikum\/serum\/","name":"SERUM - WOHLBEFINDEN","isPartOf":{"@id":"https:\/\/bien-etreiris.ch\/de\/#website"},"primaryImageOfPage":{"@id":"https:\/\/bien-etreiris.ch\/de\/produktpraesentation\/hygiene\/koerperpflege\/natuerliche-haar-und-kopfhautpflege\/maske-serum-tonikum\/serum\/#primaryimage"},"image":{"@id":"https:\/\/bien-etreiris.ch\/de\/produktpraesentation\/hygiene\/koerperpflege\/natuerliche-haar-und-kopfhautpflege\/maske-serum-tonikum\/serum\/#primaryimage"},"thumbnailUrl":"https:\/\/bien-etreiris.ch\/wp-content\/uploads\/2021\/05\/acceuil-tonique-et-gel-alcalin-P.Jentschura.jpg","datePublished":"2020-09-19T08:19:40+00:00","dateModified":"2021-05-29T10:38:00+00:00","breadcrumb":{"@id":"https:\/\/bien-etreiris.ch\/de\/produktpraesentation\/hygiene\/koerperpflege\/natuerliche-haar-und-kopfhautpflege\/maske-serum-tonikum\/serum\/#breadcrumb"},"inLanguage":"de","potentialAction":[{"@type":"ReadAction","target":["https:\/\/bien-etreiris.ch\/de\/produktpraesentation\/hygiene\/koerperpflege\/natuerliche-haar-und-kopfhautpflege\/maske-serum-tonikum\/serum\/"]}]},{"@type":"ImageObject","inLanguage":"de","@id":"https:\/\/bien-etreiris.ch\/de\/produktpraesentation\/hygiene\/koerperpflege\/natuerliche-haar-und-kopfhautpflege\/maske-serum-tonikum\/serum\/#primaryimage","url":"https:\/\/bien-etreiris.ch\/wp-content\/uploads\/2021\/05\/acceuil-tonique-et-gel-alcalin-P.Jentschura.jpg","contentUrl":"https:\/\/bien-etreiris.ch\/wp-content\/uploads\/2021\/05\/acceuil-tonique-et-gel-alcalin-P.Jentschura.jpg","width":959,"height":679},{"@type":"BreadcrumbList","@id":"https:\/\/bien-etreiris.ch\/de\/produktpraesentation\/hygiene\/koerperpflege\/natuerliche-haar-und-kopfhautpflege\/maske-serum-tonikum\/serum\/#breadcrumb","itemListElement":[{"@type":"ListItem","position":1,"name":"Home","item":"https:\/\/bien-etreiris.ch\/de\/"},{"@type":"ListItem","position":2,"name":"PRODUKTPR\u00c4SENTATION","item":"https:\/\/bien-etreiris.ch\/de\/produktpraesentation\/"},{"@type":"ListItem","position":3,"name":"HYGIENE","item":"https:\/\/bien-etreiris.ch\/de\/produktpraesentation\/hygiene\/"},{"@type":"ListItem","position":4,"name":"K\u00d6RPERPFLEGE","item":"https:\/\/bien-etreiris.ch\/de\/produktpraesentation\/hygiene\/koerperpflege\/"},{"@type":"ListItem","position":5,"name":"HAAR UND KOPFHAUT","item":"https:\/\/bien-etreiris.ch\/de\/produktpraesentation\/hygiene\/koerperpflege\/natuerliche-haar-und-kopfhautpflege\/"},{"@type":"ListItem","position":6,"name":"MASKE-SERUM-TONIKUM","item":"https:\/\/bien-etreiris.ch\/de\/produktpraesentation\/hygiene\/koerperpflege\/natuerliche-haar-und-kopfhautpflege\/maske-serum-tonikum\/"},{"@type":"ListItem","position":7,"name":"SERUM"}]},{"@type":"WebSite","@id":"https:\/\/bien-etreiris.ch\/de\/#website","url":"https:\/\/bien-etreiris.ch\/de\/","name":"Bien-\u00eatre Iris","description":"IHRE Gesundheit ist uns wichtig","potentialAction":[{"@type":"SearchAction","target":{"@type":"EntryPoint","urlTemplate":"https:\/\/bien-etreiris.ch\/de\/?s={search_term_string}"},"query-input":{"@type":"PropertyValueSpecification","valueRequired":true,"valueName":"search_term_string"}}],"inLanguage":"de"}]}},"_links":{"self":[{"href":"https:\/\/bien-etreiris.ch\/de\/wp-json\/wp\/v2\/pages\/47912","targetHints":{"allow":["GET"]}}],"collection":[{"href":"https:\/\/bien-etreiris.ch\/de\/wp-json\/wp\/v2\/pages"}],"about":[{"href":"https:\/\/bien-etreiris.ch\/de\/wp-json\/wp\/v2\/types\/page"}],"author":[{"embeddable":true,"href":"https:\/\/bien-etreiris.ch\/de\/wp-json\/wp\/v2\/users\/1"}],"replies":[{"embeddable":true,"href":"https:\/\/bien-etreiris.ch\/de\/wp-json\/wp\/v2\/comments?post=47912"}],"version-history":[{"count":5,"href":"https:\/\/bien-etreiris.ch\/de\/wp-json\/wp\/v2\/pages\/47912\/revisions"}],"predecessor-version":[{"id":48118,"href":"https:\/\/bien-etreiris.ch\/de\/wp-json\/wp\/v2\/pages\/47912\/revisions\/48118"}],"up":[{"embeddable":true,"href":"https:\/\/bien-etreiris.ch\/de\/wp-json\/wp\/v2\/pages\/48056"}],"wp:featuredmedia":[{"embeddable":true,"href":"https:\/\/bien-etreiris.ch\/de\/wp-json\/wp\/v2\/media\/48069"}],"wp:attachment":[{"href":"https:\/\/bien-etreiris.ch\/de\/wp-json\/wp\/v2\/media?parent=47912"}],"curies":[{"name":"wp","href":"https:\/\/api.w.org\/{rel}","templated":true}]}}