{"id":47903,"date":"2020-09-29T13:58:00","date_gmt":"2020-09-29T13:58:00","guid":{"rendered":"https:\/\/bien-etreiris.ch\/produkt-prasentationen\/hygiene\/corporelle\/natuerliche-haar-und-kopfhautpflege\/huile-capillaire\/"},"modified":"2021-05-28T15:45:49","modified_gmt":"2021-05-28T13:45:49","slug":"haaroele","status":"publish","type":"page","link":"https:\/\/bien-etreiris.ch\/de\/produktpraesentation\/hygiene\/koerperpflege\/natuerliche-haar-und-kopfhautpflege\/haaroele\/","title":{"rendered":"HAAR\u00d6LE"},"content":{"rendered":"\n<h2 class=\"wp-block-heading\"><\/h2>\n\n\n\n<p><\/p>\n\n\n<h2>Haar\u00f6le<\/h2>\n<h4>Ayurvedisch<\/h4>\n<p><a href=\"https:\/\/decoiris.ch\/wp-content\/uploads\/2020\/09\/Ayurv\u00e9dique-2-1.png\"><img loading=\"lazy\" decoding=\"async\" class=\"alignleft wp-image-32351 size-full\" src=\"https:\/\/decoiris.ch\/wp-content\/uploads\/2020\/09\/Ayurv\u00e9dique-2-1.png\" alt=\"\" width=\"400\" height=\"490\" srcset=\"https:\/\/bien-etreiris.ch\/wp-content\/uploads\/2020\/09\/Ayurv\u00e9dique-2-1.png 400w, https:\/\/bien-etreiris.ch\/wp-content\/uploads\/2020\/09\/Ayurv\u00e9dique-2-1-245x300.png 245w\" sizes=\"auto, (max-width: 400px) 100vw, 400px\" \/><\/a><\/p>\n<p>&nbsp;<\/p>\n<p>&nbsp;<\/p>\n<p>&nbsp;<\/p>\n<p>&nbsp;<\/p>\n<p>&nbsp;<\/p>\n<p><br>Ayurvedisches Haar\u00f6l ist unser neuer kleiner Schatz f\u00fcr die Haare.<\/p>\n<p>Es ist ein komplettes Haarpflegeprodukt.<\/p>\n<p>Yuka Bewertung: Gut<\/p>\n<p>&nbsp;<\/p>\n<p>100 ml <strong>CHF 22.20<\/strong><\/p>\n<p>&nbsp;<\/p>\n<p>&nbsp;<\/p>\n<p>&nbsp;<\/p>\n<p>&nbsp;<\/p>\n<h4>Frei von Chemikalien und Konservierungsstoffen<\/h4>\n<p>Anwendung: Auf die Kopfhaut auftragen und sanft einmassieren, ggf. auf kahlen Stellen bestehen, dann auf das Haar bis in die Spitzen, vorzugsweise Str\u00e4hne f\u00fcr Str\u00e4hne einmassieren. Einige Minuten bis einige Stunden einwirken lassen und anschlie\u00dfend mit einem waschmittelfreien Shampoo waschen.<\/p>\n<h4>Zutaten: (100% nat\u00fcrlich)<\/h4>\n<p>Olea Europaea (Olive) Fruit Oil, Nigella Sativa (Nigella) Seed Oil, Ricinus Communis (Ricin) Seed Oil, Eclipta Prostrata Extract (Bl\u00fcten und Bl\u00e4tter von Bhringraj mazeriert in Rizinus\u00f6l), Punica Granatum (Granatapfel) Seed Oil, Lavandula Angustifolia (Feiner Lavendel) Oil, Emblica Officinalis Fruit Extract (Amla Frucht mazeriert in Rizinus\u00f6l), Geraniol*, Limonene*, Linalool*.<\/p>\n<p>*: Geraniol, Limonen, Linalool sind aus dem \u00e4therischen \u00d6l des feinen Lavendels, nicht zugesetzt.<\/p>\n<p>&nbsp;<\/p>\n<p>&nbsp;<\/p>\n<p>&nbsp;<\/p>\n<p>&nbsp;<\/p>\n\n\n<hr class=\"wp-block-separator\"\/>\n\n\n\n<h2 class=\"wp-block-heading\"> <br>Huile de Ricin Bio <\/h2>\n\n\n<p><a href=\"https:\/\/decoiris.ch\/wp-content\/uploads\/2020\/12\/Ricin.png\"><img loading=\"lazy\" decoding=\"async\" class=\"size-medium wp-image-35637 alignleft\" src=\"https:\/\/decoiris.ch\/wp-content\/uploads\/2020\/12\/Ricin-61x300.png\" alt=\"\" width=\"61\" height=\"300\" srcset=\"https:\/\/bien-etreiris.ch\/wp-content\/uploads\/2020\/12\/Ricin-61x300.png 61w, https:\/\/bien-etreiris.ch\/wp-content\/uploads\/2020\/12\/Ricin.png 78w\" sizes=\"auto, (max-width: 61px) 100vw, 61px\" \/><\/a><\/p>\n<p>&nbsp;<\/p>\n<p>&nbsp;<\/p>\n<p>&nbsp;<\/p>\n<p>L'huile de ricin bio est une huile reconnue pour ses bienfaits sur les cheveux, les cils et les ongles.<\/p>\n<p><strong>Note Yuka: EXCELLENT<\/strong><\/p>\n<p>100 ml<strong> CHF 10.50<\/strong><\/p>\n<p>&nbsp;<\/p>\n<p>&nbsp;<\/p>\n<p>L'huile de ricin bio Alepia est une huile obtenue par pression \u00e0 froid.<\/p>\n<p>Utilisation : Appliquer sur les cheveux, masser et laisser agir quelques minutes \u00e0 quelques heures.<\/p>\n<p>Une astuce : Cette huile \u00e9tant assez \u00e9paisse et difficile \u00e0 \u00e9taler, faites couler l'huile sur une brosse \u00e0 cheveux, brosser vos cheveux puis faire votre shampoing habituel.<\/p>\n<p><strong>Ingr\u00e9dients<\/strong> : <span class=\"st\">Ricinus Communis (Castor) Seed Oil&nbsp;&nbsp;&nbsp; <br><\/span><\/p>\n<p><span class=\"st\">NB : le terme Castor veut dire Ricin, et est sans rapport avec le rongeur<\/span><\/p>\n<p>&nbsp;<\/p>\n\n\n<hr class=\"wp-block-separator\"\/>\n","protected":false},"excerpt":{"rendered":"<p>Haar\u00f6le Ayurvedisch &nbsp; &nbsp; &nbsp; &nbsp; &nbsp; Ayurvedisches Haar\u00f6l ist unser neuer kleiner Schatz f\u00fcr die Haare. Es ist ein komplettes Haarpflegeprodukt. Yuka Bewertung: Gut &nbsp; 100 ml CHF 22.20 &nbsp; &nbsp; &nbsp; &nbsp; Frei von Chemikalien und Konservierungsstoffen Anwendung: Auf die Kopfhaut auftragen und sanft einmassieren, ggf. auf kahlen Stellen bestehen, dann auf das Haar bis in die Spitzen,&nbsp;<a href=\"https:\/\/bien-etreiris.ch\/de\/produktpraesentation\/hygiene\/koerperpflege\/natuerliche-haar-und-kopfhautpflege\/haaroele\/\" class=\"read-more\">Weiter lesen<\/a><\/p>\n","protected":false},"author":1,"featured_media":77486,"parent":42509,"menu_order":6993,"comment_status":"closed","ping_status":"closed","template":"page-with-child.php","meta":{"_acf_changed":false,"ngg_post_thumbnail":0,"footnotes":""},"class_list":["post-47903","page","type-page","status-publish","has-post-thumbnail","hentry"],"acf":[],"yoast_head":"<!-- This site is optimized with the Yoast SEO plugin v27.5 - https:\/\/yoast.com\/product\/yoast-seo-wordpress\/ -->\n<title>HAAR\u00d6LE - WOHLBEFINDEN<\/title>\n<meta name=\"robots\" content=\"index, follow, max-snippet:-1, max-image-preview:large, max-video-preview:-1\" \/>\n<link rel=\"canonical\" href=\"https:\/\/bien-etreiris.ch\/de\/produktpraesentation\/hygiene\/koerperpflege\/natuerliche-haar-und-kopfhautpflege\/haaroele\/\" \/>\n<meta property=\"og:locale\" content=\"de_DE\" \/>\n<meta property=\"og:type\" content=\"article\" \/>\n<meta property=\"og:title\" content=\"HAAR\u00d6LE - WOHLBEFINDEN\" \/>\n<meta property=\"og:description\" content=\"Haar\u00f6le Ayurvedisch &nbsp; &nbsp; &nbsp; &nbsp; &nbsp; Ayurvedisches Haar\u00f6l ist unser neuer kleiner Schatz f\u00fcr die Haare. Es ist ein komplettes Haarpflegeprodukt. Yuka Bewertung: Gut &nbsp; 100 ml CHF 22.20 &nbsp; &nbsp; &nbsp; &nbsp; Frei von Chemikalien und Konservierungsstoffen Anwendung: Auf die Kopfhaut auftragen und sanft einmassieren, ggf. auf kahlen Stellen bestehen, dann auf das Haar bis in die Spitzen,&nbsp;Weiter lesen\" \/>\n<meta property=\"og:url\" content=\"https:\/\/bien-etreiris.ch\/de\/produktpraesentation\/hygiene\/koerperpflege\/natuerliche-haar-und-kopfhautpflege\/haaroele\/\" \/>\n<meta property=\"og:site_name\" content=\"WOHLBEFINDEN\" \/>\n<meta property=\"article:publisher\" content=\"https:\/\/www.facebook.com\/bienetreiris\/\" \/>\n<meta property=\"article:modified_time\" content=\"2021-05-28T13:45:49+00:00\" \/>\n<meta property=\"og:image\" content=\"https:\/\/bien-etreiris.ch\/wp-content\/uploads\/2020\/09\/acceuil-2-2.jpg\" \/>\n\t<meta property=\"og:image:width\" content=\"500\" \/>\n\t<meta property=\"og:image:height\" content=\"321\" \/>\n\t<meta property=\"og:image:type\" content=\"image\/jpeg\" \/>\n<meta name=\"twitter:label1\" content=\"Gesch\u00e4tzte Lesezeit\" \/>\n\t<meta name=\"twitter:data1\" content=\"2\u00a0Minuten\" \/>\n<script type=\"application\/ld+json\" class=\"yoast-schema-graph\">{\"@context\":\"https:\\\/\\\/schema.org\",\"@graph\":[{\"@type\":\"WebPage\",\"@id\":\"https:\\\/\\\/bien-etreiris.ch\\\/de\\\/produktpraesentation\\\/hygiene\\\/koerperpflege\\\/natuerliche-haar-und-kopfhautpflege\\\/haaroele\\\/\",\"url\":\"https:\\\/\\\/bien-etreiris.ch\\\/de\\\/produktpraesentation\\\/hygiene\\\/koerperpflege\\\/natuerliche-haar-und-kopfhautpflege\\\/haaroele\\\/\",\"name\":\"HAAR\u00d6LE - WOHLBEFINDEN\",\"isPartOf\":{\"@id\":\"https:\\\/\\\/bien-etreiris.ch\\\/de\\\/#website\"},\"primaryImageOfPage\":{\"@id\":\"https:\\\/\\\/bien-etreiris.ch\\\/de\\\/produktpraesentation\\\/hygiene\\\/koerperpflege\\\/natuerliche-haar-und-kopfhautpflege\\\/haaroele\\\/#primaryimage\"},\"image\":{\"@id\":\"https:\\\/\\\/bien-etreiris.ch\\\/de\\\/produktpraesentation\\\/hygiene\\\/koerperpflege\\\/natuerliche-haar-und-kopfhautpflege\\\/haaroele\\\/#primaryimage\"},\"thumbnailUrl\":\"https:\\\/\\\/bien-etreiris.ch\\\/wp-content\\\/uploads\\\/2023\\\/10\\\/huiles.jpg\",\"datePublished\":\"2020-09-29T13:58:00+00:00\",\"dateModified\":\"2021-05-28T13:45:49+00:00\",\"breadcrumb\":{\"@id\":\"https:\\\/\\\/bien-etreiris.ch\\\/de\\\/produktpraesentation\\\/hygiene\\\/koerperpflege\\\/natuerliche-haar-und-kopfhautpflege\\\/haaroele\\\/#breadcrumb\"},\"inLanguage\":\"de\",\"potentialAction\":[{\"@type\":\"ReadAction\",\"target\":[\"https:\\\/\\\/bien-etreiris.ch\\\/de\\\/produktpraesentation\\\/hygiene\\\/koerperpflege\\\/natuerliche-haar-und-kopfhautpflege\\\/haaroele\\\/\"]}]},{\"@type\":\"ImageObject\",\"inLanguage\":\"de\",\"@id\":\"https:\\\/\\\/bien-etreiris.ch\\\/de\\\/produktpraesentation\\\/hygiene\\\/koerperpflege\\\/natuerliche-haar-und-kopfhautpflege\\\/haaroele\\\/#primaryimage\",\"url\":\"https:\\\/\\\/bien-etreiris.ch\\\/wp-content\\\/uploads\\\/2023\\\/10\\\/huiles.jpg\",\"contentUrl\":\"https:\\\/\\\/bien-etreiris.ch\\\/wp-content\\\/uploads\\\/2023\\\/10\\\/huiles.jpg\",\"width\":500,\"height\":305},{\"@type\":\"BreadcrumbList\",\"@id\":\"https:\\\/\\\/bien-etreiris.ch\\\/de\\\/produktpraesentation\\\/hygiene\\\/koerperpflege\\\/natuerliche-haar-und-kopfhautpflege\\\/haaroele\\\/#breadcrumb\",\"itemListElement\":[{\"@type\":\"ListItem\",\"position\":1,\"name\":\"Home\",\"item\":\"https:\\\/\\\/bien-etreiris.ch\\\/de\\\/\"},{\"@type\":\"ListItem\",\"position\":2,\"name\":\"PRODUKTPR\u00c4SENTATION\",\"item\":\"https:\\\/\\\/bien-etreiris.ch\\\/de\\\/produktpraesentation\\\/\"},{\"@type\":\"ListItem\",\"position\":3,\"name\":\"HYGIENE\",\"item\":\"https:\\\/\\\/bien-etreiris.ch\\\/de\\\/produktpraesentation\\\/hygiene\\\/\"},{\"@type\":\"ListItem\",\"position\":4,\"name\":\"K\u00d6RPERPFLEGE\",\"item\":\"https:\\\/\\\/bien-etreiris.ch\\\/de\\\/produktpraesentation\\\/hygiene\\\/koerperpflege\\\/\"},{\"@type\":\"ListItem\",\"position\":5,\"name\":\"HAAR UND KOPFHAUT\",\"item\":\"https:\\\/\\\/bien-etreiris.ch\\\/de\\\/produktpraesentation\\\/hygiene\\\/koerperpflege\\\/natuerliche-haar-und-kopfhautpflege\\\/\"},{\"@type\":\"ListItem\",\"position\":6,\"name\":\"HAAR\u00d6LE\"}]},{\"@type\":\"WebSite\",\"@id\":\"https:\\\/\\\/bien-etreiris.ch\\\/de\\\/#website\",\"url\":\"https:\\\/\\\/bien-etreiris.ch\\\/de\\\/\",\"name\":\"Bien-\u00eatre Iris\",\"description\":\"IHRE Gesundheit ist uns wichtig\",\"potentialAction\":[{\"@type\":\"SearchAction\",\"target\":{\"@type\":\"EntryPoint\",\"urlTemplate\":\"https:\\\/\\\/bien-etreiris.ch\\\/de\\\/?s={search_term_string}\"},\"query-input\":{\"@type\":\"PropertyValueSpecification\",\"valueRequired\":true,\"valueName\":\"search_term_string\"}}],\"inLanguage\":\"de\"}]}<\/script>\n<!-- \/ Yoast SEO plugin. -->","yoast_head_json":{"title":"HAAR\u00d6LE - WOHLBEFINDEN","robots":{"index":"index","follow":"follow","max-snippet":"max-snippet:-1","max-image-preview":"max-image-preview:large","max-video-preview":"max-video-preview:-1"},"canonical":"https:\/\/bien-etreiris.ch\/de\/produktpraesentation\/hygiene\/koerperpflege\/natuerliche-haar-und-kopfhautpflege\/haaroele\/","og_locale":"de_DE","og_type":"article","og_title":"HAAR\u00d6LE - WOHLBEFINDEN","og_description":"Haar\u00f6le Ayurvedisch &nbsp; &nbsp; &nbsp; &nbsp; &nbsp; Ayurvedisches Haar\u00f6l ist unser neuer kleiner Schatz f\u00fcr die Haare. Es ist ein komplettes Haarpflegeprodukt. Yuka Bewertung: Gut &nbsp; 100 ml CHF 22.20 &nbsp; &nbsp; &nbsp; &nbsp; Frei von Chemikalien und Konservierungsstoffen Anwendung: Auf die Kopfhaut auftragen und sanft einmassieren, ggf. auf kahlen Stellen bestehen, dann auf das Haar bis in die Spitzen,&nbsp;Weiter lesen","og_url":"https:\/\/bien-etreiris.ch\/de\/produktpraesentation\/hygiene\/koerperpflege\/natuerliche-haar-und-kopfhautpflege\/haaroele\/","og_site_name":"WOHLBEFINDEN","article_publisher":"https:\/\/www.facebook.com\/bienetreiris\/","article_modified_time":"2021-05-28T13:45:49+00:00","og_image":[{"width":500,"height":321,"url":"https:\/\/bien-etreiris.ch\/wp-content\/uploads\/2020\/09\/acceuil-2-2.jpg","type":"image\/jpeg"}],"twitter_misc":{"Gesch\u00e4tzte Lesezeit":"2\u00a0Minuten"},"schema":{"@context":"https:\/\/schema.org","@graph":[{"@type":"WebPage","@id":"https:\/\/bien-etreiris.ch\/de\/produktpraesentation\/hygiene\/koerperpflege\/natuerliche-haar-und-kopfhautpflege\/haaroele\/","url":"https:\/\/bien-etreiris.ch\/de\/produktpraesentation\/hygiene\/koerperpflege\/natuerliche-haar-und-kopfhautpflege\/haaroele\/","name":"HAAR\u00d6LE - WOHLBEFINDEN","isPartOf":{"@id":"https:\/\/bien-etreiris.ch\/de\/#website"},"primaryImageOfPage":{"@id":"https:\/\/bien-etreiris.ch\/de\/produktpraesentation\/hygiene\/koerperpflege\/natuerliche-haar-und-kopfhautpflege\/haaroele\/#primaryimage"},"image":{"@id":"https:\/\/bien-etreiris.ch\/de\/produktpraesentation\/hygiene\/koerperpflege\/natuerliche-haar-und-kopfhautpflege\/haaroele\/#primaryimage"},"thumbnailUrl":"https:\/\/bien-etreiris.ch\/wp-content\/uploads\/2023\/10\/huiles.jpg","datePublished":"2020-09-29T13:58:00+00:00","dateModified":"2021-05-28T13:45:49+00:00","breadcrumb":{"@id":"https:\/\/bien-etreiris.ch\/de\/produktpraesentation\/hygiene\/koerperpflege\/natuerliche-haar-und-kopfhautpflege\/haaroele\/#breadcrumb"},"inLanguage":"de","potentialAction":[{"@type":"ReadAction","target":["https:\/\/bien-etreiris.ch\/de\/produktpraesentation\/hygiene\/koerperpflege\/natuerliche-haar-und-kopfhautpflege\/haaroele\/"]}]},{"@type":"ImageObject","inLanguage":"de","@id":"https:\/\/bien-etreiris.ch\/de\/produktpraesentation\/hygiene\/koerperpflege\/natuerliche-haar-und-kopfhautpflege\/haaroele\/#primaryimage","url":"https:\/\/bien-etreiris.ch\/wp-content\/uploads\/2023\/10\/huiles.jpg","contentUrl":"https:\/\/bien-etreiris.ch\/wp-content\/uploads\/2023\/10\/huiles.jpg","width":500,"height":305},{"@type":"BreadcrumbList","@id":"https:\/\/bien-etreiris.ch\/de\/produktpraesentation\/hygiene\/koerperpflege\/natuerliche-haar-und-kopfhautpflege\/haaroele\/#breadcrumb","itemListElement":[{"@type":"ListItem","position":1,"name":"Home","item":"https:\/\/bien-etreiris.ch\/de\/"},{"@type":"ListItem","position":2,"name":"PRODUKTPR\u00c4SENTATION","item":"https:\/\/bien-etreiris.ch\/de\/produktpraesentation\/"},{"@type":"ListItem","position":3,"name":"HYGIENE","item":"https:\/\/bien-etreiris.ch\/de\/produktpraesentation\/hygiene\/"},{"@type":"ListItem","position":4,"name":"K\u00d6RPERPFLEGE","item":"https:\/\/bien-etreiris.ch\/de\/produktpraesentation\/hygiene\/koerperpflege\/"},{"@type":"ListItem","position":5,"name":"HAAR UND KOPFHAUT","item":"https:\/\/bien-etreiris.ch\/de\/produktpraesentation\/hygiene\/koerperpflege\/natuerliche-haar-und-kopfhautpflege\/"},{"@type":"ListItem","position":6,"name":"HAAR\u00d6LE"}]},{"@type":"WebSite","@id":"https:\/\/bien-etreiris.ch\/de\/#website","url":"https:\/\/bien-etreiris.ch\/de\/","name":"Bien-\u00eatre Iris","description":"IHRE Gesundheit ist uns wichtig","potentialAction":[{"@type":"SearchAction","target":{"@type":"EntryPoint","urlTemplate":"https:\/\/bien-etreiris.ch\/de\/?s={search_term_string}"},"query-input":{"@type":"PropertyValueSpecification","valueRequired":true,"valueName":"search_term_string"}}],"inLanguage":"de"}]}},"_links":{"self":[{"href":"https:\/\/bien-etreiris.ch\/de\/wp-json\/wp\/v2\/pages\/47903","targetHints":{"allow":["GET"]}}],"collection":[{"href":"https:\/\/bien-etreiris.ch\/de\/wp-json\/wp\/v2\/pages"}],"about":[{"href":"https:\/\/bien-etreiris.ch\/de\/wp-json\/wp\/v2\/types\/page"}],"author":[{"embeddable":true,"href":"https:\/\/bien-etreiris.ch\/de\/wp-json\/wp\/v2\/users\/1"}],"replies":[{"embeddable":true,"href":"https:\/\/bien-etreiris.ch\/de\/wp-json\/wp\/v2\/comments?post=47903"}],"version-history":[{"count":3,"href":"https:\/\/bien-etreiris.ch\/de\/wp-json\/wp\/v2\/pages\/47903\/revisions"}],"predecessor-version":[{"id":47919,"href":"https:\/\/bien-etreiris.ch\/de\/wp-json\/wp\/v2\/pages\/47903\/revisions\/47919"}],"up":[{"embeddable":true,"href":"https:\/\/bien-etreiris.ch\/de\/wp-json\/wp\/v2\/pages\/42509"}],"wp:featuredmedia":[{"embeddable":true,"href":"https:\/\/bien-etreiris.ch\/de\/wp-json\/wp\/v2\/media\/77486"}],"wp:attachment":[{"href":"https:\/\/bien-etreiris.ch\/de\/wp-json\/wp\/v2\/media?parent=47903"}],"curies":[{"name":"wp","href":"https:\/\/api.w.org\/{rel}","templated":true}]}}