{"id":47798,"date":"2020-10-26T06:34:06","date_gmt":"2020-10-26T06:34:06","guid":{"rendered":"https:\/\/bien-etreiris.ch\/produkt-prasentationen\/hygiene\/desinfektion\/desinfectant-pour-surfaces\/"},"modified":"2021-05-28T13:00:04","modified_gmt":"2021-05-28T11:00:04","slug":"flaechendesinfektion","status":"publish","type":"page","link":"https:\/\/bien-etreiris.ch\/de\/produktpraesentation\/hygiene\/desinfektion\/flaechendesinfektion\/","title":{"rendered":"FL\u00c4CHENDESINFEKTION"},"content":{"rendered":"\n<h2 class=\"wp-block-heading\"> <br>Fl\u00e4chendesinfektionsmittel, Spr\u00fchflasche  <\/h2>\n\n\n<p><a href=\"https:\/\/decoiris.ch\/wp-content\/uploads\/2020\/10\/sonett-1.jpg\"><img loading=\"lazy\" decoding=\"async\" class=\"alignleft wp-image-33144\" src=\"https:\/\/decoiris.ch\/wp-content\/uploads\/2020\/10\/sonett-1-158x300.jpg\" alt=\"\" width=\"200\" height=\"381\" srcset=\"https:\/\/bien-etreiris.ch\/wp-content\/uploads\/2020\/10\/sonett-1-158x300.jpg 158w, https:\/\/bien-etreiris.ch\/wp-content\/uploads\/2020\/10\/sonett-1.jpg 768w, https:\/\/bien-etreiris.ch\/wp-content\/uploads\/2020\/10\/sonett-1-538x1024.jpg 538w\" sizes=\"auto, (max-width: 200px) 100vw, 200px\" \/><\/a><\/p>\n<h4 class=\"p-product-details__title bip-typography--headline2\"><span data-v-88ce853c=\"\" data-v-00ece6c5=\"\">&nbsp;<\/span><\/h4>\n<p>&nbsp;<\/p>\n<p>&nbsp;<\/p>\n<p>&nbsp;<\/p>\n<p>500 ml Flasche CHF 10.00<\/p>\n<p>Nachf\u00fcllung 500 ml CHF 7.25<\/p>\n<p>&nbsp;<\/p>\n<p>&nbsp;<\/p>\n<p>&nbsp;<\/p>\n<p>&nbsp;<\/p>\n<p>&nbsp;<\/p>\n<p>&nbsp;<\/p>\n<p>Zertifizierte Wirksamkeit gegen HBV, HCV, HIV, Herpes Simplex, Norovirus sowie alle menschlichen und tierischen Influenzaviren einschlie\u00dflich H5N1 und H1N1. Zertifizierte Wirksamkeit gegen Bakterien, Hefen und Pilze gem\u00e4\u00df den europ\u00e4ischen Normen EN 1276, 1650, 13697, 14476.<\/p>\n<h4>Verwendung<\/h4>\n<p>Sonett Disinfectant eignet sich f\u00fcr alle alkoholbest\u00e4ndigen Oberfl\u00e4chen, f\u00fcr Arbeitsfl\u00e4chen und Utensilien in Sanit\u00e4ranlagen, Gro\u00dfk\u00fcchen und lebensmittelverarbeitenden Betrieben. Sonett Desinfektionsmittel ist eine gebrauchsfertige L\u00f6sung, die durch Spr\u00fchen oder Auftragen mit einem Tuch angewendet werden kann.<\/p>\n<h4>Anwendung<\/h4>\n<p>Spr\u00fchen oder mit einem Tuch auf zuvor gereinigte Gegenst\u00e4nde oder Oberfl\u00e4chen auftragen. Das Produkt trocknet r\u00fcckstandsfrei auf.<\/p>\n<p>Vorsicht!<\/p>\n<p>Ziehen Sie den Netzstecker, bevor Sie das Produkt verwenden.<\/p>\n<h4>Dosierung<\/h4>\n<p>50ml\/m2 f\u00fcr max. 2 m2 Fl\u00e4che.<\/p>\n<p>Bakterien: 5 Minuten einwirken lassen.<\/p>\n<p>Pilze und Hefen: 15 Minuten einwirken lassen<\/p>\n<p>Viren: 30 Sekunden<\/p>\n<p>Verwenden Sie Sonett Desinfektionsmittel mit Vorsicht. Lesen Sie vor Gebrauch das Etikett und die Produktinformationen.<\/p>\n<h4>Zusammensetzung<\/h4>\n<p>Wirkstoff: Pflanzlicher Alkohol (Ethanol) 70%.<\/p>\n<p>\u00c4therisches Salbei\u00f6l, biologisch angebaut &lt;1%.<\/p>\n<p>Lavendel \u00e4therisches \u00d6l, aus biologischem Anbau &lt;1%.<\/p>\n<p>Wasseranzeige 100%.<\/p>","protected":false},"excerpt":{"rendered":"<p>Fl\u00e4chendesinfektionsmittel, Spr\u00fchflasche &nbsp; &nbsp; &nbsp; &nbsp; 500 ml Flasche CHF 10.00 Nachf\u00fcllung 500 ml CHF 7.25 &nbsp; &nbsp; &nbsp; &nbsp; &nbsp; &nbsp; Zertifizierte Wirksamkeit gegen HBV, HCV, HIV, Herpes Simplex, Norovirus sowie alle menschlichen und tierischen Influenzaviren einschlie\u00dflich H5N1 und H1N1. Zertifizierte Wirksamkeit gegen Bakterien, Hefen und Pilze gem\u00e4\u00df den europ\u00e4ischen Normen EN 1276, 1650, 13697, 14476. Verwendung Sonett Disinfectant&nbsp;<a href=\"https:\/\/bien-etreiris.ch\/de\/produktpraesentation\/hygiene\/desinfektion\/flaechendesinfektion\/\" class=\"read-more\">Weiter lesen<\/a><\/p>\n","protected":false},"author":1,"featured_media":33137,"parent":43978,"menu_order":6902,"comment_status":"closed","ping_status":"closed","template":"page-with-child.php","meta":{"_acf_changed":false,"ngg_post_thumbnail":0,"footnotes":""},"class_list":["post-47798","page","type-page","status-publish","has-post-thumbnail","hentry"],"acf":[],"yoast_head":"<!-- This site is optimized with the Yoast SEO plugin v27.5 - https:\/\/yoast.com\/product\/yoast-seo-wordpress\/ -->\n<title>FL\u00c4CHENDESINFEKTION - WOHLBEFINDEN<\/title>\n<meta name=\"robots\" content=\"index, follow, max-snippet:-1, max-image-preview:large, max-video-preview:-1\" \/>\n<link rel=\"canonical\" href=\"https:\/\/bien-etreiris.ch\/de\/produktpraesentation\/hygiene\/desinfektion\/flaechendesinfektion\/\" \/>\n<meta property=\"og:locale\" content=\"de_DE\" \/>\n<meta property=\"og:type\" content=\"article\" \/>\n<meta property=\"og:title\" content=\"FL\u00c4CHENDESINFEKTION - WOHLBEFINDEN\" \/>\n<meta property=\"og:description\" content=\"Fl\u00e4chendesinfektionsmittel, Spr\u00fchflasche &nbsp; &nbsp; &nbsp; &nbsp; 500 ml Flasche CHF 10.00 Nachf\u00fcllung 500 ml CHF 7.25 &nbsp; &nbsp; &nbsp; &nbsp; &nbsp; &nbsp; Zertifizierte Wirksamkeit gegen HBV, HCV, HIV, Herpes Simplex, Norovirus sowie alle menschlichen und tierischen Influenzaviren einschlie\u00dflich H5N1 und H1N1. Zertifizierte Wirksamkeit gegen Bakterien, Hefen und Pilze gem\u00e4\u00df den europ\u00e4ischen Normen EN 1276, 1650, 13697, 14476. Verwendung Sonett Disinfectant&nbsp;Weiter lesen\" \/>\n<meta property=\"og:url\" content=\"https:\/\/bien-etreiris.ch\/de\/produktpraesentation\/hygiene\/desinfektion\/flaechendesinfektion\/\" \/>\n<meta property=\"og:site_name\" content=\"WOHLBEFINDEN\" \/>\n<meta property=\"article:publisher\" content=\"https:\/\/www.facebook.com\/bienetreiris\/\" \/>\n<meta property=\"article:modified_time\" content=\"2021-05-28T11:00:04+00:00\" \/>\n<meta property=\"og:image\" content=\"https:\/\/bien-etreiris.ch\/wp-content\/uploads\/2020\/10\/acceuil-20.jpg\" \/>\n\t<meta property=\"og:image:width\" content=\"500\" \/>\n\t<meta property=\"og:image:height\" content=\"333\" \/>\n\t<meta property=\"og:image:type\" content=\"image\/jpeg\" \/>\n<meta name=\"twitter:label1\" content=\"Gesch\u00e4tzte Lesezeit\" \/>\n\t<meta name=\"twitter:data1\" content=\"1\u00a0Minute\" \/>\n<script type=\"application\/ld+json\" class=\"yoast-schema-graph\">{\"@context\":\"https:\\\/\\\/schema.org\",\"@graph\":[{\"@type\":\"WebPage\",\"@id\":\"https:\\\/\\\/bien-etreiris.ch\\\/de\\\/produktpraesentation\\\/hygiene\\\/desinfektion\\\/flaechendesinfektion\\\/\",\"url\":\"https:\\\/\\\/bien-etreiris.ch\\\/de\\\/produktpraesentation\\\/hygiene\\\/desinfektion\\\/flaechendesinfektion\\\/\",\"name\":\"FL\u00c4CHENDESINFEKTION - WOHLBEFINDEN\",\"isPartOf\":{\"@id\":\"https:\\\/\\\/bien-etreiris.ch\\\/de\\\/#website\"},\"primaryImageOfPage\":{\"@id\":\"https:\\\/\\\/bien-etreiris.ch\\\/de\\\/produktpraesentation\\\/hygiene\\\/desinfektion\\\/flaechendesinfektion\\\/#primaryimage\"},\"image\":{\"@id\":\"https:\\\/\\\/bien-etreiris.ch\\\/de\\\/produktpraesentation\\\/hygiene\\\/desinfektion\\\/flaechendesinfektion\\\/#primaryimage\"},\"thumbnailUrl\":\"https:\\\/\\\/bien-etreiris.ch\\\/wp-content\\\/uploads\\\/2020\\\/10\\\/acceuil-20.jpg\",\"datePublished\":\"2020-10-26T06:34:06+00:00\",\"dateModified\":\"2021-05-28T11:00:04+00:00\",\"breadcrumb\":{\"@id\":\"https:\\\/\\\/bien-etreiris.ch\\\/de\\\/produktpraesentation\\\/hygiene\\\/desinfektion\\\/flaechendesinfektion\\\/#breadcrumb\"},\"inLanguage\":\"de\",\"potentialAction\":[{\"@type\":\"ReadAction\",\"target\":[\"https:\\\/\\\/bien-etreiris.ch\\\/de\\\/produktpraesentation\\\/hygiene\\\/desinfektion\\\/flaechendesinfektion\\\/\"]}]},{\"@type\":\"ImageObject\",\"inLanguage\":\"de\",\"@id\":\"https:\\\/\\\/bien-etreiris.ch\\\/de\\\/produktpraesentation\\\/hygiene\\\/desinfektion\\\/flaechendesinfektion\\\/#primaryimage\",\"url\":\"https:\\\/\\\/bien-etreiris.ch\\\/wp-content\\\/uploads\\\/2020\\\/10\\\/acceuil-20.jpg\",\"contentUrl\":\"https:\\\/\\\/bien-etreiris.ch\\\/wp-content\\\/uploads\\\/2020\\\/10\\\/acceuil-20.jpg\",\"width\":500,\"height\":333},{\"@type\":\"BreadcrumbList\",\"@id\":\"https:\\\/\\\/bien-etreiris.ch\\\/de\\\/produktpraesentation\\\/hygiene\\\/desinfektion\\\/flaechendesinfektion\\\/#breadcrumb\",\"itemListElement\":[{\"@type\":\"ListItem\",\"position\":1,\"name\":\"Home\",\"item\":\"https:\\\/\\\/bien-etreiris.ch\\\/de\\\/\"},{\"@type\":\"ListItem\",\"position\":2,\"name\":\"PRODUKTPR\u00c4SENTATION\",\"item\":\"https:\\\/\\\/bien-etreiris.ch\\\/de\\\/produktpraesentation\\\/\"},{\"@type\":\"ListItem\",\"position\":3,\"name\":\"HYGIENE\",\"item\":\"https:\\\/\\\/bien-etreiris.ch\\\/de\\\/produktpraesentation\\\/hygiene\\\/\"},{\"@type\":\"ListItem\",\"position\":4,\"name\":\"DESINFEKTION\",\"item\":\"https:\\\/\\\/bien-etreiris.ch\\\/de\\\/produktpraesentation\\\/hygiene\\\/desinfektion\\\/\"},{\"@type\":\"ListItem\",\"position\":5,\"name\":\"FL\u00c4CHENDESINFEKTION\"}]},{\"@type\":\"WebSite\",\"@id\":\"https:\\\/\\\/bien-etreiris.ch\\\/de\\\/#website\",\"url\":\"https:\\\/\\\/bien-etreiris.ch\\\/de\\\/\",\"name\":\"Bien-\u00eatre Iris\",\"description\":\"IHRE Gesundheit ist uns wichtig\",\"potentialAction\":[{\"@type\":\"SearchAction\",\"target\":{\"@type\":\"EntryPoint\",\"urlTemplate\":\"https:\\\/\\\/bien-etreiris.ch\\\/de\\\/?s={search_term_string}\"},\"query-input\":{\"@type\":\"PropertyValueSpecification\",\"valueRequired\":true,\"valueName\":\"search_term_string\"}}],\"inLanguage\":\"de\"}]}<\/script>\n<!-- \/ Yoast SEO plugin. -->","yoast_head_json":{"title":"FL\u00c4CHENDESINFEKTION - WOHLBEFINDEN","robots":{"index":"index","follow":"follow","max-snippet":"max-snippet:-1","max-image-preview":"max-image-preview:large","max-video-preview":"max-video-preview:-1"},"canonical":"https:\/\/bien-etreiris.ch\/de\/produktpraesentation\/hygiene\/desinfektion\/flaechendesinfektion\/","og_locale":"de_DE","og_type":"article","og_title":"FL\u00c4CHENDESINFEKTION - WOHLBEFINDEN","og_description":"Fl\u00e4chendesinfektionsmittel, Spr\u00fchflasche &nbsp; &nbsp; &nbsp; &nbsp; 500 ml Flasche CHF 10.00 Nachf\u00fcllung 500 ml CHF 7.25 &nbsp; &nbsp; &nbsp; &nbsp; &nbsp; &nbsp; Zertifizierte Wirksamkeit gegen HBV, HCV, HIV, Herpes Simplex, Norovirus sowie alle menschlichen und tierischen Influenzaviren einschlie\u00dflich H5N1 und H1N1. Zertifizierte Wirksamkeit gegen Bakterien, Hefen und Pilze gem\u00e4\u00df den europ\u00e4ischen Normen EN 1276, 1650, 13697, 14476. Verwendung Sonett Disinfectant&nbsp;Weiter lesen","og_url":"https:\/\/bien-etreiris.ch\/de\/produktpraesentation\/hygiene\/desinfektion\/flaechendesinfektion\/","og_site_name":"WOHLBEFINDEN","article_publisher":"https:\/\/www.facebook.com\/bienetreiris\/","article_modified_time":"2021-05-28T11:00:04+00:00","og_image":[{"width":500,"height":333,"url":"https:\/\/bien-etreiris.ch\/wp-content\/uploads\/2020\/10\/acceuil-20.jpg","type":"image\/jpeg"}],"twitter_misc":{"Gesch\u00e4tzte Lesezeit":"1\u00a0Minute"},"schema":{"@context":"https:\/\/schema.org","@graph":[{"@type":"WebPage","@id":"https:\/\/bien-etreiris.ch\/de\/produktpraesentation\/hygiene\/desinfektion\/flaechendesinfektion\/","url":"https:\/\/bien-etreiris.ch\/de\/produktpraesentation\/hygiene\/desinfektion\/flaechendesinfektion\/","name":"FL\u00c4CHENDESINFEKTION - WOHLBEFINDEN","isPartOf":{"@id":"https:\/\/bien-etreiris.ch\/de\/#website"},"primaryImageOfPage":{"@id":"https:\/\/bien-etreiris.ch\/de\/produktpraesentation\/hygiene\/desinfektion\/flaechendesinfektion\/#primaryimage"},"image":{"@id":"https:\/\/bien-etreiris.ch\/de\/produktpraesentation\/hygiene\/desinfektion\/flaechendesinfektion\/#primaryimage"},"thumbnailUrl":"https:\/\/bien-etreiris.ch\/wp-content\/uploads\/2020\/10\/acceuil-20.jpg","datePublished":"2020-10-26T06:34:06+00:00","dateModified":"2021-05-28T11:00:04+00:00","breadcrumb":{"@id":"https:\/\/bien-etreiris.ch\/de\/produktpraesentation\/hygiene\/desinfektion\/flaechendesinfektion\/#breadcrumb"},"inLanguage":"de","potentialAction":[{"@type":"ReadAction","target":["https:\/\/bien-etreiris.ch\/de\/produktpraesentation\/hygiene\/desinfektion\/flaechendesinfektion\/"]}]},{"@type":"ImageObject","inLanguage":"de","@id":"https:\/\/bien-etreiris.ch\/de\/produktpraesentation\/hygiene\/desinfektion\/flaechendesinfektion\/#primaryimage","url":"https:\/\/bien-etreiris.ch\/wp-content\/uploads\/2020\/10\/acceuil-20.jpg","contentUrl":"https:\/\/bien-etreiris.ch\/wp-content\/uploads\/2020\/10\/acceuil-20.jpg","width":500,"height":333},{"@type":"BreadcrumbList","@id":"https:\/\/bien-etreiris.ch\/de\/produktpraesentation\/hygiene\/desinfektion\/flaechendesinfektion\/#breadcrumb","itemListElement":[{"@type":"ListItem","position":1,"name":"Home","item":"https:\/\/bien-etreiris.ch\/de\/"},{"@type":"ListItem","position":2,"name":"PRODUKTPR\u00c4SENTATION","item":"https:\/\/bien-etreiris.ch\/de\/produktpraesentation\/"},{"@type":"ListItem","position":3,"name":"HYGIENE","item":"https:\/\/bien-etreiris.ch\/de\/produktpraesentation\/hygiene\/"},{"@type":"ListItem","position":4,"name":"DESINFEKTION","item":"https:\/\/bien-etreiris.ch\/de\/produktpraesentation\/hygiene\/desinfektion\/"},{"@type":"ListItem","position":5,"name":"FL\u00c4CHENDESINFEKTION"}]},{"@type":"WebSite","@id":"https:\/\/bien-etreiris.ch\/de\/#website","url":"https:\/\/bien-etreiris.ch\/de\/","name":"Bien-\u00eatre Iris","description":"IHRE Gesundheit ist uns wichtig","potentialAction":[{"@type":"SearchAction","target":{"@type":"EntryPoint","urlTemplate":"https:\/\/bien-etreiris.ch\/de\/?s={search_term_string}"},"query-input":{"@type":"PropertyValueSpecification","valueRequired":true,"valueName":"search_term_string"}}],"inLanguage":"de"}]}},"_links":{"self":[{"href":"https:\/\/bien-etreiris.ch\/de\/wp-json\/wp\/v2\/pages\/47798","targetHints":{"allow":["GET"]}}],"collection":[{"href":"https:\/\/bien-etreiris.ch\/de\/wp-json\/wp\/v2\/pages"}],"about":[{"href":"https:\/\/bien-etreiris.ch\/de\/wp-json\/wp\/v2\/types\/page"}],"author":[{"embeddable":true,"href":"https:\/\/bien-etreiris.ch\/de\/wp-json\/wp\/v2\/users\/1"}],"replies":[{"embeddable":true,"href":"https:\/\/bien-etreiris.ch\/de\/wp-json\/wp\/v2\/comments?post=47798"}],"version-history":[{"count":3,"href":"https:\/\/bien-etreiris.ch\/de\/wp-json\/wp\/v2\/pages\/47798\/revisions"}],"predecessor-version":[{"id":47804,"href":"https:\/\/bien-etreiris.ch\/de\/wp-json\/wp\/v2\/pages\/47798\/revisions\/47804"}],"up":[{"embeddable":true,"href":"https:\/\/bien-etreiris.ch\/de\/wp-json\/wp\/v2\/pages\/43978"}],"wp:featuredmedia":[{"embeddable":true,"href":"https:\/\/bien-etreiris.ch\/de\/wp-json\/wp\/v2\/media\/33137"}],"wp:attachment":[{"href":"https:\/\/bien-etreiris.ch\/de\/wp-json\/wp\/v2\/media?parent=47798"}],"curies":[{"name":"wp","href":"https:\/\/api.w.org\/{rel}","templated":true}]}}