{"id":47784,"date":"2020-10-25T13:25:18","date_gmt":"2020-10-25T13:25:18","guid":{"rendered":"https:\/\/bien-etreiris.ch\/produkt-prasentationen\/hygiene\/desinfektion\/masques-et-accessoires-optimum-protection\/"},"modified":"2021-05-28T12:51:03","modified_gmt":"2021-05-28T10:51:03","slug":"maskenspray","status":"publish","type":"page","link":"https:\/\/bien-etreiris.ch\/de\/produktpraesentation\/hygiene\/desinfektion\/maskenspray\/","title":{"rendered":"MASKENSPRAY BIO"},"content":{"rendered":"<p><a href=\"https:\/\/decoiris.ch\/wp-content\/uploads\/2020\/10\/Spray-pour-Masque.png\"><img loading=\"lazy\" decoding=\"async\" class=\"size-medium wp-image-33097 alignleft\" src=\"https:\/\/decoiris.ch\/wp-content\/uploads\/2020\/10\/Spray-pour-Masque-300x300.png\" alt=\"\" width=\"300\" height=\"300\" srcset=\"https:\/\/bien-etreiris.ch\/wp-content\/uploads\/2020\/10\/Spray-pour-Masque-300x300.png 300w, https:\/\/bien-etreiris.ch\/wp-content\/uploads\/2020\/10\/Spray-pour-Masque-150x150.png 150w, https:\/\/bien-etreiris.ch\/wp-content\/uploads\/2020\/10\/Spray-pour-Masque-768x768.png 768w, https:\/\/bien-etreiris.ch\/wp-content\/uploads\/2020\/10\/Spray-pour-Masque.png 800w\" sizes=\"auto, (max-width: 300px) 100vw, 300px\" \/><\/a><\/p>\n<p>&nbsp;<\/p>\n<p>&nbsp;<\/p>\n<p>&nbsp;<\/p>\n<p>100% nat\u00fcrlich - garantiert h\u00f6chste Qualit\u00e4t<\/p>\n<p>frei atmend, erfrischt, tonisiert, sch\u00fctzt!<\/p>\n<p>Zur Verwendung innerhalb der Maske.<\/p>\n<p>30 ml Flasche 10,50<\/p>\n<p>Nachf\u00fcllung von 30 ml 7,00<\/p>\n<p>&nbsp;<\/p>\n<p>&nbsp;<\/p>\n<p>&nbsp;<\/p>\n<p>&nbsp;<\/p>\n<p>F\u00fcr freies Atmen und vollst\u00e4ndigen Schutz<\/p>\n<ul style=\"list-style-type: disc;\">\n<li>Mit 100 % nat\u00fcrlichen \u00e4therischen Bio-\u00d6len!<\/li>\n<li>\u00c4therische \u00d6le sind sehr wirksam gegen Viren, Bakterien und Pilze<\/li>\n<li>Zusammensetzung auf Basis von organischem Alkohol<\/li>\n<li>Angenehmer Duft zum freien Atmen<\/li>\n<li>Einfache Anwendung im praktischen 30 ml Handtaschenformat<\/li>\n<li>Nachhaltig - dank 100 % PET-Recycling (rPET)<\/li>\n<li>Umweltfreundlich - die Masken k\u00f6nnen mehrfach verwendet werden.<\/li>\n<\/ul>\n<p>&nbsp;<\/p>\n<p>&nbsp;<\/p>\n<p>Das BIO-Masken-Spray macht das Tragen der Maske angenehmer und verwandelt die Anwendung in ein Wellness-Erlebnis \"Sauna-Aufguss\". AlpAroma kombiniert 100 % nat\u00fcrliche, wertvolle \u00e4therische \u00d6le, pflanzliches Wasser und Bio-Alkohol, die sich perfekt erg\u00e4nzen und nat\u00fcrlichen Schutz bieten.<\/p>\n<p>Die Zusammensetzung von Damascena AlpAroma Maskenspray BIO entspricht dem BAG-Standard und den h\u00f6chsten BIO- und Lebensmittelqualit\u00e4tsstandards. Die \u00e4therischen \u00d6le sind sehr wirksam gegen Viren, Bakterien und Schimmelpilze (z.B. Hefe).<\/p>\n<p>Atmen Sie zwischendurch tief durch und sp\u00fcren Sie die positive Wirkung unserer AlpAroma BIO Spr\u00fchmaske.<\/p>\n<p>Dank AlpAroma k\u00f6nnen die Masken mehrfach verwendet werden und bieten so einen \u00f6kologischen Mehrwert.<\/p>\n<p>Diese zu 100 % recycelbare Flasche besteht aus 100 % recyceltem PET (rPET), wodurch der PET-Kreislauf geschlossen wird.<\/p>\n<p>&nbsp;<\/p>\n<h4>\nInhaltsstoffe und deren Wirkung<\/h4>\n<p>Franz\u00f6sisch Bio fein Lavendel Lavendel\u00f6l * hat typische antibakterielle, antivirale und entspannende Eigenschaften. Es wirkt direkt auf das zentrale und vegetative Nervensystem und stellt das innere Gleichgewicht wieder her.<\/p>\n<p>Zitronen\u00f6l * hat eine antiseptische und entz\u00fcndungshemmende Wirkung. Es ist das \u00d6l der guten Laune, hilft gegen geistige Ersch\u00f6pfung zu k\u00e4mpfen und gibt Energie zur\u00fcck.<\/p>\n<p>Thymian Linalol BIO Thymian\u00f6l * hat eine antibakterielle, antivirale und entz\u00fcndungshemmende Wirkung. Emotional beruhigt es die Stimmung und weckt bei Ersch\u00f6pfung und Verzweiflung Selbstvertrauen und Kreativit\u00e4t.<\/p>\n<p>R\u00f6misches Kamillen\u00f6l * hat eine krampfl\u00f6sende und entz\u00fcndungshemmende Wirkung. Mit seinem warmen Duft vermittelt er Geborgenheit und kann \u00c4ngste lindern.<\/p>\n<p>Ravintsara BIO Ravintsara-\u00d6l * ist bekannt f\u00fcr seine antibakteriellen, antiviralen und reinigenden Eigenschaften. Es sch\u00fctzt, w\u00e4rmt und l\u00e4sst Sie frei atmen.<\/p>\n<p>Sandelholz Mysore Bio-Sandelholz\u00f6l * hat entz\u00fcndungshemmende, beruhigende und entspannende Eigenschaften f\u00fcr die Haut und hat eine antidepressive Wirkung.<\/p>\n<p>Bio-Lavendelbl\u00fctenwasser Bio-Lavendelbl\u00fctenwasser * f\u00f6rdert die freie Atmung und beruhigt die Haut.<\/p>\n<p>Bio-Zistrosenwasser Zistrosenwasser * ist ein sanftes Hydrosol, das die Atmung erleichtert und entz\u00fcndungshemmend wirkt. Der warme, balsamische Duft \u00f6ffnet sich und umh\u00fcllt Sie.<\/p>\n<p>Bio-Alkohol Unser Bio-Alkohol * bildet die Basis der Pr\u00e4parate und desinfiziert gleichzeitig; er ist sehr wirksam gegen Viren, Bakterien und Hefen.<\/p>\n<p>&nbsp;<\/p>\n<p>* Alle unsere Produkte werden mit den h\u00f6chsten biologischen und lebensmitteltechnischen Qualit\u00e4ten zusammengestellt und ausgew\u00e4hlt.<\/p>\n<p>&nbsp;<\/p>\n","protected":false},"excerpt":{"rendered":"<p>&nbsp; &nbsp; &nbsp; 100% nat\u00fcrlich - garantiert h\u00f6chste Qualit\u00e4t frei atmend, erfrischt, tonisiert, sch\u00fctzt! Zur Verwendung innerhalb der Maske. 30 ml Flasche 10,50 Nachf\u00fcllung von 30 ml 7,00 &nbsp; &nbsp; &nbsp; &nbsp; F\u00fcr freies Atmen und vollst\u00e4ndigen Schutz Mit 100 % nat\u00fcrlichen \u00e4therischen Bio-\u00d6len! \u00c4therische \u00d6le sind sehr wirksam gegen Viren, Bakterien und Pilze Zusammensetzung auf Basis von organischem Alkohol&nbsp;<a href=\"https:\/\/bien-etreiris.ch\/de\/produktpraesentation\/hygiene\/desinfektion\/maskenspray\/\" class=\"read-more\">Weiter lesen<\/a><\/p>\n","protected":false},"author":1,"featured_media":33094,"parent":43978,"menu_order":6906,"comment_status":"closed","ping_status":"closed","template":"page-with-child.php","meta":{"_acf_changed":false,"ngg_post_thumbnail":0,"footnotes":""},"class_list":["post-47784","page","type-page","status-publish","has-post-thumbnail","hentry"],"acf":[],"yoast_head":"<!-- This site is optimized with the Yoast SEO plugin v27.5 - https:\/\/yoast.com\/product\/yoast-seo-wordpress\/ -->\n<title>MASKENSPRAY BIO - WOHLBEFINDEN<\/title>\n<meta name=\"robots\" content=\"index, follow, max-snippet:-1, max-image-preview:large, max-video-preview:-1\" \/>\n<link rel=\"canonical\" href=\"https:\/\/bien-etreiris.ch\/de\/produktpraesentation\/hygiene\/desinfektion\/maskenspray\/\" \/>\n<meta property=\"og:locale\" content=\"de_DE\" \/>\n<meta property=\"og:type\" content=\"article\" \/>\n<meta property=\"og:title\" content=\"MASKENSPRAY BIO - WOHLBEFINDEN\" \/>\n<meta property=\"og:description\" content=\"&nbsp; &nbsp; &nbsp; 100% nat\u00fcrlich - garantiert h\u00f6chste Qualit\u00e4t frei atmend, erfrischt, tonisiert, sch\u00fctzt! Zur Verwendung innerhalb der Maske. 30 ml Flasche 10,50 Nachf\u00fcllung von 30 ml 7,00 &nbsp; &nbsp; &nbsp; &nbsp; F\u00fcr freies Atmen und vollst\u00e4ndigen Schutz Mit 100 % nat\u00fcrlichen \u00e4therischen Bio-\u00d6len! \u00c4therische \u00d6le sind sehr wirksam gegen Viren, Bakterien und Pilze Zusammensetzung auf Basis von organischem Alkohol&nbsp;Weiter lesen\" \/>\n<meta property=\"og:url\" content=\"https:\/\/bien-etreiris.ch\/de\/produktpraesentation\/hygiene\/desinfektion\/maskenspray\/\" \/>\n<meta property=\"og:site_name\" content=\"WOHLBEFINDEN\" \/>\n<meta property=\"article:publisher\" content=\"https:\/\/www.facebook.com\/bienetreiris\/\" \/>\n<meta property=\"article:modified_time\" content=\"2021-05-28T10:51:03+00:00\" \/>\n<meta name=\"twitter:label1\" content=\"Gesch\u00e4tzte Lesezeit\" \/>\n\t<meta name=\"twitter:data1\" content=\"3\u00a0Minuten\" \/>\n<script type=\"application\/ld+json\" class=\"yoast-schema-graph\">{\"@context\":\"https:\\\/\\\/schema.org\",\"@graph\":[{\"@type\":\"WebPage\",\"@id\":\"https:\\\/\\\/bien-etreiris.ch\\\/de\\\/produktpraesentation\\\/hygiene\\\/desinfektion\\\/maskenspray\\\/\",\"url\":\"https:\\\/\\\/bien-etreiris.ch\\\/de\\\/produktpraesentation\\\/hygiene\\\/desinfektion\\\/maskenspray\\\/\",\"name\":\"MASKENSPRAY BIO - WOHLBEFINDEN\",\"isPartOf\":{\"@id\":\"https:\\\/\\\/bien-etreiris.ch\\\/de\\\/#website\"},\"primaryImageOfPage\":{\"@id\":\"https:\\\/\\\/bien-etreiris.ch\\\/de\\\/produktpraesentation\\\/hygiene\\\/desinfektion\\\/maskenspray\\\/#primaryimage\"},\"image\":{\"@id\":\"https:\\\/\\\/bien-etreiris.ch\\\/de\\\/produktpraesentation\\\/hygiene\\\/desinfektion\\\/maskenspray\\\/#primaryimage\"},\"thumbnailUrl\":\"https:\\\/\\\/bien-etreiris.ch\\\/wp-content\\\/uploads\\\/2020\\\/10\\\/Sray-pour-masque.bmp\",\"datePublished\":\"2020-10-25T13:25:18+00:00\",\"dateModified\":\"2021-05-28T10:51:03+00:00\",\"breadcrumb\":{\"@id\":\"https:\\\/\\\/bien-etreiris.ch\\\/de\\\/produktpraesentation\\\/hygiene\\\/desinfektion\\\/maskenspray\\\/#breadcrumb\"},\"inLanguage\":\"de\",\"potentialAction\":[{\"@type\":\"ReadAction\",\"target\":[\"https:\\\/\\\/bien-etreiris.ch\\\/de\\\/produktpraesentation\\\/hygiene\\\/desinfektion\\\/maskenspray\\\/\"]}]},{\"@type\":\"ImageObject\",\"inLanguage\":\"de\",\"@id\":\"https:\\\/\\\/bien-etreiris.ch\\\/de\\\/produktpraesentation\\\/hygiene\\\/desinfektion\\\/maskenspray\\\/#primaryimage\",\"url\":\"https:\\\/\\\/bien-etreiris.ch\\\/wp-content\\\/uploads\\\/2020\\\/10\\\/Sray-pour-masque.bmp\",\"contentUrl\":\"https:\\\/\\\/bien-etreiris.ch\\\/wp-content\\\/uploads\\\/2020\\\/10\\\/Sray-pour-masque.bmp\",\"width\":978,\"height\":577},{\"@type\":\"BreadcrumbList\",\"@id\":\"https:\\\/\\\/bien-etreiris.ch\\\/de\\\/produktpraesentation\\\/hygiene\\\/desinfektion\\\/maskenspray\\\/#breadcrumb\",\"itemListElement\":[{\"@type\":\"ListItem\",\"position\":1,\"name\":\"Home\",\"item\":\"https:\\\/\\\/bien-etreiris.ch\\\/de\\\/\"},{\"@type\":\"ListItem\",\"position\":2,\"name\":\"PRODUKTPR\u00c4SENTATION\",\"item\":\"https:\\\/\\\/bien-etreiris.ch\\\/de\\\/produktpraesentation\\\/\"},{\"@type\":\"ListItem\",\"position\":3,\"name\":\"HYGIENE\",\"item\":\"https:\\\/\\\/bien-etreiris.ch\\\/de\\\/produktpraesentation\\\/hygiene\\\/\"},{\"@type\":\"ListItem\",\"position\":4,\"name\":\"DESINFEKTION\",\"item\":\"https:\\\/\\\/bien-etreiris.ch\\\/de\\\/produktpraesentation\\\/hygiene\\\/desinfektion\\\/\"},{\"@type\":\"ListItem\",\"position\":5,\"name\":\"MASKENSPRAY BIO\"}]},{\"@type\":\"WebSite\",\"@id\":\"https:\\\/\\\/bien-etreiris.ch\\\/de\\\/#website\",\"url\":\"https:\\\/\\\/bien-etreiris.ch\\\/de\\\/\",\"name\":\"Bien-\u00eatre Iris\",\"description\":\"IHRE Gesundheit ist uns wichtig\",\"potentialAction\":[{\"@type\":\"SearchAction\",\"target\":{\"@type\":\"EntryPoint\",\"urlTemplate\":\"https:\\\/\\\/bien-etreiris.ch\\\/de\\\/?s={search_term_string}\"},\"query-input\":{\"@type\":\"PropertyValueSpecification\",\"valueRequired\":true,\"valueName\":\"search_term_string\"}}],\"inLanguage\":\"de\"}]}<\/script>\n<!-- \/ Yoast SEO plugin. -->","yoast_head_json":{"title":"MASKENSPRAY BIO - WOHLBEFINDEN","robots":{"index":"index","follow":"follow","max-snippet":"max-snippet:-1","max-image-preview":"max-image-preview:large","max-video-preview":"max-video-preview:-1"},"canonical":"https:\/\/bien-etreiris.ch\/de\/produktpraesentation\/hygiene\/desinfektion\/maskenspray\/","og_locale":"de_DE","og_type":"article","og_title":"MASKENSPRAY BIO - WOHLBEFINDEN","og_description":"&nbsp; &nbsp; &nbsp; 100% nat\u00fcrlich - garantiert h\u00f6chste Qualit\u00e4t frei atmend, erfrischt, tonisiert, sch\u00fctzt! Zur Verwendung innerhalb der Maske. 30 ml Flasche 10,50 Nachf\u00fcllung von 30 ml 7,00 &nbsp; &nbsp; &nbsp; &nbsp; F\u00fcr freies Atmen und vollst\u00e4ndigen Schutz Mit 100 % nat\u00fcrlichen \u00e4therischen Bio-\u00d6len! \u00c4therische \u00d6le sind sehr wirksam gegen Viren, Bakterien und Pilze Zusammensetzung auf Basis von organischem Alkohol&nbsp;Weiter lesen","og_url":"https:\/\/bien-etreiris.ch\/de\/produktpraesentation\/hygiene\/desinfektion\/maskenspray\/","og_site_name":"WOHLBEFINDEN","article_publisher":"https:\/\/www.facebook.com\/bienetreiris\/","article_modified_time":"2021-05-28T10:51:03+00:00","twitter_misc":{"Gesch\u00e4tzte Lesezeit":"3\u00a0Minuten"},"schema":{"@context":"https:\/\/schema.org","@graph":[{"@type":"WebPage","@id":"https:\/\/bien-etreiris.ch\/de\/produktpraesentation\/hygiene\/desinfektion\/maskenspray\/","url":"https:\/\/bien-etreiris.ch\/de\/produktpraesentation\/hygiene\/desinfektion\/maskenspray\/","name":"MASKENSPRAY BIO - WOHLBEFINDEN","isPartOf":{"@id":"https:\/\/bien-etreiris.ch\/de\/#website"},"primaryImageOfPage":{"@id":"https:\/\/bien-etreiris.ch\/de\/produktpraesentation\/hygiene\/desinfektion\/maskenspray\/#primaryimage"},"image":{"@id":"https:\/\/bien-etreiris.ch\/de\/produktpraesentation\/hygiene\/desinfektion\/maskenspray\/#primaryimage"},"thumbnailUrl":"https:\/\/bien-etreiris.ch\/wp-content\/uploads\/2020\/10\/Sray-pour-masque.bmp","datePublished":"2020-10-25T13:25:18+00:00","dateModified":"2021-05-28T10:51:03+00:00","breadcrumb":{"@id":"https:\/\/bien-etreiris.ch\/de\/produktpraesentation\/hygiene\/desinfektion\/maskenspray\/#breadcrumb"},"inLanguage":"de","potentialAction":[{"@type":"ReadAction","target":["https:\/\/bien-etreiris.ch\/de\/produktpraesentation\/hygiene\/desinfektion\/maskenspray\/"]}]},{"@type":"ImageObject","inLanguage":"de","@id":"https:\/\/bien-etreiris.ch\/de\/produktpraesentation\/hygiene\/desinfektion\/maskenspray\/#primaryimage","url":"https:\/\/bien-etreiris.ch\/wp-content\/uploads\/2020\/10\/Sray-pour-masque.bmp","contentUrl":"https:\/\/bien-etreiris.ch\/wp-content\/uploads\/2020\/10\/Sray-pour-masque.bmp","width":978,"height":577},{"@type":"BreadcrumbList","@id":"https:\/\/bien-etreiris.ch\/de\/produktpraesentation\/hygiene\/desinfektion\/maskenspray\/#breadcrumb","itemListElement":[{"@type":"ListItem","position":1,"name":"Home","item":"https:\/\/bien-etreiris.ch\/de\/"},{"@type":"ListItem","position":2,"name":"PRODUKTPR\u00c4SENTATION","item":"https:\/\/bien-etreiris.ch\/de\/produktpraesentation\/"},{"@type":"ListItem","position":3,"name":"HYGIENE","item":"https:\/\/bien-etreiris.ch\/de\/produktpraesentation\/hygiene\/"},{"@type":"ListItem","position":4,"name":"DESINFEKTION","item":"https:\/\/bien-etreiris.ch\/de\/produktpraesentation\/hygiene\/desinfektion\/"},{"@type":"ListItem","position":5,"name":"MASKENSPRAY BIO"}]},{"@type":"WebSite","@id":"https:\/\/bien-etreiris.ch\/de\/#website","url":"https:\/\/bien-etreiris.ch\/de\/","name":"Bien-\u00eatre Iris","description":"IHRE Gesundheit ist uns wichtig","potentialAction":[{"@type":"SearchAction","target":{"@type":"EntryPoint","urlTemplate":"https:\/\/bien-etreiris.ch\/de\/?s={search_term_string}"},"query-input":{"@type":"PropertyValueSpecification","valueRequired":true,"valueName":"search_term_string"}}],"inLanguage":"de"}]}},"_links":{"self":[{"href":"https:\/\/bien-etreiris.ch\/de\/wp-json\/wp\/v2\/pages\/47784","targetHints":{"allow":["GET"]}}],"collection":[{"href":"https:\/\/bien-etreiris.ch\/de\/wp-json\/wp\/v2\/pages"}],"about":[{"href":"https:\/\/bien-etreiris.ch\/de\/wp-json\/wp\/v2\/types\/page"}],"author":[{"embeddable":true,"href":"https:\/\/bien-etreiris.ch\/de\/wp-json\/wp\/v2\/users\/1"}],"replies":[{"embeddable":true,"href":"https:\/\/bien-etreiris.ch\/de\/wp-json\/wp\/v2\/comments?post=47784"}],"version-history":[{"count":5,"href":"https:\/\/bien-etreiris.ch\/de\/wp-json\/wp\/v2\/pages\/47784\/revisions"}],"predecessor-version":[{"id":47796,"href":"https:\/\/bien-etreiris.ch\/de\/wp-json\/wp\/v2\/pages\/47784\/revisions\/47796"}],"up":[{"embeddable":true,"href":"https:\/\/bien-etreiris.ch\/de\/wp-json\/wp\/v2\/pages\/43978"}],"wp:featuredmedia":[{"embeddable":true,"href":"https:\/\/bien-etreiris.ch\/de\/wp-json\/wp\/v2\/media\/33094"}],"wp:attachment":[{"href":"https:\/\/bien-etreiris.ch\/de\/wp-json\/wp\/v2\/media?parent=47784"}],"curies":[{"name":"wp","href":"https:\/\/api.w.org\/{rel}","templated":true}]}}