{"id":47625,"date":"2021-05-28T07:36:54","date_gmt":"2021-05-28T05:36:54","guid":{"rendered":"https:\/\/bien-etreiris.ch\/?page_id=47625"},"modified":"2021-06-07T19:43:20","modified_gmt":"2021-06-07T17:43:20","slug":"cerascreen","status":"publish","type":"page","link":"https:\/\/bien-etreiris.ch\/de\/unsere-marken\/cerascreen\/","title":{"rendered":"CERASCREEN"},"content":{"rendered":"\n<h2>Cerascreen\u00ae<\/h2>\n<p>ist ein junges Unternehmen der Gesundheitsbranche mit Sitz in Hamburg und Schwerin. Wir entwickeln Gesundheitstests zur Selbsteinsch\u00e4tzung, die einfach zu Hause angewendet werden k\u00f6nnen, und bieten ausgew\u00e4hlte Nahrungserg\u00e4nzungsmittel sowie Coaching zu Gesundheit, Ern\u00e4hrung und Fitness an.<\/p>\n<p>Wir von cerascreen\u00ae sind der Meinung, dass Sie Ihre Gesundheit selbst in die Hand nehmen k\u00f6nnen sollten: Wissen \u00fcber den eigenen K\u00f6rper, Aneignung von Gesundheitswissen, gezielte Pr\u00e4vention. Jeder soll gl\u00fccklich und gesund leben k\u00f6nnen, statt nur auf Krankheit zu reagieren.<\/p>\n<h2><a href=\"https:\/\/bien-etreiris.ch\/de\/produktpraesentation\/gesundes-leben\/nahrungsergaenzungsmittel\/selbsttests\/\" target=\"_blank\" rel=\"noopener\">SELBSTTESTS<\/a><\/h2>\n","protected":false},"excerpt":{"rendered":"<p>Cerascreen\u00ae ist ein junges Unternehmen der Gesundheitsbranche mit Sitz in Hamburg und Schwerin. Wir entwickeln Gesundheitstests zur Selbsteinsch\u00e4tzung, die einfach zu Hause angewendet werden k\u00f6nnen, und bieten ausgew\u00e4hlte Nahrungserg\u00e4nzungsmittel sowie Coaching zu Gesundheit, Ern\u00e4hrung und Fitness an. Wir von cerascreen\u00ae sind der Meinung, dass Sie Ihre Gesundheit selbst in die Hand nehmen k\u00f6nnen sollten: Wissen \u00fcber den eigenen K\u00f6rper, Aneignung&nbsp;<a href=\"https:\/\/bien-etreiris.ch\/de\/unsere-marken\/cerascreen\/\" class=\"read-more\">Weiter lesen<\/a><\/p>\n","protected":false},"author":1,"featured_media":47620,"parent":44406,"menu_order":5392,"comment_status":"closed","ping_status":"closed","template":"page-with-child.php","meta":{"_acf_changed":false,"ngg_post_thumbnail":0,"footnotes":""},"class_list":["post-47625","page","type-page","status-publish","has-post-thumbnail","hentry"],"acf":[],"yoast_head":"<!-- This site is optimized with the Yoast SEO plugin v27.5 - https:\/\/yoast.com\/product\/yoast-seo-wordpress\/ -->\n<title>CERASCREEN - WOHLBEFINDEN<\/title>\n<meta name=\"robots\" content=\"index, follow, max-snippet:-1, max-image-preview:large, max-video-preview:-1\" \/>\n<link rel=\"canonical\" href=\"https:\/\/bien-etreiris.ch\/de\/unsere-marken\/cerascreen\/\" \/>\n<meta property=\"og:locale\" content=\"de_DE\" \/>\n<meta property=\"og:type\" content=\"article\" \/>\n<meta property=\"og:title\" content=\"CERASCREEN - WOHLBEFINDEN\" \/>\n<meta property=\"og:description\" content=\"Cerascreen\u00ae ist ein junges Unternehmen der Gesundheitsbranche mit Sitz in Hamburg und Schwerin. Wir entwickeln Gesundheitstests zur Selbsteinsch\u00e4tzung, die einfach zu Hause angewendet werden k\u00f6nnen, und bieten ausgew\u00e4hlte Nahrungserg\u00e4nzungsmittel sowie Coaching zu Gesundheit, Ern\u00e4hrung und Fitness an. Wir von cerascreen\u00ae sind der Meinung, dass Sie Ihre Gesundheit selbst in die Hand nehmen k\u00f6nnen sollten: Wissen \u00fcber den eigenen K\u00f6rper, Aneignung&nbsp;Weiter lesen\" \/>\n<meta property=\"og:url\" content=\"https:\/\/bien-etreiris.ch\/de\/unsere-marken\/cerascreen\/\" \/>\n<meta property=\"og:site_name\" content=\"WOHLBEFINDEN\" \/>\n<meta property=\"article:publisher\" content=\"https:\/\/www.facebook.com\/bienetreiris\/\" \/>\n<meta property=\"article:modified_time\" content=\"2021-06-07T17:43:20+00:00\" \/>\n<meta property=\"og:image\" content=\"https:\/\/bien-etreiris.ch\/wp-content\/uploads\/2021\/05\/Cerasreen.jpg\" \/>\n\t<meta property=\"og:image:width\" content=\"500\" \/>\n\t<meta property=\"og:image:height\" content=\"334\" \/>\n\t<meta property=\"og:image:type\" content=\"image\/jpeg\" \/>\n<meta name=\"twitter:label1\" content=\"Gesch\u00e4tzte Lesezeit\" \/>\n\t<meta name=\"twitter:data1\" content=\"1\u00a0Minute\" \/>\n<script type=\"application\/ld+json\" class=\"yoast-schema-graph\">{\"@context\":\"https:\\\/\\\/schema.org\",\"@graph\":[{\"@type\":\"WebPage\",\"@id\":\"https:\\\/\\\/bien-etreiris.ch\\\/de\\\/unsere-marken\\\/cerascreen\\\/\",\"url\":\"https:\\\/\\\/bien-etreiris.ch\\\/de\\\/unsere-marken\\\/cerascreen\\\/\",\"name\":\"CERASCREEN - WOHLBEFINDEN\",\"isPartOf\":{\"@id\":\"https:\\\/\\\/bien-etreiris.ch\\\/de\\\/#website\"},\"primaryImageOfPage\":{\"@id\":\"https:\\\/\\\/bien-etreiris.ch\\\/de\\\/unsere-marken\\\/cerascreen\\\/#primaryimage\"},\"image\":{\"@id\":\"https:\\\/\\\/bien-etreiris.ch\\\/de\\\/unsere-marken\\\/cerascreen\\\/#primaryimage\"},\"thumbnailUrl\":\"https:\\\/\\\/bien-etreiris.ch\\\/wp-content\\\/uploads\\\/2021\\\/05\\\/Cerasreen.jpg\",\"datePublished\":\"2021-05-28T05:36:54+00:00\",\"dateModified\":\"2021-06-07T17:43:20+00:00\",\"breadcrumb\":{\"@id\":\"https:\\\/\\\/bien-etreiris.ch\\\/de\\\/unsere-marken\\\/cerascreen\\\/#breadcrumb\"},\"inLanguage\":\"de\",\"potentialAction\":[{\"@type\":\"ReadAction\",\"target\":[\"https:\\\/\\\/bien-etreiris.ch\\\/de\\\/unsere-marken\\\/cerascreen\\\/\"]}]},{\"@type\":\"ImageObject\",\"inLanguage\":\"de\",\"@id\":\"https:\\\/\\\/bien-etreiris.ch\\\/de\\\/unsere-marken\\\/cerascreen\\\/#primaryimage\",\"url\":\"https:\\\/\\\/bien-etreiris.ch\\\/wp-content\\\/uploads\\\/2021\\\/05\\\/Cerasreen.jpg\",\"contentUrl\":\"https:\\\/\\\/bien-etreiris.ch\\\/wp-content\\\/uploads\\\/2021\\\/05\\\/Cerasreen.jpg\",\"width\":500,\"height\":334},{\"@type\":\"BreadcrumbList\",\"@id\":\"https:\\\/\\\/bien-etreiris.ch\\\/de\\\/unsere-marken\\\/cerascreen\\\/#breadcrumb\",\"itemListElement\":[{\"@type\":\"ListItem\",\"position\":1,\"name\":\"Home\",\"item\":\"https:\\\/\\\/bien-etreiris.ch\\\/de\\\/\"},{\"@type\":\"ListItem\",\"position\":2,\"name\":\"UNSERE MARKEN\",\"item\":\"https:\\\/\\\/bien-etreiris.ch\\\/de\\\/unsere-marken\\\/\"},{\"@type\":\"ListItem\",\"position\":3,\"name\":\"CERASCREEN\"}]},{\"@type\":\"WebSite\",\"@id\":\"https:\\\/\\\/bien-etreiris.ch\\\/de\\\/#website\",\"url\":\"https:\\\/\\\/bien-etreiris.ch\\\/de\\\/\",\"name\":\"Bien-\u00eatre Iris\",\"description\":\"IHRE Gesundheit ist uns wichtig\",\"potentialAction\":[{\"@type\":\"SearchAction\",\"target\":{\"@type\":\"EntryPoint\",\"urlTemplate\":\"https:\\\/\\\/bien-etreiris.ch\\\/de\\\/?s={search_term_string}\"},\"query-input\":{\"@type\":\"PropertyValueSpecification\",\"valueRequired\":true,\"valueName\":\"search_term_string\"}}],\"inLanguage\":\"de\"}]}<\/script>\n<!-- \/ Yoast SEO plugin. -->","yoast_head_json":{"title":"CERASCREEN - WOHLBEFINDEN","robots":{"index":"index","follow":"follow","max-snippet":"max-snippet:-1","max-image-preview":"max-image-preview:large","max-video-preview":"max-video-preview:-1"},"canonical":"https:\/\/bien-etreiris.ch\/de\/unsere-marken\/cerascreen\/","og_locale":"de_DE","og_type":"article","og_title":"CERASCREEN - WOHLBEFINDEN","og_description":"Cerascreen\u00ae ist ein junges Unternehmen der Gesundheitsbranche mit Sitz in Hamburg und Schwerin. Wir entwickeln Gesundheitstests zur Selbsteinsch\u00e4tzung, die einfach zu Hause angewendet werden k\u00f6nnen, und bieten ausgew\u00e4hlte Nahrungserg\u00e4nzungsmittel sowie Coaching zu Gesundheit, Ern\u00e4hrung und Fitness an. Wir von cerascreen\u00ae sind der Meinung, dass Sie Ihre Gesundheit selbst in die Hand nehmen k\u00f6nnen sollten: Wissen \u00fcber den eigenen K\u00f6rper, Aneignung&nbsp;Weiter lesen","og_url":"https:\/\/bien-etreiris.ch\/de\/unsere-marken\/cerascreen\/","og_site_name":"WOHLBEFINDEN","article_publisher":"https:\/\/www.facebook.com\/bienetreiris\/","article_modified_time":"2021-06-07T17:43:20+00:00","og_image":[{"width":500,"height":334,"url":"https:\/\/bien-etreiris.ch\/wp-content\/uploads\/2021\/05\/Cerasreen.jpg","type":"image\/jpeg"}],"twitter_misc":{"Gesch\u00e4tzte Lesezeit":"1\u00a0Minute"},"schema":{"@context":"https:\/\/schema.org","@graph":[{"@type":"WebPage","@id":"https:\/\/bien-etreiris.ch\/de\/unsere-marken\/cerascreen\/","url":"https:\/\/bien-etreiris.ch\/de\/unsere-marken\/cerascreen\/","name":"CERASCREEN - WOHLBEFINDEN","isPartOf":{"@id":"https:\/\/bien-etreiris.ch\/de\/#website"},"primaryImageOfPage":{"@id":"https:\/\/bien-etreiris.ch\/de\/unsere-marken\/cerascreen\/#primaryimage"},"image":{"@id":"https:\/\/bien-etreiris.ch\/de\/unsere-marken\/cerascreen\/#primaryimage"},"thumbnailUrl":"https:\/\/bien-etreiris.ch\/wp-content\/uploads\/2021\/05\/Cerasreen.jpg","datePublished":"2021-05-28T05:36:54+00:00","dateModified":"2021-06-07T17:43:20+00:00","breadcrumb":{"@id":"https:\/\/bien-etreiris.ch\/de\/unsere-marken\/cerascreen\/#breadcrumb"},"inLanguage":"de","potentialAction":[{"@type":"ReadAction","target":["https:\/\/bien-etreiris.ch\/de\/unsere-marken\/cerascreen\/"]}]},{"@type":"ImageObject","inLanguage":"de","@id":"https:\/\/bien-etreiris.ch\/de\/unsere-marken\/cerascreen\/#primaryimage","url":"https:\/\/bien-etreiris.ch\/wp-content\/uploads\/2021\/05\/Cerasreen.jpg","contentUrl":"https:\/\/bien-etreiris.ch\/wp-content\/uploads\/2021\/05\/Cerasreen.jpg","width":500,"height":334},{"@type":"BreadcrumbList","@id":"https:\/\/bien-etreiris.ch\/de\/unsere-marken\/cerascreen\/#breadcrumb","itemListElement":[{"@type":"ListItem","position":1,"name":"Home","item":"https:\/\/bien-etreiris.ch\/de\/"},{"@type":"ListItem","position":2,"name":"UNSERE MARKEN","item":"https:\/\/bien-etreiris.ch\/de\/unsere-marken\/"},{"@type":"ListItem","position":3,"name":"CERASCREEN"}]},{"@type":"WebSite","@id":"https:\/\/bien-etreiris.ch\/de\/#website","url":"https:\/\/bien-etreiris.ch\/de\/","name":"Bien-\u00eatre Iris","description":"IHRE Gesundheit ist uns wichtig","potentialAction":[{"@type":"SearchAction","target":{"@type":"EntryPoint","urlTemplate":"https:\/\/bien-etreiris.ch\/de\/?s={search_term_string}"},"query-input":{"@type":"PropertyValueSpecification","valueRequired":true,"valueName":"search_term_string"}}],"inLanguage":"de"}]}},"_links":{"self":[{"href":"https:\/\/bien-etreiris.ch\/de\/wp-json\/wp\/v2\/pages\/47625","targetHints":{"allow":["GET"]}}],"collection":[{"href":"https:\/\/bien-etreiris.ch\/de\/wp-json\/wp\/v2\/pages"}],"about":[{"href":"https:\/\/bien-etreiris.ch\/de\/wp-json\/wp\/v2\/types\/page"}],"author":[{"embeddable":true,"href":"https:\/\/bien-etreiris.ch\/de\/wp-json\/wp\/v2\/users\/1"}],"replies":[{"embeddable":true,"href":"https:\/\/bien-etreiris.ch\/de\/wp-json\/wp\/v2\/comments?post=47625"}],"version-history":[{"count":2,"href":"https:\/\/bien-etreiris.ch\/de\/wp-json\/wp\/v2\/pages\/47625\/revisions"}],"predecessor-version":[{"id":49970,"href":"https:\/\/bien-etreiris.ch\/de\/wp-json\/wp\/v2\/pages\/47625\/revisions\/49970"}],"up":[{"embeddable":true,"href":"https:\/\/bien-etreiris.ch\/de\/wp-json\/wp\/v2\/pages\/44406"}],"wp:featuredmedia":[{"embeddable":true,"href":"https:\/\/bien-etreiris.ch\/de\/wp-json\/wp\/v2\/media\/47620"}],"wp:attachment":[{"href":"https:\/\/bien-etreiris.ch\/de\/wp-json\/wp\/v2\/media?parent=47625"}],"curies":[{"name":"wp","href":"https:\/\/api.w.org\/{rel}","templated":true}]}}