{"id":47569,"date":"2021-05-27T18:02:36","date_gmt":"2021-05-27T16:02:36","guid":{"rendered":"https:\/\/bien-etreiris.ch\/?page_id=47569"},"modified":"2023-12-05T21:48:18","modified_gmt":"2023-12-05T19:48:18","slug":"theme-ektrobiologie","status":"publish","type":"page","link":"https:\/\/bien-etreiris.ch\/de\/ratgeber-klarheit-beratung\/gesunder-lebensstil\/theme-ektrobiologie\/","title":{"rendered":"ELEKTROBIOLOGIE"},"content":{"rendered":"\n<h2>WAS IST ELEKTROSMOG?<\/h2>\n<p>Elektrosmog ist ein Sammelbegriff f\u00fcr alle k\u00fcnstlich erzeugten elektrischen und magnetischen Strahlungen, die \u00fcberall dort auftreten, wo elektrischer Strom fliesst oder eine elektrische Spannung vorhanden ist. In den letzten Jahrzehnten hat die schnell wachsende Elektrifizierung zu einer drastischen Zunahme der St\u00f6rquellen gef\u00fchrt, denen der Mensch t\u00e4glich ausgesetzt ist. Elektrische Hausinstallationen, Strom\u00fcbertragungsleitungen, Sendemasten, Industrieanlagen, Radar, Funkrelais, Mobiltelefone, Radio und Fernsehsendungen und alle Arten von Haushaltsger\u00e4ten sind weit verbreitet. Je nach Intensit\u00e4t der Strahlung und der Empfindlichkeit des Einzelnen kann dies zu einer Beeintr\u00e4chtigung des Wohlbefindens f\u00fchren, die von Schlafst\u00f6rungen bis hin zu irreversiblen Gesundheitssch\u00e4den reicht.<\/p>\n<p><a href=\"https:\/\/decoiris.ch\/wp-content\/uploads\/2020\/08\/acceuil-interieur.jpg\"><img loading=\"lazy\" decoding=\"async\" class=\"alignnone  wp-image-31708\" src=\"https:\/\/decoiris.ch\/wp-content\/uploads\/2020\/08\/acceuil-interieur-300x147.jpg\" alt=\"\" width=\"500\" height=\"245\" srcset=\"https:\/\/bien-etreiris.ch\/wp-content\/uploads\/2020\/08\/acceuil-interieur-300x147.jpg 300w, https:\/\/bien-etreiris.ch\/wp-content\/uploads\/2020\/08\/acceuil-interieur-768x376.jpg 768w, https:\/\/bien-etreiris.ch\/wp-content\/uploads\/2020\/08\/acceuil-interieur-1024x501.jpg 1024w, https:\/\/bien-etreiris.ch\/wp-content\/uploads\/2020\/08\/acceuil-interieur-100x50.jpg 100w, https:\/\/bien-etreiris.ch\/wp-content\/uploads\/2020\/08\/acceuil-interieur.jpg 1920w\" sizes=\"auto, (max-width: 500px) 100vw, 500px\" \/><\/a><\/p>\n<p><br>Wie erkennt man elektromagnetische Strahlung?<\/p>\n<p>Elektromagnetische Felder kann man nicht sehen, f\u00fchlen oder anfassen, aber sie sind immer vorhanden.<br>Wenn diese Felder sichtbar w\u00e4ren, w\u00fcrden wir uns in einem leichten Nebel befinden.<br>Elektrosmog kann mit professionellen Messger\u00e4ten sehr genau nachgewiesen werden. Elektrosmog ist ein physikalisches Ph\u00e4nomen, das erkannt, gemessen, analysiert und gesch\u00fctzt werden kann<\/p>\n<p>&nbsp;<\/p>\n<h4><br>Niedrige Frequenz<\/h4>\n<p>Es werden haupts\u00e4chlich Felder im Frequenzbereich von 0 bis etwa 30 kHz durchgef\u00fchrt. Sie entstehen bei der Erzeugung, \u00dcbertragung und Nutzung von Strom.<br>Einige Beispiele f\u00fcr Quellen sind:.<\/p>\n<ul>\n<li style=\"list-style-type: none;\">\n<ul>\n<li style=\"list-style-type: none;\">\n<ul style=\"list-style-type: disc;\">\n<li>Haushaltsger\u00e4te<\/li>\n<li>Elektrische Installationen im Haushalt, Steigleitungen usw.<\/li>\n<li>Eisenbahnen, S-Bahn, Oberleitungsbusse<\/li>\n<li>Hochspannungsleitungen<\/li>\n<\/ul>\n<\/li>\n<\/ul>\n<\/li>\n<\/ul>\n<p>&nbsp;<\/p>\n<ul>\n<li style=\"list-style-type: none;\">\n<ul style=\"list-style-type: disc;\">\n<li style=\"text-align: left;\">\n<h4>Elektrische Felder (Niederfrequenz)<\/h4>\n<\/li>\n<\/ul>\n<\/li>\n<\/ul>\n<p>In der N\u00e4he von elektrisch geladenen K\u00f6rpern, z. B. in Kabeln oder Stromleitungen, bildet sich ein elektrisches Feld (Kraftfeld).<\/p>\n<ul>\n<li style=\"list-style-type: none;\">\n<ul style=\"list-style-type: disc;\">\n<li>\n<h4>Magnetische Felder (Niederfrequenz)<\/h4>\n<\/li>\n<\/ul>\n<\/li>\n<\/ul>\n<p><br>Wenn Strom durch Dr\u00e4hte oder Kabel flie\u00dft, bilden sich neben elektrischen Feldern auch magnetische Felder (Kraftfelder).<\/p>\n<p>&nbsp;<\/p>\n<h4>Hohe Frequenz<\/h4>\n<p><br>Im Frequenzbereich von etwa 30 kHz bis 300 GHz werden diese als Felder oder Strahlen bezeichnet.<br>Diese elektromagnetischen Strahlen werden in der Regel drahtlos mit Lichtgeschwindigkeit durch die Luft \u00fcbertragen.<br>Einige Beispiele f\u00fcr Quellen sind:<\/p>\n<ul>\n<li style=\"list-style-type: none;\">\n<ul>\n<li style=\"list-style-type: none;\">\n<ul style=\"list-style-type: disc;\">\n<li>Mobiltelefone und Transceiver<\/li>\n<li>Fernsehen, Radio<\/li>\n<li>Radarstrahler (zivile und milit\u00e4rische Flugh\u00e4fen)<\/li>\n<li>Daten\u00fcbertragung und Kommunikation<\/li>\n<li>Industrieanlagen (Schwei\u00dfen und Trocknen)<\/li>\n<li>Luftverkehr (Bordradar und Wetterradar)<\/li>\n<li>Kommunikation \u00fcber Satellit<\/li>\n<\/ul>\n<\/li>\n<\/ul>\n<\/li>\n<\/ul>\n<p>&nbsp;<\/p>\n<ul>\n<li style=\"list-style-type: none;\">\n<ul style=\"list-style-type: disc;\">\n<li>\n<h4>Elektromagnetische Felder (Hochfrequenz)<\/h4>\n<\/li>\n<\/ul>\n<\/li>\n<\/ul>\n<p>Bei hohen Frequenzen verbinden sich elektrische Felder mit magnetischen Feldern, weshalb man von elektromagnetischen Feldern spricht.<\/p>\n<p>&nbsp;<\/p>\n<p>&nbsp;<\/p>\n<h4>Link :<\/h4>\n<h4><em><span style=\"color: #ffcc00;\">zu unseren Produkte die wir in unserem Gesch\u00e4ft Bien-\u00eatre Iris in Neyruz verkaufen<\/span><\/em><\/h4>\n<p>&nbsp;<\/p>\n","protected":false},"excerpt":{"rendered":"<p>WAS IST ELEKTROSMOG? Elektrosmog ist ein Sammelbegriff f\u00fcr alle k\u00fcnstlich erzeugten elektrischen und magnetischen Strahlungen, die \u00fcberall dort auftreten, wo elektrischer Strom fliesst oder eine elektrische Spannung vorhanden ist. In den letzten Jahrzehnten hat die schnell wachsende Elektrifizierung zu einer drastischen Zunahme der St\u00f6rquellen gef\u00fchrt, denen der Mensch t\u00e4glich ausgesetzt ist. Elektrische Hausinstallationen, Strom\u00fcbertragungsleitungen, Sendemasten, Industrieanlagen, Radar, Funkrelais, Mobiltelefone, Radio&nbsp;<a href=\"https:\/\/bien-etreiris.ch\/de\/ratgeber-klarheit-beratung\/gesunder-lebensstil\/theme-ektrobiologie\/\" class=\"read-more\">Weiter lesen<\/a><\/p>\n","protected":false},"author":1,"featured_media":50873,"parent":53129,"menu_order":5396,"comment_status":"closed","ping_status":"closed","template":"page-with-child.php","meta":{"_acf_changed":false,"ngg_post_thumbnail":0,"footnotes":""},"class_list":["post-47569","page","type-page","status-publish","has-post-thumbnail","hentry"],"acf":[],"yoast_head":"<!-- This site is optimized with the Yoast SEO plugin v27.5 - https:\/\/yoast.com\/product\/yoast-seo-wordpress\/ -->\n<title>ELEKTROBIOLOGIE - WOHLBEFINDEN<\/title>\n<meta name=\"robots\" content=\"index, follow, max-snippet:-1, max-image-preview:large, max-video-preview:-1\" \/>\n<link rel=\"canonical\" href=\"https:\/\/bien-etreiris.ch\/de\/ratgeber-klarheit-beratung\/gesunder-lebensstil\/theme-ektrobiologie\/\" \/>\n<meta property=\"og:locale\" content=\"de_DE\" \/>\n<meta property=\"og:type\" content=\"article\" \/>\n<meta property=\"og:title\" content=\"ELEKTROBIOLOGIE - WOHLBEFINDEN\" \/>\n<meta property=\"og:description\" content=\"WAS IST ELEKTROSMOG? Elektrosmog ist ein Sammelbegriff f\u00fcr alle k\u00fcnstlich erzeugten elektrischen und magnetischen Strahlungen, die \u00fcberall dort auftreten, wo elektrischer Strom fliesst oder eine elektrische Spannung vorhanden ist. In den letzten Jahrzehnten hat die schnell wachsende Elektrifizierung zu einer drastischen Zunahme der St\u00f6rquellen gef\u00fchrt, denen der Mensch t\u00e4glich ausgesetzt ist. Elektrische Hausinstallationen, Strom\u00fcbertragungsleitungen, Sendemasten, Industrieanlagen, Radar, Funkrelais, Mobiltelefone, Radio&nbsp;Weiter lesen\" \/>\n<meta property=\"og:url\" content=\"https:\/\/bien-etreiris.ch\/de\/ratgeber-klarheit-beratung\/gesunder-lebensstil\/theme-ektrobiologie\/\" \/>\n<meta property=\"og:site_name\" content=\"WOHLBEFINDEN\" \/>\n<meta property=\"article:publisher\" content=\"https:\/\/www.facebook.com\/bienetreiris\/\" \/>\n<meta property=\"article:modified_time\" content=\"2023-12-05T19:48:18+00:00\" \/>\n<meta property=\"og:image\" content=\"https:\/\/bien-etreiris.ch\/wp-content\/uploads\/2021\/06\/acceuil-theme-electrosmog.jpg\" \/>\n\t<meta property=\"og:image:width\" content=\"500\" \/>\n\t<meta property=\"og:image:height\" content=\"333\" \/>\n\t<meta property=\"og:image:type\" content=\"image\/jpeg\" \/>\n<meta name=\"twitter:label1\" content=\"Gesch\u00e4tzte Lesezeit\" \/>\n\t<meta name=\"twitter:data1\" content=\"3\u00a0Minuten\" \/>\n<script type=\"application\/ld+json\" class=\"yoast-schema-graph\">{\"@context\":\"https:\\\/\\\/schema.org\",\"@graph\":[{\"@type\":\"WebPage\",\"@id\":\"https:\\\/\\\/bien-etreiris.ch\\\/de\\\/ratgeber-klarheit-beratung\\\/gesunder-lebensstil\\\/theme-ektrobiologie\\\/\",\"url\":\"https:\\\/\\\/bien-etreiris.ch\\\/de\\\/ratgeber-klarheit-beratung\\\/gesunder-lebensstil\\\/theme-ektrobiologie\\\/\",\"name\":\"ELEKTROBIOLOGIE - WOHLBEFINDEN\",\"isPartOf\":{\"@id\":\"https:\\\/\\\/bien-etreiris.ch\\\/de\\\/#website\"},\"primaryImageOfPage\":{\"@id\":\"https:\\\/\\\/bien-etreiris.ch\\\/de\\\/ratgeber-klarheit-beratung\\\/gesunder-lebensstil\\\/theme-ektrobiologie\\\/#primaryimage\"},\"image\":{\"@id\":\"https:\\\/\\\/bien-etreiris.ch\\\/de\\\/ratgeber-klarheit-beratung\\\/gesunder-lebensstil\\\/theme-ektrobiologie\\\/#primaryimage\"},\"thumbnailUrl\":\"https:\\\/\\\/bien-etreiris.ch\\\/wp-content\\\/uploads\\\/2021\\\/06\\\/acceuil-theme-electrosmog.jpg\",\"datePublished\":\"2021-05-27T16:02:36+00:00\",\"dateModified\":\"2023-12-05T19:48:18+00:00\",\"breadcrumb\":{\"@id\":\"https:\\\/\\\/bien-etreiris.ch\\\/de\\\/ratgeber-klarheit-beratung\\\/gesunder-lebensstil\\\/theme-ektrobiologie\\\/#breadcrumb\"},\"inLanguage\":\"de\",\"potentialAction\":[{\"@type\":\"ReadAction\",\"target\":[\"https:\\\/\\\/bien-etreiris.ch\\\/de\\\/ratgeber-klarheit-beratung\\\/gesunder-lebensstil\\\/theme-ektrobiologie\\\/\"]}]},{\"@type\":\"ImageObject\",\"inLanguage\":\"de\",\"@id\":\"https:\\\/\\\/bien-etreiris.ch\\\/de\\\/ratgeber-klarheit-beratung\\\/gesunder-lebensstil\\\/theme-ektrobiologie\\\/#primaryimage\",\"url\":\"https:\\\/\\\/bien-etreiris.ch\\\/wp-content\\\/uploads\\\/2021\\\/06\\\/acceuil-theme-electrosmog.jpg\",\"contentUrl\":\"https:\\\/\\\/bien-etreiris.ch\\\/wp-content\\\/uploads\\\/2021\\\/06\\\/acceuil-theme-electrosmog.jpg\",\"width\":500,\"height\":333},{\"@type\":\"BreadcrumbList\",\"@id\":\"https:\\\/\\\/bien-etreiris.ch\\\/de\\\/ratgeber-klarheit-beratung\\\/gesunder-lebensstil\\\/theme-ektrobiologie\\\/#breadcrumb\",\"itemListElement\":[{\"@type\":\"ListItem\",\"position\":1,\"name\":\"Home\",\"item\":\"https:\\\/\\\/bien-etreiris.ch\\\/de\\\/\"},{\"@type\":\"ListItem\",\"position\":2,\"name\":\"RATGEBER &#038; KLARHEIT\",\"item\":\"https:\\\/\\\/bien-etreiris.ch\\\/de\\\/ratgeber-klarheit-beratung\\\/\"},{\"@type\":\"ListItem\",\"position\":3,\"name\":\"GESUNDER LEBENSSTIL\",\"item\":\"https:\\\/\\\/bien-etreiris.ch\\\/de\\\/ratgeber-klarheit-beratung\\\/gesunder-lebensstil\\\/\"},{\"@type\":\"ListItem\",\"position\":4,\"name\":\"ELEKTROBIOLOGIE\"}]},{\"@type\":\"WebSite\",\"@id\":\"https:\\\/\\\/bien-etreiris.ch\\\/de\\\/#website\",\"url\":\"https:\\\/\\\/bien-etreiris.ch\\\/de\\\/\",\"name\":\"Bien-\u00eatre Iris\",\"description\":\"IHRE Gesundheit ist uns wichtig\",\"potentialAction\":[{\"@type\":\"SearchAction\",\"target\":{\"@type\":\"EntryPoint\",\"urlTemplate\":\"https:\\\/\\\/bien-etreiris.ch\\\/de\\\/?s={search_term_string}\"},\"query-input\":{\"@type\":\"PropertyValueSpecification\",\"valueRequired\":true,\"valueName\":\"search_term_string\"}}],\"inLanguage\":\"de\"}]}<\/script>\n<!-- \/ Yoast SEO plugin. -->","yoast_head_json":{"title":"ELEKTROBIOLOGIE - WOHLBEFINDEN","robots":{"index":"index","follow":"follow","max-snippet":"max-snippet:-1","max-image-preview":"max-image-preview:large","max-video-preview":"max-video-preview:-1"},"canonical":"https:\/\/bien-etreiris.ch\/de\/ratgeber-klarheit-beratung\/gesunder-lebensstil\/theme-ektrobiologie\/","og_locale":"de_DE","og_type":"article","og_title":"ELEKTROBIOLOGIE - WOHLBEFINDEN","og_description":"WAS IST ELEKTROSMOG? Elektrosmog ist ein Sammelbegriff f\u00fcr alle k\u00fcnstlich erzeugten elektrischen und magnetischen Strahlungen, die \u00fcberall dort auftreten, wo elektrischer Strom fliesst oder eine elektrische Spannung vorhanden ist. In den letzten Jahrzehnten hat die schnell wachsende Elektrifizierung zu einer drastischen Zunahme der St\u00f6rquellen gef\u00fchrt, denen der Mensch t\u00e4glich ausgesetzt ist. Elektrische Hausinstallationen, Strom\u00fcbertragungsleitungen, Sendemasten, Industrieanlagen, Radar, Funkrelais, Mobiltelefone, Radio&nbsp;Weiter lesen","og_url":"https:\/\/bien-etreiris.ch\/de\/ratgeber-klarheit-beratung\/gesunder-lebensstil\/theme-ektrobiologie\/","og_site_name":"WOHLBEFINDEN","article_publisher":"https:\/\/www.facebook.com\/bienetreiris\/","article_modified_time":"2023-12-05T19:48:18+00:00","og_image":[{"width":500,"height":333,"url":"https:\/\/bien-etreiris.ch\/wp-content\/uploads\/2021\/06\/acceuil-theme-electrosmog.jpg","type":"image\/jpeg"}],"twitter_misc":{"Gesch\u00e4tzte Lesezeit":"3\u00a0Minuten"},"schema":{"@context":"https:\/\/schema.org","@graph":[{"@type":"WebPage","@id":"https:\/\/bien-etreiris.ch\/de\/ratgeber-klarheit-beratung\/gesunder-lebensstil\/theme-ektrobiologie\/","url":"https:\/\/bien-etreiris.ch\/de\/ratgeber-klarheit-beratung\/gesunder-lebensstil\/theme-ektrobiologie\/","name":"ELEKTROBIOLOGIE - WOHLBEFINDEN","isPartOf":{"@id":"https:\/\/bien-etreiris.ch\/de\/#website"},"primaryImageOfPage":{"@id":"https:\/\/bien-etreiris.ch\/de\/ratgeber-klarheit-beratung\/gesunder-lebensstil\/theme-ektrobiologie\/#primaryimage"},"image":{"@id":"https:\/\/bien-etreiris.ch\/de\/ratgeber-klarheit-beratung\/gesunder-lebensstil\/theme-ektrobiologie\/#primaryimage"},"thumbnailUrl":"https:\/\/bien-etreiris.ch\/wp-content\/uploads\/2021\/06\/acceuil-theme-electrosmog.jpg","datePublished":"2021-05-27T16:02:36+00:00","dateModified":"2023-12-05T19:48:18+00:00","breadcrumb":{"@id":"https:\/\/bien-etreiris.ch\/de\/ratgeber-klarheit-beratung\/gesunder-lebensstil\/theme-ektrobiologie\/#breadcrumb"},"inLanguage":"de","potentialAction":[{"@type":"ReadAction","target":["https:\/\/bien-etreiris.ch\/de\/ratgeber-klarheit-beratung\/gesunder-lebensstil\/theme-ektrobiologie\/"]}]},{"@type":"ImageObject","inLanguage":"de","@id":"https:\/\/bien-etreiris.ch\/de\/ratgeber-klarheit-beratung\/gesunder-lebensstil\/theme-ektrobiologie\/#primaryimage","url":"https:\/\/bien-etreiris.ch\/wp-content\/uploads\/2021\/06\/acceuil-theme-electrosmog.jpg","contentUrl":"https:\/\/bien-etreiris.ch\/wp-content\/uploads\/2021\/06\/acceuil-theme-electrosmog.jpg","width":500,"height":333},{"@type":"BreadcrumbList","@id":"https:\/\/bien-etreiris.ch\/de\/ratgeber-klarheit-beratung\/gesunder-lebensstil\/theme-ektrobiologie\/#breadcrumb","itemListElement":[{"@type":"ListItem","position":1,"name":"Home","item":"https:\/\/bien-etreiris.ch\/de\/"},{"@type":"ListItem","position":2,"name":"RATGEBER &#038; KLARHEIT","item":"https:\/\/bien-etreiris.ch\/de\/ratgeber-klarheit-beratung\/"},{"@type":"ListItem","position":3,"name":"GESUNDER LEBENSSTIL","item":"https:\/\/bien-etreiris.ch\/de\/ratgeber-klarheit-beratung\/gesunder-lebensstil\/"},{"@type":"ListItem","position":4,"name":"ELEKTROBIOLOGIE"}]},{"@type":"WebSite","@id":"https:\/\/bien-etreiris.ch\/de\/#website","url":"https:\/\/bien-etreiris.ch\/de\/","name":"Bien-\u00eatre Iris","description":"IHRE Gesundheit ist uns wichtig","potentialAction":[{"@type":"SearchAction","target":{"@type":"EntryPoint","urlTemplate":"https:\/\/bien-etreiris.ch\/de\/?s={search_term_string}"},"query-input":{"@type":"PropertyValueSpecification","valueRequired":true,"valueName":"search_term_string"}}],"inLanguage":"de"}]}},"_links":{"self":[{"href":"https:\/\/bien-etreiris.ch\/de\/wp-json\/wp\/v2\/pages\/47569","targetHints":{"allow":["GET"]}}],"collection":[{"href":"https:\/\/bien-etreiris.ch\/de\/wp-json\/wp\/v2\/pages"}],"about":[{"href":"https:\/\/bien-etreiris.ch\/de\/wp-json\/wp\/v2\/types\/page"}],"author":[{"embeddable":true,"href":"https:\/\/bien-etreiris.ch\/de\/wp-json\/wp\/v2\/users\/1"}],"replies":[{"embeddable":true,"href":"https:\/\/bien-etreiris.ch\/de\/wp-json\/wp\/v2\/comments?post=47569"}],"version-history":[{"count":12,"href":"https:\/\/bien-etreiris.ch\/de\/wp-json\/wp\/v2\/pages\/47569\/revisions"}],"predecessor-version":[{"id":81660,"href":"https:\/\/bien-etreiris.ch\/de\/wp-json\/wp\/v2\/pages\/47569\/revisions\/81660"}],"up":[{"embeddable":true,"href":"https:\/\/bien-etreiris.ch\/de\/wp-json\/wp\/v2\/pages\/53129"}],"wp:featuredmedia":[{"embeddable":true,"href":"https:\/\/bien-etreiris.ch\/de\/wp-json\/wp\/v2\/media\/50873"}],"wp:attachment":[{"href":"https:\/\/bien-etreiris.ch\/de\/wp-json\/wp\/v2\/media?parent=47569"}],"curies":[{"name":"wp","href":"https:\/\/api.w.org\/{rel}","templated":true}]}}