{"id":47539,"date":"2021-05-25T14:08:31","date_gmt":"2021-05-25T12:08:31","guid":{"rendered":"https:\/\/bien-etreiris.ch\/produkt-prasentationen\/gesundes-leben\/gesunde-nahrungsmittel\/eingemachtes\/champignons\/"},"modified":"2021-06-08T15:52:42","modified_gmt":"2021-06-08T13:52:42","slug":"pilze","status":"publish","type":"page","link":"https:\/\/bien-etreiris.ch\/de\/produktpraesentation\/gesundes-leben\/gesunde-lebensmittel\/eingemachtes\/pilze\/","title":{"rendered":"PILZE"},"content":{"rendered":"\n<h2>Champignonk\u00f6pfe<\/h2>\n<h4><a href=\"https:\/\/bien-etreiris.ch\/wp-content\/uploads\/2021\/05\/Champignons.png\"><img loading=\"lazy\" decoding=\"async\" class=\"alignleft wp-image-46976 \" src=\"https:\/\/bien-etreiris.ch\/wp-content\/uploads\/2021\/05\/Champignons.png\" alt=\"\" width=\"385\" height=\"473\" srcset=\"https:\/\/bien-etreiris.ch\/wp-content\/uploads\/2021\/05\/Champignons.png 417w, https:\/\/bien-etreiris.ch\/wp-content\/uploads\/2021\/05\/Champignons-244x300.png 244w\" sizes=\"auto, (max-width: 385px) 100vw, 385px\" \/><\/a><\/h4>\n<h4>&nbsp;<\/h4>\n<h4>&nbsp;<\/h4>\n<h4>&nbsp;<\/h4>\n<h4>&nbsp;<\/h4>\n<h4>&nbsp;<\/h4>\n<h4>Marchland<\/h4>\n<p>Frisch geerntete Bio-Pilze. Ausreichend und Glas erhalten. F\u00fcr Ihre Pizzen, Suppen, Saucen und deftigen Gerichte der Bio-K\u00fcche<\/p>\n<p>Fassungsverm\u00f6gen: 330 ml - Nettoabtropfgewicht: 170 g<\/p>\n<p>1 St\u00fcck<strong> CHF 3.50<\/strong><\/p>\n<p>&nbsp;<\/p>\n<p>&nbsp;<\/p>\n<p>&nbsp;<\/p>\n<p>&nbsp;<\/p>\n<p class=\"translation_desc\">&nbsp;<\/p>\n<p>&nbsp;<\/p>\n<div class=\"products_block_inner\">\n<h4><br>Beschreibung<\/h4>\n<p>So werden die Mushrooms hergestellt: Frisch geerntete Pilze werden gewaschen, blanchiert und in Gl\u00e4ser geschnitten, mit Wasser gef\u00fcllt und in einem hermetisch verschlossenen Beh\u00e4lter sterilisiert und konserviert. Deutsches Rohmaterial<\/p>\n<h4>Inhaltsstoffe<\/h4>\n<p>Champignons*, Wasser, Salz, S\u00e4uerungsmittel: Zitronens\u00e4ure, Antioxidationsmittel: Ascorbins\u00e4ure.<\/p>\n<p>*aus kontrolliert biologischem Anbau<\/p>\n<br>\n<div class=\"product-description\">\n<p>&nbsp;<\/p>\n<p><br>N\u00e4hrwert- &amp; Analyseergebnisse in Bezug auf 100 ml (Abtropfgewicht)<br>Energie: 75 kJ \/ 18 kcal<br>Fett: 0,2 g<br>- davon ges\u00e4ttigte Fetts\u00e4uren: &lt;0,1 g<br>Kohlenhydrate: 1 g<br>- davon Zucker: 0,5 g<br>Eiwei\u00df: 3 g<br>Salz: 0,9 g<\/p>\n<p>&nbsp;<\/p>\n<h4><br>Verpackung<\/h4>\n<p>Plastik-frei, weil in der Verpackung Glas.<\/p>\n<p>Hinweis: Damit das Glas auf dem Weg zu Ihnen nicht bricht, befestigen wir uns an den Pilzen besonders gut. Hier kann es vorkommen, dass der verwendete Kunststoff. Wir sind beim Versand darauf bedacht, so wird es wieder Kunststoff, auf die Verwendung von Verpackungsmaterialien zu verzichten, Emissionen auf uns.<\/p>\n<\/div>\n<\/div>\n","protected":false},"excerpt":{"rendered":"<p>Champignonk\u00f6pfe &nbsp; &nbsp; &nbsp; &nbsp; &nbsp; Marchland Frisch geerntete Bio-Pilze. Ausreichend und Glas erhalten. F\u00fcr Ihre Pizzen, Suppen, Saucen und deftigen Gerichte der Bio-K\u00fcche Fassungsverm\u00f6gen: 330 ml - Nettoabtropfgewicht: 170 g 1 St\u00fcck CHF 3.50 &nbsp; &nbsp; &nbsp; &nbsp; &nbsp; &nbsp; Beschreibung So werden die Mushrooms hergestellt: Frisch geerntete Pilze werden gewaschen, blanchiert und in Gl\u00e4ser geschnitten, mit Wasser gef\u00fcllt&nbsp;<a href=\"https:\/\/bien-etreiris.ch\/de\/produktpraesentation\/gesundes-leben\/gesunde-lebensmittel\/eingemachtes\/pilze\/\" class=\"read-more\">Weiter lesen<\/a><\/p>\n","protected":false},"author":1,"featured_media":46973,"parent":46689,"menu_order":5453,"comment_status":"closed","ping_status":"closed","template":"page-with-child.php","meta":{"_acf_changed":false,"ngg_post_thumbnail":0,"footnotes":""},"class_list":["post-47539","page","type-page","status-publish","has-post-thumbnail","hentry"],"acf":[],"yoast_head":"<!-- This site is optimized with the Yoast SEO plugin v27.5 - https:\/\/yoast.com\/product\/yoast-seo-wordpress\/ -->\n<title>PILZE - WOHLBEFINDEN<\/title>\n<meta name=\"robots\" content=\"index, follow, max-snippet:-1, max-image-preview:large, max-video-preview:-1\" \/>\n<link rel=\"canonical\" href=\"https:\/\/bien-etreiris.ch\/de\/produktpraesentation\/gesundes-leben\/gesunde-lebensmittel\/eingemachtes\/pilze\/\" \/>\n<meta property=\"og:locale\" content=\"de_DE\" \/>\n<meta property=\"og:type\" content=\"article\" \/>\n<meta property=\"og:title\" content=\"PILZE - WOHLBEFINDEN\" \/>\n<meta property=\"og:description\" content=\"Champignonk\u00f6pfe &nbsp; &nbsp; &nbsp; &nbsp; &nbsp; Marchland Frisch geerntete Bio-Pilze. Ausreichend und Glas erhalten. F\u00fcr Ihre Pizzen, Suppen, Saucen und deftigen Gerichte der Bio-K\u00fcche Fassungsverm\u00f6gen: 330 ml - Nettoabtropfgewicht: 170 g 1 St\u00fcck CHF 3.50 &nbsp; &nbsp; &nbsp; &nbsp; &nbsp; &nbsp; Beschreibung So werden die Mushrooms hergestellt: Frisch geerntete Pilze werden gewaschen, blanchiert und in Gl\u00e4ser geschnitten, mit Wasser gef\u00fcllt&nbsp;Weiter lesen\" \/>\n<meta property=\"og:url\" content=\"https:\/\/bien-etreiris.ch\/de\/produktpraesentation\/gesundes-leben\/gesunde-lebensmittel\/eingemachtes\/pilze\/\" \/>\n<meta property=\"og:site_name\" content=\"WOHLBEFINDEN\" \/>\n<meta property=\"article:publisher\" content=\"https:\/\/www.facebook.com\/bienetreiris\/\" \/>\n<meta property=\"article:modified_time\" content=\"2021-06-08T13:52:42+00:00\" \/>\n<meta property=\"og:image\" content=\"https:\/\/bien-etreiris.ch\/wp-content\/uploads\/2021\/05\/acceuil-champignons.jpg\" \/>\n\t<meta property=\"og:image:width\" content=\"500\" \/>\n\t<meta property=\"og:image:height\" content=\"333\" \/>\n\t<meta property=\"og:image:type\" content=\"image\/jpeg\" \/>\n<meta name=\"twitter:label1\" content=\"Gesch\u00e4tzte Lesezeit\" \/>\n\t<meta name=\"twitter:data1\" content=\"1\u00a0Minute\" \/>\n<script type=\"application\/ld+json\" class=\"yoast-schema-graph\">{\"@context\":\"https:\\\/\\\/schema.org\",\"@graph\":[{\"@type\":\"WebPage\",\"@id\":\"https:\\\/\\\/bien-etreiris.ch\\\/de\\\/produktpraesentation\\\/gesundes-leben\\\/gesunde-lebensmittel\\\/eingemachtes\\\/pilze\\\/\",\"url\":\"https:\\\/\\\/bien-etreiris.ch\\\/de\\\/produktpraesentation\\\/gesundes-leben\\\/gesunde-lebensmittel\\\/eingemachtes\\\/pilze\\\/\",\"name\":\"PILZE - WOHLBEFINDEN\",\"isPartOf\":{\"@id\":\"https:\\\/\\\/bien-etreiris.ch\\\/de\\\/#website\"},\"primaryImageOfPage\":{\"@id\":\"https:\\\/\\\/bien-etreiris.ch\\\/de\\\/produktpraesentation\\\/gesundes-leben\\\/gesunde-lebensmittel\\\/eingemachtes\\\/pilze\\\/#primaryimage\"},\"image\":{\"@id\":\"https:\\\/\\\/bien-etreiris.ch\\\/de\\\/produktpraesentation\\\/gesundes-leben\\\/gesunde-lebensmittel\\\/eingemachtes\\\/pilze\\\/#primaryimage\"},\"thumbnailUrl\":\"https:\\\/\\\/bien-etreiris.ch\\\/wp-content\\\/uploads\\\/2021\\\/05\\\/acceuil-champignons.jpg\",\"datePublished\":\"2021-05-25T12:08:31+00:00\",\"dateModified\":\"2021-06-08T13:52:42+00:00\",\"breadcrumb\":{\"@id\":\"https:\\\/\\\/bien-etreiris.ch\\\/de\\\/produktpraesentation\\\/gesundes-leben\\\/gesunde-lebensmittel\\\/eingemachtes\\\/pilze\\\/#breadcrumb\"},\"inLanguage\":\"de\",\"potentialAction\":[{\"@type\":\"ReadAction\",\"target\":[\"https:\\\/\\\/bien-etreiris.ch\\\/de\\\/produktpraesentation\\\/gesundes-leben\\\/gesunde-lebensmittel\\\/eingemachtes\\\/pilze\\\/\"]}]},{\"@type\":\"ImageObject\",\"inLanguage\":\"de\",\"@id\":\"https:\\\/\\\/bien-etreiris.ch\\\/de\\\/produktpraesentation\\\/gesundes-leben\\\/gesunde-lebensmittel\\\/eingemachtes\\\/pilze\\\/#primaryimage\",\"url\":\"https:\\\/\\\/bien-etreiris.ch\\\/wp-content\\\/uploads\\\/2021\\\/05\\\/acceuil-champignons.jpg\",\"contentUrl\":\"https:\\\/\\\/bien-etreiris.ch\\\/wp-content\\\/uploads\\\/2021\\\/05\\\/acceuil-champignons.jpg\",\"width\":500,\"height\":333},{\"@type\":\"BreadcrumbList\",\"@id\":\"https:\\\/\\\/bien-etreiris.ch\\\/de\\\/produktpraesentation\\\/gesundes-leben\\\/gesunde-lebensmittel\\\/eingemachtes\\\/pilze\\\/#breadcrumb\",\"itemListElement\":[{\"@type\":\"ListItem\",\"position\":1,\"name\":\"Home\",\"item\":\"https:\\\/\\\/bien-etreiris.ch\\\/de\\\/\"},{\"@type\":\"ListItem\",\"position\":2,\"name\":\"PRODUKTPR\u00c4SENTATION\",\"item\":\"https:\\\/\\\/bien-etreiris.ch\\\/de\\\/produktpraesentation\\\/\"},{\"@type\":\"ListItem\",\"position\":3,\"name\":\"GESUNDES LEBEN\",\"item\":\"https:\\\/\\\/bien-etreiris.ch\\\/de\\\/produktpraesentation\\\/gesundes-leben\\\/\"},{\"@type\":\"ListItem\",\"position\":4,\"name\":\"GESUNDE LEBENSMITTEL\",\"item\":\"https:\\\/\\\/bien-etreiris.ch\\\/de\\\/produktpraesentation\\\/gesundes-leben\\\/gesunde-lebensmittel\\\/\"},{\"@type\":\"ListItem\",\"position\":5,\"name\":\"EINGEMACHTES\",\"item\":\"https:\\\/\\\/bien-etreiris.ch\\\/de\\\/produktpraesentation\\\/gesundes-leben\\\/gesunde-lebensmittel\\\/eingemachtes\\\/\"},{\"@type\":\"ListItem\",\"position\":6,\"name\":\"PILZE\"}]},{\"@type\":\"WebSite\",\"@id\":\"https:\\\/\\\/bien-etreiris.ch\\\/de\\\/#website\",\"url\":\"https:\\\/\\\/bien-etreiris.ch\\\/de\\\/\",\"name\":\"Bien-\u00eatre Iris\",\"description\":\"IHRE Gesundheit ist uns wichtig\",\"potentialAction\":[{\"@type\":\"SearchAction\",\"target\":{\"@type\":\"EntryPoint\",\"urlTemplate\":\"https:\\\/\\\/bien-etreiris.ch\\\/de\\\/?s={search_term_string}\"},\"query-input\":{\"@type\":\"PropertyValueSpecification\",\"valueRequired\":true,\"valueName\":\"search_term_string\"}}],\"inLanguage\":\"de\"}]}<\/script>\n<!-- \/ Yoast SEO plugin. -->","yoast_head_json":{"title":"PILZE - WOHLBEFINDEN","robots":{"index":"index","follow":"follow","max-snippet":"max-snippet:-1","max-image-preview":"max-image-preview:large","max-video-preview":"max-video-preview:-1"},"canonical":"https:\/\/bien-etreiris.ch\/de\/produktpraesentation\/gesundes-leben\/gesunde-lebensmittel\/eingemachtes\/pilze\/","og_locale":"de_DE","og_type":"article","og_title":"PILZE - WOHLBEFINDEN","og_description":"Champignonk\u00f6pfe &nbsp; &nbsp; &nbsp; &nbsp; &nbsp; Marchland Frisch geerntete Bio-Pilze. Ausreichend und Glas erhalten. F\u00fcr Ihre Pizzen, Suppen, Saucen und deftigen Gerichte der Bio-K\u00fcche Fassungsverm\u00f6gen: 330 ml - Nettoabtropfgewicht: 170 g 1 St\u00fcck CHF 3.50 &nbsp; &nbsp; &nbsp; &nbsp; &nbsp; &nbsp; Beschreibung So werden die Mushrooms hergestellt: Frisch geerntete Pilze werden gewaschen, blanchiert und in Gl\u00e4ser geschnitten, mit Wasser gef\u00fcllt&nbsp;Weiter lesen","og_url":"https:\/\/bien-etreiris.ch\/de\/produktpraesentation\/gesundes-leben\/gesunde-lebensmittel\/eingemachtes\/pilze\/","og_site_name":"WOHLBEFINDEN","article_publisher":"https:\/\/www.facebook.com\/bienetreiris\/","article_modified_time":"2021-06-08T13:52:42+00:00","og_image":[{"width":500,"height":333,"url":"https:\/\/bien-etreiris.ch\/wp-content\/uploads\/2021\/05\/acceuil-champignons.jpg","type":"image\/jpeg"}],"twitter_misc":{"Gesch\u00e4tzte Lesezeit":"1\u00a0Minute"},"schema":{"@context":"https:\/\/schema.org","@graph":[{"@type":"WebPage","@id":"https:\/\/bien-etreiris.ch\/de\/produktpraesentation\/gesundes-leben\/gesunde-lebensmittel\/eingemachtes\/pilze\/","url":"https:\/\/bien-etreiris.ch\/de\/produktpraesentation\/gesundes-leben\/gesunde-lebensmittel\/eingemachtes\/pilze\/","name":"PILZE - WOHLBEFINDEN","isPartOf":{"@id":"https:\/\/bien-etreiris.ch\/de\/#website"},"primaryImageOfPage":{"@id":"https:\/\/bien-etreiris.ch\/de\/produktpraesentation\/gesundes-leben\/gesunde-lebensmittel\/eingemachtes\/pilze\/#primaryimage"},"image":{"@id":"https:\/\/bien-etreiris.ch\/de\/produktpraesentation\/gesundes-leben\/gesunde-lebensmittel\/eingemachtes\/pilze\/#primaryimage"},"thumbnailUrl":"https:\/\/bien-etreiris.ch\/wp-content\/uploads\/2021\/05\/acceuil-champignons.jpg","datePublished":"2021-05-25T12:08:31+00:00","dateModified":"2021-06-08T13:52:42+00:00","breadcrumb":{"@id":"https:\/\/bien-etreiris.ch\/de\/produktpraesentation\/gesundes-leben\/gesunde-lebensmittel\/eingemachtes\/pilze\/#breadcrumb"},"inLanguage":"de","potentialAction":[{"@type":"ReadAction","target":["https:\/\/bien-etreiris.ch\/de\/produktpraesentation\/gesundes-leben\/gesunde-lebensmittel\/eingemachtes\/pilze\/"]}]},{"@type":"ImageObject","inLanguage":"de","@id":"https:\/\/bien-etreiris.ch\/de\/produktpraesentation\/gesundes-leben\/gesunde-lebensmittel\/eingemachtes\/pilze\/#primaryimage","url":"https:\/\/bien-etreiris.ch\/wp-content\/uploads\/2021\/05\/acceuil-champignons.jpg","contentUrl":"https:\/\/bien-etreiris.ch\/wp-content\/uploads\/2021\/05\/acceuil-champignons.jpg","width":500,"height":333},{"@type":"BreadcrumbList","@id":"https:\/\/bien-etreiris.ch\/de\/produktpraesentation\/gesundes-leben\/gesunde-lebensmittel\/eingemachtes\/pilze\/#breadcrumb","itemListElement":[{"@type":"ListItem","position":1,"name":"Home","item":"https:\/\/bien-etreiris.ch\/de\/"},{"@type":"ListItem","position":2,"name":"PRODUKTPR\u00c4SENTATION","item":"https:\/\/bien-etreiris.ch\/de\/produktpraesentation\/"},{"@type":"ListItem","position":3,"name":"GESUNDES LEBEN","item":"https:\/\/bien-etreiris.ch\/de\/produktpraesentation\/gesundes-leben\/"},{"@type":"ListItem","position":4,"name":"GESUNDE LEBENSMITTEL","item":"https:\/\/bien-etreiris.ch\/de\/produktpraesentation\/gesundes-leben\/gesunde-lebensmittel\/"},{"@type":"ListItem","position":5,"name":"EINGEMACHTES","item":"https:\/\/bien-etreiris.ch\/de\/produktpraesentation\/gesundes-leben\/gesunde-lebensmittel\/eingemachtes\/"},{"@type":"ListItem","position":6,"name":"PILZE"}]},{"@type":"WebSite","@id":"https:\/\/bien-etreiris.ch\/de\/#website","url":"https:\/\/bien-etreiris.ch\/de\/","name":"Bien-\u00eatre Iris","description":"IHRE Gesundheit ist uns wichtig","potentialAction":[{"@type":"SearchAction","target":{"@type":"EntryPoint","urlTemplate":"https:\/\/bien-etreiris.ch\/de\/?s={search_term_string}"},"query-input":{"@type":"PropertyValueSpecification","valueRequired":true,"valueName":"search_term_string"}}],"inLanguage":"de"}]}},"_links":{"self":[{"href":"https:\/\/bien-etreiris.ch\/de\/wp-json\/wp\/v2\/pages\/47539","targetHints":{"allow":["GET"]}}],"collection":[{"href":"https:\/\/bien-etreiris.ch\/de\/wp-json\/wp\/v2\/pages"}],"about":[{"href":"https:\/\/bien-etreiris.ch\/de\/wp-json\/wp\/v2\/types\/page"}],"author":[{"embeddable":true,"href":"https:\/\/bien-etreiris.ch\/de\/wp-json\/wp\/v2\/users\/1"}],"replies":[{"embeddable":true,"href":"https:\/\/bien-etreiris.ch\/de\/wp-json\/wp\/v2\/comments?post=47539"}],"version-history":[{"count":4,"href":"https:\/\/bien-etreiris.ch\/de\/wp-json\/wp\/v2\/pages\/47539\/revisions"}],"predecessor-version":[{"id":50061,"href":"https:\/\/bien-etreiris.ch\/de\/wp-json\/wp\/v2\/pages\/47539\/revisions\/50061"}],"up":[{"embeddable":true,"href":"https:\/\/bien-etreiris.ch\/de\/wp-json\/wp\/v2\/pages\/46689"}],"wp:featuredmedia":[{"embeddable":true,"href":"https:\/\/bien-etreiris.ch\/de\/wp-json\/wp\/v2\/media\/46973"}],"wp:attachment":[{"href":"https:\/\/bien-etreiris.ch\/de\/wp-json\/wp\/v2\/media?parent=47539"}],"curies":[{"name":"wp","href":"https:\/\/api.w.org\/{rel}","templated":true}]}}