{"id":47328,"date":"2021-05-26T17:00:01","date_gmt":"2021-05-26T15:00:01","guid":{"rendered":"https:\/\/bien-etreiris.ch\/?page_id=47328"},"modified":"2021-06-08T17:42:22","modified_gmt":"2021-06-08T15:42:22","slug":"plural","status":"publish","type":"page","link":"https:\/\/bien-etreiris.ch\/de\/unsere-marken\/plural\/","title":{"rendered":"PLURAL"},"content":{"rendered":"\n<h2>Plural<\/h2>\n<p>Die Pioniere der Bio-Lebensmittel<\/p>\n<p>Die Marke Pural ist stolz auf ihre lange Geschichte. Es begann Anfang des 20. Jahrhunderts in der B\u00e4ckerei von Arnold Roth, der von der Reformationsbewegung beeinflusst und von deren vision\u00e4ren Grunds\u00e4tzen einer gesunden und vegetarischen Ern\u00e4hrung durchdrungen war.<\/p>\n<p>Ebenfalls in den 1920er Jahren formulierte Rudolf Steiner die Demeter-Methode der biologisch-dynamischen Landwirtschaft, die auf anthroposophischen Grunds\u00e4tzen beruht.<\/p>\n<p>\"Wir entwickeln unsere Marke Pural und jedes neue Produkt, indem wir den Grundwerten der Marke treu bleiben: \"gesunde Ern\u00e4hrung\" und Qualit\u00e4t anzubieten.\"<br>Ulrike Claus, Gesch\u00e4ftsf\u00fchrerin von Pural<\/p>\n<p>&nbsp;<\/p>\n<p>&nbsp;<\/p>\n<h2><a href=\"https:\/\/bien-etreiris.ch\/de\/produktpraesentation\/gesundes-leben\/gesunde-nahrungsmittel\/superfoods-lebensmittel\/koernrer\/kuerbiskerne\/\" target=\"_blank\" rel=\"noopener\">K\u00dcRBISKERNE<\/a><\/h2>\n","protected":false},"excerpt":{"rendered":"<p>Plural Die Pioniere der Bio-Lebensmittel Die Marke Pural ist stolz auf ihre lange Geschichte. Es begann Anfang des 20. Jahrhunderts in der B\u00e4ckerei von Arnold Roth, der von der Reformationsbewegung beeinflusst und von deren vision\u00e4ren Grunds\u00e4tzen einer gesunden und vegetarischen Ern\u00e4hrung durchdrungen war. Ebenfalls in den 1920er Jahren formulierte Rudolf Steiner die Demeter-Methode der biologisch-dynamischen Landwirtschaft, die auf anthroposophischen Grunds\u00e4tzen&nbsp;<a href=\"https:\/\/bien-etreiris.ch\/de\/unsere-marken\/plural\/\" class=\"read-more\">Weiter lesen<\/a><\/p>\n","protected":false},"author":1,"featured_media":47326,"parent":44406,"menu_order":5401,"comment_status":"closed","ping_status":"closed","template":"page-with-child.php","meta":{"_acf_changed":false,"ngg_post_thumbnail":0,"footnotes":""},"class_list":["post-47328","page","type-page","status-publish","has-post-thumbnail","hentry"],"acf":[],"yoast_head":"<!-- This site is optimized with the Yoast SEO plugin v27.4 - https:\/\/yoast.com\/product\/yoast-seo-wordpress\/ -->\n<title>PLURAL - WOHLBEFINDEN<\/title>\n<meta name=\"robots\" content=\"index, follow, max-snippet:-1, max-image-preview:large, max-video-preview:-1\" \/>\n<link rel=\"canonical\" href=\"https:\/\/bien-etreiris.ch\/de\/unsere-marken\/plural\/\" \/>\n<meta property=\"og:locale\" content=\"de_DE\" \/>\n<meta property=\"og:type\" content=\"article\" \/>\n<meta property=\"og:title\" content=\"PLURAL - WOHLBEFINDEN\" \/>\n<meta property=\"og:description\" content=\"Plural Die Pioniere der Bio-Lebensmittel Die Marke Pural ist stolz auf ihre lange Geschichte. Es begann Anfang des 20. Jahrhunderts in der B\u00e4ckerei von Arnold Roth, der von der Reformationsbewegung beeinflusst und von deren vision\u00e4ren Grunds\u00e4tzen einer gesunden und vegetarischen Ern\u00e4hrung durchdrungen war. Ebenfalls in den 1920er Jahren formulierte Rudolf Steiner die Demeter-Methode der biologisch-dynamischen Landwirtschaft, die auf anthroposophischen Grunds\u00e4tzen&nbsp;Weiter lesen\" \/>\n<meta property=\"og:url\" content=\"https:\/\/bien-etreiris.ch\/de\/unsere-marken\/plural\/\" \/>\n<meta property=\"og:site_name\" content=\"WOHLBEFINDEN\" \/>\n<meta property=\"article:publisher\" content=\"https:\/\/www.facebook.com\/bienetreiris\/\" \/>\n<meta property=\"article:modified_time\" content=\"2021-06-08T15:42:22+00:00\" \/>\n<meta property=\"og:image\" content=\"https:\/\/bien-etreiris.ch\/wp-content\/uploads\/2021\/05\/Plural.jpg\" \/>\n\t<meta property=\"og:image:width\" content=\"500\" \/>\n\t<meta property=\"og:image:height\" content=\"398\" \/>\n\t<meta property=\"og:image:type\" content=\"image\/jpeg\" \/>\n<meta name=\"twitter:label1\" content=\"Gesch\u00e4tzte Lesezeit\" \/>\n\t<meta name=\"twitter:data1\" content=\"1\u00a0Minute\" \/>\n<script type=\"application\/ld+json\" class=\"yoast-schema-graph\">{\"@context\":\"https:\\\/\\\/schema.org\",\"@graph\":[{\"@type\":\"WebPage\",\"@id\":\"https:\\\/\\\/bien-etreiris.ch\\\/de\\\/unsere-marken\\\/plural\\\/\",\"url\":\"https:\\\/\\\/bien-etreiris.ch\\\/de\\\/unsere-marken\\\/plural\\\/\",\"name\":\"PLURAL - WOHLBEFINDEN\",\"isPartOf\":{\"@id\":\"https:\\\/\\\/bien-etreiris.ch\\\/de\\\/#website\"},\"primaryImageOfPage\":{\"@id\":\"https:\\\/\\\/bien-etreiris.ch\\\/de\\\/unsere-marken\\\/plural\\\/#primaryimage\"},\"image\":{\"@id\":\"https:\\\/\\\/bien-etreiris.ch\\\/de\\\/unsere-marken\\\/plural\\\/#primaryimage\"},\"thumbnailUrl\":\"https:\\\/\\\/bien-etreiris.ch\\\/wp-content\\\/uploads\\\/2021\\\/05\\\/Plural.jpg\",\"datePublished\":\"2021-05-26T15:00:01+00:00\",\"dateModified\":\"2021-06-08T15:42:22+00:00\",\"breadcrumb\":{\"@id\":\"https:\\\/\\\/bien-etreiris.ch\\\/de\\\/unsere-marken\\\/plural\\\/#breadcrumb\"},\"inLanguage\":\"de\",\"potentialAction\":[{\"@type\":\"ReadAction\",\"target\":[\"https:\\\/\\\/bien-etreiris.ch\\\/de\\\/unsere-marken\\\/plural\\\/\"]}]},{\"@type\":\"ImageObject\",\"inLanguage\":\"de\",\"@id\":\"https:\\\/\\\/bien-etreiris.ch\\\/de\\\/unsere-marken\\\/plural\\\/#primaryimage\",\"url\":\"https:\\\/\\\/bien-etreiris.ch\\\/wp-content\\\/uploads\\\/2021\\\/05\\\/Plural.jpg\",\"contentUrl\":\"https:\\\/\\\/bien-etreiris.ch\\\/wp-content\\\/uploads\\\/2021\\\/05\\\/Plural.jpg\",\"width\":500,\"height\":398},{\"@type\":\"BreadcrumbList\",\"@id\":\"https:\\\/\\\/bien-etreiris.ch\\\/de\\\/unsere-marken\\\/plural\\\/#breadcrumb\",\"itemListElement\":[{\"@type\":\"ListItem\",\"position\":1,\"name\":\"Home\",\"item\":\"https:\\\/\\\/bien-etreiris.ch\\\/de\\\/\"},{\"@type\":\"ListItem\",\"position\":2,\"name\":\"UNSERE MARKEN\",\"item\":\"https:\\\/\\\/bien-etreiris.ch\\\/de\\\/unsere-marken\\\/\"},{\"@type\":\"ListItem\",\"position\":3,\"name\":\"PLURAL\"}]},{\"@type\":\"WebSite\",\"@id\":\"https:\\\/\\\/bien-etreiris.ch\\\/de\\\/#website\",\"url\":\"https:\\\/\\\/bien-etreiris.ch\\\/de\\\/\",\"name\":\"Bien-\u00eatre Iris\",\"description\":\"IHRE Gesundheit ist uns wichtig\",\"potentialAction\":[{\"@type\":\"SearchAction\",\"target\":{\"@type\":\"EntryPoint\",\"urlTemplate\":\"https:\\\/\\\/bien-etreiris.ch\\\/de\\\/?s={search_term_string}\"},\"query-input\":{\"@type\":\"PropertyValueSpecification\",\"valueRequired\":true,\"valueName\":\"search_term_string\"}}],\"inLanguage\":\"de\"}]}<\/script>\n<!-- \/ Yoast SEO plugin. -->","yoast_head_json":{"title":"PLURAL - WOHLBEFINDEN","robots":{"index":"index","follow":"follow","max-snippet":"max-snippet:-1","max-image-preview":"max-image-preview:large","max-video-preview":"max-video-preview:-1"},"canonical":"https:\/\/bien-etreiris.ch\/de\/unsere-marken\/plural\/","og_locale":"de_DE","og_type":"article","og_title":"PLURAL - WOHLBEFINDEN","og_description":"Plural Die Pioniere der Bio-Lebensmittel Die Marke Pural ist stolz auf ihre lange Geschichte. Es begann Anfang des 20. Jahrhunderts in der B\u00e4ckerei von Arnold Roth, der von der Reformationsbewegung beeinflusst und von deren vision\u00e4ren Grunds\u00e4tzen einer gesunden und vegetarischen Ern\u00e4hrung durchdrungen war. Ebenfalls in den 1920er Jahren formulierte Rudolf Steiner die Demeter-Methode der biologisch-dynamischen Landwirtschaft, die auf anthroposophischen Grunds\u00e4tzen&nbsp;Weiter lesen","og_url":"https:\/\/bien-etreiris.ch\/de\/unsere-marken\/plural\/","og_site_name":"WOHLBEFINDEN","article_publisher":"https:\/\/www.facebook.com\/bienetreiris\/","article_modified_time":"2021-06-08T15:42:22+00:00","og_image":[{"width":500,"height":398,"url":"https:\/\/bien-etreiris.ch\/wp-content\/uploads\/2021\/05\/Plural.jpg","type":"image\/jpeg"}],"twitter_misc":{"Gesch\u00e4tzte Lesezeit":"1\u00a0Minute"},"schema":{"@context":"https:\/\/schema.org","@graph":[{"@type":"WebPage","@id":"https:\/\/bien-etreiris.ch\/de\/unsere-marken\/plural\/","url":"https:\/\/bien-etreiris.ch\/de\/unsere-marken\/plural\/","name":"PLURAL - WOHLBEFINDEN","isPartOf":{"@id":"https:\/\/bien-etreiris.ch\/de\/#website"},"primaryImageOfPage":{"@id":"https:\/\/bien-etreiris.ch\/de\/unsere-marken\/plural\/#primaryimage"},"image":{"@id":"https:\/\/bien-etreiris.ch\/de\/unsere-marken\/plural\/#primaryimage"},"thumbnailUrl":"https:\/\/bien-etreiris.ch\/wp-content\/uploads\/2021\/05\/Plural.jpg","datePublished":"2021-05-26T15:00:01+00:00","dateModified":"2021-06-08T15:42:22+00:00","breadcrumb":{"@id":"https:\/\/bien-etreiris.ch\/de\/unsere-marken\/plural\/#breadcrumb"},"inLanguage":"de","potentialAction":[{"@type":"ReadAction","target":["https:\/\/bien-etreiris.ch\/de\/unsere-marken\/plural\/"]}]},{"@type":"ImageObject","inLanguage":"de","@id":"https:\/\/bien-etreiris.ch\/de\/unsere-marken\/plural\/#primaryimage","url":"https:\/\/bien-etreiris.ch\/wp-content\/uploads\/2021\/05\/Plural.jpg","contentUrl":"https:\/\/bien-etreiris.ch\/wp-content\/uploads\/2021\/05\/Plural.jpg","width":500,"height":398},{"@type":"BreadcrumbList","@id":"https:\/\/bien-etreiris.ch\/de\/unsere-marken\/plural\/#breadcrumb","itemListElement":[{"@type":"ListItem","position":1,"name":"Home","item":"https:\/\/bien-etreiris.ch\/de\/"},{"@type":"ListItem","position":2,"name":"UNSERE MARKEN","item":"https:\/\/bien-etreiris.ch\/de\/unsere-marken\/"},{"@type":"ListItem","position":3,"name":"PLURAL"}]},{"@type":"WebSite","@id":"https:\/\/bien-etreiris.ch\/de\/#website","url":"https:\/\/bien-etreiris.ch\/de\/","name":"Bien-\u00eatre Iris","description":"IHRE Gesundheit ist uns wichtig","potentialAction":[{"@type":"SearchAction","target":{"@type":"EntryPoint","urlTemplate":"https:\/\/bien-etreiris.ch\/de\/?s={search_term_string}"},"query-input":{"@type":"PropertyValueSpecification","valueRequired":true,"valueName":"search_term_string"}}],"inLanguage":"de"}]}},"_links":{"self":[{"href":"https:\/\/bien-etreiris.ch\/de\/wp-json\/wp\/v2\/pages\/47328","targetHints":{"allow":["GET"]}}],"collection":[{"href":"https:\/\/bien-etreiris.ch\/de\/wp-json\/wp\/v2\/pages"}],"about":[{"href":"https:\/\/bien-etreiris.ch\/de\/wp-json\/wp\/v2\/types\/page"}],"author":[{"embeddable":true,"href":"https:\/\/bien-etreiris.ch\/de\/wp-json\/wp\/v2\/users\/1"}],"replies":[{"embeddable":true,"href":"https:\/\/bien-etreiris.ch\/de\/wp-json\/wp\/v2\/comments?post=47328"}],"version-history":[{"count":4,"href":"https:\/\/bien-etreiris.ch\/de\/wp-json\/wp\/v2\/pages\/47328\/revisions"}],"predecessor-version":[{"id":50110,"href":"https:\/\/bien-etreiris.ch\/de\/wp-json\/wp\/v2\/pages\/47328\/revisions\/50110"}],"up":[{"embeddable":true,"href":"https:\/\/bien-etreiris.ch\/de\/wp-json\/wp\/v2\/pages\/44406"}],"wp:featuredmedia":[{"embeddable":true,"href":"https:\/\/bien-etreiris.ch\/de\/wp-json\/wp\/v2\/media\/47326"}],"wp:attachment":[{"href":"https:\/\/bien-etreiris.ch\/de\/wp-json\/wp\/v2\/media?parent=47328"}],"curies":[{"name":"wp","href":"https:\/\/api.w.org\/{rel}","templated":true}]}}