{"id":47280,"date":"2021-05-26T13:59:15","date_gmt":"2021-05-26T11:59:15","guid":{"rendered":"https:\/\/bien-etreiris.ch\/?page_id=47280"},"modified":"2021-06-03T12:15:31","modified_gmt":"2021-06-03T10:15:31","slug":"papaya-kerne","status":"publish","type":"page","link":"https:\/\/bien-etreiris.ch\/de\/produktpraesentation\/gesundes-leben\/gesunde-lebensmittel\/superfoods\/koernrer-samen\/papaya-kerne\/","title":{"rendered":"PAPAYA KERNE"},"content":{"rendered":"\n<h2>Papaya Kerne BIO<\/h2>\n<p><a href=\"https:\/\/bien-etreiris.ch\/wp-content\/uploads\/2021\/05\/Graine-de-Papaya.jpg\"><img loading=\"lazy\" decoding=\"async\" class=\"size-medium wp-image-47276 alignleft\" src=\"https:\/\/bien-etreiris.ch\/wp-content\/uploads\/2021\/05\/Graine-de-Papaya-300x300.jpg\" alt=\"\" width=\"300\" height=\"300\" srcset=\"https:\/\/bien-etreiris.ch\/wp-content\/uploads\/2021\/05\/Graine-de-Papaya-300x300.jpg 300w, https:\/\/bien-etreiris.ch\/wp-content\/uploads\/2021\/05\/Graine-de-Papaya-150x150.jpg 150w, https:\/\/bien-etreiris.ch\/wp-content\/uploads\/2021\/05\/Graine-de-Papaya.jpg 600w\" sizes=\"auto, (max-width: 300px) 100vw, 300px\" \/><\/a><\/p>\n<p>&nbsp;<\/p>\n<p>&nbsp;<\/p>\n<p>&nbsp;<\/p>\n<p>Id\u00e9al comme \u00e9pice \u00e9cras\u00e9e dans un mortier ou avec un moulin \u00e0 poivre.<\/p>\n<ul style=\"list-style-type: disc;\">\n<li>v\u00e9g\u00e9talien<\/li>\n<li>sans lactose<\/li>\n<li>sans gluten<\/li>\n<li>qualit\u00e9 des aliments crus<\/li>\n<\/ul>\n<p>30 g <strong>CHF 13.00<\/strong><\/p>\n<p>&nbsp;<\/p>\n<p>&nbsp;<\/p>\n<p>&nbsp;<\/p>\n<p>&nbsp;<\/p>\n<p>Les grains poivr\u00e9s des fruits de la papaye, riches en enzymes, contiennent<br>un spectre int\u00e9ressant d'ingr\u00e9dients actifs, par exemple des fibres vitales et di\u00e9t\u00e9tiques essentielles,<br>des enzymes qui s\u00e9parent les prot\u00e9ines et les graisses, comme la papa\u00efne et la carpa\u00efne.<br>Les graines de papaye sont recommand\u00e9es pour les probl\u00e8mes d'estomac et d'intestin, elles ont<br>propri\u00e9t\u00e9s anti-inflammatoires (intestins, articulations).<br>Ils aident \u00e0 r\u00e9soudre les probl\u00e8mes digestifs (constipation, flatulences).<br>La papa\u00efne scinde les prot\u00e9ines en acides amin\u00e9s, de sorte qu'aucune prot\u00e9ine non dig\u00e9r\u00e9e n'atteint l'intestin, o\u00f9 elle pourrait servir de nourriture aux parasites et limiter le syst\u00e8me immunitaire.<br>Une hyperacidit\u00e9 permanente entra\u00eene des maladies chroniques ou auto-immunes. Gr\u00e2ce \u00e0 leur m\u00e9tabolisme alcalin, les graines \u00e9liminent le terrain propice aux maladies, pr\u00e9viennent les inflammations et optimisent la cicatrisation des plaies, y compris les maladies de la peau.<br>Les graines de papaye d\u00e9toxifient et rafra\u00eechissent l'haleine.<\/p>\n<p>&nbsp;<\/p>\n<h4>Valeur nutritionnelle pour 100g<\/h4>\n<p><br>valeur calorifique : 275kcal\/ 1.160 KJ<br>lipides 0,7g<br>dont acides gras satur\u00e9s 0,2g<br>Glucides 55,6g<br>dont le sucre 55,6g<br>Fibres alimentaires 14,9g<br>Prot\u00e9ines 4,1g<br>Sel 0,04g<br>Papa\u00efne<br>Carpain<\/p>\n<h4>Ingr\u00e9dients<\/h4>\n<p><br>Graines de papaye* Origine : Sri Lanka<br>*) culture biologique contr\u00f4l\u00e9e<\/p>\n<h4>Utilisation<\/h4>\n<p><br>2 \u00e0 3 fois par jour, m\u00e2cher environ 6 grains, puis boire de l'eau vive.<br>Les graines conviennent \u00e9galement pour le moulin \u00e0 poivre.<\/p>\n","protected":false},"excerpt":{"rendered":"<p>Papaya Kerne BIO &nbsp; &nbsp; &nbsp; Id\u00e9al comme \u00e9pice \u00e9cras\u00e9e dans un mortier ou avec un moulin \u00e0 poivre. v\u00e9g\u00e9talien sans lactose sans gluten qualit\u00e9 des aliments crus 30 g CHF 13.00 &nbsp; &nbsp; &nbsp; &nbsp; Les grains poivr\u00e9s des fruits de la papaye, riches en enzymes, contiennentun spectre int\u00e9ressant d'ingr\u00e9dients actifs, par exemple des fibres vitales et di\u00e9t\u00e9tiques essentielles,des&nbsp;<a href=\"https:\/\/bien-etreiris.ch\/de\/produktpraesentation\/gesundes-leben\/gesunde-lebensmittel\/superfoods\/koernrer-samen\/papaya-kerne\/\" class=\"read-more\">Weiter lesen<\/a><\/p>\n","protected":false},"author":1,"featured_media":47283,"parent":46234,"menu_order":5410,"comment_status":"closed","ping_status":"closed","template":"page-with-child.php","meta":{"_acf_changed":false,"ngg_post_thumbnail":0,"footnotes":""},"class_list":["post-47280","page","type-page","status-publish","has-post-thumbnail","hentry"],"acf":[],"yoast_head":"<!-- This site is optimized with the Yoast SEO plugin v27.5 - https:\/\/yoast.com\/product\/yoast-seo-wordpress\/ -->\n<title>PAPAYA KERNE - WOHLBEFINDEN<\/title>\n<meta name=\"robots\" content=\"index, follow, max-snippet:-1, max-image-preview:large, max-video-preview:-1\" \/>\n<link rel=\"canonical\" href=\"https:\/\/bien-etreiris.ch\/de\/produktpraesentation\/gesundes-leben\/gesunde-lebensmittel\/superfoods\/koernrer-samen\/papaya-kerne\/\" \/>\n<meta property=\"og:locale\" content=\"de_DE\" \/>\n<meta property=\"og:type\" content=\"article\" \/>\n<meta property=\"og:title\" content=\"PAPAYA KERNE - WOHLBEFINDEN\" \/>\n<meta property=\"og:description\" content=\"Papaya Kerne BIO &nbsp; &nbsp; &nbsp; Id\u00e9al comme \u00e9pice \u00e9cras\u00e9e dans un mortier ou avec un moulin \u00e0 poivre. v\u00e9g\u00e9talien sans lactose sans gluten qualit\u00e9 des aliments crus 30 g CHF 13.00 &nbsp; &nbsp; &nbsp; &nbsp; Les grains poivr\u00e9s des fruits de la papaye, riches en enzymes, contiennentun spectre int\u00e9ressant d&#039;ingr\u00e9dients actifs, par exemple des fibres vitales et di\u00e9t\u00e9tiques essentielles,des&nbsp;Weiter lesen\" \/>\n<meta property=\"og:url\" content=\"https:\/\/bien-etreiris.ch\/de\/produktpraesentation\/gesundes-leben\/gesunde-lebensmittel\/superfoods\/koernrer-samen\/papaya-kerne\/\" \/>\n<meta property=\"og:site_name\" content=\"WOHLBEFINDEN\" \/>\n<meta property=\"article:publisher\" content=\"https:\/\/www.facebook.com\/bienetreiris\/\" \/>\n<meta property=\"article:modified_time\" content=\"2021-06-03T10:15:31+00:00\" \/>\n<meta property=\"og:image\" content=\"https:\/\/bien-etreiris.ch\/wp-content\/uploads\/2021\/05\/acceuil-papaya.jpg\" \/>\n\t<meta property=\"og:image:width\" content=\"500\" \/>\n\t<meta property=\"og:image:height\" content=\"332\" \/>\n\t<meta property=\"og:image:type\" content=\"image\/jpeg\" \/>\n<meta name=\"twitter:label1\" content=\"Gesch\u00e4tzte Lesezeit\" \/>\n\t<meta name=\"twitter:data1\" content=\"2\u00a0Minuten\" \/>\n<script type=\"application\/ld+json\" class=\"yoast-schema-graph\">{\"@context\":\"https:\\\/\\\/schema.org\",\"@graph\":[{\"@type\":\"WebPage\",\"@id\":\"https:\\\/\\\/bien-etreiris.ch\\\/de\\\/produktpraesentation\\\/gesundes-leben\\\/gesunde-lebensmittel\\\/superfoods\\\/koernrer-samen\\\/papaya-kerne\\\/\",\"url\":\"https:\\\/\\\/bien-etreiris.ch\\\/de\\\/produktpraesentation\\\/gesundes-leben\\\/gesunde-lebensmittel\\\/superfoods\\\/koernrer-samen\\\/papaya-kerne\\\/\",\"name\":\"PAPAYA KERNE - WOHLBEFINDEN\",\"isPartOf\":{\"@id\":\"https:\\\/\\\/bien-etreiris.ch\\\/de\\\/#website\"},\"primaryImageOfPage\":{\"@id\":\"https:\\\/\\\/bien-etreiris.ch\\\/de\\\/produktpraesentation\\\/gesundes-leben\\\/gesunde-lebensmittel\\\/superfoods\\\/koernrer-samen\\\/papaya-kerne\\\/#primaryimage\"},\"image\":{\"@id\":\"https:\\\/\\\/bien-etreiris.ch\\\/de\\\/produktpraesentation\\\/gesundes-leben\\\/gesunde-lebensmittel\\\/superfoods\\\/koernrer-samen\\\/papaya-kerne\\\/#primaryimage\"},\"thumbnailUrl\":\"https:\\\/\\\/bien-etreiris.ch\\\/wp-content\\\/uploads\\\/2021\\\/05\\\/acceuil-papaya.jpg\",\"datePublished\":\"2021-05-26T11:59:15+00:00\",\"dateModified\":\"2021-06-03T10:15:31+00:00\",\"breadcrumb\":{\"@id\":\"https:\\\/\\\/bien-etreiris.ch\\\/de\\\/produktpraesentation\\\/gesundes-leben\\\/gesunde-lebensmittel\\\/superfoods\\\/koernrer-samen\\\/papaya-kerne\\\/#breadcrumb\"},\"inLanguage\":\"de\",\"potentialAction\":[{\"@type\":\"ReadAction\",\"target\":[\"https:\\\/\\\/bien-etreiris.ch\\\/de\\\/produktpraesentation\\\/gesundes-leben\\\/gesunde-lebensmittel\\\/superfoods\\\/koernrer-samen\\\/papaya-kerne\\\/\"]}]},{\"@type\":\"ImageObject\",\"inLanguage\":\"de\",\"@id\":\"https:\\\/\\\/bien-etreiris.ch\\\/de\\\/produktpraesentation\\\/gesundes-leben\\\/gesunde-lebensmittel\\\/superfoods\\\/koernrer-samen\\\/papaya-kerne\\\/#primaryimage\",\"url\":\"https:\\\/\\\/bien-etreiris.ch\\\/wp-content\\\/uploads\\\/2021\\\/05\\\/acceuil-papaya.jpg\",\"contentUrl\":\"https:\\\/\\\/bien-etreiris.ch\\\/wp-content\\\/uploads\\\/2021\\\/05\\\/acceuil-papaya.jpg\",\"width\":500,\"height\":332},{\"@type\":\"BreadcrumbList\",\"@id\":\"https:\\\/\\\/bien-etreiris.ch\\\/de\\\/produktpraesentation\\\/gesundes-leben\\\/gesunde-lebensmittel\\\/superfoods\\\/koernrer-samen\\\/papaya-kerne\\\/#breadcrumb\",\"itemListElement\":[{\"@type\":\"ListItem\",\"position\":1,\"name\":\"Home\",\"item\":\"https:\\\/\\\/bien-etreiris.ch\\\/de\\\/\"},{\"@type\":\"ListItem\",\"position\":2,\"name\":\"PRODUKTPR\u00c4SENTATION\",\"item\":\"https:\\\/\\\/bien-etreiris.ch\\\/de\\\/produktpraesentation\\\/\"},{\"@type\":\"ListItem\",\"position\":3,\"name\":\"GESUNDES LEBEN\",\"item\":\"https:\\\/\\\/bien-etreiris.ch\\\/de\\\/produktpraesentation\\\/gesundes-leben\\\/\"},{\"@type\":\"ListItem\",\"position\":4,\"name\":\"GESUNDE LEBENSMITTEL\",\"item\":\"https:\\\/\\\/bien-etreiris.ch\\\/de\\\/produktpraesentation\\\/gesundes-leben\\\/gesunde-lebensmittel\\\/\"},{\"@type\":\"ListItem\",\"position\":5,\"name\":\"SUPERFOODS\",\"item\":\"https:\\\/\\\/bien-etreiris.ch\\\/de\\\/produktpraesentation\\\/gesundes-leben\\\/gesunde-lebensmittel\\\/superfoods\\\/\"},{\"@type\":\"ListItem\",\"position\":6,\"name\":\"K\u00d6RNER &#8211; SAMEN\",\"item\":\"https:\\\/\\\/bien-etreiris.ch\\\/de\\\/produktpraesentation\\\/gesundes-leben\\\/gesunde-lebensmittel\\\/superfoods\\\/koernrer-samen\\\/\"},{\"@type\":\"ListItem\",\"position\":7,\"name\":\"PAPAYA KERNE\"}]},{\"@type\":\"WebSite\",\"@id\":\"https:\\\/\\\/bien-etreiris.ch\\\/de\\\/#website\",\"url\":\"https:\\\/\\\/bien-etreiris.ch\\\/de\\\/\",\"name\":\"Bien-\u00eatre Iris\",\"description\":\"IHRE Gesundheit ist uns wichtig\",\"potentialAction\":[{\"@type\":\"SearchAction\",\"target\":{\"@type\":\"EntryPoint\",\"urlTemplate\":\"https:\\\/\\\/bien-etreiris.ch\\\/de\\\/?s={search_term_string}\"},\"query-input\":{\"@type\":\"PropertyValueSpecification\",\"valueRequired\":true,\"valueName\":\"search_term_string\"}}],\"inLanguage\":\"de\"}]}<\/script>\n<!-- \/ Yoast SEO plugin. -->","yoast_head_json":{"title":"PAPAYA KERNE - WOHLBEFINDEN","robots":{"index":"index","follow":"follow","max-snippet":"max-snippet:-1","max-image-preview":"max-image-preview:large","max-video-preview":"max-video-preview:-1"},"canonical":"https:\/\/bien-etreiris.ch\/de\/produktpraesentation\/gesundes-leben\/gesunde-lebensmittel\/superfoods\/koernrer-samen\/papaya-kerne\/","og_locale":"de_DE","og_type":"article","og_title":"PAPAYA KERNE - WOHLBEFINDEN","og_description":"Papaya Kerne BIO &nbsp; &nbsp; &nbsp; Id\u00e9al comme \u00e9pice \u00e9cras\u00e9e dans un mortier ou avec un moulin \u00e0 poivre. v\u00e9g\u00e9talien sans lactose sans gluten qualit\u00e9 des aliments crus 30 g CHF 13.00 &nbsp; &nbsp; &nbsp; &nbsp; Les grains poivr\u00e9s des fruits de la papaye, riches en enzymes, contiennentun spectre int\u00e9ressant d'ingr\u00e9dients actifs, par exemple des fibres vitales et di\u00e9t\u00e9tiques essentielles,des&nbsp;Weiter lesen","og_url":"https:\/\/bien-etreiris.ch\/de\/produktpraesentation\/gesundes-leben\/gesunde-lebensmittel\/superfoods\/koernrer-samen\/papaya-kerne\/","og_site_name":"WOHLBEFINDEN","article_publisher":"https:\/\/www.facebook.com\/bienetreiris\/","article_modified_time":"2021-06-03T10:15:31+00:00","og_image":[{"width":500,"height":332,"url":"https:\/\/bien-etreiris.ch\/wp-content\/uploads\/2021\/05\/acceuil-papaya.jpg","type":"image\/jpeg"}],"twitter_misc":{"Gesch\u00e4tzte Lesezeit":"2\u00a0Minuten"},"schema":{"@context":"https:\/\/schema.org","@graph":[{"@type":"WebPage","@id":"https:\/\/bien-etreiris.ch\/de\/produktpraesentation\/gesundes-leben\/gesunde-lebensmittel\/superfoods\/koernrer-samen\/papaya-kerne\/","url":"https:\/\/bien-etreiris.ch\/de\/produktpraesentation\/gesundes-leben\/gesunde-lebensmittel\/superfoods\/koernrer-samen\/papaya-kerne\/","name":"PAPAYA KERNE - WOHLBEFINDEN","isPartOf":{"@id":"https:\/\/bien-etreiris.ch\/de\/#website"},"primaryImageOfPage":{"@id":"https:\/\/bien-etreiris.ch\/de\/produktpraesentation\/gesundes-leben\/gesunde-lebensmittel\/superfoods\/koernrer-samen\/papaya-kerne\/#primaryimage"},"image":{"@id":"https:\/\/bien-etreiris.ch\/de\/produktpraesentation\/gesundes-leben\/gesunde-lebensmittel\/superfoods\/koernrer-samen\/papaya-kerne\/#primaryimage"},"thumbnailUrl":"https:\/\/bien-etreiris.ch\/wp-content\/uploads\/2021\/05\/acceuil-papaya.jpg","datePublished":"2021-05-26T11:59:15+00:00","dateModified":"2021-06-03T10:15:31+00:00","breadcrumb":{"@id":"https:\/\/bien-etreiris.ch\/de\/produktpraesentation\/gesundes-leben\/gesunde-lebensmittel\/superfoods\/koernrer-samen\/papaya-kerne\/#breadcrumb"},"inLanguage":"de","potentialAction":[{"@type":"ReadAction","target":["https:\/\/bien-etreiris.ch\/de\/produktpraesentation\/gesundes-leben\/gesunde-lebensmittel\/superfoods\/koernrer-samen\/papaya-kerne\/"]}]},{"@type":"ImageObject","inLanguage":"de","@id":"https:\/\/bien-etreiris.ch\/de\/produktpraesentation\/gesundes-leben\/gesunde-lebensmittel\/superfoods\/koernrer-samen\/papaya-kerne\/#primaryimage","url":"https:\/\/bien-etreiris.ch\/wp-content\/uploads\/2021\/05\/acceuil-papaya.jpg","contentUrl":"https:\/\/bien-etreiris.ch\/wp-content\/uploads\/2021\/05\/acceuil-papaya.jpg","width":500,"height":332},{"@type":"BreadcrumbList","@id":"https:\/\/bien-etreiris.ch\/de\/produktpraesentation\/gesundes-leben\/gesunde-lebensmittel\/superfoods\/koernrer-samen\/papaya-kerne\/#breadcrumb","itemListElement":[{"@type":"ListItem","position":1,"name":"Home","item":"https:\/\/bien-etreiris.ch\/de\/"},{"@type":"ListItem","position":2,"name":"PRODUKTPR\u00c4SENTATION","item":"https:\/\/bien-etreiris.ch\/de\/produktpraesentation\/"},{"@type":"ListItem","position":3,"name":"GESUNDES LEBEN","item":"https:\/\/bien-etreiris.ch\/de\/produktpraesentation\/gesundes-leben\/"},{"@type":"ListItem","position":4,"name":"GESUNDE LEBENSMITTEL","item":"https:\/\/bien-etreiris.ch\/de\/produktpraesentation\/gesundes-leben\/gesunde-lebensmittel\/"},{"@type":"ListItem","position":5,"name":"SUPERFOODS","item":"https:\/\/bien-etreiris.ch\/de\/produktpraesentation\/gesundes-leben\/gesunde-lebensmittel\/superfoods\/"},{"@type":"ListItem","position":6,"name":"K\u00d6RNER &#8211; SAMEN","item":"https:\/\/bien-etreiris.ch\/de\/produktpraesentation\/gesundes-leben\/gesunde-lebensmittel\/superfoods\/koernrer-samen\/"},{"@type":"ListItem","position":7,"name":"PAPAYA KERNE"}]},{"@type":"WebSite","@id":"https:\/\/bien-etreiris.ch\/de\/#website","url":"https:\/\/bien-etreiris.ch\/de\/","name":"Bien-\u00eatre Iris","description":"IHRE Gesundheit ist uns wichtig","potentialAction":[{"@type":"SearchAction","target":{"@type":"EntryPoint","urlTemplate":"https:\/\/bien-etreiris.ch\/de\/?s={search_term_string}"},"query-input":{"@type":"PropertyValueSpecification","valueRequired":true,"valueName":"search_term_string"}}],"inLanguage":"de"}]}},"_links":{"self":[{"href":"https:\/\/bien-etreiris.ch\/de\/wp-json\/wp\/v2\/pages\/47280","targetHints":{"allow":["GET"]}}],"collection":[{"href":"https:\/\/bien-etreiris.ch\/de\/wp-json\/wp\/v2\/pages"}],"about":[{"href":"https:\/\/bien-etreiris.ch\/de\/wp-json\/wp\/v2\/types\/page"}],"author":[{"embeddable":true,"href":"https:\/\/bien-etreiris.ch\/de\/wp-json\/wp\/v2\/users\/1"}],"replies":[{"embeddable":true,"href":"https:\/\/bien-etreiris.ch\/de\/wp-json\/wp\/v2\/comments?post=47280"}],"version-history":[{"count":3,"href":"https:\/\/bien-etreiris.ch\/de\/wp-json\/wp\/v2\/pages\/47280\/revisions"}],"predecessor-version":[{"id":49375,"href":"https:\/\/bien-etreiris.ch\/de\/wp-json\/wp\/v2\/pages\/47280\/revisions\/49375"}],"up":[{"embeddable":true,"href":"https:\/\/bien-etreiris.ch\/de\/wp-json\/wp\/v2\/pages\/46234"}],"wp:featuredmedia":[{"embeddable":true,"href":"https:\/\/bien-etreiris.ch\/de\/wp-json\/wp\/v2\/media\/47283"}],"wp:attachment":[{"href":"https:\/\/bien-etreiris.ch\/de\/wp-json\/wp\/v2\/media?parent=47280"}],"curies":[{"name":"wp","href":"https:\/\/api.w.org\/{rel}","templated":true}]}}