{"id":47272,"date":"2021-05-26T13:20:29","date_gmt":"2021-05-26T11:20:29","guid":{"rendered":"https:\/\/bien-etreiris.ch\/gesund-leben\/"},"modified":"2021-06-08T23:14:39","modified_gmt":"2021-06-08T21:14:39","slug":"gesund-leben","status":"publish","type":"page","link":"https:\/\/bien-etreiris.ch\/de\/unsere-marken\/gesund-leben\/","title":{"rendered":"GESUND &#038; LEBEN"},"content":{"rendered":"\n<h2>GESUND &amp; LEBEN<\/h2>\n<h4>NATUR - GESUNDHEIT - EIGENVERANTWORTUNG<\/h4>\n<p><br>Wir bieten Lebensmittel und Wellnessprodukte an, die einen solchen Lebensstil unterst\u00fctzen k\u00f6nnen. Dazu verwenden wir, wo immer m\u00f6glich, hochwertige Rohstoffe, die aus kontrolliert biologischem Anbau stammen.<br>Letztlich k\u00f6nnen wir nur die M\u00f6glichkeiten aufzeigen, den Weg muss der Einzelne gehen. Getragen von den S\u00e4ulen ERFAHRUNG - VERANTWORTUNG - INFORMATION zeigen wir nur Alternativen auf, die im Einklang mit der Eigenverantwortung des Menschen stehen.<\/p>\n<p>&nbsp;<\/p>\n<h2><a href=\"https:\/\/bien-etreiris.ch\/de\/produktpraesentation\/gesundes-leben\/gesunde-nahrungsmittel\/superfoods-lebensmittel\/koernrer\/papaya-kerne\/\" target=\"_blank\" rel=\"noopener\">PAPAYA KERNE<\/a><\/h2>\n<p>&nbsp;<\/p>\n<h2><a href=\"https:\/\/bien-etreiris.ch\/de\/produktpraesentation\/natuerliche-heilmittel\/kraeutertee-und-tee\/kraeuter-und-pflanzen\/jiaogulan-blaetter\/\" target=\"_blank\" rel=\"noopener\">JIAOGULAN BL\u00c4TTER<\/a><\/h2>\n","protected":false},"excerpt":{"rendered":"<p>GESUND &amp; LEBEN NATUR - GESUNDHEIT - EIGENVERANTWORTUNG Wir bieten Lebensmittel und Wellnessprodukte an, die einen solchen Lebensstil unterst\u00fctzen k\u00f6nnen. Dazu verwenden wir, wo immer m\u00f6glich, hochwertige Rohstoffe, die aus kontrolliert biologischem Anbau stammen.Letztlich k\u00f6nnen wir nur die M\u00f6glichkeiten aufzeigen, den Weg muss der Einzelne gehen. Getragen von den S\u00e4ulen ERFAHRUNG - VERANTWORTUNG - INFORMATION zeigen wir nur Alternativen auf,&nbsp;<a href=\"https:\/\/bien-etreiris.ch\/de\/unsere-marken\/gesund-leben\/\" class=\"read-more\">Weiter lesen<\/a><\/p>\n","protected":false},"author":1,"featured_media":47269,"parent":44406,"menu_order":5413,"comment_status":"closed","ping_status":"closed","template":"page-with-child.php","meta":{"_acf_changed":false,"ngg_post_thumbnail":0,"footnotes":""},"class_list":["post-47272","page","type-page","status-publish","has-post-thumbnail","hentry"],"acf":[],"yoast_head":"<!-- This site is optimized with the Yoast SEO plugin v27.5 - https:\/\/yoast.com\/product\/yoast-seo-wordpress\/ -->\n<title>GESUND &amp; LEBEN - WOHLBEFINDEN<\/title>\n<meta name=\"robots\" content=\"index, follow, max-snippet:-1, max-image-preview:large, max-video-preview:-1\" \/>\n<link rel=\"canonical\" href=\"https:\/\/bien-etreiris.ch\/de\/unsere-marken\/gesund-leben\/\" \/>\n<meta property=\"og:locale\" content=\"de_DE\" \/>\n<meta property=\"og:type\" content=\"article\" \/>\n<meta property=\"og:title\" content=\"GESUND &amp; LEBEN - WOHLBEFINDEN\" \/>\n<meta property=\"og:description\" content=\"GESUND &amp; LEBEN NATUR - GESUNDHEIT - EIGENVERANTWORTUNG Wir bieten Lebensmittel und Wellnessprodukte an, die einen solchen Lebensstil unterst\u00fctzen k\u00f6nnen. Dazu verwenden wir, wo immer m\u00f6glich, hochwertige Rohstoffe, die aus kontrolliert biologischem Anbau stammen.Letztlich k\u00f6nnen wir nur die M\u00f6glichkeiten aufzeigen, den Weg muss der Einzelne gehen. Getragen von den S\u00e4ulen ERFAHRUNG - VERANTWORTUNG - INFORMATION zeigen wir nur Alternativen auf,&nbsp;Weiter lesen\" \/>\n<meta property=\"og:url\" content=\"https:\/\/bien-etreiris.ch\/de\/unsere-marken\/gesund-leben\/\" \/>\n<meta property=\"og:site_name\" content=\"WOHLBEFINDEN\" \/>\n<meta property=\"article:publisher\" content=\"https:\/\/www.facebook.com\/bienetreiris\/\" \/>\n<meta property=\"article:modified_time\" content=\"2021-06-08T21:14:39+00:00\" \/>\n<meta property=\"og:image\" content=\"https:\/\/bien-etreiris.ch\/wp-content\/uploads\/2021\/05\/Gesund-Leben.jpg\" \/>\n\t<meta property=\"og:image:width\" content=\"500\" \/>\n\t<meta property=\"og:image:height\" content=\"385\" \/>\n\t<meta property=\"og:image:type\" content=\"image\/jpeg\" \/>\n<meta name=\"twitter:label1\" content=\"Gesch\u00e4tzte Lesezeit\" \/>\n\t<meta name=\"twitter:data1\" content=\"1\u00a0Minute\" \/>\n<script type=\"application\/ld+json\" class=\"yoast-schema-graph\">{\"@context\":\"https:\\\/\\\/schema.org\",\"@graph\":[{\"@type\":\"WebPage\",\"@id\":\"https:\\\/\\\/bien-etreiris.ch\\\/de\\\/unsere-marken\\\/gesund-leben\\\/\",\"url\":\"https:\\\/\\\/bien-etreiris.ch\\\/de\\\/unsere-marken\\\/gesund-leben\\\/\",\"name\":\"GESUND & LEBEN - WOHLBEFINDEN\",\"isPartOf\":{\"@id\":\"https:\\\/\\\/bien-etreiris.ch\\\/de\\\/#website\"},\"primaryImageOfPage\":{\"@id\":\"https:\\\/\\\/bien-etreiris.ch\\\/de\\\/unsere-marken\\\/gesund-leben\\\/#primaryimage\"},\"image\":{\"@id\":\"https:\\\/\\\/bien-etreiris.ch\\\/de\\\/unsere-marken\\\/gesund-leben\\\/#primaryimage\"},\"thumbnailUrl\":\"https:\\\/\\\/bien-etreiris.ch\\\/wp-content\\\/uploads\\\/2021\\\/05\\\/Gesund-Leben.jpg\",\"datePublished\":\"2021-05-26T11:20:29+00:00\",\"dateModified\":\"2021-06-08T21:14:39+00:00\",\"breadcrumb\":{\"@id\":\"https:\\\/\\\/bien-etreiris.ch\\\/de\\\/unsere-marken\\\/gesund-leben\\\/#breadcrumb\"},\"inLanguage\":\"de\",\"potentialAction\":[{\"@type\":\"ReadAction\",\"target\":[\"https:\\\/\\\/bien-etreiris.ch\\\/de\\\/unsere-marken\\\/gesund-leben\\\/\"]}]},{\"@type\":\"ImageObject\",\"inLanguage\":\"de\",\"@id\":\"https:\\\/\\\/bien-etreiris.ch\\\/de\\\/unsere-marken\\\/gesund-leben\\\/#primaryimage\",\"url\":\"https:\\\/\\\/bien-etreiris.ch\\\/wp-content\\\/uploads\\\/2021\\\/05\\\/Gesund-Leben.jpg\",\"contentUrl\":\"https:\\\/\\\/bien-etreiris.ch\\\/wp-content\\\/uploads\\\/2021\\\/05\\\/Gesund-Leben.jpg\",\"width\":500,\"height\":385},{\"@type\":\"BreadcrumbList\",\"@id\":\"https:\\\/\\\/bien-etreiris.ch\\\/de\\\/unsere-marken\\\/gesund-leben\\\/#breadcrumb\",\"itemListElement\":[{\"@type\":\"ListItem\",\"position\":1,\"name\":\"Home\",\"item\":\"https:\\\/\\\/bien-etreiris.ch\\\/de\\\/\"},{\"@type\":\"ListItem\",\"position\":2,\"name\":\"UNSERE MARKEN\",\"item\":\"https:\\\/\\\/bien-etreiris.ch\\\/de\\\/unsere-marken\\\/\"},{\"@type\":\"ListItem\",\"position\":3,\"name\":\"GESUND &#038; LEBEN\"}]},{\"@type\":\"WebSite\",\"@id\":\"https:\\\/\\\/bien-etreiris.ch\\\/de\\\/#website\",\"url\":\"https:\\\/\\\/bien-etreiris.ch\\\/de\\\/\",\"name\":\"Bien-\u00eatre Iris\",\"description\":\"IHRE Gesundheit ist uns wichtig\",\"potentialAction\":[{\"@type\":\"SearchAction\",\"target\":{\"@type\":\"EntryPoint\",\"urlTemplate\":\"https:\\\/\\\/bien-etreiris.ch\\\/de\\\/?s={search_term_string}\"},\"query-input\":{\"@type\":\"PropertyValueSpecification\",\"valueRequired\":true,\"valueName\":\"search_term_string\"}}],\"inLanguage\":\"de\"}]}<\/script>\n<!-- \/ Yoast SEO plugin. -->","yoast_head_json":{"title":"GESUND & LEBEN - WOHLBEFINDEN","robots":{"index":"index","follow":"follow","max-snippet":"max-snippet:-1","max-image-preview":"max-image-preview:large","max-video-preview":"max-video-preview:-1"},"canonical":"https:\/\/bien-etreiris.ch\/de\/unsere-marken\/gesund-leben\/","og_locale":"de_DE","og_type":"article","og_title":"GESUND & LEBEN - WOHLBEFINDEN","og_description":"GESUND &amp; LEBEN NATUR - GESUNDHEIT - EIGENVERANTWORTUNG Wir bieten Lebensmittel und Wellnessprodukte an, die einen solchen Lebensstil unterst\u00fctzen k\u00f6nnen. Dazu verwenden wir, wo immer m\u00f6glich, hochwertige Rohstoffe, die aus kontrolliert biologischem Anbau stammen.Letztlich k\u00f6nnen wir nur die M\u00f6glichkeiten aufzeigen, den Weg muss der Einzelne gehen. Getragen von den S\u00e4ulen ERFAHRUNG - VERANTWORTUNG - INFORMATION zeigen wir nur Alternativen auf,&nbsp;Weiter lesen","og_url":"https:\/\/bien-etreiris.ch\/de\/unsere-marken\/gesund-leben\/","og_site_name":"WOHLBEFINDEN","article_publisher":"https:\/\/www.facebook.com\/bienetreiris\/","article_modified_time":"2021-06-08T21:14:39+00:00","og_image":[{"width":500,"height":385,"url":"https:\/\/bien-etreiris.ch\/wp-content\/uploads\/2021\/05\/Gesund-Leben.jpg","type":"image\/jpeg"}],"twitter_misc":{"Gesch\u00e4tzte Lesezeit":"1\u00a0Minute"},"schema":{"@context":"https:\/\/schema.org","@graph":[{"@type":"WebPage","@id":"https:\/\/bien-etreiris.ch\/de\/unsere-marken\/gesund-leben\/","url":"https:\/\/bien-etreiris.ch\/de\/unsere-marken\/gesund-leben\/","name":"GESUND & LEBEN - WOHLBEFINDEN","isPartOf":{"@id":"https:\/\/bien-etreiris.ch\/de\/#website"},"primaryImageOfPage":{"@id":"https:\/\/bien-etreiris.ch\/de\/unsere-marken\/gesund-leben\/#primaryimage"},"image":{"@id":"https:\/\/bien-etreiris.ch\/de\/unsere-marken\/gesund-leben\/#primaryimage"},"thumbnailUrl":"https:\/\/bien-etreiris.ch\/wp-content\/uploads\/2021\/05\/Gesund-Leben.jpg","datePublished":"2021-05-26T11:20:29+00:00","dateModified":"2021-06-08T21:14:39+00:00","breadcrumb":{"@id":"https:\/\/bien-etreiris.ch\/de\/unsere-marken\/gesund-leben\/#breadcrumb"},"inLanguage":"de","potentialAction":[{"@type":"ReadAction","target":["https:\/\/bien-etreiris.ch\/de\/unsere-marken\/gesund-leben\/"]}]},{"@type":"ImageObject","inLanguage":"de","@id":"https:\/\/bien-etreiris.ch\/de\/unsere-marken\/gesund-leben\/#primaryimage","url":"https:\/\/bien-etreiris.ch\/wp-content\/uploads\/2021\/05\/Gesund-Leben.jpg","contentUrl":"https:\/\/bien-etreiris.ch\/wp-content\/uploads\/2021\/05\/Gesund-Leben.jpg","width":500,"height":385},{"@type":"BreadcrumbList","@id":"https:\/\/bien-etreiris.ch\/de\/unsere-marken\/gesund-leben\/#breadcrumb","itemListElement":[{"@type":"ListItem","position":1,"name":"Home","item":"https:\/\/bien-etreiris.ch\/de\/"},{"@type":"ListItem","position":2,"name":"UNSERE MARKEN","item":"https:\/\/bien-etreiris.ch\/de\/unsere-marken\/"},{"@type":"ListItem","position":3,"name":"GESUND &#038; LEBEN"}]},{"@type":"WebSite","@id":"https:\/\/bien-etreiris.ch\/de\/#website","url":"https:\/\/bien-etreiris.ch\/de\/","name":"Bien-\u00eatre Iris","description":"IHRE Gesundheit ist uns wichtig","potentialAction":[{"@type":"SearchAction","target":{"@type":"EntryPoint","urlTemplate":"https:\/\/bien-etreiris.ch\/de\/?s={search_term_string}"},"query-input":{"@type":"PropertyValueSpecification","valueRequired":true,"valueName":"search_term_string"}}],"inLanguage":"de"}]}},"_links":{"self":[{"href":"https:\/\/bien-etreiris.ch\/de\/wp-json\/wp\/v2\/pages\/47272","targetHints":{"allow":["GET"]}}],"collection":[{"href":"https:\/\/bien-etreiris.ch\/de\/wp-json\/wp\/v2\/pages"}],"about":[{"href":"https:\/\/bien-etreiris.ch\/de\/wp-json\/wp\/v2\/types\/page"}],"author":[{"embeddable":true,"href":"https:\/\/bien-etreiris.ch\/de\/wp-json\/wp\/v2\/users\/1"}],"replies":[{"embeddable":true,"href":"https:\/\/bien-etreiris.ch\/de\/wp-json\/wp\/v2\/comments?post=47272"}],"version-history":[{"count":4,"href":"https:\/\/bien-etreiris.ch\/de\/wp-json\/wp\/v2\/pages\/47272\/revisions"}],"predecessor-version":[{"id":50195,"href":"https:\/\/bien-etreiris.ch\/de\/wp-json\/wp\/v2\/pages\/47272\/revisions\/50195"}],"up":[{"embeddable":true,"href":"https:\/\/bien-etreiris.ch\/de\/wp-json\/wp\/v2\/pages\/44406"}],"wp:featuredmedia":[{"embeddable":true,"href":"https:\/\/bien-etreiris.ch\/de\/wp-json\/wp\/v2\/media\/47269"}],"wp:attachment":[{"href":"https:\/\/bien-etreiris.ch\/de\/wp-json\/wp\/v2\/media?parent=47272"}],"curies":[{"name":"wp","href":"https:\/\/api.w.org\/{rel}","templated":true}]}}