{"id":47259,"date":"2021-05-26T13:12:22","date_gmt":"2021-05-26T11:12:22","guid":{"rendered":"https:\/\/bien-etreiris.ch\/?page_id=47259"},"modified":"2021-06-08T18:57:23","modified_gmt":"2021-06-08T16:57:23","slug":"scientia-natura","status":"publish","type":"page","link":"https:\/\/bien-etreiris.ch\/de\/unsere-marken\/scientia-natura\/","title":{"rendered":"SCIENTIA NATURA"},"content":{"rendered":"\n<h2>Scientia Natura<\/h2>\n<p>Scientia Natura Laboratories verf\u00fcgt \u00fcber 15 Jahre Erfahrung unter dem Label Nature et Progr\u00e8s und dem Label AB. Wir bieten Ihnen das Beste an Pflanzen, um Sie jeden Tag zu versorgen.<\/p>\n<p>Mit Strenge und Sorgfalt stellen wir unter dem Label Nature et Progr\u00e8s Helvetia Natura\u00ae Kosmetika, Flora Natura\u00ae Nahrungserg\u00e4nzungsmittel und SanyBio\u00ae \u00f6kologische Haushaltsprodukte her.<\/p>\n<p>Pflanzen und \u00e4therische \u00d6le sind unsere t\u00e4gliche Quelle der Inspiration. Wir produzieren und verpacken Nahrungserg\u00e4nzungsmittel in Ampullen unter dem Doppellabel (Nature et Progr\u00e8s und AB-Agrarwirtschaft biologique) in unserem Labor in New Aquitaine, Frankreich.<\/p>\n<p>&nbsp;<\/p>\n<p><a href=\"https:\/\/bien-etreiris.ch\/wp-content\/uploads\/2021\/05\/Flora-natura.jpg\"><img loading=\"lazy\" decoding=\"async\" class=\"alignleft wp-image-47246\" src=\"https:\/\/bien-etreiris.ch\/wp-content\/uploads\/2021\/05\/Flora-natura-300x212.jpg\" alt=\"\" width=\"100\" height=\"71\" srcset=\"https:\/\/bien-etreiris.ch\/wp-content\/uploads\/2021\/05\/Flora-natura-300x212.jpg 300w, https:\/\/bien-etreiris.ch\/wp-content\/uploads\/2021\/05\/Flora-natura.jpg 500w\" sizes=\"auto, (max-width: 100px) 100vw, 100px\" \/><\/a><a href=\"https:\/\/bien-etreiris.ch\/wp-content\/uploads\/2021\/05\/Helvetia-natura.png\"><img loading=\"lazy\" decoding=\"async\" class=\"alignleft wp-image-47249\" src=\"https:\/\/bien-etreiris.ch\/wp-content\/uploads\/2021\/05\/Helvetia-natura-300x171.png\" alt=\"\" width=\"125\" height=\"71\" srcset=\"https:\/\/bien-etreiris.ch\/wp-content\/uploads\/2021\/05\/Helvetia-natura-300x171.png 300w, https:\/\/bien-etreiris.ch\/wp-content\/uploads\/2021\/05\/Helvetia-natura.png 436w\" sizes=\"auto, (max-width: 125px) 100vw, 125px\" \/><\/a><a href=\"https:\/\/bien-etreiris.ch\/wp-content\/uploads\/2021\/05\/Sany-Bio.png\"><img loading=\"lazy\" decoding=\"async\" class=\"alignleft wp-image-47252\" src=\"https:\/\/bien-etreiris.ch\/wp-content\/uploads\/2021\/05\/Sany-Bio-300x198.png\" alt=\"\" width=\"107\" height=\"71\" srcset=\"https:\/\/bien-etreiris.ch\/wp-content\/uploads\/2021\/05\/Sany-Bio-300x198.png 300w, https:\/\/bien-etreiris.ch\/wp-content\/uploads\/2021\/05\/Sany-Bio.png 436w\" sizes=\"auto, (max-width: 107px) 100vw, 107px\" \/><\/a><\/p>\n<p>&nbsp;<\/p>\n<p>&nbsp;<\/p>\n<p>&nbsp;<\/p>\n<p>&nbsp;<\/p>\n<h2><a href=\"https:\/\/bien-etreiris.ch\/de\/produktpraesentation\/natuerliche-heilmittel\/pflanzenextrakte\/flora-natura\/\" target=\"_blank\" rel=\"noopener\">FLORA NATURA<\/a><\/h2>\n<p>&nbsp;<\/p>\n<h2><a href=\"https:\/\/bien-etreiris.ch\/de\/produktpraesentation\/hygiene\/koerperpflege\/seifen\/seife-helvetia-natura\/\" target=\"_blank\" rel=\"noopener\">HELCETIA NATURA<\/a><\/h2>\n<p>&nbsp;<\/p>\n<h2><a href=\"https:\/\/bien-etreiris.ch\/de\/produktpraesentation\/hygiene\/haushaltsreinigung\/haushaltsseifen\/waesche-waschen\/sany-bio\/\" target=\"_blank\" rel=\"noopener\">SANY BIO<\/a><\/h2>\n","protected":false},"excerpt":{"rendered":"<p>Scientia Natura Scientia Natura Laboratories verf\u00fcgt \u00fcber 15 Jahre Erfahrung unter dem Label Nature et Progr\u00e8s und dem Label AB. Wir bieten Ihnen das Beste an Pflanzen, um Sie jeden Tag zu versorgen. Mit Strenge und Sorgfalt stellen wir unter dem Label Nature et Progr\u00e8s Helvetia Natura\u00ae Kosmetika, Flora Natura\u00ae Nahrungserg\u00e4nzungsmittel und SanyBio\u00ae \u00f6kologische Haushaltsprodukte her. Pflanzen und \u00e4therische \u00d6le&nbsp;<a href=\"https:\/\/bien-etreiris.ch\/de\/unsere-marken\/scientia-natura\/\" class=\"read-more\">Weiter lesen<\/a><\/p>\n","protected":false},"author":1,"featured_media":47245,"parent":44406,"menu_order":5416,"comment_status":"closed","ping_status":"closed","template":"page-with-child.php","meta":{"_acf_changed":false,"ngg_post_thumbnail":0,"footnotes":""},"class_list":["post-47259","page","type-page","status-publish","has-post-thumbnail","hentry"],"acf":[],"yoast_head":"<!-- This site is optimized with the Yoast SEO plugin v27.5 - https:\/\/yoast.com\/product\/yoast-seo-wordpress\/ -->\n<title>SCIENTIA NATURA - WOHLBEFINDEN<\/title>\n<meta name=\"robots\" content=\"index, follow, max-snippet:-1, max-image-preview:large, max-video-preview:-1\" \/>\n<link rel=\"canonical\" href=\"https:\/\/bien-etreiris.ch\/de\/unsere-marken\/scientia-natura\/\" \/>\n<meta property=\"og:locale\" content=\"de_DE\" \/>\n<meta property=\"og:type\" content=\"article\" \/>\n<meta property=\"og:title\" content=\"SCIENTIA NATURA - WOHLBEFINDEN\" \/>\n<meta property=\"og:description\" content=\"Scientia Natura Scientia Natura Laboratories verf\u00fcgt \u00fcber 15 Jahre Erfahrung unter dem Label Nature et Progr\u00e8s und dem Label AB. Wir bieten Ihnen das Beste an Pflanzen, um Sie jeden Tag zu versorgen. Mit Strenge und Sorgfalt stellen wir unter dem Label Nature et Progr\u00e8s Helvetia Natura\u00ae Kosmetika, Flora Natura\u00ae Nahrungserg\u00e4nzungsmittel und SanyBio\u00ae \u00f6kologische Haushaltsprodukte her. Pflanzen und \u00e4therische \u00d6le&nbsp;Weiter lesen\" \/>\n<meta property=\"og:url\" content=\"https:\/\/bien-etreiris.ch\/de\/unsere-marken\/scientia-natura\/\" \/>\n<meta property=\"og:site_name\" content=\"WOHLBEFINDEN\" \/>\n<meta property=\"article:publisher\" content=\"https:\/\/www.facebook.com\/bienetreiris\/\" \/>\n<meta property=\"article:modified_time\" content=\"2021-06-08T16:57:23+00:00\" \/>\n<meta property=\"og:image\" content=\"https:\/\/bien-etreiris.ch\/wp-content\/uploads\/2021\/05\/Scientia-natura.png\" \/>\n\t<meta property=\"og:image:width\" content=\"436\" \/>\n\t<meta property=\"og:image:height\" content=\"334\" \/>\n\t<meta property=\"og:image:type\" content=\"image\/png\" \/>\n<meta name=\"twitter:label1\" content=\"Gesch\u00e4tzte Lesezeit\" \/>\n\t<meta name=\"twitter:data1\" content=\"2\u00a0Minuten\" \/>\n<script type=\"application\/ld+json\" class=\"yoast-schema-graph\">{\"@context\":\"https:\\\/\\\/schema.org\",\"@graph\":[{\"@type\":\"WebPage\",\"@id\":\"https:\\\/\\\/bien-etreiris.ch\\\/de\\\/unsere-marken\\\/scientia-natura\\\/\",\"url\":\"https:\\\/\\\/bien-etreiris.ch\\\/de\\\/unsere-marken\\\/scientia-natura\\\/\",\"name\":\"SCIENTIA NATURA - WOHLBEFINDEN\",\"isPartOf\":{\"@id\":\"https:\\\/\\\/bien-etreiris.ch\\\/de\\\/#website\"},\"primaryImageOfPage\":{\"@id\":\"https:\\\/\\\/bien-etreiris.ch\\\/de\\\/unsere-marken\\\/scientia-natura\\\/#primaryimage\"},\"image\":{\"@id\":\"https:\\\/\\\/bien-etreiris.ch\\\/de\\\/unsere-marken\\\/scientia-natura\\\/#primaryimage\"},\"thumbnailUrl\":\"https:\\\/\\\/bien-etreiris.ch\\\/wp-content\\\/uploads\\\/2021\\\/05\\\/Scientia-natura.png\",\"datePublished\":\"2021-05-26T11:12:22+00:00\",\"dateModified\":\"2021-06-08T16:57:23+00:00\",\"breadcrumb\":{\"@id\":\"https:\\\/\\\/bien-etreiris.ch\\\/de\\\/unsere-marken\\\/scientia-natura\\\/#breadcrumb\"},\"inLanguage\":\"de\",\"potentialAction\":[{\"@type\":\"ReadAction\",\"target\":[\"https:\\\/\\\/bien-etreiris.ch\\\/de\\\/unsere-marken\\\/scientia-natura\\\/\"]}]},{\"@type\":\"ImageObject\",\"inLanguage\":\"de\",\"@id\":\"https:\\\/\\\/bien-etreiris.ch\\\/de\\\/unsere-marken\\\/scientia-natura\\\/#primaryimage\",\"url\":\"https:\\\/\\\/bien-etreiris.ch\\\/wp-content\\\/uploads\\\/2021\\\/05\\\/Scientia-natura.png\",\"contentUrl\":\"https:\\\/\\\/bien-etreiris.ch\\\/wp-content\\\/uploads\\\/2021\\\/05\\\/Scientia-natura.png\",\"width\":436,\"height\":334},{\"@type\":\"BreadcrumbList\",\"@id\":\"https:\\\/\\\/bien-etreiris.ch\\\/de\\\/unsere-marken\\\/scientia-natura\\\/#breadcrumb\",\"itemListElement\":[{\"@type\":\"ListItem\",\"position\":1,\"name\":\"Home\",\"item\":\"https:\\\/\\\/bien-etreiris.ch\\\/de\\\/\"},{\"@type\":\"ListItem\",\"position\":2,\"name\":\"UNSERE MARKEN\",\"item\":\"https:\\\/\\\/bien-etreiris.ch\\\/de\\\/unsere-marken\\\/\"},{\"@type\":\"ListItem\",\"position\":3,\"name\":\"SCIENTIA NATURA\"}]},{\"@type\":\"WebSite\",\"@id\":\"https:\\\/\\\/bien-etreiris.ch\\\/de\\\/#website\",\"url\":\"https:\\\/\\\/bien-etreiris.ch\\\/de\\\/\",\"name\":\"Bien-\u00eatre Iris\",\"description\":\"IHRE Gesundheit ist uns wichtig\",\"potentialAction\":[{\"@type\":\"SearchAction\",\"target\":{\"@type\":\"EntryPoint\",\"urlTemplate\":\"https:\\\/\\\/bien-etreiris.ch\\\/de\\\/?s={search_term_string}\"},\"query-input\":{\"@type\":\"PropertyValueSpecification\",\"valueRequired\":true,\"valueName\":\"search_term_string\"}}],\"inLanguage\":\"de\"}]}<\/script>\n<!-- \/ Yoast SEO plugin. -->","yoast_head_json":{"title":"SCIENTIA NATURA - WOHLBEFINDEN","robots":{"index":"index","follow":"follow","max-snippet":"max-snippet:-1","max-image-preview":"max-image-preview:large","max-video-preview":"max-video-preview:-1"},"canonical":"https:\/\/bien-etreiris.ch\/de\/unsere-marken\/scientia-natura\/","og_locale":"de_DE","og_type":"article","og_title":"SCIENTIA NATURA - WOHLBEFINDEN","og_description":"Scientia Natura Scientia Natura Laboratories verf\u00fcgt \u00fcber 15 Jahre Erfahrung unter dem Label Nature et Progr\u00e8s und dem Label AB. Wir bieten Ihnen das Beste an Pflanzen, um Sie jeden Tag zu versorgen. Mit Strenge und Sorgfalt stellen wir unter dem Label Nature et Progr\u00e8s Helvetia Natura\u00ae Kosmetika, Flora Natura\u00ae Nahrungserg\u00e4nzungsmittel und SanyBio\u00ae \u00f6kologische Haushaltsprodukte her. Pflanzen und \u00e4therische \u00d6le&nbsp;Weiter lesen","og_url":"https:\/\/bien-etreiris.ch\/de\/unsere-marken\/scientia-natura\/","og_site_name":"WOHLBEFINDEN","article_publisher":"https:\/\/www.facebook.com\/bienetreiris\/","article_modified_time":"2021-06-08T16:57:23+00:00","og_image":[{"width":436,"height":334,"url":"https:\/\/bien-etreiris.ch\/wp-content\/uploads\/2021\/05\/Scientia-natura.png","type":"image\/png"}],"twitter_misc":{"Gesch\u00e4tzte Lesezeit":"2\u00a0Minuten"},"schema":{"@context":"https:\/\/schema.org","@graph":[{"@type":"WebPage","@id":"https:\/\/bien-etreiris.ch\/de\/unsere-marken\/scientia-natura\/","url":"https:\/\/bien-etreiris.ch\/de\/unsere-marken\/scientia-natura\/","name":"SCIENTIA NATURA - WOHLBEFINDEN","isPartOf":{"@id":"https:\/\/bien-etreiris.ch\/de\/#website"},"primaryImageOfPage":{"@id":"https:\/\/bien-etreiris.ch\/de\/unsere-marken\/scientia-natura\/#primaryimage"},"image":{"@id":"https:\/\/bien-etreiris.ch\/de\/unsere-marken\/scientia-natura\/#primaryimage"},"thumbnailUrl":"https:\/\/bien-etreiris.ch\/wp-content\/uploads\/2021\/05\/Scientia-natura.png","datePublished":"2021-05-26T11:12:22+00:00","dateModified":"2021-06-08T16:57:23+00:00","breadcrumb":{"@id":"https:\/\/bien-etreiris.ch\/de\/unsere-marken\/scientia-natura\/#breadcrumb"},"inLanguage":"de","potentialAction":[{"@type":"ReadAction","target":["https:\/\/bien-etreiris.ch\/de\/unsere-marken\/scientia-natura\/"]}]},{"@type":"ImageObject","inLanguage":"de","@id":"https:\/\/bien-etreiris.ch\/de\/unsere-marken\/scientia-natura\/#primaryimage","url":"https:\/\/bien-etreiris.ch\/wp-content\/uploads\/2021\/05\/Scientia-natura.png","contentUrl":"https:\/\/bien-etreiris.ch\/wp-content\/uploads\/2021\/05\/Scientia-natura.png","width":436,"height":334},{"@type":"BreadcrumbList","@id":"https:\/\/bien-etreiris.ch\/de\/unsere-marken\/scientia-natura\/#breadcrumb","itemListElement":[{"@type":"ListItem","position":1,"name":"Home","item":"https:\/\/bien-etreiris.ch\/de\/"},{"@type":"ListItem","position":2,"name":"UNSERE MARKEN","item":"https:\/\/bien-etreiris.ch\/de\/unsere-marken\/"},{"@type":"ListItem","position":3,"name":"SCIENTIA NATURA"}]},{"@type":"WebSite","@id":"https:\/\/bien-etreiris.ch\/de\/#website","url":"https:\/\/bien-etreiris.ch\/de\/","name":"Bien-\u00eatre Iris","description":"IHRE Gesundheit ist uns wichtig","potentialAction":[{"@type":"SearchAction","target":{"@type":"EntryPoint","urlTemplate":"https:\/\/bien-etreiris.ch\/de\/?s={search_term_string}"},"query-input":{"@type":"PropertyValueSpecification","valueRequired":true,"valueName":"search_term_string"}}],"inLanguage":"de"}]}},"_links":{"self":[{"href":"https:\/\/bien-etreiris.ch\/de\/wp-json\/wp\/v2\/pages\/47259","targetHints":{"allow":["GET"]}}],"collection":[{"href":"https:\/\/bien-etreiris.ch\/de\/wp-json\/wp\/v2\/pages"}],"about":[{"href":"https:\/\/bien-etreiris.ch\/de\/wp-json\/wp\/v2\/types\/page"}],"author":[{"embeddable":true,"href":"https:\/\/bien-etreiris.ch\/de\/wp-json\/wp\/v2\/users\/1"}],"replies":[{"embeddable":true,"href":"https:\/\/bien-etreiris.ch\/de\/wp-json\/wp\/v2\/comments?post=47259"}],"version-history":[{"count":6,"href":"https:\/\/bien-etreiris.ch\/de\/wp-json\/wp\/v2\/pages\/47259\/revisions"}],"predecessor-version":[{"id":50136,"href":"https:\/\/bien-etreiris.ch\/de\/wp-json\/wp\/v2\/pages\/47259\/revisions\/50136"}],"up":[{"embeddable":true,"href":"https:\/\/bien-etreiris.ch\/de\/wp-json\/wp\/v2\/pages\/44406"}],"wp:featuredmedia":[{"embeddable":true,"href":"https:\/\/bien-etreiris.ch\/de\/wp-json\/wp\/v2\/media\/47245"}],"wp:attachment":[{"href":"https:\/\/bien-etreiris.ch\/de\/wp-json\/wp\/v2\/media?parent=47259"}],"curies":[{"name":"wp","href":"https:\/\/api.w.org\/{rel}","templated":true}]}}