{"id":47234,"date":"2021-05-21T13:49:52","date_gmt":"2021-05-21T11:49:52","guid":{"rendered":"https:\/\/bien-etreiris.ch\/unsere-marken\/amanprama\/"},"modified":"2021-06-08T21:31:17","modified_gmt":"2021-06-08T19:31:17","slug":"amanprama","status":"publish","type":"page","link":"https:\/\/bien-etreiris.ch\/de\/unsere-marken\/amanprama\/","title":{"rendered":"AMANPRAMA"},"content":{"rendered":"\n<h2>Amanprana<\/h2>\n<p>ist ein kleines, familiengef\u00fchrtes Bio-Unternehmen.<\/p>\n<p>\"Lebensmittel als Medizin\", \"Rettet das Meer\", \"Was man nicht essen kann, tr\u00e4gt man nicht auf der Haut\" und der \"Cradle to Cradle\"-Recyclingprozess stehen hoch im Kurs des Unternehmens.<br>und den Recyclingprozess \"von der Wiege bis zur Wiege\" hoch auf die Fahne geschrieben.<\/p>\n<p>Die Etiketten und der Kleber sind kompostierbar. Die Verpackung besteht aus Glas oder<br>Glas oder Papier, niemals Plastik. Immer die beste Qualit\u00e4t. Inhaltsstoffe<br>r\u00fcckverfolgbar. Wir bevorzugen den fairen Handel: Die Erzeuger sind unsere Helden.<\/p>\n<p>Amanprana Produkte sind 100% nat\u00fcrlich und biologisch.<\/p>\n<p>Lassen Sie Ihre Nahrung Ihre Medizin sein und die Medizin Ihre Nahrung.<\/p>\n<p>Amanprana bietet eine Reihe von Produkten, die unsere Vitalit\u00e4t unterst\u00fctzen<br>ohne unserem K\u00f6rper oder Geist zu schaden. Kurz gesagt: sanft, ohne<br>ohne \u00dcberschuss. Amanprana glaubt nicht an \"Zauberpillen\".<\/p>\n<p>&nbsp;<\/p>\n<p>&nbsp;<\/p>\n<h2><a href=\"https:\/\/bien-etreiris.ch\/de\/produktpraesentation\/hygiene\/koerperpflege\/mundhygiene\/zahnschmerzen\/\" target=\"_blank\" rel=\"noopener\">ZAHNSCHMERZEN<\/a><\/h2>\n<p>&nbsp;<\/p>\n<h2><a href=\"https:\/\/bien-etreiris.ch\/de\/produktpraesentation\/gesundes-leben\/gesunde-nahrungsmittel\/superfoods-lebensmittel\/pasten-und-puerees\/schwarze-knoblauchpaste\/\" target=\"_blank\" rel=\"noopener\">SCHWARZE KNOBLAUCHPASTE<\/a><\/h2>\n<p>&nbsp;<\/p>\n<p>&nbsp;<\/p>\n<p>&nbsp;<\/p>\n<p>&nbsp;<\/p>\n","protected":false},"excerpt":{"rendered":"<p>Amanprana ist ein kleines, familiengef\u00fchrtes Bio-Unternehmen. \"Lebensmittel als Medizin\", \"Rettet das Meer\", \"Was man nicht essen kann, tr\u00e4gt man nicht auf der Haut\" und der \"Cradle to Cradle\"-Recyclingprozess stehen hoch im Kurs des Unternehmens.und den Recyclingprozess \"von der Wiege bis zur Wiege\" hoch auf die Fahne geschrieben. Die Etiketten und der Kleber sind kompostierbar. Die Verpackung besteht aus Glas oderGlas&nbsp;<a href=\"https:\/\/bien-etreiris.ch\/de\/unsere-marken\/amanprama\/\" class=\"read-more\">Weiter lesen<\/a><\/p>\n","protected":false},"author":1,"featured_media":45616,"parent":44406,"menu_order":5647,"comment_status":"closed","ping_status":"closed","template":"page-with-child.php","meta":{"_acf_changed":false,"ngg_post_thumbnail":0,"footnotes":""},"class_list":["post-47234","page","type-page","status-publish","has-post-thumbnail","hentry"],"acf":[],"yoast_head":"<!-- This site is optimized with the Yoast SEO plugin v27.5 - https:\/\/yoast.com\/product\/yoast-seo-wordpress\/ -->\n<title>AMANPRAMA - WOHLBEFINDEN<\/title>\n<meta name=\"robots\" content=\"index, follow, max-snippet:-1, max-image-preview:large, max-video-preview:-1\" \/>\n<link rel=\"canonical\" href=\"https:\/\/bien-etreiris.ch\/de\/unsere-marken\/amanprama\/\" \/>\n<meta property=\"og:locale\" content=\"de_DE\" \/>\n<meta property=\"og:type\" content=\"article\" \/>\n<meta property=\"og:title\" content=\"AMANPRAMA - WOHLBEFINDEN\" \/>\n<meta property=\"og:description\" content=\"Amanprana ist ein kleines, familiengef\u00fchrtes Bio-Unternehmen. &quot;Lebensmittel als Medizin&quot;, &quot;Rettet das Meer&quot;, &quot;Was man nicht essen kann, tr\u00e4gt man nicht auf der Haut&quot; und der &quot;Cradle to Cradle&quot;-Recyclingprozess stehen hoch im Kurs des Unternehmens.und den Recyclingprozess &quot;von der Wiege bis zur Wiege&quot; hoch auf die Fahne geschrieben. Die Etiketten und der Kleber sind kompostierbar. Die Verpackung besteht aus Glas oderGlas&nbsp;Weiter lesen\" \/>\n<meta property=\"og:url\" content=\"https:\/\/bien-etreiris.ch\/de\/unsere-marken\/amanprama\/\" \/>\n<meta property=\"og:site_name\" content=\"WOHLBEFINDEN\" \/>\n<meta property=\"article:publisher\" content=\"https:\/\/www.facebook.com\/bienetreiris\/\" \/>\n<meta property=\"article:modified_time\" content=\"2021-06-08T19:31:17+00:00\" \/>\n<meta property=\"og:image\" content=\"https:\/\/bien-etreiris.ch\/wp-content\/uploads\/2021\/05\/AmanPrama.png\" \/>\n\t<meta property=\"og:image:width\" content=\"500\" \/>\n\t<meta property=\"og:image:height\" content=\"334\" \/>\n\t<meta property=\"og:image:type\" content=\"image\/png\" \/>\n<meta name=\"twitter:label1\" content=\"Gesch\u00e4tzte Lesezeit\" \/>\n\t<meta name=\"twitter:data1\" content=\"1\u00a0Minute\" \/>\n<script type=\"application\/ld+json\" class=\"yoast-schema-graph\">{\"@context\":\"https:\\\/\\\/schema.org\",\"@graph\":[{\"@type\":\"WebPage\",\"@id\":\"https:\\\/\\\/bien-etreiris.ch\\\/de\\\/unsere-marken\\\/amanprama\\\/\",\"url\":\"https:\\\/\\\/bien-etreiris.ch\\\/de\\\/unsere-marken\\\/amanprama\\\/\",\"name\":\"AMANPRAMA - WOHLBEFINDEN\",\"isPartOf\":{\"@id\":\"https:\\\/\\\/bien-etreiris.ch\\\/de\\\/#website\"},\"primaryImageOfPage\":{\"@id\":\"https:\\\/\\\/bien-etreiris.ch\\\/de\\\/unsere-marken\\\/amanprama\\\/#primaryimage\"},\"image\":{\"@id\":\"https:\\\/\\\/bien-etreiris.ch\\\/de\\\/unsere-marken\\\/amanprama\\\/#primaryimage\"},\"thumbnailUrl\":\"https:\\\/\\\/bien-etreiris.ch\\\/wp-content\\\/uploads\\\/2021\\\/05\\\/AmanPrama.png\",\"datePublished\":\"2021-05-21T11:49:52+00:00\",\"dateModified\":\"2021-06-08T19:31:17+00:00\",\"breadcrumb\":{\"@id\":\"https:\\\/\\\/bien-etreiris.ch\\\/de\\\/unsere-marken\\\/amanprama\\\/#breadcrumb\"},\"inLanguage\":\"de\",\"potentialAction\":[{\"@type\":\"ReadAction\",\"target\":[\"https:\\\/\\\/bien-etreiris.ch\\\/de\\\/unsere-marken\\\/amanprama\\\/\"]}]},{\"@type\":\"ImageObject\",\"inLanguage\":\"de\",\"@id\":\"https:\\\/\\\/bien-etreiris.ch\\\/de\\\/unsere-marken\\\/amanprama\\\/#primaryimage\",\"url\":\"https:\\\/\\\/bien-etreiris.ch\\\/wp-content\\\/uploads\\\/2021\\\/05\\\/AmanPrama.png\",\"contentUrl\":\"https:\\\/\\\/bien-etreiris.ch\\\/wp-content\\\/uploads\\\/2021\\\/05\\\/AmanPrama.png\",\"width\":500,\"height\":334},{\"@type\":\"BreadcrumbList\",\"@id\":\"https:\\\/\\\/bien-etreiris.ch\\\/de\\\/unsere-marken\\\/amanprama\\\/#breadcrumb\",\"itemListElement\":[{\"@type\":\"ListItem\",\"position\":1,\"name\":\"Home\",\"item\":\"https:\\\/\\\/bien-etreiris.ch\\\/de\\\/\"},{\"@type\":\"ListItem\",\"position\":2,\"name\":\"UNSERE MARKEN\",\"item\":\"https:\\\/\\\/bien-etreiris.ch\\\/de\\\/unsere-marken\\\/\"},{\"@type\":\"ListItem\",\"position\":3,\"name\":\"AMANPRAMA\"}]},{\"@type\":\"WebSite\",\"@id\":\"https:\\\/\\\/bien-etreiris.ch\\\/de\\\/#website\",\"url\":\"https:\\\/\\\/bien-etreiris.ch\\\/de\\\/\",\"name\":\"Bien-\u00eatre Iris\",\"description\":\"IHRE Gesundheit ist uns wichtig\",\"potentialAction\":[{\"@type\":\"SearchAction\",\"target\":{\"@type\":\"EntryPoint\",\"urlTemplate\":\"https:\\\/\\\/bien-etreiris.ch\\\/de\\\/?s={search_term_string}\"},\"query-input\":{\"@type\":\"PropertyValueSpecification\",\"valueRequired\":true,\"valueName\":\"search_term_string\"}}],\"inLanguage\":\"de\"}]}<\/script>\n<!-- \/ Yoast SEO plugin. -->","yoast_head_json":{"title":"AMANPRAMA - WOHLBEFINDEN","robots":{"index":"index","follow":"follow","max-snippet":"max-snippet:-1","max-image-preview":"max-image-preview:large","max-video-preview":"max-video-preview:-1"},"canonical":"https:\/\/bien-etreiris.ch\/de\/unsere-marken\/amanprama\/","og_locale":"de_DE","og_type":"article","og_title":"AMANPRAMA - WOHLBEFINDEN","og_description":"Amanprana ist ein kleines, familiengef\u00fchrtes Bio-Unternehmen. \"Lebensmittel als Medizin\", \"Rettet das Meer\", \"Was man nicht essen kann, tr\u00e4gt man nicht auf der Haut\" und der \"Cradle to Cradle\"-Recyclingprozess stehen hoch im Kurs des Unternehmens.und den Recyclingprozess \"von der Wiege bis zur Wiege\" hoch auf die Fahne geschrieben. Die Etiketten und der Kleber sind kompostierbar. Die Verpackung besteht aus Glas oderGlas&nbsp;Weiter lesen","og_url":"https:\/\/bien-etreiris.ch\/de\/unsere-marken\/amanprama\/","og_site_name":"WOHLBEFINDEN","article_publisher":"https:\/\/www.facebook.com\/bienetreiris\/","article_modified_time":"2021-06-08T19:31:17+00:00","og_image":[{"width":500,"height":334,"url":"https:\/\/bien-etreiris.ch\/wp-content\/uploads\/2021\/05\/AmanPrama.png","type":"image\/png"}],"twitter_misc":{"Gesch\u00e4tzte Lesezeit":"1\u00a0Minute"},"schema":{"@context":"https:\/\/schema.org","@graph":[{"@type":"WebPage","@id":"https:\/\/bien-etreiris.ch\/de\/unsere-marken\/amanprama\/","url":"https:\/\/bien-etreiris.ch\/de\/unsere-marken\/amanprama\/","name":"AMANPRAMA - WOHLBEFINDEN","isPartOf":{"@id":"https:\/\/bien-etreiris.ch\/de\/#website"},"primaryImageOfPage":{"@id":"https:\/\/bien-etreiris.ch\/de\/unsere-marken\/amanprama\/#primaryimage"},"image":{"@id":"https:\/\/bien-etreiris.ch\/de\/unsere-marken\/amanprama\/#primaryimage"},"thumbnailUrl":"https:\/\/bien-etreiris.ch\/wp-content\/uploads\/2021\/05\/AmanPrama.png","datePublished":"2021-05-21T11:49:52+00:00","dateModified":"2021-06-08T19:31:17+00:00","breadcrumb":{"@id":"https:\/\/bien-etreiris.ch\/de\/unsere-marken\/amanprama\/#breadcrumb"},"inLanguage":"de","potentialAction":[{"@type":"ReadAction","target":["https:\/\/bien-etreiris.ch\/de\/unsere-marken\/amanprama\/"]}]},{"@type":"ImageObject","inLanguage":"de","@id":"https:\/\/bien-etreiris.ch\/de\/unsere-marken\/amanprama\/#primaryimage","url":"https:\/\/bien-etreiris.ch\/wp-content\/uploads\/2021\/05\/AmanPrama.png","contentUrl":"https:\/\/bien-etreiris.ch\/wp-content\/uploads\/2021\/05\/AmanPrama.png","width":500,"height":334},{"@type":"BreadcrumbList","@id":"https:\/\/bien-etreiris.ch\/de\/unsere-marken\/amanprama\/#breadcrumb","itemListElement":[{"@type":"ListItem","position":1,"name":"Home","item":"https:\/\/bien-etreiris.ch\/de\/"},{"@type":"ListItem","position":2,"name":"UNSERE MARKEN","item":"https:\/\/bien-etreiris.ch\/de\/unsere-marken\/"},{"@type":"ListItem","position":3,"name":"AMANPRAMA"}]},{"@type":"WebSite","@id":"https:\/\/bien-etreiris.ch\/de\/#website","url":"https:\/\/bien-etreiris.ch\/de\/","name":"Bien-\u00eatre Iris","description":"IHRE Gesundheit ist uns wichtig","potentialAction":[{"@type":"SearchAction","target":{"@type":"EntryPoint","urlTemplate":"https:\/\/bien-etreiris.ch\/de\/?s={search_term_string}"},"query-input":{"@type":"PropertyValueSpecification","valueRequired":true,"valueName":"search_term_string"}}],"inLanguage":"de"}]}},"_links":{"self":[{"href":"https:\/\/bien-etreiris.ch\/de\/wp-json\/wp\/v2\/pages\/47234","targetHints":{"allow":["GET"]}}],"collection":[{"href":"https:\/\/bien-etreiris.ch\/de\/wp-json\/wp\/v2\/pages"}],"about":[{"href":"https:\/\/bien-etreiris.ch\/de\/wp-json\/wp\/v2\/types\/page"}],"author":[{"embeddable":true,"href":"https:\/\/bien-etreiris.ch\/de\/wp-json\/wp\/v2\/users\/1"}],"replies":[{"embeddable":true,"href":"https:\/\/bien-etreiris.ch\/de\/wp-json\/wp\/v2\/comments?post=47234"}],"version-history":[{"count":7,"href":"https:\/\/bien-etreiris.ch\/de\/wp-json\/wp\/v2\/pages\/47234\/revisions"}],"predecessor-version":[{"id":50181,"href":"https:\/\/bien-etreiris.ch\/de\/wp-json\/wp\/v2\/pages\/47234\/revisions\/50181"}],"up":[{"embeddable":true,"href":"https:\/\/bien-etreiris.ch\/de\/wp-json\/wp\/v2\/pages\/44406"}],"wp:featuredmedia":[{"embeddable":true,"href":"https:\/\/bien-etreiris.ch\/de\/wp-json\/wp\/v2\/media\/45616"}],"wp:attachment":[{"href":"https:\/\/bien-etreiris.ch\/de\/wp-json\/wp\/v2\/media?parent=47234"}],"curies":[{"name":"wp","href":"https:\/\/api.w.org\/{rel}","templated":true}]}}