{"id":47135,"date":"2021-05-26T08:31:26","date_gmt":"2021-05-26T06:31:26","guid":{"rendered":"https:\/\/bien-etreiris.ch\/?page_id=47135"},"modified":"2021-06-08T10:21:45","modified_gmt":"2021-06-08T08:21:45","slug":"govinda","status":"publish","type":"page","link":"https:\/\/bien-etreiris.ch\/de\/unsere-marken\/govinda\/","title":{"rendered":"GOVINDA"},"content":{"rendered":"\n<h2>Govinda<\/h2>\n<p>vom kleinen Bioladen zum internationalen Unternehmen.<\/p>\n<p>Seit 30 Jahren stehen wir f\u00fcr h\u00f6chste Qualit\u00e4t, ganzheitliche Ern\u00e4hrung und die neuesten Trends bei Bio-Produkten.<\/p>\n<p>Der \u00f6kologische Landbau ist f\u00fcr uns eine Grundvoraussetzung, aber er reicht bei weitem nicht aus. Faire L\u00f6hne und Arbeitsbedingungen sowie eine schonende und sorgf\u00e4ltige Verarbeitung unserer Produkte sind f\u00fcr uns eine Selbstverst\u00e4ndlichkeit.<\/p>\n<p>Vom ballaststoffreichen Fr\u00fchst\u00fcck bis zum fleischfreien Abendessen, von veredelten Snacks bis zu glutenfreien Backwaren: Hier finden Sie alles.<\/p>\n<p>In 30 Jahren haben wir ein Unternehmen aufgebaut, das sich vor allem um eines k\u00fcmmert: um Sie. Wir w\u00fcnschen Ihnen viel Spass beim St\u00f6bern und Entdecken. Wenn Sie Fragen haben oder Hilfe ben\u00f6tigen, sind wir f\u00fcr Sie da.<\/p>\n<p>&nbsp;<\/p>\n<h2 class=\"child_title\"><a href=\"https:\/\/bien-etreiris.ch\/de\/produktpraesentation\/gesundes-leben\/gesunde-nahrungsmittel\/intoleranz\/ohne-gluten\/teigwaren-ohne-gluten\/spiralfoermige-teigwaren\/\" target=\"_blank\" rel=\"noopener\">SPIRALF\u00d6RMIGE TEIGWAREN<\/a><\/h2>\n","protected":false},"excerpt":{"rendered":"<p>Govinda vom kleinen Bioladen zum internationalen Unternehmen. Seit 30 Jahren stehen wir f\u00fcr h\u00f6chste Qualit\u00e4t, ganzheitliche Ern\u00e4hrung und die neuesten Trends bei Bio-Produkten. Der \u00f6kologische Landbau ist f\u00fcr uns eine Grundvoraussetzung, aber er reicht bei weitem nicht aus. Faire L\u00f6hne und Arbeitsbedingungen sowie eine schonende und sorgf\u00e4ltige Verarbeitung unserer Produkte sind f\u00fcr uns eine Selbstverst\u00e4ndlichkeit. Vom ballaststoffreichen Fr\u00fchst\u00fcck bis zum&nbsp;<a href=\"https:\/\/bien-etreiris.ch\/de\/unsere-marken\/govinda\/\" class=\"read-more\">Weiter lesen<\/a><\/p>\n","protected":false},"author":1,"featured_media":47133,"parent":44406,"menu_order":5435,"comment_status":"closed","ping_status":"closed","template":"page-with-child.php","meta":{"_acf_changed":false,"ngg_post_thumbnail":0,"footnotes":""},"class_list":["post-47135","page","type-page","status-publish","has-post-thumbnail","hentry"],"acf":[],"yoast_head":"<!-- This site is optimized with the Yoast SEO plugin v27.5 - https:\/\/yoast.com\/product\/yoast-seo-wordpress\/ -->\n<title>GOVINDA - WOHLBEFINDEN<\/title>\n<meta name=\"robots\" content=\"index, follow, max-snippet:-1, max-image-preview:large, max-video-preview:-1\" \/>\n<link rel=\"canonical\" href=\"https:\/\/bien-etreiris.ch\/de\/unsere-marken\/govinda\/\" \/>\n<meta property=\"og:locale\" content=\"de_DE\" \/>\n<meta property=\"og:type\" content=\"article\" \/>\n<meta property=\"og:title\" content=\"GOVINDA - WOHLBEFINDEN\" \/>\n<meta property=\"og:description\" content=\"Govinda vom kleinen Bioladen zum internationalen Unternehmen. Seit 30 Jahren stehen wir f\u00fcr h\u00f6chste Qualit\u00e4t, ganzheitliche Ern\u00e4hrung und die neuesten Trends bei Bio-Produkten. Der \u00f6kologische Landbau ist f\u00fcr uns eine Grundvoraussetzung, aber er reicht bei weitem nicht aus. Faire L\u00f6hne und Arbeitsbedingungen sowie eine schonende und sorgf\u00e4ltige Verarbeitung unserer Produkte sind f\u00fcr uns eine Selbstverst\u00e4ndlichkeit. Vom ballaststoffreichen Fr\u00fchst\u00fcck bis zum&nbsp;Weiter lesen\" \/>\n<meta property=\"og:url\" content=\"https:\/\/bien-etreiris.ch\/de\/unsere-marken\/govinda\/\" \/>\n<meta property=\"og:site_name\" content=\"WOHLBEFINDEN\" \/>\n<meta property=\"article:publisher\" content=\"https:\/\/www.facebook.com\/bienetreiris\/\" \/>\n<meta property=\"article:modified_time\" content=\"2021-06-08T08:21:45+00:00\" \/>\n<meta property=\"og:image\" content=\"https:\/\/bien-etreiris.ch\/wp-content\/uploads\/2021\/05\/Govinda.jpg\" \/>\n\t<meta property=\"og:image:width\" content=\"500\" \/>\n\t<meta property=\"og:image:height\" content=\"335\" \/>\n\t<meta property=\"og:image:type\" content=\"image\/jpeg\" \/>\n<meta name=\"twitter:label1\" content=\"Gesch\u00e4tzte Lesezeit\" \/>\n\t<meta name=\"twitter:data1\" content=\"1\u00a0Minute\" \/>\n<script type=\"application\/ld+json\" class=\"yoast-schema-graph\">{\"@context\":\"https:\\\/\\\/schema.org\",\"@graph\":[{\"@type\":\"WebPage\",\"@id\":\"https:\\\/\\\/bien-etreiris.ch\\\/de\\\/unsere-marken\\\/govinda\\\/\",\"url\":\"https:\\\/\\\/bien-etreiris.ch\\\/de\\\/unsere-marken\\\/govinda\\\/\",\"name\":\"GOVINDA - WOHLBEFINDEN\",\"isPartOf\":{\"@id\":\"https:\\\/\\\/bien-etreiris.ch\\\/de\\\/#website\"},\"primaryImageOfPage\":{\"@id\":\"https:\\\/\\\/bien-etreiris.ch\\\/de\\\/unsere-marken\\\/govinda\\\/#primaryimage\"},\"image\":{\"@id\":\"https:\\\/\\\/bien-etreiris.ch\\\/de\\\/unsere-marken\\\/govinda\\\/#primaryimage\"},\"thumbnailUrl\":\"https:\\\/\\\/bien-etreiris.ch\\\/wp-content\\\/uploads\\\/2021\\\/05\\\/Govinda.jpg\",\"datePublished\":\"2021-05-26T06:31:26+00:00\",\"dateModified\":\"2021-06-08T08:21:45+00:00\",\"breadcrumb\":{\"@id\":\"https:\\\/\\\/bien-etreiris.ch\\\/de\\\/unsere-marken\\\/govinda\\\/#breadcrumb\"},\"inLanguage\":\"de\",\"potentialAction\":[{\"@type\":\"ReadAction\",\"target\":[\"https:\\\/\\\/bien-etreiris.ch\\\/de\\\/unsere-marken\\\/govinda\\\/\"]}]},{\"@type\":\"ImageObject\",\"inLanguage\":\"de\",\"@id\":\"https:\\\/\\\/bien-etreiris.ch\\\/de\\\/unsere-marken\\\/govinda\\\/#primaryimage\",\"url\":\"https:\\\/\\\/bien-etreiris.ch\\\/wp-content\\\/uploads\\\/2021\\\/05\\\/Govinda.jpg\",\"contentUrl\":\"https:\\\/\\\/bien-etreiris.ch\\\/wp-content\\\/uploads\\\/2021\\\/05\\\/Govinda.jpg\",\"width\":500,\"height\":335},{\"@type\":\"BreadcrumbList\",\"@id\":\"https:\\\/\\\/bien-etreiris.ch\\\/de\\\/unsere-marken\\\/govinda\\\/#breadcrumb\",\"itemListElement\":[{\"@type\":\"ListItem\",\"position\":1,\"name\":\"Home\",\"item\":\"https:\\\/\\\/bien-etreiris.ch\\\/de\\\/\"},{\"@type\":\"ListItem\",\"position\":2,\"name\":\"UNSERE MARKEN\",\"item\":\"https:\\\/\\\/bien-etreiris.ch\\\/de\\\/unsere-marken\\\/\"},{\"@type\":\"ListItem\",\"position\":3,\"name\":\"GOVINDA\"}]},{\"@type\":\"WebSite\",\"@id\":\"https:\\\/\\\/bien-etreiris.ch\\\/de\\\/#website\",\"url\":\"https:\\\/\\\/bien-etreiris.ch\\\/de\\\/\",\"name\":\"Bien-\u00eatre Iris\",\"description\":\"IHRE Gesundheit ist uns wichtig\",\"potentialAction\":[{\"@type\":\"SearchAction\",\"target\":{\"@type\":\"EntryPoint\",\"urlTemplate\":\"https:\\\/\\\/bien-etreiris.ch\\\/de\\\/?s={search_term_string}\"},\"query-input\":{\"@type\":\"PropertyValueSpecification\",\"valueRequired\":true,\"valueName\":\"search_term_string\"}}],\"inLanguage\":\"de\"}]}<\/script>\n<!-- \/ Yoast SEO plugin. -->","yoast_head_json":{"title":"GOVINDA - WOHLBEFINDEN","robots":{"index":"index","follow":"follow","max-snippet":"max-snippet:-1","max-image-preview":"max-image-preview:large","max-video-preview":"max-video-preview:-1"},"canonical":"https:\/\/bien-etreiris.ch\/de\/unsere-marken\/govinda\/","og_locale":"de_DE","og_type":"article","og_title":"GOVINDA - WOHLBEFINDEN","og_description":"Govinda vom kleinen Bioladen zum internationalen Unternehmen. Seit 30 Jahren stehen wir f\u00fcr h\u00f6chste Qualit\u00e4t, ganzheitliche Ern\u00e4hrung und die neuesten Trends bei Bio-Produkten. Der \u00f6kologische Landbau ist f\u00fcr uns eine Grundvoraussetzung, aber er reicht bei weitem nicht aus. Faire L\u00f6hne und Arbeitsbedingungen sowie eine schonende und sorgf\u00e4ltige Verarbeitung unserer Produkte sind f\u00fcr uns eine Selbstverst\u00e4ndlichkeit. Vom ballaststoffreichen Fr\u00fchst\u00fcck bis zum&nbsp;Weiter lesen","og_url":"https:\/\/bien-etreiris.ch\/de\/unsere-marken\/govinda\/","og_site_name":"WOHLBEFINDEN","article_publisher":"https:\/\/www.facebook.com\/bienetreiris\/","article_modified_time":"2021-06-08T08:21:45+00:00","og_image":[{"width":500,"height":335,"url":"https:\/\/bien-etreiris.ch\/wp-content\/uploads\/2021\/05\/Govinda.jpg","type":"image\/jpeg"}],"twitter_misc":{"Gesch\u00e4tzte Lesezeit":"1\u00a0Minute"},"schema":{"@context":"https:\/\/schema.org","@graph":[{"@type":"WebPage","@id":"https:\/\/bien-etreiris.ch\/de\/unsere-marken\/govinda\/","url":"https:\/\/bien-etreiris.ch\/de\/unsere-marken\/govinda\/","name":"GOVINDA - WOHLBEFINDEN","isPartOf":{"@id":"https:\/\/bien-etreiris.ch\/de\/#website"},"primaryImageOfPage":{"@id":"https:\/\/bien-etreiris.ch\/de\/unsere-marken\/govinda\/#primaryimage"},"image":{"@id":"https:\/\/bien-etreiris.ch\/de\/unsere-marken\/govinda\/#primaryimage"},"thumbnailUrl":"https:\/\/bien-etreiris.ch\/wp-content\/uploads\/2021\/05\/Govinda.jpg","datePublished":"2021-05-26T06:31:26+00:00","dateModified":"2021-06-08T08:21:45+00:00","breadcrumb":{"@id":"https:\/\/bien-etreiris.ch\/de\/unsere-marken\/govinda\/#breadcrumb"},"inLanguage":"de","potentialAction":[{"@type":"ReadAction","target":["https:\/\/bien-etreiris.ch\/de\/unsere-marken\/govinda\/"]}]},{"@type":"ImageObject","inLanguage":"de","@id":"https:\/\/bien-etreiris.ch\/de\/unsere-marken\/govinda\/#primaryimage","url":"https:\/\/bien-etreiris.ch\/wp-content\/uploads\/2021\/05\/Govinda.jpg","contentUrl":"https:\/\/bien-etreiris.ch\/wp-content\/uploads\/2021\/05\/Govinda.jpg","width":500,"height":335},{"@type":"BreadcrumbList","@id":"https:\/\/bien-etreiris.ch\/de\/unsere-marken\/govinda\/#breadcrumb","itemListElement":[{"@type":"ListItem","position":1,"name":"Home","item":"https:\/\/bien-etreiris.ch\/de\/"},{"@type":"ListItem","position":2,"name":"UNSERE MARKEN","item":"https:\/\/bien-etreiris.ch\/de\/unsere-marken\/"},{"@type":"ListItem","position":3,"name":"GOVINDA"}]},{"@type":"WebSite","@id":"https:\/\/bien-etreiris.ch\/de\/#website","url":"https:\/\/bien-etreiris.ch\/de\/","name":"Bien-\u00eatre Iris","description":"IHRE Gesundheit ist uns wichtig","potentialAction":[{"@type":"SearchAction","target":{"@type":"EntryPoint","urlTemplate":"https:\/\/bien-etreiris.ch\/de\/?s={search_term_string}"},"query-input":{"@type":"PropertyValueSpecification","valueRequired":true,"valueName":"search_term_string"}}],"inLanguage":"de"}]}},"_links":{"self":[{"href":"https:\/\/bien-etreiris.ch\/de\/wp-json\/wp\/v2\/pages\/47135","targetHints":{"allow":["GET"]}}],"collection":[{"href":"https:\/\/bien-etreiris.ch\/de\/wp-json\/wp\/v2\/pages"}],"about":[{"href":"https:\/\/bien-etreiris.ch\/de\/wp-json\/wp\/v2\/types\/page"}],"author":[{"embeddable":true,"href":"https:\/\/bien-etreiris.ch\/de\/wp-json\/wp\/v2\/users\/1"}],"replies":[{"embeddable":true,"href":"https:\/\/bien-etreiris.ch\/de\/wp-json\/wp\/v2\/comments?post=47135"}],"version-history":[{"count":4,"href":"https:\/\/bien-etreiris.ch\/de\/wp-json\/wp\/v2\/pages\/47135\/revisions"}],"predecessor-version":[{"id":50034,"href":"https:\/\/bien-etreiris.ch\/de\/wp-json\/wp\/v2\/pages\/47135\/revisions\/50034"}],"up":[{"embeddable":true,"href":"https:\/\/bien-etreiris.ch\/de\/wp-json\/wp\/v2\/pages\/44406"}],"wp:featuredmedia":[{"embeddable":true,"href":"https:\/\/bien-etreiris.ch\/de\/wp-json\/wp\/v2\/media\/47133"}],"wp:attachment":[{"href":"https:\/\/bien-etreiris.ch\/de\/wp-json\/wp\/v2\/media?parent=47135"}],"curies":[{"name":"wp","href":"https:\/\/api.w.org\/{rel}","templated":true}]}}